{"id":209062,"date":"2025-07-15T16:22:49","date_gmt":"2025-07-15T14:22:49","guid":{"rendered":"https:\/\/rendez-vous-store.com\/?post_type=product&#038;p=209062"},"modified":"2026-03-16T19:11:48","modified_gmt":"2026-03-16T18:11:48","slug":"pas-de-calais-eco-wool-herringbone-semi-flared-skirt-beige","status":"publish","type":"product","link":"https:\/\/rendez-vous-store.com\/fr\/shop\/special-offer-women-rendez-vous-store\/women-trousers-special-offer\/pas-de-calais-eco-wool-herringbone-semi-flared-skirt-beige\/","title":{"rendered":"Pas De Calais \u2013 Jupe semi-\u00e9vas\u00e9e \u00e0 chevrons ECO WOOL 13-50-7382 \u2013 Beige"},"content":{"rendered":"<p><strong>Pas De Calais Jupe semi-\u00e9vas\u00e9e \u00e0 chevrons ECO WOOL 13-50-7382 Beige<\/strong><\/p>\n<p>Couleur : Beige<\/p>\n<p>Fermeture par boutons<\/p>\n<p>Coupe ample<\/p>\n<p>Composition: 60% Laine, 30% Polyester, 4% Acrylique, 3% Rayon, 3% Nylon<\/p>\n<p>Fabriqu\u00e9 au Japon<\/p>\n<p>&nbsp;<\/p>\n<p><strong>Les mesures :\u00a0<\/strong><\/p>\n<p>Taille XS: Taille: 34cm, Hanches: 56cm, Longueur: 75cm<\/p>\n<p>Taille S: Taille: 36cm, Hanches: 59cm, Longueur: 78cm<\/p>\n<p>&nbsp;<\/p>\n<p>&nbsp;<\/p>\n<p>&nbsp;<\/p>\n<p><strong>La marque\u00a0<\/strong><\/p>\n<p>Le Pas de Calais se distingue par son approche artisanale et sa passion pour les mat\u00e9riaux de qualit\u00e9. La marque propose des collections qui allient sophistication et simplicit\u00e9. Les cr\u00e9ations refl\u00e8tent une harmonie entre des lignes \u00e9pur\u00e9es et des d\u00e9tails subtils.<\/p>\n<p>Avec une essence de puret\u00e9 et de nostalgie, le Pas de Calais cr\u00e9e un univers contemporain romantique \u00e0 travers un design moderne et d\u00e9contract\u00e9.<\/p>\n<p>En combinant une vari\u00e9t\u00e9 de techniques traditionnelles de teinture et de techniques avanc\u00e9es avec le coton, le lin et la soie, le Pas de Calais d\u00e9veloppe ses propres textiles originaux. Les cr\u00e9ateurs composent harmonieusement des mati\u00e8res naturelles pour cr\u00e9er des collections confortables et agr\u00e9ables \u00e0 porter.<\/p>","protected":false},"excerpt":{"rendered":"<p>Pas De Calais ECO WOOL Herringbone Semi Flared Skirt 13-50-7382 Beige Color: Beige Buttons Closure Relax Fit Composition: 60% Wool &#8211; 30% Polyester &#8211; 4% Acrylic &#8211; 3% Rayon &#8211; 3% Nylon Made In Japan &nbsp; The measurements:\u00a0 Size XS: Waist: 34cm, Hip: 56cm, Length: 75cm Size S: 36cm, Hip: 59cm, Length: 78cm &nbsp; &nbsp;&hellip; <a class=\"more-link\" href=\"https:\/\/rendez-vous-store.com\/fr\/shop\/special-offer-women-rendez-vous-store\/women-trousers-special-offer\/pas-de-calais-eco-wool-herringbone-semi-flared-skirt-beige\/\">Continuer la lecture <span class=\"screen-reader-text\">Pas De Calais \u2013 Jupe semi-\u00e9vas\u00e9e \u00e0 chevrons ECO WOOL 13-50-7382 \u2013 Beige<\/span><\/a><\/p>","protected":false},"featured_media":209868,"template":"","meta":{"_acf_changed":false},"product_brand":[],"product_cat":[1292,1335,1341,17,182],"product_tag":[684],"class_list":{"0":"post-209062","1":"product","2":"type-product","3":"status-publish","4":"has-post-thumbnail","6":"product_cat-1292","7":"product_cat-special-offer-women-rendez-vous-store","8":"product_cat-women-trousers-special-offer","9":"product_cat-women","10":"product_cat-trousers-skirts-discover-our-selection-rendez-vous-store","11":"product_tag-pas-de-calais","12":"entry","14":"first","15":"instock","16":"taxable","17":"shipping-taxable","18":"purchasable","19":"product-type-variable"},"acf":[],"yoast_head":"<!-- This site is optimized with the Yoast SEO plugin v24.9 - https:\/\/yoast.com\/wordpress\/plugins\/seo\/ -->\n<title>Pas De Calais - ECO WOOL Herringbone Semi Flared Skirt - Beige<\/title>\n<meta name=\"description\" content=\"This Pas De Calais ECO WOOL Herringbone Semi Flared Skirt Beige combines a variety of traditional dyeing and advanced techniques. Discover now.\" \/>\n<meta name=\"robots\" content=\"index, follow, max-snippet:-1, max-image-preview:large, max-video-preview:-1\" \/>\n<link rel=\"canonical\" href=\"https:\/\/rendez-vous-store.com\/fr\/shop\/special-offer-women-rendez-vous-store\/women-trousers-special-offer\/pas-de-calais-eco-wool-herringbone-semi-flared-skirt-beige\/\" \/>\n<meta property=\"og:locale\" content=\"fr_FR\" \/>\n<meta property=\"og:type\" content=\"article\" \/>\n<meta property=\"og:title\" content=\"Pas De Calais - ECO WOOL Herringbone Semi Flared Skirt - Beige\" \/>\n<meta property=\"og:description\" content=\"This Pas De Calais ECO WOOL Herringbone Semi Flared Skirt Beige combines a variety of traditional dyeing and advanced techniques. Discover now.\" \/>\n<meta property=\"og:url\" content=\"https:\/\/rendez-vous-store.com\/fr\/shop\/special-offer-women-rendez-vous-store\/women-trousers-special-offer\/pas-de-calais-eco-wool-herringbone-semi-flared-skirt-beige\/\" \/>\n<meta property=\"og:site_name\" content=\"RENDEZ-VOUS STORE\" \/>\n<meta property=\"article:modified_time\" content=\"2026-03-16T18:11:48+00:00\" \/>\n<meta property=\"og:image\" content=\"https:\/\/rendez-vous-store.com\/app\/uploads\/2025\/07\/IMG_0243_15_11zon-scaled.webp\" \/>\n\t<meta property=\"og:image:width\" content=\"1707\" \/>\n\t<meta property=\"og:image:height\" content=\"2560\" \/>\n\t<meta property=\"og:image:type\" content=\"image\/webp\" \/>\n<meta name=\"twitter:card\" content=\"summary_large_image\" \/>\n<meta name=\"twitter:label1\" content=\"Est. reading time\" \/>\n\t<meta name=\"twitter:data1\" content=\"1 minute\" \/>\n<script type=\"application\/ld+json\" class=\"yoast-schema-graph\">{\"@context\":\"https:\/\/schema.org\",\"@graph\":[{\"@type\":\"WebPage\",\"@id\":\"https:\/\/rendez-vous-store.com\/shop\/special-offer-women-rendez-vous-store\/women-trousers-special-offer\/pas-de-calais-eco-wool-herringbone-semi-flared-skirt-beige\/\",\"url\":\"https:\/\/rendez-vous-store.com\/shop\/special-offer-women-rendez-vous-store\/women-trousers-special-offer\/pas-de-calais-eco-wool-herringbone-semi-flared-skirt-beige\/\",\"name\":\"Pas De Calais - ECO WOOL Herringbone Semi Flared Skirt - Beige\",\"isPartOf\":{\"@id\":\"https:\/\/rendez-vous-store.com\/#website\"},\"primaryImageOfPage\":{\"@id\":\"https:\/\/rendez-vous-store.com\/shop\/special-offer-women-rendez-vous-store\/women-trousers-special-offer\/pas-de-calais-eco-wool-herringbone-semi-flared-skirt-beige\/#primaryimage\"},\"image\":{\"@id\":\"https:\/\/rendez-vous-store.com\/shop\/special-offer-women-rendez-vous-store\/women-trousers-special-offer\/pas-de-calais-eco-wool-herringbone-semi-flared-skirt-beige\/#primaryimage\"},\"thumbnailUrl\":\"https:\/\/rendez-vous-store.com\/app\/uploads\/2025\/07\/IMG_0243_15_11zon-scaled.webp\",\"datePublished\":\"2025-07-15T14:22:49+00:00\",\"dateModified\":\"2026-03-16T18:11:48+00:00\",\"description\":\"This Pas De Calais ECO WOOL Herringbone Semi Flared Skirt Beige combines a variety of traditional dyeing and advanced techniques. Discover now.\",\"breadcrumb\":{\"@id\":\"https:\/\/rendez-vous-store.com\/shop\/special-offer-women-rendez-vous-store\/women-trousers-special-offer\/pas-de-calais-eco-wool-herringbone-semi-flared-skirt-beige\/#breadcrumb\"},\"inLanguage\":\"fr-FR\",\"potentialAction\":[{\"@type\":\"ReadAction\",\"target\":[\"https:\/\/rendez-vous-store.com\/shop\/special-offer-women-rendez-vous-store\/women-trousers-special-offer\/pas-de-calais-eco-wool-herringbone-semi-flared-skirt-beige\/\"]}]},{\"@type\":\"ImageObject\",\"inLanguage\":\"fr-FR\",\"@id\":\"https:\/\/rendez-vous-store.com\/shop\/special-offer-women-rendez-vous-store\/women-trousers-special-offer\/pas-de-calais-eco-wool-herringbone-semi-flared-skirt-beige\/#primaryimage\",\"url\":\"https:\/\/rendez-vous-store.com\/app\/uploads\/2025\/07\/IMG_0243_15_11zon-scaled.webp\",\"contentUrl\":\"https:\/\/rendez-vous-store.com\/app\/uploads\/2025\/07\/IMG_0243_15_11zon-scaled.webp\",\"width\":1707,\"height\":2560},{\"@type\":\"BreadcrumbList\",\"@id\":\"https:\/\/rendez-vous-store.com\/shop\/special-offer-women-rendez-vous-store\/women-trousers-special-offer\/pas-de-calais-eco-wool-herringbone-semi-flared-skirt-beige\/#breadcrumb\",\"itemListElement\":[{\"@type\":\"ListItem\",\"position\":1,\"name\":\"Home\",\"item\":\"https:\/\/rendez-vous-store.com\/\"},{\"@type\":\"ListItem\",\"position\":2,\"name\":\"Shop\",\"item\":\"https:\/\/www.rendez-vous-store.com\/shop\/\"},{\"@type\":\"ListItem\",\"position\":3,\"name\":\"Pas De Calais &#8211; ECO WOOL Herringbone Semi Flared Skirt 13-50-7382 &#8211; Beige\"}]},{\"@type\":\"WebSite\",\"@id\":\"https:\/\/rendez-vous-store.com\/#website\",\"url\":\"https:\/\/rendez-vous-store.com\/\",\"name\":\"RENDEZ-VOUS STORE\",\"description\":\"Slow Fashion for Women and Men\",\"potentialAction\":[{\"@type\":\"SearchAction\",\"target\":{\"@type\":\"EntryPoint\",\"urlTemplate\":\"https:\/\/rendez-vous-store.com\/?s={search_term_string}\"},\"query-input\":{\"@type\":\"PropertyValueSpecification\",\"valueRequired\":true,\"valueName\":\"search_term_string\"}}],\"inLanguage\":\"fr-FR\"}]}<\/script>\n<!-- \/ Yoast SEO plugin. -->","yoast_head_json":{"title":"Pas De Calais - ECO WOOL Herringbone Semi Flared Skirt - Beige","description":"This Pas De Calais ECO WOOL Herringbone Semi Flared Skirt Beige combines a variety of traditional dyeing and advanced techniques. Discover now.","robots":{"index":"index","follow":"follow","max-snippet":"max-snippet:-1","max-image-preview":"max-image-preview:large","max-video-preview":"max-video-preview:-1"},"canonical":"https:\/\/rendez-vous-store.com\/fr\/shop\/special-offer-women-rendez-vous-store\/women-trousers-special-offer\/pas-de-calais-eco-wool-herringbone-semi-flared-skirt-beige\/","og_locale":"fr_FR","og_type":"article","og_title":"Pas De Calais - ECO WOOL Herringbone Semi Flared Skirt - Beige","og_description":"This Pas De Calais ECO WOOL Herringbone Semi Flared Skirt Beige combines a variety of traditional dyeing and advanced techniques. Discover now.","og_url":"https:\/\/rendez-vous-store.com\/fr\/shop\/special-offer-women-rendez-vous-store\/women-trousers-special-offer\/pas-de-calais-eco-wool-herringbone-semi-flared-skirt-beige\/","og_site_name":"RENDEZ-VOUS STORE","article_modified_time":"2026-03-16T18:11:48+00:00","og_image":[{"width":1707,"height":2560,"url":"https:\/\/rendez-vous-store.com\/app\/uploads\/2025\/07\/IMG_0243_15_11zon-scaled.webp","type":"image\/webp"}],"twitter_card":"summary_large_image","twitter_misc":{"Est. reading time":"1 minute"},"schema":{"@context":"https:\/\/schema.org","@graph":[{"@type":"WebPage","@id":"https:\/\/rendez-vous-store.com\/shop\/special-offer-women-rendez-vous-store\/women-trousers-special-offer\/pas-de-calais-eco-wool-herringbone-semi-flared-skirt-beige\/","url":"https:\/\/rendez-vous-store.com\/shop\/special-offer-women-rendez-vous-store\/women-trousers-special-offer\/pas-de-calais-eco-wool-herringbone-semi-flared-skirt-beige\/","name":"Pas De Calais - ECO WOOL Herringbone Semi Flared Skirt - Beige","isPartOf":{"@id":"https:\/\/rendez-vous-store.com\/#website"},"primaryImageOfPage":{"@id":"https:\/\/rendez-vous-store.com\/shop\/special-offer-women-rendez-vous-store\/women-trousers-special-offer\/pas-de-calais-eco-wool-herringbone-semi-flared-skirt-beige\/#primaryimage"},"image":{"@id":"https:\/\/rendez-vous-store.com\/shop\/special-offer-women-rendez-vous-store\/women-trousers-special-offer\/pas-de-calais-eco-wool-herringbone-semi-flared-skirt-beige\/#primaryimage"},"thumbnailUrl":"https:\/\/rendez-vous-store.com\/app\/uploads\/2025\/07\/IMG_0243_15_11zon-scaled.webp","datePublished":"2025-07-15T14:22:49+00:00","dateModified":"2026-03-16T18:11:48+00:00","description":"This Pas De Calais ECO WOOL Herringbone Semi Flared Skirt Beige combines a variety of traditional dyeing and advanced techniques. Discover now.","breadcrumb":{"@id":"https:\/\/rendez-vous-store.com\/shop\/special-offer-women-rendez-vous-store\/women-trousers-special-offer\/pas-de-calais-eco-wool-herringbone-semi-flared-skirt-beige\/#breadcrumb"},"inLanguage":"fr-FR","potentialAction":[{"@type":"ReadAction","target":["https:\/\/rendez-vous-store.com\/shop\/special-offer-women-rendez-vous-store\/women-trousers-special-offer\/pas-de-calais-eco-wool-herringbone-semi-flared-skirt-beige\/"]}]},{"@type":"ImageObject","inLanguage":"fr-FR","@id":"https:\/\/rendez-vous-store.com\/shop\/special-offer-women-rendez-vous-store\/women-trousers-special-offer\/pas-de-calais-eco-wool-herringbone-semi-flared-skirt-beige\/#primaryimage","url":"https:\/\/rendez-vous-store.com\/app\/uploads\/2025\/07\/IMG_0243_15_11zon-scaled.webp","contentUrl":"https:\/\/rendez-vous-store.com\/app\/uploads\/2025\/07\/IMG_0243_15_11zon-scaled.webp","width":1707,"height":2560},{"@type":"BreadcrumbList","@id":"https:\/\/rendez-vous-store.com\/shop\/special-offer-women-rendez-vous-store\/women-trousers-special-offer\/pas-de-calais-eco-wool-herringbone-semi-flared-skirt-beige\/#breadcrumb","itemListElement":[{"@type":"ListItem","position":1,"name":"Home","item":"https:\/\/rendez-vous-store.com\/"},{"@type":"ListItem","position":2,"name":"Shop","item":"https:\/\/www.rendez-vous-store.com\/shop\/"},{"@type":"ListItem","position":3,"name":"Pas De Calais &#8211; ECO WOOL Herringbone Semi Flared Skirt 13-50-7382 &#8211; Beige"}]},{"@type":"WebSite","@id":"https:\/\/rendez-vous-store.com\/#website","url":"https:\/\/rendez-vous-store.com\/","name":"RENDEZ-VOUS STORE","description":"Slow Fashion for Women and Men","potentialAction":[{"@type":"SearchAction","target":{"@type":"EntryPoint","urlTemplate":"https:\/\/rendez-vous-store.com\/?s={search_term_string}"},"query-input":{"@type":"PropertyValueSpecification","valueRequired":true,"valueName":"search_term_string"}}],"inLanguage":"fr-FR"}]}},"_links":{"self":[{"href":"https:\/\/rendez-vous-store.com\/fr\/wp-json\/wp\/v2\/product\/209062","targetHints":{"allow":["GET"]}}],"collection":[{"href":"https:\/\/rendez-vous-store.com\/fr\/wp-json\/wp\/v2\/product"}],"about":[{"href":"https:\/\/rendez-vous-store.com\/fr\/wp-json\/wp\/v2\/types\/product"}],"wp:featuredmedia":[{"embeddable":true,"href":"https:\/\/rendez-vous-store.com\/fr\/wp-json\/wp\/v2\/media\/209868"}],"wp:attachment":[{"href":"https:\/\/rendez-vous-store.com\/fr\/wp-json\/wp\/v2\/media?parent=209062"}],"wp:term":[{"taxonomy":"product_brand","embeddable":true,"href":"https:\/\/rendez-vous-store.com\/fr\/wp-json\/wp\/v2\/product_brand?post=209062"},{"taxonomy":"product_cat","embeddable":true,"href":"https:\/\/rendez-vous-store.com\/fr\/wp-json\/wp\/v2\/product_cat?post=209062"},{"taxonomy":"product_tag","embeddable":true,"href":"https:\/\/rendez-vous-store.com\/fr\/wp-json\/wp\/v2\/product_tag?post=209062"}],"curies":[{"name":"wp","href":"https:\/\/api.w.org\/{rel}","templated":true}]}}