{"id":209005,"date":"2025-07-15T16:21:36","date_gmt":"2025-07-15T14:21:36","guid":{"rendered":"https:\/\/rendez-vous-store.com\/?post_type=product&#038;p=209005"},"modified":"2026-03-16T19:11:46","modified_gmt":"2026-03-16T18:11:46","slug":"pas-de-calais-gauze-jersey-mix-turtleneck-pullover-top-grey-rendez-vous-store","status":"publish","type":"product","link":"https:\/\/rendez-vous-store.com\/fr\/shop\/special-offer-women-rendez-vous-store\/women-knitwear-special-offer\/pas-de-calais-gauze-jersey-mix-turtleneck-pullover-top-grey-rendez-vous-store\/","title":{"rendered":"Pas-de-Calais \u2013 Pull \u00e0 col roul\u00e9 en jersey m\u00e9lang\u00e9 et gaze 13-50-1041 \u2013 Gris"},"content":{"rendered":"<p><strong>Pas-de-Calais Pull \u00e0 col roul\u00e9 en jersey m\u00e9lang\u00e9 et gaze 13-50-1041 Gris<\/strong><\/p>\n<p>Couleur : Gris sup\u00e9rieur<\/p>\n<p>Col roul\u00e9<\/p>\n<p>Manches longues<\/p>\n<p>Composition: 90% Coton, 10% Laine<\/p>\n<p>Fabriqu\u00e9 au Japon<\/p>\n<p>&nbsp;<\/p>\n<p><strong>La marque\u00a0<\/strong><\/p>\n<p>Le Pas de Calais se distingue par son approche artisanale et sa passion pour les mat\u00e9riaux de qualit\u00e9. La marque propose des collections qui allient sophistication et simplicit\u00e9. Les cr\u00e9ations refl\u00e8tent une harmonie entre des lignes \u00e9pur\u00e9es et des d\u00e9tails subtils.<\/p>\n<p>Avec une essence de puret\u00e9 et de nostalgie, le Pas de Calais cr\u00e9e un univers contemporain romantique \u00e0 travers un design moderne et d\u00e9contract\u00e9.<\/p>\n<p>En combinant une vari\u00e9t\u00e9 de techniques traditionnelles de teinture et de techniques avanc\u00e9es avec le coton, le lin et la soie, le Pas de Calais d\u00e9veloppe ses propres textiles originaux. Les cr\u00e9ateurs composent harmonieusement des mati\u00e8res naturelles pour cr\u00e9er des collections confortables et agr\u00e9ables \u00e0 porter.<\/p>","protected":false},"excerpt":{"rendered":"<p>Pas De Calais Gauze Jersey Mix Turtleneck Pullover 13-50-1041 Top Grey Color: Top Grey Turtleneck Long Sleeves Composition: 90% Cotton &#8211; 10%Wool Made In Japan &nbsp; The brand\u00a0 Pas de Calais stands out for its artisanal approach and passion for high-quality materials. The brand offers collections that combine sophistication and simplicity. The designs reflect a&hellip; <a class=\"more-link\" href=\"https:\/\/rendez-vous-store.com\/fr\/shop\/special-offer-women-rendez-vous-store\/women-knitwear-special-offer\/pas-de-calais-gauze-jersey-mix-turtleneck-pullover-top-grey-rendez-vous-store\/\">Continuer la lecture <span class=\"screen-reader-text\">Pas-de-Calais \u2013 Pull \u00e0 col roul\u00e9 en jersey m\u00e9lang\u00e9 et gaze 13-50-1041 \u2013 Gris<\/span><\/a><\/p>","protected":false},"featured_media":209877,"template":"","meta":{"_acf_changed":false},"product_brand":[],"product_cat":[1292,199,1338,1335,17],"product_tag":[684],"class_list":{"0":"post-209005","1":"product","2":"type-product","3":"status-publish","4":"has-post-thumbnail","6":"product_cat-1292","7":"product_cat-women-knitwears-discover-our-selection-rendez-vous-store","8":"product_cat-women-knitwear-special-offer","9":"product_cat-special-offer-women-rendez-vous-store","10":"product_cat-women","11":"product_tag-pas-de-calais","12":"entry","14":"first","15":"instock","16":"taxable","17":"shipping-taxable","18":"purchasable","19":"product-type-variable"},"acf":[],"yoast_head":"<!-- This site is optimized with the Yoast SEO plugin v24.9 - https:\/\/yoast.com\/wordpress\/plugins\/seo\/ -->\n<title>Pas De Calais - Gauze Jersey Mix Turtleneck Pullover Top Grey<\/title>\n<meta name=\"description\" content=\"This Pas De Calais Gauze Jersey Mix Turtleneck Pullover Top Grey combines a variety of traditional dyeing and advanced techniques. Discover now.\" \/>\n<meta name=\"robots\" content=\"index, follow, max-snippet:-1, max-image-preview:large, max-video-preview:-1\" \/>\n<link rel=\"canonical\" href=\"https:\/\/rendez-vous-store.com\/fr\/shop\/special-offer-women-rendez-vous-store\/women-knitwear-special-offer\/pas-de-calais-gauze-jersey-mix-turtleneck-pullover-top-grey-rendez-vous-store\/\" \/>\n<meta property=\"og:locale\" content=\"fr_FR\" \/>\n<meta property=\"og:type\" content=\"article\" \/>\n<meta property=\"og:title\" content=\"Pas De Calais - Gauze Jersey Mix Turtleneck Pullover Top Grey\" \/>\n<meta property=\"og:description\" content=\"This Pas De Calais Gauze Jersey Mix Turtleneck Pullover Top Grey combines a variety of traditional dyeing and advanced techniques. Discover now.\" \/>\n<meta property=\"og:url\" content=\"https:\/\/rendez-vous-store.com\/fr\/shop\/special-offer-women-rendez-vous-store\/women-knitwear-special-offer\/pas-de-calais-gauze-jersey-mix-turtleneck-pullover-top-grey-rendez-vous-store\/\" \/>\n<meta property=\"og:site_name\" content=\"RENDEZ-VOUS STORE\" \/>\n<meta property=\"article:modified_time\" content=\"2026-03-16T18:11:46+00:00\" \/>\n<meta property=\"og:image\" content=\"https:\/\/rendez-vous-store.com\/app\/uploads\/2025\/07\/IMG_0099_7_11zon-scaled.webp\" \/>\n\t<meta property=\"og:image:width\" content=\"1707\" \/>\n\t<meta property=\"og:image:height\" content=\"2560\" \/>\n\t<meta property=\"og:image:type\" content=\"image\/webp\" \/>\n<meta name=\"twitter:card\" content=\"summary_large_image\" \/>\n<meta name=\"twitter:label1\" content=\"Est. reading time\" \/>\n\t<meta name=\"twitter:data1\" content=\"1 minute\" \/>\n<script type=\"application\/ld+json\" class=\"yoast-schema-graph\">{\"@context\":\"https:\/\/schema.org\",\"@graph\":[{\"@type\":\"WebPage\",\"@id\":\"https:\/\/rendez-vous-store.com\/shop\/special-offer-women-rendez-vous-store\/women-knitwear-special-offer\/pas-de-calais-gauze-jersey-mix-turtleneck-pullover-top-grey-rendez-vous-store\/\",\"url\":\"https:\/\/rendez-vous-store.com\/shop\/special-offer-women-rendez-vous-store\/women-knitwear-special-offer\/pas-de-calais-gauze-jersey-mix-turtleneck-pullover-top-grey-rendez-vous-store\/\",\"name\":\"Pas De Calais - Gauze Jersey Mix Turtleneck Pullover Top Grey\",\"isPartOf\":{\"@id\":\"https:\/\/rendez-vous-store.com\/#website\"},\"primaryImageOfPage\":{\"@id\":\"https:\/\/rendez-vous-store.com\/shop\/special-offer-women-rendez-vous-store\/women-knitwear-special-offer\/pas-de-calais-gauze-jersey-mix-turtleneck-pullover-top-grey-rendez-vous-store\/#primaryimage\"},\"image\":{\"@id\":\"https:\/\/rendez-vous-store.com\/shop\/special-offer-women-rendez-vous-store\/women-knitwear-special-offer\/pas-de-calais-gauze-jersey-mix-turtleneck-pullover-top-grey-rendez-vous-store\/#primaryimage\"},\"thumbnailUrl\":\"https:\/\/rendez-vous-store.com\/app\/uploads\/2025\/07\/IMG_0099_7_11zon-scaled.webp\",\"datePublished\":\"2025-07-15T14:21:36+00:00\",\"dateModified\":\"2026-03-16T18:11:46+00:00\",\"description\":\"This Pas De Calais Gauze Jersey Mix Turtleneck Pullover Top Grey combines a variety of traditional dyeing and advanced techniques. Discover now.\",\"breadcrumb\":{\"@id\":\"https:\/\/rendez-vous-store.com\/shop\/special-offer-women-rendez-vous-store\/women-knitwear-special-offer\/pas-de-calais-gauze-jersey-mix-turtleneck-pullover-top-grey-rendez-vous-store\/#breadcrumb\"},\"inLanguage\":\"fr-FR\",\"potentialAction\":[{\"@type\":\"ReadAction\",\"target\":[\"https:\/\/rendez-vous-store.com\/shop\/special-offer-women-rendez-vous-store\/women-knitwear-special-offer\/pas-de-calais-gauze-jersey-mix-turtleneck-pullover-top-grey-rendez-vous-store\/\"]}]},{\"@type\":\"ImageObject\",\"inLanguage\":\"fr-FR\",\"@id\":\"https:\/\/rendez-vous-store.com\/shop\/special-offer-women-rendez-vous-store\/women-knitwear-special-offer\/pas-de-calais-gauze-jersey-mix-turtleneck-pullover-top-grey-rendez-vous-store\/#primaryimage\",\"url\":\"https:\/\/rendez-vous-store.com\/app\/uploads\/2025\/07\/IMG_0099_7_11zon-scaled.webp\",\"contentUrl\":\"https:\/\/rendez-vous-store.com\/app\/uploads\/2025\/07\/IMG_0099_7_11zon-scaled.webp\",\"width\":1707,\"height\":2560},{\"@type\":\"BreadcrumbList\",\"@id\":\"https:\/\/rendez-vous-store.com\/shop\/special-offer-women-rendez-vous-store\/women-knitwear-special-offer\/pas-de-calais-gauze-jersey-mix-turtleneck-pullover-top-grey-rendez-vous-store\/#breadcrumb\",\"itemListElement\":[{\"@type\":\"ListItem\",\"position\":1,\"name\":\"Home\",\"item\":\"https:\/\/rendez-vous-store.com\/\"},{\"@type\":\"ListItem\",\"position\":2,\"name\":\"Shop\",\"item\":\"https:\/\/www.rendez-vous-store.com\/shop\/\"},{\"@type\":\"ListItem\",\"position\":3,\"name\":\"Pas De Calais &#8211; Gauze Jersey Mix Turtleneck Pullover 13-50-1041 &#8211; Top Grey\"}]},{\"@type\":\"WebSite\",\"@id\":\"https:\/\/rendez-vous-store.com\/#website\",\"url\":\"https:\/\/rendez-vous-store.com\/\",\"name\":\"RENDEZ-VOUS STORE\",\"description\":\"Slow Fashion for Women and Men\",\"potentialAction\":[{\"@type\":\"SearchAction\",\"target\":{\"@type\":\"EntryPoint\",\"urlTemplate\":\"https:\/\/rendez-vous-store.com\/?s={search_term_string}\"},\"query-input\":{\"@type\":\"PropertyValueSpecification\",\"valueRequired\":true,\"valueName\":\"search_term_string\"}}],\"inLanguage\":\"fr-FR\"}]}<\/script>\n<!-- \/ Yoast SEO plugin. -->","yoast_head_json":{"title":"Pas De Calais - Gauze Jersey Mix Turtleneck Pullover Top Grey","description":"This Pas De Calais Gauze Jersey Mix Turtleneck Pullover Top Grey combines a variety of traditional dyeing and advanced techniques. Discover now.","robots":{"index":"index","follow":"follow","max-snippet":"max-snippet:-1","max-image-preview":"max-image-preview:large","max-video-preview":"max-video-preview:-1"},"canonical":"https:\/\/rendez-vous-store.com\/fr\/shop\/special-offer-women-rendez-vous-store\/women-knitwear-special-offer\/pas-de-calais-gauze-jersey-mix-turtleneck-pullover-top-grey-rendez-vous-store\/","og_locale":"fr_FR","og_type":"article","og_title":"Pas De Calais - Gauze Jersey Mix Turtleneck Pullover Top Grey","og_description":"This Pas De Calais Gauze Jersey Mix Turtleneck Pullover Top Grey combines a variety of traditional dyeing and advanced techniques. Discover now.","og_url":"https:\/\/rendez-vous-store.com\/fr\/shop\/special-offer-women-rendez-vous-store\/women-knitwear-special-offer\/pas-de-calais-gauze-jersey-mix-turtleneck-pullover-top-grey-rendez-vous-store\/","og_site_name":"RENDEZ-VOUS STORE","article_modified_time":"2026-03-16T18:11:46+00:00","og_image":[{"width":1707,"height":2560,"url":"https:\/\/rendez-vous-store.com\/app\/uploads\/2025\/07\/IMG_0099_7_11zon-scaled.webp","type":"image\/webp"}],"twitter_card":"summary_large_image","twitter_misc":{"Est. reading time":"1 minute"},"schema":{"@context":"https:\/\/schema.org","@graph":[{"@type":"WebPage","@id":"https:\/\/rendez-vous-store.com\/shop\/special-offer-women-rendez-vous-store\/women-knitwear-special-offer\/pas-de-calais-gauze-jersey-mix-turtleneck-pullover-top-grey-rendez-vous-store\/","url":"https:\/\/rendez-vous-store.com\/shop\/special-offer-women-rendez-vous-store\/women-knitwear-special-offer\/pas-de-calais-gauze-jersey-mix-turtleneck-pullover-top-grey-rendez-vous-store\/","name":"Pas De Calais - Gauze Jersey Mix Turtleneck Pullover Top Grey","isPartOf":{"@id":"https:\/\/rendez-vous-store.com\/#website"},"primaryImageOfPage":{"@id":"https:\/\/rendez-vous-store.com\/shop\/special-offer-women-rendez-vous-store\/women-knitwear-special-offer\/pas-de-calais-gauze-jersey-mix-turtleneck-pullover-top-grey-rendez-vous-store\/#primaryimage"},"image":{"@id":"https:\/\/rendez-vous-store.com\/shop\/special-offer-women-rendez-vous-store\/women-knitwear-special-offer\/pas-de-calais-gauze-jersey-mix-turtleneck-pullover-top-grey-rendez-vous-store\/#primaryimage"},"thumbnailUrl":"https:\/\/rendez-vous-store.com\/app\/uploads\/2025\/07\/IMG_0099_7_11zon-scaled.webp","datePublished":"2025-07-15T14:21:36+00:00","dateModified":"2026-03-16T18:11:46+00:00","description":"This Pas De Calais Gauze Jersey Mix Turtleneck Pullover Top Grey combines a variety of traditional dyeing and advanced techniques. Discover now.","breadcrumb":{"@id":"https:\/\/rendez-vous-store.com\/shop\/special-offer-women-rendez-vous-store\/women-knitwear-special-offer\/pas-de-calais-gauze-jersey-mix-turtleneck-pullover-top-grey-rendez-vous-store\/#breadcrumb"},"inLanguage":"fr-FR","potentialAction":[{"@type":"ReadAction","target":["https:\/\/rendez-vous-store.com\/shop\/special-offer-women-rendez-vous-store\/women-knitwear-special-offer\/pas-de-calais-gauze-jersey-mix-turtleneck-pullover-top-grey-rendez-vous-store\/"]}]},{"@type":"ImageObject","inLanguage":"fr-FR","@id":"https:\/\/rendez-vous-store.com\/shop\/special-offer-women-rendez-vous-store\/women-knitwear-special-offer\/pas-de-calais-gauze-jersey-mix-turtleneck-pullover-top-grey-rendez-vous-store\/#primaryimage","url":"https:\/\/rendez-vous-store.com\/app\/uploads\/2025\/07\/IMG_0099_7_11zon-scaled.webp","contentUrl":"https:\/\/rendez-vous-store.com\/app\/uploads\/2025\/07\/IMG_0099_7_11zon-scaled.webp","width":1707,"height":2560},{"@type":"BreadcrumbList","@id":"https:\/\/rendez-vous-store.com\/shop\/special-offer-women-rendez-vous-store\/women-knitwear-special-offer\/pas-de-calais-gauze-jersey-mix-turtleneck-pullover-top-grey-rendez-vous-store\/#breadcrumb","itemListElement":[{"@type":"ListItem","position":1,"name":"Home","item":"https:\/\/rendez-vous-store.com\/"},{"@type":"ListItem","position":2,"name":"Shop","item":"https:\/\/www.rendez-vous-store.com\/shop\/"},{"@type":"ListItem","position":3,"name":"Pas De Calais &#8211; Gauze Jersey Mix Turtleneck Pullover 13-50-1041 &#8211; Top Grey"}]},{"@type":"WebSite","@id":"https:\/\/rendez-vous-store.com\/#website","url":"https:\/\/rendez-vous-store.com\/","name":"RENDEZ-VOUS STORE","description":"Slow Fashion for Women and Men","potentialAction":[{"@type":"SearchAction","target":{"@type":"EntryPoint","urlTemplate":"https:\/\/rendez-vous-store.com\/?s={search_term_string}"},"query-input":{"@type":"PropertyValueSpecification","valueRequired":true,"valueName":"search_term_string"}}],"inLanguage":"fr-FR"}]}},"_links":{"self":[{"href":"https:\/\/rendez-vous-store.com\/fr\/wp-json\/wp\/v2\/product\/209005","targetHints":{"allow":["GET"]}}],"collection":[{"href":"https:\/\/rendez-vous-store.com\/fr\/wp-json\/wp\/v2\/product"}],"about":[{"href":"https:\/\/rendez-vous-store.com\/fr\/wp-json\/wp\/v2\/types\/product"}],"wp:featuredmedia":[{"embeddable":true,"href":"https:\/\/rendez-vous-store.com\/fr\/wp-json\/wp\/v2\/media\/209877"}],"wp:attachment":[{"href":"https:\/\/rendez-vous-store.com\/fr\/wp-json\/wp\/v2\/media?parent=209005"}],"wp:term":[{"taxonomy":"product_brand","embeddable":true,"href":"https:\/\/rendez-vous-store.com\/fr\/wp-json\/wp\/v2\/product_brand?post=209005"},{"taxonomy":"product_cat","embeddable":true,"href":"https:\/\/rendez-vous-store.com\/fr\/wp-json\/wp\/v2\/product_cat?post=209005"},{"taxonomy":"product_tag","embeddable":true,"href":"https:\/\/rendez-vous-store.com\/fr\/wp-json\/wp\/v2\/product_tag?post=209005"}],"curies":[{"name":"wp","href":"https:\/\/api.w.org\/{rel}","templated":true}]}}