{"id":208546,"date":"2025-07-10T09:54:45","date_gmt":"2025-07-10T07:54:45","guid":{"rendered":"https:\/\/rendez-vous-store.com\/?post_type=product&#038;p=208546"},"modified":"2026-03-16T19:15:34","modified_gmt":"2026-03-16T18:15:34","slug":"cellar-door-ezio-wf925-caramello-rendez-vous-store","status":"publish","type":"product","link":"https:\/\/rendez-vous-store.com\/fr\/shop\/special-offer-men-rendez-vous-store\/men-trousers-special-offer-rendez-vous-store\/cellar-door-ezio-wf925-caramello-rendez-vous-store\/","title":{"rendered":"Cellar Door \u2013 EZIO WF925 \u2013 Caramello"},"content":{"rendered":"<p><strong>Porte de cave EZIO WF925 Caramello<\/strong><\/p>\n<p>Couleur : Caramello<\/p>\n<p>Taille \u00e9lastique<\/p>\n<p>C\u00f4tel\u00e9e<\/p>\n<p>Composition : 98% Coton - 2% Elasthanne<\/p>\n<p>Fabriqu\u00e9 en Italie<\/p>\n<p>&nbsp;<\/p>\n<p><strong>Les mesures :\u00a0<\/strong><\/p>\n<p>Taille S : Taille : 34 cm, Hanche : 62 cm, Cuisse : 33 cm, Entrejambe : 81 cm, Longueur : 106 cm<\/p>\n<p>Taille M : Tour de taille : 36 cm, Tour de hanches : 65 cm, Tour de cuisse : 37 cm, Entrejambe : 83 cm, Longueur : 109 cm<\/p>\n<p>Taille L\u00a0: Taille\u00a0: 38\u00a0cm, hanches\u00a0: 66\u00a0cm, cuisse\u00a0: 38\u00a0cm, entrejambe\u00a0: 84\u00a0cm, longueur\u00a0: 110\u00a0cm<\/p>\n<p>Taille XL : Taille : 40 cm, Hanches : 67 cm, Cuisse : 39 cm, Entrejambe : 85 cm, Longueur : 112 cm<\/p>\n<p>&nbsp;<\/p>\n<p>&nbsp;<\/p>\n<p>&nbsp;<\/p>\n<p>&nbsp;<\/p>\n<p><strong>La marque<\/strong><\/p>\n<p>Incarnant l'essence de l'excellence artisanale de troisi\u00e8me g\u00e9n\u00e9ration, fabriqu\u00e9e en Italie, Cellar Door est plus qu'une marque ; c'est une manifestation de tradition, de passion et d'\u00e9nergie cr\u00e9ative. Mais la mission de Cellar Door va au-del\u00e0 de la mode ; il s'agit de r\u00e9imaginer la cha\u00eene de production, en fusionnant les consid\u00e9rations \u00e9thiques et \u00e9cologiques pour cr\u00e9er une industrie durable qui r\u00e9sonne avec la soci\u00e9t\u00e9, l'artisanat et les communaut\u00e9s locales. Cet engagement en faveur de pratiques responsables se retrouve dans tous les aspects des activit\u00e9s de Cellar Door, qu'il s'agisse de s'approvisionner en tissus aupr\u00e8s de fournisseurs responsables ou de s'engager activement aupr\u00e8s des clients, des fournisseurs et des d\u00e9taillants pour leur faire partager son \u00e9thique.<\/p>","protected":false},"excerpt":{"rendered":"<p>Cellar Door EZIO WF925 Caramello Color: Caramello Elastic Waist Ribbed Composition: 98% Cotton &#8211; 2% Elastane Made in Italy &nbsp; The measurements:\u00a0 Size S: Waist: 34cm, Hip: 62cm, Thigh: 33cm, Inseam: 81cm, Length: 106cm Size M: Waist: 36cm, Hip: 65cm, Thigh: 37cm, Inseam: 83cm, Length: 109cm Size L: Waist: 38cm, Hip: 66cm, Thigh: 38cm, Inseam:&hellip; <a class=\"more-link\" href=\"https:\/\/rendez-vous-store.com\/fr\/shop\/special-offer-men-rendez-vous-store\/men-trousers-special-offer-rendez-vous-store\/cellar-door-ezio-wf925-caramello-rendez-vous-store\/\">Continuer la lecture <span class=\"screen-reader-text\">Cellar Door \u2013 EZIO WF925 \u2013 Caramello<\/span><\/a><\/p>","protected":false},"featured_media":208954,"template":"","meta":{"_acf_changed":false},"product_brand":[],"product_cat":[1292,1350,1359,302,20,73],"product_tag":[1162],"class_list":{"0":"post-208546","1":"product","2":"type-product","3":"status-publish","4":"has-post-thumbnail","6":"product_cat-1292","7":"product_cat-special-offer-men-rendez-vous-store","8":"product_cat-men-trousers-special-offer-rendez-vous-store","9":"product_cat-rdvs-selection-men-rendez-vous-store-rendez-vous-store","10":"product_cat-men-selection-discover-our-selection-rendez-vous-store","11":"product_cat-trousers-shorts-rendez-vous-store","12":"product_tag-cellar-door-designers-rendez-vous-store","13":"entry","15":"first","16":"outofstock","17":"taxable","18":"shipping-taxable","19":"product-type-variable"},"acf":[],"yoast_head":"<!-- This site is optimized with the Yoast SEO plugin v24.9 - https:\/\/yoast.com\/wordpress\/plugins\/seo\/ -->\n<title>Cellar Door - EZIO WF925 Caramello<\/title>\n<meta name=\"description\" content=\"This Cellar Door EZIO WF925 Caramello embodies the tradition, passion and creative energy of the brand. Discover now.\" \/>\n<meta name=\"robots\" content=\"index, follow, max-snippet:-1, max-image-preview:large, max-video-preview:-1\" \/>\n<link rel=\"canonical\" href=\"https:\/\/rendez-vous-store.com\/fr\/shop\/special-offer-men-rendez-vous-store\/men-trousers-special-offer-rendez-vous-store\/cellar-door-ezio-wf925-caramello-rendez-vous-store\/\" \/>\n<meta property=\"og:locale\" content=\"fr_FR\" \/>\n<meta property=\"og:type\" content=\"article\" \/>\n<meta property=\"og:title\" content=\"Cellar Door - EZIO WF925 Caramello\" \/>\n<meta property=\"og:description\" content=\"This Cellar Door EZIO WF925 Caramello embodies the tradition, passion and creative energy of the brand. Discover now.\" \/>\n<meta property=\"og:url\" content=\"https:\/\/rendez-vous-store.com\/fr\/shop\/special-offer-men-rendez-vous-store\/men-trousers-special-offer-rendez-vous-store\/cellar-door-ezio-wf925-caramello-rendez-vous-store\/\" \/>\n<meta property=\"og:site_name\" content=\"RENDEZ-VOUS STORE\" \/>\n<meta property=\"article:modified_time\" content=\"2026-03-16T18:15:34+00:00\" \/>\n<meta property=\"og:image\" content=\"https:\/\/rendez-vous-store.com\/app\/uploads\/2025\/07\/rdv_cellar_09-scaled.webp\" \/>\n\t<meta property=\"og:image:width\" content=\"1696\" \/>\n\t<meta property=\"og:image:height\" content=\"2560\" \/>\n\t<meta property=\"og:image:type\" content=\"image\/webp\" \/>\n<meta name=\"twitter:card\" content=\"summary_large_image\" \/>\n<meta name=\"twitter:label1\" content=\"Est. reading time\" \/>\n\t<meta name=\"twitter:data1\" content=\"1 minute\" \/>\n<script type=\"application\/ld+json\" class=\"yoast-schema-graph\">{\"@context\":\"https:\/\/schema.org\",\"@graph\":[{\"@type\":\"WebPage\",\"@id\":\"https:\/\/rendez-vous-store.com\/shop\/special-offer-men-rendez-vous-store\/men-trousers-special-offer-rendez-vous-store\/cellar-door-ezio-wf925-caramello-rendez-vous-store\/\",\"url\":\"https:\/\/rendez-vous-store.com\/shop\/special-offer-men-rendez-vous-store\/men-trousers-special-offer-rendez-vous-store\/cellar-door-ezio-wf925-caramello-rendez-vous-store\/\",\"name\":\"Cellar Door - EZIO WF925 Caramello\",\"isPartOf\":{\"@id\":\"https:\/\/rendez-vous-store.com\/#website\"},\"primaryImageOfPage\":{\"@id\":\"https:\/\/rendez-vous-store.com\/shop\/special-offer-men-rendez-vous-store\/men-trousers-special-offer-rendez-vous-store\/cellar-door-ezio-wf925-caramello-rendez-vous-store\/#primaryimage\"},\"image\":{\"@id\":\"https:\/\/rendez-vous-store.com\/shop\/special-offer-men-rendez-vous-store\/men-trousers-special-offer-rendez-vous-store\/cellar-door-ezio-wf925-caramello-rendez-vous-store\/#primaryimage\"},\"thumbnailUrl\":\"https:\/\/rendez-vous-store.com\/app\/uploads\/2025\/07\/rdv_cellar_09-scaled.webp\",\"datePublished\":\"2025-07-10T07:54:45+00:00\",\"dateModified\":\"2026-03-16T18:15:34+00:00\",\"description\":\"This Cellar Door EZIO WF925 Caramello embodies the tradition, passion and creative energy of the brand. Discover now.\",\"breadcrumb\":{\"@id\":\"https:\/\/rendez-vous-store.com\/shop\/special-offer-men-rendez-vous-store\/men-trousers-special-offer-rendez-vous-store\/cellar-door-ezio-wf925-caramello-rendez-vous-store\/#breadcrumb\"},\"inLanguage\":\"fr-FR\",\"potentialAction\":[{\"@type\":\"ReadAction\",\"target\":[\"https:\/\/rendez-vous-store.com\/shop\/special-offer-men-rendez-vous-store\/men-trousers-special-offer-rendez-vous-store\/cellar-door-ezio-wf925-caramello-rendez-vous-store\/\"]}]},{\"@type\":\"ImageObject\",\"inLanguage\":\"fr-FR\",\"@id\":\"https:\/\/rendez-vous-store.com\/shop\/special-offer-men-rendez-vous-store\/men-trousers-special-offer-rendez-vous-store\/cellar-door-ezio-wf925-caramello-rendez-vous-store\/#primaryimage\",\"url\":\"https:\/\/rendez-vous-store.com\/app\/uploads\/2025\/07\/rdv_cellar_09-scaled.webp\",\"contentUrl\":\"https:\/\/rendez-vous-store.com\/app\/uploads\/2025\/07\/rdv_cellar_09-scaled.webp\",\"width\":1696,\"height\":2560,\"caption\":\"Cellar Door - EZIO WF925 - Caramello\"},{\"@type\":\"BreadcrumbList\",\"@id\":\"https:\/\/rendez-vous-store.com\/shop\/special-offer-men-rendez-vous-store\/men-trousers-special-offer-rendez-vous-store\/cellar-door-ezio-wf925-caramello-rendez-vous-store\/#breadcrumb\",\"itemListElement\":[{\"@type\":\"ListItem\",\"position\":1,\"name\":\"Home\",\"item\":\"https:\/\/rendez-vous-store.com\/\"},{\"@type\":\"ListItem\",\"position\":2,\"name\":\"Shop\",\"item\":\"https:\/\/www.rendez-vous-store.com\/shop\/\"},{\"@type\":\"ListItem\",\"position\":3,\"name\":\"Cellar Door &#8211; EZIO WF925 &#8211; Caramello\"}]},{\"@type\":\"WebSite\",\"@id\":\"https:\/\/rendez-vous-store.com\/#website\",\"url\":\"https:\/\/rendez-vous-store.com\/\",\"name\":\"RENDEZ-VOUS STORE\",\"description\":\"Slow Fashion for Women and Men\",\"potentialAction\":[{\"@type\":\"SearchAction\",\"target\":{\"@type\":\"EntryPoint\",\"urlTemplate\":\"https:\/\/rendez-vous-store.com\/?s={search_term_string}\"},\"query-input\":{\"@type\":\"PropertyValueSpecification\",\"valueRequired\":true,\"valueName\":\"search_term_string\"}}],\"inLanguage\":\"fr-FR\"}]}<\/script>\n<!-- \/ Yoast SEO plugin. -->","yoast_head_json":{"title":"Cellar Door - EZIO WF925 Caramello","description":"This Cellar Door EZIO WF925 Caramello embodies the tradition, passion and creative energy of the brand. Discover now.","robots":{"index":"index","follow":"follow","max-snippet":"max-snippet:-1","max-image-preview":"max-image-preview:large","max-video-preview":"max-video-preview:-1"},"canonical":"https:\/\/rendez-vous-store.com\/fr\/shop\/special-offer-men-rendez-vous-store\/men-trousers-special-offer-rendez-vous-store\/cellar-door-ezio-wf925-caramello-rendez-vous-store\/","og_locale":"fr_FR","og_type":"article","og_title":"Cellar Door - EZIO WF925 Caramello","og_description":"This Cellar Door EZIO WF925 Caramello embodies the tradition, passion and creative energy of the brand. Discover now.","og_url":"https:\/\/rendez-vous-store.com\/fr\/shop\/special-offer-men-rendez-vous-store\/men-trousers-special-offer-rendez-vous-store\/cellar-door-ezio-wf925-caramello-rendez-vous-store\/","og_site_name":"RENDEZ-VOUS STORE","article_modified_time":"2026-03-16T18:15:34+00:00","og_image":[{"width":1696,"height":2560,"url":"https:\/\/rendez-vous-store.com\/app\/uploads\/2025\/07\/rdv_cellar_09-scaled.webp","type":"image\/webp"}],"twitter_card":"summary_large_image","twitter_misc":{"Est. reading time":"1 minute"},"schema":{"@context":"https:\/\/schema.org","@graph":[{"@type":"WebPage","@id":"https:\/\/rendez-vous-store.com\/shop\/special-offer-men-rendez-vous-store\/men-trousers-special-offer-rendez-vous-store\/cellar-door-ezio-wf925-caramello-rendez-vous-store\/","url":"https:\/\/rendez-vous-store.com\/shop\/special-offer-men-rendez-vous-store\/men-trousers-special-offer-rendez-vous-store\/cellar-door-ezio-wf925-caramello-rendez-vous-store\/","name":"Cellar Door - EZIO WF925 Caramello","isPartOf":{"@id":"https:\/\/rendez-vous-store.com\/#website"},"primaryImageOfPage":{"@id":"https:\/\/rendez-vous-store.com\/shop\/special-offer-men-rendez-vous-store\/men-trousers-special-offer-rendez-vous-store\/cellar-door-ezio-wf925-caramello-rendez-vous-store\/#primaryimage"},"image":{"@id":"https:\/\/rendez-vous-store.com\/shop\/special-offer-men-rendez-vous-store\/men-trousers-special-offer-rendez-vous-store\/cellar-door-ezio-wf925-caramello-rendez-vous-store\/#primaryimage"},"thumbnailUrl":"https:\/\/rendez-vous-store.com\/app\/uploads\/2025\/07\/rdv_cellar_09-scaled.webp","datePublished":"2025-07-10T07:54:45+00:00","dateModified":"2026-03-16T18:15:34+00:00","description":"This Cellar Door EZIO WF925 Caramello embodies the tradition, passion and creative energy of the brand. Discover now.","breadcrumb":{"@id":"https:\/\/rendez-vous-store.com\/shop\/special-offer-men-rendez-vous-store\/men-trousers-special-offer-rendez-vous-store\/cellar-door-ezio-wf925-caramello-rendez-vous-store\/#breadcrumb"},"inLanguage":"fr-FR","potentialAction":[{"@type":"ReadAction","target":["https:\/\/rendez-vous-store.com\/shop\/special-offer-men-rendez-vous-store\/men-trousers-special-offer-rendez-vous-store\/cellar-door-ezio-wf925-caramello-rendez-vous-store\/"]}]},{"@type":"ImageObject","inLanguage":"fr-FR","@id":"https:\/\/rendez-vous-store.com\/shop\/special-offer-men-rendez-vous-store\/men-trousers-special-offer-rendez-vous-store\/cellar-door-ezio-wf925-caramello-rendez-vous-store\/#primaryimage","url":"https:\/\/rendez-vous-store.com\/app\/uploads\/2025\/07\/rdv_cellar_09-scaled.webp","contentUrl":"https:\/\/rendez-vous-store.com\/app\/uploads\/2025\/07\/rdv_cellar_09-scaled.webp","width":1696,"height":2560,"caption":"Cellar Door - EZIO WF925 - Caramello"},{"@type":"BreadcrumbList","@id":"https:\/\/rendez-vous-store.com\/shop\/special-offer-men-rendez-vous-store\/men-trousers-special-offer-rendez-vous-store\/cellar-door-ezio-wf925-caramello-rendez-vous-store\/#breadcrumb","itemListElement":[{"@type":"ListItem","position":1,"name":"Home","item":"https:\/\/rendez-vous-store.com\/"},{"@type":"ListItem","position":2,"name":"Shop","item":"https:\/\/www.rendez-vous-store.com\/shop\/"},{"@type":"ListItem","position":3,"name":"Cellar Door &#8211; EZIO WF925 &#8211; Caramello"}]},{"@type":"WebSite","@id":"https:\/\/rendez-vous-store.com\/#website","url":"https:\/\/rendez-vous-store.com\/","name":"RENDEZ-VOUS STORE","description":"Slow Fashion for Women and Men","potentialAction":[{"@type":"SearchAction","target":{"@type":"EntryPoint","urlTemplate":"https:\/\/rendez-vous-store.com\/?s={search_term_string}"},"query-input":{"@type":"PropertyValueSpecification","valueRequired":true,"valueName":"search_term_string"}}],"inLanguage":"fr-FR"}]}},"_links":{"self":[{"href":"https:\/\/rendez-vous-store.com\/fr\/wp-json\/wp\/v2\/product\/208546","targetHints":{"allow":["GET"]}}],"collection":[{"href":"https:\/\/rendez-vous-store.com\/fr\/wp-json\/wp\/v2\/product"}],"about":[{"href":"https:\/\/rendez-vous-store.com\/fr\/wp-json\/wp\/v2\/types\/product"}],"wp:featuredmedia":[{"embeddable":true,"href":"https:\/\/rendez-vous-store.com\/fr\/wp-json\/wp\/v2\/media\/208954"}],"wp:attachment":[{"href":"https:\/\/rendez-vous-store.com\/fr\/wp-json\/wp\/v2\/media?parent=208546"}],"wp:term":[{"taxonomy":"product_brand","embeddable":true,"href":"https:\/\/rendez-vous-store.com\/fr\/wp-json\/wp\/v2\/product_brand?post=208546"},{"taxonomy":"product_cat","embeddable":true,"href":"https:\/\/rendez-vous-store.com\/fr\/wp-json\/wp\/v2\/product_cat?post=208546"},{"taxonomy":"product_tag","embeddable":true,"href":"https:\/\/rendez-vous-store.com\/fr\/wp-json\/wp\/v2\/product_tag?post=208546"}],"curies":[{"name":"wp","href":"https:\/\/api.w.org\/{rel}","templated":true}]}}