{"id":208393,"date":"2025-07-09T12:10:22","date_gmt":"2025-07-09T10:10:22","guid":{"rendered":"https:\/\/rendez-vous-store.com\/?post_type=product&#038;p=208393"},"modified":"2026-03-16T19:15:23","modified_gmt":"2026-03-16T18:15:23","slug":"sofie-dhoore-correggio-asymmetrical-button-up-jacket-woven-cardboard-rendez-vous-store","status":"publish","type":"product","link":"https:\/\/rendez-vous-store.com\/fr\/shop\/special-offer-women-rendez-vous-store\/women-coat-jacket-special-offer-rendez-vous-store\/sofie-dhoore-correggio-asymmetrical-button-up-jacket-woven-cardboard-rendez-vous-store\/","title":{"rendered":"Sofie D\u2019Hoore \u2013 CORREGGIO Veste asym\u00e9trique boutonn\u00e9e \u2013 CARDBOARD"},"content":{"rendered":"<p><strong>Sofie D\u2019Hoore CORREGGIO Veste asym\u00e9trique boutonn\u00e9e CARDBOARD<\/strong><\/p>\n<p>Couleur: Cardboard<\/p>\n<p>Coupe d\u00e9contract\u00e9e<\/p>\n<p>Manches longues<\/p>\n<p>Manches larges<\/p>\n<p>Fermeture par bouton<\/p>\n<p>Col classique<\/p>\n<p>Composition: 99% Laine, 1% Soie<\/p>\n<p>Fabriqu\u00e9 en Italie<\/p>\n<p>&nbsp;<\/p>\n<p><strong>Les mesures :<\/strong><\/p>\n<p>Taille S : \u00c9paules : 49 cm, Poitrine : 58 cm, Manches : 64 cm, Longueur : 75 cm, Emmanchures : 24 cm<\/p>\n<p>&nbsp;<\/p>\n<p>&nbsp;<\/p>\n<p>&nbsp;<\/p>\n<p>&nbsp;<\/p>\n<p>&nbsp;<\/p>\n<h4>La marque<\/h4>\n<p>Sophie D'Hoore est une c\u00e9l\u00e8bre cr\u00e9atrice de mode belge connue pour ses v\u00eatements f\u00e9minins minimalistes et sophistiqu\u00e9s. Avec une carri\u00e8re qui s'\u00e9tend sur plus de trois d\u00e9cennies, Sophie D'Hoore s'est impos\u00e9e comme une figure de proue de la mode. Elle a \u00e9t\u00e9 salu\u00e9e pour ses cr\u00e9ations intemporelles et son savoir-faire impeccable.<\/p>\n<div class=\"group\/conversation-turn relative flex w-full min-w-0 flex-col agent-turn\">\n<div class=\"flex-col gap-1 md:gap-3\">\n<div class=\"flex max-w-full flex-col flex-grow\">\n<div class=\"min-h-8 text-message flex w-full flex-col items-end gap-2 whitespace-normal break-words [.text-message+&amp;]:mt-5\" dir=\"auto\" data-message-author-role=\"assistant\" data-message-id=\"1415a201-821e-4543-9a6d-5463201cfb30\">\n<div class=\"flex w-full flex-col gap-1 empty:hidden first:pt-[3px]\">\n<div class=\"markdown prose w-full break-words dark:prose-invert light\">\n<p>La marque Sofie D'hoore est ax\u00e9e sur la qualit\u00e9, le confort et l'\u00e9l\u00e9gance discr\u00e8te. L'\u00e9quipe confectionne m\u00e9ticuleusement chaque v\u00eatement en utilisant les mat\u00e9riaux les plus fins et des techniques expertes. Il en r\u00e9sulte des pi\u00e8ces \u00e0 la fois luxueuses et faciles \u00e0 porter.<\/p>\n<p>L'esth\u00e9tique de Mme D'hoore se caract\u00e9rise par des lignes \u00e9pur\u00e9es, des silhouettes d\u00e9contract\u00e9es et des d\u00e9tails subtils. Elle cr\u00e9e des v\u00eatements qui allient sans effort polyvalence et modernit\u00e9. La collection comprend des manteaux et des pantalons impeccablement taill\u00e9s, des robes chics et des v\u00eatements s\u00e9par\u00e9s. Chaque pi\u00e8ce refl\u00e8te la sensibilit\u00e9 raffin\u00e9e et le go\u00fbt impeccable de D'hoore.<\/p>\n<p>Sofie D'hoore met \u00e9galement l'accent sur la durabilit\u00e9 et les pratiques de production \u00e9thiques. La marque privil\u00e9gie les mat\u00e9riaux et les m\u00e9thodes de production respectueux de l'environnement. Chaque v\u00eatement fait l'objet d'une attention particuli\u00e8re, tant pour les personnes que pour la plan\u00e8te.<\/p>\n<\/div>\n<\/div>\n<\/div>\n<\/div>\n<\/div>\n<\/div>","protected":false},"excerpt":{"rendered":"<p>Sofie D&#8217;Hoore CORREGGIO Asymmetrical button up jacket-WOVEN CARDBOARD Color: Cardboard Relaxed fit Long sleeves Wide sleeves Button closure Classic collar Composition: 99% Wool, 1% Silk Made in Italy &nbsp; The measurements: Size S: Shoulders: 49cm, Chest: 58cm, Sleeves: 64cm, Length: 75cm, Armholes: 24cm &nbsp; &nbsp; &nbsp; &nbsp; &nbsp; The Brand Sophie D&#8217;Hoore is a renowned&hellip; <a class=\"more-link\" href=\"https:\/\/rendez-vous-store.com\/fr\/shop\/special-offer-women-rendez-vous-store\/women-coat-jacket-special-offer-rendez-vous-store\/sofie-dhoore-correggio-asymmetrical-button-up-jacket-woven-cardboard-rendez-vous-store\/\">Continue reading <span class=\"screen-reader-text\">Sofie D\u2019Hoore \u2013 CORREGGIO Veste asym\u00e9trique boutonn\u00e9e \u2013 CARDBOARD<\/span><\/a><\/p>","protected":false},"featured_media":208628,"template":"","meta":{"_acf_changed":false},"product_brand":[],"product_cat":[1292,1336,1335,17,394],"product_tag":[711],"class_list":{"0":"post-208393","1":"product","2":"type-product","3":"status-publish","4":"has-post-thumbnail","6":"product_cat-1292","7":"product_cat-women-coat-jacket-special-offer-rendez-vous-store","8":"product_cat-special-offer-women-rendez-vous-store","9":"product_cat-women","10":"product_cat-women-coats-jackets-rendez-vous-store","11":"product_tag-sofie-dhoore-womenswear-rendez-vous-store","12":"entry","14":"first","15":"outofstock","16":"taxable","17":"shipping-taxable","18":"product-type-variable"},"acf":[],"yoast_head":"<!-- This site is optimized with the Yoast SEO plugin v24.9 - https:\/\/yoast.com\/wordpress\/plugins\/seo\/ -->\n<title>Sofie D&#039;Hoore CORREGGIO Asymmetrical button up jacket-WOVEN CARDBOARD<\/title>\n<meta name=\"description\" content=\"This Sofie D&#039;Hoore - CORREGGIO Asymmetrical button up jacket-WOVEN - CARDBOARD manifests the constant search for refinement the brand. Discover now.\" \/>\n<meta name=\"robots\" content=\"index, follow, max-snippet:-1, max-image-preview:large, max-video-preview:-1\" \/>\n<link rel=\"canonical\" href=\"https:\/\/rendez-vous-store.com\/fr\/shop\/special-offer-women-rendez-vous-store\/women-coat-jacket-special-offer-rendez-vous-store\/sofie-dhoore-correggio-asymmetrical-button-up-jacket-woven-cardboard-rendez-vous-store\/\" \/>\n<meta property=\"og:locale\" content=\"fr_FR\" \/>\n<meta property=\"og:type\" content=\"article\" \/>\n<meta property=\"og:title\" content=\"Sofie D&#039;Hoore CORREGGIO Asymmetrical button up jacket-WOVEN CARDBOARD\" \/>\n<meta property=\"og:description\" content=\"This Sofie D&#039;Hoore - CORREGGIO Asymmetrical button up jacket-WOVEN - CARDBOARD manifests the constant search for refinement the brand. Discover now.\" \/>\n<meta property=\"og:url\" content=\"https:\/\/rendez-vous-store.com\/fr\/shop\/special-offer-women-rendez-vous-store\/women-coat-jacket-special-offer-rendez-vous-store\/sofie-dhoore-correggio-asymmetrical-button-up-jacket-woven-cardboard-rendez-vous-store\/\" \/>\n<meta property=\"og:site_name\" content=\"RENDEZ-VOUS STORE\" \/>\n<meta property=\"article:modified_time\" content=\"2026-03-16T18:15:23+00:00\" \/>\n<meta property=\"og:image\" content=\"https:\/\/rendez-vous-store.com\/app\/uploads\/2025\/07\/IMG_8510_4_11zon-scaled.webp\" \/>\n\t<meta property=\"og:image:width\" content=\"1707\" \/>\n\t<meta property=\"og:image:height\" content=\"2560\" \/>\n\t<meta property=\"og:image:type\" content=\"image\/webp\" \/>\n<meta name=\"twitter:card\" content=\"summary_large_image\" \/>\n<meta name=\"twitter:label1\" content=\"Est. reading time\" \/>\n\t<meta name=\"twitter:data1\" content=\"2 minutes\" \/>\n<script type=\"application\/ld+json\" class=\"yoast-schema-graph\">{\"@context\":\"https:\/\/schema.org\",\"@graph\":[{\"@type\":\"WebPage\",\"@id\":\"https:\/\/rendez-vous-store.com\/shop\/special-offer-women-rendez-vous-store\/women-coat-jacket-special-offer-rendez-vous-store\/sofie-dhoore-correggio-asymmetrical-button-up-jacket-woven-cardboard-rendez-vous-store\/\",\"url\":\"https:\/\/rendez-vous-store.com\/shop\/special-offer-women-rendez-vous-store\/women-coat-jacket-special-offer-rendez-vous-store\/sofie-dhoore-correggio-asymmetrical-button-up-jacket-woven-cardboard-rendez-vous-store\/\",\"name\":\"Sofie D'Hoore CORREGGIO Asymmetrical button up jacket-WOVEN CARDBOARD\",\"isPartOf\":{\"@id\":\"https:\/\/rendez-vous-store.com\/#website\"},\"primaryImageOfPage\":{\"@id\":\"https:\/\/rendez-vous-store.com\/shop\/special-offer-women-rendez-vous-store\/women-coat-jacket-special-offer-rendez-vous-store\/sofie-dhoore-correggio-asymmetrical-button-up-jacket-woven-cardboard-rendez-vous-store\/#primaryimage\"},\"image\":{\"@id\":\"https:\/\/rendez-vous-store.com\/shop\/special-offer-women-rendez-vous-store\/women-coat-jacket-special-offer-rendez-vous-store\/sofie-dhoore-correggio-asymmetrical-button-up-jacket-woven-cardboard-rendez-vous-store\/#primaryimage\"},\"thumbnailUrl\":\"https:\/\/rendez-vous-store.com\/app\/uploads\/2025\/07\/IMG_8510_4_11zon-scaled.webp\",\"datePublished\":\"2025-07-09T10:10:22+00:00\",\"dateModified\":\"2026-03-16T18:15:23+00:00\",\"description\":\"This Sofie D'Hoore - CORREGGIO Asymmetrical button up jacket-WOVEN - CARDBOARD manifests the constant search for refinement the brand. Discover now.\",\"breadcrumb\":{\"@id\":\"https:\/\/rendez-vous-store.com\/shop\/special-offer-women-rendez-vous-store\/women-coat-jacket-special-offer-rendez-vous-store\/sofie-dhoore-correggio-asymmetrical-button-up-jacket-woven-cardboard-rendez-vous-store\/#breadcrumb\"},\"inLanguage\":\"fr-FR\",\"potentialAction\":[{\"@type\":\"ReadAction\",\"target\":[\"https:\/\/rendez-vous-store.com\/shop\/special-offer-women-rendez-vous-store\/women-coat-jacket-special-offer-rendez-vous-store\/sofie-dhoore-correggio-asymmetrical-button-up-jacket-woven-cardboard-rendez-vous-store\/\"]}]},{\"@type\":\"ImageObject\",\"inLanguage\":\"fr-FR\",\"@id\":\"https:\/\/rendez-vous-store.com\/shop\/special-offer-women-rendez-vous-store\/women-coat-jacket-special-offer-rendez-vous-store\/sofie-dhoore-correggio-asymmetrical-button-up-jacket-woven-cardboard-rendez-vous-store\/#primaryimage\",\"url\":\"https:\/\/rendez-vous-store.com\/app\/uploads\/2025\/07\/IMG_8510_4_11zon-scaled.webp\",\"contentUrl\":\"https:\/\/rendez-vous-store.com\/app\/uploads\/2025\/07\/IMG_8510_4_11zon-scaled.webp\",\"width\":1707,\"height\":2560},{\"@type\":\"BreadcrumbList\",\"@id\":\"https:\/\/rendez-vous-store.com\/shop\/special-offer-women-rendez-vous-store\/women-coat-jacket-special-offer-rendez-vous-store\/sofie-dhoore-correggio-asymmetrical-button-up-jacket-woven-cardboard-rendez-vous-store\/#breadcrumb\",\"itemListElement\":[{\"@type\":\"ListItem\",\"position\":1,\"name\":\"Home\",\"item\":\"https:\/\/rendez-vous-store.com\/\"},{\"@type\":\"ListItem\",\"position\":2,\"name\":\"Shop\",\"item\":\"https:\/\/www.rendez-vous-store.com\/shop\/\"},{\"@type\":\"ListItem\",\"position\":3,\"name\":\"Sofie D&#8217;Hoore &#8211; CORREGGIO Asymmetrical button up jacket-WOVEN &#8211; CARDBOARD\"}]},{\"@type\":\"WebSite\",\"@id\":\"https:\/\/rendez-vous-store.com\/#website\",\"url\":\"https:\/\/rendez-vous-store.com\/\",\"name\":\"RENDEZ-VOUS STORE\",\"description\":\"Slow Fashion for Women and Men\",\"potentialAction\":[{\"@type\":\"SearchAction\",\"target\":{\"@type\":\"EntryPoint\",\"urlTemplate\":\"https:\/\/rendez-vous-store.com\/?s={search_term_string}\"},\"query-input\":{\"@type\":\"PropertyValueSpecification\",\"valueRequired\":true,\"valueName\":\"search_term_string\"}}],\"inLanguage\":\"fr-FR\"}]}<\/script>\n<!-- \/ Yoast SEO plugin. -->","yoast_head_json":{"title":"Sofie D'Hoore CORREGGIO Asymmetrical button up jacket-WOVEN CARDBOARD","description":"This Sofie D'Hoore - CORREGGIO Asymmetrical button up jacket-WOVEN - CARDBOARD manifests the constant search for refinement the brand. Discover now.","robots":{"index":"index","follow":"follow","max-snippet":"max-snippet:-1","max-image-preview":"max-image-preview:large","max-video-preview":"max-video-preview:-1"},"canonical":"https:\/\/rendez-vous-store.com\/fr\/shop\/special-offer-women-rendez-vous-store\/women-coat-jacket-special-offer-rendez-vous-store\/sofie-dhoore-correggio-asymmetrical-button-up-jacket-woven-cardboard-rendez-vous-store\/","og_locale":"fr_FR","og_type":"article","og_title":"Sofie D'Hoore CORREGGIO Asymmetrical button up jacket-WOVEN CARDBOARD","og_description":"This Sofie D'Hoore - CORREGGIO Asymmetrical button up jacket-WOVEN - CARDBOARD manifests the constant search for refinement the brand. Discover now.","og_url":"https:\/\/rendez-vous-store.com\/fr\/shop\/special-offer-women-rendez-vous-store\/women-coat-jacket-special-offer-rendez-vous-store\/sofie-dhoore-correggio-asymmetrical-button-up-jacket-woven-cardboard-rendez-vous-store\/","og_site_name":"RENDEZ-VOUS STORE","article_modified_time":"2026-03-16T18:15:23+00:00","og_image":[{"width":1707,"height":2560,"url":"https:\/\/rendez-vous-store.com\/app\/uploads\/2025\/07\/IMG_8510_4_11zon-scaled.webp","type":"image\/webp"}],"twitter_card":"summary_large_image","twitter_misc":{"Est. reading time":"2 minutes"},"schema":{"@context":"https:\/\/schema.org","@graph":[{"@type":"WebPage","@id":"https:\/\/rendez-vous-store.com\/shop\/special-offer-women-rendez-vous-store\/women-coat-jacket-special-offer-rendez-vous-store\/sofie-dhoore-correggio-asymmetrical-button-up-jacket-woven-cardboard-rendez-vous-store\/","url":"https:\/\/rendez-vous-store.com\/shop\/special-offer-women-rendez-vous-store\/women-coat-jacket-special-offer-rendez-vous-store\/sofie-dhoore-correggio-asymmetrical-button-up-jacket-woven-cardboard-rendez-vous-store\/","name":"Sofie D'Hoore CORREGGIO Asymmetrical button up jacket-WOVEN CARDBOARD","isPartOf":{"@id":"https:\/\/rendez-vous-store.com\/#website"},"primaryImageOfPage":{"@id":"https:\/\/rendez-vous-store.com\/shop\/special-offer-women-rendez-vous-store\/women-coat-jacket-special-offer-rendez-vous-store\/sofie-dhoore-correggio-asymmetrical-button-up-jacket-woven-cardboard-rendez-vous-store\/#primaryimage"},"image":{"@id":"https:\/\/rendez-vous-store.com\/shop\/special-offer-women-rendez-vous-store\/women-coat-jacket-special-offer-rendez-vous-store\/sofie-dhoore-correggio-asymmetrical-button-up-jacket-woven-cardboard-rendez-vous-store\/#primaryimage"},"thumbnailUrl":"https:\/\/rendez-vous-store.com\/app\/uploads\/2025\/07\/IMG_8510_4_11zon-scaled.webp","datePublished":"2025-07-09T10:10:22+00:00","dateModified":"2026-03-16T18:15:23+00:00","description":"This Sofie D'Hoore - CORREGGIO Asymmetrical button up jacket-WOVEN - CARDBOARD manifests the constant search for refinement the brand. Discover now.","breadcrumb":{"@id":"https:\/\/rendez-vous-store.com\/shop\/special-offer-women-rendez-vous-store\/women-coat-jacket-special-offer-rendez-vous-store\/sofie-dhoore-correggio-asymmetrical-button-up-jacket-woven-cardboard-rendez-vous-store\/#breadcrumb"},"inLanguage":"fr-FR","potentialAction":[{"@type":"ReadAction","target":["https:\/\/rendez-vous-store.com\/shop\/special-offer-women-rendez-vous-store\/women-coat-jacket-special-offer-rendez-vous-store\/sofie-dhoore-correggio-asymmetrical-button-up-jacket-woven-cardboard-rendez-vous-store\/"]}]},{"@type":"ImageObject","inLanguage":"fr-FR","@id":"https:\/\/rendez-vous-store.com\/shop\/special-offer-women-rendez-vous-store\/women-coat-jacket-special-offer-rendez-vous-store\/sofie-dhoore-correggio-asymmetrical-button-up-jacket-woven-cardboard-rendez-vous-store\/#primaryimage","url":"https:\/\/rendez-vous-store.com\/app\/uploads\/2025\/07\/IMG_8510_4_11zon-scaled.webp","contentUrl":"https:\/\/rendez-vous-store.com\/app\/uploads\/2025\/07\/IMG_8510_4_11zon-scaled.webp","width":1707,"height":2560},{"@type":"BreadcrumbList","@id":"https:\/\/rendez-vous-store.com\/shop\/special-offer-women-rendez-vous-store\/women-coat-jacket-special-offer-rendez-vous-store\/sofie-dhoore-correggio-asymmetrical-button-up-jacket-woven-cardboard-rendez-vous-store\/#breadcrumb","itemListElement":[{"@type":"ListItem","position":1,"name":"Home","item":"https:\/\/rendez-vous-store.com\/"},{"@type":"ListItem","position":2,"name":"Shop","item":"https:\/\/www.rendez-vous-store.com\/shop\/"},{"@type":"ListItem","position":3,"name":"Sofie D&#8217;Hoore &#8211; CORREGGIO Asymmetrical button up jacket-WOVEN &#8211; CARDBOARD"}]},{"@type":"WebSite","@id":"https:\/\/rendez-vous-store.com\/#website","url":"https:\/\/rendez-vous-store.com\/","name":"RENDEZ-VOUS STORE","description":"Slow Fashion for Women and Men","potentialAction":[{"@type":"SearchAction","target":{"@type":"EntryPoint","urlTemplate":"https:\/\/rendez-vous-store.com\/?s={search_term_string}"},"query-input":{"@type":"PropertyValueSpecification","valueRequired":true,"valueName":"search_term_string"}}],"inLanguage":"fr-FR"}]}},"_links":{"self":[{"href":"https:\/\/rendez-vous-store.com\/fr\/wp-json\/wp\/v2\/product\/208393","targetHints":{"allow":["GET"]}}],"collection":[{"href":"https:\/\/rendez-vous-store.com\/fr\/wp-json\/wp\/v2\/product"}],"about":[{"href":"https:\/\/rendez-vous-store.com\/fr\/wp-json\/wp\/v2\/types\/product"}],"wp:featuredmedia":[{"embeddable":true,"href":"https:\/\/rendez-vous-store.com\/fr\/wp-json\/wp\/v2\/media\/208628"}],"wp:attachment":[{"href":"https:\/\/rendez-vous-store.com\/fr\/wp-json\/wp\/v2\/media?parent=208393"}],"wp:term":[{"taxonomy":"product_brand","embeddable":true,"href":"https:\/\/rendez-vous-store.com\/fr\/wp-json\/wp\/v2\/product_brand?post=208393"},{"taxonomy":"product_cat","embeddable":true,"href":"https:\/\/rendez-vous-store.com\/fr\/wp-json\/wp\/v2\/product_cat?post=208393"},{"taxonomy":"product_tag","embeddable":true,"href":"https:\/\/rendez-vous-store.com\/fr\/wp-json\/wp\/v2\/product_tag?post=208393"}],"curies":[{"name":"wp","href":"https:\/\/api.w.org\/{rel}","templated":true}]}}