{"id":207701,"date":"2025-06-19T14:53:09","date_gmt":"2025-06-19T12:53:09","guid":{"rendered":"https:\/\/rendez-vous-store.com\/?post_type=product&#038;p=207701"},"modified":"2026-03-16T19:15:39","modified_gmt":"2026-03-16T18:15:39","slug":"apuntob-jacket-p1846-ts887-forest-rendez-vous-store","status":"publish","type":"product","link":"https:\/\/rendez-vous-store.com\/fr\/shop\/special-offer-women-rendez-vous-store\/women-coat-jacket-special-offer-rendez-vous-store\/apuntob-jacket-p1846-ts887-forest-rendez-vous-store\/","title":{"rendered":"ApuntoB - Veste P1846\/TS887 - For\u00eat"},"content":{"rendered":"<p><strong>ApuntoB Veste P1846\/TS887 For\u00eat<\/strong><\/p>\n<p>Col classique<\/p>\n<p>Manches longues<\/p>\n<p>Fermeture par boutons<\/p>\n<p>Coupe ceintr\u00e9e<\/p>\n<p>Composition: 100% Laine polaire, Doublure: 100% Cotton<\/p>\n<p>Fabriqu\u00e9 en Italie<\/p>\n<p>&nbsp;<\/p>\n<h4>La marque<\/h4>\n<p>L'essence de l'\u00e9l\u00e9gance italienne se retrouve chez Apuntob, une marque distingu\u00e9e, r\u00e9put\u00e9e pour ses cr\u00e9ations intemporelles. Fond\u00e9e sur le principe que les v\u00eatements sont le reflet du style de vie et de l'identit\u00e9 de chacun, ApuntoB confectionne m\u00e9ticuleusement chaque pi\u00e8ce pour qu'elle incarne la simplicit\u00e9 et la sophistication.<\/p>\n<p>Au c\u0153ur de la philosophie d'ApuntoB se trouve un engagement ancr\u00e9 en faveur de la qualit\u00e9 et de l'artisanat. La qu\u00eate de perfection transpara\u00eet dans l\u2019exploration continue des mati\u00e8res et des silhouettes, ainsi que dans le soin minutieux accord\u00e9 \u00e0 chaque d\u00e9tail. \u00c0 chaque point de couture, ApuntoB s'efforce de cr\u00e9er des v\u00eatements qui transcendent les tendances \u00e9ph\u00e9m\u00e8res, offrant un style durable et une grande polyvalence.<\/p>","protected":false},"excerpt":{"rendered":"<p>ApuntoB Jacket P1846\/TS887 Forest Classic Collar Long Sleeves Buttons Closure Cropped Composition: 100% Fleece wool+ 100% Cotton Made In Italy &nbsp; The Brand Embrace the essence of Italian elegance with Apuntob, a distinguished brand renowned for its timeless creations. Founded on the principle that clothing is a reflection of one\u2019s lifestyle and identity, ApuntoB meticulously&hellip; <a class=\"more-link\" href=\"https:\/\/rendez-vous-store.com\/fr\/shop\/special-offer-women-rendez-vous-store\/women-coat-jacket-special-offer-rendez-vous-store\/apuntob-jacket-p1846-ts887-forest-rendez-vous-store\/\">Continuer la lecture <span class=\"screen-reader-text\">ApuntoB - Veste P1846\/TS887 - For\u00eat<\/span><\/a><\/p>","protected":false},"featured_media":208984,"template":"","meta":{"_acf_changed":false},"product_brand":[],"product_cat":[1271,1336,1335,17,394],"product_tag":[281],"class_list":{"0":"post-207701","1":"product","2":"type-product","3":"status-publish","4":"has-post-thumbnail","6":"product_cat-1271","7":"product_cat-women-coat-jacket-special-offer-rendez-vous-store","8":"product_cat-special-offer-women-rendez-vous-store","9":"product_cat-women","10":"product_cat-women-coats-jackets-rendez-vous-store","11":"product_tag-apuntob-rendez-vous-store","12":"entry","14":"first","15":"outofstock","16":"taxable","17":"shipping-taxable","18":"product-type-variable"},"acf":[],"yoast_head":"<!-- This site is optimized with the Yoast SEO plugin v24.9 - https:\/\/yoast.com\/wordpress\/plugins\/seo\/ -->\n<title>ApuntoB - Jacket P1846\/TS887 Forest<\/title>\n<meta name=\"description\" content=\"This ApuntoB Jacket P1846\/TS887 Forest is characterized by the endless research for beautiful shapes, fabrics and cuts by the brand. Discover now.\" \/>\n<meta name=\"robots\" content=\"index, follow, max-snippet:-1, max-image-preview:large, max-video-preview:-1\" \/>\n<link rel=\"canonical\" href=\"https:\/\/rendez-vous-store.com\/fr\/shop\/special-offer-women-rendez-vous-store\/women-coat-jacket-special-offer-rendez-vous-store\/apuntob-jacket-p1846-ts887-forest-rendez-vous-store\/\" \/>\n<meta property=\"og:locale\" content=\"fr_FR\" \/>\n<meta property=\"og:type\" content=\"article\" \/>\n<meta property=\"og:title\" content=\"ApuntoB - Jacket P1846\/TS887 Forest\" \/>\n<meta property=\"og:description\" content=\"This ApuntoB Jacket P1846\/TS887 Forest is characterized by the endless research for beautiful shapes, fabrics and cuts by the brand. Discover now.\" \/>\n<meta property=\"og:url\" content=\"https:\/\/rendez-vous-store.com\/fr\/shop\/special-offer-women-rendez-vous-store\/women-coat-jacket-special-offer-rendez-vous-store\/apuntob-jacket-p1846-ts887-forest-rendez-vous-store\/\" \/>\n<meta property=\"og:site_name\" content=\"RENDEZ-VOUS STORE\" \/>\n<meta property=\"article:modified_time\" content=\"2026-03-16T18:15:39+00:00\" \/>\n<meta property=\"og:image\" content=\"https:\/\/rendez-vous-store.com\/app\/uploads\/2025\/06\/IMG_8935-2_15_11zon-scaled.webp\" \/>\n\t<meta property=\"og:image:width\" content=\"1707\" \/>\n\t<meta property=\"og:image:height\" content=\"2560\" \/>\n\t<meta property=\"og:image:type\" content=\"image\/webp\" \/>\n<meta name=\"twitter:card\" content=\"summary_large_image\" \/>\n<meta name=\"twitter:label1\" content=\"Est. reading time\" \/>\n\t<meta name=\"twitter:data1\" content=\"1 minute\" \/>\n<script type=\"application\/ld+json\" class=\"yoast-schema-graph\">{\"@context\":\"https:\/\/schema.org\",\"@graph\":[{\"@type\":\"WebPage\",\"@id\":\"https:\/\/rendez-vous-store.com\/shop\/special-offer-women-rendez-vous-store\/women-coat-jacket-special-offer-rendez-vous-store\/apuntob-jacket-p1846-ts887-forest-rendez-vous-store\/\",\"url\":\"https:\/\/rendez-vous-store.com\/shop\/special-offer-women-rendez-vous-store\/women-coat-jacket-special-offer-rendez-vous-store\/apuntob-jacket-p1846-ts887-forest-rendez-vous-store\/\",\"name\":\"ApuntoB - Jacket P1846\/TS887 Forest\",\"isPartOf\":{\"@id\":\"https:\/\/rendez-vous-store.com\/#website\"},\"primaryImageOfPage\":{\"@id\":\"https:\/\/rendez-vous-store.com\/shop\/special-offer-women-rendez-vous-store\/women-coat-jacket-special-offer-rendez-vous-store\/apuntob-jacket-p1846-ts887-forest-rendez-vous-store\/#primaryimage\"},\"image\":{\"@id\":\"https:\/\/rendez-vous-store.com\/shop\/special-offer-women-rendez-vous-store\/women-coat-jacket-special-offer-rendez-vous-store\/apuntob-jacket-p1846-ts887-forest-rendez-vous-store\/#primaryimage\"},\"thumbnailUrl\":\"https:\/\/rendez-vous-store.com\/app\/uploads\/2025\/06\/IMG_8935-2_15_11zon-scaled.webp\",\"datePublished\":\"2025-06-19T12:53:09+00:00\",\"dateModified\":\"2026-03-16T18:15:39+00:00\",\"description\":\"This ApuntoB Jacket P1846\/TS887 Forest is characterized by the endless research for beautiful shapes, fabrics and cuts by the brand. Discover now.\",\"breadcrumb\":{\"@id\":\"https:\/\/rendez-vous-store.com\/shop\/special-offer-women-rendez-vous-store\/women-coat-jacket-special-offer-rendez-vous-store\/apuntob-jacket-p1846-ts887-forest-rendez-vous-store\/#breadcrumb\"},\"inLanguage\":\"fr-FR\",\"potentialAction\":[{\"@type\":\"ReadAction\",\"target\":[\"https:\/\/rendez-vous-store.com\/shop\/special-offer-women-rendez-vous-store\/women-coat-jacket-special-offer-rendez-vous-store\/apuntob-jacket-p1846-ts887-forest-rendez-vous-store\/\"]}]},{\"@type\":\"ImageObject\",\"inLanguage\":\"fr-FR\",\"@id\":\"https:\/\/rendez-vous-store.com\/shop\/special-offer-women-rendez-vous-store\/women-coat-jacket-special-offer-rendez-vous-store\/apuntob-jacket-p1846-ts887-forest-rendez-vous-store\/#primaryimage\",\"url\":\"https:\/\/rendez-vous-store.com\/app\/uploads\/2025\/06\/IMG_8935-2_15_11zon-scaled.webp\",\"contentUrl\":\"https:\/\/rendez-vous-store.com\/app\/uploads\/2025\/06\/IMG_8935-2_15_11zon-scaled.webp\",\"width\":1707,\"height\":2560},{\"@type\":\"BreadcrumbList\",\"@id\":\"https:\/\/rendez-vous-store.com\/shop\/special-offer-women-rendez-vous-store\/women-coat-jacket-special-offer-rendez-vous-store\/apuntob-jacket-p1846-ts887-forest-rendez-vous-store\/#breadcrumb\",\"itemListElement\":[{\"@type\":\"ListItem\",\"position\":1,\"name\":\"Home\",\"item\":\"https:\/\/rendez-vous-store.com\/\"},{\"@type\":\"ListItem\",\"position\":2,\"name\":\"Shop\",\"item\":\"https:\/\/www.rendez-vous-store.com\/shop\/\"},{\"@type\":\"ListItem\",\"position\":3,\"name\":\"ApuntoB &#8211; Jacket P1846\/TS887 &#8211; Forest\"}]},{\"@type\":\"WebSite\",\"@id\":\"https:\/\/rendez-vous-store.com\/#website\",\"url\":\"https:\/\/rendez-vous-store.com\/\",\"name\":\"RENDEZ-VOUS STORE\",\"description\":\"Slow Fashion for Women and Men\",\"potentialAction\":[{\"@type\":\"SearchAction\",\"target\":{\"@type\":\"EntryPoint\",\"urlTemplate\":\"https:\/\/rendez-vous-store.com\/?s={search_term_string}\"},\"query-input\":{\"@type\":\"PropertyValueSpecification\",\"valueRequired\":true,\"valueName\":\"search_term_string\"}}],\"inLanguage\":\"fr-FR\"}]}<\/script>\n<!-- \/ Yoast SEO plugin. -->","yoast_head_json":{"title":"ApuntoB - Jacket P1846\/TS887 Forest","description":"This ApuntoB Jacket P1846\/TS887 Forest is characterized by the endless research for beautiful shapes, fabrics and cuts by the brand. Discover now.","robots":{"index":"index","follow":"follow","max-snippet":"max-snippet:-1","max-image-preview":"max-image-preview:large","max-video-preview":"max-video-preview:-1"},"canonical":"https:\/\/rendez-vous-store.com\/fr\/shop\/special-offer-women-rendez-vous-store\/women-coat-jacket-special-offer-rendez-vous-store\/apuntob-jacket-p1846-ts887-forest-rendez-vous-store\/","og_locale":"fr_FR","og_type":"article","og_title":"ApuntoB - Jacket P1846\/TS887 Forest","og_description":"This ApuntoB Jacket P1846\/TS887 Forest is characterized by the endless research for beautiful shapes, fabrics and cuts by the brand. Discover now.","og_url":"https:\/\/rendez-vous-store.com\/fr\/shop\/special-offer-women-rendez-vous-store\/women-coat-jacket-special-offer-rendez-vous-store\/apuntob-jacket-p1846-ts887-forest-rendez-vous-store\/","og_site_name":"RENDEZ-VOUS STORE","article_modified_time":"2026-03-16T18:15:39+00:00","og_image":[{"width":1707,"height":2560,"url":"https:\/\/rendez-vous-store.com\/app\/uploads\/2025\/06\/IMG_8935-2_15_11zon-scaled.webp","type":"image\/webp"}],"twitter_card":"summary_large_image","twitter_misc":{"Est. reading time":"1 minute"},"schema":{"@context":"https:\/\/schema.org","@graph":[{"@type":"WebPage","@id":"https:\/\/rendez-vous-store.com\/shop\/special-offer-women-rendez-vous-store\/women-coat-jacket-special-offer-rendez-vous-store\/apuntob-jacket-p1846-ts887-forest-rendez-vous-store\/","url":"https:\/\/rendez-vous-store.com\/shop\/special-offer-women-rendez-vous-store\/women-coat-jacket-special-offer-rendez-vous-store\/apuntob-jacket-p1846-ts887-forest-rendez-vous-store\/","name":"ApuntoB - Jacket P1846\/TS887 Forest","isPartOf":{"@id":"https:\/\/rendez-vous-store.com\/#website"},"primaryImageOfPage":{"@id":"https:\/\/rendez-vous-store.com\/shop\/special-offer-women-rendez-vous-store\/women-coat-jacket-special-offer-rendez-vous-store\/apuntob-jacket-p1846-ts887-forest-rendez-vous-store\/#primaryimage"},"image":{"@id":"https:\/\/rendez-vous-store.com\/shop\/special-offer-women-rendez-vous-store\/women-coat-jacket-special-offer-rendez-vous-store\/apuntob-jacket-p1846-ts887-forest-rendez-vous-store\/#primaryimage"},"thumbnailUrl":"https:\/\/rendez-vous-store.com\/app\/uploads\/2025\/06\/IMG_8935-2_15_11zon-scaled.webp","datePublished":"2025-06-19T12:53:09+00:00","dateModified":"2026-03-16T18:15:39+00:00","description":"This ApuntoB Jacket P1846\/TS887 Forest is characterized by the endless research for beautiful shapes, fabrics and cuts by the brand. Discover now.","breadcrumb":{"@id":"https:\/\/rendez-vous-store.com\/shop\/special-offer-women-rendez-vous-store\/women-coat-jacket-special-offer-rendez-vous-store\/apuntob-jacket-p1846-ts887-forest-rendez-vous-store\/#breadcrumb"},"inLanguage":"fr-FR","potentialAction":[{"@type":"ReadAction","target":["https:\/\/rendez-vous-store.com\/shop\/special-offer-women-rendez-vous-store\/women-coat-jacket-special-offer-rendez-vous-store\/apuntob-jacket-p1846-ts887-forest-rendez-vous-store\/"]}]},{"@type":"ImageObject","inLanguage":"fr-FR","@id":"https:\/\/rendez-vous-store.com\/shop\/special-offer-women-rendez-vous-store\/women-coat-jacket-special-offer-rendez-vous-store\/apuntob-jacket-p1846-ts887-forest-rendez-vous-store\/#primaryimage","url":"https:\/\/rendez-vous-store.com\/app\/uploads\/2025\/06\/IMG_8935-2_15_11zon-scaled.webp","contentUrl":"https:\/\/rendez-vous-store.com\/app\/uploads\/2025\/06\/IMG_8935-2_15_11zon-scaled.webp","width":1707,"height":2560},{"@type":"BreadcrumbList","@id":"https:\/\/rendez-vous-store.com\/shop\/special-offer-women-rendez-vous-store\/women-coat-jacket-special-offer-rendez-vous-store\/apuntob-jacket-p1846-ts887-forest-rendez-vous-store\/#breadcrumb","itemListElement":[{"@type":"ListItem","position":1,"name":"Home","item":"https:\/\/rendez-vous-store.com\/"},{"@type":"ListItem","position":2,"name":"Shop","item":"https:\/\/www.rendez-vous-store.com\/shop\/"},{"@type":"ListItem","position":3,"name":"ApuntoB &#8211; Jacket P1846\/TS887 &#8211; Forest"}]},{"@type":"WebSite","@id":"https:\/\/rendez-vous-store.com\/#website","url":"https:\/\/rendez-vous-store.com\/","name":"RENDEZ-VOUS STORE","description":"Slow Fashion for Women and Men","potentialAction":[{"@type":"SearchAction","target":{"@type":"EntryPoint","urlTemplate":"https:\/\/rendez-vous-store.com\/?s={search_term_string}"},"query-input":{"@type":"PropertyValueSpecification","valueRequired":true,"valueName":"search_term_string"}}],"inLanguage":"fr-FR"}]}},"_links":{"self":[{"href":"https:\/\/rendez-vous-store.com\/fr\/wp-json\/wp\/v2\/product\/207701","targetHints":{"allow":["GET"]}}],"collection":[{"href":"https:\/\/rendez-vous-store.com\/fr\/wp-json\/wp\/v2\/product"}],"about":[{"href":"https:\/\/rendez-vous-store.com\/fr\/wp-json\/wp\/v2\/types\/product"}],"wp:featuredmedia":[{"embeddable":true,"href":"https:\/\/rendez-vous-store.com\/fr\/wp-json\/wp\/v2\/media\/208984"}],"wp:attachment":[{"href":"https:\/\/rendez-vous-store.com\/fr\/wp-json\/wp\/v2\/media?parent=207701"}],"wp:term":[{"taxonomy":"product_brand","embeddable":true,"href":"https:\/\/rendez-vous-store.com\/fr\/wp-json\/wp\/v2\/product_brand?post=207701"},{"taxonomy":"product_cat","embeddable":true,"href":"https:\/\/rendez-vous-store.com\/fr\/wp-json\/wp\/v2\/product_cat?post=207701"},{"taxonomy":"product_tag","embeddable":true,"href":"https:\/\/rendez-vous-store.com\/fr\/wp-json\/wp\/v2\/product_tag?post=207701"}],"curies":[{"name":"wp","href":"https:\/\/api.w.org\/{rel}","templated":true}]}}