{"id":207074,"date":"2025-06-05T09:46:40","date_gmt":"2025-06-05T07:46:40","guid":{"rendered":"https:\/\/rendez-vous-store.com\/?post_type=product&#038;p=207074"},"modified":"2026-03-16T19:13:24","modified_gmt":"2026-03-16T18:13:24","slug":"ciota-m-41-us-army-denim-coverall-jacket-jklm-136-mbk-medium-black-rendez-vous-store","status":"publish","type":"product","link":"https:\/\/rendez-vous-store.com\/fr\/shop\/special-offer-men-rendez-vous-store\/men-coat-and-jacket-special-offer\/ciota-m-41-us-army-denim-coverall-jacket-jklm-136-mbk-medium-black-rendez-vous-store\/","title":{"rendered":"CIOTA &#8211; M-41 US Army Denim Coverall Jacket JKLM-136-MBK &#8211; Medium Black"},"content":{"rendered":"<p><strong>CIOTA M-41 US Army Denim Coverall Jacket JKLM-136-MBK Medium Black<\/strong><\/p>\n<p>Couleur : Noir<\/p>\n<p>Coupe d\u00e9contract\u00e9e<\/p>\n<p>11.5oz Suvin Cotton Selvedge denim<\/p>\n<p>Fermeture par bouton<\/p>\n<p>Poignets \u00e0 boutons<\/p>\n<p>Button flap patch waist pockets<\/p>\n<p>Composition : 100% Coton<\/p>\n<p>Fabriqu\u00e9 au Japon<\/p>\n<p>&nbsp;<\/p>\n<p>&nbsp;<\/p>\n<p>&nbsp;<\/p>\n<p data-start=\"162\" data-end=\"440\">The CIOTA M-41 US Army Denim Coverall Jacket in <em data-start=\"214\" data-end=\"228\">Medium Black<\/em> blends military heritage with contemporary Japanese craftsmanship.<br data-start=\"295\" data-end=\"298\" \/>Inspired by vintage utility jackets, CIOTA reimagines this classic with luxurious Zimbabwean cotton denim that feels both robust and soft.<\/p>\n<p data-start=\"442\" data-end=\"710\">To begin with, the brand constructs the jacket with precision\u2014each seam, button, and pocket placement speaks to thoughtful tailoring.<br data-start=\"579\" data-end=\"582\" \/>Moreover, the medium black wash offers depth and versatility, while subtle fading enhances its worn-in, authentic character.<\/p>\n<p data-start=\"712\" data-end=\"1035\">Thanks to its relaxed silhouette, the piece allows for layering without adding bulk.<br data-start=\"800\" data-end=\"803\" \/>Whether you wear it open over a T-shirt for casual appeal or buttoned over trousers for a sharper look, it adapts effortlessly.<br data-start=\"934\" data-end=\"937\" \/>In addition, practical front patch pockets add function without compromising the clean design.<\/p>\n<p data-start=\"1037\" data-end=\"1198\">Ultimately, this jacket embodies CIOTA\u2019s signature approach: understated, high-quality garments rooted in tradition and elevated through material excellence.<\/p>\n<p>&nbsp;<\/p>\n<p><strong>Les mesures :\u00a0<\/strong><\/p>\n<p>Size M: Shoulders: 52cm, Chest: 62cm, Sleeves: 60cm, Length: 81cm, Armholes: 27cm<\/p>\n<p>Size L: Shoulders: 54cm, Chest: 64cm, Sleeves: 61cm, Length: 82cm, Armholes: 28cm<\/p>\n<p>Size XL: Shoulders: 56cm, Chest: 65cm, Sleeves: 63cm, Length: 85cm, Armholes: 29cm<\/p>\n<p>&nbsp;<\/p>\n<p><a href=\"https:\/\/rendez-vous-store.com\/fr\/shop\/men-selection-discover-our-selection-rendez-vous-store\/trousers-shorts-rendez-vous-store\/ciota-baggy-5-pockets-pants-ptlm-25bg-mbk-medium-black-rendez-vous-store\/\">Compl\u00e9tez le look<\/a><\/p>\n<p>&nbsp;<\/p>\n<p>&nbsp;<\/p>\n<p><strong>La marque<\/strong><\/p>\n<p>CIOTA cr\u00e9e des v\u00eatements avec intention et pr\u00e9cision. Chaque pi\u00e8ce commence avec du coton Suvin rare et ultra-doux. Ils con\u00e7oivent, tissent et cousent tout en interne \u00e0 Okayama, au Japon.<\/p>\n<p>Leur objectif n'est pas les tendances, mais la qualit\u00e9 intemporelle.<br data-start=\"364\" data-end=\"367\" \/>Le tissu guide le design, pas l'inverse. Chaque v\u00eatement est raffin\u00e9, familier et discr\u00e8tement luxueux.<\/p>\n<p>The brand celebrates materials through understated silhouettes. Their cuts are precise, the touch is unique. From denim to tailoring, every item reflects care and craftsmanship. CIOTA makes simplicity feel elevated.<\/p>\n<p>&nbsp;<\/p>\n<p>&nbsp;<\/p>\n<p>&nbsp;<\/p>\n<p><a href=\"https:\/\/www.instagram.com\/p\/DKh5ltjupot\/?img_index=1\">Inspirez-vous de nos looks CIOTA sur notre Instagram<\/a><\/p>","protected":false},"excerpt":{"rendered":"<p>CIOTA M-41 US Army Denim Coverall Jacket JKLM-136-MBK Medium Black Color: Black Relaxed fit 11.5oz Suvin Cotton Selvedge denim Button closure Button cuffs Button flap patch waist pockets Composition: 100% Cotton Made in Japan &nbsp; &nbsp; &nbsp; The CIOTA M-41 US Army Denim Coverall Jacket in Medium Black blends military heritage with contemporary Japanese craftsmanship.Inspired&hellip; <a class=\"more-link\" href=\"https:\/\/rendez-vous-store.com\/fr\/shop\/special-offer-men-rendez-vous-store\/men-coat-and-jacket-special-offer\/ciota-m-41-us-army-denim-coverall-jacket-jklm-136-mbk-medium-black-rendez-vous-store\/\">Continuer la lecture <span class=\"screen-reader-text\">CIOTA &#8211; M-41 US Army Denim Coverall Jacket JKLM-136-MBK &#8211; Medium Black<\/span><\/a><\/p>","protected":false},"featured_media":207228,"template":"","meta":{"_acf_changed":false},"product_brand":[],"product_cat":[1476,1353,1350,20,53],"product_tag":[1436],"class_list":{"0":"post-207074","1":"product","2":"type-product","3":"status-publish","4":"has-post-thumbnail","6":"product_cat-sale-60","7":"product_cat-men-coat-and-jacket-special-offer","8":"product_cat-special-offer-men-rendez-vous-store","9":"product_cat-men-selection-discover-our-selection-rendez-vous-store","10":"product_cat-jackets-coats-discover-our-selection","11":"product_tag-ciota-rendez-vous-store","12":"entry","14":"first","15":"outofstock","16":"taxable","17":"shipping-taxable","18":"product-type-variable"},"acf":[],"yoast_head":"<!-- This site is optimized with the Yoast SEO plugin v24.9 - https:\/\/yoast.com\/wordpress\/plugins\/seo\/ -->\n<title>CIOTA M-41 US Army Denim Coverall Jacket Medium Black<\/title>\n<meta name=\"description\" content=\"CIOTA celebrates materials through understated silhouettes. This CIOTA - M-41 US Army Denim Coverall Jacket JKLM-136-MBK - Medium Black is unique.\" \/>\n<meta name=\"robots\" content=\"index, follow, max-snippet:-1, max-image-preview:large, max-video-preview:-1\" \/>\n<link rel=\"canonical\" href=\"https:\/\/rendez-vous-store.com\/fr\/shop\/special-offer-men-rendez-vous-store\/men-coat-and-jacket-special-offer\/ciota-m-41-us-army-denim-coverall-jacket-jklm-136-mbk-medium-black-rendez-vous-store\/\" \/>\n<meta property=\"og:locale\" content=\"fr_FR\" \/>\n<meta property=\"og:type\" content=\"article\" \/>\n<meta property=\"og:title\" content=\"CIOTA M-41 US Army Denim Coverall Jacket Medium Black\" \/>\n<meta property=\"og:description\" content=\"CIOTA celebrates materials through understated silhouettes. This CIOTA - M-41 US Army Denim Coverall Jacket JKLM-136-MBK - Medium Black is unique.\" \/>\n<meta property=\"og:url\" content=\"https:\/\/rendez-vous-store.com\/fr\/shop\/special-offer-men-rendez-vous-store\/men-coat-and-jacket-special-offer\/ciota-m-41-us-army-denim-coverall-jacket-jklm-136-mbk-medium-black-rendez-vous-store\/\" \/>\n<meta property=\"og:site_name\" content=\"RENDEZ-VOUS STORE\" \/>\n<meta property=\"article:modified_time\" content=\"2026-03-16T18:13:24+00:00\" \/>\n<meta property=\"og:image\" content=\"https:\/\/rendez-vous-store.com\/app\/uploads\/2025\/06\/19.webp\" \/>\n\t<meta property=\"og:image:width\" content=\"1696\" \/>\n\t<meta property=\"og:image:height\" content=\"2560\" \/>\n\t<meta property=\"og:image:type\" content=\"image\/webp\" \/>\n<meta name=\"twitter:card\" content=\"summary_large_image\" \/>\n<meta name=\"twitter:label1\" content=\"Est. reading time\" \/>\n\t<meta name=\"twitter:data1\" content=\"2 minutes\" \/>\n<script type=\"application\/ld+json\" class=\"yoast-schema-graph\">{\"@context\":\"https:\/\/schema.org\",\"@graph\":[{\"@type\":\"WebPage\",\"@id\":\"https:\/\/rendez-vous-store.com\/shop\/special-offer-men-rendez-vous-store\/men-coat-and-jacket-special-offer\/ciota-m-41-us-army-denim-coverall-jacket-jklm-136-mbk-medium-black-rendez-vous-store\/\",\"url\":\"https:\/\/rendez-vous-store.com\/shop\/special-offer-men-rendez-vous-store\/men-coat-and-jacket-special-offer\/ciota-m-41-us-army-denim-coverall-jacket-jklm-136-mbk-medium-black-rendez-vous-store\/\",\"name\":\"CIOTA M-41 US Army Denim Coverall Jacket Medium Black\",\"isPartOf\":{\"@id\":\"https:\/\/rendez-vous-store.com\/#website\"},\"primaryImageOfPage\":{\"@id\":\"https:\/\/rendez-vous-store.com\/shop\/special-offer-men-rendez-vous-store\/men-coat-and-jacket-special-offer\/ciota-m-41-us-army-denim-coverall-jacket-jklm-136-mbk-medium-black-rendez-vous-store\/#primaryimage\"},\"image\":{\"@id\":\"https:\/\/rendez-vous-store.com\/shop\/special-offer-men-rendez-vous-store\/men-coat-and-jacket-special-offer\/ciota-m-41-us-army-denim-coverall-jacket-jklm-136-mbk-medium-black-rendez-vous-store\/#primaryimage\"},\"thumbnailUrl\":\"https:\/\/rendez-vous-store.com\/app\/uploads\/2025\/06\/19.webp\",\"datePublished\":\"2025-06-05T07:46:40+00:00\",\"dateModified\":\"2026-03-16T18:13:24+00:00\",\"description\":\"CIOTA celebrates materials through understated silhouettes. This CIOTA - M-41 US Army Denim Coverall Jacket JKLM-136-MBK - Medium Black is unique.\",\"breadcrumb\":{\"@id\":\"https:\/\/rendez-vous-store.com\/shop\/special-offer-men-rendez-vous-store\/men-coat-and-jacket-special-offer\/ciota-m-41-us-army-denim-coverall-jacket-jklm-136-mbk-medium-black-rendez-vous-store\/#breadcrumb\"},\"inLanguage\":\"fr-FR\",\"potentialAction\":[{\"@type\":\"ReadAction\",\"target\":[\"https:\/\/rendez-vous-store.com\/shop\/special-offer-men-rendez-vous-store\/men-coat-and-jacket-special-offer\/ciota-m-41-us-army-denim-coverall-jacket-jklm-136-mbk-medium-black-rendez-vous-store\/\"]}]},{\"@type\":\"ImageObject\",\"inLanguage\":\"fr-FR\",\"@id\":\"https:\/\/rendez-vous-store.com\/shop\/special-offer-men-rendez-vous-store\/men-coat-and-jacket-special-offer\/ciota-m-41-us-army-denim-coverall-jacket-jklm-136-mbk-medium-black-rendez-vous-store\/#primaryimage\",\"url\":\"https:\/\/rendez-vous-store.com\/app\/uploads\/2025\/06\/19.webp\",\"contentUrl\":\"https:\/\/rendez-vous-store.com\/app\/uploads\/2025\/06\/19.webp\",\"width\":1696,\"height\":2560},{\"@type\":\"BreadcrumbList\",\"@id\":\"https:\/\/rendez-vous-store.com\/shop\/special-offer-men-rendez-vous-store\/men-coat-and-jacket-special-offer\/ciota-m-41-us-army-denim-coverall-jacket-jklm-136-mbk-medium-black-rendez-vous-store\/#breadcrumb\",\"itemListElement\":[{\"@type\":\"ListItem\",\"position\":1,\"name\":\"Home\",\"item\":\"https:\/\/rendez-vous-store.com\/\"},{\"@type\":\"ListItem\",\"position\":2,\"name\":\"Shop\",\"item\":\"https:\/\/www.rendez-vous-store.com\/shop\/\"},{\"@type\":\"ListItem\",\"position\":3,\"name\":\"CIOTA &#8211; M-41 US Army Denim Coverall Jacket JKLM-136-MBK &#8211; Medium Black\"}]},{\"@type\":\"WebSite\",\"@id\":\"https:\/\/rendez-vous-store.com\/#website\",\"url\":\"https:\/\/rendez-vous-store.com\/\",\"name\":\"RENDEZ-VOUS STORE\",\"description\":\"Slow Fashion for Women and Men\",\"potentialAction\":[{\"@type\":\"SearchAction\",\"target\":{\"@type\":\"EntryPoint\",\"urlTemplate\":\"https:\/\/rendez-vous-store.com\/?s={search_term_string}\"},\"query-input\":{\"@type\":\"PropertyValueSpecification\",\"valueRequired\":true,\"valueName\":\"search_term_string\"}}],\"inLanguage\":\"fr-FR\"}]}<\/script>\n<!-- \/ Yoast SEO plugin. -->","yoast_head_json":{"title":"CIOTA M-41 US Army Denim Coverall Jacket Medium Black","description":"CIOTA celebrates materials through understated silhouettes. This CIOTA - M-41 US Army Denim Coverall Jacket JKLM-136-MBK - Medium Black is unique.","robots":{"index":"index","follow":"follow","max-snippet":"max-snippet:-1","max-image-preview":"max-image-preview:large","max-video-preview":"max-video-preview:-1"},"canonical":"https:\/\/rendez-vous-store.com\/fr\/shop\/special-offer-men-rendez-vous-store\/men-coat-and-jacket-special-offer\/ciota-m-41-us-army-denim-coverall-jacket-jklm-136-mbk-medium-black-rendez-vous-store\/","og_locale":"fr_FR","og_type":"article","og_title":"CIOTA M-41 US Army Denim Coverall Jacket Medium Black","og_description":"CIOTA celebrates materials through understated silhouettes. This CIOTA - M-41 US Army Denim Coverall Jacket JKLM-136-MBK - Medium Black is unique.","og_url":"https:\/\/rendez-vous-store.com\/fr\/shop\/special-offer-men-rendez-vous-store\/men-coat-and-jacket-special-offer\/ciota-m-41-us-army-denim-coverall-jacket-jklm-136-mbk-medium-black-rendez-vous-store\/","og_site_name":"RENDEZ-VOUS STORE","article_modified_time":"2026-03-16T18:13:24+00:00","og_image":[{"width":1696,"height":2560,"url":"https:\/\/rendez-vous-store.com\/app\/uploads\/2025\/06\/19.webp","type":"image\/webp"}],"twitter_card":"summary_large_image","twitter_misc":{"Est. reading time":"2 minutes"},"schema":{"@context":"https:\/\/schema.org","@graph":[{"@type":"WebPage","@id":"https:\/\/rendez-vous-store.com\/shop\/special-offer-men-rendez-vous-store\/men-coat-and-jacket-special-offer\/ciota-m-41-us-army-denim-coverall-jacket-jklm-136-mbk-medium-black-rendez-vous-store\/","url":"https:\/\/rendez-vous-store.com\/shop\/special-offer-men-rendez-vous-store\/men-coat-and-jacket-special-offer\/ciota-m-41-us-army-denim-coverall-jacket-jklm-136-mbk-medium-black-rendez-vous-store\/","name":"CIOTA M-41 US Army Denim Coverall Jacket Medium Black","isPartOf":{"@id":"https:\/\/rendez-vous-store.com\/#website"},"primaryImageOfPage":{"@id":"https:\/\/rendez-vous-store.com\/shop\/special-offer-men-rendez-vous-store\/men-coat-and-jacket-special-offer\/ciota-m-41-us-army-denim-coverall-jacket-jklm-136-mbk-medium-black-rendez-vous-store\/#primaryimage"},"image":{"@id":"https:\/\/rendez-vous-store.com\/shop\/special-offer-men-rendez-vous-store\/men-coat-and-jacket-special-offer\/ciota-m-41-us-army-denim-coverall-jacket-jklm-136-mbk-medium-black-rendez-vous-store\/#primaryimage"},"thumbnailUrl":"https:\/\/rendez-vous-store.com\/app\/uploads\/2025\/06\/19.webp","datePublished":"2025-06-05T07:46:40+00:00","dateModified":"2026-03-16T18:13:24+00:00","description":"CIOTA celebrates materials through understated silhouettes. This CIOTA - M-41 US Army Denim Coverall Jacket JKLM-136-MBK - Medium Black is unique.","breadcrumb":{"@id":"https:\/\/rendez-vous-store.com\/shop\/special-offer-men-rendez-vous-store\/men-coat-and-jacket-special-offer\/ciota-m-41-us-army-denim-coverall-jacket-jklm-136-mbk-medium-black-rendez-vous-store\/#breadcrumb"},"inLanguage":"fr-FR","potentialAction":[{"@type":"ReadAction","target":["https:\/\/rendez-vous-store.com\/shop\/special-offer-men-rendez-vous-store\/men-coat-and-jacket-special-offer\/ciota-m-41-us-army-denim-coverall-jacket-jklm-136-mbk-medium-black-rendez-vous-store\/"]}]},{"@type":"ImageObject","inLanguage":"fr-FR","@id":"https:\/\/rendez-vous-store.com\/shop\/special-offer-men-rendez-vous-store\/men-coat-and-jacket-special-offer\/ciota-m-41-us-army-denim-coverall-jacket-jklm-136-mbk-medium-black-rendez-vous-store\/#primaryimage","url":"https:\/\/rendez-vous-store.com\/app\/uploads\/2025\/06\/19.webp","contentUrl":"https:\/\/rendez-vous-store.com\/app\/uploads\/2025\/06\/19.webp","width":1696,"height":2560},{"@type":"BreadcrumbList","@id":"https:\/\/rendez-vous-store.com\/shop\/special-offer-men-rendez-vous-store\/men-coat-and-jacket-special-offer\/ciota-m-41-us-army-denim-coverall-jacket-jklm-136-mbk-medium-black-rendez-vous-store\/#breadcrumb","itemListElement":[{"@type":"ListItem","position":1,"name":"Home","item":"https:\/\/rendez-vous-store.com\/"},{"@type":"ListItem","position":2,"name":"Shop","item":"https:\/\/www.rendez-vous-store.com\/shop\/"},{"@type":"ListItem","position":3,"name":"CIOTA &#8211; M-41 US Army Denim Coverall Jacket JKLM-136-MBK &#8211; Medium Black"}]},{"@type":"WebSite","@id":"https:\/\/rendez-vous-store.com\/#website","url":"https:\/\/rendez-vous-store.com\/","name":"RENDEZ-VOUS STORE","description":"Slow Fashion for Women and Men","potentialAction":[{"@type":"SearchAction","target":{"@type":"EntryPoint","urlTemplate":"https:\/\/rendez-vous-store.com\/?s={search_term_string}"},"query-input":{"@type":"PropertyValueSpecification","valueRequired":true,"valueName":"search_term_string"}}],"inLanguage":"fr-FR"}]}},"_links":{"self":[{"href":"https:\/\/rendez-vous-store.com\/fr\/wp-json\/wp\/v2\/product\/207074","targetHints":{"allow":["GET"]}}],"collection":[{"href":"https:\/\/rendez-vous-store.com\/fr\/wp-json\/wp\/v2\/product"}],"about":[{"href":"https:\/\/rendez-vous-store.com\/fr\/wp-json\/wp\/v2\/types\/product"}],"wp:featuredmedia":[{"embeddable":true,"href":"https:\/\/rendez-vous-store.com\/fr\/wp-json\/wp\/v2\/media\/207228"}],"wp:attachment":[{"href":"https:\/\/rendez-vous-store.com\/fr\/wp-json\/wp\/v2\/media?parent=207074"}],"wp:term":[{"taxonomy":"product_brand","embeddable":true,"href":"https:\/\/rendez-vous-store.com\/fr\/wp-json\/wp\/v2\/product_brand?post=207074"},{"taxonomy":"product_cat","embeddable":true,"href":"https:\/\/rendez-vous-store.com\/fr\/wp-json\/wp\/v2\/product_cat?post=207074"},{"taxonomy":"product_tag","embeddable":true,"href":"https:\/\/rendez-vous-store.com\/fr\/wp-json\/wp\/v2\/product_tag?post=207074"}],"curies":[{"name":"wp","href":"https:\/\/api.w.org\/{rel}","templated":true}]}}