{"id":207063,"date":"2025-06-05T09:46:08","date_gmt":"2025-06-05T07:46:08","guid":{"rendered":"https:\/\/rendez-vous-store.com\/?post_type=product&#038;p=207063"},"modified":"2026-03-16T19:14:00","modified_gmt":"2026-03-16T18:14:00","slug":"ciota-4-pockets-denim-jacket-jklm-306-pidbl-d-dark-blue-damage-rendez-vous-store","status":"publish","type":"product","link":"https:\/\/rendez-vous-store.com\/fr\/shop\/special-offer-men-rendez-vous-store\/men-coat-and-jacket-special-offer\/ciota-4-pockets-denim-jacket-jklm-306-pidbl-d-dark-blue-damage-rendez-vous-store\/","title":{"rendered":"CIOTA \u2013 Veste en jean 4 poches JKLM-306-PIDBL-D \u2013 Bleu fonc\u00e9 d\u00e9lav\u00e9"},"content":{"rendered":"<p><strong>CIOTA Veste en jean 4 poches JKLM-306-PIDBL-D Bleu fonc\u00e9 d\u00e9chir\u00e9<\/strong><\/p>\n<p>Couleur : Bleu<\/p>\n<p>Coupe ample<\/p>\n<p>Silhouette souple<\/p>\n<p>Denim selvedge de 13,5 oz<\/p>\n<p>Fermeture par bouton<\/p>\n<p>2 poches poitrine<\/p>\n<p>2 poches lat\u00e9rales<\/p>\n<p>Composition : 100% Coton<\/p>\n<p>Fabriqu\u00e9 au Japon<\/p>\n<p>&nbsp;<\/p>\n<p data-start=\"165\" data-end=\"411\">La veste en jean CIOTA 4 poches \"Dark Blue Damage\" fusionne des racines utilitaires avec un artisanat japonais raffin\u00e9. Inspir\u00e9e du workwear classique, cette pi\u00e8ce est fabriqu\u00e9e en denim de coton signature de CIOTA, r\u00e9sistant mais remarquablement doux.<\/p>\n<p data-start=\"413\" data-end=\"641\">Fabriqu\u00e9e au Japon, la veste arbore un d\u00e9lavage bleu fonc\u00e9 us\u00e9 avec des l\u00e9g\u00e8res alt\u00e9rations qui ajoutent profondeur et caract\u00e8re. Ainsi, chaque pi\u00e8ce semble unique, avec une texture et une d\u00e9coloration qui \u00e9voquent un style cool et d\u00e9contract\u00e9, comme s'il \u00e9tait port\u00e9 depuis longtemps.<\/p>\n<p data-start=\"643\" data-end=\"865\">CIOTA con\u00e7oit cette veste avec quatre poches plaqu\u00e9es pratiques, alliant fonctionnalit\u00e9 et lignes \u00e9pur\u00e9es et structur\u00e9es. De plus, les coutures renforc\u00e9es et les surpiq\u00fbres ton sur ton soulignent sa construction de qualit\u00e9 et son attrait discret.<\/p>\n<p data-start=\"867\" data-end=\"1061\">Gr\u00e2ce \u00e0 sa silhouette l\u00e9g\u00e8rement carr\u00e9e, ce mod\u00e8le se superpose facilement sur des chemises ou des tricots sans donner d'\u00e9paisseur. Portez-le ouvert pour un style d\u00e9contract\u00e9 ou boutonn\u00e9 pour un look plus net et d\u00e9fini.<\/p>\n<p data-start=\"1063\" data-end=\"1291\">En fin de compte, cette veste refl\u00e8te la philosophie de CIOTA : cr\u00e9er des essentiels du quotidien qui semblent familiers, tout en \u00e9tant sublim\u00e9s par la pr\u00e9cision et des mat\u00e9riaux de premi\u00e8re qualit\u00e9. C'est une pi\u00e8ce ma\u00eetresse intemporelle avec de la personnalit\u00e9, facile \u00e0 porter et con\u00e7ue pour durer.<\/p>\n<p>&nbsp;<\/p>\n<p><strong>Les mesures :\u00a0<\/strong><\/p>\n<p>Taille S : \u00c9paules : 50 cm, Poitrine : 54 cm, Manches : 56 cm, Longueur : 61 cm, Emmanchures : 23 cm<\/p>\n<p>Taille L : \u00c9paules : 55 cm, Poitrine : 58 cm, Manches : 60 cm, Longueur : 64 cm, Emmanchures : 24 cm<\/p>\n<p>&nbsp;<\/p>\n<p><a href=\"https:\/\/rendez-vous-store.com\/fr\/shop\/men-selection-discover-our-selection-rendez-vous-store\/trousers-shorts-rendez-vous-store\/ciota-baggy-5-pockets-pants-ptlm-25bg-pidbl-d-dark-blue-damage-rendez-vous-store\/\">Compl\u00e9tez le look<\/a><\/p>\n<p>&nbsp;<\/p>\n<p>&nbsp;<\/p>\n<p><strong>La marque<\/strong><\/p>\n<p>CIOTA cr\u00e9e des v\u00eatements avec intention et pr\u00e9cision. Chaque pi\u00e8ce commence avec du coton Suvin rare et ultra-doux. Ils con\u00e7oivent, tissent et cousent tout en interne \u00e0 Okayama, au Japon.<\/p>\n<p>Leur objectif n'est pas les tendances, mais la qualit\u00e9 intemporelle.<br data-start=\"364\" data-end=\"367\" \/>Le tissu guide le design, pas l'inverse. Chaque v\u00eatement est raffin\u00e9, familier et discr\u00e8tement luxueux.<\/p>\n<p>CIOTA c\u00e9l\u00e8bre les mati\u00e8res \u00e0 travers des silhouettes \u00e9pur\u00e9es. Leurs coupes sont pr\u00e9cises, le toucher unique. Du denim \u00e0 la maille, chaque article traduit soin et savoir-faire. CIOTA rend la simplicit\u00e9 raffin\u00e9e.<\/p>\n<p>&nbsp;<\/p>\n<p>&nbsp;<\/p>\n<p>&nbsp;<\/p>\n<p><a href=\"https:\/\/www.instagram.com\/p\/DKh5ltjupot\/?img_index=1\">Inspirez-vous de nos looks CIOTA sur notre Instagram<\/a><\/p>","protected":false},"excerpt":{"rendered":"<p>CIOTA 4 Pockets Denim Jacket JKLM-306-PIDBL-D Dark Blue Damage Color: Blue Fit loose Boxy silhouette 13.5oz Selvedge denim Button closure 2 breast pockets 2 side pockets Composition: 100% Cotton Made in Japan &nbsp; The CIOTA 4 Pockets Denim Jacket in Dark Blue Damage fuses utilitarian roots with refined Japanese craftsmanship. Inspired by classic workwear, this&hellip; <a class=\"more-link\" href=\"https:\/\/rendez-vous-store.com\/fr\/shop\/special-offer-men-rendez-vous-store\/men-coat-and-jacket-special-offer\/ciota-4-pockets-denim-jacket-jklm-306-pidbl-d-dark-blue-damage-rendez-vous-store\/\">Continuer la lecture <span class=\"screen-reader-text\">CIOTA \u2013 Veste en jean 4 poches JKLM-306-PIDBL-D \u2013 Bleu fonc\u00e9 d\u00e9lav\u00e9<\/span><\/a><\/p>","protected":false},"featured_media":207233,"template":"","meta":{"_acf_changed":false},"product_brand":[],"product_cat":[1292,1353,1350,20,53],"product_tag":[1436],"class_list":{"0":"post-207063","1":"product","2":"type-product","3":"status-publish","4":"has-post-thumbnail","6":"product_cat-1292","7":"product_cat-men-coat-and-jacket-special-offer","8":"product_cat-special-offer-men-rendez-vous-store","9":"product_cat-men-selection-discover-our-selection-rendez-vous-store","10":"product_cat-jackets-coats-discover-our-selection","11":"product_tag-ciota-rendez-vous-store","12":"entry","14":"first","15":"instock","16":"taxable","17":"shipping-taxable","18":"purchasable","19":"product-type-variable"},"acf":[],"yoast_head":"<!-- This site is optimized with the Yoast SEO plugin v24.9 - https:\/\/yoast.com\/wordpress\/plugins\/seo\/ -->\n<title>CIOTA 4 Pockets Denim Jacket Dark Blue Damage<\/title>\n<meta name=\"description\" content=\"CIOTA celebrates materials through understated silhouettes. This CIOTA - 4 Pockets Denim Jacket JKLM-306-PIDBL-D - Dark Blue Damage is unique. Discover now.\" \/>\n<meta name=\"robots\" content=\"index, follow, max-snippet:-1, max-image-preview:large, max-video-preview:-1\" \/>\n<link rel=\"canonical\" href=\"https:\/\/rendez-vous-store.com\/fr\/shop\/special-offer-men-rendez-vous-store\/men-coat-and-jacket-special-offer\/ciota-4-pockets-denim-jacket-jklm-306-pidbl-d-dark-blue-damage-rendez-vous-store\/\" \/>\n<meta property=\"og:locale\" content=\"fr_FR\" \/>\n<meta property=\"og:type\" content=\"article\" \/>\n<meta property=\"og:title\" content=\"CIOTA 4 Pockets Denim Jacket Dark Blue Damage\" \/>\n<meta property=\"og:description\" content=\"CIOTA celebrates materials through understated silhouettes. This CIOTA - 4 Pockets Denim Jacket JKLM-306-PIDBL-D - Dark Blue Damage is unique. Discover now.\" \/>\n<meta property=\"og:url\" content=\"https:\/\/rendez-vous-store.com\/fr\/shop\/special-offer-men-rendez-vous-store\/men-coat-and-jacket-special-offer\/ciota-4-pockets-denim-jacket-jklm-306-pidbl-d-dark-blue-damage-rendez-vous-store\/\" \/>\n<meta property=\"og:site_name\" content=\"RENDEZ-VOUS STORE\" \/>\n<meta property=\"article:modified_time\" content=\"2026-03-16T18:14:00+00:00\" \/>\n<meta property=\"og:image\" content=\"https:\/\/rendez-vous-store.com\/app\/uploads\/2025\/06\/24.webp\" \/>\n\t<meta property=\"og:image:width\" content=\"1696\" \/>\n\t<meta property=\"og:image:height\" content=\"2560\" \/>\n\t<meta property=\"og:image:type\" content=\"image\/webp\" \/>\n<meta name=\"twitter:card\" content=\"summary_large_image\" \/>\n<meta name=\"twitter:label1\" content=\"Est. reading time\" \/>\n\t<meta name=\"twitter:data1\" content=\"2 minutes\" \/>\n<script type=\"application\/ld+json\" class=\"yoast-schema-graph\">{\"@context\":\"https:\/\/schema.org\",\"@graph\":[{\"@type\":\"WebPage\",\"@id\":\"https:\/\/rendez-vous-store.com\/shop\/special-offer-men-rendez-vous-store\/men-coat-and-jacket-special-offer\/ciota-4-pockets-denim-jacket-jklm-306-pidbl-d-dark-blue-damage-rendez-vous-store\/\",\"url\":\"https:\/\/rendez-vous-store.com\/shop\/special-offer-men-rendez-vous-store\/men-coat-and-jacket-special-offer\/ciota-4-pockets-denim-jacket-jklm-306-pidbl-d-dark-blue-damage-rendez-vous-store\/\",\"name\":\"CIOTA 4 Pockets Denim Jacket Dark Blue Damage\",\"isPartOf\":{\"@id\":\"https:\/\/rendez-vous-store.com\/#website\"},\"primaryImageOfPage\":{\"@id\":\"https:\/\/rendez-vous-store.com\/shop\/special-offer-men-rendez-vous-store\/men-coat-and-jacket-special-offer\/ciota-4-pockets-denim-jacket-jklm-306-pidbl-d-dark-blue-damage-rendez-vous-store\/#primaryimage\"},\"image\":{\"@id\":\"https:\/\/rendez-vous-store.com\/shop\/special-offer-men-rendez-vous-store\/men-coat-and-jacket-special-offer\/ciota-4-pockets-denim-jacket-jklm-306-pidbl-d-dark-blue-damage-rendez-vous-store\/#primaryimage\"},\"thumbnailUrl\":\"https:\/\/rendez-vous-store.com\/app\/uploads\/2025\/06\/24.webp\",\"datePublished\":\"2025-06-05T07:46:08+00:00\",\"dateModified\":\"2026-03-16T18:14:00+00:00\",\"description\":\"CIOTA celebrates materials through understated silhouettes. This CIOTA - 4 Pockets Denim Jacket JKLM-306-PIDBL-D - Dark Blue Damage is unique. Discover now.\",\"breadcrumb\":{\"@id\":\"https:\/\/rendez-vous-store.com\/shop\/special-offer-men-rendez-vous-store\/men-coat-and-jacket-special-offer\/ciota-4-pockets-denim-jacket-jklm-306-pidbl-d-dark-blue-damage-rendez-vous-store\/#breadcrumb\"},\"inLanguage\":\"fr-FR\",\"potentialAction\":[{\"@type\":\"ReadAction\",\"target\":[\"https:\/\/rendez-vous-store.com\/shop\/special-offer-men-rendez-vous-store\/men-coat-and-jacket-special-offer\/ciota-4-pockets-denim-jacket-jklm-306-pidbl-d-dark-blue-damage-rendez-vous-store\/\"]}]},{\"@type\":\"ImageObject\",\"inLanguage\":\"fr-FR\",\"@id\":\"https:\/\/rendez-vous-store.com\/shop\/special-offer-men-rendez-vous-store\/men-coat-and-jacket-special-offer\/ciota-4-pockets-denim-jacket-jklm-306-pidbl-d-dark-blue-damage-rendez-vous-store\/#primaryimage\",\"url\":\"https:\/\/rendez-vous-store.com\/app\/uploads\/2025\/06\/24.webp\",\"contentUrl\":\"https:\/\/rendez-vous-store.com\/app\/uploads\/2025\/06\/24.webp\",\"width\":1696,\"height\":2560},{\"@type\":\"BreadcrumbList\",\"@id\":\"https:\/\/rendez-vous-store.com\/shop\/special-offer-men-rendez-vous-store\/men-coat-and-jacket-special-offer\/ciota-4-pockets-denim-jacket-jklm-306-pidbl-d-dark-blue-damage-rendez-vous-store\/#breadcrumb\",\"itemListElement\":[{\"@type\":\"ListItem\",\"position\":1,\"name\":\"Home\",\"item\":\"https:\/\/rendez-vous-store.com\/\"},{\"@type\":\"ListItem\",\"position\":2,\"name\":\"Shop\",\"item\":\"https:\/\/www.rendez-vous-store.com\/shop\/\"},{\"@type\":\"ListItem\",\"position\":3,\"name\":\"CIOTA &#8211; 4 Pockets Denim Jacket JKLM-306-PIDBL-D &#8211; Dark Blue Damage\"}]},{\"@type\":\"WebSite\",\"@id\":\"https:\/\/rendez-vous-store.com\/#website\",\"url\":\"https:\/\/rendez-vous-store.com\/\",\"name\":\"RENDEZ-VOUS STORE\",\"description\":\"Slow Fashion for Women and Men\",\"potentialAction\":[{\"@type\":\"SearchAction\",\"target\":{\"@type\":\"EntryPoint\",\"urlTemplate\":\"https:\/\/rendez-vous-store.com\/?s={search_term_string}\"},\"query-input\":{\"@type\":\"PropertyValueSpecification\",\"valueRequired\":true,\"valueName\":\"search_term_string\"}}],\"inLanguage\":\"fr-FR\"}]}<\/script>\n<!-- \/ Yoast SEO plugin. -->","yoast_head_json":{"title":"CIOTA 4 Pockets Denim Jacket Dark Blue Damage","description":"CIOTA celebrates materials through understated silhouettes. This CIOTA - 4 Pockets Denim Jacket JKLM-306-PIDBL-D - Dark Blue Damage is unique. Discover now.","robots":{"index":"index","follow":"follow","max-snippet":"max-snippet:-1","max-image-preview":"max-image-preview:large","max-video-preview":"max-video-preview:-1"},"canonical":"https:\/\/rendez-vous-store.com\/fr\/shop\/special-offer-men-rendez-vous-store\/men-coat-and-jacket-special-offer\/ciota-4-pockets-denim-jacket-jklm-306-pidbl-d-dark-blue-damage-rendez-vous-store\/","og_locale":"fr_FR","og_type":"article","og_title":"CIOTA 4 Pockets Denim Jacket Dark Blue Damage","og_description":"CIOTA celebrates materials through understated silhouettes. This CIOTA - 4 Pockets Denim Jacket JKLM-306-PIDBL-D - Dark Blue Damage is unique. Discover now.","og_url":"https:\/\/rendez-vous-store.com\/fr\/shop\/special-offer-men-rendez-vous-store\/men-coat-and-jacket-special-offer\/ciota-4-pockets-denim-jacket-jklm-306-pidbl-d-dark-blue-damage-rendez-vous-store\/","og_site_name":"RENDEZ-VOUS STORE","article_modified_time":"2026-03-16T18:14:00+00:00","og_image":[{"width":1696,"height":2560,"url":"https:\/\/rendez-vous-store.com\/app\/uploads\/2025\/06\/24.webp","type":"image\/webp"}],"twitter_card":"summary_large_image","twitter_misc":{"Est. reading time":"2 minutes"},"schema":{"@context":"https:\/\/schema.org","@graph":[{"@type":"WebPage","@id":"https:\/\/rendez-vous-store.com\/shop\/special-offer-men-rendez-vous-store\/men-coat-and-jacket-special-offer\/ciota-4-pockets-denim-jacket-jklm-306-pidbl-d-dark-blue-damage-rendez-vous-store\/","url":"https:\/\/rendez-vous-store.com\/shop\/special-offer-men-rendez-vous-store\/men-coat-and-jacket-special-offer\/ciota-4-pockets-denim-jacket-jklm-306-pidbl-d-dark-blue-damage-rendez-vous-store\/","name":"CIOTA 4 Pockets Denim Jacket Dark Blue Damage","isPartOf":{"@id":"https:\/\/rendez-vous-store.com\/#website"},"primaryImageOfPage":{"@id":"https:\/\/rendez-vous-store.com\/shop\/special-offer-men-rendez-vous-store\/men-coat-and-jacket-special-offer\/ciota-4-pockets-denim-jacket-jklm-306-pidbl-d-dark-blue-damage-rendez-vous-store\/#primaryimage"},"image":{"@id":"https:\/\/rendez-vous-store.com\/shop\/special-offer-men-rendez-vous-store\/men-coat-and-jacket-special-offer\/ciota-4-pockets-denim-jacket-jklm-306-pidbl-d-dark-blue-damage-rendez-vous-store\/#primaryimage"},"thumbnailUrl":"https:\/\/rendez-vous-store.com\/app\/uploads\/2025\/06\/24.webp","datePublished":"2025-06-05T07:46:08+00:00","dateModified":"2026-03-16T18:14:00+00:00","description":"CIOTA celebrates materials through understated silhouettes. This CIOTA - 4 Pockets Denim Jacket JKLM-306-PIDBL-D - Dark Blue Damage is unique. Discover now.","breadcrumb":{"@id":"https:\/\/rendez-vous-store.com\/shop\/special-offer-men-rendez-vous-store\/men-coat-and-jacket-special-offer\/ciota-4-pockets-denim-jacket-jklm-306-pidbl-d-dark-blue-damage-rendez-vous-store\/#breadcrumb"},"inLanguage":"fr-FR","potentialAction":[{"@type":"ReadAction","target":["https:\/\/rendez-vous-store.com\/shop\/special-offer-men-rendez-vous-store\/men-coat-and-jacket-special-offer\/ciota-4-pockets-denim-jacket-jklm-306-pidbl-d-dark-blue-damage-rendez-vous-store\/"]}]},{"@type":"ImageObject","inLanguage":"fr-FR","@id":"https:\/\/rendez-vous-store.com\/shop\/special-offer-men-rendez-vous-store\/men-coat-and-jacket-special-offer\/ciota-4-pockets-denim-jacket-jklm-306-pidbl-d-dark-blue-damage-rendez-vous-store\/#primaryimage","url":"https:\/\/rendez-vous-store.com\/app\/uploads\/2025\/06\/24.webp","contentUrl":"https:\/\/rendez-vous-store.com\/app\/uploads\/2025\/06\/24.webp","width":1696,"height":2560},{"@type":"BreadcrumbList","@id":"https:\/\/rendez-vous-store.com\/shop\/special-offer-men-rendez-vous-store\/men-coat-and-jacket-special-offer\/ciota-4-pockets-denim-jacket-jklm-306-pidbl-d-dark-blue-damage-rendez-vous-store\/#breadcrumb","itemListElement":[{"@type":"ListItem","position":1,"name":"Home","item":"https:\/\/rendez-vous-store.com\/"},{"@type":"ListItem","position":2,"name":"Shop","item":"https:\/\/www.rendez-vous-store.com\/shop\/"},{"@type":"ListItem","position":3,"name":"CIOTA &#8211; 4 Pockets Denim Jacket JKLM-306-PIDBL-D &#8211; Dark Blue Damage"}]},{"@type":"WebSite","@id":"https:\/\/rendez-vous-store.com\/#website","url":"https:\/\/rendez-vous-store.com\/","name":"RENDEZ-VOUS STORE","description":"Slow Fashion for Women and Men","potentialAction":[{"@type":"SearchAction","target":{"@type":"EntryPoint","urlTemplate":"https:\/\/rendez-vous-store.com\/?s={search_term_string}"},"query-input":{"@type":"PropertyValueSpecification","valueRequired":true,"valueName":"search_term_string"}}],"inLanguage":"fr-FR"}]}},"_links":{"self":[{"href":"https:\/\/rendez-vous-store.com\/fr\/wp-json\/wp\/v2\/product\/207063","targetHints":{"allow":["GET"]}}],"collection":[{"href":"https:\/\/rendez-vous-store.com\/fr\/wp-json\/wp\/v2\/product"}],"about":[{"href":"https:\/\/rendez-vous-store.com\/fr\/wp-json\/wp\/v2\/types\/product"}],"wp:featuredmedia":[{"embeddable":true,"href":"https:\/\/rendez-vous-store.com\/fr\/wp-json\/wp\/v2\/media\/207233"}],"wp:attachment":[{"href":"https:\/\/rendez-vous-store.com\/fr\/wp-json\/wp\/v2\/media?parent=207063"}],"wp:term":[{"taxonomy":"product_brand","embeddable":true,"href":"https:\/\/rendez-vous-store.com\/fr\/wp-json\/wp\/v2\/product_brand?post=207063"},{"taxonomy":"product_cat","embeddable":true,"href":"https:\/\/rendez-vous-store.com\/fr\/wp-json\/wp\/v2\/product_cat?post=207063"},{"taxonomy":"product_tag","embeddable":true,"href":"https:\/\/rendez-vous-store.com\/fr\/wp-json\/wp\/v2\/product_tag?post=207063"}],"curies":[{"name":"wp","href":"https:\/\/api.w.org\/{rel}","templated":true}]}}