{"id":206814,"date":"2025-05-28T14:51:16","date_gmt":"2025-05-28T12:51:16","guid":{"rendered":"https:\/\/rendez-vous-store.com\/?post_type=product&#038;p=206814"},"modified":"2026-04-24T15:58:54","modified_gmt":"2026-04-24T13:58:54","slug":"brady-leven-mini-natural-linen-black","status":"publish","type":"product","link":"https:\/\/rendez-vous-store.com\/fr\/shop\/women\/women-bags-rendez-vous-store\/brady-leven-mini-natural-linen-black\/","title":{"rendered":"Brady \u2013 Leven Mini \u2013 Lin Naturel Noir"},"content":{"rendered":"<p><strong>Brady Leven Mini Lin naturel Noir<\/strong><\/p>\n<p>Couleur : Lin Naturel Noir<\/p>\n<p>Sac \u00e0 bandouli\u00e8re<\/p>\n<p>Fermier crochet<\/p>\n<p>Poign\u00e9e sup\u00e9rieure r\u00e9glable<\/p>\n<p>Compartiment principal<\/p>\n<p>Poche int\u00e9rieure plaqu\u00e9e<\/p>\n<p>Composition : Drill Drop, 100 % Coton%<\/p>\n<p>Fond en cuir<\/p>\n<p>Fabriqu\u00e9 en Angleterre<\/p>\n<p>&nbsp;<\/p>\n<p>Le Leven Mini de Brady offre une texture de lin naturel avec d'\u00e9l\u00e9gantes touches de cuir noir. L\u00e9ger et styl\u00e9, il est parfait pour une sophistication mains-libres. Un sac compact con\u00e7u pour un usage quotidien raffin\u00e9.<\/p>\n<p>&nbsp;<\/p>\n<p>&nbsp;<\/p>\n<p>&nbsp;<\/p>\n<p><strong>La marque<\/strong><\/p>\n<p>Les fr\u00e8res Brady, John et Albert, ont fond\u00e9 leur entreprise \u00e0 Birmingham en 1887. Commen\u00e7ant par la fabrication d'\u00e9tuis de fusil en cuir, leur gamme s'est \u00e9largie au fil des ann\u00e9es pour inclure des sacs de p\u00eache et de chasse. Brady est devenu mondialement r\u00e9put\u00e9 comme fabricant d'articles de sport en cuir de la plus haute qualit\u00e9. Brady Bags avait une r\u00e9putation de qualit\u00e9 et de long\u00e9vit\u00e9.<\/p>","protected":false},"excerpt":{"rendered":"<p>Brady Leven Mini Natural Linen Black Color: Natural Linen Black Shoulder Bag Farmer hook Adjustable top handle Main compartment Internal patch pocket Composition : Drill Drop, 100% Cotton Leather Bottom Made in England &nbsp; The Leven Mini by Brady offers natural linen texture with elegant black leather accents. Lightweight and stylish, it\u2019s perfect for hands-free&hellip; <a class=\"more-link\" href=\"https:\/\/rendez-vous-store.com\/fr\/shop\/women\/women-bags-rendez-vous-store\/brady-leven-mini-natural-linen-black\/\">Continuer la lecture <span class=\"screen-reader-text\">Brady \u2013 Leven Mini \u2013 Lin Naturel Noir<\/span><\/a><\/p>","protected":false},"featured_media":207012,"template":"","meta":{"_acf_changed":false},"product_brand":[],"product_cat":[17,417],"product_tag":[416],"class_list":{"0":"post-206814","1":"product","2":"type-product","3":"status-publish","4":"has-post-thumbnail","6":"product_cat-women","7":"product_cat-women-bags-rendez-vous-store","8":"product_tag-brady-rendez-vous-store","9":"entry","11":"first","12":"outofstock","13":"taxable","14":"shipping-taxable","15":"product-type-variable"},"acf":[],"yoast_head":"<!-- This site is optimized with the Yoast SEO plugin v24.9 - https:\/\/yoast.com\/wordpress\/plugins\/seo\/ -->\n<title>Brady - Leven Mini Natural Linen Black<\/title>\n<meta name=\"description\" content=\"Now available at Rendez-Vous Store. The Brady Leven Mini Natural Linen Black iconic British craftsmanship meets timeless style since 1887.\" \/>\n<meta name=\"robots\" content=\"index, follow, max-snippet:-1, max-image-preview:large, max-video-preview:-1\" \/>\n<link rel=\"canonical\" href=\"https:\/\/rendez-vous-store.com\/fr\/shop\/women\/women-bags-rendez-vous-store\/brady-leven-mini-natural-linen-black\/\" \/>\n<meta property=\"og:locale\" content=\"fr_FR\" \/>\n<meta property=\"og:type\" content=\"article\" \/>\n<meta property=\"og:title\" content=\"Brady - Leven Mini Natural Linen Black\" \/>\n<meta property=\"og:description\" content=\"Now available at Rendez-Vous Store. The Brady Leven Mini Natural Linen Black iconic British craftsmanship meets timeless style since 1887.\" \/>\n<meta property=\"og:url\" content=\"https:\/\/rendez-vous-store.com\/fr\/shop\/women\/women-bags-rendez-vous-store\/brady-leven-mini-natural-linen-black\/\" \/>\n<meta property=\"og:site_name\" content=\"RENDEZ-VOUS STORE\" \/>\n<meta property=\"article:modified_time\" content=\"2026-04-24T13:58:54+00:00\" \/>\n<meta property=\"og:image\" content=\"https:\/\/rendez-vous-store.com\/app\/uploads\/2025\/05\/rdv_brady_20-scaled.webp\" \/>\n\t<meta property=\"og:image:width\" content=\"1696\" \/>\n\t<meta property=\"og:image:height\" content=\"2560\" \/>\n\t<meta property=\"og:image:type\" content=\"image\/webp\" \/>\n<meta name=\"twitter:card\" content=\"summary_large_image\" \/>\n<meta name=\"twitter:label1\" content=\"Est. reading time\" \/>\n\t<meta name=\"twitter:data1\" content=\"1 minute\" \/>\n<script type=\"application\/ld+json\" class=\"yoast-schema-graph\">{\"@context\":\"https:\/\/schema.org\",\"@graph\":[{\"@type\":\"WebPage\",\"@id\":\"https:\/\/rendez-vous-store.com\/shop\/women\/women-bags-rendez-vous-store\/brady-leven-mini-natural-linen-black\/\",\"url\":\"https:\/\/rendez-vous-store.com\/shop\/women\/women-bags-rendez-vous-store\/brady-leven-mini-natural-linen-black\/\",\"name\":\"Brady - Leven Mini Natural Linen Black\",\"isPartOf\":{\"@id\":\"https:\/\/rendez-vous-store.com\/#website\"},\"primaryImageOfPage\":{\"@id\":\"https:\/\/rendez-vous-store.com\/shop\/women\/women-bags-rendez-vous-store\/brady-leven-mini-natural-linen-black\/#primaryimage\"},\"image\":{\"@id\":\"https:\/\/rendez-vous-store.com\/shop\/women\/women-bags-rendez-vous-store\/brady-leven-mini-natural-linen-black\/#primaryimage\"},\"thumbnailUrl\":\"https:\/\/rendez-vous-store.com\/app\/uploads\/2025\/05\/rdv_brady_20-scaled.webp\",\"datePublished\":\"2025-05-28T12:51:16+00:00\",\"dateModified\":\"2026-04-24T13:58:54+00:00\",\"description\":\"Now available at Rendez-Vous Store. The Brady Leven Mini Natural Linen Black iconic British craftsmanship meets timeless style since 1887.\",\"breadcrumb\":{\"@id\":\"https:\/\/rendez-vous-store.com\/shop\/women\/women-bags-rendez-vous-store\/brady-leven-mini-natural-linen-black\/#breadcrumb\"},\"inLanguage\":\"fr-FR\",\"potentialAction\":[{\"@type\":\"ReadAction\",\"target\":[\"https:\/\/rendez-vous-store.com\/shop\/women\/women-bags-rendez-vous-store\/brady-leven-mini-natural-linen-black\/\"]}]},{\"@type\":\"ImageObject\",\"inLanguage\":\"fr-FR\",\"@id\":\"https:\/\/rendez-vous-store.com\/shop\/women\/women-bags-rendez-vous-store\/brady-leven-mini-natural-linen-black\/#primaryimage\",\"url\":\"https:\/\/rendez-vous-store.com\/app\/uploads\/2025\/05\/rdv_brady_20-scaled.webp\",\"contentUrl\":\"https:\/\/rendez-vous-store.com\/app\/uploads\/2025\/05\/rdv_brady_20-scaled.webp\",\"width\":1696,\"height\":2560,\"caption\":\"Brady - Leven Mini - Natural Linen Black\"},{\"@type\":\"BreadcrumbList\",\"@id\":\"https:\/\/rendez-vous-store.com\/shop\/women\/women-bags-rendez-vous-store\/brady-leven-mini-natural-linen-black\/#breadcrumb\",\"itemListElement\":[{\"@type\":\"ListItem\",\"position\":1,\"name\":\"Home\",\"item\":\"https:\/\/rendez-vous-store.com\/\"},{\"@type\":\"ListItem\",\"position\":2,\"name\":\"Shop\",\"item\":\"https:\/\/www.rendez-vous-store.com\/shop\/\"},{\"@type\":\"ListItem\",\"position\":3,\"name\":\"Brady &#8211; Leven Mini &#8211; Natural Linen Black\"}]},{\"@type\":\"WebSite\",\"@id\":\"https:\/\/rendez-vous-store.com\/#website\",\"url\":\"https:\/\/rendez-vous-store.com\/\",\"name\":\"RENDEZ-VOUS STORE\",\"description\":\"Slow Fashion for Women and Men\",\"potentialAction\":[{\"@type\":\"SearchAction\",\"target\":{\"@type\":\"EntryPoint\",\"urlTemplate\":\"https:\/\/rendez-vous-store.com\/?s={search_term_string}\"},\"query-input\":{\"@type\":\"PropertyValueSpecification\",\"valueRequired\":true,\"valueName\":\"search_term_string\"}}],\"inLanguage\":\"fr-FR\"}]}<\/script>\n<!-- \/ Yoast SEO plugin. -->","yoast_head_json":{"title":"Brady - Leven Mini Natural Linen Black","description":"Now available at Rendez-Vous Store. The Brady Leven Mini Natural Linen Black iconic British craftsmanship meets timeless style since 1887.","robots":{"index":"index","follow":"follow","max-snippet":"max-snippet:-1","max-image-preview":"max-image-preview:large","max-video-preview":"max-video-preview:-1"},"canonical":"https:\/\/rendez-vous-store.com\/fr\/shop\/women\/women-bags-rendez-vous-store\/brady-leven-mini-natural-linen-black\/","og_locale":"fr_FR","og_type":"article","og_title":"Brady - Leven Mini Natural Linen Black","og_description":"Now available at Rendez-Vous Store. The Brady Leven Mini Natural Linen Black iconic British craftsmanship meets timeless style since 1887.","og_url":"https:\/\/rendez-vous-store.com\/fr\/shop\/women\/women-bags-rendez-vous-store\/brady-leven-mini-natural-linen-black\/","og_site_name":"RENDEZ-VOUS STORE","article_modified_time":"2026-04-24T13:58:54+00:00","og_image":[{"width":1696,"height":2560,"url":"https:\/\/rendez-vous-store.com\/app\/uploads\/2025\/05\/rdv_brady_20-scaled.webp","type":"image\/webp"}],"twitter_card":"summary_large_image","twitter_misc":{"Est. reading time":"1 minute"},"schema":{"@context":"https:\/\/schema.org","@graph":[{"@type":"WebPage","@id":"https:\/\/rendez-vous-store.com\/shop\/women\/women-bags-rendez-vous-store\/brady-leven-mini-natural-linen-black\/","url":"https:\/\/rendez-vous-store.com\/shop\/women\/women-bags-rendez-vous-store\/brady-leven-mini-natural-linen-black\/","name":"Brady - Leven Mini Natural Linen Black","isPartOf":{"@id":"https:\/\/rendez-vous-store.com\/#website"},"primaryImageOfPage":{"@id":"https:\/\/rendez-vous-store.com\/shop\/women\/women-bags-rendez-vous-store\/brady-leven-mini-natural-linen-black\/#primaryimage"},"image":{"@id":"https:\/\/rendez-vous-store.com\/shop\/women\/women-bags-rendez-vous-store\/brady-leven-mini-natural-linen-black\/#primaryimage"},"thumbnailUrl":"https:\/\/rendez-vous-store.com\/app\/uploads\/2025\/05\/rdv_brady_20-scaled.webp","datePublished":"2025-05-28T12:51:16+00:00","dateModified":"2026-04-24T13:58:54+00:00","description":"Now available at Rendez-Vous Store. The Brady Leven Mini Natural Linen Black iconic British craftsmanship meets timeless style since 1887.","breadcrumb":{"@id":"https:\/\/rendez-vous-store.com\/shop\/women\/women-bags-rendez-vous-store\/brady-leven-mini-natural-linen-black\/#breadcrumb"},"inLanguage":"fr-FR","potentialAction":[{"@type":"ReadAction","target":["https:\/\/rendez-vous-store.com\/shop\/women\/women-bags-rendez-vous-store\/brady-leven-mini-natural-linen-black\/"]}]},{"@type":"ImageObject","inLanguage":"fr-FR","@id":"https:\/\/rendez-vous-store.com\/shop\/women\/women-bags-rendez-vous-store\/brady-leven-mini-natural-linen-black\/#primaryimage","url":"https:\/\/rendez-vous-store.com\/app\/uploads\/2025\/05\/rdv_brady_20-scaled.webp","contentUrl":"https:\/\/rendez-vous-store.com\/app\/uploads\/2025\/05\/rdv_brady_20-scaled.webp","width":1696,"height":2560,"caption":"Brady - Leven Mini - Natural Linen Black"},{"@type":"BreadcrumbList","@id":"https:\/\/rendez-vous-store.com\/shop\/women\/women-bags-rendez-vous-store\/brady-leven-mini-natural-linen-black\/#breadcrumb","itemListElement":[{"@type":"ListItem","position":1,"name":"Home","item":"https:\/\/rendez-vous-store.com\/"},{"@type":"ListItem","position":2,"name":"Shop","item":"https:\/\/www.rendez-vous-store.com\/shop\/"},{"@type":"ListItem","position":3,"name":"Brady &#8211; Leven Mini &#8211; Natural Linen Black"}]},{"@type":"WebSite","@id":"https:\/\/rendez-vous-store.com\/#website","url":"https:\/\/rendez-vous-store.com\/","name":"RENDEZ-VOUS STORE","description":"Slow Fashion for Women and Men","potentialAction":[{"@type":"SearchAction","target":{"@type":"EntryPoint","urlTemplate":"https:\/\/rendez-vous-store.com\/?s={search_term_string}"},"query-input":{"@type":"PropertyValueSpecification","valueRequired":true,"valueName":"search_term_string"}}],"inLanguage":"fr-FR"}]}},"_links":{"self":[{"href":"https:\/\/rendez-vous-store.com\/fr\/wp-json\/wp\/v2\/product\/206814","targetHints":{"allow":["GET"]}}],"collection":[{"href":"https:\/\/rendez-vous-store.com\/fr\/wp-json\/wp\/v2\/product"}],"about":[{"href":"https:\/\/rendez-vous-store.com\/fr\/wp-json\/wp\/v2\/types\/product"}],"wp:featuredmedia":[{"embeddable":true,"href":"https:\/\/rendez-vous-store.com\/fr\/wp-json\/wp\/v2\/media\/207012"}],"wp:attachment":[{"href":"https:\/\/rendez-vous-store.com\/fr\/wp-json\/wp\/v2\/media?parent=206814"}],"wp:term":[{"taxonomy":"product_brand","embeddable":true,"href":"https:\/\/rendez-vous-store.com\/fr\/wp-json\/wp\/v2\/product_brand?post=206814"},{"taxonomy":"product_cat","embeddable":true,"href":"https:\/\/rendez-vous-store.com\/fr\/wp-json\/wp\/v2\/product_cat?post=206814"},{"taxonomy":"product_tag","embeddable":true,"href":"https:\/\/rendez-vous-store.com\/fr\/wp-json\/wp\/v2\/product_tag?post=206814"}],"curies":[{"name":"wp","href":"https:\/\/api.w.org\/{rel}","templated":true}]}}