{"id":206658,"date":"2025-05-27T10:10:47","date_gmt":"2025-05-27T08:10:47","guid":{"rendered":"https:\/\/rendez-vous-store.com\/?post_type=product&#038;p=206658"},"modified":"2026-03-16T18:58:29","modified_gmt":"2026-03-16T17:58:29","slug":"tss-cover-all-jacket-yt52bj02-khaki-rendez-vous-store","status":"publish","type":"product","link":"https:\/\/rendez-vous-store.com\/fr\/shop\/last-pieces-men\/last-pieces-men-coat-jacket-rendez-vous-store\/tss-cover-all-jacket-yt52bj02-khaki-rendez-vous-store\/","title":{"rendered":"Ts(s) \u2013 Veste de costume YT52BJ02 \u2013 Kaki"},"content":{"rendered":"<p><strong>Ts(s) Manteau Tout Confort YT52BJ02 Kaki<\/strong><\/p>\n<p>Couleur : Kaki<\/p>\n<p>Coupe d\u00e9contract\u00e9e<\/p>\n<p>Col classique<\/p>\n<p>Fermeture par bouton<\/p>\n<p>Manches longues<\/p>\n<p>Deux poches poitrine<\/p>\n<p>Inspir\u00e9 par les vestes d'atelier<\/p>\n<p>12 oz. teinture \u00e0 chaud double<\/p>\n<p>Pochettes inf\u00e9rieures<\/p>\n<p>Composition : 54% Lin, 23% Coton, 23% Polyester<\/p>\n<p>Fabriqu\u00e9 au Japon<\/p>\n<p>&nbsp;<\/p>\n<p data-start=\"167\" data-end=\"375\">La Ts(s) \u2013 Cover All Jacket YT52BJ02 \u2013 Kaki r\u00e9invente un basique utilitaire avec une sophistication subtile. Fabriqu\u00e9e au Japon, elle combine un tissu r\u00e9sistant avec une silhouette d\u00e9contract\u00e9e et carr\u00e9e qui permet un habillage confortable en superposition.<\/p>\n<p data-start=\"377\" data-end=\"638\">Confectionn\u00e9e avec pr\u00e9cision, la veste pr\u00e9sente des lignes \u00e9pur\u00e9es, des coutures renforc\u00e9es et des poches plaqu\u00e9es fonctionnelles qui offrent \u00e0 la fois praticit\u00e9 et structure. La teinte kaki terreuse apporte chaleur et neutralit\u00e9, s'accordant facilement avec le denim, les tailleurs ou les pi\u00e8ces ton sur ton.<\/p>\n<p data-start=\"640\" data-end=\"818\">De plus, le m\u00e9lange de coton doux assure une grande libert\u00e9 de mouvement tout en conservant sa forme. L'ouverture boutonn\u00e9e sur le devant et le col pointu rehaussent la pi\u00e8ce sans s'\u00e9loigner de ses racines workwear.<\/p>\n<p data-start=\"820\" data-end=\"1024\" data-is-last-node=\"\" data-is-only-node=\"\">Qu'elle soit port\u00e9e ouverte sur un t-shirt ou boutonn\u00e9e avec un pantalon, cette veste ajoute une confiance discr\u00e8te aux looks de tous les jours. Elle refl\u00e8te l'approche de Ts(s) \u2014 des v\u00eatements con\u00e7us avec soin qui \u00e9quilibrent h\u00e9ritage et modernit\u00e9.<\/p>\n<p>&nbsp;<\/p>\n<p>&nbsp;<\/p>\n<p><strong>Les mesures :<\/strong><\/p>\n<p>Taille S : \u00c9paules : 54 cm, Poitrine : 63 cm, Manches : 61 cm, Longueur : 78 cm, Emmanchures : 27 cm<\/p>\n<p>Taille L : \u00c9paules : 58 cm, Poitrine : 65 cm, Manches : 64 cm, Longueur : 82 cm, Emmanchures : 27 cm<\/p>\n<p>&nbsp;<\/p>\n<p>&nbsp;<\/p>\n<p>&nbsp;<\/p>\n<h4>La marque<\/h4>\n<p>Ts(s) est une marque japonaise qui incarne le mariage de l'esth\u00e9tique traditionnelle et des sensibilit\u00e9s contemporaines. S'inspirant de diverses sources telles que les v\u00eatements de travail, les uniformes militaires et les tenues de sport, Ts(s) cr\u00e9e des v\u00eatements qui allient harmonieusement l'h\u00e9ritage et les principes de conception modernes.<\/p>\n<p>Chaque pi\u00e8ce m\u00e9ticuleusement fabriqu\u00e9e t\u00e9moigne d'un souci du d\u00e9tail et d'un engagement en faveur d'un travail de qualit\u00e9 sup\u00e9rieure. Des vestes impeccablement taill\u00e9es aux pantalons robustes mais raffin\u00e9s, les v\u00eatements Ts(s) d\u00e9gagent un air de sophistication et de qualit\u00e9 intemporelle.<\/p>\n<p>L'un des principaux atouts de Ts(s) r\u00e9side dans son utilisation magistrale de la couleur et de la texture. La marque associe sans effort une palette de couleurs \u00e9clectiques \u00e0 une gamme vari\u00e9e de mat\u00e9riaux, ce qui donne des pi\u00e8ces visuellement frappantes et \u00e0 la texture unique qui attirent l'attention dans n'importe quelle garde-robe.<\/p>\n<p>Qu'il s'agisse d'un blazer structur\u00e9 infus\u00e9 d'\u00e9l\u00e9ments utilitaires ou d'une chemise d\u00e9contract\u00e9e orn\u00e9e d'embellissements inattendus, Ts(s) propose constamment des v\u00eatements qui incarnent la polyvalence, la cr\u00e9ativit\u00e9 et le style sans effort. Chaque pi\u00e8ce sert de toile \u00e0 l'expression de soi, permettant \u00e0 celui qui la porte de s'affirmer tout en embrassant l'\u00e9thique de la marque en mati\u00e8re d'individualit\u00e9 et d'innovation.<\/p>\n<p>&nbsp;<\/p>\n<p><a href=\"https:\/\/www.instagram.com\/p\/DKNHXsOoRaV\/?img_index=1\">Laissez-vous inspirer par nos looks TS(S) sur notre Instagram.<\/a><\/p>","protected":false},"excerpt":{"rendered":"<p>Ts(s) Cover All Jacket YT52BJ02 Khaki Color: Khaki Relaxed fit Classic Collar Button Closure Long Sleeves Two chest Pockets Inspired by workshop chore jackets 12 oz. Garment Dye Double Patch Lower Pockets Composition: 54% Linen, 23% Cotton, 23% Polyester Made in Japan &nbsp; The Ts(s) &#8211; Cover All Jacket YT52BJ02 &#8211; Khaki reimagines a utilitarian&hellip; <a class=\"more-link\" href=\"https:\/\/rendez-vous-store.com\/fr\/shop\/last-pieces-men\/last-pieces-men-coat-jacket-rendez-vous-store\/tss-cover-all-jacket-yt52bj02-khaki-rendez-vous-store\/\">Continuer la lecture <span class=\"screen-reader-text\">Ts(s) \u2013 Veste de costume YT52BJ02 \u2013 Kaki<\/span><\/a><\/p>","protected":false},"featured_media":206883,"template":"","meta":{"_acf_changed":false},"product_brand":[],"product_cat":[1291,1137,1150,20,53],"product_tag":[727],"class_list":{"0":"post-206658","1":"product","2":"type-product","3":"status-publish","4":"has-post-thumbnail","6":"product_cat-sale-30","7":"product_cat-last-pieces-men","8":"product_cat-last-pieces-men-coat-jacket-rendez-vous-store","9":"product_cat-men-selection-discover-our-selection-rendez-vous-store","10":"product_cat-jackets-coats-discover-our-selection","11":"product_tag-tss","12":"entry","14":"first","15":"instock","16":"taxable","17":"shipping-taxable","18":"purchasable","19":"product-type-variable"},"acf":[],"yoast_head":"<!-- This site is optimized with the Yoast SEO plugin v24.9 - https:\/\/yoast.com\/wordpress\/plugins\/seo\/ -->\n<title>Ts(s) Cover All Jacket YT52BJ02 Khaki<\/title>\n<meta name=\"description\" content=\"This Ts(s) - Cover All Jacket YT52BJ02 - Khaki represents blends contemporary style with exceptional comfort. Discover now on Rendez-vous Store.\" \/>\n<meta name=\"robots\" content=\"index, follow, max-snippet:-1, max-image-preview:large, max-video-preview:-1\" \/>\n<link rel=\"canonical\" href=\"https:\/\/rendez-vous-store.com\/fr\/shop\/last-pieces-men\/last-pieces-men-coat-jacket-rendez-vous-store\/tss-cover-all-jacket-yt52bj02-khaki-rendez-vous-store\/\" \/>\n<meta property=\"og:locale\" content=\"fr_FR\" \/>\n<meta property=\"og:type\" content=\"article\" \/>\n<meta property=\"og:title\" content=\"Ts(s) Cover All Jacket YT52BJ02 Khaki\" \/>\n<meta property=\"og:description\" content=\"This Ts(s) - Cover All Jacket YT52BJ02 - Khaki represents blends contemporary style with exceptional comfort. Discover now on Rendez-vous Store.\" \/>\n<meta property=\"og:url\" content=\"https:\/\/rendez-vous-store.com\/fr\/shop\/last-pieces-men\/last-pieces-men-coat-jacket-rendez-vous-store\/tss-cover-all-jacket-yt52bj02-khaki-rendez-vous-store\/\" \/>\n<meta property=\"og:site_name\" content=\"RENDEZ-VOUS STORE\" \/>\n<meta property=\"article:modified_time\" content=\"2026-03-16T17:58:29+00:00\" \/>\n<meta property=\"og:image\" content=\"https:\/\/rendez-vous-store.com\/app\/uploads\/2025\/05\/17-6.webp\" \/>\n\t<meta property=\"og:image:width\" content=\"1696\" \/>\n\t<meta property=\"og:image:height\" content=\"2560\" \/>\n\t<meta property=\"og:image:type\" content=\"image\/webp\" \/>\n<meta name=\"twitter:card\" content=\"summary_large_image\" \/>\n<meta name=\"twitter:label1\" content=\"Est. reading time\" \/>\n\t<meta name=\"twitter:data1\" content=\"2 minutes\" \/>\n<script type=\"application\/ld+json\" class=\"yoast-schema-graph\">{\"@context\":\"https:\/\/schema.org\",\"@graph\":[{\"@type\":\"WebPage\",\"@id\":\"https:\/\/rendez-vous-store.com\/shop\/last-pieces-men\/last-pieces-men-coat-jacket-rendez-vous-store\/tss-cover-all-jacket-yt52bj02-khaki-rendez-vous-store\/\",\"url\":\"https:\/\/rendez-vous-store.com\/shop\/last-pieces-men\/last-pieces-men-coat-jacket-rendez-vous-store\/tss-cover-all-jacket-yt52bj02-khaki-rendez-vous-store\/\",\"name\":\"Ts(s) Cover All Jacket YT52BJ02 Khaki\",\"isPartOf\":{\"@id\":\"https:\/\/rendez-vous-store.com\/#website\"},\"primaryImageOfPage\":{\"@id\":\"https:\/\/rendez-vous-store.com\/shop\/last-pieces-men\/last-pieces-men-coat-jacket-rendez-vous-store\/tss-cover-all-jacket-yt52bj02-khaki-rendez-vous-store\/#primaryimage\"},\"image\":{\"@id\":\"https:\/\/rendez-vous-store.com\/shop\/last-pieces-men\/last-pieces-men-coat-jacket-rendez-vous-store\/tss-cover-all-jacket-yt52bj02-khaki-rendez-vous-store\/#primaryimage\"},\"thumbnailUrl\":\"https:\/\/rendez-vous-store.com\/app\/uploads\/2025\/05\/17-6.webp\",\"datePublished\":\"2025-05-27T08:10:47+00:00\",\"dateModified\":\"2026-03-16T17:58:29+00:00\",\"description\":\"This Ts(s) - Cover All Jacket YT52BJ02 - Khaki represents blends contemporary style with exceptional comfort. Discover now on Rendez-vous Store.\",\"breadcrumb\":{\"@id\":\"https:\/\/rendez-vous-store.com\/shop\/last-pieces-men\/last-pieces-men-coat-jacket-rendez-vous-store\/tss-cover-all-jacket-yt52bj02-khaki-rendez-vous-store\/#breadcrumb\"},\"inLanguage\":\"fr-FR\",\"potentialAction\":[{\"@type\":\"ReadAction\",\"target\":[\"https:\/\/rendez-vous-store.com\/shop\/last-pieces-men\/last-pieces-men-coat-jacket-rendez-vous-store\/tss-cover-all-jacket-yt52bj02-khaki-rendez-vous-store\/\"]}]},{\"@type\":\"ImageObject\",\"inLanguage\":\"fr-FR\",\"@id\":\"https:\/\/rendez-vous-store.com\/shop\/last-pieces-men\/last-pieces-men-coat-jacket-rendez-vous-store\/tss-cover-all-jacket-yt52bj02-khaki-rendez-vous-store\/#primaryimage\",\"url\":\"https:\/\/rendez-vous-store.com\/app\/uploads\/2025\/05\/17-6.webp\",\"contentUrl\":\"https:\/\/rendez-vous-store.com\/app\/uploads\/2025\/05\/17-6.webp\",\"width\":1696,\"height\":2560},{\"@type\":\"BreadcrumbList\",\"@id\":\"https:\/\/rendez-vous-store.com\/shop\/last-pieces-men\/last-pieces-men-coat-jacket-rendez-vous-store\/tss-cover-all-jacket-yt52bj02-khaki-rendez-vous-store\/#breadcrumb\",\"itemListElement\":[{\"@type\":\"ListItem\",\"position\":1,\"name\":\"Home\",\"item\":\"https:\/\/rendez-vous-store.com\/\"},{\"@type\":\"ListItem\",\"position\":2,\"name\":\"Shop\",\"item\":\"https:\/\/www.rendez-vous-store.com\/shop\/\"},{\"@type\":\"ListItem\",\"position\":3,\"name\":\"Ts(s) &#8211; Cover All Jacket YT52BJ02 &#8211; Khaki\"}]},{\"@type\":\"WebSite\",\"@id\":\"https:\/\/rendez-vous-store.com\/#website\",\"url\":\"https:\/\/rendez-vous-store.com\/\",\"name\":\"RENDEZ-VOUS STORE\",\"description\":\"Slow Fashion for Women and Men\",\"potentialAction\":[{\"@type\":\"SearchAction\",\"target\":{\"@type\":\"EntryPoint\",\"urlTemplate\":\"https:\/\/rendez-vous-store.com\/?s={search_term_string}\"},\"query-input\":{\"@type\":\"PropertyValueSpecification\",\"valueRequired\":true,\"valueName\":\"search_term_string\"}}],\"inLanguage\":\"fr-FR\"}]}<\/script>\n<!-- \/ Yoast SEO plugin. -->","yoast_head_json":{"title":"Ts(s) Cover All Jacket YT52BJ02 Khaki","description":"This Ts(s) - Cover All Jacket YT52BJ02 - Khaki represents blends contemporary style with exceptional comfort. Discover now on Rendez-vous Store.","robots":{"index":"index","follow":"follow","max-snippet":"max-snippet:-1","max-image-preview":"max-image-preview:large","max-video-preview":"max-video-preview:-1"},"canonical":"https:\/\/rendez-vous-store.com\/fr\/shop\/last-pieces-men\/last-pieces-men-coat-jacket-rendez-vous-store\/tss-cover-all-jacket-yt52bj02-khaki-rendez-vous-store\/","og_locale":"fr_FR","og_type":"article","og_title":"Ts(s) Cover All Jacket YT52BJ02 Khaki","og_description":"This Ts(s) - Cover All Jacket YT52BJ02 - Khaki represents blends contemporary style with exceptional comfort. Discover now on Rendez-vous Store.","og_url":"https:\/\/rendez-vous-store.com\/fr\/shop\/last-pieces-men\/last-pieces-men-coat-jacket-rendez-vous-store\/tss-cover-all-jacket-yt52bj02-khaki-rendez-vous-store\/","og_site_name":"RENDEZ-VOUS STORE","article_modified_time":"2026-03-16T17:58:29+00:00","og_image":[{"width":1696,"height":2560,"url":"https:\/\/rendez-vous-store.com\/app\/uploads\/2025\/05\/17-6.webp","type":"image\/webp"}],"twitter_card":"summary_large_image","twitter_misc":{"Est. reading time":"2 minutes"},"schema":{"@context":"https:\/\/schema.org","@graph":[{"@type":"WebPage","@id":"https:\/\/rendez-vous-store.com\/shop\/last-pieces-men\/last-pieces-men-coat-jacket-rendez-vous-store\/tss-cover-all-jacket-yt52bj02-khaki-rendez-vous-store\/","url":"https:\/\/rendez-vous-store.com\/shop\/last-pieces-men\/last-pieces-men-coat-jacket-rendez-vous-store\/tss-cover-all-jacket-yt52bj02-khaki-rendez-vous-store\/","name":"Ts(s) Cover All Jacket YT52BJ02 Khaki","isPartOf":{"@id":"https:\/\/rendez-vous-store.com\/#website"},"primaryImageOfPage":{"@id":"https:\/\/rendez-vous-store.com\/shop\/last-pieces-men\/last-pieces-men-coat-jacket-rendez-vous-store\/tss-cover-all-jacket-yt52bj02-khaki-rendez-vous-store\/#primaryimage"},"image":{"@id":"https:\/\/rendez-vous-store.com\/shop\/last-pieces-men\/last-pieces-men-coat-jacket-rendez-vous-store\/tss-cover-all-jacket-yt52bj02-khaki-rendez-vous-store\/#primaryimage"},"thumbnailUrl":"https:\/\/rendez-vous-store.com\/app\/uploads\/2025\/05\/17-6.webp","datePublished":"2025-05-27T08:10:47+00:00","dateModified":"2026-03-16T17:58:29+00:00","description":"This Ts(s) - Cover All Jacket YT52BJ02 - Khaki represents blends contemporary style with exceptional comfort. Discover now on Rendez-vous Store.","breadcrumb":{"@id":"https:\/\/rendez-vous-store.com\/shop\/last-pieces-men\/last-pieces-men-coat-jacket-rendez-vous-store\/tss-cover-all-jacket-yt52bj02-khaki-rendez-vous-store\/#breadcrumb"},"inLanguage":"fr-FR","potentialAction":[{"@type":"ReadAction","target":["https:\/\/rendez-vous-store.com\/shop\/last-pieces-men\/last-pieces-men-coat-jacket-rendez-vous-store\/tss-cover-all-jacket-yt52bj02-khaki-rendez-vous-store\/"]}]},{"@type":"ImageObject","inLanguage":"fr-FR","@id":"https:\/\/rendez-vous-store.com\/shop\/last-pieces-men\/last-pieces-men-coat-jacket-rendez-vous-store\/tss-cover-all-jacket-yt52bj02-khaki-rendez-vous-store\/#primaryimage","url":"https:\/\/rendez-vous-store.com\/app\/uploads\/2025\/05\/17-6.webp","contentUrl":"https:\/\/rendez-vous-store.com\/app\/uploads\/2025\/05\/17-6.webp","width":1696,"height":2560},{"@type":"BreadcrumbList","@id":"https:\/\/rendez-vous-store.com\/shop\/last-pieces-men\/last-pieces-men-coat-jacket-rendez-vous-store\/tss-cover-all-jacket-yt52bj02-khaki-rendez-vous-store\/#breadcrumb","itemListElement":[{"@type":"ListItem","position":1,"name":"Home","item":"https:\/\/rendez-vous-store.com\/"},{"@type":"ListItem","position":2,"name":"Shop","item":"https:\/\/www.rendez-vous-store.com\/shop\/"},{"@type":"ListItem","position":3,"name":"Ts(s) &#8211; Cover All Jacket YT52BJ02 &#8211; Khaki"}]},{"@type":"WebSite","@id":"https:\/\/rendez-vous-store.com\/#website","url":"https:\/\/rendez-vous-store.com\/","name":"RENDEZ-VOUS STORE","description":"Slow Fashion for Women and Men","potentialAction":[{"@type":"SearchAction","target":{"@type":"EntryPoint","urlTemplate":"https:\/\/rendez-vous-store.com\/?s={search_term_string}"},"query-input":{"@type":"PropertyValueSpecification","valueRequired":true,"valueName":"search_term_string"}}],"inLanguage":"fr-FR"}]}},"_links":{"self":[{"href":"https:\/\/rendez-vous-store.com\/fr\/wp-json\/wp\/v2\/product\/206658","targetHints":{"allow":["GET"]}}],"collection":[{"href":"https:\/\/rendez-vous-store.com\/fr\/wp-json\/wp\/v2\/product"}],"about":[{"href":"https:\/\/rendez-vous-store.com\/fr\/wp-json\/wp\/v2\/types\/product"}],"wp:featuredmedia":[{"embeddable":true,"href":"https:\/\/rendez-vous-store.com\/fr\/wp-json\/wp\/v2\/media\/206883"}],"wp:attachment":[{"href":"https:\/\/rendez-vous-store.com\/fr\/wp-json\/wp\/v2\/media?parent=206658"}],"wp:term":[{"taxonomy":"product_brand","embeddable":true,"href":"https:\/\/rendez-vous-store.com\/fr\/wp-json\/wp\/v2\/product_brand?post=206658"},{"taxonomy":"product_cat","embeddable":true,"href":"https:\/\/rendez-vous-store.com\/fr\/wp-json\/wp\/v2\/product_cat?post=206658"},{"taxonomy":"product_tag","embeddable":true,"href":"https:\/\/rendez-vous-store.com\/fr\/wp-json\/wp\/v2\/product_tag?post=206658"}],"curies":[{"name":"wp","href":"https:\/\/api.w.org\/{rel}","templated":true}]}}