{"id":206607,"date":"2025-05-27T10:10:02","date_gmt":"2025-05-27T08:10:02","guid":{"rendered":"https:\/\/rendez-vous-store.com\/?post_type=product&#038;p=206607"},"modified":"2026-03-16T18:58:21","modified_gmt":"2026-03-16T17:58:21","slug":"tss-baggy-fit-band-collar-shirt-yt52ls02-brown-rendez-vous-store","status":"publish","type":"product","link":"https:\/\/rendez-vous-store.com\/fr\/shop\/men-selection-discover-our-selection-rendez-vous-store\/shirts-rendez-vous-store\/tss-baggy-fit-band-collar-shirt-yt52ls02-brown-rendez-vous-store\/","title":{"rendered":"Ts(s) &#8211; Baggy Fit Band Collar Shirt YT52LS02 &#8211; Brown"},"content":{"rendered":"<p><strong>Ts(s) Baggy Fit Band Collar Shirt YT52LS02 Brown<\/strong><\/p>\n<p>Couleur : Marron<\/p>\n<p>Coupe d\u00e9contract\u00e9e<\/p>\n<p>Fermeture par bouton<\/p>\n<p>Manches longues<\/p>\n<p>\u00c9paules tombantes<\/p>\n<p>Round bottom cut<\/p>\n<p>Composition : 80% Coton, 20% Nylon<\/p>\n<p>Fabriqu\u00e9 au Japon<\/p>\n<p>&nbsp;<\/p>\n<p data-start=\"181\" data-end=\"423\">The Ts(s) &#8211; Baggy Fit Band Collar Shirt YT52LS02 &#8211; Brown redefines relaxed tailoring with precise construction and understated charm.<\/p>\n<p data-start=\"425\" data-end=\"636\">Moreover, the soft brown hue offers a grounded, versatile base that pairs effortlessly with a range of seasonal tones. The band collar adds a subtle twist to classic shirting, introducing a modern, minimal edge.<\/p>\n<p data-start=\"638\" data-end=\"803\">In addition, its baggy silhouette ensures comfort without sacrificing elegance. Dropped shoulders and wide sleeves provide ease of movement and a contemporary shape.<\/p>\n<p data-start=\"805\" data-end=\"1031\" data-is-last-node=\"\" data-is-only-node=\"\">Whether worn untucked with casual trousers or layered under a blazer, this shirt adapts with quiet confidence. Altogether, it reflects Ts(s)\u2019 ability to blend utility, nuance, and fluid proportions into a single refined piece.<\/p>\n<p>&nbsp;<\/p>\n<p>&nbsp;<\/p>\n<p>&nbsp;<\/p>\n<p>&nbsp;<\/p>\n<p><strong>Les mesures :<\/strong><\/p>\n<p>Size L: Shoulders: 56cm, Chest: 64cm, Sleeves: 63cm, Length: 79cm, Armholes: 27cm<\/p>\n<p>&nbsp;<\/p>\n<h4>La marque<\/h4>\n<p>Ts(s) est une marque japonaise qui incarne le mariage de l'esth\u00e9tique traditionnelle et des sensibilit\u00e9s contemporaines. S'inspirant de diverses sources telles que les v\u00eatements de travail, les uniformes militaires et les tenues de sport, Ts(s) cr\u00e9e des v\u00eatements qui allient harmonieusement l'h\u00e9ritage et les principes de conception modernes.<\/p>\n<p>Chaque pi\u00e8ce m\u00e9ticuleusement fabriqu\u00e9e t\u00e9moigne d'un souci du d\u00e9tail et d'un engagement en faveur d'un travail de qualit\u00e9 sup\u00e9rieure. Des vestes impeccablement taill\u00e9es aux pantalons robustes mais raffin\u00e9s, les v\u00eatements Ts(s) d\u00e9gagent un air de sophistication et de qualit\u00e9 intemporelle.<\/p>\n<p>L'un des principaux atouts de Ts(s) r\u00e9side dans son utilisation magistrale de la couleur et de la texture. La marque associe sans effort une palette de couleurs \u00e9clectiques \u00e0 une gamme vari\u00e9e de mat\u00e9riaux, ce qui donne des pi\u00e8ces visuellement frappantes et \u00e0 la texture unique qui attirent l'attention dans n'importe quelle garde-robe.<\/p>\n<p>Qu'il s'agisse d'un blazer structur\u00e9 infus\u00e9 d'\u00e9l\u00e9ments utilitaires ou d'une chemise d\u00e9contract\u00e9e orn\u00e9e d'embellissements inattendus, Ts(s) propose constamment des v\u00eatements qui incarnent la polyvalence, la cr\u00e9ativit\u00e9 et le style sans effort. Chaque pi\u00e8ce sert de toile \u00e0 l'expression de soi, permettant \u00e0 celui qui la porte de s'affirmer tout en embrassant l'\u00e9thique de la marque en mati\u00e8re d'individualit\u00e9 et d'innovation.<\/p>\n<p>&nbsp;<\/p>\n<p>&nbsp;<\/p>\n<p><a href=\"https:\/\/www.instagram.com\/p\/DKNHXsOoRaV\/?img_index=1\">Laissez-vous inspirer par nos looks TS(S) sur notre Instagram.<\/a><\/p>","protected":false},"excerpt":{"rendered":"<p>Ts(s) Baggy Fit Band Collar Shirt YT52LS02 Brown Color: Brown Relaxed fit Button closure Long sleeves Dropped shoulders Round bottom cut Composition: 80% Cotton, 20% Nylon Made in Japan &nbsp; The Ts(s) &#8211; Baggy Fit Band Collar Shirt YT52LS02 &#8211; Brown redefines relaxed tailoring with precise construction and understated charm. Moreover, the soft brown hue&hellip; <a class=\"more-link\" href=\"https:\/\/rendez-vous-store.com\/fr\/shop\/men-selection-discover-our-selection-rendez-vous-store\/shirts-rendez-vous-store\/tss-baggy-fit-band-collar-shirt-yt52ls02-brown-rendez-vous-store\/\">Continuer la lecture <span class=\"screen-reader-text\">Ts(s) &#8211; Baggy Fit Band Collar Shirt YT52LS02 &#8211; Brown<\/span><\/a><\/p>","protected":false},"featured_media":206867,"template":"","meta":{"_acf_changed":false},"product_brand":[],"product_cat":[20,1059,74],"product_tag":[727],"class_list":{"0":"post-206607","1":"product","2":"type-product","3":"status-publish","4":"has-post-thumbnail","6":"product_cat-men-selection-discover-our-selection-rendez-vous-store","7":"product_cat-new-men-rendez-vous-store","8":"product_cat-shirts-rendez-vous-store","9":"product_tag-tss","10":"entry","12":"first","13":"outofstock","14":"taxable","15":"shipping-taxable","16":"product-type-variable"},"acf":[],"yoast_head":"<!-- This site is optimized with the Yoast SEO plugin v24.9 - https:\/\/yoast.com\/wordpress\/plugins\/seo\/ -->\n<title>Ts(s) Baggy Fit Band Collar Shirt YT52LS02 Brown<\/title>\n<meta name=\"description\" content=\"This Ts(s) - Baggy Fit Band Collar Shirt YT52LS02 - Brown represents blends contemporary style with exceptional comfort. Discover now.\" \/>\n<meta name=\"robots\" content=\"index, follow, max-snippet:-1, max-image-preview:large, max-video-preview:-1\" \/>\n<link rel=\"canonical\" href=\"https:\/\/rendez-vous-store.com\/fr\/shop\/men-selection-discover-our-selection-rendez-vous-store\/shirts-rendez-vous-store\/tss-baggy-fit-band-collar-shirt-yt52ls02-brown-rendez-vous-store\/\" \/>\n<meta property=\"og:locale\" content=\"fr_FR\" \/>\n<meta property=\"og:type\" content=\"article\" \/>\n<meta property=\"og:title\" content=\"Ts(s) Baggy Fit Band Collar Shirt YT52LS02 Brown\" \/>\n<meta property=\"og:description\" content=\"This Ts(s) - Baggy Fit Band Collar Shirt YT52LS02 - Brown represents blends contemporary style with exceptional comfort. Discover now.\" \/>\n<meta property=\"og:url\" content=\"https:\/\/rendez-vous-store.com\/fr\/shop\/men-selection-discover-our-selection-rendez-vous-store\/shirts-rendez-vous-store\/tss-baggy-fit-band-collar-shirt-yt52ls02-brown-rendez-vous-store\/\" \/>\n<meta property=\"og:site_name\" content=\"RENDEZ-VOUS STORE\" \/>\n<meta property=\"article:modified_time\" content=\"2026-03-16T17:58:21+00:00\" \/>\n<meta property=\"og:image\" content=\"https:\/\/rendez-vous-store.com\/app\/uploads\/2025\/05\/1-5.webp\" \/>\n\t<meta property=\"og:image:width\" content=\"1696\" \/>\n\t<meta property=\"og:image:height\" content=\"2560\" \/>\n\t<meta property=\"og:image:type\" content=\"image\/webp\" \/>\n<meta name=\"twitter:card\" content=\"summary_large_image\" \/>\n<meta name=\"twitter:label1\" content=\"Est. reading time\" \/>\n\t<meta name=\"twitter:data1\" content=\"2 minutes\" \/>\n<script type=\"application\/ld+json\" class=\"yoast-schema-graph\">{\"@context\":\"https:\/\/schema.org\",\"@graph\":[{\"@type\":\"WebPage\",\"@id\":\"https:\/\/rendez-vous-store.com\/shop\/men-selection-discover-our-selection-rendez-vous-store\/shirts-rendez-vous-store\/tss-baggy-fit-band-collar-shirt-yt52ls02-brown-rendez-vous-store\/\",\"url\":\"https:\/\/rendez-vous-store.com\/shop\/men-selection-discover-our-selection-rendez-vous-store\/shirts-rendez-vous-store\/tss-baggy-fit-band-collar-shirt-yt52ls02-brown-rendez-vous-store\/\",\"name\":\"Ts(s) Baggy Fit Band Collar Shirt YT52LS02 Brown\",\"isPartOf\":{\"@id\":\"https:\/\/rendez-vous-store.com\/#website\"},\"primaryImageOfPage\":{\"@id\":\"https:\/\/rendez-vous-store.com\/shop\/men-selection-discover-our-selection-rendez-vous-store\/shirts-rendez-vous-store\/tss-baggy-fit-band-collar-shirt-yt52ls02-brown-rendez-vous-store\/#primaryimage\"},\"image\":{\"@id\":\"https:\/\/rendez-vous-store.com\/shop\/men-selection-discover-our-selection-rendez-vous-store\/shirts-rendez-vous-store\/tss-baggy-fit-band-collar-shirt-yt52ls02-brown-rendez-vous-store\/#primaryimage\"},\"thumbnailUrl\":\"https:\/\/rendez-vous-store.com\/app\/uploads\/2025\/05\/1-5.webp\",\"datePublished\":\"2025-05-27T08:10:02+00:00\",\"dateModified\":\"2026-03-16T17:58:21+00:00\",\"description\":\"This Ts(s) - Baggy Fit Band Collar Shirt YT52LS02 - Brown represents blends contemporary style with exceptional comfort. Discover now.\",\"breadcrumb\":{\"@id\":\"https:\/\/rendez-vous-store.com\/shop\/men-selection-discover-our-selection-rendez-vous-store\/shirts-rendez-vous-store\/tss-baggy-fit-band-collar-shirt-yt52ls02-brown-rendez-vous-store\/#breadcrumb\"},\"inLanguage\":\"fr-FR\",\"potentialAction\":[{\"@type\":\"ReadAction\",\"target\":[\"https:\/\/rendez-vous-store.com\/shop\/men-selection-discover-our-selection-rendez-vous-store\/shirts-rendez-vous-store\/tss-baggy-fit-band-collar-shirt-yt52ls02-brown-rendez-vous-store\/\"]}]},{\"@type\":\"ImageObject\",\"inLanguage\":\"fr-FR\",\"@id\":\"https:\/\/rendez-vous-store.com\/shop\/men-selection-discover-our-selection-rendez-vous-store\/shirts-rendez-vous-store\/tss-baggy-fit-band-collar-shirt-yt52ls02-brown-rendez-vous-store\/#primaryimage\",\"url\":\"https:\/\/rendez-vous-store.com\/app\/uploads\/2025\/05\/1-5.webp\",\"contentUrl\":\"https:\/\/rendez-vous-store.com\/app\/uploads\/2025\/05\/1-5.webp\",\"width\":1696,\"height\":2560},{\"@type\":\"BreadcrumbList\",\"@id\":\"https:\/\/rendez-vous-store.com\/shop\/men-selection-discover-our-selection-rendez-vous-store\/shirts-rendez-vous-store\/tss-baggy-fit-band-collar-shirt-yt52ls02-brown-rendez-vous-store\/#breadcrumb\",\"itemListElement\":[{\"@type\":\"ListItem\",\"position\":1,\"name\":\"Home\",\"item\":\"https:\/\/rendez-vous-store.com\/\"},{\"@type\":\"ListItem\",\"position\":2,\"name\":\"Shop\",\"item\":\"https:\/\/www.rendez-vous-store.com\/shop\/\"},{\"@type\":\"ListItem\",\"position\":3,\"name\":\"Ts(s) &#8211; Baggy Fit Band Collar Shirt YT52LS02 &#8211; Brown\"}]},{\"@type\":\"WebSite\",\"@id\":\"https:\/\/rendez-vous-store.com\/#website\",\"url\":\"https:\/\/rendez-vous-store.com\/\",\"name\":\"RENDEZ-VOUS STORE\",\"description\":\"Slow Fashion for Women and Men\",\"potentialAction\":[{\"@type\":\"SearchAction\",\"target\":{\"@type\":\"EntryPoint\",\"urlTemplate\":\"https:\/\/rendez-vous-store.com\/?s={search_term_string}\"},\"query-input\":{\"@type\":\"PropertyValueSpecification\",\"valueRequired\":true,\"valueName\":\"search_term_string\"}}],\"inLanguage\":\"fr-FR\"}]}<\/script>\n<!-- \/ Yoast SEO plugin. -->","yoast_head_json":{"title":"Ts(s) Baggy Fit Band Collar Shirt YT52LS02 Brown","description":"This Ts(s) - Baggy Fit Band Collar Shirt YT52LS02 - Brown represents blends contemporary style with exceptional comfort. Discover now.","robots":{"index":"index","follow":"follow","max-snippet":"max-snippet:-1","max-image-preview":"max-image-preview:large","max-video-preview":"max-video-preview:-1"},"canonical":"https:\/\/rendez-vous-store.com\/fr\/shop\/men-selection-discover-our-selection-rendez-vous-store\/shirts-rendez-vous-store\/tss-baggy-fit-band-collar-shirt-yt52ls02-brown-rendez-vous-store\/","og_locale":"fr_FR","og_type":"article","og_title":"Ts(s) Baggy Fit Band Collar Shirt YT52LS02 Brown","og_description":"This Ts(s) - Baggy Fit Band Collar Shirt YT52LS02 - Brown represents blends contemporary style with exceptional comfort. Discover now.","og_url":"https:\/\/rendez-vous-store.com\/fr\/shop\/men-selection-discover-our-selection-rendez-vous-store\/shirts-rendez-vous-store\/tss-baggy-fit-band-collar-shirt-yt52ls02-brown-rendez-vous-store\/","og_site_name":"RENDEZ-VOUS STORE","article_modified_time":"2026-03-16T17:58:21+00:00","og_image":[{"width":1696,"height":2560,"url":"https:\/\/rendez-vous-store.com\/app\/uploads\/2025\/05\/1-5.webp","type":"image\/webp"}],"twitter_card":"summary_large_image","twitter_misc":{"Est. reading time":"2 minutes"},"schema":{"@context":"https:\/\/schema.org","@graph":[{"@type":"WebPage","@id":"https:\/\/rendez-vous-store.com\/shop\/men-selection-discover-our-selection-rendez-vous-store\/shirts-rendez-vous-store\/tss-baggy-fit-band-collar-shirt-yt52ls02-brown-rendez-vous-store\/","url":"https:\/\/rendez-vous-store.com\/shop\/men-selection-discover-our-selection-rendez-vous-store\/shirts-rendez-vous-store\/tss-baggy-fit-band-collar-shirt-yt52ls02-brown-rendez-vous-store\/","name":"Ts(s) Baggy Fit Band Collar Shirt YT52LS02 Brown","isPartOf":{"@id":"https:\/\/rendez-vous-store.com\/#website"},"primaryImageOfPage":{"@id":"https:\/\/rendez-vous-store.com\/shop\/men-selection-discover-our-selection-rendez-vous-store\/shirts-rendez-vous-store\/tss-baggy-fit-band-collar-shirt-yt52ls02-brown-rendez-vous-store\/#primaryimage"},"image":{"@id":"https:\/\/rendez-vous-store.com\/shop\/men-selection-discover-our-selection-rendez-vous-store\/shirts-rendez-vous-store\/tss-baggy-fit-band-collar-shirt-yt52ls02-brown-rendez-vous-store\/#primaryimage"},"thumbnailUrl":"https:\/\/rendez-vous-store.com\/app\/uploads\/2025\/05\/1-5.webp","datePublished":"2025-05-27T08:10:02+00:00","dateModified":"2026-03-16T17:58:21+00:00","description":"This Ts(s) - Baggy Fit Band Collar Shirt YT52LS02 - Brown represents blends contemporary style with exceptional comfort. Discover now.","breadcrumb":{"@id":"https:\/\/rendez-vous-store.com\/shop\/men-selection-discover-our-selection-rendez-vous-store\/shirts-rendez-vous-store\/tss-baggy-fit-band-collar-shirt-yt52ls02-brown-rendez-vous-store\/#breadcrumb"},"inLanguage":"fr-FR","potentialAction":[{"@type":"ReadAction","target":["https:\/\/rendez-vous-store.com\/shop\/men-selection-discover-our-selection-rendez-vous-store\/shirts-rendez-vous-store\/tss-baggy-fit-band-collar-shirt-yt52ls02-brown-rendez-vous-store\/"]}]},{"@type":"ImageObject","inLanguage":"fr-FR","@id":"https:\/\/rendez-vous-store.com\/shop\/men-selection-discover-our-selection-rendez-vous-store\/shirts-rendez-vous-store\/tss-baggy-fit-band-collar-shirt-yt52ls02-brown-rendez-vous-store\/#primaryimage","url":"https:\/\/rendez-vous-store.com\/app\/uploads\/2025\/05\/1-5.webp","contentUrl":"https:\/\/rendez-vous-store.com\/app\/uploads\/2025\/05\/1-5.webp","width":1696,"height":2560},{"@type":"BreadcrumbList","@id":"https:\/\/rendez-vous-store.com\/shop\/men-selection-discover-our-selection-rendez-vous-store\/shirts-rendez-vous-store\/tss-baggy-fit-band-collar-shirt-yt52ls02-brown-rendez-vous-store\/#breadcrumb","itemListElement":[{"@type":"ListItem","position":1,"name":"Home","item":"https:\/\/rendez-vous-store.com\/"},{"@type":"ListItem","position":2,"name":"Shop","item":"https:\/\/www.rendez-vous-store.com\/shop\/"},{"@type":"ListItem","position":3,"name":"Ts(s) &#8211; Baggy Fit Band Collar Shirt YT52LS02 &#8211; Brown"}]},{"@type":"WebSite","@id":"https:\/\/rendez-vous-store.com\/#website","url":"https:\/\/rendez-vous-store.com\/","name":"RENDEZ-VOUS STORE","description":"Slow Fashion for Women and Men","potentialAction":[{"@type":"SearchAction","target":{"@type":"EntryPoint","urlTemplate":"https:\/\/rendez-vous-store.com\/?s={search_term_string}"},"query-input":{"@type":"PropertyValueSpecification","valueRequired":true,"valueName":"search_term_string"}}],"inLanguage":"fr-FR"}]}},"_links":{"self":[{"href":"https:\/\/rendez-vous-store.com\/fr\/wp-json\/wp\/v2\/product\/206607","targetHints":{"allow":["GET"]}}],"collection":[{"href":"https:\/\/rendez-vous-store.com\/fr\/wp-json\/wp\/v2\/product"}],"about":[{"href":"https:\/\/rendez-vous-store.com\/fr\/wp-json\/wp\/v2\/types\/product"}],"wp:featuredmedia":[{"embeddable":true,"href":"https:\/\/rendez-vous-store.com\/fr\/wp-json\/wp\/v2\/media\/206867"}],"wp:attachment":[{"href":"https:\/\/rendez-vous-store.com\/fr\/wp-json\/wp\/v2\/media?parent=206607"}],"wp:term":[{"taxonomy":"product_brand","embeddable":true,"href":"https:\/\/rendez-vous-store.com\/fr\/wp-json\/wp\/v2\/product_brand?post=206607"},{"taxonomy":"product_cat","embeddable":true,"href":"https:\/\/rendez-vous-store.com\/fr\/wp-json\/wp\/v2\/product_cat?post=206607"},{"taxonomy":"product_tag","embeddable":true,"href":"https:\/\/rendez-vous-store.com\/fr\/wp-json\/wp\/v2\/product_tag?post=206607"}],"curies":[{"name":"wp","href":"https:\/\/api.w.org\/{rel}","templated":true}]}}