{"id":205565,"date":"2025-05-20T16:16:30","date_gmt":"2025-05-20T14:16:30","guid":{"rendered":"https:\/\/rendez-vous-store.com\/?post_type=product&#038;p=205565"},"modified":"2026-03-16T14:19:10","modified_gmt":"2026-03-16T13:19:10","slug":"aton-fresca-circular-rib-tank-top-pink-rendez-vous-store","status":"publish","type":"product","link":"https:\/\/rendez-vous-store.com\/fr\/shop\/special-offer-women-rendez-vous-store\/women-t-shirt-special-offer\/aton-fresca-circular-rib-tank-top-pink-rendez-vous-store\/","title":{"rendered":"ATON &#8211;  FRESCA CIRCULAR RIB TANK TOP &#8211; PINK"},"content":{"rendered":"<p><strong>ATON FRESCA CIRCULAR RIB TANK TOP PINK<\/strong><\/p>\n<p>Couleur : rose<\/p>\n<p>Coupe droite<\/p>\n<p>Se porte pr\u00e8s du corps<\/p>\n<p>Col rond<\/p>\n<p>Sans manches<\/p>\n<p>Composition : 100% Coton<\/p>\n<p>Fabriqu\u00e9 au Japon<\/p>\n<p>&nbsp;<\/p>\n<p>Ce d\u00e9bardeur ATON est un basique raffin\u00e9 \u00e0 la silhouette moderne. Con\u00e7u au Japon \u00e0 partir d'un coton tricot\u00e9 circulaire de haute qualit\u00e9, il offre une sensation douce, comme une seconde peau, avec une finition propre et sans coutures. Sa coupe ajust\u00e9e met la silhouette en valeur sans \u00eatre moulante. Sa d\u00e9licate teinte rose ajoute une touche fra\u00eeche et f\u00e9minine \u00e0 n'importe quel look. Ce d\u00e9bardeur allie confort, fonctionnalit\u00e9 et style avec une sophistication discr\u00e8te, fid\u00e8le au minimalisme raffin\u00e9 d'ATON.<\/p>\n<p>Ce d\u00e9bardeur est respirant et l\u00e9ger, ce qui le rend id\u00e9al pour un usage quotidien.<br data-start=\"168\" data-end=\"171\" \/>Sa texture finement c\u00f4tel\u00e9e ajoute de la dimension au v\u00eatement.<br data-start=\"307\" data-end=\"310\" \/>Sa coupe intemporelle et sa teinte subtile en font un v\u00eatement polyvalent et appr\u00e9ci\u00e9 qui s'adapte facilement \u00e0 toutes les saisons.<\/p>\n<p>&nbsp;<\/p>\n<p>&nbsp;<\/p>\n<p>&nbsp;<\/p>\n<p><strong>La marque<\/strong><\/p>\n<p>ATON est une marque japonaise fond\u00e9e en 2016 par Yasuharu Kuzaki, qui se concentre sur la simplicit\u00e9 raffin\u00e9e et le design utile.<\/p>\n<p>Au Japon, des artisans qualifi\u00e9s confectionnent chaque v\u00eatement \u00e0 la main en utilisant des mati\u00e8res de premi\u00e8re qualit\u00e9 comme le cachemire lav\u00e9, le coton, la soie, la laine et le lin. Les teintes naturelles, obtenues gr\u00e2ce \u00e0 des techniques de teinture traditionnelles, soulignent l'attachement de la marque \u00e0 une \u00e9l\u00e9gance discr\u00e8te.<\/p>\n<p>Yasuharu Kuzaki teste les prototypes pendant un an pour garantir la durabilit\u00e9, le confort et une qualit\u00e9 in\u00e9gal\u00e9e. Ce processus m\u00e9ticuleux permet de cr\u00e9er des v\u00eatements intemporels, pr\u00eats \u00e0 porter, pour des personnes m\u00fbres et s\u00fbres d'elles.<\/p>\n<p>ATON cr\u00e9e des v\u00eatements qui transcendent les tendances et c\u00e9l\u00e8brent la simplicit\u00e9 avec conviction, en proposant des articles de base intemporels pour chaque saison et chaque occasion.<\/p>\n<p>&nbsp;<\/p>\n<p><a href=\"https:\/\/www.instagram.com\/p\/DKAbRV7oHZb\/?img_index=1\">Get inspired by our Aton looks on our Instagram<\/a><\/p>","protected":false},"excerpt":{"rendered":"<p>ATON FRESCA CIRCULAR RIB TANK TOP PINK Color: Pink Regular silhouette Wears close to the body Round collar Sleeveless Composition: 100% Cotton Made in Japan &nbsp; This ATON &#8211; FRESCA CIRCULAR RIB TANK TOP &#8211; PINK is a refined essential with a modern silhouette. Designed in Japan from high-quality circular knit cotton, it offers a&hellip; <a class=\"more-link\" href=\"https:\/\/rendez-vous-store.com\/fr\/shop\/special-offer-women-rendez-vous-store\/women-t-shirt-special-offer\/aton-fresca-circular-rib-tank-top-pink-rendez-vous-store\/\">Continue reading <span class=\"screen-reader-text\">ATON &#8211;  FRESCA CIRCULAR RIB TANK TOP &#8211; PINK<\/span><\/a><\/p>","protected":false},"featured_media":206319,"template":"","meta":{"_acf_changed":false},"product_brand":[],"product_cat":[1292,1335,1340,17,384],"product_tag":[],"class_list":{"0":"post-205565","1":"product","2":"type-product","3":"status-publish","4":"has-post-thumbnail","6":"product_cat-1292","7":"product_cat-special-offer-women-rendez-vous-store","8":"product_cat-women-t-shirt-special-offer","9":"product_cat-women","10":"product_cat-top-discover-our-selection-rendez-vous-store","11":"entry","13":"first","14":"instock","15":"taxable","16":"shipping-taxable","17":"purchasable","18":"product-type-variable"},"acf":[],"yoast_head":"<!-- This site is optimized with the Yoast SEO plugin v24.9 - https:\/\/yoast.com\/wordpress\/plugins\/seo\/ -->\n<title>ATON FRESCA CIRCULAR RIB TANK TOP PINK<\/title>\n<meta name=\"description\" content=\"This ATON - FRESCA CIRCULAR RIB TANK TOP - PINK combines timeless style with modern craftsmanship, offering comfort and durability. Discover now.\" \/>\n<meta name=\"robots\" content=\"index, follow, max-snippet:-1, max-image-preview:large, max-video-preview:-1\" \/>\n<link rel=\"canonical\" href=\"https:\/\/rendez-vous-store.com\/fr\/shop\/special-offer-women-rendez-vous-store\/women-t-shirt-special-offer\/aton-fresca-circular-rib-tank-top-pink-rendez-vous-store\/\" \/>\n<meta property=\"og:locale\" content=\"fr_FR\" \/>\n<meta property=\"og:type\" content=\"article\" \/>\n<meta property=\"og:title\" content=\"ATON FRESCA CIRCULAR RIB TANK TOP PINK\" \/>\n<meta property=\"og:description\" content=\"This ATON - FRESCA CIRCULAR RIB TANK TOP - PINK combines timeless style with modern craftsmanship, offering comfort and durability. Discover now.\" \/>\n<meta property=\"og:url\" content=\"https:\/\/rendez-vous-store.com\/fr\/shop\/special-offer-women-rendez-vous-store\/women-t-shirt-special-offer\/aton-fresca-circular-rib-tank-top-pink-rendez-vous-store\/\" \/>\n<meta property=\"og:site_name\" content=\"RENDEZ-VOUS STORE\" \/>\n<meta property=\"article:modified_time\" content=\"2026-03-16T13:19:10+00:00\" \/>\n<meta property=\"og:image\" content=\"https:\/\/rendez-vous-store.com\/app\/uploads\/2025\/05\/7-3.webp\" \/>\n\t<meta property=\"og:image:width\" content=\"1696\" \/>\n\t<meta property=\"og:image:height\" content=\"2560\" \/>\n\t<meta property=\"og:image:type\" content=\"image\/webp\" \/>\n<meta name=\"twitter:card\" content=\"summary_large_image\" \/>\n<meta name=\"twitter:label1\" content=\"Est. reading time\" \/>\n\t<meta name=\"twitter:data1\" content=\"2 minutes\" \/>\n<script type=\"application\/ld+json\" class=\"yoast-schema-graph\">{\"@context\":\"https:\/\/schema.org\",\"@graph\":[{\"@type\":\"WebPage\",\"@id\":\"https:\/\/rendez-vous-store.com\/shop\/special-offer-women-rendez-vous-store\/women-t-shirt-special-offer\/aton-fresca-circular-rib-tank-top-pink-rendez-vous-store\/\",\"url\":\"https:\/\/rendez-vous-store.com\/shop\/special-offer-women-rendez-vous-store\/women-t-shirt-special-offer\/aton-fresca-circular-rib-tank-top-pink-rendez-vous-store\/\",\"name\":\"ATON FRESCA CIRCULAR RIB TANK TOP PINK\",\"isPartOf\":{\"@id\":\"https:\/\/rendez-vous-store.com\/#website\"},\"primaryImageOfPage\":{\"@id\":\"https:\/\/rendez-vous-store.com\/shop\/special-offer-women-rendez-vous-store\/women-t-shirt-special-offer\/aton-fresca-circular-rib-tank-top-pink-rendez-vous-store\/#primaryimage\"},\"image\":{\"@id\":\"https:\/\/rendez-vous-store.com\/shop\/special-offer-women-rendez-vous-store\/women-t-shirt-special-offer\/aton-fresca-circular-rib-tank-top-pink-rendez-vous-store\/#primaryimage\"},\"thumbnailUrl\":\"https:\/\/rendez-vous-store.com\/app\/uploads\/2025\/05\/7-3.webp\",\"datePublished\":\"2025-05-20T14:16:30+00:00\",\"dateModified\":\"2026-03-16T13:19:10+00:00\",\"description\":\"This ATON - FRESCA CIRCULAR RIB TANK TOP - PINK combines timeless style with modern craftsmanship, offering comfort and durability. Discover now.\",\"breadcrumb\":{\"@id\":\"https:\/\/rendez-vous-store.com\/shop\/special-offer-women-rendez-vous-store\/women-t-shirt-special-offer\/aton-fresca-circular-rib-tank-top-pink-rendez-vous-store\/#breadcrumb\"},\"inLanguage\":\"fr-FR\",\"potentialAction\":[{\"@type\":\"ReadAction\",\"target\":[\"https:\/\/rendez-vous-store.com\/shop\/special-offer-women-rendez-vous-store\/women-t-shirt-special-offer\/aton-fresca-circular-rib-tank-top-pink-rendez-vous-store\/\"]}]},{\"@type\":\"ImageObject\",\"inLanguage\":\"fr-FR\",\"@id\":\"https:\/\/rendez-vous-store.com\/shop\/special-offer-women-rendez-vous-store\/women-t-shirt-special-offer\/aton-fresca-circular-rib-tank-top-pink-rendez-vous-store\/#primaryimage\",\"url\":\"https:\/\/rendez-vous-store.com\/app\/uploads\/2025\/05\/7-3.webp\",\"contentUrl\":\"https:\/\/rendez-vous-store.com\/app\/uploads\/2025\/05\/7-3.webp\",\"width\":1696,\"height\":2560},{\"@type\":\"BreadcrumbList\",\"@id\":\"https:\/\/rendez-vous-store.com\/shop\/special-offer-women-rendez-vous-store\/women-t-shirt-special-offer\/aton-fresca-circular-rib-tank-top-pink-rendez-vous-store\/#breadcrumb\",\"itemListElement\":[{\"@type\":\"ListItem\",\"position\":1,\"name\":\"Home\",\"item\":\"https:\/\/rendez-vous-store.com\/\"},{\"@type\":\"ListItem\",\"position\":2,\"name\":\"Shop\",\"item\":\"https:\/\/www.rendez-vous-store.com\/shop\/\"},{\"@type\":\"ListItem\",\"position\":3,\"name\":\"ATON &#8211; FRESCA CIRCULAR RIB TANK TOP &#8211; PINK\"}]},{\"@type\":\"WebSite\",\"@id\":\"https:\/\/rendez-vous-store.com\/#website\",\"url\":\"https:\/\/rendez-vous-store.com\/\",\"name\":\"RENDEZ-VOUS STORE\",\"description\":\"Slow Fashion for Women and Men\",\"potentialAction\":[{\"@type\":\"SearchAction\",\"target\":{\"@type\":\"EntryPoint\",\"urlTemplate\":\"https:\/\/rendez-vous-store.com\/?s={search_term_string}\"},\"query-input\":{\"@type\":\"PropertyValueSpecification\",\"valueRequired\":true,\"valueName\":\"search_term_string\"}}],\"inLanguage\":\"fr-FR\"}]}<\/script>\n<!-- \/ Yoast SEO plugin. -->","yoast_head_json":{"title":"ATON FRESCA CIRCULAR RIB TANK TOP PINK","description":"This ATON - FRESCA CIRCULAR RIB TANK TOP - PINK combines timeless style with modern craftsmanship, offering comfort and durability. Discover now.","robots":{"index":"index","follow":"follow","max-snippet":"max-snippet:-1","max-image-preview":"max-image-preview:large","max-video-preview":"max-video-preview:-1"},"canonical":"https:\/\/rendez-vous-store.com\/fr\/shop\/special-offer-women-rendez-vous-store\/women-t-shirt-special-offer\/aton-fresca-circular-rib-tank-top-pink-rendez-vous-store\/","og_locale":"fr_FR","og_type":"article","og_title":"ATON FRESCA CIRCULAR RIB TANK TOP PINK","og_description":"This ATON - FRESCA CIRCULAR RIB TANK TOP - PINK combines timeless style with modern craftsmanship, offering comfort and durability. Discover now.","og_url":"https:\/\/rendez-vous-store.com\/fr\/shop\/special-offer-women-rendez-vous-store\/women-t-shirt-special-offer\/aton-fresca-circular-rib-tank-top-pink-rendez-vous-store\/","og_site_name":"RENDEZ-VOUS STORE","article_modified_time":"2026-03-16T13:19:10+00:00","og_image":[{"width":1696,"height":2560,"url":"https:\/\/rendez-vous-store.com\/app\/uploads\/2025\/05\/7-3.webp","type":"image\/webp"}],"twitter_card":"summary_large_image","twitter_misc":{"Est. reading time":"2 minutes"},"schema":{"@context":"https:\/\/schema.org","@graph":[{"@type":"WebPage","@id":"https:\/\/rendez-vous-store.com\/shop\/special-offer-women-rendez-vous-store\/women-t-shirt-special-offer\/aton-fresca-circular-rib-tank-top-pink-rendez-vous-store\/","url":"https:\/\/rendez-vous-store.com\/shop\/special-offer-women-rendez-vous-store\/women-t-shirt-special-offer\/aton-fresca-circular-rib-tank-top-pink-rendez-vous-store\/","name":"ATON FRESCA CIRCULAR RIB TANK TOP PINK","isPartOf":{"@id":"https:\/\/rendez-vous-store.com\/#website"},"primaryImageOfPage":{"@id":"https:\/\/rendez-vous-store.com\/shop\/special-offer-women-rendez-vous-store\/women-t-shirt-special-offer\/aton-fresca-circular-rib-tank-top-pink-rendez-vous-store\/#primaryimage"},"image":{"@id":"https:\/\/rendez-vous-store.com\/shop\/special-offer-women-rendez-vous-store\/women-t-shirt-special-offer\/aton-fresca-circular-rib-tank-top-pink-rendez-vous-store\/#primaryimage"},"thumbnailUrl":"https:\/\/rendez-vous-store.com\/app\/uploads\/2025\/05\/7-3.webp","datePublished":"2025-05-20T14:16:30+00:00","dateModified":"2026-03-16T13:19:10+00:00","description":"This ATON - FRESCA CIRCULAR RIB TANK TOP - PINK combines timeless style with modern craftsmanship, offering comfort and durability. Discover now.","breadcrumb":{"@id":"https:\/\/rendez-vous-store.com\/shop\/special-offer-women-rendez-vous-store\/women-t-shirt-special-offer\/aton-fresca-circular-rib-tank-top-pink-rendez-vous-store\/#breadcrumb"},"inLanguage":"fr-FR","potentialAction":[{"@type":"ReadAction","target":["https:\/\/rendez-vous-store.com\/shop\/special-offer-women-rendez-vous-store\/women-t-shirt-special-offer\/aton-fresca-circular-rib-tank-top-pink-rendez-vous-store\/"]}]},{"@type":"ImageObject","inLanguage":"fr-FR","@id":"https:\/\/rendez-vous-store.com\/shop\/special-offer-women-rendez-vous-store\/women-t-shirt-special-offer\/aton-fresca-circular-rib-tank-top-pink-rendez-vous-store\/#primaryimage","url":"https:\/\/rendez-vous-store.com\/app\/uploads\/2025\/05\/7-3.webp","contentUrl":"https:\/\/rendez-vous-store.com\/app\/uploads\/2025\/05\/7-3.webp","width":1696,"height":2560},{"@type":"BreadcrumbList","@id":"https:\/\/rendez-vous-store.com\/shop\/special-offer-women-rendez-vous-store\/women-t-shirt-special-offer\/aton-fresca-circular-rib-tank-top-pink-rendez-vous-store\/#breadcrumb","itemListElement":[{"@type":"ListItem","position":1,"name":"Home","item":"https:\/\/rendez-vous-store.com\/"},{"@type":"ListItem","position":2,"name":"Shop","item":"https:\/\/www.rendez-vous-store.com\/shop\/"},{"@type":"ListItem","position":3,"name":"ATON &#8211; FRESCA CIRCULAR RIB TANK TOP &#8211; PINK"}]},{"@type":"WebSite","@id":"https:\/\/rendez-vous-store.com\/#website","url":"https:\/\/rendez-vous-store.com\/","name":"RENDEZ-VOUS STORE","description":"Slow Fashion for Women and Men","potentialAction":[{"@type":"SearchAction","target":{"@type":"EntryPoint","urlTemplate":"https:\/\/rendez-vous-store.com\/?s={search_term_string}"},"query-input":{"@type":"PropertyValueSpecification","valueRequired":true,"valueName":"search_term_string"}}],"inLanguage":"fr-FR"}]}},"_links":{"self":[{"href":"https:\/\/rendez-vous-store.com\/fr\/wp-json\/wp\/v2\/product\/205565","targetHints":{"allow":["GET"]}}],"collection":[{"href":"https:\/\/rendez-vous-store.com\/fr\/wp-json\/wp\/v2\/product"}],"about":[{"href":"https:\/\/rendez-vous-store.com\/fr\/wp-json\/wp\/v2\/types\/product"}],"wp:featuredmedia":[{"embeddable":true,"href":"https:\/\/rendez-vous-store.com\/fr\/wp-json\/wp\/v2\/media\/206319"}],"wp:attachment":[{"href":"https:\/\/rendez-vous-store.com\/fr\/wp-json\/wp\/v2\/media?parent=205565"}],"wp:term":[{"taxonomy":"product_brand","embeddable":true,"href":"https:\/\/rendez-vous-store.com\/fr\/wp-json\/wp\/v2\/product_brand?post=205565"},{"taxonomy":"product_cat","embeddable":true,"href":"https:\/\/rendez-vous-store.com\/fr\/wp-json\/wp\/v2\/product_cat?post=205565"},{"taxonomy":"product_tag","embeddable":true,"href":"https:\/\/rendez-vous-store.com\/fr\/wp-json\/wp\/v2\/product_tag?post=205565"}],"curies":[{"name":"wp","href":"https:\/\/api.w.org\/{rel}","templated":true}]}}