{"id":205532,"date":"2025-05-20T15:23:50","date_gmt":"2025-05-20T13:23:50","guid":{"rendered":"https:\/\/rendez-vous-store.com\/?post_type=product&#038;p=205532"},"modified":"2026-04-07T15:41:18","modified_gmt":"2026-04-07T13:41:18","slug":"paraboot-babord-f-raid-bril-noir","status":"publish","type":"product","link":"https:\/\/rendez-vous-store.com\/fr\/shop\/women\/women-shoes-heels-discover-our-selection-rendez-vous-store\/paraboot-babord-f-raid-bril-noir\/","title":{"rendered":"Paraboot \u2013 BABORD F\/ RAID \u2013 VERNIS NOIR"},"content":{"rendered":"<p><strong>Paraboot BABORD F\/ RAID BRIL NOIR<\/strong><\/p>\n<p>Couleur : Noir<\/p>\n<p>Coupe traditionnelle avec bout arrondi<\/p>\n<p>Composition : cousu Blake, non doubl\u00e9 \/ Semelle en caoutchouc naturel<\/p>\n<p>Fabriqu\u00e9 en Espagne<\/p>\n<p>&nbsp;<\/p>\n<p>La Babord F\/Raid de Paraboot en Bril Noir allie construction robuste et style raffin\u00e9. Parfait pour ceux qui recherchent des chaussures durables \u00e0 l'attrait intemporel.<\/p>\n<p>&nbsp;<\/p>\n<p>&nbsp;<\/p>\n<p>&nbsp;<\/p>\n<p>&nbsp;<\/p>\n<p><strong>La marque :<\/strong><\/p>\n<p>Paraboot est une marque de chaussures fran\u00e7aise renomm\u00e9e qui fabrique des chaussures de haute qualit\u00e9 depuis 1908. La marque est r\u00e9put\u00e9e pour son savoir-faire exceptionnel, ses mod\u00e8les intemporels et son engagement \u00e0 utiliser des mat\u00e9riaux naturels et durables. Le style distinctif de Paraboot allie l'\u00e9l\u00e9gance classique \u00e0 une fonctionnalit\u00e9 robuste, cr\u00e9ant ainsi des chaussures \u00e0 la fois \u00e9l\u00e9gantes et confortables. Connues pour leur construction embl\u00e9matique \u00e0 tr\u00e9pointe Goodyear, les chaussures Paraboot sont con\u00e7ues pour r\u00e9sister \u00e0 l'\u00e9preuve du temps, offrant durabilit\u00e9 et r\u00e9parabilit\u00e9. La marque est r\u00e9put\u00e9e pour son approche innovante de la fabrication traditionnelle de chaussures, produisant une gamme de chaussures pour hommes et femmes, notamment des bottes, des mocassins et des oxfords. Paraboot est fi\u00e8re de son h\u00e9ritage fran\u00e7ais et continue de produire ses chaussures en France, en utilisant des mat\u00e9riaux de premi\u00e8re qualit\u00e9 tels que le cuir et le caoutchouc provenant de fournisseurs locaux.<\/p>","protected":false},"excerpt":{"rendered":"<p>Paraboot BABORD F\/ RAID BRIL NOIR Color: Black Traditional fit with rounded toe Composition: Blake stitching, unlined \/ Natural rubber sole Made in Spain &nbsp; Paraboot\u2019s Babord F\/Raid in Bril Noir combines sturdy construction with refined style. Perfect for those seeking durable shoes with timeless appeal. &nbsp; &nbsp; &nbsp; &nbsp; The Brand : Paraboot is&hellip; <a class=\"more-link\" href=\"https:\/\/rendez-vous-store.com\/fr\/shop\/women\/women-shoes-heels-discover-our-selection-rendez-vous-store\/paraboot-babord-f-raid-bril-noir\/\">Continuer la lecture <span class=\"screen-reader-text\">Paraboot \u2013 BABORD F\/ RAID \u2013 VERNIS NOIR<\/span><\/a><\/p>","protected":false},"featured_media":206894,"template":"","meta":{"_acf_changed":false},"product_brand":[],"product_cat":[17,1062,293],"product_tag":[683],"class_list":{"0":"post-205532","1":"product","2":"type-product","3":"status-publish","4":"has-post-thumbnail","6":"product_cat-women","7":"product_cat-new-women-selection-rendez-vous-store","8":"product_cat-women-shoes-heels-discover-our-selection-rendez-vous-store","9":"product_tag-paraboot","10":"entry","12":"first","13":"instock","14":"taxable","15":"shipping-taxable","16":"purchasable","17":"product-type-variable","18":"has-default-attributes"},"acf":[],"yoast_head":"<!-- This site is optimized with the Yoast SEO plugin v24.9 - https:\/\/yoast.com\/wordpress\/plugins\/seo\/ -->\n<title>Paraboot BABORD F\/ RAID BRIL NOIR<\/title>\n<meta name=\"description\" content=\"Paraboot is on Rendez-vous Store. This Paraboot BABORD F\/RAID BRIL NOIR is a focus on comfort and functionality. Using premium materials.\" \/>\n<meta name=\"robots\" content=\"index, follow, max-snippet:-1, max-image-preview:large, max-video-preview:-1\" \/>\n<link rel=\"canonical\" href=\"https:\/\/rendez-vous-store.com\/fr\/shop\/women\/women-shoes-heels-discover-our-selection-rendez-vous-store\/paraboot-babord-f-raid-bril-noir\/\" \/>\n<meta property=\"og:locale\" content=\"fr_FR\" \/>\n<meta property=\"og:type\" content=\"article\" \/>\n<meta property=\"og:title\" content=\"Paraboot BABORD F\/ RAID BRIL NOIR\" \/>\n<meta property=\"og:description\" content=\"Paraboot is on Rendez-vous Store. This Paraboot BABORD F\/RAID BRIL NOIR is a focus on comfort and functionality. Using premium materials.\" \/>\n<meta property=\"og:url\" content=\"https:\/\/rendez-vous-store.com\/fr\/shop\/women\/women-shoes-heels-discover-our-selection-rendez-vous-store\/paraboot-babord-f-raid-bril-noir\/\" \/>\n<meta property=\"og:site_name\" content=\"RENDEZ-VOUS STORE\" \/>\n<meta property=\"article:modified_time\" content=\"2026-04-07T13:41:18+00:00\" \/>\n<meta property=\"og:image\" content=\"https:\/\/rendez-vous-store.com\/app\/uploads\/2025\/03\/2.webp\" \/>\n\t<meta property=\"og:image:width\" content=\"1696\" \/>\n\t<meta property=\"og:image:height\" content=\"2560\" \/>\n\t<meta property=\"og:image:type\" content=\"image\/webp\" \/>\n<meta name=\"twitter:card\" content=\"summary_large_image\" \/>\n<meta name=\"twitter:label1\" content=\"Est. reading time\" \/>\n\t<meta name=\"twitter:data1\" content=\"1 minute\" \/>\n<script type=\"application\/ld+json\" class=\"yoast-schema-graph\">{\"@context\":\"https:\/\/schema.org\",\"@graph\":[{\"@type\":\"WebPage\",\"@id\":\"https:\/\/rendez-vous-store.com\/shop\/women\/women-shoes-heels-discover-our-selection-rendez-vous-store\/paraboot-babord-f-raid-bril-noir\/\",\"url\":\"https:\/\/rendez-vous-store.com\/shop\/women\/women-shoes-heels-discover-our-selection-rendez-vous-store\/paraboot-babord-f-raid-bril-noir\/\",\"name\":\"Paraboot BABORD F\/ RAID BRIL NOIR\",\"isPartOf\":{\"@id\":\"https:\/\/rendez-vous-store.com\/#website\"},\"primaryImageOfPage\":{\"@id\":\"https:\/\/rendez-vous-store.com\/shop\/women\/women-shoes-heels-discover-our-selection-rendez-vous-store\/paraboot-babord-f-raid-bril-noir\/#primaryimage\"},\"image\":{\"@id\":\"https:\/\/rendez-vous-store.com\/shop\/women\/women-shoes-heels-discover-our-selection-rendez-vous-store\/paraboot-babord-f-raid-bril-noir\/#primaryimage\"},\"thumbnailUrl\":\"https:\/\/rendez-vous-store.com\/app\/uploads\/2025\/03\/2.webp\",\"datePublished\":\"2025-05-20T13:23:50+00:00\",\"dateModified\":\"2026-04-07T13:41:18+00:00\",\"description\":\"Paraboot is on Rendez-vous Store. This Paraboot BABORD F\/RAID BRIL NOIR is a focus on comfort and functionality. Using premium materials.\",\"breadcrumb\":{\"@id\":\"https:\/\/rendez-vous-store.com\/shop\/women\/women-shoes-heels-discover-our-selection-rendez-vous-store\/paraboot-babord-f-raid-bril-noir\/#breadcrumb\"},\"inLanguage\":\"fr-FR\",\"potentialAction\":[{\"@type\":\"ReadAction\",\"target\":[\"https:\/\/rendez-vous-store.com\/shop\/women\/women-shoes-heels-discover-our-selection-rendez-vous-store\/paraboot-babord-f-raid-bril-noir\/\"]}]},{\"@type\":\"ImageObject\",\"inLanguage\":\"fr-FR\",\"@id\":\"https:\/\/rendez-vous-store.com\/shop\/women\/women-shoes-heels-discover-our-selection-rendez-vous-store\/paraboot-babord-f-raid-bril-noir\/#primaryimage\",\"url\":\"https:\/\/rendez-vous-store.com\/app\/uploads\/2025\/03\/2.webp\",\"contentUrl\":\"https:\/\/rendez-vous-store.com\/app\/uploads\/2025\/03\/2.webp\",\"width\":1696,\"height\":2560},{\"@type\":\"BreadcrumbList\",\"@id\":\"https:\/\/rendez-vous-store.com\/shop\/women\/women-shoes-heels-discover-our-selection-rendez-vous-store\/paraboot-babord-f-raid-bril-noir\/#breadcrumb\",\"itemListElement\":[{\"@type\":\"ListItem\",\"position\":1,\"name\":\"Home\",\"item\":\"https:\/\/rendez-vous-store.com\/\"},{\"@type\":\"ListItem\",\"position\":2,\"name\":\"Shop\",\"item\":\"https:\/\/www.rendez-vous-store.com\/shop\/\"},{\"@type\":\"ListItem\",\"position\":3,\"name\":\"Paraboot &#8211; BABORD F\/ RAID &#8211; BRIL NOIR\"}]},{\"@type\":\"WebSite\",\"@id\":\"https:\/\/rendez-vous-store.com\/#website\",\"url\":\"https:\/\/rendez-vous-store.com\/\",\"name\":\"RENDEZ-VOUS STORE\",\"description\":\"Slow Fashion for Women and Men\",\"potentialAction\":[{\"@type\":\"SearchAction\",\"target\":{\"@type\":\"EntryPoint\",\"urlTemplate\":\"https:\/\/rendez-vous-store.com\/?s={search_term_string}\"},\"query-input\":{\"@type\":\"PropertyValueSpecification\",\"valueRequired\":true,\"valueName\":\"search_term_string\"}}],\"inLanguage\":\"fr-FR\"}]}<\/script>\n<!-- \/ Yoast SEO plugin. -->","yoast_head_json":{"title":"Paraboot BABORD F\/ RAID BRIL NOIR","description":"Paraboot is on Rendez-vous Store. This Paraboot BABORD F\/RAID BRIL NOIR is a focus on comfort and functionality. Using premium materials.","robots":{"index":"index","follow":"follow","max-snippet":"max-snippet:-1","max-image-preview":"max-image-preview:large","max-video-preview":"max-video-preview:-1"},"canonical":"https:\/\/rendez-vous-store.com\/fr\/shop\/women\/women-shoes-heels-discover-our-selection-rendez-vous-store\/paraboot-babord-f-raid-bril-noir\/","og_locale":"fr_FR","og_type":"article","og_title":"Paraboot BABORD F\/ RAID BRIL NOIR","og_description":"Paraboot is on Rendez-vous Store. This Paraboot BABORD F\/RAID BRIL NOIR is a focus on comfort and functionality. Using premium materials.","og_url":"https:\/\/rendez-vous-store.com\/fr\/shop\/women\/women-shoes-heels-discover-our-selection-rendez-vous-store\/paraboot-babord-f-raid-bril-noir\/","og_site_name":"RENDEZ-VOUS STORE","article_modified_time":"2026-04-07T13:41:18+00:00","og_image":[{"width":1696,"height":2560,"url":"https:\/\/rendez-vous-store.com\/app\/uploads\/2025\/03\/2.webp","type":"image\/webp"}],"twitter_card":"summary_large_image","twitter_misc":{"Est. reading time":"1 minute"},"schema":{"@context":"https:\/\/schema.org","@graph":[{"@type":"WebPage","@id":"https:\/\/rendez-vous-store.com\/shop\/women\/women-shoes-heels-discover-our-selection-rendez-vous-store\/paraboot-babord-f-raid-bril-noir\/","url":"https:\/\/rendez-vous-store.com\/shop\/women\/women-shoes-heels-discover-our-selection-rendez-vous-store\/paraboot-babord-f-raid-bril-noir\/","name":"Paraboot BABORD F\/ RAID BRIL NOIR","isPartOf":{"@id":"https:\/\/rendez-vous-store.com\/#website"},"primaryImageOfPage":{"@id":"https:\/\/rendez-vous-store.com\/shop\/women\/women-shoes-heels-discover-our-selection-rendez-vous-store\/paraboot-babord-f-raid-bril-noir\/#primaryimage"},"image":{"@id":"https:\/\/rendez-vous-store.com\/shop\/women\/women-shoes-heels-discover-our-selection-rendez-vous-store\/paraboot-babord-f-raid-bril-noir\/#primaryimage"},"thumbnailUrl":"https:\/\/rendez-vous-store.com\/app\/uploads\/2025\/03\/2.webp","datePublished":"2025-05-20T13:23:50+00:00","dateModified":"2026-04-07T13:41:18+00:00","description":"Paraboot is on Rendez-vous Store. This Paraboot BABORD F\/RAID BRIL NOIR is a focus on comfort and functionality. Using premium materials.","breadcrumb":{"@id":"https:\/\/rendez-vous-store.com\/shop\/women\/women-shoes-heels-discover-our-selection-rendez-vous-store\/paraboot-babord-f-raid-bril-noir\/#breadcrumb"},"inLanguage":"fr-FR","potentialAction":[{"@type":"ReadAction","target":["https:\/\/rendez-vous-store.com\/shop\/women\/women-shoes-heels-discover-our-selection-rendez-vous-store\/paraboot-babord-f-raid-bril-noir\/"]}]},{"@type":"ImageObject","inLanguage":"fr-FR","@id":"https:\/\/rendez-vous-store.com\/shop\/women\/women-shoes-heels-discover-our-selection-rendez-vous-store\/paraboot-babord-f-raid-bril-noir\/#primaryimage","url":"https:\/\/rendez-vous-store.com\/app\/uploads\/2025\/03\/2.webp","contentUrl":"https:\/\/rendez-vous-store.com\/app\/uploads\/2025\/03\/2.webp","width":1696,"height":2560},{"@type":"BreadcrumbList","@id":"https:\/\/rendez-vous-store.com\/shop\/women\/women-shoes-heels-discover-our-selection-rendez-vous-store\/paraboot-babord-f-raid-bril-noir\/#breadcrumb","itemListElement":[{"@type":"ListItem","position":1,"name":"Home","item":"https:\/\/rendez-vous-store.com\/"},{"@type":"ListItem","position":2,"name":"Shop","item":"https:\/\/www.rendez-vous-store.com\/shop\/"},{"@type":"ListItem","position":3,"name":"Paraboot &#8211; BABORD F\/ RAID &#8211; BRIL NOIR"}]},{"@type":"WebSite","@id":"https:\/\/rendez-vous-store.com\/#website","url":"https:\/\/rendez-vous-store.com\/","name":"RENDEZ-VOUS STORE","description":"Slow Fashion for Women and Men","potentialAction":[{"@type":"SearchAction","target":{"@type":"EntryPoint","urlTemplate":"https:\/\/rendez-vous-store.com\/?s={search_term_string}"},"query-input":{"@type":"PropertyValueSpecification","valueRequired":true,"valueName":"search_term_string"}}],"inLanguage":"fr-FR"}]}},"_links":{"self":[{"href":"https:\/\/rendez-vous-store.com\/fr\/wp-json\/wp\/v2\/product\/205532","targetHints":{"allow":["GET"]}}],"collection":[{"href":"https:\/\/rendez-vous-store.com\/fr\/wp-json\/wp\/v2\/product"}],"about":[{"href":"https:\/\/rendez-vous-store.com\/fr\/wp-json\/wp\/v2\/types\/product"}],"wp:featuredmedia":[{"embeddable":true,"href":"https:\/\/rendez-vous-store.com\/fr\/wp-json\/wp\/v2\/media\/206894"}],"wp:attachment":[{"href":"https:\/\/rendez-vous-store.com\/fr\/wp-json\/wp\/v2\/media?parent=205532"}],"wp:term":[{"taxonomy":"product_brand","embeddable":true,"href":"https:\/\/rendez-vous-store.com\/fr\/wp-json\/wp\/v2\/product_brand?post=205532"},{"taxonomy":"product_cat","embeddable":true,"href":"https:\/\/rendez-vous-store.com\/fr\/wp-json\/wp\/v2\/product_cat?post=205532"},{"taxonomy":"product_tag","embeddable":true,"href":"https:\/\/rendez-vous-store.com\/fr\/wp-json\/wp\/v2\/product_tag?post=205532"}],"curies":[{"name":"wp","href":"https:\/\/api.w.org\/{rel}","templated":true}]}}