{"id":205408,"date":"2025-05-20T12:17:20","date_gmt":"2025-05-20T10:17:20","guid":{"rendered":"https:\/\/rendez-vous-store.com\/?post_type=product&#038;p=205408"},"modified":"2026-04-24T16:08:07","modified_gmt":"2026-04-24T14:08:07","slug":"rue-blanche-poketi-pants-brown-rendez-vous-store","status":"publish","type":"product","link":"https:\/\/rendez-vous-store.com\/fr\/shop\/last-pieces-women-rendez-vous-store\/last-pieces-women-trousers-skirt-rendez-vous-store\/rue-blanche-poketi-pants-brown-rendez-vous-store\/","title":{"rendered":"rue blanche \u2013 Pantalon POKETI \u2013 Marron"},"content":{"rendered":"<p><strong>rue blanche POKETI Pantalon Marron<\/strong><\/p>\n<p>Couleur : Marron<\/p>\n<p>Coupe ample<\/p>\n<p>Passant de ceinture<\/p>\n<p>Longueur de la cheville<\/p>\n<p>Taille mi-haute<\/p>\n<p>Grande poche plaqu\u00e9e devant<\/p>\n<p>Composition : 100% Coton<\/p>\n<p>Fabriqu\u00e9 en Bulgarie<\/p>\n<p>&nbsp;<\/p>\n<p>Le pantalon POKETI de rue blanche revisite la coupe classique avec une touche plus douce et d\u00e9contract\u00e9e. Leur riche teinte brune ancre n'importe quelle tenue, tandis que leur coupe d\u00e9contract\u00e9e et leur tissu fluide garantissent un confort toute la journ\u00e9e. Con\u00e7us dans un souci de praticit\u00e9, ils pr\u00e9sentent des poches discr\u00e8tes et une ceinture flexible qui s'adapte au mouvement. Ce pantalon apporte une structure subtile sans \u00eatre rigide, id\u00e9al pour les matins charg\u00e9s ou les week-ends tranquilles. Port\u00e9 avec un t-shirt rentr\u00e9 ou sous un blazer oversize, il se pr\u00eate facilement \u00e0 toutes les saisons et \u00e0 tous les environnements. Un basique discret pour ceux qui privil\u00e9gient la simplicit\u00e9 r\u00e9fl\u00e9chie aux tendances \u00e9ph\u00e9m\u00e8res.<\/p>\n<p>&nbsp;<\/p>\n<p>Les mesures :<\/p>\n<p>Taille S : Tour de taille : 36 cm, Hanches : 55 cm, Cuisse : 32 cm, Entrejambe : 74 cm, Longueur : 100 cm<\/p>\n<p>Taille M : Tour de taille : 38 cm, Tour de hanches : 57 cm, Tour de cuisse : 33 cm, Entrejambe : 75 cm, Longueur : 101 cm<\/p>\n<p>&nbsp;<\/p>\n<p>&nbsp;<\/p>\n<p><strong>La marque\u00a0<\/strong><\/p>\n<p>Fond\u00e9e en Belgique, Rue Blanche exprime une confiance tranquille \u00e0 travers un design minimaliste et des coupes raffin\u00e9es et intemporelles con\u00e7ues pour durer.<br data-start=\"345\" data-end=\"348\" \/>Chaque pi\u00e8ce est soigneusement con\u00e7ue pour transcender les tendances tout en offrant une sophistication moderne et une \u00e9l\u00e9gance discr\u00e8te.<br data-start=\"463\" data-end=\"466\" \/>La marque trouve son harmonie dans des lignes \u00e9pur\u00e9es, des d\u00e9tails subtils et une coupe douce avec une touche contemporaine.<\/p>\n<p>Le confort et l'\u00e9l\u00e9gance coexistent dans chaque silhouette, avec des tissus de qualit\u00e9 s\u00e9lectionn\u00e9s pour leur toucher naturel et leur durabilit\u00e9.<br data-start=\"687\" data-end=\"690\" data-is-only-node=\"\" \/>La marque valorise \u00e9galement la cr\u00e9ation responsable, en privil\u00e9giant une conception r\u00e9fl\u00e9chie et des choix de production conscients.<br data-start=\"797\" data-end=\"800\" \/>Ses collections proposent des essentiels polyvalents qui passent sans effort du jour \u00e0 la nuit, saison apr\u00e8s saison.<\/p>\n<p>Con\u00e7ue pour la femme moderne, la marque s'adresse \u00e0 celles qui embrassent la simplicit\u00e9 comme une d\u00e9claration de style puissante.<\/p>\n<p>D\u00e9couvrez Rue Blanche \u2013 o\u00f9 l'\u00e9l\u00e9gance rencontre la simplicit\u00e9, et o\u00f9 la mode intemporelle fait partie de votre histoire quotidienne.<\/p>\n<p>&nbsp;<\/p>\n<p>&nbsp;<\/p>\n<p><a href=\"https:\/\/www.instagram.com\/p\/DJ9k0QFIhNq\/?img_index=1\">Inspirez-vous de nos looks Rue Blanche sur Instagram<\/a><\/p>","protected":false},"excerpt":{"rendered":"<p>rue blanche POKETI Pants Brown Color: Brown Loose fit Belt loop Ankle length Mid rise waist Big front patch pocket Composition: 100% Cotton Made in Bulgaria &nbsp; The rue blanche &#8211; POKETI Pants &#8211; Brown revisit classic tailoring with a softer, more casual edge. Their rich brown tone grounds any outfit, while the relaxed cut&hellip; <a class=\"more-link\" href=\"https:\/\/rendez-vous-store.com\/fr\/shop\/last-pieces-women-rendez-vous-store\/last-pieces-women-trousers-skirt-rendez-vous-store\/rue-blanche-poketi-pants-brown-rendez-vous-store\/\">Continuer la lecture <span class=\"screen-reader-text\">rue blanche \u2013 Pantalon POKETI \u2013 Marron<\/span><\/a><\/p>","protected":false},"featured_media":206110,"template":"","meta":{"_acf_changed":false},"product_brand":[],"product_cat":[1232,1138,1144],"product_tag":[],"class_list":{"0":"post-205408","1":"product","2":"type-product","3":"status-publish","4":"has-post-thumbnail","6":"product_cat-sale-40","7":"product_cat-last-pieces-women-rendez-vous-store","8":"product_cat-last-pieces-women-trousers-skirt-rendez-vous-store","9":"entry","11":"first","12":"instock","13":"taxable","14":"shipping-taxable","15":"purchasable","16":"product-type-variable"},"acf":[],"yoast_head":"<!-- This site is optimized with the Yoast SEO plugin v24.9 - https:\/\/yoast.com\/wordpress\/plugins\/seo\/ -->\n<title>rue blanche POKETI Pants Brown<\/title>\n<meta name=\"description\" content=\"This rue blanche - POKETI Pants - Brown is designed to transcend trends while offering modern sophistication and understated elegance. Discover now.\" \/>\n<meta name=\"robots\" content=\"index, follow, max-snippet:-1, max-image-preview:large, max-video-preview:-1\" \/>\n<link rel=\"canonical\" href=\"https:\/\/rendez-vous-store.com\/fr\/shop\/last-pieces-women-rendez-vous-store\/last-pieces-women-trousers-skirt-rendez-vous-store\/rue-blanche-poketi-pants-brown-rendez-vous-store\/\" \/>\n<meta property=\"og:locale\" content=\"fr_FR\" \/>\n<meta property=\"og:type\" content=\"article\" \/>\n<meta property=\"og:title\" content=\"rue blanche POKETI Pants Brown\" \/>\n<meta property=\"og:description\" content=\"This rue blanche - POKETI Pants - Brown is designed to transcend trends while offering modern sophistication and understated elegance. Discover now.\" \/>\n<meta property=\"og:url\" content=\"https:\/\/rendez-vous-store.com\/fr\/shop\/last-pieces-women-rendez-vous-store\/last-pieces-women-trousers-skirt-rendez-vous-store\/rue-blanche-poketi-pants-brown-rendez-vous-store\/\" \/>\n<meta property=\"og:site_name\" content=\"RENDEZ-VOUS STORE\" \/>\n<meta property=\"article:modified_time\" content=\"2026-04-24T14:08:07+00:00\" \/>\n<meta property=\"og:image\" content=\"https:\/\/rendez-vous-store.com\/app\/uploads\/2025\/05\/6-2.webp\" \/>\n\t<meta property=\"og:image:width\" content=\"1696\" \/>\n\t<meta property=\"og:image:height\" content=\"2560\" \/>\n\t<meta property=\"og:image:type\" content=\"image\/webp\" \/>\n<meta name=\"twitter:card\" content=\"summary_large_image\" \/>\n<meta name=\"twitter:label1\" content=\"Est. reading time\" \/>\n\t<meta name=\"twitter:data1\" content=\"2 minutes\" \/>\n<script type=\"application\/ld+json\" class=\"yoast-schema-graph\">{\"@context\":\"https:\/\/schema.org\",\"@graph\":[{\"@type\":\"WebPage\",\"@id\":\"https:\/\/rendez-vous-store.com\/shop\/last-pieces-women-rendez-vous-store\/last-pieces-women-trousers-skirt-rendez-vous-store\/rue-blanche-poketi-pants-brown-rendez-vous-store\/\",\"url\":\"https:\/\/rendez-vous-store.com\/shop\/last-pieces-women-rendez-vous-store\/last-pieces-women-trousers-skirt-rendez-vous-store\/rue-blanche-poketi-pants-brown-rendez-vous-store\/\",\"name\":\"rue blanche POKETI Pants Brown\",\"isPartOf\":{\"@id\":\"https:\/\/rendez-vous-store.com\/#website\"},\"primaryImageOfPage\":{\"@id\":\"https:\/\/rendez-vous-store.com\/shop\/last-pieces-women-rendez-vous-store\/last-pieces-women-trousers-skirt-rendez-vous-store\/rue-blanche-poketi-pants-brown-rendez-vous-store\/#primaryimage\"},\"image\":{\"@id\":\"https:\/\/rendez-vous-store.com\/shop\/last-pieces-women-rendez-vous-store\/last-pieces-women-trousers-skirt-rendez-vous-store\/rue-blanche-poketi-pants-brown-rendez-vous-store\/#primaryimage\"},\"thumbnailUrl\":\"https:\/\/rendez-vous-store.com\/app\/uploads\/2025\/05\/6-2.webp\",\"datePublished\":\"2025-05-20T10:17:20+00:00\",\"dateModified\":\"2026-04-24T14:08:07+00:00\",\"description\":\"This rue blanche - POKETI Pants - Brown is designed to transcend trends while offering modern sophistication and understated elegance. Discover now.\",\"breadcrumb\":{\"@id\":\"https:\/\/rendez-vous-store.com\/shop\/last-pieces-women-rendez-vous-store\/last-pieces-women-trousers-skirt-rendez-vous-store\/rue-blanche-poketi-pants-brown-rendez-vous-store\/#breadcrumb\"},\"inLanguage\":\"fr-FR\",\"potentialAction\":[{\"@type\":\"ReadAction\",\"target\":[\"https:\/\/rendez-vous-store.com\/shop\/last-pieces-women-rendez-vous-store\/last-pieces-women-trousers-skirt-rendez-vous-store\/rue-blanche-poketi-pants-brown-rendez-vous-store\/\"]}]},{\"@type\":\"ImageObject\",\"inLanguage\":\"fr-FR\",\"@id\":\"https:\/\/rendez-vous-store.com\/shop\/last-pieces-women-rendez-vous-store\/last-pieces-women-trousers-skirt-rendez-vous-store\/rue-blanche-poketi-pants-brown-rendez-vous-store\/#primaryimage\",\"url\":\"https:\/\/rendez-vous-store.com\/app\/uploads\/2025\/05\/6-2.webp\",\"contentUrl\":\"https:\/\/rendez-vous-store.com\/app\/uploads\/2025\/05\/6-2.webp\",\"width\":1696,\"height\":2560},{\"@type\":\"BreadcrumbList\",\"@id\":\"https:\/\/rendez-vous-store.com\/shop\/last-pieces-women-rendez-vous-store\/last-pieces-women-trousers-skirt-rendez-vous-store\/rue-blanche-poketi-pants-brown-rendez-vous-store\/#breadcrumb\",\"itemListElement\":[{\"@type\":\"ListItem\",\"position\":1,\"name\":\"Home\",\"item\":\"https:\/\/rendez-vous-store.com\/\"},{\"@type\":\"ListItem\",\"position\":2,\"name\":\"Shop\",\"item\":\"https:\/\/www.rendez-vous-store.com\/shop\/\"},{\"@type\":\"ListItem\",\"position\":3,\"name\":\"rue blanche &#8211; POKETI Pants &#8211; Brown\"}]},{\"@type\":\"WebSite\",\"@id\":\"https:\/\/rendez-vous-store.com\/#website\",\"url\":\"https:\/\/rendez-vous-store.com\/\",\"name\":\"RENDEZ-VOUS STORE\",\"description\":\"Slow Fashion for Women and Men\",\"potentialAction\":[{\"@type\":\"SearchAction\",\"target\":{\"@type\":\"EntryPoint\",\"urlTemplate\":\"https:\/\/rendez-vous-store.com\/?s={search_term_string}\"},\"query-input\":{\"@type\":\"PropertyValueSpecification\",\"valueRequired\":true,\"valueName\":\"search_term_string\"}}],\"inLanguage\":\"fr-FR\"}]}<\/script>\n<!-- \/ Yoast SEO plugin. -->","yoast_head_json":{"title":"rue blanche POKETI Pants Brown","description":"This rue blanche - POKETI Pants - Brown is designed to transcend trends while offering modern sophistication and understated elegance. Discover now.","robots":{"index":"index","follow":"follow","max-snippet":"max-snippet:-1","max-image-preview":"max-image-preview:large","max-video-preview":"max-video-preview:-1"},"canonical":"https:\/\/rendez-vous-store.com\/fr\/shop\/last-pieces-women-rendez-vous-store\/last-pieces-women-trousers-skirt-rendez-vous-store\/rue-blanche-poketi-pants-brown-rendez-vous-store\/","og_locale":"fr_FR","og_type":"article","og_title":"rue blanche POKETI Pants Brown","og_description":"This rue blanche - POKETI Pants - Brown is designed to transcend trends while offering modern sophistication and understated elegance. Discover now.","og_url":"https:\/\/rendez-vous-store.com\/fr\/shop\/last-pieces-women-rendez-vous-store\/last-pieces-women-trousers-skirt-rendez-vous-store\/rue-blanche-poketi-pants-brown-rendez-vous-store\/","og_site_name":"RENDEZ-VOUS STORE","article_modified_time":"2026-04-24T14:08:07+00:00","og_image":[{"width":1696,"height":2560,"url":"https:\/\/rendez-vous-store.com\/app\/uploads\/2025\/05\/6-2.webp","type":"image\/webp"}],"twitter_card":"summary_large_image","twitter_misc":{"Est. reading time":"2 minutes"},"schema":{"@context":"https:\/\/schema.org","@graph":[{"@type":"WebPage","@id":"https:\/\/rendez-vous-store.com\/shop\/last-pieces-women-rendez-vous-store\/last-pieces-women-trousers-skirt-rendez-vous-store\/rue-blanche-poketi-pants-brown-rendez-vous-store\/","url":"https:\/\/rendez-vous-store.com\/shop\/last-pieces-women-rendez-vous-store\/last-pieces-women-trousers-skirt-rendez-vous-store\/rue-blanche-poketi-pants-brown-rendez-vous-store\/","name":"rue blanche POKETI Pants Brown","isPartOf":{"@id":"https:\/\/rendez-vous-store.com\/#website"},"primaryImageOfPage":{"@id":"https:\/\/rendez-vous-store.com\/shop\/last-pieces-women-rendez-vous-store\/last-pieces-women-trousers-skirt-rendez-vous-store\/rue-blanche-poketi-pants-brown-rendez-vous-store\/#primaryimage"},"image":{"@id":"https:\/\/rendez-vous-store.com\/shop\/last-pieces-women-rendez-vous-store\/last-pieces-women-trousers-skirt-rendez-vous-store\/rue-blanche-poketi-pants-brown-rendez-vous-store\/#primaryimage"},"thumbnailUrl":"https:\/\/rendez-vous-store.com\/app\/uploads\/2025\/05\/6-2.webp","datePublished":"2025-05-20T10:17:20+00:00","dateModified":"2026-04-24T14:08:07+00:00","description":"This rue blanche - POKETI Pants - Brown is designed to transcend trends while offering modern sophistication and understated elegance. Discover now.","breadcrumb":{"@id":"https:\/\/rendez-vous-store.com\/shop\/last-pieces-women-rendez-vous-store\/last-pieces-women-trousers-skirt-rendez-vous-store\/rue-blanche-poketi-pants-brown-rendez-vous-store\/#breadcrumb"},"inLanguage":"fr-FR","potentialAction":[{"@type":"ReadAction","target":["https:\/\/rendez-vous-store.com\/shop\/last-pieces-women-rendez-vous-store\/last-pieces-women-trousers-skirt-rendez-vous-store\/rue-blanche-poketi-pants-brown-rendez-vous-store\/"]}]},{"@type":"ImageObject","inLanguage":"fr-FR","@id":"https:\/\/rendez-vous-store.com\/shop\/last-pieces-women-rendez-vous-store\/last-pieces-women-trousers-skirt-rendez-vous-store\/rue-blanche-poketi-pants-brown-rendez-vous-store\/#primaryimage","url":"https:\/\/rendez-vous-store.com\/app\/uploads\/2025\/05\/6-2.webp","contentUrl":"https:\/\/rendez-vous-store.com\/app\/uploads\/2025\/05\/6-2.webp","width":1696,"height":2560},{"@type":"BreadcrumbList","@id":"https:\/\/rendez-vous-store.com\/shop\/last-pieces-women-rendez-vous-store\/last-pieces-women-trousers-skirt-rendez-vous-store\/rue-blanche-poketi-pants-brown-rendez-vous-store\/#breadcrumb","itemListElement":[{"@type":"ListItem","position":1,"name":"Home","item":"https:\/\/rendez-vous-store.com\/"},{"@type":"ListItem","position":2,"name":"Shop","item":"https:\/\/www.rendez-vous-store.com\/shop\/"},{"@type":"ListItem","position":3,"name":"rue blanche &#8211; POKETI Pants &#8211; Brown"}]},{"@type":"WebSite","@id":"https:\/\/rendez-vous-store.com\/#website","url":"https:\/\/rendez-vous-store.com\/","name":"RENDEZ-VOUS STORE","description":"Slow Fashion for Women and Men","potentialAction":[{"@type":"SearchAction","target":{"@type":"EntryPoint","urlTemplate":"https:\/\/rendez-vous-store.com\/?s={search_term_string}"},"query-input":{"@type":"PropertyValueSpecification","valueRequired":true,"valueName":"search_term_string"}}],"inLanguage":"fr-FR"}]}},"_links":{"self":[{"href":"https:\/\/rendez-vous-store.com\/fr\/wp-json\/wp\/v2\/product\/205408","targetHints":{"allow":["GET"]}}],"collection":[{"href":"https:\/\/rendez-vous-store.com\/fr\/wp-json\/wp\/v2\/product"}],"about":[{"href":"https:\/\/rendez-vous-store.com\/fr\/wp-json\/wp\/v2\/types\/product"}],"wp:featuredmedia":[{"embeddable":true,"href":"https:\/\/rendez-vous-store.com\/fr\/wp-json\/wp\/v2\/media\/206110"}],"wp:attachment":[{"href":"https:\/\/rendez-vous-store.com\/fr\/wp-json\/wp\/v2\/media?parent=205408"}],"wp:term":[{"taxonomy":"product_brand","embeddable":true,"href":"https:\/\/rendez-vous-store.com\/fr\/wp-json\/wp\/v2\/product_brand?post=205408"},{"taxonomy":"product_cat","embeddable":true,"href":"https:\/\/rendez-vous-store.com\/fr\/wp-json\/wp\/v2\/product_cat?post=205408"},{"taxonomy":"product_tag","embeddable":true,"href":"https:\/\/rendez-vous-store.com\/fr\/wp-json\/wp\/v2\/product_tag?post=205408"}],"curies":[{"name":"wp","href":"https:\/\/api.w.org\/{rel}","templated":true}]}}