{"id":205380,"date":"2025-05-20T12:17:02","date_gmt":"2025-05-20T10:17:02","guid":{"rendered":"https:\/\/rendez-vous-store.com\/?post_type=product&#038;p=205380"},"modified":"2026-04-24T16:08:15","modified_gmt":"2026-04-24T14:08:15","slug":"rue-blanche-bees-maxi-25p-neant-white-rendez-vous-store","status":"publish","type":"product","link":"https:\/\/rendez-vous-store.com\/fr\/shop\/special-offer-women-rendez-vous-store\/women-t-shirt-special-offer\/rue-blanche-bees-maxi-25p-neant-white-rendez-vous-store\/","title":{"rendered":"rue blanche \u2013 BEES MAXI 25P NUL \u2013 Blanc"},"content":{"rendered":"<p><strong>rue Blanche BEES MAXI 25P NEANT Blanc<\/strong><\/p>\n<p>Couleur : blanc<\/p>\n<p>Coupe oversize<\/p>\n<p>Manches 3\/4<\/p>\n<p>Col roul\u00e9 ouvert<\/p>\n<p>\u00c9paules tombantes<\/p>\n<p>Point de graine<\/p>\n<p>Composition : 50% coton retors, 50% rayonne fil\u00e9<\/p>\n<p>Fabriqu\u00e9 en Chine<\/p>\n<p>&nbsp;<\/p>\n<p>La rue blanche \u2013 BEES MAXI 25P N\u00c9ANT \u2013 Blanc blanc incarne l'\u00e9l\u00e9gance discr\u00e8te qui caract\u00e9rise la rue Blanche. Coupe dans une silhouette g\u00e9n\u00e9reuse, elle offre une sensation de confort tout en conservant une pr\u00e9sence raffin\u00e9e. Son design \u00e9pur\u00e9 et minimaliste met en valeur la qualit\u00e9 du tissu et de la confection. Sa texture douce et son drap\u00e9 fluide la rendent id\u00e9ale pour la superposition ou pour \u00eatre port\u00e9e seule lors des journ\u00e9es plus chaudes. Qu'elle soit associ\u00e9e \u00e0 un pantalon structur\u00e9 ou \u00e0 un jean d\u00e9contract\u00e9, ce haut rehausse n'importe quel look sans effort. Intemporel et polyvalent, le BEES MAXI est un essentiel de garde-robe pour celles qui appr\u00e9cient un design contemporain discret.<\/p>\n<p>&nbsp;<\/p>\n<p>&nbsp;<\/p>\n<p><strong>La marque\u00a0<\/strong><\/p>\n<p>Fond\u00e9e en Belgique, Rue Blanche exprime une confiance tranquille \u00e0 travers un design minimaliste et des coupes raffin\u00e9es et intemporelles con\u00e7ues pour durer.<br data-start=\"345\" data-end=\"348\" \/>Chaque pi\u00e8ce est soigneusement con\u00e7ue pour transcender les tendances tout en offrant une sophistication moderne et une \u00e9l\u00e9gance discr\u00e8te.<br data-start=\"463\" data-end=\"466\" \/>La marque trouve son harmonie dans des lignes \u00e9pur\u00e9es, des d\u00e9tails subtils et une coupe douce avec une touche contemporaine.<\/p>\n<p>Le confort et l'\u00e9l\u00e9gance coexistent dans chaque silhouette, avec des tissus de qualit\u00e9 s\u00e9lectionn\u00e9s pour leur toucher naturel et leur durabilit\u00e9.<br data-start=\"687\" data-end=\"690\" data-is-only-node=\"\" \/>La marque valorise \u00e9galement la cr\u00e9ation responsable, en privil\u00e9giant une conception r\u00e9fl\u00e9chie et des choix de production conscients.<br data-start=\"797\" data-end=\"800\" \/>Ses collections proposent des essentiels polyvalents qui passent sans effort du jour \u00e0 la nuit, saison apr\u00e8s saison.<\/p>\n<p>Con\u00e7ue pour la femme moderne, la marque s'adresse \u00e0 celles qui embrassent la simplicit\u00e9 comme une d\u00e9claration de style puissante.<\/p>\n<p>D\u00e9couvrez Rue Blanche \u2013 o\u00f9 l'\u00e9l\u00e9gance rencontre la simplicit\u00e9, et o\u00f9 la mode intemporelle fait partie de votre histoire quotidienne.<\/p>\n<p>&nbsp;<\/p>\n<p>&nbsp;<\/p>\n<p>&nbsp;<\/p>\n<p><a href=\"https:\/\/www.instagram.com\/p\/DJ9k0QFIhNq\/?img_index=1\">Inspirez-vous de nos looks Rue Blanche sur Instagram<\/a><\/p>","protected":false},"excerpt":{"rendered":"<p>rue blanche BEES MAXI 25P NEANT White Color: White Oversized fit 3\/4 Sleeves Open polo neck Dropped shoulders Seed stitching Composition:50% Twisted cotton, 50% Spun rayon Made in China &nbsp; The rue blanche &#8211; BEES MAXI 25P NEANT &#8211; White white embodies the quiet elegance Rue Blanche is known for. Cut in a generous silhouette,&hellip; <a class=\"more-link\" href=\"https:\/\/rendez-vous-store.com\/fr\/shop\/special-offer-women-rendez-vous-store\/women-t-shirt-special-offer\/rue-blanche-bees-maxi-25p-neant-white-rendez-vous-store\/\">Continuer la lecture <span class=\"screen-reader-text\">rue blanche \u2013 BEES MAXI 25P NUL \u2013 Blanc<\/span><\/a><\/p>","protected":false},"featured_media":206130,"template":"","meta":{"_acf_changed":false},"product_brand":[],"product_cat":[1271,1335,1340,17,1062,199],"product_tag":[1427],"class_list":{"0":"post-205380","1":"product","2":"type-product","3":"status-publish","4":"has-post-thumbnail","6":"product_cat-1271","7":"product_cat-special-offer-women-rendez-vous-store","8":"product_cat-women-t-shirt-special-offer","9":"product_cat-women","10":"product_cat-new-women-selection-rendez-vous-store","11":"product_cat-women-knitwears-discover-our-selection-rendez-vous-store","12":"product_tag-rue-blanche-rendez-vous-store","13":"entry","15":"first","16":"outofstock","17":"taxable","18":"shipping-taxable","19":"product-type-variable"},"acf":[],"yoast_head":"<!-- This site is optimized with the Yoast SEO plugin v24.9 - https:\/\/yoast.com\/wordpress\/plugins\/seo\/ -->\n<title>rue blanche BEES MAXI 25P NEANT White<\/title>\n<meta name=\"description\" content=\"This rue blanche - BEES MAXI 25P NEANT - White is designed to transcend trends while offering modern sophistication and understated elegance. Discover now.\" \/>\n<meta name=\"robots\" content=\"index, follow, max-snippet:-1, max-image-preview:large, max-video-preview:-1\" \/>\n<link rel=\"canonical\" href=\"https:\/\/rendez-vous-store.com\/fr\/shop\/special-offer-women-rendez-vous-store\/women-t-shirt-special-offer\/rue-blanche-bees-maxi-25p-neant-white-rendez-vous-store\/\" \/>\n<meta property=\"og:locale\" content=\"fr_FR\" \/>\n<meta property=\"og:type\" content=\"article\" \/>\n<meta property=\"og:title\" content=\"rue blanche BEES MAXI 25P NEANT White\" \/>\n<meta property=\"og:description\" content=\"This rue blanche - BEES MAXI 25P NEANT - White is designed to transcend trends while offering modern sophistication and understated elegance. Discover now.\" \/>\n<meta property=\"og:url\" content=\"https:\/\/rendez-vous-store.com\/fr\/shop\/special-offer-women-rendez-vous-store\/women-t-shirt-special-offer\/rue-blanche-bees-maxi-25p-neant-white-rendez-vous-store\/\" \/>\n<meta property=\"og:site_name\" content=\"RENDEZ-VOUS STORE\" \/>\n<meta property=\"article:modified_time\" content=\"2026-04-24T14:08:15+00:00\" \/>\n<meta property=\"og:image\" content=\"https:\/\/rendez-vous-store.com\/app\/uploads\/2025\/05\/26-2.webp\" \/>\n\t<meta property=\"og:image:width\" content=\"1696\" \/>\n\t<meta property=\"og:image:height\" content=\"2560\" \/>\n\t<meta property=\"og:image:type\" content=\"image\/webp\" \/>\n<meta name=\"twitter:card\" content=\"summary_large_image\" \/>\n<meta name=\"twitter:label1\" content=\"Est. reading time\" \/>\n\t<meta name=\"twitter:data1\" content=\"2 minutes\" \/>\n<script type=\"application\/ld+json\" class=\"yoast-schema-graph\">{\"@context\":\"https:\/\/schema.org\",\"@graph\":[{\"@type\":\"WebPage\",\"@id\":\"https:\/\/rendez-vous-store.com\/shop\/special-offer-women-rendez-vous-store\/women-t-shirt-special-offer\/rue-blanche-bees-maxi-25p-neant-white-rendez-vous-store\/\",\"url\":\"https:\/\/rendez-vous-store.com\/shop\/special-offer-women-rendez-vous-store\/women-t-shirt-special-offer\/rue-blanche-bees-maxi-25p-neant-white-rendez-vous-store\/\",\"name\":\"rue blanche BEES MAXI 25P NEANT White\",\"isPartOf\":{\"@id\":\"https:\/\/rendez-vous-store.com\/#website\"},\"primaryImageOfPage\":{\"@id\":\"https:\/\/rendez-vous-store.com\/shop\/special-offer-women-rendez-vous-store\/women-t-shirt-special-offer\/rue-blanche-bees-maxi-25p-neant-white-rendez-vous-store\/#primaryimage\"},\"image\":{\"@id\":\"https:\/\/rendez-vous-store.com\/shop\/special-offer-women-rendez-vous-store\/women-t-shirt-special-offer\/rue-blanche-bees-maxi-25p-neant-white-rendez-vous-store\/#primaryimage\"},\"thumbnailUrl\":\"https:\/\/rendez-vous-store.com\/app\/uploads\/2025\/05\/26-2.webp\",\"datePublished\":\"2025-05-20T10:17:02+00:00\",\"dateModified\":\"2026-04-24T14:08:15+00:00\",\"description\":\"This rue blanche - BEES MAXI 25P NEANT - White is designed to transcend trends while offering modern sophistication and understated elegance. Discover now.\",\"breadcrumb\":{\"@id\":\"https:\/\/rendez-vous-store.com\/shop\/special-offer-women-rendez-vous-store\/women-t-shirt-special-offer\/rue-blanche-bees-maxi-25p-neant-white-rendez-vous-store\/#breadcrumb\"},\"inLanguage\":\"fr-FR\",\"potentialAction\":[{\"@type\":\"ReadAction\",\"target\":[\"https:\/\/rendez-vous-store.com\/shop\/special-offer-women-rendez-vous-store\/women-t-shirt-special-offer\/rue-blanche-bees-maxi-25p-neant-white-rendez-vous-store\/\"]}]},{\"@type\":\"ImageObject\",\"inLanguage\":\"fr-FR\",\"@id\":\"https:\/\/rendez-vous-store.com\/shop\/special-offer-women-rendez-vous-store\/women-t-shirt-special-offer\/rue-blanche-bees-maxi-25p-neant-white-rendez-vous-store\/#primaryimage\",\"url\":\"https:\/\/rendez-vous-store.com\/app\/uploads\/2025\/05\/26-2.webp\",\"contentUrl\":\"https:\/\/rendez-vous-store.com\/app\/uploads\/2025\/05\/26-2.webp\",\"width\":1696,\"height\":2560},{\"@type\":\"BreadcrumbList\",\"@id\":\"https:\/\/rendez-vous-store.com\/shop\/special-offer-women-rendez-vous-store\/women-t-shirt-special-offer\/rue-blanche-bees-maxi-25p-neant-white-rendez-vous-store\/#breadcrumb\",\"itemListElement\":[{\"@type\":\"ListItem\",\"position\":1,\"name\":\"Home\",\"item\":\"https:\/\/rendez-vous-store.com\/\"},{\"@type\":\"ListItem\",\"position\":2,\"name\":\"Shop\",\"item\":\"https:\/\/www.rendez-vous-store.com\/shop\/\"},{\"@type\":\"ListItem\",\"position\":3,\"name\":\"rue blanche &#8211; BEES MAXI 25P NEANT &#8211; White\"}]},{\"@type\":\"WebSite\",\"@id\":\"https:\/\/rendez-vous-store.com\/#website\",\"url\":\"https:\/\/rendez-vous-store.com\/\",\"name\":\"RENDEZ-VOUS STORE\",\"description\":\"Slow Fashion for Women and Men\",\"potentialAction\":[{\"@type\":\"SearchAction\",\"target\":{\"@type\":\"EntryPoint\",\"urlTemplate\":\"https:\/\/rendez-vous-store.com\/?s={search_term_string}\"},\"query-input\":{\"@type\":\"PropertyValueSpecification\",\"valueRequired\":true,\"valueName\":\"search_term_string\"}}],\"inLanguage\":\"fr-FR\"}]}<\/script>\n<!-- \/ Yoast SEO plugin. -->","yoast_head_json":{"title":"rue blanche BEES MAXI 25P NEANT White","description":"This rue blanche - BEES MAXI 25P NEANT - White is designed to transcend trends while offering modern sophistication and understated elegance. Discover now.","robots":{"index":"index","follow":"follow","max-snippet":"max-snippet:-1","max-image-preview":"max-image-preview:large","max-video-preview":"max-video-preview:-1"},"canonical":"https:\/\/rendez-vous-store.com\/fr\/shop\/special-offer-women-rendez-vous-store\/women-t-shirt-special-offer\/rue-blanche-bees-maxi-25p-neant-white-rendez-vous-store\/","og_locale":"fr_FR","og_type":"article","og_title":"rue blanche BEES MAXI 25P NEANT White","og_description":"This rue blanche - BEES MAXI 25P NEANT - White is designed to transcend trends while offering modern sophistication and understated elegance. Discover now.","og_url":"https:\/\/rendez-vous-store.com\/fr\/shop\/special-offer-women-rendez-vous-store\/women-t-shirt-special-offer\/rue-blanche-bees-maxi-25p-neant-white-rendez-vous-store\/","og_site_name":"RENDEZ-VOUS STORE","article_modified_time":"2026-04-24T14:08:15+00:00","og_image":[{"width":1696,"height":2560,"url":"https:\/\/rendez-vous-store.com\/app\/uploads\/2025\/05\/26-2.webp","type":"image\/webp"}],"twitter_card":"summary_large_image","twitter_misc":{"Est. reading time":"2 minutes"},"schema":{"@context":"https:\/\/schema.org","@graph":[{"@type":"WebPage","@id":"https:\/\/rendez-vous-store.com\/shop\/special-offer-women-rendez-vous-store\/women-t-shirt-special-offer\/rue-blanche-bees-maxi-25p-neant-white-rendez-vous-store\/","url":"https:\/\/rendez-vous-store.com\/shop\/special-offer-women-rendez-vous-store\/women-t-shirt-special-offer\/rue-blanche-bees-maxi-25p-neant-white-rendez-vous-store\/","name":"rue blanche BEES MAXI 25P NEANT White","isPartOf":{"@id":"https:\/\/rendez-vous-store.com\/#website"},"primaryImageOfPage":{"@id":"https:\/\/rendez-vous-store.com\/shop\/special-offer-women-rendez-vous-store\/women-t-shirt-special-offer\/rue-blanche-bees-maxi-25p-neant-white-rendez-vous-store\/#primaryimage"},"image":{"@id":"https:\/\/rendez-vous-store.com\/shop\/special-offer-women-rendez-vous-store\/women-t-shirt-special-offer\/rue-blanche-bees-maxi-25p-neant-white-rendez-vous-store\/#primaryimage"},"thumbnailUrl":"https:\/\/rendez-vous-store.com\/app\/uploads\/2025\/05\/26-2.webp","datePublished":"2025-05-20T10:17:02+00:00","dateModified":"2026-04-24T14:08:15+00:00","description":"This rue blanche - BEES MAXI 25P NEANT - White is designed to transcend trends while offering modern sophistication and understated elegance. Discover now.","breadcrumb":{"@id":"https:\/\/rendez-vous-store.com\/shop\/special-offer-women-rendez-vous-store\/women-t-shirt-special-offer\/rue-blanche-bees-maxi-25p-neant-white-rendez-vous-store\/#breadcrumb"},"inLanguage":"fr-FR","potentialAction":[{"@type":"ReadAction","target":["https:\/\/rendez-vous-store.com\/shop\/special-offer-women-rendez-vous-store\/women-t-shirt-special-offer\/rue-blanche-bees-maxi-25p-neant-white-rendez-vous-store\/"]}]},{"@type":"ImageObject","inLanguage":"fr-FR","@id":"https:\/\/rendez-vous-store.com\/shop\/special-offer-women-rendez-vous-store\/women-t-shirt-special-offer\/rue-blanche-bees-maxi-25p-neant-white-rendez-vous-store\/#primaryimage","url":"https:\/\/rendez-vous-store.com\/app\/uploads\/2025\/05\/26-2.webp","contentUrl":"https:\/\/rendez-vous-store.com\/app\/uploads\/2025\/05\/26-2.webp","width":1696,"height":2560},{"@type":"BreadcrumbList","@id":"https:\/\/rendez-vous-store.com\/shop\/special-offer-women-rendez-vous-store\/women-t-shirt-special-offer\/rue-blanche-bees-maxi-25p-neant-white-rendez-vous-store\/#breadcrumb","itemListElement":[{"@type":"ListItem","position":1,"name":"Home","item":"https:\/\/rendez-vous-store.com\/"},{"@type":"ListItem","position":2,"name":"Shop","item":"https:\/\/www.rendez-vous-store.com\/shop\/"},{"@type":"ListItem","position":3,"name":"rue blanche &#8211; BEES MAXI 25P NEANT &#8211; White"}]},{"@type":"WebSite","@id":"https:\/\/rendez-vous-store.com\/#website","url":"https:\/\/rendez-vous-store.com\/","name":"RENDEZ-VOUS STORE","description":"Slow Fashion for Women and Men","potentialAction":[{"@type":"SearchAction","target":{"@type":"EntryPoint","urlTemplate":"https:\/\/rendez-vous-store.com\/?s={search_term_string}"},"query-input":{"@type":"PropertyValueSpecification","valueRequired":true,"valueName":"search_term_string"}}],"inLanguage":"fr-FR"}]}},"_links":{"self":[{"href":"https:\/\/rendez-vous-store.com\/fr\/wp-json\/wp\/v2\/product\/205380","targetHints":{"allow":["GET"]}}],"collection":[{"href":"https:\/\/rendez-vous-store.com\/fr\/wp-json\/wp\/v2\/product"}],"about":[{"href":"https:\/\/rendez-vous-store.com\/fr\/wp-json\/wp\/v2\/types\/product"}],"wp:featuredmedia":[{"embeddable":true,"href":"https:\/\/rendez-vous-store.com\/fr\/wp-json\/wp\/v2\/media\/206130"}],"wp:attachment":[{"href":"https:\/\/rendez-vous-store.com\/fr\/wp-json\/wp\/v2\/media?parent=205380"}],"wp:term":[{"taxonomy":"product_brand","embeddable":true,"href":"https:\/\/rendez-vous-store.com\/fr\/wp-json\/wp\/v2\/product_brand?post=205380"},{"taxonomy":"product_cat","embeddable":true,"href":"https:\/\/rendez-vous-store.com\/fr\/wp-json\/wp\/v2\/product_cat?post=205380"},{"taxonomy":"product_tag","embeddable":true,"href":"https:\/\/rendez-vous-store.com\/fr\/wp-json\/wp\/v2\/product_tag?post=205380"}],"curies":[{"name":"wp","href":"https:\/\/api.w.org\/{rel}","templated":true}]}}