{"id":205319,"date":"2025-05-20T12:16:18","date_gmt":"2025-05-20T10:16:18","guid":{"rendered":"https:\/\/rendez-vous-store.com\/?post_type=product&#038;p=205319"},"modified":"2026-04-24T16:07:28","modified_gmt":"2026-04-24T14:07:28","slug":"rue-blanche-coki-pants-navy-rendez-vous-store","status":"publish","type":"product","link":"https:\/\/rendez-vous-store.com\/fr\/shop\/last-pieces-women-rendez-vous-store\/last-pieces-women-trousers-skirt-rendez-vous-store\/rue-blanche-coki-pants-navy-rendez-vous-store\/","title":{"rendered":"rue blanche \u2013 Pantalon COKI \u2013 Marine"},"content":{"rendered":"<p><strong>Pantalon Rue Blanche COKI Navy<\/strong><\/p>\n<p>Couleur : bleu marine<\/p>\n<p>Coupe droite<\/p>\n<p>Taille mi-haute<\/p>\n<p>D\u00e9tail de cordon de ceinture<\/p>\n<p>Poches plaqu\u00e9es sur le devant<\/p>\n<p>Poche arri\u00e8re passepoil\u00e9e<\/p>\n<p>Composition: 47% Linen, 30% Cotton, 23% Polyester<\/p>\n<p>Fabriqu\u00e9 en Roumanie<\/p>\n<p>&nbsp;<\/p>\n<p>Le pantalon Coquille \u2013 Coquille \u2013 Bleu marine associe une coupe moderne \u00e0 un confort sans effort. Fabriqu\u00e9 \u00e0 partir de tissu de premi\u00e8re qualit\u00e9, il offre une coupe flatteuse avec des lignes \u00e9pur\u00e9es et une silhouette simplifi\u00e9e. Leur couleur bleu marine profond ajoute de la sophistication, ce qui les rend adapt\u00e9s aux environnements professionnels et d\u00e9contract\u00e9s. Con\u00e7us pour la polyvalence, ces pantalons s'associent magnifiquement \u00e0 des chemises impeccables ou \u00e0 des tricots d\u00e9contract\u00e9s. L\u00e9gers mais structur\u00e9s, ils bougent avec aisance tout au long de la journ\u00e9e. Que vous vous habilliez pour des r\u00e9unions ou que vous vous d\u00e9tendiez pour des sorties du week-end, le pantalon Coquille apporte une touche soign\u00e9e et contemporaine \u00e0 vos essentiels de garde-robe.<\/p>\n<p>&nbsp;<\/p>\n<p>&nbsp;<\/p>\n<p><strong>Les mesures :\u00a0<\/strong><\/p>\n<p>Taille S : Tour de taille : 36 cm, Tour de hanches : 54 cm, Cuisse : 31 cm, Entrejambe : 78 cm, Longueur : 104 cm<\/p>\n<p>Taille M : Tour de taille : 38 cm, Hanches : 56 cm, Cuisses : 33 cm, Entrejambe : 81 cm, Longueur : 105 cm<\/p>\n<p>&nbsp;<\/p>\n<p>&nbsp;<\/p>\n<p>&nbsp;<\/p>\n<p><strong>La marque\u00a0<\/strong><\/p>\n<p>Fond\u00e9e en Belgique, Rue Blanche exprime une confiance tranquille \u00e0 travers un design minimaliste et des coupes raffin\u00e9es et intemporelles con\u00e7ues pour durer.<br data-start=\"345\" data-end=\"348\" \/>Chaque pi\u00e8ce est soigneusement con\u00e7ue pour transcender les tendances tout en offrant une sophistication moderne et une \u00e9l\u00e9gance discr\u00e8te.<br data-start=\"463\" data-end=\"466\" \/>La marque trouve son harmonie dans des lignes \u00e9pur\u00e9es, des d\u00e9tails subtils et une coupe douce avec une touche contemporaine.<\/p>\n<p>Le confort et l'\u00e9l\u00e9gance coexistent dans chaque silhouette, avec des tissus de qualit\u00e9 s\u00e9lectionn\u00e9s pour leur toucher naturel et leur durabilit\u00e9.<br data-start=\"687\" data-end=\"690\" data-is-only-node=\"\" \/>La marque valorise \u00e9galement la cr\u00e9ation responsable, en privil\u00e9giant une conception r\u00e9fl\u00e9chie et des choix de production conscients.<br data-start=\"797\" data-end=\"800\" \/>Ses collections proposent des essentiels polyvalents qui passent sans effort du jour \u00e0 la nuit, saison apr\u00e8s saison.<\/p>\n<p>Con\u00e7ue pour la femme moderne, la marque s'adresse \u00e0 celles qui embrassent la simplicit\u00e9 comme une d\u00e9claration de style puissante.<\/p>\n<p>D\u00e9couvrez Rue Blanche \u2013 o\u00f9 l'\u00e9l\u00e9gance rencontre la simplicit\u00e9, et o\u00f9 la mode intemporelle fait partie de votre histoire quotidienne.<\/p>\n<p>&nbsp;<\/p>\n<p>&nbsp;<\/p>\n<p><a href=\"https:\/\/www.instagram.com\/p\/DJ9k0QFIhNq\/?img_index=1\">Inspirez-vous de nos looks Rue Blanche sur Instagram<\/a><\/p>","protected":false},"excerpt":{"rendered":"<p>Rue Blanche COKI Pants Navy Color: Navy Straight fit Mid-rise waist Belt string detail Front patch pockets Back welt pocket Composition: 47% Linen, 30% Cotton, 23% Polyester Made in Romania &nbsp; The rue blanche &#8211; COKI Pants &#8211; Navy combine modern tailoring with effortless comfort. Crafted from premium fabric, they offer a flattering fit with&hellip; <a class=\"more-link\" href=\"https:\/\/rendez-vous-store.com\/fr\/shop\/last-pieces-women-rendez-vous-store\/last-pieces-women-trousers-skirt-rendez-vous-store\/rue-blanche-coki-pants-navy-rendez-vous-store\/\">Continuer la lecture <span class=\"screen-reader-text\">rue blanche \u2013 Pantalon COKI \u2013 Marine<\/span><\/a><\/p>","protected":false},"featured_media":206135,"template":"","meta":{"_acf_changed":false},"product_brand":[],"product_cat":[1232,1138,1144],"product_tag":[],"class_list":{"0":"post-205319","1":"product","2":"type-product","3":"status-publish","4":"has-post-thumbnail","6":"product_cat-sale-40","7":"product_cat-last-pieces-women-rendez-vous-store","8":"product_cat-last-pieces-women-trousers-skirt-rendez-vous-store","9":"entry","11":"first","12":"outofstock","13":"taxable","14":"shipping-taxable","15":"product-type-variable"},"acf":[],"yoast_head":"<!-- This site is optimized with the Yoast SEO plugin v24.9 - https:\/\/yoast.com\/wordpress\/plugins\/seo\/ -->\n<title>rue blanche COKI Pants Navy<\/title>\n<meta name=\"description\" content=\"This rue blanche - COKI Pants - Navy is designed to transcend trends while offering modern sophistication and understated elegance. Discover now.\" \/>\n<meta name=\"robots\" content=\"index, follow, max-snippet:-1, max-image-preview:large, max-video-preview:-1\" \/>\n<link rel=\"canonical\" href=\"https:\/\/rendez-vous-store.com\/fr\/shop\/last-pieces-women-rendez-vous-store\/last-pieces-women-trousers-skirt-rendez-vous-store\/rue-blanche-coki-pants-navy-rendez-vous-store\/\" \/>\n<meta property=\"og:locale\" content=\"fr_FR\" \/>\n<meta property=\"og:type\" content=\"article\" \/>\n<meta property=\"og:title\" content=\"rue blanche COKI Pants Navy\" \/>\n<meta property=\"og:description\" content=\"This rue blanche - COKI Pants - Navy is designed to transcend trends while offering modern sophistication and understated elegance. Discover now.\" \/>\n<meta property=\"og:url\" content=\"https:\/\/rendez-vous-store.com\/fr\/shop\/last-pieces-women-rendez-vous-store\/last-pieces-women-trousers-skirt-rendez-vous-store\/rue-blanche-coki-pants-navy-rendez-vous-store\/\" \/>\n<meta property=\"og:site_name\" content=\"RENDEZ-VOUS STORE\" \/>\n<meta property=\"article:modified_time\" content=\"2026-04-24T14:07:28+00:00\" \/>\n<meta property=\"og:image\" content=\"https:\/\/rendez-vous-store.com\/app\/uploads\/2025\/05\/31-2.webp\" \/>\n\t<meta property=\"og:image:width\" content=\"1696\" \/>\n\t<meta property=\"og:image:height\" content=\"2560\" \/>\n\t<meta property=\"og:image:type\" content=\"image\/webp\" \/>\n<meta name=\"twitter:card\" content=\"summary_large_image\" \/>\n<meta name=\"twitter:label1\" content=\"Est. reading time\" \/>\n\t<meta name=\"twitter:data1\" content=\"2 minutes\" \/>\n<script type=\"application\/ld+json\" class=\"yoast-schema-graph\">{\"@context\":\"https:\/\/schema.org\",\"@graph\":[{\"@type\":\"WebPage\",\"@id\":\"https:\/\/rendez-vous-store.com\/shop\/last-pieces-women-rendez-vous-store\/last-pieces-women-trousers-skirt-rendez-vous-store\/rue-blanche-coki-pants-navy-rendez-vous-store\/\",\"url\":\"https:\/\/rendez-vous-store.com\/shop\/last-pieces-women-rendez-vous-store\/last-pieces-women-trousers-skirt-rendez-vous-store\/rue-blanche-coki-pants-navy-rendez-vous-store\/\",\"name\":\"rue blanche COKI Pants Navy\",\"isPartOf\":{\"@id\":\"https:\/\/rendez-vous-store.com\/#website\"},\"primaryImageOfPage\":{\"@id\":\"https:\/\/rendez-vous-store.com\/shop\/last-pieces-women-rendez-vous-store\/last-pieces-women-trousers-skirt-rendez-vous-store\/rue-blanche-coki-pants-navy-rendez-vous-store\/#primaryimage\"},\"image\":{\"@id\":\"https:\/\/rendez-vous-store.com\/shop\/last-pieces-women-rendez-vous-store\/last-pieces-women-trousers-skirt-rendez-vous-store\/rue-blanche-coki-pants-navy-rendez-vous-store\/#primaryimage\"},\"thumbnailUrl\":\"https:\/\/rendez-vous-store.com\/app\/uploads\/2025\/05\/31-2.webp\",\"datePublished\":\"2025-05-20T10:16:18+00:00\",\"dateModified\":\"2026-04-24T14:07:28+00:00\",\"description\":\"This rue blanche - COKI Pants - Navy is designed to transcend trends while offering modern sophistication and understated elegance. Discover now.\",\"breadcrumb\":{\"@id\":\"https:\/\/rendez-vous-store.com\/shop\/last-pieces-women-rendez-vous-store\/last-pieces-women-trousers-skirt-rendez-vous-store\/rue-blanche-coki-pants-navy-rendez-vous-store\/#breadcrumb\"},\"inLanguage\":\"fr-FR\",\"potentialAction\":[{\"@type\":\"ReadAction\",\"target\":[\"https:\/\/rendez-vous-store.com\/shop\/last-pieces-women-rendez-vous-store\/last-pieces-women-trousers-skirt-rendez-vous-store\/rue-blanche-coki-pants-navy-rendez-vous-store\/\"]}]},{\"@type\":\"ImageObject\",\"inLanguage\":\"fr-FR\",\"@id\":\"https:\/\/rendez-vous-store.com\/shop\/last-pieces-women-rendez-vous-store\/last-pieces-women-trousers-skirt-rendez-vous-store\/rue-blanche-coki-pants-navy-rendez-vous-store\/#primaryimage\",\"url\":\"https:\/\/rendez-vous-store.com\/app\/uploads\/2025\/05\/31-2.webp\",\"contentUrl\":\"https:\/\/rendez-vous-store.com\/app\/uploads\/2025\/05\/31-2.webp\",\"width\":1696,\"height\":2560},{\"@type\":\"BreadcrumbList\",\"@id\":\"https:\/\/rendez-vous-store.com\/shop\/last-pieces-women-rendez-vous-store\/last-pieces-women-trousers-skirt-rendez-vous-store\/rue-blanche-coki-pants-navy-rendez-vous-store\/#breadcrumb\",\"itemListElement\":[{\"@type\":\"ListItem\",\"position\":1,\"name\":\"Home\",\"item\":\"https:\/\/rendez-vous-store.com\/\"},{\"@type\":\"ListItem\",\"position\":2,\"name\":\"Shop\",\"item\":\"https:\/\/www.rendez-vous-store.com\/shop\/\"},{\"@type\":\"ListItem\",\"position\":3,\"name\":\"rue blanche &#8211; COKI Pants &#8211; Navy\"}]},{\"@type\":\"WebSite\",\"@id\":\"https:\/\/rendez-vous-store.com\/#website\",\"url\":\"https:\/\/rendez-vous-store.com\/\",\"name\":\"RENDEZ-VOUS STORE\",\"description\":\"Slow Fashion for Women and Men\",\"potentialAction\":[{\"@type\":\"SearchAction\",\"target\":{\"@type\":\"EntryPoint\",\"urlTemplate\":\"https:\/\/rendez-vous-store.com\/?s={search_term_string}\"},\"query-input\":{\"@type\":\"PropertyValueSpecification\",\"valueRequired\":true,\"valueName\":\"search_term_string\"}}],\"inLanguage\":\"fr-FR\"}]}<\/script>\n<!-- \/ Yoast SEO plugin. -->","yoast_head_json":{"title":"rue blanche COKI Pants Navy","description":"This rue blanche - COKI Pants - Navy is designed to transcend trends while offering modern sophistication and understated elegance. Discover now.","robots":{"index":"index","follow":"follow","max-snippet":"max-snippet:-1","max-image-preview":"max-image-preview:large","max-video-preview":"max-video-preview:-1"},"canonical":"https:\/\/rendez-vous-store.com\/fr\/shop\/last-pieces-women-rendez-vous-store\/last-pieces-women-trousers-skirt-rendez-vous-store\/rue-blanche-coki-pants-navy-rendez-vous-store\/","og_locale":"fr_FR","og_type":"article","og_title":"rue blanche COKI Pants Navy","og_description":"This rue blanche - COKI Pants - Navy is designed to transcend trends while offering modern sophistication and understated elegance. Discover now.","og_url":"https:\/\/rendez-vous-store.com\/fr\/shop\/last-pieces-women-rendez-vous-store\/last-pieces-women-trousers-skirt-rendez-vous-store\/rue-blanche-coki-pants-navy-rendez-vous-store\/","og_site_name":"RENDEZ-VOUS STORE","article_modified_time":"2026-04-24T14:07:28+00:00","og_image":[{"width":1696,"height":2560,"url":"https:\/\/rendez-vous-store.com\/app\/uploads\/2025\/05\/31-2.webp","type":"image\/webp"}],"twitter_card":"summary_large_image","twitter_misc":{"Est. reading time":"2 minutes"},"schema":{"@context":"https:\/\/schema.org","@graph":[{"@type":"WebPage","@id":"https:\/\/rendez-vous-store.com\/shop\/last-pieces-women-rendez-vous-store\/last-pieces-women-trousers-skirt-rendez-vous-store\/rue-blanche-coki-pants-navy-rendez-vous-store\/","url":"https:\/\/rendez-vous-store.com\/shop\/last-pieces-women-rendez-vous-store\/last-pieces-women-trousers-skirt-rendez-vous-store\/rue-blanche-coki-pants-navy-rendez-vous-store\/","name":"rue blanche COKI Pants Navy","isPartOf":{"@id":"https:\/\/rendez-vous-store.com\/#website"},"primaryImageOfPage":{"@id":"https:\/\/rendez-vous-store.com\/shop\/last-pieces-women-rendez-vous-store\/last-pieces-women-trousers-skirt-rendez-vous-store\/rue-blanche-coki-pants-navy-rendez-vous-store\/#primaryimage"},"image":{"@id":"https:\/\/rendez-vous-store.com\/shop\/last-pieces-women-rendez-vous-store\/last-pieces-women-trousers-skirt-rendez-vous-store\/rue-blanche-coki-pants-navy-rendez-vous-store\/#primaryimage"},"thumbnailUrl":"https:\/\/rendez-vous-store.com\/app\/uploads\/2025\/05\/31-2.webp","datePublished":"2025-05-20T10:16:18+00:00","dateModified":"2026-04-24T14:07:28+00:00","description":"This rue blanche - COKI Pants - Navy is designed to transcend trends while offering modern sophistication and understated elegance. Discover now.","breadcrumb":{"@id":"https:\/\/rendez-vous-store.com\/shop\/last-pieces-women-rendez-vous-store\/last-pieces-women-trousers-skirt-rendez-vous-store\/rue-blanche-coki-pants-navy-rendez-vous-store\/#breadcrumb"},"inLanguage":"fr-FR","potentialAction":[{"@type":"ReadAction","target":["https:\/\/rendez-vous-store.com\/shop\/last-pieces-women-rendez-vous-store\/last-pieces-women-trousers-skirt-rendez-vous-store\/rue-blanche-coki-pants-navy-rendez-vous-store\/"]}]},{"@type":"ImageObject","inLanguage":"fr-FR","@id":"https:\/\/rendez-vous-store.com\/shop\/last-pieces-women-rendez-vous-store\/last-pieces-women-trousers-skirt-rendez-vous-store\/rue-blanche-coki-pants-navy-rendez-vous-store\/#primaryimage","url":"https:\/\/rendez-vous-store.com\/app\/uploads\/2025\/05\/31-2.webp","contentUrl":"https:\/\/rendez-vous-store.com\/app\/uploads\/2025\/05\/31-2.webp","width":1696,"height":2560},{"@type":"BreadcrumbList","@id":"https:\/\/rendez-vous-store.com\/shop\/last-pieces-women-rendez-vous-store\/last-pieces-women-trousers-skirt-rendez-vous-store\/rue-blanche-coki-pants-navy-rendez-vous-store\/#breadcrumb","itemListElement":[{"@type":"ListItem","position":1,"name":"Home","item":"https:\/\/rendez-vous-store.com\/"},{"@type":"ListItem","position":2,"name":"Shop","item":"https:\/\/www.rendez-vous-store.com\/shop\/"},{"@type":"ListItem","position":3,"name":"rue blanche &#8211; COKI Pants &#8211; Navy"}]},{"@type":"WebSite","@id":"https:\/\/rendez-vous-store.com\/#website","url":"https:\/\/rendez-vous-store.com\/","name":"RENDEZ-VOUS STORE","description":"Slow Fashion for Women and Men","potentialAction":[{"@type":"SearchAction","target":{"@type":"EntryPoint","urlTemplate":"https:\/\/rendez-vous-store.com\/?s={search_term_string}"},"query-input":{"@type":"PropertyValueSpecification","valueRequired":true,"valueName":"search_term_string"}}],"inLanguage":"fr-FR"}]}},"_links":{"self":[{"href":"https:\/\/rendez-vous-store.com\/fr\/wp-json\/wp\/v2\/product\/205319","targetHints":{"allow":["GET"]}}],"collection":[{"href":"https:\/\/rendez-vous-store.com\/fr\/wp-json\/wp\/v2\/product"}],"about":[{"href":"https:\/\/rendez-vous-store.com\/fr\/wp-json\/wp\/v2\/types\/product"}],"wp:featuredmedia":[{"embeddable":true,"href":"https:\/\/rendez-vous-store.com\/fr\/wp-json\/wp\/v2\/media\/206135"}],"wp:attachment":[{"href":"https:\/\/rendez-vous-store.com\/fr\/wp-json\/wp\/v2\/media?parent=205319"}],"wp:term":[{"taxonomy":"product_brand","embeddable":true,"href":"https:\/\/rendez-vous-store.com\/fr\/wp-json\/wp\/v2\/product_brand?post=205319"},{"taxonomy":"product_cat","embeddable":true,"href":"https:\/\/rendez-vous-store.com\/fr\/wp-json\/wp\/v2\/product_cat?post=205319"},{"taxonomy":"product_tag","embeddable":true,"href":"https:\/\/rendez-vous-store.com\/fr\/wp-json\/wp\/v2\/product_tag?post=205319"}],"curies":[{"name":"wp","href":"https:\/\/api.w.org\/{rel}","templated":true}]}}