{"id":205287,"date":"2025-05-20T11:43:53","date_gmt":"2025-05-20T09:43:53","guid":{"rendered":"https:\/\/rendez-vous-store.com\/?post_type=product&#038;p=205287"},"modified":"2026-03-16T19:04:27","modified_gmt":"2026-03-16T18:04:27","slug":"lady-white-athens-t-shirt-heather-grey-rendez-vous-store","status":"publish","type":"product","link":"https:\/\/rendez-vous-store.com\/fr\/shop\/men-selection-discover-our-selection-rendez-vous-store\/t-shirts-discover-our-selection-rendez-vous-store\/lady-white-athens-t-shirt-heather-grey-rendez-vous-store\/","title":{"rendered":"Lady White \u2013 T-shirt Ath\u00e8nes \u2013 Gris chin\u00e9"},"content":{"rendered":"<p><strong>T-shirt Lady White Ath\u00e8nes Gris Chin\u00e9<\/strong><\/p>\n<p>Couleur : Gris<\/p>\n<p>Coupe ample et d\u00e9contract\u00e9e<\/p>\n<p>Col rond<\/p>\n<p>Manches courtes<\/p>\n<p>Ourlet droit<\/p>\n<p>Composition : 100% Coton<\/p>\n<p>Fabriqu\u00e9 \u00e0 Los Angeles<\/p>\n<p>&nbsp;<\/p>\n<p>&nbsp;<\/p>\n<p>&nbsp;<\/p>\n<p><strong>La marque<\/strong><\/p>\n<p>Lady White Co. a d\u00e9marr\u00e9 en 2015, en se concentrant initialement sur les t-shirts en jersey blanc. Ils d\u00e9veloppent maintenant divers v\u00eatements de sport, combinant du jersey de qualit\u00e9 sup\u00e9rieure avec des options de superposition non conventionnelles. Ils utilisent des tissus tricot\u00e9s \u00e0 Los Angeles, assurant un m\u00e9lange d'ancien et de nouveau dans leurs v\u00eatements. La marque propose une production locale, jusqu'\u00e0 la culture du coton.<\/p>\n<p>Lady White Co. s'inspire des d\u00e9tails du pass\u00e9 pour cr\u00e9er des v\u00eatements modernes avec une personnalit\u00e9 vintage.<\/p>","protected":false},"excerpt":{"rendered":"<p>Lady White Athens T-Shirt Heather Grey Color: Grey Boxy, relaxed fit Round collar Short sleeves Straight hem Composition: 100% Cotton Made in Los Angeles &nbsp; &nbsp; &nbsp; The brand Lady White Co. started in 2015, initially focusing on white jersey t-shirts. Now developing various sportswear, combining top-quality jersey with unconventional layering options. They use fabrics&hellip; <a class=\"more-link\" href=\"https:\/\/rendez-vous-store.com\/fr\/shop\/men-selection-discover-our-selection-rendez-vous-store\/t-shirts-discover-our-selection-rendez-vous-store\/lady-white-athens-t-shirt-heather-grey-rendez-vous-store\/\">Continuer la lecture <span class=\"screen-reader-text\">Lady White \u2013 T-shirt Ath\u00e8nes \u2013 Gris chin\u00e9<\/span><\/a><\/p>","protected":false},"featured_media":205946,"template":"","meta":{"_acf_changed":false},"product_brand":[],"product_cat":[20,76],"product_tag":[644],"class_list":{"0":"post-205287","1":"product","2":"type-product","3":"status-publish","4":"has-post-thumbnail","6":"product_cat-men-selection-discover-our-selection-rendez-vous-store","7":"product_cat-t-shirts-discover-our-selection-rendez-vous-store","8":"product_tag-lady-white","9":"entry","11":"first","12":"instock","13":"taxable","14":"shipping-taxable","15":"purchasable","16":"product-type-variable"},"acf":[],"yoast_head":"<!-- This site is optimized with the Yoast SEO plugin v24.9 - https:\/\/yoast.com\/wordpress\/plugins\/seo\/ -->\n<title>Lady White Athens T-Shirt Heather Grey<\/title>\n<meta name=\"description\" content=\"Lady White is on Rendez-vous Store. This Lady White Athens T-Shirt Heather Grey reflects contemporary moods of the brand. Discover now.\" \/>\n<meta name=\"robots\" content=\"index, follow, max-snippet:-1, max-image-preview:large, max-video-preview:-1\" \/>\n<link rel=\"canonical\" href=\"https:\/\/rendez-vous-store.com\/fr\/shop\/men-selection-discover-our-selection-rendez-vous-store\/t-shirts-discover-our-selection-rendez-vous-store\/lady-white-athens-t-shirt-heather-grey-rendez-vous-store\/\" \/>\n<meta property=\"og:locale\" content=\"fr_FR\" \/>\n<meta property=\"og:type\" content=\"article\" \/>\n<meta property=\"og:title\" content=\"Lady White Athens T-Shirt Heather Grey\" \/>\n<meta property=\"og:description\" content=\"Lady White is on Rendez-vous Store. This Lady White Athens T-Shirt Heather Grey reflects contemporary moods of the brand. Discover now.\" \/>\n<meta property=\"og:url\" content=\"https:\/\/rendez-vous-store.com\/fr\/shop\/men-selection-discover-our-selection-rendez-vous-store\/t-shirts-discover-our-selection-rendez-vous-store\/lady-white-athens-t-shirt-heather-grey-rendez-vous-store\/\" \/>\n<meta property=\"og:site_name\" content=\"RENDEZ-VOUS STORE\" \/>\n<meta property=\"article:modified_time\" content=\"2026-03-16T18:04:27+00:00\" \/>\n<meta property=\"og:image\" content=\"https:\/\/rendez-vous-store.com\/app\/uploads\/2025\/05\/rdv_lady_white_01-scaled.webp\" \/>\n\t<meta property=\"og:image:width\" content=\"1696\" \/>\n\t<meta property=\"og:image:height\" content=\"2560\" \/>\n\t<meta property=\"og:image:type\" content=\"image\/webp\" \/>\n<meta name=\"twitter:card\" content=\"summary_large_image\" \/>\n<meta name=\"twitter:label1\" content=\"Est. reading time\" \/>\n\t<meta name=\"twitter:data1\" content=\"1 minute\" \/>\n<script type=\"application\/ld+json\" class=\"yoast-schema-graph\">{\"@context\":\"https:\/\/schema.org\",\"@graph\":[{\"@type\":\"WebPage\",\"@id\":\"https:\/\/rendez-vous-store.com\/shop\/men-selection-discover-our-selection-rendez-vous-store\/t-shirts-discover-our-selection-rendez-vous-store\/lady-white-athens-t-shirt-heather-grey-rendez-vous-store\/\",\"url\":\"https:\/\/rendez-vous-store.com\/shop\/men-selection-discover-our-selection-rendez-vous-store\/t-shirts-discover-our-selection-rendez-vous-store\/lady-white-athens-t-shirt-heather-grey-rendez-vous-store\/\",\"name\":\"Lady White Athens T-Shirt Heather Grey\",\"isPartOf\":{\"@id\":\"https:\/\/rendez-vous-store.com\/#website\"},\"primaryImageOfPage\":{\"@id\":\"https:\/\/rendez-vous-store.com\/shop\/men-selection-discover-our-selection-rendez-vous-store\/t-shirts-discover-our-selection-rendez-vous-store\/lady-white-athens-t-shirt-heather-grey-rendez-vous-store\/#primaryimage\"},\"image\":{\"@id\":\"https:\/\/rendez-vous-store.com\/shop\/men-selection-discover-our-selection-rendez-vous-store\/t-shirts-discover-our-selection-rendez-vous-store\/lady-white-athens-t-shirt-heather-grey-rendez-vous-store\/#primaryimage\"},\"thumbnailUrl\":\"https:\/\/rendez-vous-store.com\/app\/uploads\/2025\/05\/rdv_lady_white_01-scaled.webp\",\"datePublished\":\"2025-05-20T09:43:53+00:00\",\"dateModified\":\"2026-03-16T18:04:27+00:00\",\"description\":\"Lady White is on Rendez-vous Store. This Lady White Athens T-Shirt Heather Grey reflects contemporary moods of the brand. Discover now.\",\"breadcrumb\":{\"@id\":\"https:\/\/rendez-vous-store.com\/shop\/men-selection-discover-our-selection-rendez-vous-store\/t-shirts-discover-our-selection-rendez-vous-store\/lady-white-athens-t-shirt-heather-grey-rendez-vous-store\/#breadcrumb\"},\"inLanguage\":\"fr-FR\",\"potentialAction\":[{\"@type\":\"ReadAction\",\"target\":[\"https:\/\/rendez-vous-store.com\/shop\/men-selection-discover-our-selection-rendez-vous-store\/t-shirts-discover-our-selection-rendez-vous-store\/lady-white-athens-t-shirt-heather-grey-rendez-vous-store\/\"]}]},{\"@type\":\"ImageObject\",\"inLanguage\":\"fr-FR\",\"@id\":\"https:\/\/rendez-vous-store.com\/shop\/men-selection-discover-our-selection-rendez-vous-store\/t-shirts-discover-our-selection-rendez-vous-store\/lady-white-athens-t-shirt-heather-grey-rendez-vous-store\/#primaryimage\",\"url\":\"https:\/\/rendez-vous-store.com\/app\/uploads\/2025\/05\/rdv_lady_white_01-scaled.webp\",\"contentUrl\":\"https:\/\/rendez-vous-store.com\/app\/uploads\/2025\/05\/rdv_lady_white_01-scaled.webp\",\"width\":1696,\"height\":2560},{\"@type\":\"BreadcrumbList\",\"@id\":\"https:\/\/rendez-vous-store.com\/shop\/men-selection-discover-our-selection-rendez-vous-store\/t-shirts-discover-our-selection-rendez-vous-store\/lady-white-athens-t-shirt-heather-grey-rendez-vous-store\/#breadcrumb\",\"itemListElement\":[{\"@type\":\"ListItem\",\"position\":1,\"name\":\"Home\",\"item\":\"https:\/\/rendez-vous-store.com\/\"},{\"@type\":\"ListItem\",\"position\":2,\"name\":\"Shop\",\"item\":\"https:\/\/www.rendez-vous-store.com\/shop\/\"},{\"@type\":\"ListItem\",\"position\":3,\"name\":\"Lady White &#8211; Athens T-Shirt &#8211; Heather Grey\"}]},{\"@type\":\"WebSite\",\"@id\":\"https:\/\/rendez-vous-store.com\/#website\",\"url\":\"https:\/\/rendez-vous-store.com\/\",\"name\":\"RENDEZ-VOUS STORE\",\"description\":\"Slow Fashion for Women and Men\",\"potentialAction\":[{\"@type\":\"SearchAction\",\"target\":{\"@type\":\"EntryPoint\",\"urlTemplate\":\"https:\/\/rendez-vous-store.com\/?s={search_term_string}\"},\"query-input\":{\"@type\":\"PropertyValueSpecification\",\"valueRequired\":true,\"valueName\":\"search_term_string\"}}],\"inLanguage\":\"fr-FR\"}]}<\/script>\n<!-- \/ Yoast SEO plugin. -->","yoast_head_json":{"title":"Lady White Athens T-Shirt Heather Grey","description":"Lady White is on Rendez-vous Store. This Lady White Athens T-Shirt Heather Grey reflects contemporary moods of the brand. Discover now.","robots":{"index":"index","follow":"follow","max-snippet":"max-snippet:-1","max-image-preview":"max-image-preview:large","max-video-preview":"max-video-preview:-1"},"canonical":"https:\/\/rendez-vous-store.com\/fr\/shop\/men-selection-discover-our-selection-rendez-vous-store\/t-shirts-discover-our-selection-rendez-vous-store\/lady-white-athens-t-shirt-heather-grey-rendez-vous-store\/","og_locale":"fr_FR","og_type":"article","og_title":"Lady White Athens T-Shirt Heather Grey","og_description":"Lady White is on Rendez-vous Store. This Lady White Athens T-Shirt Heather Grey reflects contemporary moods of the brand. Discover now.","og_url":"https:\/\/rendez-vous-store.com\/fr\/shop\/men-selection-discover-our-selection-rendez-vous-store\/t-shirts-discover-our-selection-rendez-vous-store\/lady-white-athens-t-shirt-heather-grey-rendez-vous-store\/","og_site_name":"RENDEZ-VOUS STORE","article_modified_time":"2026-03-16T18:04:27+00:00","og_image":[{"width":1696,"height":2560,"url":"https:\/\/rendez-vous-store.com\/app\/uploads\/2025\/05\/rdv_lady_white_01-scaled.webp","type":"image\/webp"}],"twitter_card":"summary_large_image","twitter_misc":{"Est. reading time":"1 minute"},"schema":{"@context":"https:\/\/schema.org","@graph":[{"@type":"WebPage","@id":"https:\/\/rendez-vous-store.com\/shop\/men-selection-discover-our-selection-rendez-vous-store\/t-shirts-discover-our-selection-rendez-vous-store\/lady-white-athens-t-shirt-heather-grey-rendez-vous-store\/","url":"https:\/\/rendez-vous-store.com\/shop\/men-selection-discover-our-selection-rendez-vous-store\/t-shirts-discover-our-selection-rendez-vous-store\/lady-white-athens-t-shirt-heather-grey-rendez-vous-store\/","name":"Lady White Athens T-Shirt Heather Grey","isPartOf":{"@id":"https:\/\/rendez-vous-store.com\/#website"},"primaryImageOfPage":{"@id":"https:\/\/rendez-vous-store.com\/shop\/men-selection-discover-our-selection-rendez-vous-store\/t-shirts-discover-our-selection-rendez-vous-store\/lady-white-athens-t-shirt-heather-grey-rendez-vous-store\/#primaryimage"},"image":{"@id":"https:\/\/rendez-vous-store.com\/shop\/men-selection-discover-our-selection-rendez-vous-store\/t-shirts-discover-our-selection-rendez-vous-store\/lady-white-athens-t-shirt-heather-grey-rendez-vous-store\/#primaryimage"},"thumbnailUrl":"https:\/\/rendez-vous-store.com\/app\/uploads\/2025\/05\/rdv_lady_white_01-scaled.webp","datePublished":"2025-05-20T09:43:53+00:00","dateModified":"2026-03-16T18:04:27+00:00","description":"Lady White is on Rendez-vous Store. This Lady White Athens T-Shirt Heather Grey reflects contemporary moods of the brand. Discover now.","breadcrumb":{"@id":"https:\/\/rendez-vous-store.com\/shop\/men-selection-discover-our-selection-rendez-vous-store\/t-shirts-discover-our-selection-rendez-vous-store\/lady-white-athens-t-shirt-heather-grey-rendez-vous-store\/#breadcrumb"},"inLanguage":"fr-FR","potentialAction":[{"@type":"ReadAction","target":["https:\/\/rendez-vous-store.com\/shop\/men-selection-discover-our-selection-rendez-vous-store\/t-shirts-discover-our-selection-rendez-vous-store\/lady-white-athens-t-shirt-heather-grey-rendez-vous-store\/"]}]},{"@type":"ImageObject","inLanguage":"fr-FR","@id":"https:\/\/rendez-vous-store.com\/shop\/men-selection-discover-our-selection-rendez-vous-store\/t-shirts-discover-our-selection-rendez-vous-store\/lady-white-athens-t-shirt-heather-grey-rendez-vous-store\/#primaryimage","url":"https:\/\/rendez-vous-store.com\/app\/uploads\/2025\/05\/rdv_lady_white_01-scaled.webp","contentUrl":"https:\/\/rendez-vous-store.com\/app\/uploads\/2025\/05\/rdv_lady_white_01-scaled.webp","width":1696,"height":2560},{"@type":"BreadcrumbList","@id":"https:\/\/rendez-vous-store.com\/shop\/men-selection-discover-our-selection-rendez-vous-store\/t-shirts-discover-our-selection-rendez-vous-store\/lady-white-athens-t-shirt-heather-grey-rendez-vous-store\/#breadcrumb","itemListElement":[{"@type":"ListItem","position":1,"name":"Home","item":"https:\/\/rendez-vous-store.com\/"},{"@type":"ListItem","position":2,"name":"Shop","item":"https:\/\/www.rendez-vous-store.com\/shop\/"},{"@type":"ListItem","position":3,"name":"Lady White &#8211; Athens T-Shirt &#8211; Heather Grey"}]},{"@type":"WebSite","@id":"https:\/\/rendez-vous-store.com\/#website","url":"https:\/\/rendez-vous-store.com\/","name":"RENDEZ-VOUS STORE","description":"Slow Fashion for Women and Men","potentialAction":[{"@type":"SearchAction","target":{"@type":"EntryPoint","urlTemplate":"https:\/\/rendez-vous-store.com\/?s={search_term_string}"},"query-input":{"@type":"PropertyValueSpecification","valueRequired":true,"valueName":"search_term_string"}}],"inLanguage":"fr-FR"}]}},"_links":{"self":[{"href":"https:\/\/rendez-vous-store.com\/fr\/wp-json\/wp\/v2\/product\/205287","targetHints":{"allow":["GET"]}}],"collection":[{"href":"https:\/\/rendez-vous-store.com\/fr\/wp-json\/wp\/v2\/product"}],"about":[{"href":"https:\/\/rendez-vous-store.com\/fr\/wp-json\/wp\/v2\/types\/product"}],"wp:featuredmedia":[{"embeddable":true,"href":"https:\/\/rendez-vous-store.com\/fr\/wp-json\/wp\/v2\/media\/205946"}],"wp:attachment":[{"href":"https:\/\/rendez-vous-store.com\/fr\/wp-json\/wp\/v2\/media?parent=205287"}],"wp:term":[{"taxonomy":"product_brand","embeddable":true,"href":"https:\/\/rendez-vous-store.com\/fr\/wp-json\/wp\/v2\/product_brand?post=205287"},{"taxonomy":"product_cat","embeddable":true,"href":"https:\/\/rendez-vous-store.com\/fr\/wp-json\/wp\/v2\/product_cat?post=205287"},{"taxonomy":"product_tag","embeddable":true,"href":"https:\/\/rendez-vous-store.com\/fr\/wp-json\/wp\/v2\/product_tag?post=205287"}],"curies":[{"name":"wp","href":"https:\/\/api.w.org\/{rel}","templated":true}]}}