{"id":204322,"date":"2025-05-07T14:20:48","date_gmt":"2025-05-07T12:20:48","guid":{"rendered":"https:\/\/rendez-vous-store.com\/?post_type=product&#038;p=204322"},"modified":"2026-03-16T19:12:24","modified_gmt":"2026-03-16T18:12:24","slug":"album-di-famiglia-short-collar-shirt-tc-coral-rendez-vous-store","status":"publish","type":"product","link":"https:\/\/rendez-vous-store.com\/fr\/shop\/women\/women-shirts-discover-our-selection-rendez-vous-store\/album-di-famiglia-short-collar-shirt-tc-coral-rendez-vous-store\/","title":{"rendered":"Album Di Famiglia &#8211; Short Collar Shirt TC &#8211; Coral"},"content":{"rendered":"<p><strong>Album Di Famiglia Short Collar Shirt TC Coral<\/strong><\/p>\n<p>Couleur: Corail<\/p>\n<p>Col classique<\/p>\n<p>Fermeture par boutons<\/p>\n<p>\u00c9paules tombantes<\/p>\n<p>Composition : 100% Cotton<\/p>\n<p>Fabriqu\u00e9 en Italie<\/p>\n<p>&nbsp;<\/p>\n<p>The Album di Famiglia Short Collar Shirt TC Coral introduces a lively pop of color to a minimalist silhouette. It brings energy and personality to any outfit. A subtle statement piece with effortless charm.<\/p>\n<p>&nbsp;<\/p>\n<p>&nbsp;<\/p>\n<p>&nbsp;<\/p>\n<p><strong>Les mesures :<\/strong><\/p>\n<p>Size S: Shoulders: 65cm, Chest: 66cm, Sleeves: 33cm, Length: 63cm, Armholes: 18cm<\/p>\n<p>Size M: Shoulders: 67cm, Chest: 62cm, Sleeves: 34cm, Length: 65cm, Armholes: 19cm<\/p>\n<p>&nbsp;<\/p>\n<p>&nbsp;<\/p>\n<p>&nbsp;<\/p>\n<p>&nbsp;<\/p>\n<p>&nbsp;<\/p>\n<h4>La marque<\/h4>\n<div class=\"flex-1 overflow-hidden\">\n<div class=\"react-scroll-to-bottom--css-udson-79elbk h-full\">\n<div class=\"react-scroll-to-bottom--css-udson-1n7m0yu\">\n<div class=\"flex flex-col text-sm pb-9\">\n<div class=\"w-full text-token-text-primary\" dir=\"auto\" data-testid=\"conversation-turn-151\">\n<div class=\"px-4 py-2 justify-center text-base md:gap-6 m-auto\">\n<div class=\"flex flex-1 text-base mx-auto gap-3 juice:gap-4 juice:md:gap-6 md:px-5 lg:px-1 xl:px-5 md:max-w-3xl lg:max-w-[40rem] xl:max-w-[48rem]\">\n<div class=\"relative flex w-full flex-col agent-turn\">\n<div class=\"flex-col gap-1 md:gap-3\">\n<div class=\"flex flex-grow flex-col max-w-full\">\n<div class=\"min-h-[20px] text-message flex flex-col items-start gap-3 whitespace-pre-wrap break-words [.text-message+&amp;]:mt-5 overflow-x-auto\" dir=\"auto\" data-message-author-role=\"assistant\" data-message-id=\"46c21f40-c3df-4cdf-8f3e-cd64252c2c4f\">\n<div class=\"markdown prose w-full break-words dark:prose-invert light\">\n<div class=\"flex-1 overflow-hidden\">\n<div class=\"react-scroll-to-bottom--css-udson-79elbk h-full\">\n<div class=\"react-scroll-to-bottom--css-udson-1n7m0yu\">\n<div class=\"flex flex-col text-sm pb-9\">\n<div class=\"w-full text-token-text-primary\" dir=\"auto\" data-testid=\"conversation-turn-163\">\n<div class=\"px-4 py-2 justify-center text-base md:gap-6 m-auto\">\n<div class=\"flex flex-1 text-base mx-auto gap-3 juice:gap-4 juice:md:gap-6 md:px-5 lg:px-1 xl:px-5 md:max-w-3xl lg:max-w-[40rem] xl:max-w-[48rem]\">\n<div class=\"relative flex w-full flex-col agent-turn\">\n<div class=\"flex-col gap-1 md:gap-3\">\n<div class=\"flex flex-grow flex-col max-w-full\">\n<div class=\"min-h-[20px] text-message flex flex-col items-start gap-3 whitespace-pre-wrap break-words [.text-message+&amp;]:mt-5 overflow-x-auto\" dir=\"auto\" data-message-author-role=\"assistant\" data-message-id=\"8a20065a-e026-4d1c-a49b-0db2dc57aae1\">\n<div class=\"markdown prose w-full break-words dark:prose-invert light\">\n<div class=\"flex-1 overflow-hidden\">\n<div class=\"react-scroll-to-bottom--css-udson-79elbk h-full\">\n<div class=\"react-scroll-to-bottom--css-udson-1n7m0yu\">\n<div class=\"flex flex-col text-sm pb-9\">\n<div class=\"w-full text-token-text-primary\" dir=\"auto\" data-testid=\"conversation-turn-169\">\n<div class=\"px-4 py-2 justify-center text-base md:gap-6 m-auto\">\n<div class=\"flex flex-1 text-base mx-auto gap-3 juice:gap-4 juice:md:gap-6 md:px-5 lg:px-1 xl:px-5 md:max-w-3xl lg:max-w-[40rem] xl:max-w-[48rem]\">\n<div class=\"relative flex w-full flex-col agent-turn\">\n<div class=\"flex-col gap-1 md:gap-3\">\n<div class=\"flex flex-grow flex-col max-w-full\">\n<div class=\"min-h-[20px] text-message flex flex-col items-start gap-3 whitespace-pre-wrap break-words [.text-message+&amp;]:mt-5 overflow-x-auto\" dir=\"auto\" data-message-author-role=\"assistant\" data-message-id=\"ced97803-3ca4-41e3-8243-cc9b2d4d5ac6\">\n<div class=\"markdown prose w-full break-words dark:prose-invert light\">\n<p>Fond\u00e9 par Monica Rusconi, Album di Famiglia apporte au monde de la mode un luxe minimaliste et un savoir-faire artisanal. Cr\u00e9\u00e9e au d\u00e9but des ann\u00e9es 2000, cette marque italienne s'est rapidement fait conna\u00eetre pour son \u00e9l\u00e9gance discr\u00e8te et sa qualit\u00e9. Chaque collection capture l'essence de la vie de famille, alliant confort et style.<\/p>\n<\/div>\n<\/div>\n<\/div>\n<\/div>\n<\/div>\n<\/div>\n<\/div>\n<\/div>\n<\/div>\n<\/div>\n<\/div>\n<\/div>\n<\/div>\n<\/div>\n<\/div>\n<\/div>\n<\/div>\n<\/div>\n<\/div>\n<\/div>\n<\/div>\n<\/div>\n<\/div>\n<\/div>\n<\/div>\n<\/div>\n<\/div>\n<\/div>\n<\/div>\n<\/div>\n<\/div>\n<\/div>\n<\/div>\n<\/div>\n<\/div>\n<\/div>","protected":false},"excerpt":{"rendered":"<p>Album Di Famiglia Short Collar Shirt TC Coral Color: Coral Classic Collar Buttons Closure Dropped Shoulders Composition : 100% Cotton Made In Italy &nbsp; The Album di Famiglia Short Collar Shirt TC Coral introduces a lively pop of color to a minimalist silhouette. It brings energy and personality to any outfit. A subtle statement piece&hellip; <a class=\"more-link\" href=\"https:\/\/rendez-vous-store.com\/fr\/shop\/women\/women-shirts-discover-our-selection-rendez-vous-store\/album-di-famiglia-short-collar-shirt-tc-coral-rendez-vous-store\/\">Continuer la lecture <span class=\"screen-reader-text\">Album Di Famiglia &#8211; Short Collar Shirt TC &#8211; Coral<\/span><\/a><\/p>","protected":false},"featured_media":205178,"template":"","meta":{"_acf_changed":false},"product_brand":[],"product_cat":[1062,378,17],"product_tag":[276],"class_list":{"0":"post-204322","1":"product","2":"type-product","3":"status-publish","4":"has-post-thumbnail","6":"product_cat-new-women-selection-rendez-vous-store","7":"product_cat-women-shirts-discover-our-selection-rendez-vous-store","8":"product_cat-women","9":"product_tag-album-di-famiglia","10":"entry","12":"first","13":"outofstock","14":"taxable","15":"shipping-taxable","16":"product-type-variable"},"acf":[],"yoast_head":"<!-- This site is optimized with the Yoast SEO plugin v24.9 - https:\/\/yoast.com\/wordpress\/plugins\/seo\/ -->\n<title>Album Di Famiglia - Short Collar Shirt TC Coral<\/title>\n<meta name=\"description\" content=\"Album Di Famiglia is on Rendez-Vous Store. ThisAlbum Di Famiglia Short Collar Shirt TC Coral associate shape and texture. Discover now.\" \/>\n<meta name=\"robots\" content=\"index, follow, max-snippet:-1, max-image-preview:large, max-video-preview:-1\" \/>\n<link rel=\"canonical\" href=\"https:\/\/rendez-vous-store.com\/fr\/shop\/women\/women-shirts-discover-our-selection-rendez-vous-store\/album-di-famiglia-short-collar-shirt-tc-coral-rendez-vous-store\/\" \/>\n<meta property=\"og:locale\" content=\"fr_FR\" \/>\n<meta property=\"og:type\" content=\"article\" \/>\n<meta property=\"og:title\" content=\"Album Di Famiglia - Short Collar Shirt TC Coral\" \/>\n<meta property=\"og:description\" content=\"Album Di Famiglia is on Rendez-Vous Store. ThisAlbum Di Famiglia Short Collar Shirt TC Coral associate shape and texture. Discover now.\" \/>\n<meta property=\"og:url\" content=\"https:\/\/rendez-vous-store.com\/fr\/shop\/women\/women-shirts-discover-our-selection-rendez-vous-store\/album-di-famiglia-short-collar-shirt-tc-coral-rendez-vous-store\/\" \/>\n<meta property=\"og:site_name\" content=\"RENDEZ-VOUS STORE\" \/>\n<meta property=\"article:modified_time\" content=\"2026-03-16T18:12:24+00:00\" \/>\n<meta property=\"og:image\" content=\"https:\/\/rendez-vous-store.com\/app\/uploads\/2025\/05\/IMG_5005.webp\" \/>\n\t<meta property=\"og:image:width\" content=\"1696\" \/>\n\t<meta property=\"og:image:height\" content=\"2560\" \/>\n\t<meta property=\"og:image:type\" content=\"image\/webp\" \/>\n<meta name=\"twitter:card\" content=\"summary_large_image\" \/>\n<meta name=\"twitter:label1\" content=\"Est. reading time\" \/>\n\t<meta name=\"twitter:data1\" content=\"1 minute\" \/>\n<script type=\"application\/ld+json\" class=\"yoast-schema-graph\">{\"@context\":\"https:\/\/schema.org\",\"@graph\":[{\"@type\":\"WebPage\",\"@id\":\"https:\/\/rendez-vous-store.com\/shop\/women\/women-shirts-discover-our-selection-rendez-vous-store\/album-di-famiglia-short-collar-shirt-tc-coral-rendez-vous-store\/\",\"url\":\"https:\/\/rendez-vous-store.com\/shop\/women\/women-shirts-discover-our-selection-rendez-vous-store\/album-di-famiglia-short-collar-shirt-tc-coral-rendez-vous-store\/\",\"name\":\"Album Di Famiglia - Short Collar Shirt TC Coral\",\"isPartOf\":{\"@id\":\"https:\/\/rendez-vous-store.com\/#website\"},\"primaryImageOfPage\":{\"@id\":\"https:\/\/rendez-vous-store.com\/shop\/women\/women-shirts-discover-our-selection-rendez-vous-store\/album-di-famiglia-short-collar-shirt-tc-coral-rendez-vous-store\/#primaryimage\"},\"image\":{\"@id\":\"https:\/\/rendez-vous-store.com\/shop\/women\/women-shirts-discover-our-selection-rendez-vous-store\/album-di-famiglia-short-collar-shirt-tc-coral-rendez-vous-store\/#primaryimage\"},\"thumbnailUrl\":\"https:\/\/rendez-vous-store.com\/app\/uploads\/2025\/05\/IMG_5005.webp\",\"datePublished\":\"2025-05-07T12:20:48+00:00\",\"dateModified\":\"2026-03-16T18:12:24+00:00\",\"description\":\"Album Di Famiglia is on Rendez-Vous Store. ThisAlbum Di Famiglia Short Collar Shirt TC Coral associate shape and texture. Discover now.\",\"breadcrumb\":{\"@id\":\"https:\/\/rendez-vous-store.com\/shop\/women\/women-shirts-discover-our-selection-rendez-vous-store\/album-di-famiglia-short-collar-shirt-tc-coral-rendez-vous-store\/#breadcrumb\"},\"inLanguage\":\"fr-FR\",\"potentialAction\":[{\"@type\":\"ReadAction\",\"target\":[\"https:\/\/rendez-vous-store.com\/shop\/women\/women-shirts-discover-our-selection-rendez-vous-store\/album-di-famiglia-short-collar-shirt-tc-coral-rendez-vous-store\/\"]}]},{\"@type\":\"ImageObject\",\"inLanguage\":\"fr-FR\",\"@id\":\"https:\/\/rendez-vous-store.com\/shop\/women\/women-shirts-discover-our-selection-rendez-vous-store\/album-di-famiglia-short-collar-shirt-tc-coral-rendez-vous-store\/#primaryimage\",\"url\":\"https:\/\/rendez-vous-store.com\/app\/uploads\/2025\/05\/IMG_5005.webp\",\"contentUrl\":\"https:\/\/rendez-vous-store.com\/app\/uploads\/2025\/05\/IMG_5005.webp\",\"width\":1696,\"height\":2560},{\"@type\":\"BreadcrumbList\",\"@id\":\"https:\/\/rendez-vous-store.com\/shop\/women\/women-shirts-discover-our-selection-rendez-vous-store\/album-di-famiglia-short-collar-shirt-tc-coral-rendez-vous-store\/#breadcrumb\",\"itemListElement\":[{\"@type\":\"ListItem\",\"position\":1,\"name\":\"Home\",\"item\":\"https:\/\/rendez-vous-store.com\/\"},{\"@type\":\"ListItem\",\"position\":2,\"name\":\"Shop\",\"item\":\"https:\/\/www.rendez-vous-store.com\/shop\/\"},{\"@type\":\"ListItem\",\"position\":3,\"name\":\"Album Di Famiglia &#8211; Short Collar Shirt TC &#8211; Coral\"}]},{\"@type\":\"WebSite\",\"@id\":\"https:\/\/rendez-vous-store.com\/#website\",\"url\":\"https:\/\/rendez-vous-store.com\/\",\"name\":\"RENDEZ-VOUS STORE\",\"description\":\"Slow Fashion for Women and Men\",\"potentialAction\":[{\"@type\":\"SearchAction\",\"target\":{\"@type\":\"EntryPoint\",\"urlTemplate\":\"https:\/\/rendez-vous-store.com\/?s={search_term_string}\"},\"query-input\":{\"@type\":\"PropertyValueSpecification\",\"valueRequired\":true,\"valueName\":\"search_term_string\"}}],\"inLanguage\":\"fr-FR\"}]}<\/script>\n<!-- \/ Yoast SEO plugin. -->","yoast_head_json":{"title":"Album Di Famiglia - Short Collar Shirt TC Coral","description":"Album Di Famiglia is on Rendez-Vous Store. ThisAlbum Di Famiglia Short Collar Shirt TC Coral associate shape and texture. Discover now.","robots":{"index":"index","follow":"follow","max-snippet":"max-snippet:-1","max-image-preview":"max-image-preview:large","max-video-preview":"max-video-preview:-1"},"canonical":"https:\/\/rendez-vous-store.com\/fr\/shop\/women\/women-shirts-discover-our-selection-rendez-vous-store\/album-di-famiglia-short-collar-shirt-tc-coral-rendez-vous-store\/","og_locale":"fr_FR","og_type":"article","og_title":"Album Di Famiglia - Short Collar Shirt TC Coral","og_description":"Album Di Famiglia is on Rendez-Vous Store. ThisAlbum Di Famiglia Short Collar Shirt TC Coral associate shape and texture. Discover now.","og_url":"https:\/\/rendez-vous-store.com\/fr\/shop\/women\/women-shirts-discover-our-selection-rendez-vous-store\/album-di-famiglia-short-collar-shirt-tc-coral-rendez-vous-store\/","og_site_name":"RENDEZ-VOUS STORE","article_modified_time":"2026-03-16T18:12:24+00:00","og_image":[{"width":1696,"height":2560,"url":"https:\/\/rendez-vous-store.com\/app\/uploads\/2025\/05\/IMG_5005.webp","type":"image\/webp"}],"twitter_card":"summary_large_image","twitter_misc":{"Est. reading time":"1 minute"},"schema":{"@context":"https:\/\/schema.org","@graph":[{"@type":"WebPage","@id":"https:\/\/rendez-vous-store.com\/shop\/women\/women-shirts-discover-our-selection-rendez-vous-store\/album-di-famiglia-short-collar-shirt-tc-coral-rendez-vous-store\/","url":"https:\/\/rendez-vous-store.com\/shop\/women\/women-shirts-discover-our-selection-rendez-vous-store\/album-di-famiglia-short-collar-shirt-tc-coral-rendez-vous-store\/","name":"Album Di Famiglia - Short Collar Shirt TC Coral","isPartOf":{"@id":"https:\/\/rendez-vous-store.com\/#website"},"primaryImageOfPage":{"@id":"https:\/\/rendez-vous-store.com\/shop\/women\/women-shirts-discover-our-selection-rendez-vous-store\/album-di-famiglia-short-collar-shirt-tc-coral-rendez-vous-store\/#primaryimage"},"image":{"@id":"https:\/\/rendez-vous-store.com\/shop\/women\/women-shirts-discover-our-selection-rendez-vous-store\/album-di-famiglia-short-collar-shirt-tc-coral-rendez-vous-store\/#primaryimage"},"thumbnailUrl":"https:\/\/rendez-vous-store.com\/app\/uploads\/2025\/05\/IMG_5005.webp","datePublished":"2025-05-07T12:20:48+00:00","dateModified":"2026-03-16T18:12:24+00:00","description":"Album Di Famiglia is on Rendez-Vous Store. ThisAlbum Di Famiglia Short Collar Shirt TC Coral associate shape and texture. Discover now.","breadcrumb":{"@id":"https:\/\/rendez-vous-store.com\/shop\/women\/women-shirts-discover-our-selection-rendez-vous-store\/album-di-famiglia-short-collar-shirt-tc-coral-rendez-vous-store\/#breadcrumb"},"inLanguage":"fr-FR","potentialAction":[{"@type":"ReadAction","target":["https:\/\/rendez-vous-store.com\/shop\/women\/women-shirts-discover-our-selection-rendez-vous-store\/album-di-famiglia-short-collar-shirt-tc-coral-rendez-vous-store\/"]}]},{"@type":"ImageObject","inLanguage":"fr-FR","@id":"https:\/\/rendez-vous-store.com\/shop\/women\/women-shirts-discover-our-selection-rendez-vous-store\/album-di-famiglia-short-collar-shirt-tc-coral-rendez-vous-store\/#primaryimage","url":"https:\/\/rendez-vous-store.com\/app\/uploads\/2025\/05\/IMG_5005.webp","contentUrl":"https:\/\/rendez-vous-store.com\/app\/uploads\/2025\/05\/IMG_5005.webp","width":1696,"height":2560},{"@type":"BreadcrumbList","@id":"https:\/\/rendez-vous-store.com\/shop\/women\/women-shirts-discover-our-selection-rendez-vous-store\/album-di-famiglia-short-collar-shirt-tc-coral-rendez-vous-store\/#breadcrumb","itemListElement":[{"@type":"ListItem","position":1,"name":"Home","item":"https:\/\/rendez-vous-store.com\/"},{"@type":"ListItem","position":2,"name":"Shop","item":"https:\/\/www.rendez-vous-store.com\/shop\/"},{"@type":"ListItem","position":3,"name":"Album Di Famiglia &#8211; Short Collar Shirt TC &#8211; Coral"}]},{"@type":"WebSite","@id":"https:\/\/rendez-vous-store.com\/#website","url":"https:\/\/rendez-vous-store.com\/","name":"RENDEZ-VOUS STORE","description":"Slow Fashion for Women and Men","potentialAction":[{"@type":"SearchAction","target":{"@type":"EntryPoint","urlTemplate":"https:\/\/rendez-vous-store.com\/?s={search_term_string}"},"query-input":{"@type":"PropertyValueSpecification","valueRequired":true,"valueName":"search_term_string"}}],"inLanguage":"fr-FR"}]}},"_links":{"self":[{"href":"https:\/\/rendez-vous-store.com\/fr\/wp-json\/wp\/v2\/product\/204322","targetHints":{"allow":["GET"]}}],"collection":[{"href":"https:\/\/rendez-vous-store.com\/fr\/wp-json\/wp\/v2\/product"}],"about":[{"href":"https:\/\/rendez-vous-store.com\/fr\/wp-json\/wp\/v2\/types\/product"}],"wp:featuredmedia":[{"embeddable":true,"href":"https:\/\/rendez-vous-store.com\/fr\/wp-json\/wp\/v2\/media\/205178"}],"wp:attachment":[{"href":"https:\/\/rendez-vous-store.com\/fr\/wp-json\/wp\/v2\/media?parent=204322"}],"wp:term":[{"taxonomy":"product_brand","embeddable":true,"href":"https:\/\/rendez-vous-store.com\/fr\/wp-json\/wp\/v2\/product_brand?post=204322"},{"taxonomy":"product_cat","embeddable":true,"href":"https:\/\/rendez-vous-store.com\/fr\/wp-json\/wp\/v2\/product_cat?post=204322"},{"taxonomy":"product_tag","embeddable":true,"href":"https:\/\/rendez-vous-store.com\/fr\/wp-json\/wp\/v2\/product_tag?post=204322"}],"curies":[{"name":"wp","href":"https:\/\/api.w.org\/{rel}","templated":true}]}}