{"id":203606,"date":"2025-04-24T12:38:11","date_gmt":"2025-04-24T10:38:11","guid":{"rendered":"https:\/\/rendez-vous-store.com\/?post_type=product&#038;p=203606"},"modified":"2026-04-11T16:26:08","modified_gmt":"2026-04-11T14:26:08","slug":"b-sides-leroy-jean-w201-ir-indigo-rinse-rendez-vous-store","status":"publish","type":"product","link":"https:\/\/rendez-vous-store.com\/fr\/shop\/special-offer-women-rendez-vous-store\/women-trousers-special-offer\/b-sides-leroy-jean-w201-ir-indigo-rinse-rendez-vous-store\/","title":{"rendered":"B-SIDES - Leroy Jean W201-IR - Rin\u00e7age indigo"},"content":{"rendered":"<p><strong>B-SIDES Leroy Jean W201-IR Indigo Rinse<\/strong><\/p>\n<p>Couleur : Indigo<\/p>\n<p>Aspect doux et ajust\u00e9<\/p>\n<p>Silhouette droite et d\u00e9contract\u00e9e<\/p>\n<p>Longueur de cheville raccourcie<\/p>\n<p>Style 5 poches<\/p>\n<p>Composition : 100% Coton<\/p>\n<p>Fabriqu\u00e9 \u00e0 Los Angeles<\/p>\n<p>&nbsp;<\/p>\n<p>&nbsp;<\/p>\n<p>&nbsp;<\/p>\n<p>&nbsp;<\/p>\n<p>&nbsp;<\/p>\n<p><strong>La marque\u00a0<\/strong><\/p>\n<p>B-Sides a \u00e9t\u00e9 fond\u00e9e par deux amies de longue date et collectionneuses de jeans vintage, Claire Lampert et Stacy Daily, qui sont rapidement pass\u00e9es du recyclage de vieux mod\u00e8les \u00e0 la fabrication de leurs propres pantalons. Elles utilisent un denim con\u00e7u \u00e0 l'origine pour les v\u00eatements de travail traditionnels et r\u00e9put\u00e9 pour son \u00e9paisseur et sa texture naturellement souple, qui est tiss\u00e9 par des usines familiales du XIXe si\u00e8cle en G\u00e9orgie et en Caroline du Nord, illustrant l'esth\u00e9tique r\u00e9tro inh\u00e9rente \u00e0 la marque. Les coupes flatteuses et intemporelles sont rehauss\u00e9es par des d\u00e9lavages, des effets de d\u00e9tresse et des patchworks.<\/p>","protected":false},"excerpt":{"rendered":"<p>B-SIDES Leroy Jean W201-IR Indigo Rinse Color: Indigo Soft, fitted look Relaxed straight silhouette Shortened ankle length 5-pocket style Composition: 100% Cotton Made in Los Angeles &nbsp; &nbsp; &nbsp; &nbsp; &nbsp; The brand\u00a0 B-Sides was founded by two longtime friends and vintage jeans collectors, Claire Lampert and Stacy Daily, who quickly moved on from upcycling&hellip; <a class=\"more-link\" href=\"https:\/\/rendez-vous-store.com\/fr\/shop\/special-offer-women-rendez-vous-store\/women-trousers-special-offer\/b-sides-leroy-jean-w201-ir-indigo-rinse-rendez-vous-store\/\">Continuer la lecture <span class=\"screen-reader-text\">B-SIDES - Leroy Jean W201-IR - Rin\u00e7age indigo<\/span><\/a><\/p>","protected":false},"featured_media":203879,"template":"","meta":{"_acf_changed":false},"product_brand":[],"product_cat":[1292,1335,1341,17,182],"product_tag":[404],"class_list":{"0":"post-203606","1":"product","2":"type-product","3":"status-publish","4":"has-post-thumbnail","6":"product_cat-1292","7":"product_cat-special-offer-women-rendez-vous-store","8":"product_cat-women-trousers-special-offer","9":"product_cat-women","10":"product_cat-trousers-skirts-discover-our-selection-rendez-vous-store","11":"product_tag-b-sides-rendez-vous-store","12":"entry","14":"first","15":"instock","16":"taxable","17":"shipping-taxable","18":"purchasable","19":"product-type-variable","20":"has-default-attributes"},"acf":[],"yoast_head":"<!-- This site is optimized with the Yoast SEO plugin v24.9 - https:\/\/yoast.com\/wordpress\/plugins\/seo\/ -->\n<title>B-SIDES Leroy Jean W201-IR Indigo Rinse<\/title>\n<meta name=\"description\" content=\"B-SIDES is on Rendez-vous Store. This B-SIDES Leroy Jean W201-IR Indigo Rinse embodies a flattering, timeless cut for a look that makes you stand out.\" \/>\n<meta name=\"robots\" content=\"index, follow, max-snippet:-1, max-image-preview:large, max-video-preview:-1\" \/>\n<link rel=\"canonical\" href=\"https:\/\/rendez-vous-store.com\/fr\/shop\/special-offer-women-rendez-vous-store\/women-trousers-special-offer\/b-sides-leroy-jean-w201-ir-indigo-rinse-rendez-vous-store\/\" \/>\n<meta property=\"og:locale\" content=\"fr_FR\" \/>\n<meta property=\"og:type\" content=\"article\" \/>\n<meta property=\"og:title\" content=\"B-SIDES Leroy Jean W201-IR Indigo Rinse\" \/>\n<meta property=\"og:description\" content=\"B-SIDES is on Rendez-vous Store. This B-SIDES Leroy Jean W201-IR Indigo Rinse embodies a flattering, timeless cut for a look that makes you stand out.\" \/>\n<meta property=\"og:url\" content=\"https:\/\/rendez-vous-store.com\/fr\/shop\/special-offer-women-rendez-vous-store\/women-trousers-special-offer\/b-sides-leroy-jean-w201-ir-indigo-rinse-rendez-vous-store\/\" \/>\n<meta property=\"og:site_name\" content=\"RENDEZ-VOUS STORE\" \/>\n<meta property=\"article:modified_time\" content=\"2026-04-11T14:26:08+00:00\" \/>\n<meta property=\"og:image\" content=\"https:\/\/rendez-vous-store.com\/app\/uploads\/2025\/04\/com.apple_.Foundation.NSItemProvider.r0DdDn.webp\" \/>\n\t<meta property=\"og:image:width\" content=\"1696\" \/>\n\t<meta property=\"og:image:height\" content=\"2560\" \/>\n\t<meta property=\"og:image:type\" content=\"image\/webp\" \/>\n<meta name=\"twitter:card\" content=\"summary_large_image\" \/>\n<meta name=\"twitter:label1\" content=\"Est. reading time\" \/>\n\t<meta name=\"twitter:data1\" content=\"1 minute\" \/>\n<script type=\"application\/ld+json\" class=\"yoast-schema-graph\">{\"@context\":\"https:\/\/schema.org\",\"@graph\":[{\"@type\":\"WebPage\",\"@id\":\"https:\/\/rendez-vous-store.com\/shop\/special-offer-women-rendez-vous-store\/women-trousers-special-offer\/b-sides-leroy-jean-w201-ir-indigo-rinse-rendez-vous-store\/\",\"url\":\"https:\/\/rendez-vous-store.com\/shop\/special-offer-women-rendez-vous-store\/women-trousers-special-offer\/b-sides-leroy-jean-w201-ir-indigo-rinse-rendez-vous-store\/\",\"name\":\"B-SIDES Leroy Jean W201-IR Indigo Rinse\",\"isPartOf\":{\"@id\":\"https:\/\/rendez-vous-store.com\/#website\"},\"primaryImageOfPage\":{\"@id\":\"https:\/\/rendez-vous-store.com\/shop\/special-offer-women-rendez-vous-store\/women-trousers-special-offer\/b-sides-leroy-jean-w201-ir-indigo-rinse-rendez-vous-store\/#primaryimage\"},\"image\":{\"@id\":\"https:\/\/rendez-vous-store.com\/shop\/special-offer-women-rendez-vous-store\/women-trousers-special-offer\/b-sides-leroy-jean-w201-ir-indigo-rinse-rendez-vous-store\/#primaryimage\"},\"thumbnailUrl\":\"https:\/\/rendez-vous-store.com\/app\/uploads\/2025\/04\/com.apple_.Foundation.NSItemProvider.r0DdDn.webp\",\"datePublished\":\"2025-04-24T10:38:11+00:00\",\"dateModified\":\"2026-04-11T14:26:08+00:00\",\"description\":\"B-SIDES is on Rendez-vous Store. This B-SIDES Leroy Jean W201-IR Indigo Rinse embodies a flattering, timeless cut for a look that makes you stand out.\",\"breadcrumb\":{\"@id\":\"https:\/\/rendez-vous-store.com\/shop\/special-offer-women-rendez-vous-store\/women-trousers-special-offer\/b-sides-leroy-jean-w201-ir-indigo-rinse-rendez-vous-store\/#breadcrumb\"},\"inLanguage\":\"fr-FR\",\"potentialAction\":[{\"@type\":\"ReadAction\",\"target\":[\"https:\/\/rendez-vous-store.com\/shop\/special-offer-women-rendez-vous-store\/women-trousers-special-offer\/b-sides-leroy-jean-w201-ir-indigo-rinse-rendez-vous-store\/\"]}]},{\"@type\":\"ImageObject\",\"inLanguage\":\"fr-FR\",\"@id\":\"https:\/\/rendez-vous-store.com\/shop\/special-offer-women-rendez-vous-store\/women-trousers-special-offer\/b-sides-leroy-jean-w201-ir-indigo-rinse-rendez-vous-store\/#primaryimage\",\"url\":\"https:\/\/rendez-vous-store.com\/app\/uploads\/2025\/04\/com.apple_.Foundation.NSItemProvider.r0DdDn.webp\",\"contentUrl\":\"https:\/\/rendez-vous-store.com\/app\/uploads\/2025\/04\/com.apple_.Foundation.NSItemProvider.r0DdDn.webp\",\"width\":1696,\"height\":2560},{\"@type\":\"BreadcrumbList\",\"@id\":\"https:\/\/rendez-vous-store.com\/shop\/special-offer-women-rendez-vous-store\/women-trousers-special-offer\/b-sides-leroy-jean-w201-ir-indigo-rinse-rendez-vous-store\/#breadcrumb\",\"itemListElement\":[{\"@type\":\"ListItem\",\"position\":1,\"name\":\"Home\",\"item\":\"https:\/\/rendez-vous-store.com\/\"},{\"@type\":\"ListItem\",\"position\":2,\"name\":\"Shop\",\"item\":\"https:\/\/www.rendez-vous-store.com\/shop\/\"},{\"@type\":\"ListItem\",\"position\":3,\"name\":\"B-SIDES &#8211; Leroy Jean W201-IR &#8211; Indigo Rinse\"}]},{\"@type\":\"WebSite\",\"@id\":\"https:\/\/rendez-vous-store.com\/#website\",\"url\":\"https:\/\/rendez-vous-store.com\/\",\"name\":\"RENDEZ-VOUS STORE\",\"description\":\"Slow Fashion for Women and Men\",\"potentialAction\":[{\"@type\":\"SearchAction\",\"target\":{\"@type\":\"EntryPoint\",\"urlTemplate\":\"https:\/\/rendez-vous-store.com\/?s={search_term_string}\"},\"query-input\":{\"@type\":\"PropertyValueSpecification\",\"valueRequired\":true,\"valueName\":\"search_term_string\"}}],\"inLanguage\":\"fr-FR\"}]}<\/script>\n<!-- \/ Yoast SEO plugin. -->","yoast_head_json":{"title":"B-SIDES Leroy Jean W201-IR Indigo Rinse","description":"B-SIDES is on Rendez-vous Store. This B-SIDES Leroy Jean W201-IR Indigo Rinse embodies a flattering, timeless cut for a look that makes you stand out.","robots":{"index":"index","follow":"follow","max-snippet":"max-snippet:-1","max-image-preview":"max-image-preview:large","max-video-preview":"max-video-preview:-1"},"canonical":"https:\/\/rendez-vous-store.com\/fr\/shop\/special-offer-women-rendez-vous-store\/women-trousers-special-offer\/b-sides-leroy-jean-w201-ir-indigo-rinse-rendez-vous-store\/","og_locale":"fr_FR","og_type":"article","og_title":"B-SIDES Leroy Jean W201-IR Indigo Rinse","og_description":"B-SIDES is on Rendez-vous Store. This B-SIDES Leroy Jean W201-IR Indigo Rinse embodies a flattering, timeless cut for a look that makes you stand out.","og_url":"https:\/\/rendez-vous-store.com\/fr\/shop\/special-offer-women-rendez-vous-store\/women-trousers-special-offer\/b-sides-leroy-jean-w201-ir-indigo-rinse-rendez-vous-store\/","og_site_name":"RENDEZ-VOUS STORE","article_modified_time":"2026-04-11T14:26:08+00:00","og_image":[{"width":1696,"height":2560,"url":"https:\/\/rendez-vous-store.com\/app\/uploads\/2025\/04\/com.apple_.Foundation.NSItemProvider.r0DdDn.webp","type":"image\/webp"}],"twitter_card":"summary_large_image","twitter_misc":{"Est. reading time":"1 minute"},"schema":{"@context":"https:\/\/schema.org","@graph":[{"@type":"WebPage","@id":"https:\/\/rendez-vous-store.com\/shop\/special-offer-women-rendez-vous-store\/women-trousers-special-offer\/b-sides-leroy-jean-w201-ir-indigo-rinse-rendez-vous-store\/","url":"https:\/\/rendez-vous-store.com\/shop\/special-offer-women-rendez-vous-store\/women-trousers-special-offer\/b-sides-leroy-jean-w201-ir-indigo-rinse-rendez-vous-store\/","name":"B-SIDES Leroy Jean W201-IR Indigo Rinse","isPartOf":{"@id":"https:\/\/rendez-vous-store.com\/#website"},"primaryImageOfPage":{"@id":"https:\/\/rendez-vous-store.com\/shop\/special-offer-women-rendez-vous-store\/women-trousers-special-offer\/b-sides-leroy-jean-w201-ir-indigo-rinse-rendez-vous-store\/#primaryimage"},"image":{"@id":"https:\/\/rendez-vous-store.com\/shop\/special-offer-women-rendez-vous-store\/women-trousers-special-offer\/b-sides-leroy-jean-w201-ir-indigo-rinse-rendez-vous-store\/#primaryimage"},"thumbnailUrl":"https:\/\/rendez-vous-store.com\/app\/uploads\/2025\/04\/com.apple_.Foundation.NSItemProvider.r0DdDn.webp","datePublished":"2025-04-24T10:38:11+00:00","dateModified":"2026-04-11T14:26:08+00:00","description":"B-SIDES is on Rendez-vous Store. This B-SIDES Leroy Jean W201-IR Indigo Rinse embodies a flattering, timeless cut for a look that makes you stand out.","breadcrumb":{"@id":"https:\/\/rendez-vous-store.com\/shop\/special-offer-women-rendez-vous-store\/women-trousers-special-offer\/b-sides-leroy-jean-w201-ir-indigo-rinse-rendez-vous-store\/#breadcrumb"},"inLanguage":"fr-FR","potentialAction":[{"@type":"ReadAction","target":["https:\/\/rendez-vous-store.com\/shop\/special-offer-women-rendez-vous-store\/women-trousers-special-offer\/b-sides-leroy-jean-w201-ir-indigo-rinse-rendez-vous-store\/"]}]},{"@type":"ImageObject","inLanguage":"fr-FR","@id":"https:\/\/rendez-vous-store.com\/shop\/special-offer-women-rendez-vous-store\/women-trousers-special-offer\/b-sides-leroy-jean-w201-ir-indigo-rinse-rendez-vous-store\/#primaryimage","url":"https:\/\/rendez-vous-store.com\/app\/uploads\/2025\/04\/com.apple_.Foundation.NSItemProvider.r0DdDn.webp","contentUrl":"https:\/\/rendez-vous-store.com\/app\/uploads\/2025\/04\/com.apple_.Foundation.NSItemProvider.r0DdDn.webp","width":1696,"height":2560},{"@type":"BreadcrumbList","@id":"https:\/\/rendez-vous-store.com\/shop\/special-offer-women-rendez-vous-store\/women-trousers-special-offer\/b-sides-leroy-jean-w201-ir-indigo-rinse-rendez-vous-store\/#breadcrumb","itemListElement":[{"@type":"ListItem","position":1,"name":"Home","item":"https:\/\/rendez-vous-store.com\/"},{"@type":"ListItem","position":2,"name":"Shop","item":"https:\/\/www.rendez-vous-store.com\/shop\/"},{"@type":"ListItem","position":3,"name":"B-SIDES &#8211; Leroy Jean W201-IR &#8211; Indigo Rinse"}]},{"@type":"WebSite","@id":"https:\/\/rendez-vous-store.com\/#website","url":"https:\/\/rendez-vous-store.com\/","name":"RENDEZ-VOUS STORE","description":"Slow Fashion for Women and Men","potentialAction":[{"@type":"SearchAction","target":{"@type":"EntryPoint","urlTemplate":"https:\/\/rendez-vous-store.com\/?s={search_term_string}"},"query-input":{"@type":"PropertyValueSpecification","valueRequired":true,"valueName":"search_term_string"}}],"inLanguage":"fr-FR"}]}},"_links":{"self":[{"href":"https:\/\/rendez-vous-store.com\/fr\/wp-json\/wp\/v2\/product\/203606","targetHints":{"allow":["GET"]}}],"collection":[{"href":"https:\/\/rendez-vous-store.com\/fr\/wp-json\/wp\/v2\/product"}],"about":[{"href":"https:\/\/rendez-vous-store.com\/fr\/wp-json\/wp\/v2\/types\/product"}],"wp:featuredmedia":[{"embeddable":true,"href":"https:\/\/rendez-vous-store.com\/fr\/wp-json\/wp\/v2\/media\/203879"}],"wp:attachment":[{"href":"https:\/\/rendez-vous-store.com\/fr\/wp-json\/wp\/v2\/media?parent=203606"}],"wp:term":[{"taxonomy":"product_brand","embeddable":true,"href":"https:\/\/rendez-vous-store.com\/fr\/wp-json\/wp\/v2\/product_brand?post=203606"},{"taxonomy":"product_cat","embeddable":true,"href":"https:\/\/rendez-vous-store.com\/fr\/wp-json\/wp\/v2\/product_cat?post=203606"},{"taxonomy":"product_tag","embeddable":true,"href":"https:\/\/rendez-vous-store.com\/fr\/wp-json\/wp\/v2\/product_tag?post=203606"}],"curies":[{"name":"wp","href":"https:\/\/api.w.org\/{rel}","templated":true}]}}