{"id":202880,"date":"2025-04-16T10:58:27","date_gmt":"2025-04-16T08:58:27","guid":{"rendered":"https:\/\/rendez-vous-store.com\/?post_type=product&#038;p=202880"},"modified":"2026-04-24T16:05:34","modified_gmt":"2026-04-24T14:05:34","slug":"y-organic-cotton-tencel-chino-shorts-white-rendez-vous-store","status":"publish","type":"product","link":"https:\/\/rendez-vous-store.com\/fr\/shop\/men-selection-discover-our-selection-rendez-vous-store\/trousers-shorts-rendez-vous-store\/y-organic-cotton-tencel-chino-shorts-white-rendez-vous-store\/","title":{"rendered":"Y - Short chino en coton biologique Tencel - Blanc"},"content":{"rendered":"<p><strong>Y Organic Cotton Tencel Chino Shorts White<\/strong><\/p>\n<p>Couleur : blanc<\/p>\n<p>Coupe ample<\/p>\n<p>Cordon de serrage \u00e0 la taille<\/p>\n<p>Passant de ceinture<\/p>\n<p>Jambes larges<\/p>\n<p>Composition : Coton 60%, Tencel 40%<\/p>\n<p>Fabriqu\u00e9 au Japon<\/p>\n<p>&nbsp;<\/p>\n<p>&nbsp;<\/p>\n<p>&nbsp;<\/p>\n<p>&nbsp;<\/p>\n<p><strong>La marque<\/strong><\/p>\n<p>La ligne \"Y\" (Yl\u00e8ve) est le fruit d'une collaboration entre la styliste Reiko Taguchi et M. Keiji Kaneko. Ils travaillent activement dans diff\u00e9rents domaines, y compris la direction des acheteurs. Cette ligne introduit une nouvelle perspective en utilisant des mat\u00e9riaux respectueux de l'environnement pour produire des pi\u00e8ces d\u00e9contract\u00e9es et unisexes qui transcendent les fronti\u00e8res du sexe, de la g\u00e9n\u00e9ration, du genre et de l'occasion.<\/p>\n<p>La marque ne produit que des v\u00eatements blancs et bleu marine. Ses mod\u00e8les sont unisexes, sans \u00e2ge, sans taille et sans saison. Ils cr\u00e9ent des v\u00eatements lavables, faciles \u00e0 utiliser au quotidien et qui s'int\u00e8grent parfaitement \u00e0 des tenues coordonn\u00e9es.<\/p>","protected":false},"excerpt":{"rendered":"<p>Y Organic Cotton Tencel Chino Shorts White Color: White Loose fit Waist drawstring Belt loop Wide legs Composition: Cotton 60%, Tencel 40% Made in Japan &nbsp; &nbsp; &nbsp; &nbsp; The brand The \u201cY\u201d line (Yl\u00e8ve) is a collaborative creation between designer Reiko Taguchi and Mr. Keiji Kaneko. They actively work in various fields, including buyer&hellip; <a class=\"more-link\" href=\"https:\/\/rendez-vous-store.com\/fr\/shop\/men-selection-discover-our-selection-rendez-vous-store\/trousers-shorts-rendez-vous-store\/y-organic-cotton-tencel-chino-shorts-white-rendez-vous-store\/\">Continuer la lecture <span class=\"screen-reader-text\">Y - Short chino en coton biologique Tencel - Blanc<\/span><\/a><\/p>","protected":false},"featured_media":203390,"template":"","meta":{"_acf_changed":false},"product_brand":[],"product_cat":[20,73],"product_tag":[1209],"class_list":{"0":"post-202880","1":"product","2":"type-product","3":"status-publish","4":"has-post-thumbnail","6":"product_cat-men-selection-discover-our-selection-rendez-vous-store","7":"product_cat-trousers-shorts-rendez-vous-store","8":"product_tag-y","9":"entry","11":"first","12":"outofstock","13":"taxable","14":"shipping-taxable","15":"product-type-variable"},"acf":[],"yoast_head":"<!-- This site is optimized with the Yoast SEO plugin v24.9 - https:\/\/yoast.com\/wordpress\/plugins\/seo\/ -->\n<title>Y Organic Cotton Tencel Chino Shorts White<\/title>\n<meta name=\"description\" content=\"This Y Organic Cotton Tencel Chino Shorts White is characterized by its environmentally friendly materials and its casual aspect. Discover now.\" \/>\n<meta name=\"robots\" content=\"index, follow, max-snippet:-1, max-image-preview:large, max-video-preview:-1\" \/>\n<link rel=\"canonical\" href=\"https:\/\/rendez-vous-store.com\/fr\/shop\/men-selection-discover-our-selection-rendez-vous-store\/trousers-shorts-rendez-vous-store\/y-organic-cotton-tencel-chino-shorts-white-rendez-vous-store\/\" \/>\n<meta property=\"og:locale\" content=\"fr_FR\" \/>\n<meta property=\"og:type\" content=\"article\" \/>\n<meta property=\"og:title\" content=\"Y Organic Cotton Tencel Chino Shorts White\" \/>\n<meta property=\"og:description\" content=\"This Y Organic Cotton Tencel Chino Shorts White is characterized by its environmentally friendly materials and its casual aspect. Discover now.\" \/>\n<meta property=\"og:url\" content=\"https:\/\/rendez-vous-store.com\/fr\/shop\/men-selection-discover-our-selection-rendez-vous-store\/trousers-shorts-rendez-vous-store\/y-organic-cotton-tencel-chino-shorts-white-rendez-vous-store\/\" \/>\n<meta property=\"og:site_name\" content=\"RENDEZ-VOUS STORE\" \/>\n<meta property=\"article:modified_time\" content=\"2026-04-24T14:05:34+00:00\" \/>\n<meta property=\"og:image\" content=\"https:\/\/rendez-vous-store.com\/app\/uploads\/2025\/04\/com.apple_.Foundation.NSItemProvider.Rv6s3c.webp\" \/>\n\t<meta property=\"og:image:width\" content=\"1696\" \/>\n\t<meta property=\"og:image:height\" content=\"2560\" \/>\n\t<meta property=\"og:image:type\" content=\"image\/webp\" \/>\n<meta name=\"twitter:card\" content=\"summary_large_image\" \/>\n<meta name=\"twitter:label1\" content=\"Est. reading time\" \/>\n\t<meta name=\"twitter:data1\" content=\"1 minute\" \/>\n<script type=\"application\/ld+json\" class=\"yoast-schema-graph\">{\"@context\":\"https:\/\/schema.org\",\"@graph\":[{\"@type\":\"WebPage\",\"@id\":\"https:\/\/rendez-vous-store.com\/shop\/men-selection-discover-our-selection-rendez-vous-store\/trousers-shorts-rendez-vous-store\/y-organic-cotton-tencel-chino-shorts-white-rendez-vous-store\/\",\"url\":\"https:\/\/rendez-vous-store.com\/shop\/men-selection-discover-our-selection-rendez-vous-store\/trousers-shorts-rendez-vous-store\/y-organic-cotton-tencel-chino-shorts-white-rendez-vous-store\/\",\"name\":\"Y Organic Cotton Tencel Chino Shorts White\",\"isPartOf\":{\"@id\":\"https:\/\/rendez-vous-store.com\/#website\"},\"primaryImageOfPage\":{\"@id\":\"https:\/\/rendez-vous-store.com\/shop\/men-selection-discover-our-selection-rendez-vous-store\/trousers-shorts-rendez-vous-store\/y-organic-cotton-tencel-chino-shorts-white-rendez-vous-store\/#primaryimage\"},\"image\":{\"@id\":\"https:\/\/rendez-vous-store.com\/shop\/men-selection-discover-our-selection-rendez-vous-store\/trousers-shorts-rendez-vous-store\/y-organic-cotton-tencel-chino-shorts-white-rendez-vous-store\/#primaryimage\"},\"thumbnailUrl\":\"https:\/\/rendez-vous-store.com\/app\/uploads\/2025\/04\/com.apple_.Foundation.NSItemProvider.Rv6s3c.webp\",\"datePublished\":\"2025-04-16T08:58:27+00:00\",\"dateModified\":\"2026-04-24T14:05:34+00:00\",\"description\":\"This Y Organic Cotton Tencel Chino Shorts White is characterized by its environmentally friendly materials and its casual aspect. Discover now.\",\"breadcrumb\":{\"@id\":\"https:\/\/rendez-vous-store.com\/shop\/men-selection-discover-our-selection-rendez-vous-store\/trousers-shorts-rendez-vous-store\/y-organic-cotton-tencel-chino-shorts-white-rendez-vous-store\/#breadcrumb\"},\"inLanguage\":\"fr-FR\",\"potentialAction\":[{\"@type\":\"ReadAction\",\"target\":[\"https:\/\/rendez-vous-store.com\/shop\/men-selection-discover-our-selection-rendez-vous-store\/trousers-shorts-rendez-vous-store\/y-organic-cotton-tencel-chino-shorts-white-rendez-vous-store\/\"]}]},{\"@type\":\"ImageObject\",\"inLanguage\":\"fr-FR\",\"@id\":\"https:\/\/rendez-vous-store.com\/shop\/men-selection-discover-our-selection-rendez-vous-store\/trousers-shorts-rendez-vous-store\/y-organic-cotton-tencel-chino-shorts-white-rendez-vous-store\/#primaryimage\",\"url\":\"https:\/\/rendez-vous-store.com\/app\/uploads\/2025\/04\/com.apple_.Foundation.NSItemProvider.Rv6s3c.webp\",\"contentUrl\":\"https:\/\/rendez-vous-store.com\/app\/uploads\/2025\/04\/com.apple_.Foundation.NSItemProvider.Rv6s3c.webp\",\"width\":1696,\"height\":2560},{\"@type\":\"BreadcrumbList\",\"@id\":\"https:\/\/rendez-vous-store.com\/shop\/men-selection-discover-our-selection-rendez-vous-store\/trousers-shorts-rendez-vous-store\/y-organic-cotton-tencel-chino-shorts-white-rendez-vous-store\/#breadcrumb\",\"itemListElement\":[{\"@type\":\"ListItem\",\"position\":1,\"name\":\"Home\",\"item\":\"https:\/\/rendez-vous-store.com\/\"},{\"@type\":\"ListItem\",\"position\":2,\"name\":\"Shop\",\"item\":\"https:\/\/www.rendez-vous-store.com\/shop\/\"},{\"@type\":\"ListItem\",\"position\":3,\"name\":\"Y &#8211; Organic Cotton Tencel Chino Shorts &#8211; White\"}]},{\"@type\":\"WebSite\",\"@id\":\"https:\/\/rendez-vous-store.com\/#website\",\"url\":\"https:\/\/rendez-vous-store.com\/\",\"name\":\"RENDEZ-VOUS STORE\",\"description\":\"Slow Fashion for Women and Men\",\"potentialAction\":[{\"@type\":\"SearchAction\",\"target\":{\"@type\":\"EntryPoint\",\"urlTemplate\":\"https:\/\/rendez-vous-store.com\/?s={search_term_string}\"},\"query-input\":{\"@type\":\"PropertyValueSpecification\",\"valueRequired\":true,\"valueName\":\"search_term_string\"}}],\"inLanguage\":\"fr-FR\"}]}<\/script>\n<!-- \/ Yoast SEO plugin. -->","yoast_head_json":{"title":"Y Organic Cotton Tencel Chino Shorts White","description":"This Y Organic Cotton Tencel Chino Shorts White is characterized by its environmentally friendly materials and its casual aspect. Discover now.","robots":{"index":"index","follow":"follow","max-snippet":"max-snippet:-1","max-image-preview":"max-image-preview:large","max-video-preview":"max-video-preview:-1"},"canonical":"https:\/\/rendez-vous-store.com\/fr\/shop\/men-selection-discover-our-selection-rendez-vous-store\/trousers-shorts-rendez-vous-store\/y-organic-cotton-tencel-chino-shorts-white-rendez-vous-store\/","og_locale":"fr_FR","og_type":"article","og_title":"Y Organic Cotton Tencel Chino Shorts White","og_description":"This Y Organic Cotton Tencel Chino Shorts White is characterized by its environmentally friendly materials and its casual aspect. Discover now.","og_url":"https:\/\/rendez-vous-store.com\/fr\/shop\/men-selection-discover-our-selection-rendez-vous-store\/trousers-shorts-rendez-vous-store\/y-organic-cotton-tencel-chino-shorts-white-rendez-vous-store\/","og_site_name":"RENDEZ-VOUS STORE","article_modified_time":"2026-04-24T14:05:34+00:00","og_image":[{"width":1696,"height":2560,"url":"https:\/\/rendez-vous-store.com\/app\/uploads\/2025\/04\/com.apple_.Foundation.NSItemProvider.Rv6s3c.webp","type":"image\/webp"}],"twitter_card":"summary_large_image","twitter_misc":{"Est. reading time":"1 minute"},"schema":{"@context":"https:\/\/schema.org","@graph":[{"@type":"WebPage","@id":"https:\/\/rendez-vous-store.com\/shop\/men-selection-discover-our-selection-rendez-vous-store\/trousers-shorts-rendez-vous-store\/y-organic-cotton-tencel-chino-shorts-white-rendez-vous-store\/","url":"https:\/\/rendez-vous-store.com\/shop\/men-selection-discover-our-selection-rendez-vous-store\/trousers-shorts-rendez-vous-store\/y-organic-cotton-tencel-chino-shorts-white-rendez-vous-store\/","name":"Y Organic Cotton Tencel Chino Shorts White","isPartOf":{"@id":"https:\/\/rendez-vous-store.com\/#website"},"primaryImageOfPage":{"@id":"https:\/\/rendez-vous-store.com\/shop\/men-selection-discover-our-selection-rendez-vous-store\/trousers-shorts-rendez-vous-store\/y-organic-cotton-tencel-chino-shorts-white-rendez-vous-store\/#primaryimage"},"image":{"@id":"https:\/\/rendez-vous-store.com\/shop\/men-selection-discover-our-selection-rendez-vous-store\/trousers-shorts-rendez-vous-store\/y-organic-cotton-tencel-chino-shorts-white-rendez-vous-store\/#primaryimage"},"thumbnailUrl":"https:\/\/rendez-vous-store.com\/app\/uploads\/2025\/04\/com.apple_.Foundation.NSItemProvider.Rv6s3c.webp","datePublished":"2025-04-16T08:58:27+00:00","dateModified":"2026-04-24T14:05:34+00:00","description":"This Y Organic Cotton Tencel Chino Shorts White is characterized by its environmentally friendly materials and its casual aspect. Discover now.","breadcrumb":{"@id":"https:\/\/rendez-vous-store.com\/shop\/men-selection-discover-our-selection-rendez-vous-store\/trousers-shorts-rendez-vous-store\/y-organic-cotton-tencel-chino-shorts-white-rendez-vous-store\/#breadcrumb"},"inLanguage":"fr-FR","potentialAction":[{"@type":"ReadAction","target":["https:\/\/rendez-vous-store.com\/shop\/men-selection-discover-our-selection-rendez-vous-store\/trousers-shorts-rendez-vous-store\/y-organic-cotton-tencel-chino-shorts-white-rendez-vous-store\/"]}]},{"@type":"ImageObject","inLanguage":"fr-FR","@id":"https:\/\/rendez-vous-store.com\/shop\/men-selection-discover-our-selection-rendez-vous-store\/trousers-shorts-rendez-vous-store\/y-organic-cotton-tencel-chino-shorts-white-rendez-vous-store\/#primaryimage","url":"https:\/\/rendez-vous-store.com\/app\/uploads\/2025\/04\/com.apple_.Foundation.NSItemProvider.Rv6s3c.webp","contentUrl":"https:\/\/rendez-vous-store.com\/app\/uploads\/2025\/04\/com.apple_.Foundation.NSItemProvider.Rv6s3c.webp","width":1696,"height":2560},{"@type":"BreadcrumbList","@id":"https:\/\/rendez-vous-store.com\/shop\/men-selection-discover-our-selection-rendez-vous-store\/trousers-shorts-rendez-vous-store\/y-organic-cotton-tencel-chino-shorts-white-rendez-vous-store\/#breadcrumb","itemListElement":[{"@type":"ListItem","position":1,"name":"Home","item":"https:\/\/rendez-vous-store.com\/"},{"@type":"ListItem","position":2,"name":"Shop","item":"https:\/\/www.rendez-vous-store.com\/shop\/"},{"@type":"ListItem","position":3,"name":"Y &#8211; Organic Cotton Tencel Chino Shorts &#8211; White"}]},{"@type":"WebSite","@id":"https:\/\/rendez-vous-store.com\/#website","url":"https:\/\/rendez-vous-store.com\/","name":"RENDEZ-VOUS STORE","description":"Slow Fashion for Women and Men","potentialAction":[{"@type":"SearchAction","target":{"@type":"EntryPoint","urlTemplate":"https:\/\/rendez-vous-store.com\/?s={search_term_string}"},"query-input":{"@type":"PropertyValueSpecification","valueRequired":true,"valueName":"search_term_string"}}],"inLanguage":"fr-FR"}]}},"_links":{"self":[{"href":"https:\/\/rendez-vous-store.com\/fr\/wp-json\/wp\/v2\/product\/202880","targetHints":{"allow":["GET"]}}],"collection":[{"href":"https:\/\/rendez-vous-store.com\/fr\/wp-json\/wp\/v2\/product"}],"about":[{"href":"https:\/\/rendez-vous-store.com\/fr\/wp-json\/wp\/v2\/types\/product"}],"wp:featuredmedia":[{"embeddable":true,"href":"https:\/\/rendez-vous-store.com\/fr\/wp-json\/wp\/v2\/media\/203390"}],"wp:attachment":[{"href":"https:\/\/rendez-vous-store.com\/fr\/wp-json\/wp\/v2\/media?parent=202880"}],"wp:term":[{"taxonomy":"product_brand","embeddable":true,"href":"https:\/\/rendez-vous-store.com\/fr\/wp-json\/wp\/v2\/product_brand?post=202880"},{"taxonomy":"product_cat","embeddable":true,"href":"https:\/\/rendez-vous-store.com\/fr\/wp-json\/wp\/v2\/product_cat?post=202880"},{"taxonomy":"product_tag","embeddable":true,"href":"https:\/\/rendez-vous-store.com\/fr\/wp-json\/wp\/v2\/product_tag?post=202880"}],"curies":[{"name":"wp","href":"https:\/\/api.w.org\/{rel}","templated":true}]}}