{"id":202492,"date":"2025-04-15T16:15:04","date_gmt":"2025-04-15T14:15:04","guid":{"rendered":"https:\/\/rendez-vous-store.com\/?post_type=product&#038;p=202492"},"modified":"2026-04-24T16:07:04","modified_gmt":"2026-04-24T14:07:04","slug":"whiteread-almoner-channel-hem-jacket-salt-rendez-vous-store","status":"publish","type":"product","link":"https:\/\/rendez-vous-store.com\/fr\/shop\/women\/women-coats-jackets-rendez-vous-store\/whiteread-almoner-channel-hem-jacket-salt-rendez-vous-store\/","title":{"rendered":"Whiteread - ALMONER CHANNEL HEM JACKET - ROSE"},"content":{"rendered":"<p><strong>Whiteread ALMONER CHANNEL HEM JACKET ROSE<\/strong><\/p>\n<p>Couleur : rose<\/p>\n<p>Coupe oversize<\/p>\n<p>Manches longues<\/p>\n<p>\u00c9paules tombantes<\/p>\n<p>Col rond<\/p>\n<p>Fermeture \u00e0 glissi\u00e8re<\/p>\n<p>Cordon de serrage \u00e0 l'ourlet<\/p>\n<p>Composition : Nylon 100%<\/p>\n<p>Fabriqu\u00e9 en Angleterre<\/p>\n<p>&nbsp;<\/p>\n<p>&nbsp;<\/p>\n<p>&nbsp;<\/p>\n<p>&nbsp;<\/p>\n<p><strong>La marque<\/strong><\/p>\n<p>Whiteread est une marque de mode ind\u00e9pendante et sans saison fond\u00e9e par Mitz et Isabella. La collection est fabriqu\u00e9e \u00e0 partir de tissus vintage, recycl\u00e9s et \u00e9puis\u00e9s, et de nouveaux mat\u00e9riaux provenant de sources durables.<\/p>\n<p>Les articles sont fabriqu\u00e9s \u00e0 la main en Angleterre et en \u00c9cosse par une petite \u00e9quipe et chaque pi\u00e8ce est unique.<\/p>","protected":false},"excerpt":{"rendered":"<p>Whiteread ALMONER CHANNEL HEM JACKET ROSE Color: Pink Oversized fit Long sleeves Dropped shoulders Round collar Zip closure Drawstring at the hem Composition: 100% Nylon Made in England &nbsp; &nbsp; &nbsp; &nbsp; The brand Whiteread is an independent and seasonless fashion label founded by Mitz and Isabella. The collection is made of vintage, recycled and&hellip; <a class=\"more-link\" href=\"https:\/\/rendez-vous-store.com\/fr\/shop\/women\/women-coats-jackets-rendez-vous-store\/whiteread-almoner-channel-hem-jacket-salt-rendez-vous-store\/\">Continuer la lecture <span class=\"screen-reader-text\">Whiteread - ALMONER CHANNEL HEM JACKET - ROSE<\/span><\/a><\/p>","protected":false},"featured_media":203897,"template":"","meta":{"_acf_changed":false},"product_brand":[],"product_cat":[17,1062,394],"product_tag":[1257],"class_list":{"0":"post-202492","1":"product","2":"type-product","3":"status-publish","4":"has-post-thumbnail","6":"product_cat-women","7":"product_cat-new-women-selection-rendez-vous-store","8":"product_cat-women-coats-jackets-rendez-vous-store","9":"product_tag-whiteread-rendez-vous-store","10":"entry","12":"first","13":"outofstock","14":"taxable","15":"shipping-taxable","16":"product-type-variable"},"acf":[],"yoast_head":"<!-- This site is optimized with the Yoast SEO plugin v24.9 - https:\/\/yoast.com\/wordpress\/plugins\/seo\/ -->\n<title>Whiteread ALMONER CHANNEL HEM JACKET ROSE<\/title>\n<meta name=\"description\" content=\"This Whiteread ALMONER CHANNEL HEM JACKET ROSE is made of vintage, recycled and deadstock fabrics with sustainably sourced new materials.\" \/>\n<meta name=\"robots\" content=\"index, follow, max-snippet:-1, max-image-preview:large, max-video-preview:-1\" \/>\n<link rel=\"canonical\" href=\"https:\/\/rendez-vous-store.com\/fr\/shop\/women\/women-coats-jackets-rendez-vous-store\/whiteread-almoner-channel-hem-jacket-salt-rendez-vous-store\/\" \/>\n<meta property=\"og:locale\" content=\"fr_FR\" \/>\n<meta property=\"og:type\" content=\"article\" \/>\n<meta property=\"og:title\" content=\"Whiteread ALMONER CHANNEL HEM JACKET ROSE\" \/>\n<meta property=\"og:description\" content=\"This Whiteread ALMONER CHANNEL HEM JACKET ROSE is made of vintage, recycled and deadstock fabrics with sustainably sourced new materials.\" \/>\n<meta property=\"og:url\" content=\"https:\/\/rendez-vous-store.com\/fr\/shop\/women\/women-coats-jackets-rendez-vous-store\/whiteread-almoner-channel-hem-jacket-salt-rendez-vous-store\/\" \/>\n<meta property=\"og:site_name\" content=\"RENDEZ-VOUS STORE\" \/>\n<meta property=\"article:modified_time\" content=\"2026-04-24T14:07:04+00:00\" \/>\n<meta property=\"og:image\" content=\"https:\/\/rendez-vous-store.com\/wp-content\/uploads\/2025\/04\/com.apple_.Foundation.NSItemProvider.ZdeE2x-2.webp\" \/>\n\t<meta property=\"og:image:width\" content=\"1696\" \/>\n\t<meta property=\"og:image:height\" content=\"2560\" \/>\n\t<meta property=\"og:image:type\" content=\"image\/webp\" \/>\n<meta name=\"twitter:card\" content=\"summary_large_image\" \/>\n<meta name=\"twitter:label1\" content=\"Est. reading time\" \/>\n\t<meta name=\"twitter:data1\" content=\"1 minute\" \/>\n<script type=\"application\/ld+json\" class=\"yoast-schema-graph\">{\"@context\":\"https:\/\/schema.org\",\"@graph\":[{\"@type\":\"WebPage\",\"@id\":\"https:\/\/rendez-vous-store.com\/shop\/women\/women-coats-jackets-rendez-vous-store\/whiteread-almoner-channel-hem-jacket-salt-rendez-vous-store\/\",\"url\":\"https:\/\/rendez-vous-store.com\/shop\/women\/women-coats-jackets-rendez-vous-store\/whiteread-almoner-channel-hem-jacket-salt-rendez-vous-store\/\",\"name\":\"Whiteread ALMONER CHANNEL HEM JACKET ROSE\",\"isPartOf\":{\"@id\":\"https:\/\/rendez-vous-store.com\/#website\"},\"primaryImageOfPage\":{\"@id\":\"https:\/\/rendez-vous-store.com\/shop\/women\/women-coats-jackets-rendez-vous-store\/whiteread-almoner-channel-hem-jacket-salt-rendez-vous-store\/#primaryimage\"},\"image\":{\"@id\":\"https:\/\/rendez-vous-store.com\/shop\/women\/women-coats-jackets-rendez-vous-store\/whiteread-almoner-channel-hem-jacket-salt-rendez-vous-store\/#primaryimage\"},\"thumbnailUrl\":\"https:\/\/rendez-vous-store.com\/app\/uploads\/2025\/04\/com.apple_.Foundation.NSItemProvider.ZdeE2x-2.webp\",\"datePublished\":\"2025-04-15T14:15:04+00:00\",\"dateModified\":\"2026-04-24T14:07:04+00:00\",\"description\":\"This Whiteread ALMONER CHANNEL HEM JACKET ROSE is made of vintage, recycled and deadstock fabrics with sustainably sourced new materials.\",\"breadcrumb\":{\"@id\":\"https:\/\/rendez-vous-store.com\/shop\/women\/women-coats-jackets-rendez-vous-store\/whiteread-almoner-channel-hem-jacket-salt-rendez-vous-store\/#breadcrumb\"},\"inLanguage\":\"fr-FR\",\"potentialAction\":[{\"@type\":\"ReadAction\",\"target\":[\"https:\/\/rendez-vous-store.com\/shop\/women\/women-coats-jackets-rendez-vous-store\/whiteread-almoner-channel-hem-jacket-salt-rendez-vous-store\/\"]}]},{\"@type\":\"ImageObject\",\"inLanguage\":\"fr-FR\",\"@id\":\"https:\/\/rendez-vous-store.com\/shop\/women\/women-coats-jackets-rendez-vous-store\/whiteread-almoner-channel-hem-jacket-salt-rendez-vous-store\/#primaryimage\",\"url\":\"https:\/\/rendez-vous-store.com\/app\/uploads\/2025\/04\/com.apple_.Foundation.NSItemProvider.ZdeE2x-2.webp\",\"contentUrl\":\"https:\/\/rendez-vous-store.com\/app\/uploads\/2025\/04\/com.apple_.Foundation.NSItemProvider.ZdeE2x-2.webp\",\"width\":1696,\"height\":2560},{\"@type\":\"BreadcrumbList\",\"@id\":\"https:\/\/rendez-vous-store.com\/shop\/women\/women-coats-jackets-rendez-vous-store\/whiteread-almoner-channel-hem-jacket-salt-rendez-vous-store\/#breadcrumb\",\"itemListElement\":[{\"@type\":\"ListItem\",\"position\":1,\"name\":\"Home\",\"item\":\"https:\/\/rendez-vous-store.com\/\"},{\"@type\":\"ListItem\",\"position\":2,\"name\":\"Shop\",\"item\":\"https:\/\/www.rendez-vous-store.com\/shop\/\"},{\"@type\":\"ListItem\",\"position\":3,\"name\":\"Whiteread &#8211; ALMONER CHANNEL HEM JACKET &#8211; ROSE\"}]},{\"@type\":\"WebSite\",\"@id\":\"https:\/\/rendez-vous-store.com\/#website\",\"url\":\"https:\/\/rendez-vous-store.com\/\",\"name\":\"RENDEZ-VOUS STORE\",\"description\":\"Slow Fashion for Women and Men\",\"potentialAction\":[{\"@type\":\"SearchAction\",\"target\":{\"@type\":\"EntryPoint\",\"urlTemplate\":\"https:\/\/rendez-vous-store.com\/?s={search_term_string}\"},\"query-input\":{\"@type\":\"PropertyValueSpecification\",\"valueRequired\":true,\"valueName\":\"search_term_string\"}}],\"inLanguage\":\"fr-FR\"}]}<\/script>\n<!-- \/ Yoast SEO plugin. -->","yoast_head_json":{"title":"Whiteread ALMONER CHANNEL HEM JACKET ROSE","description":"This Whiteread ALMONER CHANNEL HEM JACKET ROSE is made of vintage, recycled and deadstock fabrics with sustainably sourced new materials.","robots":{"index":"index","follow":"follow","max-snippet":"max-snippet:-1","max-image-preview":"max-image-preview:large","max-video-preview":"max-video-preview:-1"},"canonical":"https:\/\/rendez-vous-store.com\/fr\/shop\/women\/women-coats-jackets-rendez-vous-store\/whiteread-almoner-channel-hem-jacket-salt-rendez-vous-store\/","og_locale":"fr_FR","og_type":"article","og_title":"Whiteread ALMONER CHANNEL HEM JACKET ROSE","og_description":"This Whiteread ALMONER CHANNEL HEM JACKET ROSE is made of vintage, recycled and deadstock fabrics with sustainably sourced new materials.","og_url":"https:\/\/rendez-vous-store.com\/fr\/shop\/women\/women-coats-jackets-rendez-vous-store\/whiteread-almoner-channel-hem-jacket-salt-rendez-vous-store\/","og_site_name":"RENDEZ-VOUS STORE","article_modified_time":"2026-04-24T14:07:04+00:00","og_image":[{"width":1696,"height":2560,"url":"https:\/\/rendez-vous-store.com\/wp-content\/uploads\/2025\/04\/com.apple_.Foundation.NSItemProvider.ZdeE2x-2.webp","type":"image\/webp"}],"twitter_card":"summary_large_image","twitter_misc":{"Est. reading time":"1 minute"},"schema":{"@context":"https:\/\/schema.org","@graph":[{"@type":"WebPage","@id":"https:\/\/rendez-vous-store.com\/shop\/women\/women-coats-jackets-rendez-vous-store\/whiteread-almoner-channel-hem-jacket-salt-rendez-vous-store\/","url":"https:\/\/rendez-vous-store.com\/shop\/women\/women-coats-jackets-rendez-vous-store\/whiteread-almoner-channel-hem-jacket-salt-rendez-vous-store\/","name":"Whiteread ALMONER CHANNEL HEM JACKET ROSE","isPartOf":{"@id":"https:\/\/rendez-vous-store.com\/#website"},"primaryImageOfPage":{"@id":"https:\/\/rendez-vous-store.com\/shop\/women\/women-coats-jackets-rendez-vous-store\/whiteread-almoner-channel-hem-jacket-salt-rendez-vous-store\/#primaryimage"},"image":{"@id":"https:\/\/rendez-vous-store.com\/shop\/women\/women-coats-jackets-rendez-vous-store\/whiteread-almoner-channel-hem-jacket-salt-rendez-vous-store\/#primaryimage"},"thumbnailUrl":"https:\/\/rendez-vous-store.com\/app\/uploads\/2025\/04\/com.apple_.Foundation.NSItemProvider.ZdeE2x-2.webp","datePublished":"2025-04-15T14:15:04+00:00","dateModified":"2026-04-24T14:07:04+00:00","description":"This Whiteread ALMONER CHANNEL HEM JACKET ROSE is made of vintage, recycled and deadstock fabrics with sustainably sourced new materials.","breadcrumb":{"@id":"https:\/\/rendez-vous-store.com\/shop\/women\/women-coats-jackets-rendez-vous-store\/whiteread-almoner-channel-hem-jacket-salt-rendez-vous-store\/#breadcrumb"},"inLanguage":"fr-FR","potentialAction":[{"@type":"ReadAction","target":["https:\/\/rendez-vous-store.com\/shop\/women\/women-coats-jackets-rendez-vous-store\/whiteread-almoner-channel-hem-jacket-salt-rendez-vous-store\/"]}]},{"@type":"ImageObject","inLanguage":"fr-FR","@id":"https:\/\/rendez-vous-store.com\/shop\/women\/women-coats-jackets-rendez-vous-store\/whiteread-almoner-channel-hem-jacket-salt-rendez-vous-store\/#primaryimage","url":"https:\/\/rendez-vous-store.com\/app\/uploads\/2025\/04\/com.apple_.Foundation.NSItemProvider.ZdeE2x-2.webp","contentUrl":"https:\/\/rendez-vous-store.com\/app\/uploads\/2025\/04\/com.apple_.Foundation.NSItemProvider.ZdeE2x-2.webp","width":1696,"height":2560},{"@type":"BreadcrumbList","@id":"https:\/\/rendez-vous-store.com\/shop\/women\/women-coats-jackets-rendez-vous-store\/whiteread-almoner-channel-hem-jacket-salt-rendez-vous-store\/#breadcrumb","itemListElement":[{"@type":"ListItem","position":1,"name":"Home","item":"https:\/\/rendez-vous-store.com\/"},{"@type":"ListItem","position":2,"name":"Shop","item":"https:\/\/www.rendez-vous-store.com\/shop\/"},{"@type":"ListItem","position":3,"name":"Whiteread &#8211; ALMONER CHANNEL HEM JACKET &#8211; ROSE"}]},{"@type":"WebSite","@id":"https:\/\/rendez-vous-store.com\/#website","url":"https:\/\/rendez-vous-store.com\/","name":"RENDEZ-VOUS STORE","description":"Slow Fashion for Women and Men","potentialAction":[{"@type":"SearchAction","target":{"@type":"EntryPoint","urlTemplate":"https:\/\/rendez-vous-store.com\/?s={search_term_string}"},"query-input":{"@type":"PropertyValueSpecification","valueRequired":true,"valueName":"search_term_string"}}],"inLanguage":"fr-FR"}]}},"_links":{"self":[{"href":"https:\/\/rendez-vous-store.com\/fr\/wp-json\/wp\/v2\/product\/202492","targetHints":{"allow":["GET"]}}],"collection":[{"href":"https:\/\/rendez-vous-store.com\/fr\/wp-json\/wp\/v2\/product"}],"about":[{"href":"https:\/\/rendez-vous-store.com\/fr\/wp-json\/wp\/v2\/types\/product"}],"wp:featuredmedia":[{"embeddable":true,"href":"https:\/\/rendez-vous-store.com\/fr\/wp-json\/wp\/v2\/media\/203897"}],"wp:attachment":[{"href":"https:\/\/rendez-vous-store.com\/fr\/wp-json\/wp\/v2\/media?parent=202492"}],"wp:term":[{"taxonomy":"product_brand","embeddable":true,"href":"https:\/\/rendez-vous-store.com\/fr\/wp-json\/wp\/v2\/product_brand?post=202492"},{"taxonomy":"product_cat","embeddable":true,"href":"https:\/\/rendez-vous-store.com\/fr\/wp-json\/wp\/v2\/product_cat?post=202492"},{"taxonomy":"product_tag","embeddable":true,"href":"https:\/\/rendez-vous-store.com\/fr\/wp-json\/wp\/v2\/product_tag?post=202492"}],"curies":[{"name":"wp","href":"https:\/\/api.w.org\/{rel}","templated":true}]}}