{"id":202457,"date":"2025-04-15T16:14:25","date_gmt":"2025-04-15T14:14:25","guid":{"rendered":"https:\/\/rendez-vous-store.com\/?post_type=product&#038;p=202457"},"modified":"2026-03-16T19:07:47","modified_gmt":"2026-03-16T18:07:47","slug":"whiteread-arc-gathered-tie-top-salt-rendez-vous-store","status":"publish","type":"product","link":"https:\/\/rendez-vous-store.com\/fr\/shop\/special-offer-women-rendez-vous-store\/women-t-shirt-special-offer\/whiteread-arc-gathered-tie-top-salt-rendez-vous-store\/","title":{"rendered":"Whiteread - ARC GATHERED TIE TOP WR062-EC - SALT"},"content":{"rendered":"<p><strong>Whiteread ARC GATHERED TIE TOP WR062-EC SALT<\/strong><\/p>\n<p>Couleur : blanc<\/p>\n<p>Manches larges et longues<\/p>\n<p>Ourlet incurv\u00e9<\/p>\n<p>Poignets et encolure fronc\u00e9s<\/p>\n<p>Encolure ronde<\/p>\n<p>Composition : 97% Coton, 3% Elasthanne<\/p>\n<p>Fabriqu\u00e9 en Angleterre<\/p>\n<p>&nbsp;<\/p>\n<p>&nbsp;<\/p>\n<p>&nbsp;<\/p>\n<p>&nbsp;<\/p>\n<p><strong>La marque<\/strong><\/p>\n<p>Whiteread est une marque de mode ind\u00e9pendante et sans saison fond\u00e9e par Mitz et Isabella. La collection est fabriqu\u00e9e \u00e0 partir de tissus vintage, recycl\u00e9s et \u00e9puis\u00e9s, et de nouveaux mat\u00e9riaux provenant de sources durables.<\/p>\n<p>Les articles sont fabriqu\u00e9s \u00e0 la main en Angleterre et en \u00c9cosse par une petite \u00e9quipe et chaque pi\u00e8ce est unique.<\/p>","protected":false},"excerpt":{"rendered":"<p>Whiteread ARC GATHERED TIE TOP WR062-EC SALT Color: White Wide and long sleeves Curved hem Gathered cuffs and neckline Round neckline Composition : 97% Cotton, 3% Elastane Made in England &nbsp; &nbsp; &nbsp; &nbsp; The brand Whiteread is an independent and seasonless fashion label founded by Mitz and Isabella. The collection is made of vintage,&hellip; <a class=\"more-link\" href=\"https:\/\/rendez-vous-store.com\/fr\/shop\/special-offer-women-rendez-vous-store\/women-t-shirt-special-offer\/whiteread-arc-gathered-tie-top-salt-rendez-vous-store\/\">Continuer la lecture <span class=\"screen-reader-text\">Whiteread - ARC GATHERED TIE TOP WR062-EC - SALT<\/span><\/a><\/p>","protected":false},"featured_media":203871,"template":"","meta":{"_acf_changed":false},"product_brand":[],"product_cat":[1232,1335,1340,17,1062,384],"product_tag":[1257],"class_list":{"0":"post-202457","1":"product","2":"type-product","3":"status-publish","4":"has-post-thumbnail","6":"product_cat-sale-40","7":"product_cat-special-offer-women-rendez-vous-store","8":"product_cat-women-t-shirt-special-offer","9":"product_cat-women","10":"product_cat-new-women-selection-rendez-vous-store","11":"product_cat-top-discover-our-selection-rendez-vous-store","12":"product_tag-whiteread-rendez-vous-store","13":"entry","15":"first","16":"outofstock","17":"taxable","18":"shipping-taxable","19":"product-type-variable"},"acf":[],"yoast_head":"<!-- This site is optimized with the Yoast SEO plugin v24.9 - https:\/\/yoast.com\/wordpress\/plugins\/seo\/ -->\n<title>Whiteread ARC GATHERED TIE TOP WR062-EC SALT<\/title>\n<meta name=\"description\" content=\"This Whiteread ARC GATHERED TIE TOP WR062-EC SALT is made of vintage, recycled and deadstock fabrics with sustainably sourced new materials.\" \/>\n<meta name=\"robots\" content=\"index, follow, max-snippet:-1, max-image-preview:large, max-video-preview:-1\" \/>\n<link rel=\"canonical\" href=\"https:\/\/rendez-vous-store.com\/fr\/shop\/special-offer-women-rendez-vous-store\/women-t-shirt-special-offer\/whiteread-arc-gathered-tie-top-salt-rendez-vous-store\/\" \/>\n<meta property=\"og:locale\" content=\"fr_FR\" \/>\n<meta property=\"og:type\" content=\"article\" \/>\n<meta property=\"og:title\" content=\"Whiteread ARC GATHERED TIE TOP WR062-EC SALT\" \/>\n<meta property=\"og:description\" content=\"This Whiteread ARC GATHERED TIE TOP WR062-EC SALT is made of vintage, recycled and deadstock fabrics with sustainably sourced new materials.\" \/>\n<meta property=\"og:url\" content=\"https:\/\/rendez-vous-store.com\/fr\/shop\/special-offer-women-rendez-vous-store\/women-t-shirt-special-offer\/whiteread-arc-gathered-tie-top-salt-rendez-vous-store\/\" \/>\n<meta property=\"og:site_name\" content=\"RENDEZ-VOUS STORE\" \/>\n<meta property=\"article:modified_time\" content=\"2026-03-16T18:07:47+00:00\" \/>\n<meta property=\"og:image\" content=\"https:\/\/rendez-vous-store.com\/app\/uploads\/2025\/04\/com.apple_.Foundation.NSItemProvider.MXwgZY.webp\" \/>\n\t<meta property=\"og:image:width\" content=\"1696\" \/>\n\t<meta property=\"og:image:height\" content=\"2560\" \/>\n\t<meta property=\"og:image:type\" content=\"image\/webp\" \/>\n<meta name=\"twitter:card\" content=\"summary_large_image\" \/>\n<meta name=\"twitter:label1\" content=\"Est. reading time\" \/>\n\t<meta name=\"twitter:data1\" content=\"1 minute\" \/>\n<script type=\"application\/ld+json\" class=\"yoast-schema-graph\">{\"@context\":\"https:\/\/schema.org\",\"@graph\":[{\"@type\":\"WebPage\",\"@id\":\"https:\/\/rendez-vous-store.com\/shop\/special-offer-women-rendez-vous-store\/women-t-shirt-special-offer\/whiteread-arc-gathered-tie-top-salt-rendez-vous-store\/\",\"url\":\"https:\/\/rendez-vous-store.com\/shop\/special-offer-women-rendez-vous-store\/women-t-shirt-special-offer\/whiteread-arc-gathered-tie-top-salt-rendez-vous-store\/\",\"name\":\"Whiteread ARC GATHERED TIE TOP WR062-EC SALT\",\"isPartOf\":{\"@id\":\"https:\/\/rendez-vous-store.com\/#website\"},\"primaryImageOfPage\":{\"@id\":\"https:\/\/rendez-vous-store.com\/shop\/special-offer-women-rendez-vous-store\/women-t-shirt-special-offer\/whiteread-arc-gathered-tie-top-salt-rendez-vous-store\/#primaryimage\"},\"image\":{\"@id\":\"https:\/\/rendez-vous-store.com\/shop\/special-offer-women-rendez-vous-store\/women-t-shirt-special-offer\/whiteread-arc-gathered-tie-top-salt-rendez-vous-store\/#primaryimage\"},\"thumbnailUrl\":\"https:\/\/rendez-vous-store.com\/app\/uploads\/2025\/04\/com.apple_.Foundation.NSItemProvider.MXwgZY.webp\",\"datePublished\":\"2025-04-15T14:14:25+00:00\",\"dateModified\":\"2026-03-16T18:07:47+00:00\",\"description\":\"This Whiteread ARC GATHERED TIE TOP WR062-EC SALT is made of vintage, recycled and deadstock fabrics with sustainably sourced new materials.\",\"breadcrumb\":{\"@id\":\"https:\/\/rendez-vous-store.com\/shop\/special-offer-women-rendez-vous-store\/women-t-shirt-special-offer\/whiteread-arc-gathered-tie-top-salt-rendez-vous-store\/#breadcrumb\"},\"inLanguage\":\"fr-FR\",\"potentialAction\":[{\"@type\":\"ReadAction\",\"target\":[\"https:\/\/rendez-vous-store.com\/shop\/special-offer-women-rendez-vous-store\/women-t-shirt-special-offer\/whiteread-arc-gathered-tie-top-salt-rendez-vous-store\/\"]}]},{\"@type\":\"ImageObject\",\"inLanguage\":\"fr-FR\",\"@id\":\"https:\/\/rendez-vous-store.com\/shop\/special-offer-women-rendez-vous-store\/women-t-shirt-special-offer\/whiteread-arc-gathered-tie-top-salt-rendez-vous-store\/#primaryimage\",\"url\":\"https:\/\/rendez-vous-store.com\/app\/uploads\/2025\/04\/com.apple_.Foundation.NSItemProvider.MXwgZY.webp\",\"contentUrl\":\"https:\/\/rendez-vous-store.com\/app\/uploads\/2025\/04\/com.apple_.Foundation.NSItemProvider.MXwgZY.webp\",\"width\":1696,\"height\":2560},{\"@type\":\"BreadcrumbList\",\"@id\":\"https:\/\/rendez-vous-store.com\/shop\/special-offer-women-rendez-vous-store\/women-t-shirt-special-offer\/whiteread-arc-gathered-tie-top-salt-rendez-vous-store\/#breadcrumb\",\"itemListElement\":[{\"@type\":\"ListItem\",\"position\":1,\"name\":\"Home\",\"item\":\"https:\/\/rendez-vous-store.com\/\"},{\"@type\":\"ListItem\",\"position\":2,\"name\":\"Shop\",\"item\":\"https:\/\/www.rendez-vous-store.com\/shop\/\"},{\"@type\":\"ListItem\",\"position\":3,\"name\":\"Whiteread &#8211; ARC GATHERED TIE TOP WR062-EC &#8211; SALT\"}]},{\"@type\":\"WebSite\",\"@id\":\"https:\/\/rendez-vous-store.com\/#website\",\"url\":\"https:\/\/rendez-vous-store.com\/\",\"name\":\"RENDEZ-VOUS STORE\",\"description\":\"Slow Fashion for Women and Men\",\"potentialAction\":[{\"@type\":\"SearchAction\",\"target\":{\"@type\":\"EntryPoint\",\"urlTemplate\":\"https:\/\/rendez-vous-store.com\/?s={search_term_string}\"},\"query-input\":{\"@type\":\"PropertyValueSpecification\",\"valueRequired\":true,\"valueName\":\"search_term_string\"}}],\"inLanguage\":\"fr-FR\"}]}<\/script>\n<!-- \/ Yoast SEO plugin. -->","yoast_head_json":{"title":"Whiteread ARC GATHERED TIE TOP WR062-EC SALT","description":"This Whiteread ARC GATHERED TIE TOP WR062-EC SALT is made of vintage, recycled and deadstock fabrics with sustainably sourced new materials.","robots":{"index":"index","follow":"follow","max-snippet":"max-snippet:-1","max-image-preview":"max-image-preview:large","max-video-preview":"max-video-preview:-1"},"canonical":"https:\/\/rendez-vous-store.com\/fr\/shop\/special-offer-women-rendez-vous-store\/women-t-shirt-special-offer\/whiteread-arc-gathered-tie-top-salt-rendez-vous-store\/","og_locale":"fr_FR","og_type":"article","og_title":"Whiteread ARC GATHERED TIE TOP WR062-EC SALT","og_description":"This Whiteread ARC GATHERED TIE TOP WR062-EC SALT is made of vintage, recycled and deadstock fabrics with sustainably sourced new materials.","og_url":"https:\/\/rendez-vous-store.com\/fr\/shop\/special-offer-women-rendez-vous-store\/women-t-shirt-special-offer\/whiteread-arc-gathered-tie-top-salt-rendez-vous-store\/","og_site_name":"RENDEZ-VOUS STORE","article_modified_time":"2026-03-16T18:07:47+00:00","og_image":[{"width":1696,"height":2560,"url":"https:\/\/rendez-vous-store.com\/app\/uploads\/2025\/04\/com.apple_.Foundation.NSItemProvider.MXwgZY.webp","type":"image\/webp"}],"twitter_card":"summary_large_image","twitter_misc":{"Est. reading time":"1 minute"},"schema":{"@context":"https:\/\/schema.org","@graph":[{"@type":"WebPage","@id":"https:\/\/rendez-vous-store.com\/shop\/special-offer-women-rendez-vous-store\/women-t-shirt-special-offer\/whiteread-arc-gathered-tie-top-salt-rendez-vous-store\/","url":"https:\/\/rendez-vous-store.com\/shop\/special-offer-women-rendez-vous-store\/women-t-shirt-special-offer\/whiteread-arc-gathered-tie-top-salt-rendez-vous-store\/","name":"Whiteread ARC GATHERED TIE TOP WR062-EC SALT","isPartOf":{"@id":"https:\/\/rendez-vous-store.com\/#website"},"primaryImageOfPage":{"@id":"https:\/\/rendez-vous-store.com\/shop\/special-offer-women-rendez-vous-store\/women-t-shirt-special-offer\/whiteread-arc-gathered-tie-top-salt-rendez-vous-store\/#primaryimage"},"image":{"@id":"https:\/\/rendez-vous-store.com\/shop\/special-offer-women-rendez-vous-store\/women-t-shirt-special-offer\/whiteread-arc-gathered-tie-top-salt-rendez-vous-store\/#primaryimage"},"thumbnailUrl":"https:\/\/rendez-vous-store.com\/app\/uploads\/2025\/04\/com.apple_.Foundation.NSItemProvider.MXwgZY.webp","datePublished":"2025-04-15T14:14:25+00:00","dateModified":"2026-03-16T18:07:47+00:00","description":"This Whiteread ARC GATHERED TIE TOP WR062-EC SALT is made of vintage, recycled and deadstock fabrics with sustainably sourced new materials.","breadcrumb":{"@id":"https:\/\/rendez-vous-store.com\/shop\/special-offer-women-rendez-vous-store\/women-t-shirt-special-offer\/whiteread-arc-gathered-tie-top-salt-rendez-vous-store\/#breadcrumb"},"inLanguage":"fr-FR","potentialAction":[{"@type":"ReadAction","target":["https:\/\/rendez-vous-store.com\/shop\/special-offer-women-rendez-vous-store\/women-t-shirt-special-offer\/whiteread-arc-gathered-tie-top-salt-rendez-vous-store\/"]}]},{"@type":"ImageObject","inLanguage":"fr-FR","@id":"https:\/\/rendez-vous-store.com\/shop\/special-offer-women-rendez-vous-store\/women-t-shirt-special-offer\/whiteread-arc-gathered-tie-top-salt-rendez-vous-store\/#primaryimage","url":"https:\/\/rendez-vous-store.com\/app\/uploads\/2025\/04\/com.apple_.Foundation.NSItemProvider.MXwgZY.webp","contentUrl":"https:\/\/rendez-vous-store.com\/app\/uploads\/2025\/04\/com.apple_.Foundation.NSItemProvider.MXwgZY.webp","width":1696,"height":2560},{"@type":"BreadcrumbList","@id":"https:\/\/rendez-vous-store.com\/shop\/special-offer-women-rendez-vous-store\/women-t-shirt-special-offer\/whiteread-arc-gathered-tie-top-salt-rendez-vous-store\/#breadcrumb","itemListElement":[{"@type":"ListItem","position":1,"name":"Home","item":"https:\/\/rendez-vous-store.com\/"},{"@type":"ListItem","position":2,"name":"Shop","item":"https:\/\/www.rendez-vous-store.com\/shop\/"},{"@type":"ListItem","position":3,"name":"Whiteread &#8211; ARC GATHERED TIE TOP WR062-EC &#8211; SALT"}]},{"@type":"WebSite","@id":"https:\/\/rendez-vous-store.com\/#website","url":"https:\/\/rendez-vous-store.com\/","name":"RENDEZ-VOUS STORE","description":"Slow Fashion for Women and Men","potentialAction":[{"@type":"SearchAction","target":{"@type":"EntryPoint","urlTemplate":"https:\/\/rendez-vous-store.com\/?s={search_term_string}"},"query-input":{"@type":"PropertyValueSpecification","valueRequired":true,"valueName":"search_term_string"}}],"inLanguage":"fr-FR"}]}},"_links":{"self":[{"href":"https:\/\/rendez-vous-store.com\/fr\/wp-json\/wp\/v2\/product\/202457","targetHints":{"allow":["GET"]}}],"collection":[{"href":"https:\/\/rendez-vous-store.com\/fr\/wp-json\/wp\/v2\/product"}],"about":[{"href":"https:\/\/rendez-vous-store.com\/fr\/wp-json\/wp\/v2\/types\/product"}],"wp:featuredmedia":[{"embeddable":true,"href":"https:\/\/rendez-vous-store.com\/fr\/wp-json\/wp\/v2\/media\/203871"}],"wp:attachment":[{"href":"https:\/\/rendez-vous-store.com\/fr\/wp-json\/wp\/v2\/media?parent=202457"}],"wp:term":[{"taxonomy":"product_brand","embeddable":true,"href":"https:\/\/rendez-vous-store.com\/fr\/wp-json\/wp\/v2\/product_brand?post=202457"},{"taxonomy":"product_cat","embeddable":true,"href":"https:\/\/rendez-vous-store.com\/fr\/wp-json\/wp\/v2\/product_cat?post=202457"},{"taxonomy":"product_tag","embeddable":true,"href":"https:\/\/rendez-vous-store.com\/fr\/wp-json\/wp\/v2\/product_tag?post=202457"}],"curies":[{"name":"wp","href":"https:\/\/api.w.org\/{rel}","templated":true}]}}