{"id":202325,"date":"2025-04-11T16:47:05","date_gmt":"2025-04-11T14:47:05","guid":{"rendered":"https:\/\/rendez-vous-store.com\/?post_type=product&#038;p=202325"},"modified":"2026-03-16T19:07:39","modified_gmt":"2026-03-16T18:07:39","slug":"keen-uneek-wk-black-black-rendez-vous-store","status":"publish","type":"product","link":"https:\/\/rendez-vous-store.com\/fr\/shop\/special-offer-women-rendez-vous-store\/women-shoes-special-offer\/keen-uneek-wk-black-black-rendez-vous-store\/","title":{"rendered":"Keen - UNEEK WK - NOIR\/NOIR"},"content":{"rendered":"<p><strong>Keen UNEEK WK NOIR\/NOIR<\/strong><\/p>\n<p>Couleur : NOIR\/NOIR<\/p>\n<p>Haut : Cordon<\/p>\n<p>Mod\u00e8le tress\u00e9<\/p>\n<p>Semelle int\u00e9rieure amovible<\/p>\n<p>Composition : Doublure : Textile<\/p>\n<p>Semelle synth\u00e9tique<\/p>\n<p>Bout rond<\/p>\n<p>Fabriqu\u00e9 au Cambodge<\/p>\n<p>US SIZING<\/p>\n<p>&nbsp;<\/p>\n<p><strong>La marque :\u00a0<\/strong><\/p>\n<p class=\"p1\">Fond\u00e9e \u00e0 Portland en 2003 et r\u00e9put\u00e9e pour son approche durable, la marque Keen r\u00e9volutionne le march\u00e9 de la sandale outdoor. La sandale Uneek fait partie des meilleures sandales d'exploration, avec sa construction innovante \u00e0 deux cordons qui vous offre libert\u00e9 de mouvement, s\u00e9curit\u00e9 et maintien. Compl\u00e9t\u00e9es par une semelle interm\u00e9diaire l\u00e9g\u00e8re et une semelle ext\u00e9rieure en caoutchouc adh\u00e9rent, ces sandales Keen UNEEK noires allient style et fonctionnalit\u00e9.<\/p>","protected":false},"excerpt":{"rendered":"<p>Keen UNEEK WK BLACK\/BLACK Color: BLACK\/BLACK Upper: Cord Braided design Removable insole Composition: Lining: Textile Synthetic sole Round toe Made in Cambodia US SIZING &nbsp; The Brand:\u00a0 Founded in Portland in 2003 and renowned for its sustainable approach, the Keen brand is revolutionizing the outdoor sandal market. The Uneek sandal is up there with the&hellip; <a class=\"more-link\" href=\"https:\/\/rendez-vous-store.com\/fr\/shop\/special-offer-women-rendez-vous-store\/women-shoes-special-offer\/keen-uneek-wk-black-black-rendez-vous-store\/\">Continue reading <span class=\"screen-reader-text\">Keen - UNEEK WK - NOIR\/NOIR<\/span><\/a><\/p>","protected":false},"featured_media":203411,"template":"","meta":{"_acf_changed":false},"product_brand":[],"product_cat":[1232,1062,1344,293,1335,17],"product_tag":[1258],"class_list":{"0":"post-202325","1":"product","2":"type-product","3":"status-publish","4":"has-post-thumbnail","6":"product_cat-sale-40","7":"product_cat-new-women-selection-rendez-vous-store","8":"product_cat-women-shoes-special-offer","9":"product_cat-women-shoes-heels-discover-our-selection-rendez-vous-store","10":"product_cat-special-offer-women-rendez-vous-store","11":"product_cat-women","12":"product_tag-keen","13":"entry","15":"first","16":"outofstock","17":"taxable","18":"shipping-taxable","19":"product-type-variable","20":"has-default-attributes"},"acf":[],"yoast_head":"<!-- This site is optimized with the Yoast SEO plugin v24.9 - https:\/\/yoast.com\/wordpress\/plugins\/seo\/ -->\n<title>Keen - UNEEK WK BLACK\/BLACK<\/title>\n<meta name=\"description\" content=\"Keen UNEEK WK BLACK\/BLACK is up there with the best explorer sandals, with its innovative two-string construction that gives you freedom of movement.\" \/>\n<meta name=\"robots\" content=\"index, follow, max-snippet:-1, max-image-preview:large, max-video-preview:-1\" \/>\n<link rel=\"canonical\" href=\"https:\/\/rendez-vous-store.com\/fr\/shop\/special-offer-women-rendez-vous-store\/women-shoes-special-offer\/keen-uneek-wk-black-black-rendez-vous-store\/\" \/>\n<meta property=\"og:locale\" content=\"fr_FR\" \/>\n<meta property=\"og:type\" content=\"article\" \/>\n<meta property=\"og:title\" content=\"Keen - UNEEK WK BLACK\/BLACK\" \/>\n<meta property=\"og:description\" content=\"Keen UNEEK WK BLACK\/BLACK is up there with the best explorer sandals, with its innovative two-string construction that gives you freedom of movement.\" \/>\n<meta property=\"og:url\" content=\"https:\/\/rendez-vous-store.com\/fr\/shop\/special-offer-women-rendez-vous-store\/women-shoes-special-offer\/keen-uneek-wk-black-black-rendez-vous-store\/\" \/>\n<meta property=\"og:site_name\" content=\"RENDEZ-VOUS STORE\" \/>\n<meta property=\"article:modified_time\" content=\"2026-03-16T18:07:39+00:00\" \/>\n<meta property=\"og:image\" content=\"https:\/\/rendez-vous-store.com\/app\/uploads\/2025\/04\/rdv_keen_07-scaled.webp\" \/>\n\t<meta property=\"og:image:width\" content=\"1696\" \/>\n\t<meta property=\"og:image:height\" content=\"2560\" \/>\n\t<meta property=\"og:image:type\" content=\"image\/webp\" \/>\n<meta name=\"twitter:card\" content=\"summary_large_image\" \/>\n<meta name=\"twitter:label1\" content=\"Est. reading time\" \/>\n\t<meta name=\"twitter:data1\" content=\"1 minute\" \/>\n<script type=\"application\/ld+json\" class=\"yoast-schema-graph\">{\"@context\":\"https:\/\/schema.org\",\"@graph\":[{\"@type\":\"WebPage\",\"@id\":\"https:\/\/rendez-vous-store.com\/shop\/special-offer-women-rendez-vous-store\/women-shoes-special-offer\/keen-uneek-wk-black-black-rendez-vous-store\/\",\"url\":\"https:\/\/rendez-vous-store.com\/shop\/special-offer-women-rendez-vous-store\/women-shoes-special-offer\/keen-uneek-wk-black-black-rendez-vous-store\/\",\"name\":\"Keen - UNEEK WK BLACK\/BLACK\",\"isPartOf\":{\"@id\":\"https:\/\/rendez-vous-store.com\/#website\"},\"primaryImageOfPage\":{\"@id\":\"https:\/\/rendez-vous-store.com\/shop\/special-offer-women-rendez-vous-store\/women-shoes-special-offer\/keen-uneek-wk-black-black-rendez-vous-store\/#primaryimage\"},\"image\":{\"@id\":\"https:\/\/rendez-vous-store.com\/shop\/special-offer-women-rendez-vous-store\/women-shoes-special-offer\/keen-uneek-wk-black-black-rendez-vous-store\/#primaryimage\"},\"thumbnailUrl\":\"https:\/\/rendez-vous-store.com\/app\/uploads\/2025\/04\/rdv_keen_07-scaled.webp\",\"datePublished\":\"2025-04-11T14:47:05+00:00\",\"dateModified\":\"2026-03-16T18:07:39+00:00\",\"description\":\"Keen UNEEK WK BLACK\/BLACK is up there with the best explorer sandals, with its innovative two-string construction that gives you freedom of movement.\",\"breadcrumb\":{\"@id\":\"https:\/\/rendez-vous-store.com\/shop\/special-offer-women-rendez-vous-store\/women-shoes-special-offer\/keen-uneek-wk-black-black-rendez-vous-store\/#breadcrumb\"},\"inLanguage\":\"fr-FR\",\"potentialAction\":[{\"@type\":\"ReadAction\",\"target\":[\"https:\/\/rendez-vous-store.com\/shop\/special-offer-women-rendez-vous-store\/women-shoes-special-offer\/keen-uneek-wk-black-black-rendez-vous-store\/\"]}]},{\"@type\":\"ImageObject\",\"inLanguage\":\"fr-FR\",\"@id\":\"https:\/\/rendez-vous-store.com\/shop\/special-offer-women-rendez-vous-store\/women-shoes-special-offer\/keen-uneek-wk-black-black-rendez-vous-store\/#primaryimage\",\"url\":\"https:\/\/rendez-vous-store.com\/app\/uploads\/2025\/04\/rdv_keen_07-scaled.webp\",\"contentUrl\":\"https:\/\/rendez-vous-store.com\/app\/uploads\/2025\/04\/rdv_keen_07-scaled.webp\",\"width\":1696,\"height\":2560,\"caption\":\"Keen - UNEEK WK - BLACK\/BLACK\"},{\"@type\":\"BreadcrumbList\",\"@id\":\"https:\/\/rendez-vous-store.com\/shop\/special-offer-women-rendez-vous-store\/women-shoes-special-offer\/keen-uneek-wk-black-black-rendez-vous-store\/#breadcrumb\",\"itemListElement\":[{\"@type\":\"ListItem\",\"position\":1,\"name\":\"Home\",\"item\":\"https:\/\/rendez-vous-store.com\/\"},{\"@type\":\"ListItem\",\"position\":2,\"name\":\"Shop\",\"item\":\"https:\/\/www.rendez-vous-store.com\/shop\/\"},{\"@type\":\"ListItem\",\"position\":3,\"name\":\"Keen &#8211; UNEEK WK &#8211; BLACK\/BLACK\"}]},{\"@type\":\"WebSite\",\"@id\":\"https:\/\/rendez-vous-store.com\/#website\",\"url\":\"https:\/\/rendez-vous-store.com\/\",\"name\":\"RENDEZ-VOUS STORE\",\"description\":\"Slow Fashion for Women and Men\",\"potentialAction\":[{\"@type\":\"SearchAction\",\"target\":{\"@type\":\"EntryPoint\",\"urlTemplate\":\"https:\/\/rendez-vous-store.com\/?s={search_term_string}\"},\"query-input\":{\"@type\":\"PropertyValueSpecification\",\"valueRequired\":true,\"valueName\":\"search_term_string\"}}],\"inLanguage\":\"fr-FR\"}]}<\/script>\n<!-- \/ Yoast SEO plugin. -->","yoast_head_json":{"title":"Keen - UNEEK WK BLACK\/BLACK","description":"Keen UNEEK WK BLACK\/BLACK is up there with the best explorer sandals, with its innovative two-string construction that gives you freedom of movement.","robots":{"index":"index","follow":"follow","max-snippet":"max-snippet:-1","max-image-preview":"max-image-preview:large","max-video-preview":"max-video-preview:-1"},"canonical":"https:\/\/rendez-vous-store.com\/fr\/shop\/special-offer-women-rendez-vous-store\/women-shoes-special-offer\/keen-uneek-wk-black-black-rendez-vous-store\/","og_locale":"fr_FR","og_type":"article","og_title":"Keen - UNEEK WK BLACK\/BLACK","og_description":"Keen UNEEK WK BLACK\/BLACK is up there with the best explorer sandals, with its innovative two-string construction that gives you freedom of movement.","og_url":"https:\/\/rendez-vous-store.com\/fr\/shop\/special-offer-women-rendez-vous-store\/women-shoes-special-offer\/keen-uneek-wk-black-black-rendez-vous-store\/","og_site_name":"RENDEZ-VOUS STORE","article_modified_time":"2026-03-16T18:07:39+00:00","og_image":[{"width":1696,"height":2560,"url":"https:\/\/rendez-vous-store.com\/app\/uploads\/2025\/04\/rdv_keen_07-scaled.webp","type":"image\/webp"}],"twitter_card":"summary_large_image","twitter_misc":{"Est. reading time":"1 minute"},"schema":{"@context":"https:\/\/schema.org","@graph":[{"@type":"WebPage","@id":"https:\/\/rendez-vous-store.com\/shop\/special-offer-women-rendez-vous-store\/women-shoes-special-offer\/keen-uneek-wk-black-black-rendez-vous-store\/","url":"https:\/\/rendez-vous-store.com\/shop\/special-offer-women-rendez-vous-store\/women-shoes-special-offer\/keen-uneek-wk-black-black-rendez-vous-store\/","name":"Keen - UNEEK WK BLACK\/BLACK","isPartOf":{"@id":"https:\/\/rendez-vous-store.com\/#website"},"primaryImageOfPage":{"@id":"https:\/\/rendez-vous-store.com\/shop\/special-offer-women-rendez-vous-store\/women-shoes-special-offer\/keen-uneek-wk-black-black-rendez-vous-store\/#primaryimage"},"image":{"@id":"https:\/\/rendez-vous-store.com\/shop\/special-offer-women-rendez-vous-store\/women-shoes-special-offer\/keen-uneek-wk-black-black-rendez-vous-store\/#primaryimage"},"thumbnailUrl":"https:\/\/rendez-vous-store.com\/app\/uploads\/2025\/04\/rdv_keen_07-scaled.webp","datePublished":"2025-04-11T14:47:05+00:00","dateModified":"2026-03-16T18:07:39+00:00","description":"Keen UNEEK WK BLACK\/BLACK is up there with the best explorer sandals, with its innovative two-string construction that gives you freedom of movement.","breadcrumb":{"@id":"https:\/\/rendez-vous-store.com\/shop\/special-offer-women-rendez-vous-store\/women-shoes-special-offer\/keen-uneek-wk-black-black-rendez-vous-store\/#breadcrumb"},"inLanguage":"fr-FR","potentialAction":[{"@type":"ReadAction","target":["https:\/\/rendez-vous-store.com\/shop\/special-offer-women-rendez-vous-store\/women-shoes-special-offer\/keen-uneek-wk-black-black-rendez-vous-store\/"]}]},{"@type":"ImageObject","inLanguage":"fr-FR","@id":"https:\/\/rendez-vous-store.com\/shop\/special-offer-women-rendez-vous-store\/women-shoes-special-offer\/keen-uneek-wk-black-black-rendez-vous-store\/#primaryimage","url":"https:\/\/rendez-vous-store.com\/app\/uploads\/2025\/04\/rdv_keen_07-scaled.webp","contentUrl":"https:\/\/rendez-vous-store.com\/app\/uploads\/2025\/04\/rdv_keen_07-scaled.webp","width":1696,"height":2560,"caption":"Keen - UNEEK WK - BLACK\/BLACK"},{"@type":"BreadcrumbList","@id":"https:\/\/rendez-vous-store.com\/shop\/special-offer-women-rendez-vous-store\/women-shoes-special-offer\/keen-uneek-wk-black-black-rendez-vous-store\/#breadcrumb","itemListElement":[{"@type":"ListItem","position":1,"name":"Home","item":"https:\/\/rendez-vous-store.com\/"},{"@type":"ListItem","position":2,"name":"Shop","item":"https:\/\/www.rendez-vous-store.com\/shop\/"},{"@type":"ListItem","position":3,"name":"Keen &#8211; UNEEK WK &#8211; BLACK\/BLACK"}]},{"@type":"WebSite","@id":"https:\/\/rendez-vous-store.com\/#website","url":"https:\/\/rendez-vous-store.com\/","name":"RENDEZ-VOUS STORE","description":"Slow Fashion for Women and Men","potentialAction":[{"@type":"SearchAction","target":{"@type":"EntryPoint","urlTemplate":"https:\/\/rendez-vous-store.com\/?s={search_term_string}"},"query-input":{"@type":"PropertyValueSpecification","valueRequired":true,"valueName":"search_term_string"}}],"inLanguage":"fr-FR"}]}},"_links":{"self":[{"href":"https:\/\/rendez-vous-store.com\/fr\/wp-json\/wp\/v2\/product\/202325","targetHints":{"allow":["GET"]}}],"collection":[{"href":"https:\/\/rendez-vous-store.com\/fr\/wp-json\/wp\/v2\/product"}],"about":[{"href":"https:\/\/rendez-vous-store.com\/fr\/wp-json\/wp\/v2\/types\/product"}],"wp:featuredmedia":[{"embeddable":true,"href":"https:\/\/rendez-vous-store.com\/fr\/wp-json\/wp\/v2\/media\/203411"}],"wp:attachment":[{"href":"https:\/\/rendez-vous-store.com\/fr\/wp-json\/wp\/v2\/media?parent=202325"}],"wp:term":[{"taxonomy":"product_brand","embeddable":true,"href":"https:\/\/rendez-vous-store.com\/fr\/wp-json\/wp\/v2\/product_brand?post=202325"},{"taxonomy":"product_cat","embeddable":true,"href":"https:\/\/rendez-vous-store.com\/fr\/wp-json\/wp\/v2\/product_cat?post=202325"},{"taxonomy":"product_tag","embeddable":true,"href":"https:\/\/rendez-vous-store.com\/fr\/wp-json\/wp\/v2\/product_tag?post=202325"}],"curies":[{"name":"wp","href":"https:\/\/api.w.org\/{rel}","templated":true}]}}