{"id":202255,"date":"2025-04-11T16:36:58","date_gmt":"2025-04-11T14:36:58","guid":{"rendered":"https:\/\/rendez-vous-store.com\/?post_type=product&#038;p=202255"},"modified":"2026-04-24T16:05:29","modified_gmt":"2026-04-24T14:05:29","slug":"reproduction-of-found-women-swedish-military-trainer-4600pl-white-rendez-vous-store","status":"publish","type":"product","link":"https:\/\/rendez-vous-store.com\/fr\/shop\/special-offer-women-rendez-vous-store\/women-shoes-special-offer\/reproduction-of-found-women-swedish-military-trainer-4600pl-white-rendez-vous-store\/","title":{"rendered":"Reproduction de trouvailles - Entra\u00eeneur militaire su\u00e9dois pour femmes 4600PL - Blanc"},"content":{"rendered":"<p><strong>Reproduction de la chaussure de sport su\u00e9doise pour femme 4600PL blanc<\/strong><\/p>\n<p>Couleur : blanc<\/p>\n<p>Style d\u00e9contract\u00e9 et moderne<\/p>\n<p>Dessus en cuir italien<\/p>\n<p>Semelle int\u00e9rieure en EVA<\/p>\n<p>Semelle en caoutchouc naturel<\/p>\n<p>Fabriqu\u00e9 en Roumanie<\/p>\n<p>&nbsp;<\/p>\n<p>&nbsp;<\/p>\n<p>&nbsp;<\/p>\n<p>&nbsp;<\/p>\n<p><strong>La marque<\/strong><\/p>\n<p>Reproduction Of Found, une marque japonaise lanc\u00e9e en 2016, se concentre sur la fabrication artisanale de chaussures d'entra\u00eenement militaires. Les artisans produisent soigneusement chaque paire \u00e0 la main, une \u00e0 la fois. Ils impriment le nom du mod\u00e8le, le pays et l'\u00e2ge sur le logo ou l'\u00e9tiquette pour mettre en valeur chaque mod\u00e8le.<\/p>\n<p>La marque trouve des objets intemporels et universels, en particulier des \u00e9quipements militaires, et les recr\u00e9e de mani\u00e8re moderne. Reproduction Of Found refait des chaussures d'entra\u00eenement de guerre de diff\u00e9rents pays en utilisant des tissus et des mat\u00e9riaux originaux.<\/p>","protected":false},"excerpt":{"rendered":"<p>Reproduction Of Found Women Swedish Military Trainer 4600PL White Color: White Casual and modern style Italian leather upper Cushioned EVA insole Natural rubber sole Made in Romania &nbsp; &nbsp; &nbsp; &nbsp; The brand Reproduction Of Found, a Japanese brand launched in 2016, focuses on crafting military trainer shoes. Artisans carefully produce each pair by hand,&hellip; <a class=\"more-link\" href=\"https:\/\/rendez-vous-store.com\/fr\/shop\/special-offer-women-rendez-vous-store\/women-shoes-special-offer\/reproduction-of-found-women-swedish-military-trainer-4600pl-white-rendez-vous-store\/\">Continuer la lecture <span class=\"screen-reader-text\">Reproduction de trouvailles - Entra\u00eeneur militaire su\u00e9dois pour femmes 4600PL - Blanc<\/span><\/a><\/p>","protected":false},"featured_media":202525,"template":"","meta":{"_acf_changed":false},"product_brand":[],"product_cat":[1292,1344,1335,17,1062,293],"product_tag":[695],"class_list":{"0":"post-202255","1":"product","2":"type-product","3":"status-publish","4":"has-post-thumbnail","6":"product_cat-1292","7":"product_cat-women-shoes-special-offer","8":"product_cat-special-offer-women-rendez-vous-store","9":"product_cat-women","10":"product_cat-new-women-selection-rendez-vous-store","11":"product_cat-women-shoes-heels-discover-our-selection-rendez-vous-store","12":"product_tag-reproduction-of-found","13":"entry","15":"first","16":"outofstock","17":"taxable","18":"shipping-taxable","19":"product-type-variable","20":"has-default-attributes"},"acf":[],"yoast_head":"<!-- This site is optimized with the Yoast SEO plugin v24.9 - https:\/\/yoast.com\/wordpress\/plugins\/seo\/ -->\n<title>Reproduction Of Found Women Swedish Military Trainer 4600PL White<\/title>\n<meta name=\"description\" content=\"Reproduction of Found is on Rendez-vous Store. This Women Swedish Military Trainer 4600PL White is for comfort and timeless style. Discover now.\" \/>\n<meta name=\"robots\" content=\"index, follow, max-snippet:-1, max-image-preview:large, max-video-preview:-1\" \/>\n<link rel=\"canonical\" href=\"https:\/\/rendez-vous-store.com\/fr\/shop\/special-offer-women-rendez-vous-store\/women-shoes-special-offer\/reproduction-of-found-women-swedish-military-trainer-4600pl-white-rendez-vous-store\/\" \/>\n<meta property=\"og:locale\" content=\"fr_FR\" \/>\n<meta property=\"og:type\" content=\"article\" \/>\n<meta property=\"og:title\" content=\"Reproduction Of Found Women Swedish Military Trainer 4600PL White\" \/>\n<meta property=\"og:description\" content=\"Reproduction of Found is on Rendez-vous Store. This Women Swedish Military Trainer 4600PL White is for comfort and timeless style. Discover now.\" \/>\n<meta property=\"og:url\" content=\"https:\/\/rendez-vous-store.com\/fr\/shop\/special-offer-women-rendez-vous-store\/women-shoes-special-offer\/reproduction-of-found-women-swedish-military-trainer-4600pl-white-rendez-vous-store\/\" \/>\n<meta property=\"og:site_name\" content=\"RENDEZ-VOUS STORE\" \/>\n<meta property=\"article:modified_time\" content=\"2026-04-24T14:05:29+00:00\" \/>\n<meta property=\"og:image\" content=\"https:\/\/rendez-vous-store.com\/app\/uploads\/2025\/04\/rdv_reproduction_08-scaled.webp\" \/>\n\t<meta property=\"og:image:width\" content=\"1696\" \/>\n\t<meta property=\"og:image:height\" content=\"2560\" \/>\n\t<meta property=\"og:image:type\" content=\"image\/webp\" \/>\n<meta name=\"twitter:card\" content=\"summary_large_image\" \/>\n<meta name=\"twitter:label1\" content=\"Est. reading time\" \/>\n\t<meta name=\"twitter:data1\" content=\"1 minute\" \/>\n<script type=\"application\/ld+json\" class=\"yoast-schema-graph\">{\"@context\":\"https:\/\/schema.org\",\"@graph\":[{\"@type\":\"WebPage\",\"@id\":\"https:\/\/rendez-vous-store.com\/shop\/special-offer-women-rendez-vous-store\/women-shoes-special-offer\/reproduction-of-found-women-swedish-military-trainer-4600pl-white-rendez-vous-store\/\",\"url\":\"https:\/\/rendez-vous-store.com\/shop\/special-offer-women-rendez-vous-store\/women-shoes-special-offer\/reproduction-of-found-women-swedish-military-trainer-4600pl-white-rendez-vous-store\/\",\"name\":\"Reproduction Of Found Women Swedish Military Trainer 4600PL White\",\"isPartOf\":{\"@id\":\"https:\/\/rendez-vous-store.com\/#website\"},\"primaryImageOfPage\":{\"@id\":\"https:\/\/rendez-vous-store.com\/shop\/special-offer-women-rendez-vous-store\/women-shoes-special-offer\/reproduction-of-found-women-swedish-military-trainer-4600pl-white-rendez-vous-store\/#primaryimage\"},\"image\":{\"@id\":\"https:\/\/rendez-vous-store.com\/shop\/special-offer-women-rendez-vous-store\/women-shoes-special-offer\/reproduction-of-found-women-swedish-military-trainer-4600pl-white-rendez-vous-store\/#primaryimage\"},\"thumbnailUrl\":\"https:\/\/rendez-vous-store.com\/app\/uploads\/2025\/04\/rdv_reproduction_08-scaled.webp\",\"datePublished\":\"2025-04-11T14:36:58+00:00\",\"dateModified\":\"2026-04-24T14:05:29+00:00\",\"description\":\"Reproduction of Found is on Rendez-vous Store. This Women Swedish Military Trainer 4600PL White is for comfort and timeless style. Discover now.\",\"breadcrumb\":{\"@id\":\"https:\/\/rendez-vous-store.com\/shop\/special-offer-women-rendez-vous-store\/women-shoes-special-offer\/reproduction-of-found-women-swedish-military-trainer-4600pl-white-rendez-vous-store\/#breadcrumb\"},\"inLanguage\":\"fr-FR\",\"potentialAction\":[{\"@type\":\"ReadAction\",\"target\":[\"https:\/\/rendez-vous-store.com\/shop\/special-offer-women-rendez-vous-store\/women-shoes-special-offer\/reproduction-of-found-women-swedish-military-trainer-4600pl-white-rendez-vous-store\/\"]}]},{\"@type\":\"ImageObject\",\"inLanguage\":\"fr-FR\",\"@id\":\"https:\/\/rendez-vous-store.com\/shop\/special-offer-women-rendez-vous-store\/women-shoes-special-offer\/reproduction-of-found-women-swedish-military-trainer-4600pl-white-rendez-vous-store\/#primaryimage\",\"url\":\"https:\/\/rendez-vous-store.com\/app\/uploads\/2025\/04\/rdv_reproduction_08-scaled.webp\",\"contentUrl\":\"https:\/\/rendez-vous-store.com\/app\/uploads\/2025\/04\/rdv_reproduction_08-scaled.webp\",\"width\":1696,\"height\":2560},{\"@type\":\"BreadcrumbList\",\"@id\":\"https:\/\/rendez-vous-store.com\/shop\/special-offer-women-rendez-vous-store\/women-shoes-special-offer\/reproduction-of-found-women-swedish-military-trainer-4600pl-white-rendez-vous-store\/#breadcrumb\",\"itemListElement\":[{\"@type\":\"ListItem\",\"position\":1,\"name\":\"Home\",\"item\":\"https:\/\/rendez-vous-store.com\/\"},{\"@type\":\"ListItem\",\"position\":2,\"name\":\"Shop\",\"item\":\"https:\/\/www.rendez-vous-store.com\/shop\/\"},{\"@type\":\"ListItem\",\"position\":3,\"name\":\"Reproduction Of Found &#8211; Women Swedish Military Trainer 4600PL &#8211; White\"}]},{\"@type\":\"WebSite\",\"@id\":\"https:\/\/rendez-vous-store.com\/#website\",\"url\":\"https:\/\/rendez-vous-store.com\/\",\"name\":\"RENDEZ-VOUS STORE\",\"description\":\"Slow Fashion for Women and Men\",\"potentialAction\":[{\"@type\":\"SearchAction\",\"target\":{\"@type\":\"EntryPoint\",\"urlTemplate\":\"https:\/\/rendez-vous-store.com\/?s={search_term_string}\"},\"query-input\":{\"@type\":\"PropertyValueSpecification\",\"valueRequired\":true,\"valueName\":\"search_term_string\"}}],\"inLanguage\":\"fr-FR\"}]}<\/script>\n<!-- \/ Yoast SEO plugin. -->","yoast_head_json":{"title":"Reproduction Of Found Women Swedish Military Trainer 4600PL White","description":"Reproduction of Found is on Rendez-vous Store. This Women Swedish Military Trainer 4600PL White is for comfort and timeless style. Discover now.","robots":{"index":"index","follow":"follow","max-snippet":"max-snippet:-1","max-image-preview":"max-image-preview:large","max-video-preview":"max-video-preview:-1"},"canonical":"https:\/\/rendez-vous-store.com\/fr\/shop\/special-offer-women-rendez-vous-store\/women-shoes-special-offer\/reproduction-of-found-women-swedish-military-trainer-4600pl-white-rendez-vous-store\/","og_locale":"fr_FR","og_type":"article","og_title":"Reproduction Of Found Women Swedish Military Trainer 4600PL White","og_description":"Reproduction of Found is on Rendez-vous Store. This Women Swedish Military Trainer 4600PL White is for comfort and timeless style. Discover now.","og_url":"https:\/\/rendez-vous-store.com\/fr\/shop\/special-offer-women-rendez-vous-store\/women-shoes-special-offer\/reproduction-of-found-women-swedish-military-trainer-4600pl-white-rendez-vous-store\/","og_site_name":"RENDEZ-VOUS STORE","article_modified_time":"2026-04-24T14:05:29+00:00","og_image":[{"width":1696,"height":2560,"url":"https:\/\/rendez-vous-store.com\/app\/uploads\/2025\/04\/rdv_reproduction_08-scaled.webp","type":"image\/webp"}],"twitter_card":"summary_large_image","twitter_misc":{"Est. reading time":"1 minute"},"schema":{"@context":"https:\/\/schema.org","@graph":[{"@type":"WebPage","@id":"https:\/\/rendez-vous-store.com\/shop\/special-offer-women-rendez-vous-store\/women-shoes-special-offer\/reproduction-of-found-women-swedish-military-trainer-4600pl-white-rendez-vous-store\/","url":"https:\/\/rendez-vous-store.com\/shop\/special-offer-women-rendez-vous-store\/women-shoes-special-offer\/reproduction-of-found-women-swedish-military-trainer-4600pl-white-rendez-vous-store\/","name":"Reproduction Of Found Women Swedish Military Trainer 4600PL White","isPartOf":{"@id":"https:\/\/rendez-vous-store.com\/#website"},"primaryImageOfPage":{"@id":"https:\/\/rendez-vous-store.com\/shop\/special-offer-women-rendez-vous-store\/women-shoes-special-offer\/reproduction-of-found-women-swedish-military-trainer-4600pl-white-rendez-vous-store\/#primaryimage"},"image":{"@id":"https:\/\/rendez-vous-store.com\/shop\/special-offer-women-rendez-vous-store\/women-shoes-special-offer\/reproduction-of-found-women-swedish-military-trainer-4600pl-white-rendez-vous-store\/#primaryimage"},"thumbnailUrl":"https:\/\/rendez-vous-store.com\/app\/uploads\/2025\/04\/rdv_reproduction_08-scaled.webp","datePublished":"2025-04-11T14:36:58+00:00","dateModified":"2026-04-24T14:05:29+00:00","description":"Reproduction of Found is on Rendez-vous Store. This Women Swedish Military Trainer 4600PL White is for comfort and timeless style. Discover now.","breadcrumb":{"@id":"https:\/\/rendez-vous-store.com\/shop\/special-offer-women-rendez-vous-store\/women-shoes-special-offer\/reproduction-of-found-women-swedish-military-trainer-4600pl-white-rendez-vous-store\/#breadcrumb"},"inLanguage":"fr-FR","potentialAction":[{"@type":"ReadAction","target":["https:\/\/rendez-vous-store.com\/shop\/special-offer-women-rendez-vous-store\/women-shoes-special-offer\/reproduction-of-found-women-swedish-military-trainer-4600pl-white-rendez-vous-store\/"]}]},{"@type":"ImageObject","inLanguage":"fr-FR","@id":"https:\/\/rendez-vous-store.com\/shop\/special-offer-women-rendez-vous-store\/women-shoes-special-offer\/reproduction-of-found-women-swedish-military-trainer-4600pl-white-rendez-vous-store\/#primaryimage","url":"https:\/\/rendez-vous-store.com\/app\/uploads\/2025\/04\/rdv_reproduction_08-scaled.webp","contentUrl":"https:\/\/rendez-vous-store.com\/app\/uploads\/2025\/04\/rdv_reproduction_08-scaled.webp","width":1696,"height":2560},{"@type":"BreadcrumbList","@id":"https:\/\/rendez-vous-store.com\/shop\/special-offer-women-rendez-vous-store\/women-shoes-special-offer\/reproduction-of-found-women-swedish-military-trainer-4600pl-white-rendez-vous-store\/#breadcrumb","itemListElement":[{"@type":"ListItem","position":1,"name":"Home","item":"https:\/\/rendez-vous-store.com\/"},{"@type":"ListItem","position":2,"name":"Shop","item":"https:\/\/www.rendez-vous-store.com\/shop\/"},{"@type":"ListItem","position":3,"name":"Reproduction Of Found &#8211; Women Swedish Military Trainer 4600PL &#8211; White"}]},{"@type":"WebSite","@id":"https:\/\/rendez-vous-store.com\/#website","url":"https:\/\/rendez-vous-store.com\/","name":"RENDEZ-VOUS STORE","description":"Slow Fashion for Women and Men","potentialAction":[{"@type":"SearchAction","target":{"@type":"EntryPoint","urlTemplate":"https:\/\/rendez-vous-store.com\/?s={search_term_string}"},"query-input":{"@type":"PropertyValueSpecification","valueRequired":true,"valueName":"search_term_string"}}],"inLanguage":"fr-FR"}]}},"_links":{"self":[{"href":"https:\/\/rendez-vous-store.com\/fr\/wp-json\/wp\/v2\/product\/202255","targetHints":{"allow":["GET"]}}],"collection":[{"href":"https:\/\/rendez-vous-store.com\/fr\/wp-json\/wp\/v2\/product"}],"about":[{"href":"https:\/\/rendez-vous-store.com\/fr\/wp-json\/wp\/v2\/types\/product"}],"wp:featuredmedia":[{"embeddable":true,"href":"https:\/\/rendez-vous-store.com\/fr\/wp-json\/wp\/v2\/media\/202525"}],"wp:attachment":[{"href":"https:\/\/rendez-vous-store.com\/fr\/wp-json\/wp\/v2\/media?parent=202255"}],"wp:term":[{"taxonomy":"product_brand","embeddable":true,"href":"https:\/\/rendez-vous-store.com\/fr\/wp-json\/wp\/v2\/product_brand?post=202255"},{"taxonomy":"product_cat","embeddable":true,"href":"https:\/\/rendez-vous-store.com\/fr\/wp-json\/wp\/v2\/product_cat?post=202255"},{"taxonomy":"product_tag","embeddable":true,"href":"https:\/\/rendez-vous-store.com\/fr\/wp-json\/wp\/v2\/product_tag?post=202255"}],"curies":[{"name":"wp","href":"https:\/\/api.w.org\/{rel}","templated":true}]}}