{"id":202205,"date":"2025-04-11T16:23:03","date_gmt":"2025-04-11T14:23:03","guid":{"rendered":"https:\/\/rendez-vous-store.com\/?post_type=product&#038;p=202205"},"modified":"2026-03-16T18:51:29","modified_gmt":"2026-03-16T17:51:29","slug":"zilla-satin-shopper-reddish-rendez-vous-store","status":"publish","type":"product","link":"https:\/\/rendez-vous-store.com\/fr\/shop\/women\/women-bags-rendez-vous-store\/zilla-satin-shopper-reddish-rendez-vous-store\/","title":{"rendered":"Zilla - Shopper en satin - rouge\u00e2tre"},"content":{"rendered":"<p><strong>Zilla Satin Shopper Reddish<\/strong><\/p>\n<p>Couleur : Rouge<\/p>\n<p>Composition : Satin<\/p>\n<p>Fabriqu\u00e9 en Italie<\/p>\n<p>&nbsp;<\/p>\n<p>&nbsp;<\/p>\n<p>&nbsp;<\/p>\n<p>&nbsp;<\/p>\n<p><strong>La marque<\/strong><\/p>\n<p>Zilla est une marque de sacs \u00e0 main de luxe bas\u00e9e en Italie, fond\u00e9e en 2005 par l'architecte et designer Sylvia Pichler. S'inspirant de sa formation en architecture et de son lien profond avec les mat\u00e9riaux industriels, Sylvia Pichler transforme des \u00e9l\u00e9ments de construction quotidiens en accessoires de haute couture. La marque est connue pour ses designs minimalistes et sculpturaux qui mettent l'accent \u00e0 la fois sur la beaut\u00e9 esth\u00e9tique et la fonctionnalit\u00e9 pratique. Les sacs Zilla sont l\u00e9gers, pliables et souvent fabriqu\u00e9s \u00e0 partir de mat\u00e9riaux non conventionnels tels que des feuilles m\u00e9talliques, du satin et des tissus \u00e9cologiques. Cette approche innovante conf\u00e8re \u00e0 chaque pi\u00e8ce une texture unique et un attrait moderne.<\/p>\n<p>Fabriqu\u00e9 \u00e0 la main dans le nord de l'Italie, Zilla garantit un savoir-faire de haute qualit\u00e9 et un souci du d\u00e9tail dans chaque pi\u00e8ce. Zilla met l'accent \u00e0 la fois sur la beaut\u00e9 esth\u00e9tique et la fonctionnalit\u00e9 pratique gr\u00e2ce \u00e0 ses designs minimalistes et sculpturaux. Ce d\u00e9vouement \u00e0 la qualit\u00e9 et au design a permis \u00e0 Zilla de s'imposer comme un acteur cl\u00e9 sur la sc\u00e8ne internationale de la mode, avec des collections disponibles dans des boutiques s\u00e9lectionn\u00e9es et des magasins haut de gamme dans le monde entier.<\/p>\n<p>Les collections de Zilla, comme la ligne printemps-\u00e9t\u00e9 2024, refl\u00e8tent l'\u00e9thique de la marque, qui allie simplicit\u00e9 et innovation. Les sacs sont con\u00e7us pour ceux qui appr\u00e9cient l'\u00e9quilibre entre la forme et la fonction, ce qui les rend id\u00e9aux pour un usage quotidien et pour les occasions sp\u00e9ciales.<\/p>\n<p>Qu'il s'agisse d'un fourre-tout m\u00e9tallique ou d'un sac \u00e0 dos \u00e9l\u00e9gant, les produits Zilla se distinguent par leur esth\u00e9tique moderne et leur \u00e9l\u00e9gance raffin\u00e9e. Au fil des ans, Zilla a acquis une client\u00e8le fid\u00e8le parmi les personnes \u00e0 la pointe de la mode qui appr\u00e9cient la vision unique de la marque sur le luxe contemporain.<\/p>","protected":false},"excerpt":{"rendered":"<p>Zilla Satin Shopper Reddish Color: Red Composition: Satin Made in Italy &nbsp; &nbsp; &nbsp; &nbsp; The brand Zilla is a luxury handbag brand based in Italy, founded in 2005 by architect and designer Sylvia Pichler. Inspired by her background in architecture and a deep connection with industrial materials, Pichler transforms everyday construction elements into high-fashion&hellip; <a class=\"more-link\" href=\"https:\/\/rendez-vous-store.com\/fr\/shop\/women\/women-bags-rendez-vous-store\/zilla-satin-shopper-reddish-rendez-vous-store\/\">Continue reading <span class=\"screen-reader-text\">Zilla - Shopper en satin - rouge\u00e2tre<\/span><\/a><\/p>","protected":false},"featured_media":203930,"template":"","meta":{"_acf_changed":false},"product_brand":[],"product_cat":[17,1062,417],"product_tag":[869],"class_list":{"0":"post-202205","1":"product","2":"type-product","3":"status-publish","4":"has-post-thumbnail","6":"product_cat-women","7":"product_cat-new-women-selection-rendez-vous-store","8":"product_cat-women-bags-rendez-vous-store","9":"product_tag-zilla-italian-bags-rendez-vous-store","10":"entry","12":"first","13":"outofstock","14":"taxable","15":"shipping-taxable","16":"product-type-variable"},"acf":[],"yoast_head":"<!-- This site is optimized with the Yoast SEO plugin v24.9 - https:\/\/yoast.com\/wordpress\/plugins\/seo\/ -->\n<title>Zilla Satin Shopper Reddish<\/title>\n<meta name=\"description\" content=\"Zilla is on Rendez-vous Store. Zilla Satin Shopper Reddish is a fashion statement embracing minimalism with sculptural designs. Discover now.\" \/>\n<meta name=\"robots\" content=\"index, follow, max-snippet:-1, max-image-preview:large, max-video-preview:-1\" \/>\n<link rel=\"canonical\" href=\"https:\/\/rendez-vous-store.com\/fr\/shop\/women\/women-bags-rendez-vous-store\/zilla-satin-shopper-reddish-rendez-vous-store\/\" \/>\n<meta property=\"og:locale\" content=\"fr_FR\" \/>\n<meta property=\"og:type\" content=\"article\" \/>\n<meta property=\"og:title\" content=\"Zilla Satin Shopper Reddish\" \/>\n<meta property=\"og:description\" content=\"Zilla is on Rendez-vous Store. Zilla Satin Shopper Reddish is a fashion statement embracing minimalism with sculptural designs. Discover now.\" \/>\n<meta property=\"og:url\" content=\"https:\/\/rendez-vous-store.com\/fr\/shop\/women\/women-bags-rendez-vous-store\/zilla-satin-shopper-reddish-rendez-vous-store\/\" \/>\n<meta property=\"og:site_name\" content=\"RENDEZ-VOUS STORE\" \/>\n<meta property=\"article:modified_time\" content=\"2026-03-16T17:51:29+00:00\" \/>\n<meta property=\"og:image\" content=\"https:\/\/rendez-vous-store.com\/wp-content\/uploads\/2025\/03\/IMG_2604.webp\" \/>\n\t<meta property=\"og:image:width\" content=\"1696\" \/>\n\t<meta property=\"og:image:height\" content=\"2560\" \/>\n\t<meta property=\"og:image:type\" content=\"image\/webp\" \/>\n<meta name=\"twitter:card\" content=\"summary_large_image\" \/>\n<meta name=\"twitter:label1\" content=\"Est. reading time\" \/>\n\t<meta name=\"twitter:data1\" content=\"2 minutes\" \/>\n<script type=\"application\/ld+json\" class=\"yoast-schema-graph\">{\"@context\":\"https:\/\/schema.org\",\"@graph\":[{\"@type\":\"WebPage\",\"@id\":\"https:\/\/rendez-vous-store.com\/shop\/women\/women-bags-rendez-vous-store\/zilla-satin-shopper-reddish-rendez-vous-store\/\",\"url\":\"https:\/\/rendez-vous-store.com\/shop\/women\/women-bags-rendez-vous-store\/zilla-satin-shopper-reddish-rendez-vous-store\/\",\"name\":\"Zilla Satin Shopper Reddish\",\"isPartOf\":{\"@id\":\"https:\/\/rendez-vous-store.com\/#website\"},\"primaryImageOfPage\":{\"@id\":\"https:\/\/rendez-vous-store.com\/shop\/women\/women-bags-rendez-vous-store\/zilla-satin-shopper-reddish-rendez-vous-store\/#primaryimage\"},\"image\":{\"@id\":\"https:\/\/rendez-vous-store.com\/shop\/women\/women-bags-rendez-vous-store\/zilla-satin-shopper-reddish-rendez-vous-store\/#primaryimage\"},\"thumbnailUrl\":\"https:\/\/rendez-vous-store.com\/app\/uploads\/2025\/03\/IMG_2604.webp\",\"datePublished\":\"2025-04-11T14:23:03+00:00\",\"dateModified\":\"2026-03-16T17:51:29+00:00\",\"description\":\"Zilla is on Rendez-vous Store. Zilla Satin Shopper Reddish is a fashion statement embracing minimalism with sculptural designs. Discover now.\",\"breadcrumb\":{\"@id\":\"https:\/\/rendez-vous-store.com\/shop\/women\/women-bags-rendez-vous-store\/zilla-satin-shopper-reddish-rendez-vous-store\/#breadcrumb\"},\"inLanguage\":\"fr-FR\",\"potentialAction\":[{\"@type\":\"ReadAction\",\"target\":[\"https:\/\/rendez-vous-store.com\/shop\/women\/women-bags-rendez-vous-store\/zilla-satin-shopper-reddish-rendez-vous-store\/\"]}]},{\"@type\":\"ImageObject\",\"inLanguage\":\"fr-FR\",\"@id\":\"https:\/\/rendez-vous-store.com\/shop\/women\/women-bags-rendez-vous-store\/zilla-satin-shopper-reddish-rendez-vous-store\/#primaryimage\",\"url\":\"https:\/\/rendez-vous-store.com\/app\/uploads\/2025\/03\/IMG_2604.webp\",\"contentUrl\":\"https:\/\/rendez-vous-store.com\/app\/uploads\/2025\/03\/IMG_2604.webp\",\"width\":1696,\"height\":2560},{\"@type\":\"BreadcrumbList\",\"@id\":\"https:\/\/rendez-vous-store.com\/shop\/women\/women-bags-rendez-vous-store\/zilla-satin-shopper-reddish-rendez-vous-store\/#breadcrumb\",\"itemListElement\":[{\"@type\":\"ListItem\",\"position\":1,\"name\":\"Home\",\"item\":\"https:\/\/rendez-vous-store.com\/\"},{\"@type\":\"ListItem\",\"position\":2,\"name\":\"Shop\",\"item\":\"https:\/\/www.rendez-vous-store.com\/shop\/\"},{\"@type\":\"ListItem\",\"position\":3,\"name\":\"Zilla &#8211; Satin Shopper &#8211; Reddish\"}]},{\"@type\":\"WebSite\",\"@id\":\"https:\/\/rendez-vous-store.com\/#website\",\"url\":\"https:\/\/rendez-vous-store.com\/\",\"name\":\"RENDEZ-VOUS STORE\",\"description\":\"Slow Fashion for Women and Men\",\"potentialAction\":[{\"@type\":\"SearchAction\",\"target\":{\"@type\":\"EntryPoint\",\"urlTemplate\":\"https:\/\/rendez-vous-store.com\/?s={search_term_string}\"},\"query-input\":{\"@type\":\"PropertyValueSpecification\",\"valueRequired\":true,\"valueName\":\"search_term_string\"}}],\"inLanguage\":\"fr-FR\"}]}<\/script>\n<!-- \/ Yoast SEO plugin. -->","yoast_head_json":{"title":"Zilla Satin Shopper Reddish","description":"Zilla is on Rendez-vous Store. Zilla Satin Shopper Reddish is a fashion statement embracing minimalism with sculptural designs. Discover now.","robots":{"index":"index","follow":"follow","max-snippet":"max-snippet:-1","max-image-preview":"max-image-preview:large","max-video-preview":"max-video-preview:-1"},"canonical":"https:\/\/rendez-vous-store.com\/fr\/shop\/women\/women-bags-rendez-vous-store\/zilla-satin-shopper-reddish-rendez-vous-store\/","og_locale":"fr_FR","og_type":"article","og_title":"Zilla Satin Shopper Reddish","og_description":"Zilla is on Rendez-vous Store. Zilla Satin Shopper Reddish is a fashion statement embracing minimalism with sculptural designs. Discover now.","og_url":"https:\/\/rendez-vous-store.com\/fr\/shop\/women\/women-bags-rendez-vous-store\/zilla-satin-shopper-reddish-rendez-vous-store\/","og_site_name":"RENDEZ-VOUS STORE","article_modified_time":"2026-03-16T17:51:29+00:00","og_image":[{"width":1696,"height":2560,"url":"https:\/\/rendez-vous-store.com\/wp-content\/uploads\/2025\/03\/IMG_2604.webp","type":"image\/webp"}],"twitter_card":"summary_large_image","twitter_misc":{"Est. reading time":"2 minutes"},"schema":{"@context":"https:\/\/schema.org","@graph":[{"@type":"WebPage","@id":"https:\/\/rendez-vous-store.com\/shop\/women\/women-bags-rendez-vous-store\/zilla-satin-shopper-reddish-rendez-vous-store\/","url":"https:\/\/rendez-vous-store.com\/shop\/women\/women-bags-rendez-vous-store\/zilla-satin-shopper-reddish-rendez-vous-store\/","name":"Zilla Satin Shopper Reddish","isPartOf":{"@id":"https:\/\/rendez-vous-store.com\/#website"},"primaryImageOfPage":{"@id":"https:\/\/rendez-vous-store.com\/shop\/women\/women-bags-rendez-vous-store\/zilla-satin-shopper-reddish-rendez-vous-store\/#primaryimage"},"image":{"@id":"https:\/\/rendez-vous-store.com\/shop\/women\/women-bags-rendez-vous-store\/zilla-satin-shopper-reddish-rendez-vous-store\/#primaryimage"},"thumbnailUrl":"https:\/\/rendez-vous-store.com\/app\/uploads\/2025\/03\/IMG_2604.webp","datePublished":"2025-04-11T14:23:03+00:00","dateModified":"2026-03-16T17:51:29+00:00","description":"Zilla is on Rendez-vous Store. Zilla Satin Shopper Reddish is a fashion statement embracing minimalism with sculptural designs. Discover now.","breadcrumb":{"@id":"https:\/\/rendez-vous-store.com\/shop\/women\/women-bags-rendez-vous-store\/zilla-satin-shopper-reddish-rendez-vous-store\/#breadcrumb"},"inLanguage":"fr-FR","potentialAction":[{"@type":"ReadAction","target":["https:\/\/rendez-vous-store.com\/shop\/women\/women-bags-rendez-vous-store\/zilla-satin-shopper-reddish-rendez-vous-store\/"]}]},{"@type":"ImageObject","inLanguage":"fr-FR","@id":"https:\/\/rendez-vous-store.com\/shop\/women\/women-bags-rendez-vous-store\/zilla-satin-shopper-reddish-rendez-vous-store\/#primaryimage","url":"https:\/\/rendez-vous-store.com\/app\/uploads\/2025\/03\/IMG_2604.webp","contentUrl":"https:\/\/rendez-vous-store.com\/app\/uploads\/2025\/03\/IMG_2604.webp","width":1696,"height":2560},{"@type":"BreadcrumbList","@id":"https:\/\/rendez-vous-store.com\/shop\/women\/women-bags-rendez-vous-store\/zilla-satin-shopper-reddish-rendez-vous-store\/#breadcrumb","itemListElement":[{"@type":"ListItem","position":1,"name":"Home","item":"https:\/\/rendez-vous-store.com\/"},{"@type":"ListItem","position":2,"name":"Shop","item":"https:\/\/www.rendez-vous-store.com\/shop\/"},{"@type":"ListItem","position":3,"name":"Zilla &#8211; Satin Shopper &#8211; Reddish"}]},{"@type":"WebSite","@id":"https:\/\/rendez-vous-store.com\/#website","url":"https:\/\/rendez-vous-store.com\/","name":"RENDEZ-VOUS STORE","description":"Slow Fashion for Women and Men","potentialAction":[{"@type":"SearchAction","target":{"@type":"EntryPoint","urlTemplate":"https:\/\/rendez-vous-store.com\/?s={search_term_string}"},"query-input":{"@type":"PropertyValueSpecification","valueRequired":true,"valueName":"search_term_string"}}],"inLanguage":"fr-FR"}]}},"_links":{"self":[{"href":"https:\/\/rendez-vous-store.com\/fr\/wp-json\/wp\/v2\/product\/202205","targetHints":{"allow":["GET"]}}],"collection":[{"href":"https:\/\/rendez-vous-store.com\/fr\/wp-json\/wp\/v2\/product"}],"about":[{"href":"https:\/\/rendez-vous-store.com\/fr\/wp-json\/wp\/v2\/types\/product"}],"wp:featuredmedia":[{"embeddable":true,"href":"https:\/\/rendez-vous-store.com\/fr\/wp-json\/wp\/v2\/media\/203930"}],"wp:attachment":[{"href":"https:\/\/rendez-vous-store.com\/fr\/wp-json\/wp\/v2\/media?parent=202205"}],"wp:term":[{"taxonomy":"product_brand","embeddable":true,"href":"https:\/\/rendez-vous-store.com\/fr\/wp-json\/wp\/v2\/product_brand?post=202205"},{"taxonomy":"product_cat","embeddable":true,"href":"https:\/\/rendez-vous-store.com\/fr\/wp-json\/wp\/v2\/product_cat?post=202205"},{"taxonomy":"product_tag","embeddable":true,"href":"https:\/\/rendez-vous-store.com\/fr\/wp-json\/wp\/v2\/product_tag?post=202205"}],"curies":[{"name":"wp","href":"https:\/\/api.w.org\/{rel}","templated":true}]}}