{"id":201535,"date":"2025-04-08T12:10:16","date_gmt":"2025-04-08T10:10:16","guid":{"rendered":"https:\/\/rendez-vous-store.com\/?post_type=product&#038;p=201535"},"modified":"2026-03-16T19:05:04","modified_gmt":"2026-03-16T18:05:04","slug":"asciari-seline-pant-as0101-blue-jeans-rendez-vous-store","status":"publish","type":"product","link":"https:\/\/rendez-vous-store.com\/fr\/shop\/special-offer-women-rendez-vous-store\/women-trousers-special-offer\/asciari-seline-pant-as0101-blue-jeans-rendez-vous-store\/","title":{"rendered":"Asciari - Seline Pant AS0101 - Jean bleu"},"content":{"rendered":"<p><strong>Asciari Seline Pant AS0101 Blue Jeans<\/strong><\/p>\n<p>Couleur : Blue Jeans<\/p>\n<p>Fermeture par bouton<\/p>\n<p>Taille \u00e0 bande plate<\/p>\n<p>Elastique au dos<\/p>\n<p>Plis sur le devant<\/p>\n<p>Poches sur les coutures lat\u00e9rales<\/p>\n<p>Composition : 51% Coton, 49% Lin<\/p>\n<p>Fabriqu\u00e9 en Italie<\/p>\n<p>&nbsp;<\/p>\n<p>&nbsp;<\/p>\n<p>&nbsp;<\/p>\n<p>&nbsp;<\/p>\n<h4>La marque<\/h4>\n<div class=\"w-full text-token-text-primary\" dir=\"auto\" data-testid=\"conversation-turn-205\">\n<div class=\"px-4 py-2 justify-center text-base md:gap-6 m-auto\">\n<div class=\"flex flex-1 text-base mx-auto gap-3 juice:gap-4 juice:md:gap-6 md:px-5 lg:px-1 xl:px-5 md:max-w-3xl lg:max-w-[40rem] xl:max-w-[48rem]\">\n<div class=\"relative flex w-full flex-col agent-turn\">\n<div class=\"flex-col gap-1 md:gap-3\">\n<div class=\"flex flex-grow flex-col max-w-full\">\n<div class=\"min-h-[20px] text-message flex flex-col items-start gap-3 whitespace-pre-wrap break-words [.text-message+&amp;]:mt-5 overflow-x-auto\" dir=\"auto\" data-message-author-role=\"assistant\" data-message-id=\"57052223-53ab-473c-a24d-a048941c544d\">\n<p>Asciari, fond\u00e9 par Pietro et Federica et leur m\u00e8re Marta, a pour objectif de cr\u00e9er un style distinct et intemporel bas\u00e9 sur des normes esth\u00e9tiques et culturelles pr\u00e9cises, o\u00f9 la beaut\u00e9 est entrelac\u00e9e avec les bonnes mani\u00e8res, l'\u00e9l\u00e9gance est un luxe discret, et l'extr\u00eame qualit\u00e9 est d\u00e9couverte avec une touche.<\/p>\n<p>La recherche et l'amour pour les formes essentielles, les tissus naturels, la confection et la fabrication se sont transform\u00e9s en un parcours culturel qui a finalement pris forme avec la cr\u00e9ation des premi\u00e8res collections, sous le nom de Jolie Kica. Une \u00e9volution naturelle conduit \u00e0 Asciari, qui affine la touche stylistique et combine la vocation originale de recherche de l'harmonie du pass\u00e9 avec une attitude avant-gardiste.<\/p>\n<\/div>\n<\/div>\n<\/div>\n<\/div>\n<\/div>\n<\/div>\n<\/div>","protected":false},"excerpt":{"rendered":"<p>Asciari Seline Pant AS0101 Blue Jeans Color: Blue Jeans Button closure Flat band waist Elastic on the back Pleats at the front Side seam pockets Composition: 51% Cotton, 49% Linen Made in Italy &nbsp; &nbsp; &nbsp; &nbsp; The Brand Asciari, founded by Pietro and Federica and their mother Marta, its objective is to create a&hellip; <a class=\"more-link\" href=\"https:\/\/rendez-vous-store.com\/fr\/shop\/special-offer-women-rendez-vous-store\/women-trousers-special-offer\/asciari-seline-pant-as0101-blue-jeans-rendez-vous-store\/\">Continue reading <span class=\"screen-reader-text\">Asciari - Seline Pant AS0101 - Jean bleu<\/span><\/a><\/p>","protected":false},"featured_media":201996,"template":"","meta":{"_acf_changed":false},"product_brand":[],"product_cat":[1292,1335,1341,17,1062,182],"product_tag":[397],"class_list":{"0":"post-201535","1":"product","2":"type-product","3":"status-publish","4":"has-post-thumbnail","6":"product_cat-1292","7":"product_cat-special-offer-women-rendez-vous-store","8":"product_cat-women-trousers-special-offer","9":"product_cat-women","10":"product_cat-new-women-selection-rendez-vous-store","11":"product_cat-trousers-skirts-discover-our-selection-rendez-vous-store","12":"product_tag-asciari","13":"entry","15":"first","16":"outofstock","17":"taxable","18":"shipping-taxable","19":"product-type-variable"},"acf":[],"yoast_head":"<!-- This site is optimized with the Yoast SEO plugin v24.9 - https:\/\/yoast.com\/wordpress\/plugins\/seo\/ -->\n<title>Asciari Seline Pant AS0101 Blue Jeans<\/title>\n<meta name=\"description\" content=\"Asciari is now on Rendez-vous Store. This Asciari Seline Pant AS0101 Blue Jeans is one of our most avant-garde and timeless pieces. Discover now.\" \/>\n<meta name=\"robots\" content=\"index, follow, max-snippet:-1, max-image-preview:large, max-video-preview:-1\" \/>\n<link rel=\"canonical\" href=\"https:\/\/rendez-vous-store.com\/fr\/shop\/special-offer-women-rendez-vous-store\/women-trousers-special-offer\/asciari-seline-pant-as0101-blue-jeans-rendez-vous-store\/\" \/>\n<meta property=\"og:locale\" content=\"fr_FR\" \/>\n<meta property=\"og:type\" content=\"article\" \/>\n<meta property=\"og:title\" content=\"Asciari Seline Pant AS0101 Blue Jeans\" \/>\n<meta property=\"og:description\" content=\"Asciari is now on Rendez-vous Store. This Asciari Seline Pant AS0101 Blue Jeans is one of our most avant-garde and timeless pieces. Discover now.\" \/>\n<meta property=\"og:url\" content=\"https:\/\/rendez-vous-store.com\/fr\/shop\/special-offer-women-rendez-vous-store\/women-trousers-special-offer\/asciari-seline-pant-as0101-blue-jeans-rendez-vous-store\/\" \/>\n<meta property=\"og:site_name\" content=\"RENDEZ-VOUS STORE\" \/>\n<meta property=\"article:modified_time\" content=\"2026-03-16T18:05:04+00:00\" \/>\n<meta property=\"og:image\" content=\"https:\/\/rendez-vous-store.com\/app\/uploads\/2025\/04\/IMG_0089.webp\" \/>\n\t<meta property=\"og:image:width\" content=\"1696\" \/>\n\t<meta property=\"og:image:height\" content=\"2560\" \/>\n\t<meta property=\"og:image:type\" content=\"image\/webp\" \/>\n<meta name=\"twitter:card\" content=\"summary_large_image\" \/>\n<meta name=\"twitter:label1\" content=\"Est. reading time\" \/>\n\t<meta name=\"twitter:data1\" content=\"1 minute\" \/>\n<script type=\"application\/ld+json\" class=\"yoast-schema-graph\">{\"@context\":\"https:\/\/schema.org\",\"@graph\":[{\"@type\":\"WebPage\",\"@id\":\"https:\/\/rendez-vous-store.com\/shop\/special-offer-women-rendez-vous-store\/women-trousers-special-offer\/asciari-seline-pant-as0101-blue-jeans-rendez-vous-store\/\",\"url\":\"https:\/\/rendez-vous-store.com\/shop\/special-offer-women-rendez-vous-store\/women-trousers-special-offer\/asciari-seline-pant-as0101-blue-jeans-rendez-vous-store\/\",\"name\":\"Asciari Seline Pant AS0101 Blue Jeans\",\"isPartOf\":{\"@id\":\"https:\/\/rendez-vous-store.com\/#website\"},\"primaryImageOfPage\":{\"@id\":\"https:\/\/rendez-vous-store.com\/shop\/special-offer-women-rendez-vous-store\/women-trousers-special-offer\/asciari-seline-pant-as0101-blue-jeans-rendez-vous-store\/#primaryimage\"},\"image\":{\"@id\":\"https:\/\/rendez-vous-store.com\/shop\/special-offer-women-rendez-vous-store\/women-trousers-special-offer\/asciari-seline-pant-as0101-blue-jeans-rendez-vous-store\/#primaryimage\"},\"thumbnailUrl\":\"https:\/\/rendez-vous-store.com\/app\/uploads\/2025\/04\/IMG_0089.webp\",\"datePublished\":\"2025-04-08T10:10:16+00:00\",\"dateModified\":\"2026-03-16T18:05:04+00:00\",\"description\":\"Asciari is now on Rendez-vous Store. This Asciari Seline Pant AS0101 Blue Jeans is one of our most avant-garde and timeless pieces. Discover now.\",\"breadcrumb\":{\"@id\":\"https:\/\/rendez-vous-store.com\/shop\/special-offer-women-rendez-vous-store\/women-trousers-special-offer\/asciari-seline-pant-as0101-blue-jeans-rendez-vous-store\/#breadcrumb\"},\"inLanguage\":\"fr-FR\",\"potentialAction\":[{\"@type\":\"ReadAction\",\"target\":[\"https:\/\/rendez-vous-store.com\/shop\/special-offer-women-rendez-vous-store\/women-trousers-special-offer\/asciari-seline-pant-as0101-blue-jeans-rendez-vous-store\/\"]}]},{\"@type\":\"ImageObject\",\"inLanguage\":\"fr-FR\",\"@id\":\"https:\/\/rendez-vous-store.com\/shop\/special-offer-women-rendez-vous-store\/women-trousers-special-offer\/asciari-seline-pant-as0101-blue-jeans-rendez-vous-store\/#primaryimage\",\"url\":\"https:\/\/rendez-vous-store.com\/app\/uploads\/2025\/04\/IMG_0089.webp\",\"contentUrl\":\"https:\/\/rendez-vous-store.com\/app\/uploads\/2025\/04\/IMG_0089.webp\",\"width\":1696,\"height\":2560},{\"@type\":\"BreadcrumbList\",\"@id\":\"https:\/\/rendez-vous-store.com\/shop\/special-offer-women-rendez-vous-store\/women-trousers-special-offer\/asciari-seline-pant-as0101-blue-jeans-rendez-vous-store\/#breadcrumb\",\"itemListElement\":[{\"@type\":\"ListItem\",\"position\":1,\"name\":\"Home\",\"item\":\"https:\/\/rendez-vous-store.com\/\"},{\"@type\":\"ListItem\",\"position\":2,\"name\":\"Shop\",\"item\":\"https:\/\/www.rendez-vous-store.com\/shop\/\"},{\"@type\":\"ListItem\",\"position\":3,\"name\":\"Asciari &#8211; Seline Pant AS0101 &#8211; Blue Jeans\"}]},{\"@type\":\"WebSite\",\"@id\":\"https:\/\/rendez-vous-store.com\/#website\",\"url\":\"https:\/\/rendez-vous-store.com\/\",\"name\":\"RENDEZ-VOUS STORE\",\"description\":\"Slow Fashion for Women and Men\",\"potentialAction\":[{\"@type\":\"SearchAction\",\"target\":{\"@type\":\"EntryPoint\",\"urlTemplate\":\"https:\/\/rendez-vous-store.com\/?s={search_term_string}\"},\"query-input\":{\"@type\":\"PropertyValueSpecification\",\"valueRequired\":true,\"valueName\":\"search_term_string\"}}],\"inLanguage\":\"fr-FR\"}]}<\/script>\n<!-- \/ Yoast SEO plugin. -->","yoast_head_json":{"title":"Asciari Seline Pant AS0101 Blue Jeans","description":"Asciari is now on Rendez-vous Store. This Asciari Seline Pant AS0101 Blue Jeans is one of our most avant-garde and timeless pieces. Discover now.","robots":{"index":"index","follow":"follow","max-snippet":"max-snippet:-1","max-image-preview":"max-image-preview:large","max-video-preview":"max-video-preview:-1"},"canonical":"https:\/\/rendez-vous-store.com\/fr\/shop\/special-offer-women-rendez-vous-store\/women-trousers-special-offer\/asciari-seline-pant-as0101-blue-jeans-rendez-vous-store\/","og_locale":"fr_FR","og_type":"article","og_title":"Asciari Seline Pant AS0101 Blue Jeans","og_description":"Asciari is now on Rendez-vous Store. This Asciari Seline Pant AS0101 Blue Jeans is one of our most avant-garde and timeless pieces. Discover now.","og_url":"https:\/\/rendez-vous-store.com\/fr\/shop\/special-offer-women-rendez-vous-store\/women-trousers-special-offer\/asciari-seline-pant-as0101-blue-jeans-rendez-vous-store\/","og_site_name":"RENDEZ-VOUS STORE","article_modified_time":"2026-03-16T18:05:04+00:00","og_image":[{"width":1696,"height":2560,"url":"https:\/\/rendez-vous-store.com\/app\/uploads\/2025\/04\/IMG_0089.webp","type":"image\/webp"}],"twitter_card":"summary_large_image","twitter_misc":{"Est. reading time":"1 minute"},"schema":{"@context":"https:\/\/schema.org","@graph":[{"@type":"WebPage","@id":"https:\/\/rendez-vous-store.com\/shop\/special-offer-women-rendez-vous-store\/women-trousers-special-offer\/asciari-seline-pant-as0101-blue-jeans-rendez-vous-store\/","url":"https:\/\/rendez-vous-store.com\/shop\/special-offer-women-rendez-vous-store\/women-trousers-special-offer\/asciari-seline-pant-as0101-blue-jeans-rendez-vous-store\/","name":"Asciari Seline Pant AS0101 Blue Jeans","isPartOf":{"@id":"https:\/\/rendez-vous-store.com\/#website"},"primaryImageOfPage":{"@id":"https:\/\/rendez-vous-store.com\/shop\/special-offer-women-rendez-vous-store\/women-trousers-special-offer\/asciari-seline-pant-as0101-blue-jeans-rendez-vous-store\/#primaryimage"},"image":{"@id":"https:\/\/rendez-vous-store.com\/shop\/special-offer-women-rendez-vous-store\/women-trousers-special-offer\/asciari-seline-pant-as0101-blue-jeans-rendez-vous-store\/#primaryimage"},"thumbnailUrl":"https:\/\/rendez-vous-store.com\/app\/uploads\/2025\/04\/IMG_0089.webp","datePublished":"2025-04-08T10:10:16+00:00","dateModified":"2026-03-16T18:05:04+00:00","description":"Asciari is now on Rendez-vous Store. This Asciari Seline Pant AS0101 Blue Jeans is one of our most avant-garde and timeless pieces. Discover now.","breadcrumb":{"@id":"https:\/\/rendez-vous-store.com\/shop\/special-offer-women-rendez-vous-store\/women-trousers-special-offer\/asciari-seline-pant-as0101-blue-jeans-rendez-vous-store\/#breadcrumb"},"inLanguage":"fr-FR","potentialAction":[{"@type":"ReadAction","target":["https:\/\/rendez-vous-store.com\/shop\/special-offer-women-rendez-vous-store\/women-trousers-special-offer\/asciari-seline-pant-as0101-blue-jeans-rendez-vous-store\/"]}]},{"@type":"ImageObject","inLanguage":"fr-FR","@id":"https:\/\/rendez-vous-store.com\/shop\/special-offer-women-rendez-vous-store\/women-trousers-special-offer\/asciari-seline-pant-as0101-blue-jeans-rendez-vous-store\/#primaryimage","url":"https:\/\/rendez-vous-store.com\/app\/uploads\/2025\/04\/IMG_0089.webp","contentUrl":"https:\/\/rendez-vous-store.com\/app\/uploads\/2025\/04\/IMG_0089.webp","width":1696,"height":2560},{"@type":"BreadcrumbList","@id":"https:\/\/rendez-vous-store.com\/shop\/special-offer-women-rendez-vous-store\/women-trousers-special-offer\/asciari-seline-pant-as0101-blue-jeans-rendez-vous-store\/#breadcrumb","itemListElement":[{"@type":"ListItem","position":1,"name":"Home","item":"https:\/\/rendez-vous-store.com\/"},{"@type":"ListItem","position":2,"name":"Shop","item":"https:\/\/www.rendez-vous-store.com\/shop\/"},{"@type":"ListItem","position":3,"name":"Asciari &#8211; Seline Pant AS0101 &#8211; Blue Jeans"}]},{"@type":"WebSite","@id":"https:\/\/rendez-vous-store.com\/#website","url":"https:\/\/rendez-vous-store.com\/","name":"RENDEZ-VOUS STORE","description":"Slow Fashion for Women and Men","potentialAction":[{"@type":"SearchAction","target":{"@type":"EntryPoint","urlTemplate":"https:\/\/rendez-vous-store.com\/?s={search_term_string}"},"query-input":{"@type":"PropertyValueSpecification","valueRequired":true,"valueName":"search_term_string"}}],"inLanguage":"fr-FR"}]}},"_links":{"self":[{"href":"https:\/\/rendez-vous-store.com\/fr\/wp-json\/wp\/v2\/product\/201535","targetHints":{"allow":["GET"]}}],"collection":[{"href":"https:\/\/rendez-vous-store.com\/fr\/wp-json\/wp\/v2\/product"}],"about":[{"href":"https:\/\/rendez-vous-store.com\/fr\/wp-json\/wp\/v2\/types\/product"}],"wp:featuredmedia":[{"embeddable":true,"href":"https:\/\/rendez-vous-store.com\/fr\/wp-json\/wp\/v2\/media\/201996"}],"wp:attachment":[{"href":"https:\/\/rendez-vous-store.com\/fr\/wp-json\/wp\/v2\/media?parent=201535"}],"wp:term":[{"taxonomy":"product_brand","embeddable":true,"href":"https:\/\/rendez-vous-store.com\/fr\/wp-json\/wp\/v2\/product_brand?post=201535"},{"taxonomy":"product_cat","embeddable":true,"href":"https:\/\/rendez-vous-store.com\/fr\/wp-json\/wp\/v2\/product_cat?post=201535"},{"taxonomy":"product_tag","embeddable":true,"href":"https:\/\/rendez-vous-store.com\/fr\/wp-json\/wp\/v2\/product_tag?post=201535"}],"curies":[{"name":"wp","href":"https:\/\/api.w.org\/{rel}","templated":true}]}}