{"id":201287,"date":"2025-04-04T12:42:07","date_gmt":"2025-04-04T10:42:07","guid":{"rendered":"https:\/\/rendez-vous-store.com\/?post_type=product&#038;p=201287"},"modified":"2026-03-16T19:05:31","modified_gmt":"2026-03-16T18:05:31","slug":"comoli-pants-b01-03007-black-rendez-vous-store","status":"publish","type":"product","link":"https:\/\/rendez-vous-store.com\/fr\/shop\/men-selection-discover-our-selection-rendez-vous-store\/trousers-shorts-rendez-vous-store\/comoli-pants-b01-03007-black-rendez-vous-store\/","title":{"rendered":"Comoli - Pantalon B01-03007- Noir"},"content":{"rendered":"<p><strong>Pantalon Comoli B01-03007 Noir<\/strong><\/p>\n<p>Couleur : Noir<\/p>\n<p>Coupe oversize<\/p>\n<p>Taille \u00e9lastique<\/p>\n<p>Cordon de serrage<\/p>\n<p>Jambes larges<\/p>\n<p>Composition : 100% Coton<\/p>\n<p>Fabriqu\u00e9 au Japon<\/p>\n<p>&nbsp;<\/p>\n<p>&nbsp;<\/p>\n<p>&nbsp;<\/p>\n<p>&nbsp;<\/p>\n<p>&nbsp;<\/p>\n<h4>La marque<\/h4>\n<div class=\"flex-1 overflow-hidden\">\n<div class=\"react-scroll-to-bottom--css-azrec-79elbk h-full\">\n<div class=\"react-scroll-to-bottom--css-azrec-1n7m0yu\">\n<div class=\"flex flex-col text-sm pb-9\">\n<div class=\"w-full text-token-text-primary\" data-testid=\"conversation-turn-69\">\n<div class=\"px-4 py-2 justify-center text-base md:gap-6 m-auto\">\n<div class=\"flex flex-1 text-base mx-auto gap-3 md:px-5 lg:px-1 xl:px-5 md:max-w-3xl lg:max-w-[40rem] xl:max-w-[48rem] group final-completion\">\n<div class=\"relative flex w-full flex-col agent-turn\">\n<div class=\"flex-col gap-1 md:gap-3\">\n<div class=\"flex flex-grow flex-col max-w-full\">\n<div class=\"min-h-[20px] text-message flex flex-col items-start gap-3 whitespace-pre-wrap break-words [.text-message+&amp;]:mt-5 overflow-x-auto\" data-message-author-role=\"assistant\" data-message-id=\"063fea93-2e51-4801-be7e-67b35ce0c81a\">\n<div class=\"markdown prose w-full break-words dark:prose-invert light\">\n<p>Fond\u00e9e par Keijiro Komori, la marque de mode japonaise Comoli est devenue synonyme d'\u00e9l\u00e9gance intemporelle et de luxe raffin\u00e9. La marque est connue pour ses mod\u00e8les sophistiqu\u00e9s mais discrets et son savoir-faire impeccable. L'esth\u00e9tique de Comoli se caract\u00e9rise par des lignes \u00e9pur\u00e9es, des silhouettes minimalistes et des tissus luxueux, m\u00e9ticuleusement fabriqu\u00e9s au Japon \u00e0 l'aide de techniques traditionnelles et des mat\u00e9riaux les plus fins. Il en r\u00e9sulte des pi\u00e8ces qui exhalent sans effort une sophistication chic et discr\u00e8te.<\/p>\n<p>&nbsp;<\/p>\n<p>Comoli propose une gamme polyvalente de v\u00eatements pour hommes et femmes, comprenant des costumes sur mesure, des manteaux, des tricots d\u00e9contract\u00e9s et des v\u00eatements d\u00e9contract\u00e9s. Chaque pi\u00e8ce est \u00e9l\u00e9gante et chic, sans effort, et convient \u00e0 diverses occasions. Outre l'accent mis sur le design, Comoli accorde la priorit\u00e9 au d\u00e9veloppement durable et aux pratiques de production \u00e9thiques, minimisant ainsi son impact sur la plan\u00e8te en utilisant des mat\u00e9riaux et des m\u00e9thodes de fabrication respectueux de l'environnement.<\/p>\n<p>&nbsp;<\/p>\n<p>Avec son esth\u00e9tique intemporelle, son savoir-faire impeccable et son engagement en faveur du d\u00e9veloppement durable, Comoli invite les individus \u00e0 embrasser leur sens unique du style et \u00e0 s'exprimer avec confiance et cr\u00e9ativit\u00e9. Qu'il s'agisse de s'habiller pour le travail, les loisirs ou les occasions sp\u00e9ciales, Comoli offre un m\u00e9lange parfait de luxe, de confort et de sophistication.<\/p>\n<\/div>\n<\/div>\n<\/div>\n<\/div>\n<\/div>\n<\/div>\n<\/div>\n<\/div>\n<\/div>\n<\/div>\n<\/div>\n<\/div>","protected":false},"excerpt":{"rendered":"<p>Comoli Pants B01-03007 Black Color: Black Oversized fit Elasticated waistband Tightening cord Wide legs Composition: 100% Cotton Made in Japan &nbsp; &nbsp; &nbsp; &nbsp; &nbsp; The Brand Established by Keijiro Komori, Comoli, a Japanese fashion brand, has become synonymous with timeless elegance and refined luxury. The brand is known for its sophisticated yet understated designs&hellip; <a class=\"more-link\" href=\"https:\/\/rendez-vous-store.com\/fr\/shop\/men-selection-discover-our-selection-rendez-vous-store\/trousers-shorts-rendez-vous-store\/comoli-pants-b01-03007-black-rendez-vous-store\/\">Continue reading <span class=\"screen-reader-text\">Comoli - Pantalon B01-03007- Noir<\/span><\/a><\/p>","protected":false},"featured_media":202152,"template":"","meta":{"_acf_changed":false},"product_brand":[],"product_cat":[20,73],"product_tag":[424],"class_list":{"0":"post-201287","1":"product","2":"type-product","3":"status-publish","4":"has-post-thumbnail","6":"product_cat-men-selection-discover-our-selection-rendez-vous-store","7":"product_cat-trousers-shorts-rendez-vous-store","8":"product_tag-comoli","9":"entry","11":"first","12":"outofstock","13":"taxable","14":"shipping-taxable","15":"product-type-variable"},"acf":[],"yoast_head":"<!-- This site is optimized with the Yoast SEO plugin v24.9 - https:\/\/yoast.com\/wordpress\/plugins\/seo\/ -->\n<title>Comoli - Pants B01-03007- Black<\/title>\n<meta name=\"description\" content=\"Comoli is on Rendez-vous Store. This Comoli Pants B01-03007 Black is designed for everyday wear with an emphasis on fabric texture and weight.\" \/>\n<meta name=\"robots\" content=\"index, follow, max-snippet:-1, max-image-preview:large, max-video-preview:-1\" \/>\n<link rel=\"canonical\" href=\"https:\/\/rendez-vous-store.com\/fr\/shop\/men-selection-discover-our-selection-rendez-vous-store\/trousers-shorts-rendez-vous-store\/comoli-pants-b01-03007-black-rendez-vous-store\/\" \/>\n<meta property=\"og:locale\" content=\"fr_FR\" \/>\n<meta property=\"og:type\" content=\"article\" \/>\n<meta property=\"og:title\" content=\"Comoli - Pants B01-03007- Black\" \/>\n<meta property=\"og:description\" content=\"Comoli is on Rendez-vous Store. This Comoli Pants B01-03007 Black is designed for everyday wear with an emphasis on fabric texture and weight.\" \/>\n<meta property=\"og:url\" content=\"https:\/\/rendez-vous-store.com\/fr\/shop\/men-selection-discover-our-selection-rendez-vous-store\/trousers-shorts-rendez-vous-store\/comoli-pants-b01-03007-black-rendez-vous-store\/\" \/>\n<meta property=\"og:site_name\" content=\"RENDEZ-VOUS STORE\" \/>\n<meta property=\"article:modified_time\" content=\"2026-03-16T18:05:31+00:00\" \/>\n<meta property=\"og:image\" content=\"https:\/\/rendez-vous-store.com\/wp-content\/uploads\/2025\/03\/DC808006-F82A-445D-98C1-6502258C1986.webp\" \/>\n\t<meta property=\"og:image:width\" content=\"1696\" \/>\n\t<meta property=\"og:image:height\" content=\"2560\" \/>\n\t<meta property=\"og:image:type\" content=\"image\/webp\" \/>\n<meta name=\"twitter:card\" content=\"summary_large_image\" \/>\n<meta name=\"twitter:label1\" content=\"Est. reading time\" \/>\n\t<meta name=\"twitter:data1\" content=\"2 minutes\" \/>\n<script type=\"application\/ld+json\" class=\"yoast-schema-graph\">{\"@context\":\"https:\/\/schema.org\",\"@graph\":[{\"@type\":\"WebPage\",\"@id\":\"https:\/\/rendez-vous-store.com\/shop\/men-selection-discover-our-selection-rendez-vous-store\/trousers-shorts-rendez-vous-store\/comoli-pants-b01-03007-black-rendez-vous-store\/\",\"url\":\"https:\/\/rendez-vous-store.com\/shop\/men-selection-discover-our-selection-rendez-vous-store\/trousers-shorts-rendez-vous-store\/comoli-pants-b01-03007-black-rendez-vous-store\/\",\"name\":\"Comoli - Pants B01-03007- Black\",\"isPartOf\":{\"@id\":\"https:\/\/rendez-vous-store.com\/#website\"},\"primaryImageOfPage\":{\"@id\":\"https:\/\/rendez-vous-store.com\/shop\/men-selection-discover-our-selection-rendez-vous-store\/trousers-shorts-rendez-vous-store\/comoli-pants-b01-03007-black-rendez-vous-store\/#primaryimage\"},\"image\":{\"@id\":\"https:\/\/rendez-vous-store.com\/shop\/men-selection-discover-our-selection-rendez-vous-store\/trousers-shorts-rendez-vous-store\/comoli-pants-b01-03007-black-rendez-vous-store\/#primaryimage\"},\"thumbnailUrl\":\"https:\/\/rendez-vous-store.com\/app\/uploads\/2025\/03\/DC808006-F82A-445D-98C1-6502258C1986.webp\",\"datePublished\":\"2025-04-04T10:42:07+00:00\",\"dateModified\":\"2026-03-16T18:05:31+00:00\",\"description\":\"Comoli is on Rendez-vous Store. This Comoli Pants B01-03007 Black is designed for everyday wear with an emphasis on fabric texture and weight.\",\"breadcrumb\":{\"@id\":\"https:\/\/rendez-vous-store.com\/shop\/men-selection-discover-our-selection-rendez-vous-store\/trousers-shorts-rendez-vous-store\/comoli-pants-b01-03007-black-rendez-vous-store\/#breadcrumb\"},\"inLanguage\":\"fr-FR\",\"potentialAction\":[{\"@type\":\"ReadAction\",\"target\":[\"https:\/\/rendez-vous-store.com\/shop\/men-selection-discover-our-selection-rendez-vous-store\/trousers-shorts-rendez-vous-store\/comoli-pants-b01-03007-black-rendez-vous-store\/\"]}]},{\"@type\":\"ImageObject\",\"inLanguage\":\"fr-FR\",\"@id\":\"https:\/\/rendez-vous-store.com\/shop\/men-selection-discover-our-selection-rendez-vous-store\/trousers-shorts-rendez-vous-store\/comoli-pants-b01-03007-black-rendez-vous-store\/#primaryimage\",\"url\":\"https:\/\/rendez-vous-store.com\/app\/uploads\/2025\/03\/DC808006-F82A-445D-98C1-6502258C1986.webp\",\"contentUrl\":\"https:\/\/rendez-vous-store.com\/app\/uploads\/2025\/03\/DC808006-F82A-445D-98C1-6502258C1986.webp\",\"width\":1696,\"height\":2560},{\"@type\":\"BreadcrumbList\",\"@id\":\"https:\/\/rendez-vous-store.com\/shop\/men-selection-discover-our-selection-rendez-vous-store\/trousers-shorts-rendez-vous-store\/comoli-pants-b01-03007-black-rendez-vous-store\/#breadcrumb\",\"itemListElement\":[{\"@type\":\"ListItem\",\"position\":1,\"name\":\"Home\",\"item\":\"https:\/\/rendez-vous-store.com\/\"},{\"@type\":\"ListItem\",\"position\":2,\"name\":\"Shop\",\"item\":\"https:\/\/www.rendez-vous-store.com\/shop\/\"},{\"@type\":\"ListItem\",\"position\":3,\"name\":\"Comoli &#8211; Pants B01-03007- Black\"}]},{\"@type\":\"WebSite\",\"@id\":\"https:\/\/rendez-vous-store.com\/#website\",\"url\":\"https:\/\/rendez-vous-store.com\/\",\"name\":\"RENDEZ-VOUS STORE\",\"description\":\"Slow Fashion for Women and Men\",\"potentialAction\":[{\"@type\":\"SearchAction\",\"target\":{\"@type\":\"EntryPoint\",\"urlTemplate\":\"https:\/\/rendez-vous-store.com\/?s={search_term_string}\"},\"query-input\":{\"@type\":\"PropertyValueSpecification\",\"valueRequired\":true,\"valueName\":\"search_term_string\"}}],\"inLanguage\":\"fr-FR\"}]}<\/script>\n<!-- \/ Yoast SEO plugin. -->","yoast_head_json":{"title":"Comoli - Pants B01-03007- Black","description":"Comoli is on Rendez-vous Store. This Comoli Pants B01-03007 Black is designed for everyday wear with an emphasis on fabric texture and weight.","robots":{"index":"index","follow":"follow","max-snippet":"max-snippet:-1","max-image-preview":"max-image-preview:large","max-video-preview":"max-video-preview:-1"},"canonical":"https:\/\/rendez-vous-store.com\/fr\/shop\/men-selection-discover-our-selection-rendez-vous-store\/trousers-shorts-rendez-vous-store\/comoli-pants-b01-03007-black-rendez-vous-store\/","og_locale":"fr_FR","og_type":"article","og_title":"Comoli - Pants B01-03007- Black","og_description":"Comoli is on Rendez-vous Store. This Comoli Pants B01-03007 Black is designed for everyday wear with an emphasis on fabric texture and weight.","og_url":"https:\/\/rendez-vous-store.com\/fr\/shop\/men-selection-discover-our-selection-rendez-vous-store\/trousers-shorts-rendez-vous-store\/comoli-pants-b01-03007-black-rendez-vous-store\/","og_site_name":"RENDEZ-VOUS STORE","article_modified_time":"2026-03-16T18:05:31+00:00","og_image":[{"width":1696,"height":2560,"url":"https:\/\/rendez-vous-store.com\/wp-content\/uploads\/2025\/03\/DC808006-F82A-445D-98C1-6502258C1986.webp","type":"image\/webp"}],"twitter_card":"summary_large_image","twitter_misc":{"Est. reading time":"2 minutes"},"schema":{"@context":"https:\/\/schema.org","@graph":[{"@type":"WebPage","@id":"https:\/\/rendez-vous-store.com\/shop\/men-selection-discover-our-selection-rendez-vous-store\/trousers-shorts-rendez-vous-store\/comoli-pants-b01-03007-black-rendez-vous-store\/","url":"https:\/\/rendez-vous-store.com\/shop\/men-selection-discover-our-selection-rendez-vous-store\/trousers-shorts-rendez-vous-store\/comoli-pants-b01-03007-black-rendez-vous-store\/","name":"Comoli - Pants B01-03007- Black","isPartOf":{"@id":"https:\/\/rendez-vous-store.com\/#website"},"primaryImageOfPage":{"@id":"https:\/\/rendez-vous-store.com\/shop\/men-selection-discover-our-selection-rendez-vous-store\/trousers-shorts-rendez-vous-store\/comoli-pants-b01-03007-black-rendez-vous-store\/#primaryimage"},"image":{"@id":"https:\/\/rendez-vous-store.com\/shop\/men-selection-discover-our-selection-rendez-vous-store\/trousers-shorts-rendez-vous-store\/comoli-pants-b01-03007-black-rendez-vous-store\/#primaryimage"},"thumbnailUrl":"https:\/\/rendez-vous-store.com\/app\/uploads\/2025\/03\/DC808006-F82A-445D-98C1-6502258C1986.webp","datePublished":"2025-04-04T10:42:07+00:00","dateModified":"2026-03-16T18:05:31+00:00","description":"Comoli is on Rendez-vous Store. This Comoli Pants B01-03007 Black is designed for everyday wear with an emphasis on fabric texture and weight.","breadcrumb":{"@id":"https:\/\/rendez-vous-store.com\/shop\/men-selection-discover-our-selection-rendez-vous-store\/trousers-shorts-rendez-vous-store\/comoli-pants-b01-03007-black-rendez-vous-store\/#breadcrumb"},"inLanguage":"fr-FR","potentialAction":[{"@type":"ReadAction","target":["https:\/\/rendez-vous-store.com\/shop\/men-selection-discover-our-selection-rendez-vous-store\/trousers-shorts-rendez-vous-store\/comoli-pants-b01-03007-black-rendez-vous-store\/"]}]},{"@type":"ImageObject","inLanguage":"fr-FR","@id":"https:\/\/rendez-vous-store.com\/shop\/men-selection-discover-our-selection-rendez-vous-store\/trousers-shorts-rendez-vous-store\/comoli-pants-b01-03007-black-rendez-vous-store\/#primaryimage","url":"https:\/\/rendez-vous-store.com\/app\/uploads\/2025\/03\/DC808006-F82A-445D-98C1-6502258C1986.webp","contentUrl":"https:\/\/rendez-vous-store.com\/app\/uploads\/2025\/03\/DC808006-F82A-445D-98C1-6502258C1986.webp","width":1696,"height":2560},{"@type":"BreadcrumbList","@id":"https:\/\/rendez-vous-store.com\/shop\/men-selection-discover-our-selection-rendez-vous-store\/trousers-shorts-rendez-vous-store\/comoli-pants-b01-03007-black-rendez-vous-store\/#breadcrumb","itemListElement":[{"@type":"ListItem","position":1,"name":"Home","item":"https:\/\/rendez-vous-store.com\/"},{"@type":"ListItem","position":2,"name":"Shop","item":"https:\/\/www.rendez-vous-store.com\/shop\/"},{"@type":"ListItem","position":3,"name":"Comoli &#8211; Pants B01-03007- Black"}]},{"@type":"WebSite","@id":"https:\/\/rendez-vous-store.com\/#website","url":"https:\/\/rendez-vous-store.com\/","name":"RENDEZ-VOUS STORE","description":"Slow Fashion for Women and Men","potentialAction":[{"@type":"SearchAction","target":{"@type":"EntryPoint","urlTemplate":"https:\/\/rendez-vous-store.com\/?s={search_term_string}"},"query-input":{"@type":"PropertyValueSpecification","valueRequired":true,"valueName":"search_term_string"}}],"inLanguage":"fr-FR"}]}},"_links":{"self":[{"href":"https:\/\/rendez-vous-store.com\/fr\/wp-json\/wp\/v2\/product\/201287","targetHints":{"allow":["GET"]}}],"collection":[{"href":"https:\/\/rendez-vous-store.com\/fr\/wp-json\/wp\/v2\/product"}],"about":[{"href":"https:\/\/rendez-vous-store.com\/fr\/wp-json\/wp\/v2\/types\/product"}],"wp:featuredmedia":[{"embeddable":true,"href":"https:\/\/rendez-vous-store.com\/fr\/wp-json\/wp\/v2\/media\/202152"}],"wp:attachment":[{"href":"https:\/\/rendez-vous-store.com\/fr\/wp-json\/wp\/v2\/media?parent=201287"}],"wp:term":[{"taxonomy":"product_brand","embeddable":true,"href":"https:\/\/rendez-vous-store.com\/fr\/wp-json\/wp\/v2\/product_brand?post=201287"},{"taxonomy":"product_cat","embeddable":true,"href":"https:\/\/rendez-vous-store.com\/fr\/wp-json\/wp\/v2\/product_cat?post=201287"},{"taxonomy":"product_tag","embeddable":true,"href":"https:\/\/rendez-vous-store.com\/fr\/wp-json\/wp\/v2\/product_tag?post=201287"}],"curies":[{"name":"wp","href":"https:\/\/api.w.org\/{rel}","templated":true}]}}