{"id":201132,"date":"2025-04-03T12:45:41","date_gmt":"2025-04-03T10:45:41","guid":{"rendered":"https:\/\/rendez-vous-store.com\/?post_type=product&#038;p=201132"},"modified":"2026-04-14T14:29:21","modified_gmt":"2026-04-14T12:29:21","slug":"apuntob-dress-p1959-ts875-poppy-blu-rendez-vous-store","status":"publish","type":"product","link":"https:\/\/rendez-vous-store.com\/fr\/shop\/special-offer-women-rendez-vous-store\/women-dress-special-offer-rendez-vous-store\/apuntob-dress-p1959-ts875-poppy-blu-rendez-vous-store\/","title":{"rendered":"ApuntoB - Robe P1959\/TS875 - Poppy Blu"},"content":{"rendered":"<p><strong>ApuntoB Robe P1959\/TS875 Poppy Blu<\/strong><\/p>\n<p>Couleur : Poppy Blu<\/p>\n<p>Robe midi<\/p>\n<p>Col bateau<\/p>\n<p>Coupe d\u00e9contract\u00e9e<\/p>\n<p>Manches mi-longues<\/p>\n<p>Composition : 100% Lin<\/p>\n<p>Fabriqu\u00e9 en Italie<\/p>\n<p>&nbsp;<\/p>\n<p>Les robes ApuntoB P1959\/TS875 Poppy Blu red\u00e9finissent l'\u00e9l\u00e9gance de tous les jours, avec un style sans faille et une polyvalence infinie. Sa silhouette fluide et sa confection italienne impeccable offrent un \u00e9quilibre parfait entre confort et sophistication. Qu'il soit habill\u00e9 ou port\u00e9 de fa\u00e7on d\u00e9contract\u00e9e, ce pantalon intemporel apporte une touche de simplicit\u00e9 raffin\u00e9e \u00e0 toute garde-robe.<\/p>\n<p>&nbsp;<\/p>\n<p>&nbsp;<\/p>\n<p>&nbsp;<\/p>\n<h4>La marque<\/h4>\n<p>L'essence de l'\u00e9l\u00e9gance italienne se retrouve chez Apuntob, une marque distingu\u00e9e, r\u00e9put\u00e9e pour ses cr\u00e9ations intemporelles. Fond\u00e9e sur le principe que les v\u00eatements sont le reflet du style de vie et de l'identit\u00e9 de chacun, ApuntoB confectionne m\u00e9ticuleusement chaque pi\u00e8ce pour qu'elle incarne la simplicit\u00e9 et la sophistication.<\/p>\n<p>Au c\u0153ur de la philosophie d'ApuntoB se trouve un engagement ancr\u00e9 en faveur de la qualit\u00e9 et de l'artisanat. La qu\u00eate de perfection transpara\u00eet dans l\u2019exploration continue des mati\u00e8res et des silhouettes, ainsi que dans le soin minutieux accord\u00e9 \u00e0 chaque d\u00e9tail. \u00c0 chaque point de couture, ApuntoB s'efforce de cr\u00e9er des v\u00eatements qui transcendent les tendances \u00e9ph\u00e9m\u00e8res, offrant un style durable et une grande polyvalence.<\/p>","protected":false},"excerpt":{"rendered":"<p>ApuntoB Dress P1959\/TS875 Poppy Blu Color: Poppy Blu Midi dress Boat Collar Relaxed\u00a0 fit Mid-length sleeves Composition: 100% Linen Made in Italy &nbsp; Effortlessly stylish and endlessly versatile, the ApuntoB Dress P1959\/TS875 Poppy Blu redefine everyday elegance. Their fluid silhouette and impeccable Italian craftsmanship offer the perfect balance of comfort and sophistication. Whether dressed up&hellip; <a class=\"more-link\" href=\"https:\/\/rendez-vous-store.com\/fr\/shop\/special-offer-women-rendez-vous-store\/women-dress-special-offer-rendez-vous-store\/apuntob-dress-p1959-ts875-poppy-blu-rendez-vous-store\/\">Continuer la lecture <span class=\"screen-reader-text\">ApuntoB - Robe P1959\/TS875 - Poppy Blu<\/span><\/a><\/p>","protected":false},"featured_media":204124,"template":"","meta":{"_acf_changed":false},"product_brand":[],"product_cat":[1291,1337,1335,17,376],"product_tag":[281],"class_list":{"0":"post-201132","1":"product","2":"type-product","3":"status-publish","4":"has-post-thumbnail","6":"product_cat-sale-30","7":"product_cat-women-dress-special-offer-rendez-vous-store","8":"product_cat-special-offer-women-rendez-vous-store","9":"product_cat-women","10":"product_cat-women-dresses-rendez-vous-store","11":"product_tag-apuntob-rendez-vous-store","12":"entry","14":"first","15":"outofstock","16":"taxable","17":"shipping-taxable","18":"product-type-variable"},"acf":[],"yoast_head":"<!-- This site is optimized with the Yoast SEO plugin v24.9 - https:\/\/yoast.com\/wordpress\/plugins\/seo\/ -->\n<title>ApuntoB Dress P1959\/TS875 Poppy Blu<\/title>\n<meta name=\"description\" content=\"This ApuntoB Dress P1959\/TS875 Poppy Blu is characterized by the endless research for beautiful shapes, fabrics and cuts by the brand. Discover now.\" \/>\n<meta name=\"robots\" content=\"index, follow, max-snippet:-1, max-image-preview:large, max-video-preview:-1\" \/>\n<link rel=\"canonical\" href=\"https:\/\/rendez-vous-store.com\/fr\/shop\/special-offer-women-rendez-vous-store\/women-dress-special-offer-rendez-vous-store\/apuntob-dress-p1959-ts875-poppy-blu-rendez-vous-store\/\" \/>\n<meta property=\"og:locale\" content=\"fr_FR\" \/>\n<meta property=\"og:type\" content=\"article\" \/>\n<meta property=\"og:title\" content=\"ApuntoB Dress P1959\/TS875 Poppy Blu\" \/>\n<meta property=\"og:description\" content=\"This ApuntoB Dress P1959\/TS875 Poppy Blu is characterized by the endless research for beautiful shapes, fabrics and cuts by the brand. Discover now.\" \/>\n<meta property=\"og:url\" content=\"https:\/\/rendez-vous-store.com\/fr\/shop\/special-offer-women-rendez-vous-store\/women-dress-special-offer-rendez-vous-store\/apuntob-dress-p1959-ts875-poppy-blu-rendez-vous-store\/\" \/>\n<meta property=\"og:site_name\" content=\"RENDEZ-VOUS STORE\" \/>\n<meta property=\"article:modified_time\" content=\"2026-04-14T12:29:21+00:00\" \/>\n<meta property=\"og:image\" content=\"https:\/\/rendez-vous-store.com\/app\/uploads\/2025\/04\/IMG_0310-2.webp\" \/>\n\t<meta property=\"og:image:width\" content=\"1696\" \/>\n\t<meta property=\"og:image:height\" content=\"2560\" \/>\n\t<meta property=\"og:image:type\" content=\"image\/webp\" \/>\n<meta name=\"twitter:card\" content=\"summary_large_image\" \/>\n<meta name=\"twitter:label1\" content=\"Est. reading time\" \/>\n\t<meta name=\"twitter:data1\" content=\"1 minute\" \/>\n<script type=\"application\/ld+json\" class=\"yoast-schema-graph\">{\"@context\":\"https:\/\/schema.org\",\"@graph\":[{\"@type\":\"WebPage\",\"@id\":\"https:\/\/rendez-vous-store.com\/shop\/special-offer-women-rendez-vous-store\/women-dress-special-offer-rendez-vous-store\/apuntob-dress-p1959-ts875-poppy-blu-rendez-vous-store\/\",\"url\":\"https:\/\/rendez-vous-store.com\/shop\/special-offer-women-rendez-vous-store\/women-dress-special-offer-rendez-vous-store\/apuntob-dress-p1959-ts875-poppy-blu-rendez-vous-store\/\",\"name\":\"ApuntoB Dress P1959\/TS875 Poppy Blu\",\"isPartOf\":{\"@id\":\"https:\/\/rendez-vous-store.com\/#website\"},\"primaryImageOfPage\":{\"@id\":\"https:\/\/rendez-vous-store.com\/shop\/special-offer-women-rendez-vous-store\/women-dress-special-offer-rendez-vous-store\/apuntob-dress-p1959-ts875-poppy-blu-rendez-vous-store\/#primaryimage\"},\"image\":{\"@id\":\"https:\/\/rendez-vous-store.com\/shop\/special-offer-women-rendez-vous-store\/women-dress-special-offer-rendez-vous-store\/apuntob-dress-p1959-ts875-poppy-blu-rendez-vous-store\/#primaryimage\"},\"thumbnailUrl\":\"https:\/\/rendez-vous-store.com\/app\/uploads\/2025\/04\/IMG_0310-2.webp\",\"datePublished\":\"2025-04-03T10:45:41+00:00\",\"dateModified\":\"2026-04-14T12:29:21+00:00\",\"description\":\"This ApuntoB Dress P1959\/TS875 Poppy Blu is characterized by the endless research for beautiful shapes, fabrics and cuts by the brand. Discover now.\",\"breadcrumb\":{\"@id\":\"https:\/\/rendez-vous-store.com\/shop\/special-offer-women-rendez-vous-store\/women-dress-special-offer-rendez-vous-store\/apuntob-dress-p1959-ts875-poppy-blu-rendez-vous-store\/#breadcrumb\"},\"inLanguage\":\"fr-FR\",\"potentialAction\":[{\"@type\":\"ReadAction\",\"target\":[\"https:\/\/rendez-vous-store.com\/shop\/special-offer-women-rendez-vous-store\/women-dress-special-offer-rendez-vous-store\/apuntob-dress-p1959-ts875-poppy-blu-rendez-vous-store\/\"]}]},{\"@type\":\"ImageObject\",\"inLanguage\":\"fr-FR\",\"@id\":\"https:\/\/rendez-vous-store.com\/shop\/special-offer-women-rendez-vous-store\/women-dress-special-offer-rendez-vous-store\/apuntob-dress-p1959-ts875-poppy-blu-rendez-vous-store\/#primaryimage\",\"url\":\"https:\/\/rendez-vous-store.com\/app\/uploads\/2025\/04\/IMG_0310-2.webp\",\"contentUrl\":\"https:\/\/rendez-vous-store.com\/app\/uploads\/2025\/04\/IMG_0310-2.webp\",\"width\":1696,\"height\":2560},{\"@type\":\"BreadcrumbList\",\"@id\":\"https:\/\/rendez-vous-store.com\/shop\/special-offer-women-rendez-vous-store\/women-dress-special-offer-rendez-vous-store\/apuntob-dress-p1959-ts875-poppy-blu-rendez-vous-store\/#breadcrumb\",\"itemListElement\":[{\"@type\":\"ListItem\",\"position\":1,\"name\":\"Home\",\"item\":\"https:\/\/rendez-vous-store.com\/\"},{\"@type\":\"ListItem\",\"position\":2,\"name\":\"Shop\",\"item\":\"https:\/\/www.rendez-vous-store.com\/shop\/\"},{\"@type\":\"ListItem\",\"position\":3,\"name\":\"ApuntoB &#8211; Dress P1959\/TS875 &#8211; Poppy Blu\"}]},{\"@type\":\"WebSite\",\"@id\":\"https:\/\/rendez-vous-store.com\/#website\",\"url\":\"https:\/\/rendez-vous-store.com\/\",\"name\":\"RENDEZ-VOUS STORE\",\"description\":\"Slow Fashion for Women and Men\",\"potentialAction\":[{\"@type\":\"SearchAction\",\"target\":{\"@type\":\"EntryPoint\",\"urlTemplate\":\"https:\/\/rendez-vous-store.com\/?s={search_term_string}\"},\"query-input\":{\"@type\":\"PropertyValueSpecification\",\"valueRequired\":true,\"valueName\":\"search_term_string\"}}],\"inLanguage\":\"fr-FR\"}]}<\/script>\n<!-- \/ Yoast SEO plugin. -->","yoast_head_json":{"title":"ApuntoB Dress P1959\/TS875 Poppy Blu","description":"This ApuntoB Dress P1959\/TS875 Poppy Blu is characterized by the endless research for beautiful shapes, fabrics and cuts by the brand. Discover now.","robots":{"index":"index","follow":"follow","max-snippet":"max-snippet:-1","max-image-preview":"max-image-preview:large","max-video-preview":"max-video-preview:-1"},"canonical":"https:\/\/rendez-vous-store.com\/fr\/shop\/special-offer-women-rendez-vous-store\/women-dress-special-offer-rendez-vous-store\/apuntob-dress-p1959-ts875-poppy-blu-rendez-vous-store\/","og_locale":"fr_FR","og_type":"article","og_title":"ApuntoB Dress P1959\/TS875 Poppy Blu","og_description":"This ApuntoB Dress P1959\/TS875 Poppy Blu is characterized by the endless research for beautiful shapes, fabrics and cuts by the brand. Discover now.","og_url":"https:\/\/rendez-vous-store.com\/fr\/shop\/special-offer-women-rendez-vous-store\/women-dress-special-offer-rendez-vous-store\/apuntob-dress-p1959-ts875-poppy-blu-rendez-vous-store\/","og_site_name":"RENDEZ-VOUS STORE","article_modified_time":"2026-04-14T12:29:21+00:00","og_image":[{"width":1696,"height":2560,"url":"https:\/\/rendez-vous-store.com\/app\/uploads\/2025\/04\/IMG_0310-2.webp","type":"image\/webp"}],"twitter_card":"summary_large_image","twitter_misc":{"Est. reading time":"1 minute"},"schema":{"@context":"https:\/\/schema.org","@graph":[{"@type":"WebPage","@id":"https:\/\/rendez-vous-store.com\/shop\/special-offer-women-rendez-vous-store\/women-dress-special-offer-rendez-vous-store\/apuntob-dress-p1959-ts875-poppy-blu-rendez-vous-store\/","url":"https:\/\/rendez-vous-store.com\/shop\/special-offer-women-rendez-vous-store\/women-dress-special-offer-rendez-vous-store\/apuntob-dress-p1959-ts875-poppy-blu-rendez-vous-store\/","name":"ApuntoB Dress P1959\/TS875 Poppy Blu","isPartOf":{"@id":"https:\/\/rendez-vous-store.com\/#website"},"primaryImageOfPage":{"@id":"https:\/\/rendez-vous-store.com\/shop\/special-offer-women-rendez-vous-store\/women-dress-special-offer-rendez-vous-store\/apuntob-dress-p1959-ts875-poppy-blu-rendez-vous-store\/#primaryimage"},"image":{"@id":"https:\/\/rendez-vous-store.com\/shop\/special-offer-women-rendez-vous-store\/women-dress-special-offer-rendez-vous-store\/apuntob-dress-p1959-ts875-poppy-blu-rendez-vous-store\/#primaryimage"},"thumbnailUrl":"https:\/\/rendez-vous-store.com\/app\/uploads\/2025\/04\/IMG_0310-2.webp","datePublished":"2025-04-03T10:45:41+00:00","dateModified":"2026-04-14T12:29:21+00:00","description":"This ApuntoB Dress P1959\/TS875 Poppy Blu is characterized by the endless research for beautiful shapes, fabrics and cuts by the brand. Discover now.","breadcrumb":{"@id":"https:\/\/rendez-vous-store.com\/shop\/special-offer-women-rendez-vous-store\/women-dress-special-offer-rendez-vous-store\/apuntob-dress-p1959-ts875-poppy-blu-rendez-vous-store\/#breadcrumb"},"inLanguage":"fr-FR","potentialAction":[{"@type":"ReadAction","target":["https:\/\/rendez-vous-store.com\/shop\/special-offer-women-rendez-vous-store\/women-dress-special-offer-rendez-vous-store\/apuntob-dress-p1959-ts875-poppy-blu-rendez-vous-store\/"]}]},{"@type":"ImageObject","inLanguage":"fr-FR","@id":"https:\/\/rendez-vous-store.com\/shop\/special-offer-women-rendez-vous-store\/women-dress-special-offer-rendez-vous-store\/apuntob-dress-p1959-ts875-poppy-blu-rendez-vous-store\/#primaryimage","url":"https:\/\/rendez-vous-store.com\/app\/uploads\/2025\/04\/IMG_0310-2.webp","contentUrl":"https:\/\/rendez-vous-store.com\/app\/uploads\/2025\/04\/IMG_0310-2.webp","width":1696,"height":2560},{"@type":"BreadcrumbList","@id":"https:\/\/rendez-vous-store.com\/shop\/special-offer-women-rendez-vous-store\/women-dress-special-offer-rendez-vous-store\/apuntob-dress-p1959-ts875-poppy-blu-rendez-vous-store\/#breadcrumb","itemListElement":[{"@type":"ListItem","position":1,"name":"Home","item":"https:\/\/rendez-vous-store.com\/"},{"@type":"ListItem","position":2,"name":"Shop","item":"https:\/\/www.rendez-vous-store.com\/shop\/"},{"@type":"ListItem","position":3,"name":"ApuntoB &#8211; Dress P1959\/TS875 &#8211; Poppy Blu"}]},{"@type":"WebSite","@id":"https:\/\/rendez-vous-store.com\/#website","url":"https:\/\/rendez-vous-store.com\/","name":"RENDEZ-VOUS STORE","description":"Slow Fashion for Women and Men","potentialAction":[{"@type":"SearchAction","target":{"@type":"EntryPoint","urlTemplate":"https:\/\/rendez-vous-store.com\/?s={search_term_string}"},"query-input":{"@type":"PropertyValueSpecification","valueRequired":true,"valueName":"search_term_string"}}],"inLanguage":"fr-FR"}]}},"_links":{"self":[{"href":"https:\/\/rendez-vous-store.com\/fr\/wp-json\/wp\/v2\/product\/201132","targetHints":{"allow":["GET"]}}],"collection":[{"href":"https:\/\/rendez-vous-store.com\/fr\/wp-json\/wp\/v2\/product"}],"about":[{"href":"https:\/\/rendez-vous-store.com\/fr\/wp-json\/wp\/v2\/types\/product"}],"wp:featuredmedia":[{"embeddable":true,"href":"https:\/\/rendez-vous-store.com\/fr\/wp-json\/wp\/v2\/media\/204124"}],"wp:attachment":[{"href":"https:\/\/rendez-vous-store.com\/fr\/wp-json\/wp\/v2\/media?parent=201132"}],"wp:term":[{"taxonomy":"product_brand","embeddable":true,"href":"https:\/\/rendez-vous-store.com\/fr\/wp-json\/wp\/v2\/product_brand?post=201132"},{"taxonomy":"product_cat","embeddable":true,"href":"https:\/\/rendez-vous-store.com\/fr\/wp-json\/wp\/v2\/product_cat?post=201132"},{"taxonomy":"product_tag","embeddable":true,"href":"https:\/\/rendez-vous-store.com\/fr\/wp-json\/wp\/v2\/product_tag?post=201132"}],"curies":[{"name":"wp","href":"https:\/\/api.w.org\/{rel}","templated":true}]}}