{"id":200965,"date":"2025-04-02T15:18:27","date_gmt":"2025-04-02T13:18:27","guid":{"rendered":"https:\/\/rendez-vous-store.com\/?post_type=product&#038;p=200965"},"modified":"2026-04-24T15:56:52","modified_gmt":"2026-04-24T13:56:52","slug":"wright-doyle-single-pleat-trousers-wd-097-h-hay-rendez-vous-store","status":"publish","type":"product","link":"https:\/\/rendez-vous-store.com\/fr\/shop\/women\/trousers-skirts-discover-our-selection-rendez-vous-store\/wright-doyle-single-pleat-trousers-wd-097-h-hay-rendez-vous-store\/","title":{"rendered":"WRIGHT &amp; DOYLE - PANTALON \u00c0 PLIS SIMPLES WD-097-H - HAY"},"content":{"rendered":"<p><strong>PANTALON \u00c0 PLIS SIMPLES WRIGHT &amp; DOYLE WD-097-H HAY<\/strong><\/p>\n<p>Couleur : Beige<\/p>\n<p>Silhouette d\u00e9contract\u00e9e<\/p>\n<p>2 poches lat\u00e9rales avant<\/p>\n<p>2 poches arri\u00e8re avec rabats boutonn\u00e9s<\/p>\n<p>Ceinture s\u00e9curis\u00e9e par un crochet et une barre avec extension de ceinture pour la fixer dans les passants de la ceinture<\/p>\n<p>Ouverture zipp\u00e9e sur le devant<\/p>\n<p>Composition : 100% Laine vierge<\/p>\n<p>Fabriqu\u00e9 au Portugal<\/p>\n<p>&nbsp;<\/p>\n<p>&nbsp;<\/p>\n<p>&nbsp;<\/p>\n<p>&nbsp;<\/p>\n<p>&nbsp;<\/p>\n<h4>La marque<\/h4>\n<p>Wright + Doyle est une marque interdisciplinaire qui s'appuie sur les principes d'une relation visuelle forte entre les v\u00eatements de travail, les objets, les paysages et les jardins. Tir\u00e9e d'une carri\u00e8re de 18 ans dans la mode de luxe en tant que styliste et mod\u00e9liste, la coupe et la fabrication sont \u00e0 la base du processus de conception de Wright + Doyle.<\/p>\n<p>Apr\u00e8s avoir quitt\u00e9 Londres pour s'installer au fin fond du Dorset, ils ont transform\u00e9 une \u00e9table en maison pour eux et leurs gar\u00e7ons. Une petite exploitation qui, avec le temps, devient notre studio et l'espace pour propager et introduire les plantes de Matt, ainsi qu'un petit troupeau de moutons, des poulets et des terres qui, au fil des ans, nous fournissent une grande partie de ce dont nous avons besoin pour nous nourrir et vivre une vie \u00e9quilibr\u00e9e.<\/p>\n<p>Ils travaillent avec des artistes et des fabricants qui s'alignent sur notre pratique et l'enrichissent, et sont fiers d'entretenir des relations de longue date avec des usines italiennes, portugaises et galloises s\u00e9lectionn\u00e9es, qui cr\u00e9ent des tissus hautement r\u00e9fl\u00e9chis pour chaque collection.<\/p>","protected":false},"excerpt":{"rendered":"<p>WRIGHT &amp; DOYLE SINGLE PLEAT TROUSERS WD-097-H HAY Color: Beige Relaxed silhouette 2 front side pockets 2 back pockets with button flaps Waistband secured by hook and bar with belt extension detail to secure through belt loops Fly front zip opening Composition: 100% Virgin Wool Made in Portugal &nbsp; &nbsp; &nbsp; &nbsp; &nbsp; The Brand&hellip; <a class=\"more-link\" href=\"https:\/\/rendez-vous-store.com\/fr\/shop\/women\/trousers-skirts-discover-our-selection-rendez-vous-store\/wright-doyle-single-pleat-trousers-wd-097-h-hay-rendez-vous-store\/\">Continuer la lecture <span class=\"screen-reader-text\">WRIGHT &amp; DOYLE - PANTALON \u00c0 PLIS SIMPLES WD-097-H - HAY<\/span><\/a><\/p>","protected":false},"featured_media":201396,"template":"","meta":{"_acf_changed":false},"product_brand":[],"product_cat":[17,1062,182],"product_tag":[1163],"class_list":{"0":"post-200965","1":"product","2":"type-product","3":"status-publish","4":"has-post-thumbnail","6":"product_cat-women","7":"product_cat-new-women-selection-rendez-vous-store","8":"product_cat-trousers-skirts-discover-our-selection-rendez-vous-store","9":"product_tag-wright-doyle-designers-rendez-vous-store","10":"entry","12":"first","13":"outofstock","14":"taxable","15":"shipping-taxable","16":"product-type-variable"},"acf":[],"yoast_head":"<!-- This site is optimized with the Yoast SEO plugin v24.9 - https:\/\/yoast.com\/wordpress\/plugins\/seo\/ -->\n<title>WRIGHT &amp; DOYLE SINGLE PLEAT TROUSERS WD-097-H HAY<\/title>\n<meta name=\"description\" content=\"WRIGHT &amp; DOYLE is on Rendez-vous Store. This WRIGHT &amp; DOYLE SINGLE PLEAT TROUSERS WD-097-H HAY is part of the Spring\/Summer collection.\" \/>\n<meta name=\"robots\" content=\"index, follow, max-snippet:-1, max-image-preview:large, max-video-preview:-1\" \/>\n<link rel=\"canonical\" href=\"https:\/\/rendez-vous-store.com\/fr\/shop\/women\/trousers-skirts-discover-our-selection-rendez-vous-store\/wright-doyle-single-pleat-trousers-wd-097-h-hay-rendez-vous-store\/\" \/>\n<meta property=\"og:locale\" content=\"fr_FR\" \/>\n<meta property=\"og:type\" content=\"article\" \/>\n<meta property=\"og:title\" content=\"WRIGHT &amp; DOYLE SINGLE PLEAT TROUSERS WD-097-H HAY\" \/>\n<meta property=\"og:description\" content=\"WRIGHT &amp; DOYLE is on Rendez-vous Store. This WRIGHT &amp; DOYLE SINGLE PLEAT TROUSERS WD-097-H HAY is part of the Spring\/Summer collection.\" \/>\n<meta property=\"og:url\" content=\"https:\/\/rendez-vous-store.com\/fr\/shop\/women\/trousers-skirts-discover-our-selection-rendez-vous-store\/wright-doyle-single-pleat-trousers-wd-097-h-hay-rendez-vous-store\/\" \/>\n<meta property=\"og:site_name\" content=\"RENDEZ-VOUS STORE\" \/>\n<meta property=\"article:modified_time\" content=\"2026-04-24T13:56:52+00:00\" \/>\n<meta property=\"og:image\" content=\"https:\/\/rendez-vous-store.com\/wp-content\/uploads\/2025\/04\/IMG_1713.webp\" \/>\n\t<meta property=\"og:image:width\" content=\"1696\" \/>\n\t<meta property=\"og:image:height\" content=\"2560\" \/>\n\t<meta property=\"og:image:type\" content=\"image\/webp\" \/>\n<meta name=\"twitter:card\" content=\"summary_large_image\" \/>\n<meta name=\"twitter:label1\" content=\"Est. reading time\" \/>\n\t<meta name=\"twitter:data1\" content=\"2 minutes\" \/>\n<script type=\"application\/ld+json\" class=\"yoast-schema-graph\">{\"@context\":\"https:\/\/schema.org\",\"@graph\":[{\"@type\":\"WebPage\",\"@id\":\"https:\/\/rendez-vous-store.com\/shop\/women\/trousers-skirts-discover-our-selection-rendez-vous-store\/wright-doyle-single-pleat-trousers-wd-097-h-hay-rendez-vous-store\/\",\"url\":\"https:\/\/rendez-vous-store.com\/shop\/women\/trousers-skirts-discover-our-selection-rendez-vous-store\/wright-doyle-single-pleat-trousers-wd-097-h-hay-rendez-vous-store\/\",\"name\":\"WRIGHT & DOYLE SINGLE PLEAT TROUSERS WD-097-H HAY\",\"isPartOf\":{\"@id\":\"https:\/\/rendez-vous-store.com\/#website\"},\"primaryImageOfPage\":{\"@id\":\"https:\/\/rendez-vous-store.com\/shop\/women\/trousers-skirts-discover-our-selection-rendez-vous-store\/wright-doyle-single-pleat-trousers-wd-097-h-hay-rendez-vous-store\/#primaryimage\"},\"image\":{\"@id\":\"https:\/\/rendez-vous-store.com\/shop\/women\/trousers-skirts-discover-our-selection-rendez-vous-store\/wright-doyle-single-pleat-trousers-wd-097-h-hay-rendez-vous-store\/#primaryimage\"},\"thumbnailUrl\":\"https:\/\/rendez-vous-store.com\/app\/uploads\/2025\/04\/IMG_1713.webp\",\"datePublished\":\"2025-04-02T13:18:27+00:00\",\"dateModified\":\"2026-04-24T13:56:52+00:00\",\"description\":\"WRIGHT & DOYLE is on Rendez-vous Store. This WRIGHT & DOYLE SINGLE PLEAT TROUSERS WD-097-H HAY is part of the Spring\/Summer collection.\",\"breadcrumb\":{\"@id\":\"https:\/\/rendez-vous-store.com\/shop\/women\/trousers-skirts-discover-our-selection-rendez-vous-store\/wright-doyle-single-pleat-trousers-wd-097-h-hay-rendez-vous-store\/#breadcrumb\"},\"inLanguage\":\"fr-FR\",\"potentialAction\":[{\"@type\":\"ReadAction\",\"target\":[\"https:\/\/rendez-vous-store.com\/shop\/women\/trousers-skirts-discover-our-selection-rendez-vous-store\/wright-doyle-single-pleat-trousers-wd-097-h-hay-rendez-vous-store\/\"]}]},{\"@type\":\"ImageObject\",\"inLanguage\":\"fr-FR\",\"@id\":\"https:\/\/rendez-vous-store.com\/shop\/women\/trousers-skirts-discover-our-selection-rendez-vous-store\/wright-doyle-single-pleat-trousers-wd-097-h-hay-rendez-vous-store\/#primaryimage\",\"url\":\"https:\/\/rendez-vous-store.com\/app\/uploads\/2025\/04\/IMG_1713.webp\",\"contentUrl\":\"https:\/\/rendez-vous-store.com\/app\/uploads\/2025\/04\/IMG_1713.webp\",\"width\":1696,\"height\":2560},{\"@type\":\"BreadcrumbList\",\"@id\":\"https:\/\/rendez-vous-store.com\/shop\/women\/trousers-skirts-discover-our-selection-rendez-vous-store\/wright-doyle-single-pleat-trousers-wd-097-h-hay-rendez-vous-store\/#breadcrumb\",\"itemListElement\":[{\"@type\":\"ListItem\",\"position\":1,\"name\":\"Home\",\"item\":\"https:\/\/rendez-vous-store.com\/\"},{\"@type\":\"ListItem\",\"position\":2,\"name\":\"Shop\",\"item\":\"https:\/\/www.rendez-vous-store.com\/shop\/\"},{\"@type\":\"ListItem\",\"position\":3,\"name\":\"WRIGHT &amp; DOYLE &#8211; SINGLE PLEAT TROUSERS WD-097-H &#8211; HAY\"}]},{\"@type\":\"WebSite\",\"@id\":\"https:\/\/rendez-vous-store.com\/#website\",\"url\":\"https:\/\/rendez-vous-store.com\/\",\"name\":\"RENDEZ-VOUS STORE\",\"description\":\"Slow Fashion for Women and Men\",\"potentialAction\":[{\"@type\":\"SearchAction\",\"target\":{\"@type\":\"EntryPoint\",\"urlTemplate\":\"https:\/\/rendez-vous-store.com\/?s={search_term_string}\"},\"query-input\":{\"@type\":\"PropertyValueSpecification\",\"valueRequired\":true,\"valueName\":\"search_term_string\"}}],\"inLanguage\":\"fr-FR\"}]}<\/script>\n<!-- \/ Yoast SEO plugin. -->","yoast_head_json":{"title":"WRIGHT & DOYLE SINGLE PLEAT TROUSERS WD-097-H HAY","description":"WRIGHT & DOYLE is on Rendez-vous Store. This WRIGHT & DOYLE SINGLE PLEAT TROUSERS WD-097-H HAY is part of the Spring\/Summer collection.","robots":{"index":"index","follow":"follow","max-snippet":"max-snippet:-1","max-image-preview":"max-image-preview:large","max-video-preview":"max-video-preview:-1"},"canonical":"https:\/\/rendez-vous-store.com\/fr\/shop\/women\/trousers-skirts-discover-our-selection-rendez-vous-store\/wright-doyle-single-pleat-trousers-wd-097-h-hay-rendez-vous-store\/","og_locale":"fr_FR","og_type":"article","og_title":"WRIGHT & DOYLE SINGLE PLEAT TROUSERS WD-097-H HAY","og_description":"WRIGHT & DOYLE is on Rendez-vous Store. This WRIGHT & DOYLE SINGLE PLEAT TROUSERS WD-097-H HAY is part of the Spring\/Summer collection.","og_url":"https:\/\/rendez-vous-store.com\/fr\/shop\/women\/trousers-skirts-discover-our-selection-rendez-vous-store\/wright-doyle-single-pleat-trousers-wd-097-h-hay-rendez-vous-store\/","og_site_name":"RENDEZ-VOUS STORE","article_modified_time":"2026-04-24T13:56:52+00:00","og_image":[{"width":1696,"height":2560,"url":"https:\/\/rendez-vous-store.com\/wp-content\/uploads\/2025\/04\/IMG_1713.webp","type":"image\/webp"}],"twitter_card":"summary_large_image","twitter_misc":{"Est. reading time":"2 minutes"},"schema":{"@context":"https:\/\/schema.org","@graph":[{"@type":"WebPage","@id":"https:\/\/rendez-vous-store.com\/shop\/women\/trousers-skirts-discover-our-selection-rendez-vous-store\/wright-doyle-single-pleat-trousers-wd-097-h-hay-rendez-vous-store\/","url":"https:\/\/rendez-vous-store.com\/shop\/women\/trousers-skirts-discover-our-selection-rendez-vous-store\/wright-doyle-single-pleat-trousers-wd-097-h-hay-rendez-vous-store\/","name":"WRIGHT & DOYLE SINGLE PLEAT TROUSERS WD-097-H HAY","isPartOf":{"@id":"https:\/\/rendez-vous-store.com\/#website"},"primaryImageOfPage":{"@id":"https:\/\/rendez-vous-store.com\/shop\/women\/trousers-skirts-discover-our-selection-rendez-vous-store\/wright-doyle-single-pleat-trousers-wd-097-h-hay-rendez-vous-store\/#primaryimage"},"image":{"@id":"https:\/\/rendez-vous-store.com\/shop\/women\/trousers-skirts-discover-our-selection-rendez-vous-store\/wright-doyle-single-pleat-trousers-wd-097-h-hay-rendez-vous-store\/#primaryimage"},"thumbnailUrl":"https:\/\/rendez-vous-store.com\/app\/uploads\/2025\/04\/IMG_1713.webp","datePublished":"2025-04-02T13:18:27+00:00","dateModified":"2026-04-24T13:56:52+00:00","description":"WRIGHT & DOYLE is on Rendez-vous Store. This WRIGHT & DOYLE SINGLE PLEAT TROUSERS WD-097-H HAY is part of the Spring\/Summer collection.","breadcrumb":{"@id":"https:\/\/rendez-vous-store.com\/shop\/women\/trousers-skirts-discover-our-selection-rendez-vous-store\/wright-doyle-single-pleat-trousers-wd-097-h-hay-rendez-vous-store\/#breadcrumb"},"inLanguage":"fr-FR","potentialAction":[{"@type":"ReadAction","target":["https:\/\/rendez-vous-store.com\/shop\/women\/trousers-skirts-discover-our-selection-rendez-vous-store\/wright-doyle-single-pleat-trousers-wd-097-h-hay-rendez-vous-store\/"]}]},{"@type":"ImageObject","inLanguage":"fr-FR","@id":"https:\/\/rendez-vous-store.com\/shop\/women\/trousers-skirts-discover-our-selection-rendez-vous-store\/wright-doyle-single-pleat-trousers-wd-097-h-hay-rendez-vous-store\/#primaryimage","url":"https:\/\/rendez-vous-store.com\/app\/uploads\/2025\/04\/IMG_1713.webp","contentUrl":"https:\/\/rendez-vous-store.com\/app\/uploads\/2025\/04\/IMG_1713.webp","width":1696,"height":2560},{"@type":"BreadcrumbList","@id":"https:\/\/rendez-vous-store.com\/shop\/women\/trousers-skirts-discover-our-selection-rendez-vous-store\/wright-doyle-single-pleat-trousers-wd-097-h-hay-rendez-vous-store\/#breadcrumb","itemListElement":[{"@type":"ListItem","position":1,"name":"Home","item":"https:\/\/rendez-vous-store.com\/"},{"@type":"ListItem","position":2,"name":"Shop","item":"https:\/\/www.rendez-vous-store.com\/shop\/"},{"@type":"ListItem","position":3,"name":"WRIGHT &amp; DOYLE &#8211; SINGLE PLEAT TROUSERS WD-097-H &#8211; HAY"}]},{"@type":"WebSite","@id":"https:\/\/rendez-vous-store.com\/#website","url":"https:\/\/rendez-vous-store.com\/","name":"RENDEZ-VOUS STORE","description":"Slow Fashion for Women and Men","potentialAction":[{"@type":"SearchAction","target":{"@type":"EntryPoint","urlTemplate":"https:\/\/rendez-vous-store.com\/?s={search_term_string}"},"query-input":{"@type":"PropertyValueSpecification","valueRequired":true,"valueName":"search_term_string"}}],"inLanguage":"fr-FR"}]}},"_links":{"self":[{"href":"https:\/\/rendez-vous-store.com\/fr\/wp-json\/wp\/v2\/product\/200965","targetHints":{"allow":["GET"]}}],"collection":[{"href":"https:\/\/rendez-vous-store.com\/fr\/wp-json\/wp\/v2\/product"}],"about":[{"href":"https:\/\/rendez-vous-store.com\/fr\/wp-json\/wp\/v2\/types\/product"}],"wp:featuredmedia":[{"embeddable":true,"href":"https:\/\/rendez-vous-store.com\/fr\/wp-json\/wp\/v2\/media\/201396"}],"wp:attachment":[{"href":"https:\/\/rendez-vous-store.com\/fr\/wp-json\/wp\/v2\/media?parent=200965"}],"wp:term":[{"taxonomy":"product_brand","embeddable":true,"href":"https:\/\/rendez-vous-store.com\/fr\/wp-json\/wp\/v2\/product_brand?post=200965"},{"taxonomy":"product_cat","embeddable":true,"href":"https:\/\/rendez-vous-store.com\/fr\/wp-json\/wp\/v2\/product_cat?post=200965"},{"taxonomy":"product_tag","embeddable":true,"href":"https:\/\/rendez-vous-store.com\/fr\/wp-json\/wp\/v2\/product_tag?post=200965"}],"curies":[{"name":"wp","href":"https:\/\/api.w.org\/{rel}","templated":true}]}}