{"id":200929,"date":"2025-04-02T12:45:53","date_gmt":"2025-04-02T10:45:53","guid":{"rendered":"https:\/\/rendez-vous-store.com\/?post_type=product&#038;p=200929"},"modified":"2026-03-16T17:59:58","modified_gmt":"2026-03-16T16:59:58","slug":"wright-doyle-tailored-vest-wd-076-cw-cacao-rendez-vous-store","status":"publish","type":"product","link":"https:\/\/rendez-vous-store.com\/fr\/shop\/special-offer-women-rendez-vous-store\/women-coat-jacket-special-offer-rendez-vous-store\/wright-doyle-tailored-vest-wd-076-cw-cacao-rendez-vous-store\/","title":{"rendered":"WRIGHT &amp; DOYLE - GILET SUR MESURE WD-076-CW - CACAO"},"content":{"rendered":"<p><strong>WRIGHT &amp; DOYLE TAILORED VEST WD-076-CW CACAO<\/strong><\/p>\n<p>Couleur : Cacao<\/p>\n<p>Coupe surdimensionn\u00e9e et ample<\/p>\n<p>Sans manches<\/p>\n<p>2 grandes poches \u00e0 rabat sur le devant<\/p>\n<p>R\u00e9glage de la sangle par boutons sur les c\u00f4t\u00e9s<\/p>\n<p>Composition : 98% Laine, 2% Elasthanne<\/p>\n<p>Fabriqu\u00e9 au Portugal<\/p>\n<p>&nbsp;<\/p>\n<p>&nbsp;<\/p>\n<p>&nbsp;<\/p>\n<p>&nbsp;<\/p>\n<h4>La marque<\/h4>\n<p>Wright + Doyle est une marque interdisciplinaire qui s'appuie sur les principes d'une relation visuelle forte entre les v\u00eatements de travail, les objets, les paysages et les jardins. Tir\u00e9e d'une carri\u00e8re de 18 ans dans la mode de luxe en tant que styliste et mod\u00e9liste, la coupe et la fabrication sont \u00e0 la base du processus de conception de Wright + Doyle.<\/p>\n<p>Apr\u00e8s avoir quitt\u00e9 Londres pour s'installer au fin fond du Dorset, ils ont transform\u00e9 une \u00e9table en maison pour eux et leurs gar\u00e7ons. Une petite exploitation qui, avec le temps, devient notre studio et l'espace pour propager et introduire les plantes de Matt, ainsi qu'un petit troupeau de moutons, des poulets et des terres qui, au fil des ans, nous fournissent une grande partie de ce dont nous avons besoin pour nous nourrir et vivre une vie \u00e9quilibr\u00e9e.<\/p>\n<p>Ils travaillent avec des artistes et des fabricants qui s'alignent sur notre pratique et l'enrichissent, et sont fiers d'entretenir des relations de longue date avec des usines italiennes, portugaises et galloises s\u00e9lectionn\u00e9es, qui cr\u00e9ent des tissus hautement r\u00e9fl\u00e9chis pour chaque collection.<\/p>","protected":false},"excerpt":{"rendered":"<p>WRIGHT &amp; DOYLE TAILORED VEST WD-076-CW CACAO Color: Cacao Oversize and loose cut Sleeveless 2 large front flap pockets Buttoned strap adjustment at the sides Composition: 98% Wool, 2% Elastane Made in Portugal &nbsp; &nbsp; &nbsp; &nbsp; The Brand Wright + Doyle is an interdisciplinary brand drawing on principles of a strong visual relationship between&hellip; <a class=\"more-link\" href=\"https:\/\/rendez-vous-store.com\/fr\/shop\/special-offer-women-rendez-vous-store\/women-coat-jacket-special-offer-rendez-vous-store\/wright-doyle-tailored-vest-wd-076-cw-cacao-rendez-vous-store\/\">Continuer la lecture <span class=\"screen-reader-text\">WRIGHT &amp; DOYLE - GILET SUR MESURE WD-076-CW - CACAO<\/span><\/a><\/p>","protected":false},"featured_media":203704,"template":"","meta":{"_acf_changed":false},"product_brand":[],"product_cat":[1271,1336,1335,17,1062,394],"product_tag":[1163],"class_list":{"0":"post-200929","1":"product","2":"type-product","3":"status-publish","4":"has-post-thumbnail","6":"product_cat-1271","7":"product_cat-women-coat-jacket-special-offer-rendez-vous-store","8":"product_cat-special-offer-women-rendez-vous-store","9":"product_cat-women","10":"product_cat-new-women-selection-rendez-vous-store","11":"product_cat-women-coats-jackets-rendez-vous-store","12":"product_tag-wright-doyle-designers-rendez-vous-store","13":"entry","15":"first","16":"outofstock","17":"taxable","18":"shipping-taxable","19":"product-type-variable"},"acf":[],"yoast_head":"<!-- This site is optimized with the Yoast SEO plugin v24.9 - https:\/\/yoast.com\/wordpress\/plugins\/seo\/ -->\n<title>WRIGHT &amp; DOYLE TAILORED VEST WD-076-CW CACAO<\/title>\n<meta name=\"description\" content=\"WRIGHT &amp; DOYLE is on Rendez-vous Store. This WRIGHT &amp; DOYLE TAILORED VEST WD-076-CW CACAO is part of the Spring\/Summer collection.\" \/>\n<meta name=\"robots\" content=\"index, follow, max-snippet:-1, max-image-preview:large, max-video-preview:-1\" \/>\n<link rel=\"canonical\" href=\"https:\/\/rendez-vous-store.com\/fr\/shop\/special-offer-women-rendez-vous-store\/women-coat-jacket-special-offer-rendez-vous-store\/wright-doyle-tailored-vest-wd-076-cw-cacao-rendez-vous-store\/\" \/>\n<meta property=\"og:locale\" content=\"fr_FR\" \/>\n<meta property=\"og:type\" content=\"article\" \/>\n<meta property=\"og:title\" content=\"WRIGHT &amp; DOYLE TAILORED VEST WD-076-CW CACAO\" \/>\n<meta property=\"og:description\" content=\"WRIGHT &amp; DOYLE is on Rendez-vous Store. This WRIGHT &amp; DOYLE TAILORED VEST WD-076-CW CACAO is part of the Spring\/Summer collection.\" \/>\n<meta property=\"og:url\" content=\"https:\/\/rendez-vous-store.com\/fr\/shop\/special-offer-women-rendez-vous-store\/women-coat-jacket-special-offer-rendez-vous-store\/wright-doyle-tailored-vest-wd-076-cw-cacao-rendez-vous-store\/\" \/>\n<meta property=\"og:site_name\" content=\"RENDEZ-VOUS STORE\" \/>\n<meta property=\"article:modified_time\" content=\"2026-03-16T16:59:58+00:00\" \/>\n<meta property=\"og:image\" content=\"https:\/\/rendez-vous-store.com\/app\/uploads\/2025\/04\/com.apple_.Foundation.NSItemProvider.JEZpMT.webp\" \/>\n\t<meta property=\"og:image:width\" content=\"1696\" \/>\n\t<meta property=\"og:image:height\" content=\"2560\" \/>\n\t<meta property=\"og:image:type\" content=\"image\/webp\" \/>\n<meta name=\"twitter:card\" content=\"summary_large_image\" \/>\n<meta name=\"twitter:label1\" content=\"Est. reading time\" \/>\n\t<meta name=\"twitter:data1\" content=\"2 minutes\" \/>\n<script type=\"application\/ld+json\" class=\"yoast-schema-graph\">{\"@context\":\"https:\/\/schema.org\",\"@graph\":[{\"@type\":\"WebPage\",\"@id\":\"https:\/\/rendez-vous-store.com\/shop\/special-offer-women-rendez-vous-store\/women-coat-jacket-special-offer-rendez-vous-store\/wright-doyle-tailored-vest-wd-076-cw-cacao-rendez-vous-store\/\",\"url\":\"https:\/\/rendez-vous-store.com\/shop\/special-offer-women-rendez-vous-store\/women-coat-jacket-special-offer-rendez-vous-store\/wright-doyle-tailored-vest-wd-076-cw-cacao-rendez-vous-store\/\",\"name\":\"WRIGHT & DOYLE TAILORED VEST WD-076-CW CACAO\",\"isPartOf\":{\"@id\":\"https:\/\/rendez-vous-store.com\/#website\"},\"primaryImageOfPage\":{\"@id\":\"https:\/\/rendez-vous-store.com\/shop\/special-offer-women-rendez-vous-store\/women-coat-jacket-special-offer-rendez-vous-store\/wright-doyle-tailored-vest-wd-076-cw-cacao-rendez-vous-store\/#primaryimage\"},\"image\":{\"@id\":\"https:\/\/rendez-vous-store.com\/shop\/special-offer-women-rendez-vous-store\/women-coat-jacket-special-offer-rendez-vous-store\/wright-doyle-tailored-vest-wd-076-cw-cacao-rendez-vous-store\/#primaryimage\"},\"thumbnailUrl\":\"https:\/\/rendez-vous-store.com\/app\/uploads\/2025\/04\/com.apple_.Foundation.NSItemProvider.JEZpMT.webp\",\"datePublished\":\"2025-04-02T10:45:53+00:00\",\"dateModified\":\"2026-03-16T16:59:58+00:00\",\"description\":\"WRIGHT & DOYLE is on Rendez-vous Store. This WRIGHT & DOYLE TAILORED VEST WD-076-CW CACAO is part of the Spring\/Summer collection.\",\"breadcrumb\":{\"@id\":\"https:\/\/rendez-vous-store.com\/shop\/special-offer-women-rendez-vous-store\/women-coat-jacket-special-offer-rendez-vous-store\/wright-doyle-tailored-vest-wd-076-cw-cacao-rendez-vous-store\/#breadcrumb\"},\"inLanguage\":\"fr-FR\",\"potentialAction\":[{\"@type\":\"ReadAction\",\"target\":[\"https:\/\/rendez-vous-store.com\/shop\/special-offer-women-rendez-vous-store\/women-coat-jacket-special-offer-rendez-vous-store\/wright-doyle-tailored-vest-wd-076-cw-cacao-rendez-vous-store\/\"]}]},{\"@type\":\"ImageObject\",\"inLanguage\":\"fr-FR\",\"@id\":\"https:\/\/rendez-vous-store.com\/shop\/special-offer-women-rendez-vous-store\/women-coat-jacket-special-offer-rendez-vous-store\/wright-doyle-tailored-vest-wd-076-cw-cacao-rendez-vous-store\/#primaryimage\",\"url\":\"https:\/\/rendez-vous-store.com\/app\/uploads\/2025\/04\/com.apple_.Foundation.NSItemProvider.JEZpMT.webp\",\"contentUrl\":\"https:\/\/rendez-vous-store.com\/app\/uploads\/2025\/04\/com.apple_.Foundation.NSItemProvider.JEZpMT.webp\",\"width\":1696,\"height\":2560},{\"@type\":\"BreadcrumbList\",\"@id\":\"https:\/\/rendez-vous-store.com\/shop\/special-offer-women-rendez-vous-store\/women-coat-jacket-special-offer-rendez-vous-store\/wright-doyle-tailored-vest-wd-076-cw-cacao-rendez-vous-store\/#breadcrumb\",\"itemListElement\":[{\"@type\":\"ListItem\",\"position\":1,\"name\":\"Home\",\"item\":\"https:\/\/rendez-vous-store.com\/\"},{\"@type\":\"ListItem\",\"position\":2,\"name\":\"Shop\",\"item\":\"https:\/\/www.rendez-vous-store.com\/shop\/\"},{\"@type\":\"ListItem\",\"position\":3,\"name\":\"WRIGHT &amp; DOYLE &#8211; TAILORED VEST WD-076-CW &#8211; CACAO\"}]},{\"@type\":\"WebSite\",\"@id\":\"https:\/\/rendez-vous-store.com\/#website\",\"url\":\"https:\/\/rendez-vous-store.com\/\",\"name\":\"RENDEZ-VOUS STORE\",\"description\":\"Slow Fashion for Women and Men\",\"potentialAction\":[{\"@type\":\"SearchAction\",\"target\":{\"@type\":\"EntryPoint\",\"urlTemplate\":\"https:\/\/rendez-vous-store.com\/?s={search_term_string}\"},\"query-input\":{\"@type\":\"PropertyValueSpecification\",\"valueRequired\":true,\"valueName\":\"search_term_string\"}}],\"inLanguage\":\"fr-FR\"}]}<\/script>\n<!-- \/ Yoast SEO plugin. -->","yoast_head_json":{"title":"WRIGHT & DOYLE TAILORED VEST WD-076-CW CACAO","description":"WRIGHT & DOYLE is on Rendez-vous Store. This WRIGHT & DOYLE TAILORED VEST WD-076-CW CACAO is part of the Spring\/Summer collection.","robots":{"index":"index","follow":"follow","max-snippet":"max-snippet:-1","max-image-preview":"max-image-preview:large","max-video-preview":"max-video-preview:-1"},"canonical":"https:\/\/rendez-vous-store.com\/fr\/shop\/special-offer-women-rendez-vous-store\/women-coat-jacket-special-offer-rendez-vous-store\/wright-doyle-tailored-vest-wd-076-cw-cacao-rendez-vous-store\/","og_locale":"fr_FR","og_type":"article","og_title":"WRIGHT & DOYLE TAILORED VEST WD-076-CW CACAO","og_description":"WRIGHT & DOYLE is on Rendez-vous Store. This WRIGHT & DOYLE TAILORED VEST WD-076-CW CACAO is part of the Spring\/Summer collection.","og_url":"https:\/\/rendez-vous-store.com\/fr\/shop\/special-offer-women-rendez-vous-store\/women-coat-jacket-special-offer-rendez-vous-store\/wright-doyle-tailored-vest-wd-076-cw-cacao-rendez-vous-store\/","og_site_name":"RENDEZ-VOUS STORE","article_modified_time":"2026-03-16T16:59:58+00:00","og_image":[{"width":1696,"height":2560,"url":"https:\/\/rendez-vous-store.com\/app\/uploads\/2025\/04\/com.apple_.Foundation.NSItemProvider.JEZpMT.webp","type":"image\/webp"}],"twitter_card":"summary_large_image","twitter_misc":{"Est. reading time":"2 minutes"},"schema":{"@context":"https:\/\/schema.org","@graph":[{"@type":"WebPage","@id":"https:\/\/rendez-vous-store.com\/shop\/special-offer-women-rendez-vous-store\/women-coat-jacket-special-offer-rendez-vous-store\/wright-doyle-tailored-vest-wd-076-cw-cacao-rendez-vous-store\/","url":"https:\/\/rendez-vous-store.com\/shop\/special-offer-women-rendez-vous-store\/women-coat-jacket-special-offer-rendez-vous-store\/wright-doyle-tailored-vest-wd-076-cw-cacao-rendez-vous-store\/","name":"WRIGHT & DOYLE TAILORED VEST WD-076-CW CACAO","isPartOf":{"@id":"https:\/\/rendez-vous-store.com\/#website"},"primaryImageOfPage":{"@id":"https:\/\/rendez-vous-store.com\/shop\/special-offer-women-rendez-vous-store\/women-coat-jacket-special-offer-rendez-vous-store\/wright-doyle-tailored-vest-wd-076-cw-cacao-rendez-vous-store\/#primaryimage"},"image":{"@id":"https:\/\/rendez-vous-store.com\/shop\/special-offer-women-rendez-vous-store\/women-coat-jacket-special-offer-rendez-vous-store\/wright-doyle-tailored-vest-wd-076-cw-cacao-rendez-vous-store\/#primaryimage"},"thumbnailUrl":"https:\/\/rendez-vous-store.com\/app\/uploads\/2025\/04\/com.apple_.Foundation.NSItemProvider.JEZpMT.webp","datePublished":"2025-04-02T10:45:53+00:00","dateModified":"2026-03-16T16:59:58+00:00","description":"WRIGHT & DOYLE is on Rendez-vous Store. This WRIGHT & DOYLE TAILORED VEST WD-076-CW CACAO is part of the Spring\/Summer collection.","breadcrumb":{"@id":"https:\/\/rendez-vous-store.com\/shop\/special-offer-women-rendez-vous-store\/women-coat-jacket-special-offer-rendez-vous-store\/wright-doyle-tailored-vest-wd-076-cw-cacao-rendez-vous-store\/#breadcrumb"},"inLanguage":"fr-FR","potentialAction":[{"@type":"ReadAction","target":["https:\/\/rendez-vous-store.com\/shop\/special-offer-women-rendez-vous-store\/women-coat-jacket-special-offer-rendez-vous-store\/wright-doyle-tailored-vest-wd-076-cw-cacao-rendez-vous-store\/"]}]},{"@type":"ImageObject","inLanguage":"fr-FR","@id":"https:\/\/rendez-vous-store.com\/shop\/special-offer-women-rendez-vous-store\/women-coat-jacket-special-offer-rendez-vous-store\/wright-doyle-tailored-vest-wd-076-cw-cacao-rendez-vous-store\/#primaryimage","url":"https:\/\/rendez-vous-store.com\/app\/uploads\/2025\/04\/com.apple_.Foundation.NSItemProvider.JEZpMT.webp","contentUrl":"https:\/\/rendez-vous-store.com\/app\/uploads\/2025\/04\/com.apple_.Foundation.NSItemProvider.JEZpMT.webp","width":1696,"height":2560},{"@type":"BreadcrumbList","@id":"https:\/\/rendez-vous-store.com\/shop\/special-offer-women-rendez-vous-store\/women-coat-jacket-special-offer-rendez-vous-store\/wright-doyle-tailored-vest-wd-076-cw-cacao-rendez-vous-store\/#breadcrumb","itemListElement":[{"@type":"ListItem","position":1,"name":"Home","item":"https:\/\/rendez-vous-store.com\/"},{"@type":"ListItem","position":2,"name":"Shop","item":"https:\/\/www.rendez-vous-store.com\/shop\/"},{"@type":"ListItem","position":3,"name":"WRIGHT &amp; DOYLE &#8211; TAILORED VEST WD-076-CW &#8211; CACAO"}]},{"@type":"WebSite","@id":"https:\/\/rendez-vous-store.com\/#website","url":"https:\/\/rendez-vous-store.com\/","name":"RENDEZ-VOUS STORE","description":"Slow Fashion for Women and Men","potentialAction":[{"@type":"SearchAction","target":{"@type":"EntryPoint","urlTemplate":"https:\/\/rendez-vous-store.com\/?s={search_term_string}"},"query-input":{"@type":"PropertyValueSpecification","valueRequired":true,"valueName":"search_term_string"}}],"inLanguage":"fr-FR"}]}},"_links":{"self":[{"href":"https:\/\/rendez-vous-store.com\/fr\/wp-json\/wp\/v2\/product\/200929","targetHints":{"allow":["GET"]}}],"collection":[{"href":"https:\/\/rendez-vous-store.com\/fr\/wp-json\/wp\/v2\/product"}],"about":[{"href":"https:\/\/rendez-vous-store.com\/fr\/wp-json\/wp\/v2\/types\/product"}],"wp:featuredmedia":[{"embeddable":true,"href":"https:\/\/rendez-vous-store.com\/fr\/wp-json\/wp\/v2\/media\/203704"}],"wp:attachment":[{"href":"https:\/\/rendez-vous-store.com\/fr\/wp-json\/wp\/v2\/media?parent=200929"}],"wp:term":[{"taxonomy":"product_brand","embeddable":true,"href":"https:\/\/rendez-vous-store.com\/fr\/wp-json\/wp\/v2\/product_brand?post=200929"},{"taxonomy":"product_cat","embeddable":true,"href":"https:\/\/rendez-vous-store.com\/fr\/wp-json\/wp\/v2\/product_cat?post=200929"},{"taxonomy":"product_tag","embeddable":true,"href":"https:\/\/rendez-vous-store.com\/fr\/wp-json\/wp\/v2\/product_tag?post=200929"}],"curies":[{"name":"wp","href":"https:\/\/api.w.org\/{rel}","templated":true}]}}