{"id":198979,"date":"2025-03-20T11:15:12","date_gmt":"2025-03-20T10:15:12","guid":{"rendered":"https:\/\/rendez-vous-store.com\/?post_type=product&#038;p=198979"},"modified":"2026-03-16T18:53:32","modified_gmt":"2026-03-16T17:53:32","slug":"keen-jasper-zionic-safari-pi","status":"publish","type":"product","link":"https:\/\/rendez-vous-store.com\/fr\/shop\/special-offer-women-rendez-vous-store\/women-shoes-special-offer\/keen-jasper-zionic-safari-pi\/","title":{"rendered":"Keen - JASPER ZIONIC - SAFARI PI"},"content":{"rendered":"<p><strong>Keen JASPER ZIONIC SAFARI PI<\/strong><\/p>\n<p>Couleur : Beige\/ Rose\/ Noir<\/p>\n<p>La\u00e7age de la languette aux orteils<\/p>\n<p>Semelle int\u00e9rieure amovible en mousse r\u00e9siliente avec soutien de la vo\u00fbte plantaire pour un amorti durable.<\/p>\n<p>Semelle ext\u00e9rieure en caoutchouc \u00e0 plus forte adh\u00e9rence<\/p>\n<p>Crampons multidirectionnels de 4 mm pour la traction<\/p>\n<p>La tige de stabilit\u00e9 offre une stabilit\u00e9 l\u00e9g\u00e8re<\/p>\n<p>Cuir \u00e9cologique de premi\u00e8re qualit\u00e9 provenant d'une tannerie certifi\u00e9e LWG pour une eau plus propre<\/p>\n<p>Eco Anti-Odor pour un contr\u00f4le des odeurs naturel et sans pesticide<\/p>\n<p>Composition : Tige en cuir<\/p>\n<p>Doublure en maille respirante<\/p>\n<p>Crampons multidirectionnels non-marketing pour une meilleure traction<\/p>\n<p>&nbsp;<\/p>\n<p>&nbsp;<\/p>\n<p>&nbsp;<\/p>\n<p>&nbsp;<\/p>\n<p><strong>La marque :\u00a0<\/strong><\/p>\n<p class=\"p1\">Fond\u00e9e \u00e0 Portland en 2003 et r\u00e9put\u00e9e pour son approche durable, la marque Keen r\u00e9volutionne le march\u00e9 de la sandale outdoor. La sandale Uneek fait partie des meilleures sandales d'exploration, avec sa construction innovante \u00e0 deux cordons qui vous offre libert\u00e9 de mouvement, s\u00e9curit\u00e9 et maintien. Compl\u00e9t\u00e9es par une semelle interm\u00e9diaire l\u00e9g\u00e8re et une semelle ext\u00e9rieure en caoutchouc adh\u00e9rent, ces sandales Keen UNEEK noires allient style et fonctionnalit\u00e9.<\/p>","protected":false},"excerpt":{"rendered":"<p>Keen JASPER ZIONIC SAFARI PI Color: Beige\/ Pink\/ Black Tongue-to-toe lacing Removable, resilient foam insole with arch support for long-lasting cushioning Higher-traction rubber outsole 4mm multi-directional lugs for traction Stability shank delivers lightweight stability Environmentally preferred premium leather from LWG-certified tannery for cleaner water Eco Anti-Odor for natural, pesticide-free odor control Composition: Leather Upper Breathable&hellip; <a class=\"more-link\" href=\"https:\/\/rendez-vous-store.com\/fr\/shop\/special-offer-women-rendez-vous-store\/women-shoes-special-offer\/keen-jasper-zionic-safari-pi\/\">Continue reading <span class=\"screen-reader-text\">Keen - JASPER ZIONIC - SAFARI PI<\/span><\/a><\/p>","protected":false},"featured_media":199387,"template":"","meta":{"_acf_changed":false},"product_brand":[],"product_cat":[1232,1344,1335,17,1062,293],"product_tag":[1258],"class_list":{"0":"post-198979","1":"product","2":"type-product","3":"status-publish","4":"has-post-thumbnail","6":"product_cat-sale-40","7":"product_cat-women-shoes-special-offer","8":"product_cat-special-offer-women-rendez-vous-store","9":"product_cat-women","10":"product_cat-new-women-selection-rendez-vous-store","11":"product_cat-women-shoes-heels-discover-our-selection-rendez-vous-store","12":"product_tag-keen","13":"entry","15":"first","16":"outofstock","17":"taxable","18":"shipping-taxable","19":"product-type-variable"},"acf":[],"yoast_head":"<!-- This site is optimized with the Yoast SEO plugin v24.9 - https:\/\/yoast.com\/wordpress\/plugins\/seo\/ -->\n<title>Keen JASPER ZIONIC SAFARI PI<\/title>\n<meta name=\"description\" content=\"Keen JASPER ZIONIC SAFARI PI is up there with the best explorer sandals, with its innovative two-string construction that gives you freedom of movement.\" \/>\n<meta name=\"robots\" content=\"index, follow, max-snippet:-1, max-image-preview:large, max-video-preview:-1\" \/>\n<link rel=\"canonical\" href=\"https:\/\/rendez-vous-store.com\/fr\/shop\/special-offer-women-rendez-vous-store\/women-shoes-special-offer\/keen-jasper-zionic-safari-pi\/\" \/>\n<meta property=\"og:locale\" content=\"fr_FR\" \/>\n<meta property=\"og:type\" content=\"article\" \/>\n<meta property=\"og:title\" content=\"Keen JASPER ZIONIC SAFARI PI\" \/>\n<meta property=\"og:description\" content=\"Keen JASPER ZIONIC SAFARI PI is up there with the best explorer sandals, with its innovative two-string construction that gives you freedom of movement.\" \/>\n<meta property=\"og:url\" content=\"https:\/\/rendez-vous-store.com\/fr\/shop\/special-offer-women-rendez-vous-store\/women-shoes-special-offer\/keen-jasper-zionic-safari-pi\/\" \/>\n<meta property=\"og:site_name\" content=\"RENDEZ-VOUS STORE\" \/>\n<meta property=\"article:modified_time\" content=\"2026-03-16T17:53:32+00:00\" \/>\n<meta property=\"og:image\" content=\"https:\/\/rendez-vous-store.com\/app\/uploads\/2025\/03\/rdv_keen_09-scaled.webp\" \/>\n\t<meta property=\"og:image:width\" content=\"1696\" \/>\n\t<meta property=\"og:image:height\" content=\"2560\" \/>\n\t<meta property=\"og:image:type\" content=\"image\/webp\" \/>\n<meta name=\"twitter:card\" content=\"summary_large_image\" \/>\n<meta name=\"twitter:label1\" content=\"Est. reading time\" \/>\n\t<meta name=\"twitter:data1\" content=\"1 minute\" \/>\n<script type=\"application\/ld+json\" class=\"yoast-schema-graph\">{\"@context\":\"https:\/\/schema.org\",\"@graph\":[{\"@type\":\"WebPage\",\"@id\":\"https:\/\/rendez-vous-store.com\/shop\/special-offer-women-rendez-vous-store\/women-shoes-special-offer\/keen-jasper-zionic-safari-pi\/\",\"url\":\"https:\/\/rendez-vous-store.com\/shop\/special-offer-women-rendez-vous-store\/women-shoes-special-offer\/keen-jasper-zionic-safari-pi\/\",\"name\":\"Keen JASPER ZIONIC SAFARI PI\",\"isPartOf\":{\"@id\":\"https:\/\/rendez-vous-store.com\/#website\"},\"primaryImageOfPage\":{\"@id\":\"https:\/\/rendez-vous-store.com\/shop\/special-offer-women-rendez-vous-store\/women-shoes-special-offer\/keen-jasper-zionic-safari-pi\/#primaryimage\"},\"image\":{\"@id\":\"https:\/\/rendez-vous-store.com\/shop\/special-offer-women-rendez-vous-store\/women-shoes-special-offer\/keen-jasper-zionic-safari-pi\/#primaryimage\"},\"thumbnailUrl\":\"https:\/\/rendez-vous-store.com\/app\/uploads\/2025\/03\/rdv_keen_09-scaled.webp\",\"datePublished\":\"2025-03-20T10:15:12+00:00\",\"dateModified\":\"2026-03-16T17:53:32+00:00\",\"description\":\"Keen JASPER ZIONIC SAFARI PI is up there with the best explorer sandals, with its innovative two-string construction that gives you freedom of movement.\",\"breadcrumb\":{\"@id\":\"https:\/\/rendez-vous-store.com\/shop\/special-offer-women-rendez-vous-store\/women-shoes-special-offer\/keen-jasper-zionic-safari-pi\/#breadcrumb\"},\"inLanguage\":\"fr-FR\",\"potentialAction\":[{\"@type\":\"ReadAction\",\"target\":[\"https:\/\/rendez-vous-store.com\/shop\/special-offer-women-rendez-vous-store\/women-shoes-special-offer\/keen-jasper-zionic-safari-pi\/\"]}]},{\"@type\":\"ImageObject\",\"inLanguage\":\"fr-FR\",\"@id\":\"https:\/\/rendez-vous-store.com\/shop\/special-offer-women-rendez-vous-store\/women-shoes-special-offer\/keen-jasper-zionic-safari-pi\/#primaryimage\",\"url\":\"https:\/\/rendez-vous-store.com\/app\/uploads\/2025\/03\/rdv_keen_09-scaled.webp\",\"contentUrl\":\"https:\/\/rendez-vous-store.com\/app\/uploads\/2025\/03\/rdv_keen_09-scaled.webp\",\"width\":1696,\"height\":2560},{\"@type\":\"BreadcrumbList\",\"@id\":\"https:\/\/rendez-vous-store.com\/shop\/special-offer-women-rendez-vous-store\/women-shoes-special-offer\/keen-jasper-zionic-safari-pi\/#breadcrumb\",\"itemListElement\":[{\"@type\":\"ListItem\",\"position\":1,\"name\":\"Home\",\"item\":\"https:\/\/rendez-vous-store.com\/\"},{\"@type\":\"ListItem\",\"position\":2,\"name\":\"Shop\",\"item\":\"https:\/\/www.rendez-vous-store.com\/shop\/\"},{\"@type\":\"ListItem\",\"position\":3,\"name\":\"Keen &#8211; JASPER ZIONIC &#8211; SAFARI PI\"}]},{\"@type\":\"WebSite\",\"@id\":\"https:\/\/rendez-vous-store.com\/#website\",\"url\":\"https:\/\/rendez-vous-store.com\/\",\"name\":\"RENDEZ-VOUS STORE\",\"description\":\"Slow Fashion for Women and Men\",\"potentialAction\":[{\"@type\":\"SearchAction\",\"target\":{\"@type\":\"EntryPoint\",\"urlTemplate\":\"https:\/\/rendez-vous-store.com\/?s={search_term_string}\"},\"query-input\":{\"@type\":\"PropertyValueSpecification\",\"valueRequired\":true,\"valueName\":\"search_term_string\"}}],\"inLanguage\":\"fr-FR\"}]}<\/script>\n<!-- \/ Yoast SEO plugin. -->","yoast_head_json":{"title":"Keen JASPER ZIONIC SAFARI PI","description":"Keen JASPER ZIONIC SAFARI PI is up there with the best explorer sandals, with its innovative two-string construction that gives you freedom of movement.","robots":{"index":"index","follow":"follow","max-snippet":"max-snippet:-1","max-image-preview":"max-image-preview:large","max-video-preview":"max-video-preview:-1"},"canonical":"https:\/\/rendez-vous-store.com\/fr\/shop\/special-offer-women-rendez-vous-store\/women-shoes-special-offer\/keen-jasper-zionic-safari-pi\/","og_locale":"fr_FR","og_type":"article","og_title":"Keen JASPER ZIONIC SAFARI PI","og_description":"Keen JASPER ZIONIC SAFARI PI is up there with the best explorer sandals, with its innovative two-string construction that gives you freedom of movement.","og_url":"https:\/\/rendez-vous-store.com\/fr\/shop\/special-offer-women-rendez-vous-store\/women-shoes-special-offer\/keen-jasper-zionic-safari-pi\/","og_site_name":"RENDEZ-VOUS STORE","article_modified_time":"2026-03-16T17:53:32+00:00","og_image":[{"width":1696,"height":2560,"url":"https:\/\/rendez-vous-store.com\/app\/uploads\/2025\/03\/rdv_keen_09-scaled.webp","type":"image\/webp"}],"twitter_card":"summary_large_image","twitter_misc":{"Est. reading time":"1 minute"},"schema":{"@context":"https:\/\/schema.org","@graph":[{"@type":"WebPage","@id":"https:\/\/rendez-vous-store.com\/shop\/special-offer-women-rendez-vous-store\/women-shoes-special-offer\/keen-jasper-zionic-safari-pi\/","url":"https:\/\/rendez-vous-store.com\/shop\/special-offer-women-rendez-vous-store\/women-shoes-special-offer\/keen-jasper-zionic-safari-pi\/","name":"Keen JASPER ZIONIC SAFARI PI","isPartOf":{"@id":"https:\/\/rendez-vous-store.com\/#website"},"primaryImageOfPage":{"@id":"https:\/\/rendez-vous-store.com\/shop\/special-offer-women-rendez-vous-store\/women-shoes-special-offer\/keen-jasper-zionic-safari-pi\/#primaryimage"},"image":{"@id":"https:\/\/rendez-vous-store.com\/shop\/special-offer-women-rendez-vous-store\/women-shoes-special-offer\/keen-jasper-zionic-safari-pi\/#primaryimage"},"thumbnailUrl":"https:\/\/rendez-vous-store.com\/app\/uploads\/2025\/03\/rdv_keen_09-scaled.webp","datePublished":"2025-03-20T10:15:12+00:00","dateModified":"2026-03-16T17:53:32+00:00","description":"Keen JASPER ZIONIC SAFARI PI is up there with the best explorer sandals, with its innovative two-string construction that gives you freedom of movement.","breadcrumb":{"@id":"https:\/\/rendez-vous-store.com\/shop\/special-offer-women-rendez-vous-store\/women-shoes-special-offer\/keen-jasper-zionic-safari-pi\/#breadcrumb"},"inLanguage":"fr-FR","potentialAction":[{"@type":"ReadAction","target":["https:\/\/rendez-vous-store.com\/shop\/special-offer-women-rendez-vous-store\/women-shoes-special-offer\/keen-jasper-zionic-safari-pi\/"]}]},{"@type":"ImageObject","inLanguage":"fr-FR","@id":"https:\/\/rendez-vous-store.com\/shop\/special-offer-women-rendez-vous-store\/women-shoes-special-offer\/keen-jasper-zionic-safari-pi\/#primaryimage","url":"https:\/\/rendez-vous-store.com\/app\/uploads\/2025\/03\/rdv_keen_09-scaled.webp","contentUrl":"https:\/\/rendez-vous-store.com\/app\/uploads\/2025\/03\/rdv_keen_09-scaled.webp","width":1696,"height":2560},{"@type":"BreadcrumbList","@id":"https:\/\/rendez-vous-store.com\/shop\/special-offer-women-rendez-vous-store\/women-shoes-special-offer\/keen-jasper-zionic-safari-pi\/#breadcrumb","itemListElement":[{"@type":"ListItem","position":1,"name":"Home","item":"https:\/\/rendez-vous-store.com\/"},{"@type":"ListItem","position":2,"name":"Shop","item":"https:\/\/www.rendez-vous-store.com\/shop\/"},{"@type":"ListItem","position":3,"name":"Keen &#8211; JASPER ZIONIC &#8211; SAFARI PI"}]},{"@type":"WebSite","@id":"https:\/\/rendez-vous-store.com\/#website","url":"https:\/\/rendez-vous-store.com\/","name":"RENDEZ-VOUS STORE","description":"Slow Fashion for Women and Men","potentialAction":[{"@type":"SearchAction","target":{"@type":"EntryPoint","urlTemplate":"https:\/\/rendez-vous-store.com\/?s={search_term_string}"},"query-input":{"@type":"PropertyValueSpecification","valueRequired":true,"valueName":"search_term_string"}}],"inLanguage":"fr-FR"}]}},"_links":{"self":[{"href":"https:\/\/rendez-vous-store.com\/fr\/wp-json\/wp\/v2\/product\/198979","targetHints":{"allow":["GET"]}}],"collection":[{"href":"https:\/\/rendez-vous-store.com\/fr\/wp-json\/wp\/v2\/product"}],"about":[{"href":"https:\/\/rendez-vous-store.com\/fr\/wp-json\/wp\/v2\/types\/product"}],"wp:featuredmedia":[{"embeddable":true,"href":"https:\/\/rendez-vous-store.com\/fr\/wp-json\/wp\/v2\/media\/199387"}],"wp:attachment":[{"href":"https:\/\/rendez-vous-store.com\/fr\/wp-json\/wp\/v2\/media?parent=198979"}],"wp:term":[{"taxonomy":"product_brand","embeddable":true,"href":"https:\/\/rendez-vous-store.com\/fr\/wp-json\/wp\/v2\/product_brand?post=198979"},{"taxonomy":"product_cat","embeddable":true,"href":"https:\/\/rendez-vous-store.com\/fr\/wp-json\/wp\/v2\/product_cat?post=198979"},{"taxonomy":"product_tag","embeddable":true,"href":"https:\/\/rendez-vous-store.com\/fr\/wp-json\/wp\/v2\/product_tag?post=198979"}],"curies":[{"name":"wp","href":"https:\/\/api.w.org\/{rel}","templated":true}]}}