{"id":198978,"date":"2025-03-20T11:15:12","date_gmt":"2025-03-20T10:15:12","guid":{"rendered":"https:\/\/rendez-vous-store.com\/?post_type=product&#038;p=198978"},"modified":"2026-04-03T15:18:33","modified_gmt":"2026-04-03T13:18:33","slug":"keen-uneek-wk-khaki-black","status":"publish","type":"product","link":"https:\/\/rendez-vous-store.com\/fr\/shop\/men-selection-discover-our-selection-rendez-vous-store\/shoes-men-rendez-vous-store\/keen-uneek-wk-khaki-black\/","title":{"rendered":"Keen - UNEEK WK - KHAKI\/BLACK"},"content":{"rendered":"<p><strong>Keen UNEEK WK KHAKI\/BLACK<\/strong><\/p>\n<p>Couleur : Kaki \/ Bleu \/ Noir<\/p>\n<p>Courbe de la pointe au talon pour une propulsion ininterrompue<\/p>\n<p>La\u00e7age \u00e9lastique \u00e0 fermeture rapide<\/p>\n<p>Le rembourrage en mousse \u00e0 haut rebond am\u00e9liore le confort et le mouvement.<\/p>\n<p>Semelle ext\u00e9rieure en caoutchouc \u00e0 forte adh\u00e9rence<\/p>\n<p>Le motif multidirectionnel des crampons assure une traction sup\u00e9rieure.<\/p>\n<p>Eco anti-odorant pour un contr\u00f4le des odeurs naturel et sans pesticide<\/p>\n<p>Composition : doublure en microfibre douce \/ semelle ext\u00e9rieure en caoutchouc non marquant<\/p>\n<p>Fabriqu\u00e9 au Cambodge<\/p>\n<p>&nbsp;<\/p>\n<p>&nbsp;<\/p>\n<p>&nbsp;<\/p>\n<p>&nbsp;<\/p>\n<p><strong>La marque :\u00a0<\/strong><\/p>\n<p class=\"p1\">Fond\u00e9e \u00e0 Portland en 2003 et r\u00e9put\u00e9e pour son approche durable, la marque Keen r\u00e9volutionne le march\u00e9 de la sandale outdoor. La sandale Uneek fait partie des meilleures sandales d'exploration, avec sa construction innovante \u00e0 deux cordons qui vous offre libert\u00e9 de mouvement, s\u00e9curit\u00e9 et maintien. Compl\u00e9t\u00e9es par une semelle interm\u00e9diaire l\u00e9g\u00e8re et une semelle ext\u00e9rieure en caoutchouc adh\u00e9rent, ces sandales Keen UNEEK noires allient style et fonctionnalit\u00e9.<\/p>","protected":false},"excerpt":{"rendered":"<p>Keen UNEEK WK KHAKI\/BLACK Color: Khaki \/ Blue \/ Black Curve from toe to heel for nonstop propulsion Quick-cinch bungee lacing High rebound foam cushioning enhances comfort and movement Higher traction rubber outsole Multi-directional lug pattern proves superior traction Eco anti-odor for natural, pesticide-free odor control Composition: soft microfiber lining \/ non-marking rubber outsole Made&hellip; <a class=\"more-link\" href=\"https:\/\/rendez-vous-store.com\/fr\/shop\/men-selection-discover-our-selection-rendez-vous-store\/shoes-men-rendez-vous-store\/keen-uneek-wk-khaki-black\/\">Continuer la lecture <span class=\"screen-reader-text\">Keen - UNEEK WK - KHAKI\/BLACK<\/span><\/a><\/p>","protected":false},"featured_media":199392,"template":"","meta":{"_acf_changed":false},"product_brand":[],"product_cat":[20,181],"product_tag":[1258],"class_list":{"0":"post-198978","1":"product","2":"type-product","3":"status-publish","4":"has-post-thumbnail","6":"product_cat-men-selection-discover-our-selection-rendez-vous-store","7":"product_cat-shoes-men-rendez-vous-store","8":"product_tag-keen","9":"entry","11":"first","12":"outofstock","13":"taxable","14":"shipping-taxable","15":"product-type-variable"},"acf":[],"yoast_head":"<!-- This site is optimized with the Yoast SEO plugin v24.9 - https:\/\/yoast.com\/wordpress\/plugins\/seo\/ -->\n<title>Keen UNEEK WK KHAKI\/BLACK<\/title>\n<meta name=\"description\" content=\"Keen UNEEK WK KHAKI\/BLACK is up there with the best explorer sandals, with its innovative two-string construction that gives you freedom of movement.\" \/>\n<meta name=\"robots\" content=\"index, follow, max-snippet:-1, max-image-preview:large, max-video-preview:-1\" \/>\n<link rel=\"canonical\" href=\"https:\/\/rendez-vous-store.com\/fr\/shop\/men-selection-discover-our-selection-rendez-vous-store\/shoes-men-rendez-vous-store\/keen-uneek-wk-khaki-black\/\" \/>\n<meta property=\"og:locale\" content=\"fr_FR\" \/>\n<meta property=\"og:type\" content=\"article\" \/>\n<meta property=\"og:title\" content=\"Keen UNEEK WK KHAKI\/BLACK\" \/>\n<meta property=\"og:description\" content=\"Keen UNEEK WK KHAKI\/BLACK is up there with the best explorer sandals, with its innovative two-string construction that gives you freedom of movement.\" \/>\n<meta property=\"og:url\" content=\"https:\/\/rendez-vous-store.com\/fr\/shop\/men-selection-discover-our-selection-rendez-vous-store\/shoes-men-rendez-vous-store\/keen-uneek-wk-khaki-black\/\" \/>\n<meta property=\"og:site_name\" content=\"RENDEZ-VOUS STORE\" \/>\n<meta property=\"article:modified_time\" content=\"2026-04-03T13:18:33+00:00\" \/>\n<meta property=\"og:image\" content=\"https:\/\/rendez-vous-store.com\/app\/uploads\/2025\/03\/rdv_keen_19-scaled.webp\" \/>\n\t<meta property=\"og:image:width\" content=\"1696\" \/>\n\t<meta property=\"og:image:height\" content=\"2560\" \/>\n\t<meta property=\"og:image:type\" content=\"image\/webp\" \/>\n<meta name=\"twitter:card\" content=\"summary_large_image\" \/>\n<meta name=\"twitter:label1\" content=\"Est. reading time\" \/>\n\t<meta name=\"twitter:data1\" content=\"1 minute\" \/>\n<script type=\"application\/ld+json\" class=\"yoast-schema-graph\">{\"@context\":\"https:\/\/schema.org\",\"@graph\":[{\"@type\":\"WebPage\",\"@id\":\"https:\/\/rendez-vous-store.com\/shop\/men-selection-discover-our-selection-rendez-vous-store\/shoes-men-rendez-vous-store\/keen-uneek-wk-khaki-black\/\",\"url\":\"https:\/\/rendez-vous-store.com\/shop\/men-selection-discover-our-selection-rendez-vous-store\/shoes-men-rendez-vous-store\/keen-uneek-wk-khaki-black\/\",\"name\":\"Keen UNEEK WK KHAKI\/BLACK\",\"isPartOf\":{\"@id\":\"https:\/\/rendez-vous-store.com\/#website\"},\"primaryImageOfPage\":{\"@id\":\"https:\/\/rendez-vous-store.com\/shop\/men-selection-discover-our-selection-rendez-vous-store\/shoes-men-rendez-vous-store\/keen-uneek-wk-khaki-black\/#primaryimage\"},\"image\":{\"@id\":\"https:\/\/rendez-vous-store.com\/shop\/men-selection-discover-our-selection-rendez-vous-store\/shoes-men-rendez-vous-store\/keen-uneek-wk-khaki-black\/#primaryimage\"},\"thumbnailUrl\":\"https:\/\/rendez-vous-store.com\/app\/uploads\/2025\/03\/rdv_keen_19-scaled.webp\",\"datePublished\":\"2025-03-20T10:15:12+00:00\",\"dateModified\":\"2026-04-03T13:18:33+00:00\",\"description\":\"Keen UNEEK WK KHAKI\/BLACK is up there with the best explorer sandals, with its innovative two-string construction that gives you freedom of movement.\",\"breadcrumb\":{\"@id\":\"https:\/\/rendez-vous-store.com\/shop\/men-selection-discover-our-selection-rendez-vous-store\/shoes-men-rendez-vous-store\/keen-uneek-wk-khaki-black\/#breadcrumb\"},\"inLanguage\":\"fr-FR\",\"potentialAction\":[{\"@type\":\"ReadAction\",\"target\":[\"https:\/\/rendez-vous-store.com\/shop\/men-selection-discover-our-selection-rendez-vous-store\/shoes-men-rendez-vous-store\/keen-uneek-wk-khaki-black\/\"]}]},{\"@type\":\"ImageObject\",\"inLanguage\":\"fr-FR\",\"@id\":\"https:\/\/rendez-vous-store.com\/shop\/men-selection-discover-our-selection-rendez-vous-store\/shoes-men-rendez-vous-store\/keen-uneek-wk-khaki-black\/#primaryimage\",\"url\":\"https:\/\/rendez-vous-store.com\/app\/uploads\/2025\/03\/rdv_keen_19-scaled.webp\",\"contentUrl\":\"https:\/\/rendez-vous-store.com\/app\/uploads\/2025\/03\/rdv_keen_19-scaled.webp\",\"width\":1696,\"height\":2560},{\"@type\":\"BreadcrumbList\",\"@id\":\"https:\/\/rendez-vous-store.com\/shop\/men-selection-discover-our-selection-rendez-vous-store\/shoes-men-rendez-vous-store\/keen-uneek-wk-khaki-black\/#breadcrumb\",\"itemListElement\":[{\"@type\":\"ListItem\",\"position\":1,\"name\":\"Home\",\"item\":\"https:\/\/rendez-vous-store.com\/\"},{\"@type\":\"ListItem\",\"position\":2,\"name\":\"Shop\",\"item\":\"https:\/\/www.rendez-vous-store.com\/shop\/\"},{\"@type\":\"ListItem\",\"position\":3,\"name\":\"Keen &#8211; UNEEK WK &#8211; KHAKI\/BLACK\"}]},{\"@type\":\"WebSite\",\"@id\":\"https:\/\/rendez-vous-store.com\/#website\",\"url\":\"https:\/\/rendez-vous-store.com\/\",\"name\":\"RENDEZ-VOUS STORE\",\"description\":\"Slow Fashion for Women and Men\",\"potentialAction\":[{\"@type\":\"SearchAction\",\"target\":{\"@type\":\"EntryPoint\",\"urlTemplate\":\"https:\/\/rendez-vous-store.com\/?s={search_term_string}\"},\"query-input\":{\"@type\":\"PropertyValueSpecification\",\"valueRequired\":true,\"valueName\":\"search_term_string\"}}],\"inLanguage\":\"fr-FR\"}]}<\/script>\n<!-- \/ Yoast SEO plugin. -->","yoast_head_json":{"title":"Keen UNEEK WK KHAKI\/BLACK","description":"Keen UNEEK WK KHAKI\/BLACK is up there with the best explorer sandals, with its innovative two-string construction that gives you freedom of movement.","robots":{"index":"index","follow":"follow","max-snippet":"max-snippet:-1","max-image-preview":"max-image-preview:large","max-video-preview":"max-video-preview:-1"},"canonical":"https:\/\/rendez-vous-store.com\/fr\/shop\/men-selection-discover-our-selection-rendez-vous-store\/shoes-men-rendez-vous-store\/keen-uneek-wk-khaki-black\/","og_locale":"fr_FR","og_type":"article","og_title":"Keen UNEEK WK KHAKI\/BLACK","og_description":"Keen UNEEK WK KHAKI\/BLACK is up there with the best explorer sandals, with its innovative two-string construction that gives you freedom of movement.","og_url":"https:\/\/rendez-vous-store.com\/fr\/shop\/men-selection-discover-our-selection-rendez-vous-store\/shoes-men-rendez-vous-store\/keen-uneek-wk-khaki-black\/","og_site_name":"RENDEZ-VOUS STORE","article_modified_time":"2026-04-03T13:18:33+00:00","og_image":[{"width":1696,"height":2560,"url":"https:\/\/rendez-vous-store.com\/app\/uploads\/2025\/03\/rdv_keen_19-scaled.webp","type":"image\/webp"}],"twitter_card":"summary_large_image","twitter_misc":{"Est. reading time":"1 minute"},"schema":{"@context":"https:\/\/schema.org","@graph":[{"@type":"WebPage","@id":"https:\/\/rendez-vous-store.com\/shop\/men-selection-discover-our-selection-rendez-vous-store\/shoes-men-rendez-vous-store\/keen-uneek-wk-khaki-black\/","url":"https:\/\/rendez-vous-store.com\/shop\/men-selection-discover-our-selection-rendez-vous-store\/shoes-men-rendez-vous-store\/keen-uneek-wk-khaki-black\/","name":"Keen UNEEK WK KHAKI\/BLACK","isPartOf":{"@id":"https:\/\/rendez-vous-store.com\/#website"},"primaryImageOfPage":{"@id":"https:\/\/rendez-vous-store.com\/shop\/men-selection-discover-our-selection-rendez-vous-store\/shoes-men-rendez-vous-store\/keen-uneek-wk-khaki-black\/#primaryimage"},"image":{"@id":"https:\/\/rendez-vous-store.com\/shop\/men-selection-discover-our-selection-rendez-vous-store\/shoes-men-rendez-vous-store\/keen-uneek-wk-khaki-black\/#primaryimage"},"thumbnailUrl":"https:\/\/rendez-vous-store.com\/app\/uploads\/2025\/03\/rdv_keen_19-scaled.webp","datePublished":"2025-03-20T10:15:12+00:00","dateModified":"2026-04-03T13:18:33+00:00","description":"Keen UNEEK WK KHAKI\/BLACK is up there with the best explorer sandals, with its innovative two-string construction that gives you freedom of movement.","breadcrumb":{"@id":"https:\/\/rendez-vous-store.com\/shop\/men-selection-discover-our-selection-rendez-vous-store\/shoes-men-rendez-vous-store\/keen-uneek-wk-khaki-black\/#breadcrumb"},"inLanguage":"fr-FR","potentialAction":[{"@type":"ReadAction","target":["https:\/\/rendez-vous-store.com\/shop\/men-selection-discover-our-selection-rendez-vous-store\/shoes-men-rendez-vous-store\/keen-uneek-wk-khaki-black\/"]}]},{"@type":"ImageObject","inLanguage":"fr-FR","@id":"https:\/\/rendez-vous-store.com\/shop\/men-selection-discover-our-selection-rendez-vous-store\/shoes-men-rendez-vous-store\/keen-uneek-wk-khaki-black\/#primaryimage","url":"https:\/\/rendez-vous-store.com\/app\/uploads\/2025\/03\/rdv_keen_19-scaled.webp","contentUrl":"https:\/\/rendez-vous-store.com\/app\/uploads\/2025\/03\/rdv_keen_19-scaled.webp","width":1696,"height":2560},{"@type":"BreadcrumbList","@id":"https:\/\/rendez-vous-store.com\/shop\/men-selection-discover-our-selection-rendez-vous-store\/shoes-men-rendez-vous-store\/keen-uneek-wk-khaki-black\/#breadcrumb","itemListElement":[{"@type":"ListItem","position":1,"name":"Home","item":"https:\/\/rendez-vous-store.com\/"},{"@type":"ListItem","position":2,"name":"Shop","item":"https:\/\/www.rendez-vous-store.com\/shop\/"},{"@type":"ListItem","position":3,"name":"Keen &#8211; UNEEK WK &#8211; KHAKI\/BLACK"}]},{"@type":"WebSite","@id":"https:\/\/rendez-vous-store.com\/#website","url":"https:\/\/rendez-vous-store.com\/","name":"RENDEZ-VOUS STORE","description":"Slow Fashion for Women and Men","potentialAction":[{"@type":"SearchAction","target":{"@type":"EntryPoint","urlTemplate":"https:\/\/rendez-vous-store.com\/?s={search_term_string}"},"query-input":{"@type":"PropertyValueSpecification","valueRequired":true,"valueName":"search_term_string"}}],"inLanguage":"fr-FR"}]}},"_links":{"self":[{"href":"https:\/\/rendez-vous-store.com\/fr\/wp-json\/wp\/v2\/product\/198978","targetHints":{"allow":["GET"]}}],"collection":[{"href":"https:\/\/rendez-vous-store.com\/fr\/wp-json\/wp\/v2\/product"}],"about":[{"href":"https:\/\/rendez-vous-store.com\/fr\/wp-json\/wp\/v2\/types\/product"}],"wp:featuredmedia":[{"embeddable":true,"href":"https:\/\/rendez-vous-store.com\/fr\/wp-json\/wp\/v2\/media\/199392"}],"wp:attachment":[{"href":"https:\/\/rendez-vous-store.com\/fr\/wp-json\/wp\/v2\/media?parent=198978"}],"wp:term":[{"taxonomy":"product_brand","embeddable":true,"href":"https:\/\/rendez-vous-store.com\/fr\/wp-json\/wp\/v2\/product_brand?post=198978"},{"taxonomy":"product_cat","embeddable":true,"href":"https:\/\/rendez-vous-store.com\/fr\/wp-json\/wp\/v2\/product_cat?post=198978"},{"taxonomy":"product_tag","embeddable":true,"href":"https:\/\/rendez-vous-store.com\/fr\/wp-json\/wp\/v2\/product_tag?post=198978"}],"curies":[{"name":"wp","href":"https:\/\/api.w.org\/{rel}","templated":true}]}}