{"id":198864,"date":"2025-03-18T14:50:41","date_gmt":"2025-03-18T13:50:41","guid":{"rendered":"https:\/\/rendez-vous-store.com\/?post_type=product&#038;p=198864"},"modified":"2026-04-24T15:58:03","modified_gmt":"2026-04-24T13:58:03","slug":"apuntob-trousers-p1958-ts876-black-rendez-vous-store","status":"publish","type":"product","link":"https:\/\/rendez-vous-store.com\/fr\/shop\/women\/trousers-skirts-discover-our-selection-rendez-vous-store\/apuntob-trousers-p1958-ts876-black-rendez-vous-store\/","title":{"rendered":"ApuntoB - Pantalon P1958\/TS876 - Noir"},"content":{"rendered":"<p><strong>ApuntoB Pantalon P1958\/TS876 Noir<\/strong><\/p>\n<p>Couleur : Noir<\/p>\n<p>Coupe d\u00e9contract\u00e9e<\/p>\n<p>Lin non doubl\u00e9<\/p>\n<p>Taille \u00e9lastique<\/p>\n<p>Poches lat\u00e9rales<\/p>\n<p>Jambes libres<\/p>\n<p>Composition : Lin 100%<\/p>\n<p>Fabriqu\u00e9 en Italie<\/p>\n<p>&nbsp;<\/p>\n<p>&nbsp;<\/p>\n<p>&nbsp;<\/p>\n<p>&nbsp;<\/p>\n<h4>La marque<\/h4>\n<p>L'essence de l'\u00e9l\u00e9gance italienne se retrouve chez Apuntob, une marque distingu\u00e9e, r\u00e9put\u00e9e pour ses cr\u00e9ations intemporelles. Fond\u00e9e sur le principe que les v\u00eatements sont le reflet du style de vie et de l'identit\u00e9 de chacun, ApuntoB confectionne m\u00e9ticuleusement chaque pi\u00e8ce pour qu'elle incarne la simplicit\u00e9 et la sophistication.<\/p>\n<p>Au c\u0153ur de la philosophie d'ApuntoB se trouve un engagement ancr\u00e9 en faveur de la qualit\u00e9 et de l'artisanat. La qu\u00eate de perfection transpara\u00eet dans l\u2019exploration continue des mati\u00e8res et des silhouettes, ainsi que dans le soin minutieux accord\u00e9 \u00e0 chaque d\u00e9tail. \u00c0 chaque point de couture, ApuntoB s'efforce de cr\u00e9er des v\u00eatements qui transcendent les tendances \u00e9ph\u00e9m\u00e8res, offrant un style durable et une grande polyvalence.<\/p>","protected":false},"excerpt":{"rendered":"<p>ApuntoB Trousers P1958\/TS876 Black Color: Black Relaxed fit Unlined linen Elasticated waistband Side pockets Loose leg Composition: Linen 100% Made in Italy &nbsp; &nbsp; &nbsp; &nbsp; The Brand Embrace the essence of Italian elegance with Apuntob, a distinguished brand renowned for its timeless creations. Founded on the principle that clothing is a reflection of one\u2019s&hellip; <a class=\"more-link\" href=\"https:\/\/rendez-vous-store.com\/fr\/shop\/women\/trousers-skirts-discover-our-selection-rendez-vous-store\/apuntob-trousers-p1958-ts876-black-rendez-vous-store\/\">Continuer la lecture <span class=\"screen-reader-text\">ApuntoB - Pantalon P1958\/TS876 - Noir<\/span><\/a><\/p>","protected":false},"featured_media":200400,"template":"","meta":{"_acf_changed":false},"product_brand":[],"product_cat":[17,1062,182],"product_tag":[281],"class_list":{"0":"post-198864","1":"product","2":"type-product","3":"status-publish","4":"has-post-thumbnail","6":"product_cat-women","7":"product_cat-new-women-selection-rendez-vous-store","8":"product_cat-trousers-skirts-discover-our-selection-rendez-vous-store","9":"product_tag-apuntob-rendez-vous-store","10":"entry","12":"first","13":"outofstock","14":"taxable","15":"shipping-taxable","16":"product-type-variable"},"acf":[],"yoast_head":"<!-- This site is optimized with the Yoast SEO plugin v24.9 - https:\/\/yoast.com\/wordpress\/plugins\/seo\/ -->\n<title>ApuntoB Trousers P1958\/TS876 Black<\/title>\n<meta name=\"description\" content=\"This ApuntoB Trousers P1958\/TS876 Black is characterized by the endless research for beautiful shapes, fabrics and cuts by the brand. Discover now.\" \/>\n<meta name=\"robots\" content=\"index, follow, max-snippet:-1, max-image-preview:large, max-video-preview:-1\" \/>\n<link rel=\"canonical\" href=\"https:\/\/rendez-vous-store.com\/fr\/shop\/women\/trousers-skirts-discover-our-selection-rendez-vous-store\/apuntob-trousers-p1958-ts876-black-rendez-vous-store\/\" \/>\n<meta property=\"og:locale\" content=\"fr_FR\" \/>\n<meta property=\"og:type\" content=\"article\" \/>\n<meta property=\"og:title\" content=\"ApuntoB Trousers P1958\/TS876 Black\" \/>\n<meta property=\"og:description\" content=\"This ApuntoB Trousers P1958\/TS876 Black is characterized by the endless research for beautiful shapes, fabrics and cuts by the brand. Discover now.\" \/>\n<meta property=\"og:url\" content=\"https:\/\/rendez-vous-store.com\/fr\/shop\/women\/trousers-skirts-discover-our-selection-rendez-vous-store\/apuntob-trousers-p1958-ts876-black-rendez-vous-store\/\" \/>\n<meta property=\"og:site_name\" content=\"RENDEZ-VOUS STORE\" \/>\n<meta property=\"article:modified_time\" content=\"2026-04-24T13:58:03+00:00\" \/>\n<meta property=\"og:image\" content=\"https:\/\/rendez-vous-store.com\/wp-content\/uploads\/2025\/01\/IMG_9774.webp\" \/>\n\t<meta property=\"og:image:width\" content=\"1696\" \/>\n\t<meta property=\"og:image:height\" content=\"2560\" \/>\n\t<meta property=\"og:image:type\" content=\"image\/webp\" \/>\n<meta name=\"twitter:card\" content=\"summary_large_image\" \/>\n<meta name=\"twitter:label1\" content=\"Est. reading time\" \/>\n\t<meta name=\"twitter:data1\" content=\"1 minute\" \/>\n<script type=\"application\/ld+json\" class=\"yoast-schema-graph\">{\"@context\":\"https:\/\/schema.org\",\"@graph\":[{\"@type\":\"WebPage\",\"@id\":\"https:\/\/rendez-vous-store.com\/shop\/women\/trousers-skirts-discover-our-selection-rendez-vous-store\/apuntob-trousers-p1958-ts876-black-rendez-vous-store\/\",\"url\":\"https:\/\/rendez-vous-store.com\/shop\/women\/trousers-skirts-discover-our-selection-rendez-vous-store\/apuntob-trousers-p1958-ts876-black-rendez-vous-store\/\",\"name\":\"ApuntoB Trousers P1958\/TS876 Black\",\"isPartOf\":{\"@id\":\"https:\/\/rendez-vous-store.com\/#website\"},\"primaryImageOfPage\":{\"@id\":\"https:\/\/rendez-vous-store.com\/shop\/women\/trousers-skirts-discover-our-selection-rendez-vous-store\/apuntob-trousers-p1958-ts876-black-rendez-vous-store\/#primaryimage\"},\"image\":{\"@id\":\"https:\/\/rendez-vous-store.com\/shop\/women\/trousers-skirts-discover-our-selection-rendez-vous-store\/apuntob-trousers-p1958-ts876-black-rendez-vous-store\/#primaryimage\"},\"thumbnailUrl\":\"https:\/\/rendez-vous-store.com\/app\/uploads\/2025\/01\/IMG_9774.webp\",\"datePublished\":\"2025-03-18T13:50:41+00:00\",\"dateModified\":\"2026-04-24T13:58:03+00:00\",\"description\":\"This ApuntoB Trousers P1958\/TS876 Black is characterized by the endless research for beautiful shapes, fabrics and cuts by the brand. Discover now.\",\"breadcrumb\":{\"@id\":\"https:\/\/rendez-vous-store.com\/shop\/women\/trousers-skirts-discover-our-selection-rendez-vous-store\/apuntob-trousers-p1958-ts876-black-rendez-vous-store\/#breadcrumb\"},\"inLanguage\":\"fr-FR\",\"potentialAction\":[{\"@type\":\"ReadAction\",\"target\":[\"https:\/\/rendez-vous-store.com\/shop\/women\/trousers-skirts-discover-our-selection-rendez-vous-store\/apuntob-trousers-p1958-ts876-black-rendez-vous-store\/\"]}]},{\"@type\":\"ImageObject\",\"inLanguage\":\"fr-FR\",\"@id\":\"https:\/\/rendez-vous-store.com\/shop\/women\/trousers-skirts-discover-our-selection-rendez-vous-store\/apuntob-trousers-p1958-ts876-black-rendez-vous-store\/#primaryimage\",\"url\":\"https:\/\/rendez-vous-store.com\/app\/uploads\/2025\/01\/IMG_9774.webp\",\"contentUrl\":\"https:\/\/rendez-vous-store.com\/app\/uploads\/2025\/01\/IMG_9774.webp\",\"width\":1696,\"height\":2560},{\"@type\":\"BreadcrumbList\",\"@id\":\"https:\/\/rendez-vous-store.com\/shop\/women\/trousers-skirts-discover-our-selection-rendez-vous-store\/apuntob-trousers-p1958-ts876-black-rendez-vous-store\/#breadcrumb\",\"itemListElement\":[{\"@type\":\"ListItem\",\"position\":1,\"name\":\"Home\",\"item\":\"https:\/\/rendez-vous-store.com\/\"},{\"@type\":\"ListItem\",\"position\":2,\"name\":\"Shop\",\"item\":\"https:\/\/www.rendez-vous-store.com\/shop\/\"},{\"@type\":\"ListItem\",\"position\":3,\"name\":\"ApuntoB &#8211; Trousers P1958\/TS876 &#8211; Black\"}]},{\"@type\":\"WebSite\",\"@id\":\"https:\/\/rendez-vous-store.com\/#website\",\"url\":\"https:\/\/rendez-vous-store.com\/\",\"name\":\"RENDEZ-VOUS STORE\",\"description\":\"Slow Fashion for Women and Men\",\"potentialAction\":[{\"@type\":\"SearchAction\",\"target\":{\"@type\":\"EntryPoint\",\"urlTemplate\":\"https:\/\/rendez-vous-store.com\/?s={search_term_string}\"},\"query-input\":{\"@type\":\"PropertyValueSpecification\",\"valueRequired\":true,\"valueName\":\"search_term_string\"}}],\"inLanguage\":\"fr-FR\"}]}<\/script>\n<!-- \/ Yoast SEO plugin. -->","yoast_head_json":{"title":"ApuntoB Trousers P1958\/TS876 Black","description":"This ApuntoB Trousers P1958\/TS876 Black is characterized by the endless research for beautiful shapes, fabrics and cuts by the brand. Discover now.","robots":{"index":"index","follow":"follow","max-snippet":"max-snippet:-1","max-image-preview":"max-image-preview:large","max-video-preview":"max-video-preview:-1"},"canonical":"https:\/\/rendez-vous-store.com\/fr\/shop\/women\/trousers-skirts-discover-our-selection-rendez-vous-store\/apuntob-trousers-p1958-ts876-black-rendez-vous-store\/","og_locale":"fr_FR","og_type":"article","og_title":"ApuntoB Trousers P1958\/TS876 Black","og_description":"This ApuntoB Trousers P1958\/TS876 Black is characterized by the endless research for beautiful shapes, fabrics and cuts by the brand. Discover now.","og_url":"https:\/\/rendez-vous-store.com\/fr\/shop\/women\/trousers-skirts-discover-our-selection-rendez-vous-store\/apuntob-trousers-p1958-ts876-black-rendez-vous-store\/","og_site_name":"RENDEZ-VOUS STORE","article_modified_time":"2026-04-24T13:58:03+00:00","og_image":[{"width":1696,"height":2560,"url":"https:\/\/rendez-vous-store.com\/wp-content\/uploads\/2025\/01\/IMG_9774.webp","type":"image\/webp"}],"twitter_card":"summary_large_image","twitter_misc":{"Est. reading time":"1 minute"},"schema":{"@context":"https:\/\/schema.org","@graph":[{"@type":"WebPage","@id":"https:\/\/rendez-vous-store.com\/shop\/women\/trousers-skirts-discover-our-selection-rendez-vous-store\/apuntob-trousers-p1958-ts876-black-rendez-vous-store\/","url":"https:\/\/rendez-vous-store.com\/shop\/women\/trousers-skirts-discover-our-selection-rendez-vous-store\/apuntob-trousers-p1958-ts876-black-rendez-vous-store\/","name":"ApuntoB Trousers P1958\/TS876 Black","isPartOf":{"@id":"https:\/\/rendez-vous-store.com\/#website"},"primaryImageOfPage":{"@id":"https:\/\/rendez-vous-store.com\/shop\/women\/trousers-skirts-discover-our-selection-rendez-vous-store\/apuntob-trousers-p1958-ts876-black-rendez-vous-store\/#primaryimage"},"image":{"@id":"https:\/\/rendez-vous-store.com\/shop\/women\/trousers-skirts-discover-our-selection-rendez-vous-store\/apuntob-trousers-p1958-ts876-black-rendez-vous-store\/#primaryimage"},"thumbnailUrl":"https:\/\/rendez-vous-store.com\/app\/uploads\/2025\/01\/IMG_9774.webp","datePublished":"2025-03-18T13:50:41+00:00","dateModified":"2026-04-24T13:58:03+00:00","description":"This ApuntoB Trousers P1958\/TS876 Black is characterized by the endless research for beautiful shapes, fabrics and cuts by the brand. Discover now.","breadcrumb":{"@id":"https:\/\/rendez-vous-store.com\/shop\/women\/trousers-skirts-discover-our-selection-rendez-vous-store\/apuntob-trousers-p1958-ts876-black-rendez-vous-store\/#breadcrumb"},"inLanguage":"fr-FR","potentialAction":[{"@type":"ReadAction","target":["https:\/\/rendez-vous-store.com\/shop\/women\/trousers-skirts-discover-our-selection-rendez-vous-store\/apuntob-trousers-p1958-ts876-black-rendez-vous-store\/"]}]},{"@type":"ImageObject","inLanguage":"fr-FR","@id":"https:\/\/rendez-vous-store.com\/shop\/women\/trousers-skirts-discover-our-selection-rendez-vous-store\/apuntob-trousers-p1958-ts876-black-rendez-vous-store\/#primaryimage","url":"https:\/\/rendez-vous-store.com\/app\/uploads\/2025\/01\/IMG_9774.webp","contentUrl":"https:\/\/rendez-vous-store.com\/app\/uploads\/2025\/01\/IMG_9774.webp","width":1696,"height":2560},{"@type":"BreadcrumbList","@id":"https:\/\/rendez-vous-store.com\/shop\/women\/trousers-skirts-discover-our-selection-rendez-vous-store\/apuntob-trousers-p1958-ts876-black-rendez-vous-store\/#breadcrumb","itemListElement":[{"@type":"ListItem","position":1,"name":"Home","item":"https:\/\/rendez-vous-store.com\/"},{"@type":"ListItem","position":2,"name":"Shop","item":"https:\/\/www.rendez-vous-store.com\/shop\/"},{"@type":"ListItem","position":3,"name":"ApuntoB &#8211; Trousers P1958\/TS876 &#8211; Black"}]},{"@type":"WebSite","@id":"https:\/\/rendez-vous-store.com\/#website","url":"https:\/\/rendez-vous-store.com\/","name":"RENDEZ-VOUS STORE","description":"Slow Fashion for Women and Men","potentialAction":[{"@type":"SearchAction","target":{"@type":"EntryPoint","urlTemplate":"https:\/\/rendez-vous-store.com\/?s={search_term_string}"},"query-input":{"@type":"PropertyValueSpecification","valueRequired":true,"valueName":"search_term_string"}}],"inLanguage":"fr-FR"}]}},"_links":{"self":[{"href":"https:\/\/rendez-vous-store.com\/fr\/wp-json\/wp\/v2\/product\/198864","targetHints":{"allow":["GET"]}}],"collection":[{"href":"https:\/\/rendez-vous-store.com\/fr\/wp-json\/wp\/v2\/product"}],"about":[{"href":"https:\/\/rendez-vous-store.com\/fr\/wp-json\/wp\/v2\/types\/product"}],"wp:featuredmedia":[{"embeddable":true,"href":"https:\/\/rendez-vous-store.com\/fr\/wp-json\/wp\/v2\/media\/200400"}],"wp:attachment":[{"href":"https:\/\/rendez-vous-store.com\/fr\/wp-json\/wp\/v2\/media?parent=198864"}],"wp:term":[{"taxonomy":"product_brand","embeddable":true,"href":"https:\/\/rendez-vous-store.com\/fr\/wp-json\/wp\/v2\/product_brand?post=198864"},{"taxonomy":"product_cat","embeddable":true,"href":"https:\/\/rendez-vous-store.com\/fr\/wp-json\/wp\/v2\/product_cat?post=198864"},{"taxonomy":"product_tag","embeddable":true,"href":"https:\/\/rendez-vous-store.com\/fr\/wp-json\/wp\/v2\/product_tag?post=198864"}],"curies":[{"name":"wp","href":"https:\/\/api.w.org\/{rel}","templated":true}]}}