{"id":198799,"date":"2025-03-18T14:35:20","date_gmt":"2025-03-18T13:35:20","guid":{"rendered":"https:\/\/rendez-vous-store.com\/?post_type=product&#038;p=198799"},"modified":"2026-04-24T15:53:41","modified_gmt":"2026-04-24T13:53:41","slug":"apuntob-shirt-p1938-ts879-olive-rendez-vous-store","status":"publish","type":"product","link":"https:\/\/rendez-vous-store.com\/fr\/shop\/special-offer-women-rendez-vous-store\/women-shirt-special-offer\/apuntob-shirt-p1938-ts879-olive-rendez-vous-store\/","title":{"rendered":"ApuntoB - Chemise P1938\/TS879 - Olive"},"content":{"rendered":"<p><strong>ApuntoB Chemise P1938\/TS879 Olive<\/strong><\/p>\n<p>Couleur : Olive<\/p>\n<p>Coupe d\u00e9contract\u00e9e et classique<\/p>\n<p>Sans manches<\/p>\n<p>Fermeture par bouton<\/p>\n<p>Col rond<\/p>\n<p>Composition : 100% Coton<\/p>\n<p>Fabriqu\u00e9 en Italie<\/p>\n<p>&nbsp;<\/p>\n<p>La chemise ApuntoB P1938\/TS879 - Olive apporte une simplicit\u00e9 raffin\u00e9e \u00e0 toute garde-robe. Avec sa coupe d\u00e9contract\u00e9e et son design classique, cette chemise sans manches fabriqu\u00e9e en Italie en coton 100% offre \u00e0 la fois confort et style sans effort. Parfaite pour cr\u00e9er des looks chics et d\u00e9contract\u00e9s avec une touche de sophistication.<\/p>\n<p>&nbsp;<\/p>\n<p>&nbsp;<\/p>\n<h4>La marque<\/h4>\n<p>L'essence de l'\u00e9l\u00e9gance italienne se retrouve chez Apuntob, une marque distingu\u00e9e, r\u00e9put\u00e9e pour ses cr\u00e9ations intemporelles. Fond\u00e9e sur le principe que les v\u00eatements sont le reflet du style de vie et de l'identit\u00e9 de chacun, ApuntoB confectionne m\u00e9ticuleusement chaque pi\u00e8ce pour qu'elle incarne la simplicit\u00e9 et la sophistication.<\/p>\n<p>Au c\u0153ur de la philosophie d'ApuntoB se trouve un engagement ancr\u00e9 en faveur de la qualit\u00e9 et de l'artisanat. La qu\u00eate de perfection transpara\u00eet dans l\u2019exploration continue des mati\u00e8res et des silhouettes, ainsi que dans le soin minutieux accord\u00e9 \u00e0 chaque d\u00e9tail. \u00c0 chaque point de couture, ApuntoB s'efforce de cr\u00e9er des v\u00eatements qui transcendent les tendances \u00e9ph\u00e9m\u00e8res, offrant un style durable et une grande polyvalence.<\/p>","protected":false},"excerpt":{"rendered":"<p>ApuntoB Shirt P1938\/TS879 Olive Color: Olive Relaxed and classic fit Sleeveless Button closure Round collar Composition: 100% Cotton Made in Italy &nbsp; The ApuntoB Shirt P1938\/TS879 &#8211; Olive brings a refined simplicity to any wardrobe. With its relaxed fit and classic design, this sleeveless shirt crafted in Italy from 100% cotton offers both comfort and&hellip; <a class=\"more-link\" href=\"https:\/\/rendez-vous-store.com\/fr\/shop\/special-offer-women-rendez-vous-store\/women-shirt-special-offer\/apuntob-shirt-p1938-ts879-olive-rendez-vous-store\/\">Continuer la lecture <span class=\"screen-reader-text\">ApuntoB - Chemise P1938\/TS879 - Olive<\/span><\/a><\/p>","protected":false},"featured_media":199416,"template":"","meta":{"_acf_changed":false},"product_brand":[],"product_cat":[1291,1062,1339,378,1335,17],"product_tag":[281],"class_list":{"0":"post-198799","1":"product","2":"type-product","3":"status-publish","4":"has-post-thumbnail","6":"product_cat-sale-30","7":"product_cat-new-women-selection-rendez-vous-store","8":"product_cat-women-shirt-special-offer","9":"product_cat-women-shirts-discover-our-selection-rendez-vous-store","10":"product_cat-special-offer-women-rendez-vous-store","11":"product_cat-women","12":"product_tag-apuntob-rendez-vous-store","13":"entry","15":"first","16":"outofstock","17":"taxable","18":"shipping-taxable","19":"product-type-variable"},"acf":[],"yoast_head":"<!-- This site is optimized with the Yoast SEO plugin v24.9 - https:\/\/yoast.com\/wordpress\/plugins\/seo\/ -->\n<title>ApuntoB Shirt P1938\/TS879 Olive<\/title>\n<meta name=\"description\" content=\"This ApuntoB Shirt P1938\/TS879 Olive is characterized by the endless research for beautiful shapes, fabrics and cuts by the brand. Discover now.\" \/>\n<meta name=\"robots\" content=\"index, follow, max-snippet:-1, max-image-preview:large, max-video-preview:-1\" \/>\n<link rel=\"canonical\" href=\"https:\/\/rendez-vous-store.com\/fr\/shop\/special-offer-women-rendez-vous-store\/women-shirt-special-offer\/apuntob-shirt-p1938-ts879-olive-rendez-vous-store\/\" \/>\n<meta property=\"og:locale\" content=\"fr_FR\" \/>\n<meta property=\"og:type\" content=\"article\" \/>\n<meta property=\"og:title\" content=\"ApuntoB Shirt P1938\/TS879 Olive\" \/>\n<meta property=\"og:description\" content=\"This ApuntoB Shirt P1938\/TS879 Olive is characterized by the endless research for beautiful shapes, fabrics and cuts by the brand. Discover now.\" \/>\n<meta property=\"og:url\" content=\"https:\/\/rendez-vous-store.com\/fr\/shop\/special-offer-women-rendez-vous-store\/women-shirt-special-offer\/apuntob-shirt-p1938-ts879-olive-rendez-vous-store\/\" \/>\n<meta property=\"og:site_name\" content=\"RENDEZ-VOUS STORE\" \/>\n<meta property=\"article:modified_time\" content=\"2026-04-24T13:53:41+00:00\" \/>\n<meta property=\"og:image\" content=\"https:\/\/rendez-vous-store.com\/app\/uploads\/2025\/03\/IMG_1448.webp\" \/>\n\t<meta property=\"og:image:width\" content=\"1696\" \/>\n\t<meta property=\"og:image:height\" content=\"2560\" \/>\n\t<meta property=\"og:image:type\" content=\"image\/webp\" \/>\n<meta name=\"twitter:card\" content=\"summary_large_image\" \/>\n<meta name=\"twitter:label1\" content=\"Est. reading time\" \/>\n\t<meta name=\"twitter:data1\" content=\"1 minute\" \/>\n<script type=\"application\/ld+json\" class=\"yoast-schema-graph\">{\"@context\":\"https:\/\/schema.org\",\"@graph\":[{\"@type\":\"WebPage\",\"@id\":\"https:\/\/rendez-vous-store.com\/shop\/special-offer-women-rendez-vous-store\/women-shirt-special-offer\/apuntob-shirt-p1938-ts879-olive-rendez-vous-store\/\",\"url\":\"https:\/\/rendez-vous-store.com\/shop\/special-offer-women-rendez-vous-store\/women-shirt-special-offer\/apuntob-shirt-p1938-ts879-olive-rendez-vous-store\/\",\"name\":\"ApuntoB Shirt P1938\/TS879 Olive\",\"isPartOf\":{\"@id\":\"https:\/\/rendez-vous-store.com\/#website\"},\"primaryImageOfPage\":{\"@id\":\"https:\/\/rendez-vous-store.com\/shop\/special-offer-women-rendez-vous-store\/women-shirt-special-offer\/apuntob-shirt-p1938-ts879-olive-rendez-vous-store\/#primaryimage\"},\"image\":{\"@id\":\"https:\/\/rendez-vous-store.com\/shop\/special-offer-women-rendez-vous-store\/women-shirt-special-offer\/apuntob-shirt-p1938-ts879-olive-rendez-vous-store\/#primaryimage\"},\"thumbnailUrl\":\"https:\/\/rendez-vous-store.com\/app\/uploads\/2025\/03\/IMG_1448.webp\",\"datePublished\":\"2025-03-18T13:35:20+00:00\",\"dateModified\":\"2026-04-24T13:53:41+00:00\",\"description\":\"This ApuntoB Shirt P1938\/TS879 Olive is characterized by the endless research for beautiful shapes, fabrics and cuts by the brand. Discover now.\",\"breadcrumb\":{\"@id\":\"https:\/\/rendez-vous-store.com\/shop\/special-offer-women-rendez-vous-store\/women-shirt-special-offer\/apuntob-shirt-p1938-ts879-olive-rendez-vous-store\/#breadcrumb\"},\"inLanguage\":\"fr-FR\",\"potentialAction\":[{\"@type\":\"ReadAction\",\"target\":[\"https:\/\/rendez-vous-store.com\/shop\/special-offer-women-rendez-vous-store\/women-shirt-special-offer\/apuntob-shirt-p1938-ts879-olive-rendez-vous-store\/\"]}]},{\"@type\":\"ImageObject\",\"inLanguage\":\"fr-FR\",\"@id\":\"https:\/\/rendez-vous-store.com\/shop\/special-offer-women-rendez-vous-store\/women-shirt-special-offer\/apuntob-shirt-p1938-ts879-olive-rendez-vous-store\/#primaryimage\",\"url\":\"https:\/\/rendez-vous-store.com\/app\/uploads\/2025\/03\/IMG_1448.webp\",\"contentUrl\":\"https:\/\/rendez-vous-store.com\/app\/uploads\/2025\/03\/IMG_1448.webp\",\"width\":1696,\"height\":2560},{\"@type\":\"BreadcrumbList\",\"@id\":\"https:\/\/rendez-vous-store.com\/shop\/special-offer-women-rendez-vous-store\/women-shirt-special-offer\/apuntob-shirt-p1938-ts879-olive-rendez-vous-store\/#breadcrumb\",\"itemListElement\":[{\"@type\":\"ListItem\",\"position\":1,\"name\":\"Home\",\"item\":\"https:\/\/rendez-vous-store.com\/\"},{\"@type\":\"ListItem\",\"position\":2,\"name\":\"Shop\",\"item\":\"https:\/\/www.rendez-vous-store.com\/shop\/\"},{\"@type\":\"ListItem\",\"position\":3,\"name\":\"ApuntoB &#8211; Shirt P1938\/TS879 &#8211; Olive\"}]},{\"@type\":\"WebSite\",\"@id\":\"https:\/\/rendez-vous-store.com\/#website\",\"url\":\"https:\/\/rendez-vous-store.com\/\",\"name\":\"RENDEZ-VOUS STORE\",\"description\":\"Slow Fashion for Women and Men\",\"potentialAction\":[{\"@type\":\"SearchAction\",\"target\":{\"@type\":\"EntryPoint\",\"urlTemplate\":\"https:\/\/rendez-vous-store.com\/?s={search_term_string}\"},\"query-input\":{\"@type\":\"PropertyValueSpecification\",\"valueRequired\":true,\"valueName\":\"search_term_string\"}}],\"inLanguage\":\"fr-FR\"}]}<\/script>\n<!-- \/ Yoast SEO plugin. -->","yoast_head_json":{"title":"ApuntoB Shirt P1938\/TS879 Olive","description":"This ApuntoB Shirt P1938\/TS879 Olive is characterized by the endless research for beautiful shapes, fabrics and cuts by the brand. Discover now.","robots":{"index":"index","follow":"follow","max-snippet":"max-snippet:-1","max-image-preview":"max-image-preview:large","max-video-preview":"max-video-preview:-1"},"canonical":"https:\/\/rendez-vous-store.com\/fr\/shop\/special-offer-women-rendez-vous-store\/women-shirt-special-offer\/apuntob-shirt-p1938-ts879-olive-rendez-vous-store\/","og_locale":"fr_FR","og_type":"article","og_title":"ApuntoB Shirt P1938\/TS879 Olive","og_description":"This ApuntoB Shirt P1938\/TS879 Olive is characterized by the endless research for beautiful shapes, fabrics and cuts by the brand. Discover now.","og_url":"https:\/\/rendez-vous-store.com\/fr\/shop\/special-offer-women-rendez-vous-store\/women-shirt-special-offer\/apuntob-shirt-p1938-ts879-olive-rendez-vous-store\/","og_site_name":"RENDEZ-VOUS STORE","article_modified_time":"2026-04-24T13:53:41+00:00","og_image":[{"width":1696,"height":2560,"url":"https:\/\/rendez-vous-store.com\/app\/uploads\/2025\/03\/IMG_1448.webp","type":"image\/webp"}],"twitter_card":"summary_large_image","twitter_misc":{"Est. reading time":"1 minute"},"schema":{"@context":"https:\/\/schema.org","@graph":[{"@type":"WebPage","@id":"https:\/\/rendez-vous-store.com\/shop\/special-offer-women-rendez-vous-store\/women-shirt-special-offer\/apuntob-shirt-p1938-ts879-olive-rendez-vous-store\/","url":"https:\/\/rendez-vous-store.com\/shop\/special-offer-women-rendez-vous-store\/women-shirt-special-offer\/apuntob-shirt-p1938-ts879-olive-rendez-vous-store\/","name":"ApuntoB Shirt P1938\/TS879 Olive","isPartOf":{"@id":"https:\/\/rendez-vous-store.com\/#website"},"primaryImageOfPage":{"@id":"https:\/\/rendez-vous-store.com\/shop\/special-offer-women-rendez-vous-store\/women-shirt-special-offer\/apuntob-shirt-p1938-ts879-olive-rendez-vous-store\/#primaryimage"},"image":{"@id":"https:\/\/rendez-vous-store.com\/shop\/special-offer-women-rendez-vous-store\/women-shirt-special-offer\/apuntob-shirt-p1938-ts879-olive-rendez-vous-store\/#primaryimage"},"thumbnailUrl":"https:\/\/rendez-vous-store.com\/app\/uploads\/2025\/03\/IMG_1448.webp","datePublished":"2025-03-18T13:35:20+00:00","dateModified":"2026-04-24T13:53:41+00:00","description":"This ApuntoB Shirt P1938\/TS879 Olive is characterized by the endless research for beautiful shapes, fabrics and cuts by the brand. Discover now.","breadcrumb":{"@id":"https:\/\/rendez-vous-store.com\/shop\/special-offer-women-rendez-vous-store\/women-shirt-special-offer\/apuntob-shirt-p1938-ts879-olive-rendez-vous-store\/#breadcrumb"},"inLanguage":"fr-FR","potentialAction":[{"@type":"ReadAction","target":["https:\/\/rendez-vous-store.com\/shop\/special-offer-women-rendez-vous-store\/women-shirt-special-offer\/apuntob-shirt-p1938-ts879-olive-rendez-vous-store\/"]}]},{"@type":"ImageObject","inLanguage":"fr-FR","@id":"https:\/\/rendez-vous-store.com\/shop\/special-offer-women-rendez-vous-store\/women-shirt-special-offer\/apuntob-shirt-p1938-ts879-olive-rendez-vous-store\/#primaryimage","url":"https:\/\/rendez-vous-store.com\/app\/uploads\/2025\/03\/IMG_1448.webp","contentUrl":"https:\/\/rendez-vous-store.com\/app\/uploads\/2025\/03\/IMG_1448.webp","width":1696,"height":2560},{"@type":"BreadcrumbList","@id":"https:\/\/rendez-vous-store.com\/shop\/special-offer-women-rendez-vous-store\/women-shirt-special-offer\/apuntob-shirt-p1938-ts879-olive-rendez-vous-store\/#breadcrumb","itemListElement":[{"@type":"ListItem","position":1,"name":"Home","item":"https:\/\/rendez-vous-store.com\/"},{"@type":"ListItem","position":2,"name":"Shop","item":"https:\/\/www.rendez-vous-store.com\/shop\/"},{"@type":"ListItem","position":3,"name":"ApuntoB &#8211; Shirt P1938\/TS879 &#8211; Olive"}]},{"@type":"WebSite","@id":"https:\/\/rendez-vous-store.com\/#website","url":"https:\/\/rendez-vous-store.com\/","name":"RENDEZ-VOUS STORE","description":"Slow Fashion for Women and Men","potentialAction":[{"@type":"SearchAction","target":{"@type":"EntryPoint","urlTemplate":"https:\/\/rendez-vous-store.com\/?s={search_term_string}"},"query-input":{"@type":"PropertyValueSpecification","valueRequired":true,"valueName":"search_term_string"}}],"inLanguage":"fr-FR"}]}},"_links":{"self":[{"href":"https:\/\/rendez-vous-store.com\/fr\/wp-json\/wp\/v2\/product\/198799","targetHints":{"allow":["GET"]}}],"collection":[{"href":"https:\/\/rendez-vous-store.com\/fr\/wp-json\/wp\/v2\/product"}],"about":[{"href":"https:\/\/rendez-vous-store.com\/fr\/wp-json\/wp\/v2\/types\/product"}],"wp:featuredmedia":[{"embeddable":true,"href":"https:\/\/rendez-vous-store.com\/fr\/wp-json\/wp\/v2\/media\/199416"}],"wp:attachment":[{"href":"https:\/\/rendez-vous-store.com\/fr\/wp-json\/wp\/v2\/media?parent=198799"}],"wp:term":[{"taxonomy":"product_brand","embeddable":true,"href":"https:\/\/rendez-vous-store.com\/fr\/wp-json\/wp\/v2\/product_brand?post=198799"},{"taxonomy":"product_cat","embeddable":true,"href":"https:\/\/rendez-vous-store.com\/fr\/wp-json\/wp\/v2\/product_cat?post=198799"},{"taxonomy":"product_tag","embeddable":true,"href":"https:\/\/rendez-vous-store.com\/fr\/wp-json\/wp\/v2\/product_tag?post=198799"}],"curies":[{"name":"wp","href":"https:\/\/api.w.org\/{rel}","templated":true}]}}