{"id":198440,"date":"2025-03-14T15:33:52","date_gmt":"2025-03-14T14:33:52","guid":{"rendered":"https:\/\/rendez-vous-store.com\/?post_type=product&#038;p=198440"},"modified":"2026-04-24T15:51:12","modified_gmt":"2026-04-24T13:51:12","slug":"kaptain-sunshine-shirt-ks25ssh18-blue-stripe-rendez-vous-store","status":"publish","type":"product","link":"https:\/\/rendez-vous-store.com\/fr\/shop\/men-selection-discover-our-selection-rendez-vous-store\/shirts-rendez-vous-store\/kaptain-sunshine-shirt-ks25ssh18-blue-stripe-rendez-vous-store\/","title":{"rendered":"Kaptain Sunshine - Chemise KS25SSH18 - Rayures bleues"},"content":{"rendered":"<p><strong>Kaptain Sunshine Shirt KS25SSH18 Bleu \u00e0 rayures<\/strong><\/p>\n<p>Couleur : Rayure bleue<\/p>\n<p>Coupe d\u00e9contract\u00e9e<\/p>\n<p>Col chemise classique<\/p>\n<p>Fermeture par bouton<\/p>\n<p>Manches courtes<\/p>\n<p>Composition : 100% Coton<\/p>\n<p>Fabriqu\u00e9 au Japon<\/p>\n<p>&nbsp;<\/p>\n<p><strong>Les mesures :\u00a0<\/strong><\/p>\n<p>Taille M : Epaules : 48cm, Poitrine : 56cm, Manches : 29cm, Longueur : 74cm, Emmanchures : 26cm<\/p>\n<p>Taille L : \u00e9paules : 50cm, Poitrine : 58cm, Manches : 30cm, Longueur : 76cm, Emmanchures : 20cm<\/p>\n<p>&nbsp;<\/p>\n<p>&nbsp;<\/p>\n<p>&nbsp;<\/p>\n<h4>La marque<\/h4>\n<p>Kaptain Sunshine m\u00e9lange l'Americana vintage, les influences militaires et l'artisanat japonais traditionnel. La marque con\u00e7oit chaque v\u00eatement de mani\u00e8re r\u00e9fl\u00e9chie, en mettant l'accent sur la fonctionnalit\u00e9, l'authenticit\u00e9 et les d\u00e9tails.<\/p>\n<p>La collection propose des v\u00eatements d'ext\u00e9rieur robustes, des vestes utilitaires, des chemises classiques et des pantalons polyvalents. Chaque pi\u00e8ce allie un style inspir\u00e9 du patrimoine \u00e0 un aspect pratique moderne.<\/p>\n<p>Naviguez dans les jungles urbaines ou explorez la nature sauvage avec les v\u00eatements \u00e9l\u00e9gants et fonctionnels de Kaptain Sunshine. La marque privil\u00e9gie les mat\u00e9riaux issus de sources responsables et une production respectueuse de l'environnement.<\/p>\n<p>Kaptain Sunshine invite les hommes \u00e0 s'engager dans l'aventure et l'exploration dans leur garde-robe de tous les jours. La marque capture l'esprit d'aventure et la chaleur du soleil dans chaque point.<\/p>","protected":false},"excerpt":{"rendered":"<p>Kaptain Sunshine Shirt KS25SSH18 Blue Stripe Color: Blue Stripe Relaxed fit Classic Shirt collar Button closure Short sleeves Composition: 100% Cotton Made in Japan &nbsp; The measurements:\u00a0 Size M: Shoulders: 48cm, Chest: 56cm, Sleeves: 29cm, Length: 74cm, Armholes: 26cm Size L: Shoulders: 50cm, Chest: 58cm, Sleeves: 30cm, Length: 76cm, Armholes: 20cm &nbsp; &nbsp; &nbsp; The&hellip; <a class=\"more-link\" href=\"https:\/\/rendez-vous-store.com\/fr\/shop\/men-selection-discover-our-selection-rendez-vous-store\/shirts-rendez-vous-store\/kaptain-sunshine-shirt-ks25ssh18-blue-stripe-rendez-vous-store\/\">Continuer la lecture <span class=\"screen-reader-text\">Kaptain Sunshine - Chemise KS25SSH18 - Rayures bleues<\/span><\/a><\/p>","protected":false},"featured_media":199554,"template":"","meta":{"_acf_changed":false},"product_brand":[],"product_cat":[20,74],"product_tag":[639],"class_list":{"0":"post-198440","1":"product","2":"type-product","3":"status-publish","4":"has-post-thumbnail","6":"product_cat-men-selection-discover-our-selection-rendez-vous-store","7":"product_cat-shirts-rendez-vous-store","8":"product_tag-kaptain-sunshine","9":"entry","11":"first","12":"outofstock","13":"taxable","14":"shipping-taxable","15":"product-type-variable"},"acf":[],"yoast_head":"<!-- This site is optimized with the Yoast SEO plugin v24.9 - https:\/\/yoast.com\/wordpress\/plugins\/seo\/ -->\n<title>Kaptain Sunshine Shirt KS25SSH18 Blue Stripe<\/title>\n<meta name=\"description\" content=\"This Kaptain Sunshine Shirt KS25SSH18 Blue Stripe embracing the tradition and essence of field &amp; naval wear. Discover now on Rendez-vous Store.\" \/>\n<meta name=\"robots\" content=\"index, follow, max-snippet:-1, max-image-preview:large, max-video-preview:-1\" \/>\n<link rel=\"canonical\" href=\"https:\/\/rendez-vous-store.com\/fr\/shop\/men-selection-discover-our-selection-rendez-vous-store\/shirts-rendez-vous-store\/kaptain-sunshine-shirt-ks25ssh18-blue-stripe-rendez-vous-store\/\" \/>\n<meta property=\"og:locale\" content=\"fr_FR\" \/>\n<meta property=\"og:type\" content=\"article\" \/>\n<meta property=\"og:title\" content=\"Kaptain Sunshine Shirt KS25SSH18 Blue Stripe\" \/>\n<meta property=\"og:description\" content=\"This Kaptain Sunshine Shirt KS25SSH18 Blue Stripe embracing the tradition and essence of field &amp; naval wear. Discover now on Rendez-vous Store.\" \/>\n<meta property=\"og:url\" content=\"https:\/\/rendez-vous-store.com\/fr\/shop\/men-selection-discover-our-selection-rendez-vous-store\/shirts-rendez-vous-store\/kaptain-sunshine-shirt-ks25ssh18-blue-stripe-rendez-vous-store\/\" \/>\n<meta property=\"og:site_name\" content=\"RENDEZ-VOUS STORE\" \/>\n<meta property=\"article:modified_time\" content=\"2026-04-24T13:51:12+00:00\" \/>\n<meta property=\"og:image\" content=\"https:\/\/rendez-vous-store.com\/app\/uploads\/2025\/03\/IMG_0633.webp\" \/>\n\t<meta property=\"og:image:width\" content=\"1696\" \/>\n\t<meta property=\"og:image:height\" content=\"2560\" \/>\n\t<meta property=\"og:image:type\" content=\"image\/webp\" \/>\n<meta name=\"twitter:card\" content=\"summary_large_image\" \/>\n<meta name=\"twitter:label1\" content=\"Est. reading time\" \/>\n\t<meta name=\"twitter:data1\" content=\"1 minute\" \/>\n<script type=\"application\/ld+json\" class=\"yoast-schema-graph\">{\"@context\":\"https:\/\/schema.org\",\"@graph\":[{\"@type\":\"WebPage\",\"@id\":\"https:\/\/rendez-vous-store.com\/shop\/men-selection-discover-our-selection-rendez-vous-store\/shirts-rendez-vous-store\/kaptain-sunshine-shirt-ks25ssh18-blue-stripe-rendez-vous-store\/\",\"url\":\"https:\/\/rendez-vous-store.com\/shop\/men-selection-discover-our-selection-rendez-vous-store\/shirts-rendez-vous-store\/kaptain-sunshine-shirt-ks25ssh18-blue-stripe-rendez-vous-store\/\",\"name\":\"Kaptain Sunshine Shirt KS25SSH18 Blue Stripe\",\"isPartOf\":{\"@id\":\"https:\/\/rendez-vous-store.com\/#website\"},\"primaryImageOfPage\":{\"@id\":\"https:\/\/rendez-vous-store.com\/shop\/men-selection-discover-our-selection-rendez-vous-store\/shirts-rendez-vous-store\/kaptain-sunshine-shirt-ks25ssh18-blue-stripe-rendez-vous-store\/#primaryimage\"},\"image\":{\"@id\":\"https:\/\/rendez-vous-store.com\/shop\/men-selection-discover-our-selection-rendez-vous-store\/shirts-rendez-vous-store\/kaptain-sunshine-shirt-ks25ssh18-blue-stripe-rendez-vous-store\/#primaryimage\"},\"thumbnailUrl\":\"https:\/\/rendez-vous-store.com\/app\/uploads\/2025\/03\/IMG_0633.webp\",\"datePublished\":\"2025-03-14T14:33:52+00:00\",\"dateModified\":\"2026-04-24T13:51:12+00:00\",\"description\":\"This Kaptain Sunshine Shirt KS25SSH18 Blue Stripe embracing the tradition and essence of field & naval wear. Discover now on Rendez-vous Store.\",\"breadcrumb\":{\"@id\":\"https:\/\/rendez-vous-store.com\/shop\/men-selection-discover-our-selection-rendez-vous-store\/shirts-rendez-vous-store\/kaptain-sunshine-shirt-ks25ssh18-blue-stripe-rendez-vous-store\/#breadcrumb\"},\"inLanguage\":\"fr-FR\",\"potentialAction\":[{\"@type\":\"ReadAction\",\"target\":[\"https:\/\/rendez-vous-store.com\/shop\/men-selection-discover-our-selection-rendez-vous-store\/shirts-rendez-vous-store\/kaptain-sunshine-shirt-ks25ssh18-blue-stripe-rendez-vous-store\/\"]}]},{\"@type\":\"ImageObject\",\"inLanguage\":\"fr-FR\",\"@id\":\"https:\/\/rendez-vous-store.com\/shop\/men-selection-discover-our-selection-rendez-vous-store\/shirts-rendez-vous-store\/kaptain-sunshine-shirt-ks25ssh18-blue-stripe-rendez-vous-store\/#primaryimage\",\"url\":\"https:\/\/rendez-vous-store.com\/app\/uploads\/2025\/03\/IMG_0633.webp\",\"contentUrl\":\"https:\/\/rendez-vous-store.com\/app\/uploads\/2025\/03\/IMG_0633.webp\",\"width\":1696,\"height\":2560},{\"@type\":\"BreadcrumbList\",\"@id\":\"https:\/\/rendez-vous-store.com\/shop\/men-selection-discover-our-selection-rendez-vous-store\/shirts-rendez-vous-store\/kaptain-sunshine-shirt-ks25ssh18-blue-stripe-rendez-vous-store\/#breadcrumb\",\"itemListElement\":[{\"@type\":\"ListItem\",\"position\":1,\"name\":\"Home\",\"item\":\"https:\/\/rendez-vous-store.com\/\"},{\"@type\":\"ListItem\",\"position\":2,\"name\":\"Shop\",\"item\":\"https:\/\/www.rendez-vous-store.com\/shop\/\"},{\"@type\":\"ListItem\",\"position\":3,\"name\":\"Kaptain Sunshine &#8211; Shirt KS25SSH18 &#8211; Blue Stripe\"}]},{\"@type\":\"WebSite\",\"@id\":\"https:\/\/rendez-vous-store.com\/#website\",\"url\":\"https:\/\/rendez-vous-store.com\/\",\"name\":\"RENDEZ-VOUS STORE\",\"description\":\"Slow Fashion for Women and Men\",\"potentialAction\":[{\"@type\":\"SearchAction\",\"target\":{\"@type\":\"EntryPoint\",\"urlTemplate\":\"https:\/\/rendez-vous-store.com\/?s={search_term_string}\"},\"query-input\":{\"@type\":\"PropertyValueSpecification\",\"valueRequired\":true,\"valueName\":\"search_term_string\"}}],\"inLanguage\":\"fr-FR\"}]}<\/script>\n<!-- \/ Yoast SEO plugin. -->","yoast_head_json":{"title":"Kaptain Sunshine Shirt KS25SSH18 Blue Stripe","description":"This Kaptain Sunshine Shirt KS25SSH18 Blue Stripe embracing the tradition and essence of field & naval wear. Discover now on Rendez-vous Store.","robots":{"index":"index","follow":"follow","max-snippet":"max-snippet:-1","max-image-preview":"max-image-preview:large","max-video-preview":"max-video-preview:-1"},"canonical":"https:\/\/rendez-vous-store.com\/fr\/shop\/men-selection-discover-our-selection-rendez-vous-store\/shirts-rendez-vous-store\/kaptain-sunshine-shirt-ks25ssh18-blue-stripe-rendez-vous-store\/","og_locale":"fr_FR","og_type":"article","og_title":"Kaptain Sunshine Shirt KS25SSH18 Blue Stripe","og_description":"This Kaptain Sunshine Shirt KS25SSH18 Blue Stripe embracing the tradition and essence of field & naval wear. Discover now on Rendez-vous Store.","og_url":"https:\/\/rendez-vous-store.com\/fr\/shop\/men-selection-discover-our-selection-rendez-vous-store\/shirts-rendez-vous-store\/kaptain-sunshine-shirt-ks25ssh18-blue-stripe-rendez-vous-store\/","og_site_name":"RENDEZ-VOUS STORE","article_modified_time":"2026-04-24T13:51:12+00:00","og_image":[{"width":1696,"height":2560,"url":"https:\/\/rendez-vous-store.com\/app\/uploads\/2025\/03\/IMG_0633.webp","type":"image\/webp"}],"twitter_card":"summary_large_image","twitter_misc":{"Est. reading time":"1 minute"},"schema":{"@context":"https:\/\/schema.org","@graph":[{"@type":"WebPage","@id":"https:\/\/rendez-vous-store.com\/shop\/men-selection-discover-our-selection-rendez-vous-store\/shirts-rendez-vous-store\/kaptain-sunshine-shirt-ks25ssh18-blue-stripe-rendez-vous-store\/","url":"https:\/\/rendez-vous-store.com\/shop\/men-selection-discover-our-selection-rendez-vous-store\/shirts-rendez-vous-store\/kaptain-sunshine-shirt-ks25ssh18-blue-stripe-rendez-vous-store\/","name":"Kaptain Sunshine Shirt KS25SSH18 Blue Stripe","isPartOf":{"@id":"https:\/\/rendez-vous-store.com\/#website"},"primaryImageOfPage":{"@id":"https:\/\/rendez-vous-store.com\/shop\/men-selection-discover-our-selection-rendez-vous-store\/shirts-rendez-vous-store\/kaptain-sunshine-shirt-ks25ssh18-blue-stripe-rendez-vous-store\/#primaryimage"},"image":{"@id":"https:\/\/rendez-vous-store.com\/shop\/men-selection-discover-our-selection-rendez-vous-store\/shirts-rendez-vous-store\/kaptain-sunshine-shirt-ks25ssh18-blue-stripe-rendez-vous-store\/#primaryimage"},"thumbnailUrl":"https:\/\/rendez-vous-store.com\/app\/uploads\/2025\/03\/IMG_0633.webp","datePublished":"2025-03-14T14:33:52+00:00","dateModified":"2026-04-24T13:51:12+00:00","description":"This Kaptain Sunshine Shirt KS25SSH18 Blue Stripe embracing the tradition and essence of field & naval wear. Discover now on Rendez-vous Store.","breadcrumb":{"@id":"https:\/\/rendez-vous-store.com\/shop\/men-selection-discover-our-selection-rendez-vous-store\/shirts-rendez-vous-store\/kaptain-sunshine-shirt-ks25ssh18-blue-stripe-rendez-vous-store\/#breadcrumb"},"inLanguage":"fr-FR","potentialAction":[{"@type":"ReadAction","target":["https:\/\/rendez-vous-store.com\/shop\/men-selection-discover-our-selection-rendez-vous-store\/shirts-rendez-vous-store\/kaptain-sunshine-shirt-ks25ssh18-blue-stripe-rendez-vous-store\/"]}]},{"@type":"ImageObject","inLanguage":"fr-FR","@id":"https:\/\/rendez-vous-store.com\/shop\/men-selection-discover-our-selection-rendez-vous-store\/shirts-rendez-vous-store\/kaptain-sunshine-shirt-ks25ssh18-blue-stripe-rendez-vous-store\/#primaryimage","url":"https:\/\/rendez-vous-store.com\/app\/uploads\/2025\/03\/IMG_0633.webp","contentUrl":"https:\/\/rendez-vous-store.com\/app\/uploads\/2025\/03\/IMG_0633.webp","width":1696,"height":2560},{"@type":"BreadcrumbList","@id":"https:\/\/rendez-vous-store.com\/shop\/men-selection-discover-our-selection-rendez-vous-store\/shirts-rendez-vous-store\/kaptain-sunshine-shirt-ks25ssh18-blue-stripe-rendez-vous-store\/#breadcrumb","itemListElement":[{"@type":"ListItem","position":1,"name":"Home","item":"https:\/\/rendez-vous-store.com\/"},{"@type":"ListItem","position":2,"name":"Shop","item":"https:\/\/www.rendez-vous-store.com\/shop\/"},{"@type":"ListItem","position":3,"name":"Kaptain Sunshine &#8211; Shirt KS25SSH18 &#8211; Blue Stripe"}]},{"@type":"WebSite","@id":"https:\/\/rendez-vous-store.com\/#website","url":"https:\/\/rendez-vous-store.com\/","name":"RENDEZ-VOUS STORE","description":"Slow Fashion for Women and Men","potentialAction":[{"@type":"SearchAction","target":{"@type":"EntryPoint","urlTemplate":"https:\/\/rendez-vous-store.com\/?s={search_term_string}"},"query-input":{"@type":"PropertyValueSpecification","valueRequired":true,"valueName":"search_term_string"}}],"inLanguage":"fr-FR"}]}},"_links":{"self":[{"href":"https:\/\/rendez-vous-store.com\/fr\/wp-json\/wp\/v2\/product\/198440","targetHints":{"allow":["GET"]}}],"collection":[{"href":"https:\/\/rendez-vous-store.com\/fr\/wp-json\/wp\/v2\/product"}],"about":[{"href":"https:\/\/rendez-vous-store.com\/fr\/wp-json\/wp\/v2\/types\/product"}],"wp:featuredmedia":[{"embeddable":true,"href":"https:\/\/rendez-vous-store.com\/fr\/wp-json\/wp\/v2\/media\/199554"}],"wp:attachment":[{"href":"https:\/\/rendez-vous-store.com\/fr\/wp-json\/wp\/v2\/media?parent=198440"}],"wp:term":[{"taxonomy":"product_brand","embeddable":true,"href":"https:\/\/rendez-vous-store.com\/fr\/wp-json\/wp\/v2\/product_brand?post=198440"},{"taxonomy":"product_cat","embeddable":true,"href":"https:\/\/rendez-vous-store.com\/fr\/wp-json\/wp\/v2\/product_cat?post=198440"},{"taxonomy":"product_tag","embeddable":true,"href":"https:\/\/rendez-vous-store.com\/fr\/wp-json\/wp\/v2\/product_tag?post=198440"}],"curies":[{"name":"wp","href":"https:\/\/api.w.org\/{rel}","templated":true}]}}