{"id":197856,"date":"2025-03-11T14:19:27","date_gmt":"2025-03-11T13:19:27","guid":{"rendered":"https:\/\/rendez-vous-store.com\/?post_type=product&#038;p=197856"},"modified":"2026-04-24T15:48:02","modified_gmt":"2026-04-24T13:48:02","slug":"eleph-net-top-c7010318-ecru-rendez-vous-store","status":"publish","type":"product","link":"https:\/\/rendez-vous-store.com\/fr\/shop\/special-offer-women-rendez-vous-store\/women-t-shirt-special-offer\/eleph-net-top-c7010318-ecru-rendez-vous-store\/","title":{"rendered":"Eleph - Top en filet C7010318 - Ecru"},"content":{"rendered":"<p><strong>Eleph Net Top C7010318 Ecru<\/strong><\/p>\n<p>Couleur : Ecru<\/p>\n<p>Silhouette en ligne<\/p>\n<p>Col ras du cou<\/p>\n<p>D\u00e9tail du n\u0153ud sur le devant en filet de soie<\/p>\n<p>Fermeture par boutons et trous au dos<\/p>\n<p>Non doubl\u00e9<\/p>\n<p>Composition : 100% Soie<\/p>\n<p>Fabriqu\u00e9 en Ukraine<\/p>\n<p>&nbsp;<\/p>\n<p><strong>Les mesures :<\/strong><\/p>\n<p>Taille S : \u00c9paules : 34cm, Poitrine : 55cm, Manches : 0cm, Longueur : 46cm, Emmanchures : 23cm<\/p>\n<p>&nbsp;<\/p>\n<p>&nbsp;<\/p>\n<p>&nbsp;<\/p>\n<h4>La marque<\/h4>\n<p>ELEPH se consacre \u00e0 la fabrication de produits intemporels, en mettant l'accent sur la durabilit\u00e9 et la long\u00e9vit\u00e9. Chaque collection est compos\u00e9e d'un m\u00e9lange de mat\u00e9riaux recycl\u00e9s et de fabrications durables pour r\u00e9sister aux \u00e9preuves du temps.<\/p>\n<p>Au-del\u00e0 de l'utilisation de mat\u00e9riaux recycl\u00e9s, ELEPH privil\u00e9gie les pratiques de production \u00e9thiques et les processus de fabrication respectueux de l'environnement. En s\u00e9lectionnant consciemment des mat\u00e9riaux et des m\u00e9thodes qui minimisent les d\u00e9chets et r\u00e9duisent l'impact sur l'environnement, la marque aligne ses produits sur des valeurs de gestion de l'environnement et de responsabilit\u00e9 sociale.<\/p>","protected":false},"excerpt":{"rendered":"<p>Eleph Net Top C7010318 Ecru Color: Ecru A-line Silhouette Crew neck Bow detail at front in silk open net fabric Button and hole closure at back Unlined Composition: 100% Silk Made in Ukraine &nbsp; The measurements : Size S: Shoulders: 34cm, Chest: 55cm, Sleeves: 0cm, Length: 46cm, Armholes: 23cm &nbsp; &nbsp; &nbsp; The Brand ELEPH&hellip; <a class=\"more-link\" href=\"https:\/\/rendez-vous-store.com\/fr\/shop\/special-offer-women-rendez-vous-store\/women-t-shirt-special-offer\/eleph-net-top-c7010318-ecru-rendez-vous-store\/\">Continuer la lecture <span class=\"screen-reader-text\">Eleph - Top en filet C7010318 - Ecru<\/span><\/a><\/p>","protected":false},"featured_media":198656,"template":"","meta":{"_acf_changed":false},"product_brand":[],"product_cat":[1292,1335,1340,17,1062,384],"product_tag":[1251],"class_list":{"0":"post-197856","1":"product","2":"type-product","3":"status-publish","4":"has-post-thumbnail","6":"product_cat-1292","7":"product_cat-special-offer-women-rendez-vous-store","8":"product_cat-women-t-shirt-special-offer","9":"product_cat-women","10":"product_cat-new-women-selection-rendez-vous-store","11":"product_cat-top-discover-our-selection-rendez-vous-store","12":"product_tag-eleph-timeless-items-rendez-vous-store","13":"entry","15":"first","16":"outofstock","17":"taxable","18":"shipping-taxable","19":"product-type-variable"},"acf":[],"yoast_head":"<!-- This site is optimized with the Yoast SEO plugin v24.9 - https:\/\/yoast.com\/wordpress\/plugins\/seo\/ -->\n<title>Eleph Net Top C7010318 Ecru<\/title>\n<meta name=\"description\" content=\"Eleph is on Rendez-vous Store. This Eleph Net Top C70103318 Ecru is designed to be cherished and kept close. Discover now.\" \/>\n<meta name=\"robots\" content=\"index, follow, max-snippet:-1, max-image-preview:large, max-video-preview:-1\" \/>\n<link rel=\"canonical\" href=\"https:\/\/rendez-vous-store.com\/fr\/shop\/special-offer-women-rendez-vous-store\/women-t-shirt-special-offer\/eleph-net-top-c7010318-ecru-rendez-vous-store\/\" \/>\n<meta property=\"og:locale\" content=\"fr_FR\" \/>\n<meta property=\"og:type\" content=\"article\" \/>\n<meta property=\"og:title\" content=\"Eleph Net Top C7010318 Ecru\" \/>\n<meta property=\"og:description\" content=\"Eleph is on Rendez-vous Store. This Eleph Net Top C70103318 Ecru is designed to be cherished and kept close. Discover now.\" \/>\n<meta property=\"og:url\" content=\"https:\/\/rendez-vous-store.com\/fr\/shop\/special-offer-women-rendez-vous-store\/women-t-shirt-special-offer\/eleph-net-top-c7010318-ecru-rendez-vous-store\/\" \/>\n<meta property=\"og:site_name\" content=\"RENDEZ-VOUS STORE\" \/>\n<meta property=\"article:modified_time\" content=\"2026-04-24T13:48:02+00:00\" \/>\n<meta property=\"og:image\" content=\"https:\/\/rendez-vous-store.com\/app\/uploads\/2025\/03\/IMG_1008.webp\" \/>\n\t<meta property=\"og:image:width\" content=\"1696\" \/>\n\t<meta property=\"og:image:height\" content=\"2560\" \/>\n\t<meta property=\"og:image:type\" content=\"image\/webp\" \/>\n<meta name=\"twitter:card\" content=\"summary_large_image\" \/>\n<meta name=\"twitter:label1\" content=\"Est. reading time\" \/>\n\t<meta name=\"twitter:data1\" content=\"1 minute\" \/>\n<script type=\"application\/ld+json\" class=\"yoast-schema-graph\">{\"@context\":\"https:\/\/schema.org\",\"@graph\":[{\"@type\":\"WebPage\",\"@id\":\"https:\/\/rendez-vous-store.com\/shop\/special-offer-women-rendez-vous-store\/women-t-shirt-special-offer\/eleph-net-top-c7010318-ecru-rendez-vous-store\/\",\"url\":\"https:\/\/rendez-vous-store.com\/shop\/special-offer-women-rendez-vous-store\/women-t-shirt-special-offer\/eleph-net-top-c7010318-ecru-rendez-vous-store\/\",\"name\":\"Eleph Net Top C7010318 Ecru\",\"isPartOf\":{\"@id\":\"https:\/\/rendez-vous-store.com\/#website\"},\"primaryImageOfPage\":{\"@id\":\"https:\/\/rendez-vous-store.com\/shop\/special-offer-women-rendez-vous-store\/women-t-shirt-special-offer\/eleph-net-top-c7010318-ecru-rendez-vous-store\/#primaryimage\"},\"image\":{\"@id\":\"https:\/\/rendez-vous-store.com\/shop\/special-offer-women-rendez-vous-store\/women-t-shirt-special-offer\/eleph-net-top-c7010318-ecru-rendez-vous-store\/#primaryimage\"},\"thumbnailUrl\":\"https:\/\/rendez-vous-store.com\/app\/uploads\/2025\/03\/IMG_1008.webp\",\"datePublished\":\"2025-03-11T13:19:27+00:00\",\"dateModified\":\"2026-04-24T13:48:02+00:00\",\"description\":\"Eleph is on Rendez-vous Store. This Eleph Net Top C70103318 Ecru is designed to be cherished and kept close. Discover now.\",\"breadcrumb\":{\"@id\":\"https:\/\/rendez-vous-store.com\/shop\/special-offer-women-rendez-vous-store\/women-t-shirt-special-offer\/eleph-net-top-c7010318-ecru-rendez-vous-store\/#breadcrumb\"},\"inLanguage\":\"fr-FR\",\"potentialAction\":[{\"@type\":\"ReadAction\",\"target\":[\"https:\/\/rendez-vous-store.com\/shop\/special-offer-women-rendez-vous-store\/women-t-shirt-special-offer\/eleph-net-top-c7010318-ecru-rendez-vous-store\/\"]}]},{\"@type\":\"ImageObject\",\"inLanguage\":\"fr-FR\",\"@id\":\"https:\/\/rendez-vous-store.com\/shop\/special-offer-women-rendez-vous-store\/women-t-shirt-special-offer\/eleph-net-top-c7010318-ecru-rendez-vous-store\/#primaryimage\",\"url\":\"https:\/\/rendez-vous-store.com\/app\/uploads\/2025\/03\/IMG_1008.webp\",\"contentUrl\":\"https:\/\/rendez-vous-store.com\/app\/uploads\/2025\/03\/IMG_1008.webp\",\"width\":1696,\"height\":2560},{\"@type\":\"BreadcrumbList\",\"@id\":\"https:\/\/rendez-vous-store.com\/shop\/special-offer-women-rendez-vous-store\/women-t-shirt-special-offer\/eleph-net-top-c7010318-ecru-rendez-vous-store\/#breadcrumb\",\"itemListElement\":[{\"@type\":\"ListItem\",\"position\":1,\"name\":\"Home\",\"item\":\"https:\/\/rendez-vous-store.com\/\"},{\"@type\":\"ListItem\",\"position\":2,\"name\":\"Shop\",\"item\":\"https:\/\/www.rendez-vous-store.com\/shop\/\"},{\"@type\":\"ListItem\",\"position\":3,\"name\":\"Eleph &#8211; Net Top C7010318 &#8211; Ecru\"}]},{\"@type\":\"WebSite\",\"@id\":\"https:\/\/rendez-vous-store.com\/#website\",\"url\":\"https:\/\/rendez-vous-store.com\/\",\"name\":\"RENDEZ-VOUS STORE\",\"description\":\"Slow Fashion for Women and Men\",\"potentialAction\":[{\"@type\":\"SearchAction\",\"target\":{\"@type\":\"EntryPoint\",\"urlTemplate\":\"https:\/\/rendez-vous-store.com\/?s={search_term_string}\"},\"query-input\":{\"@type\":\"PropertyValueSpecification\",\"valueRequired\":true,\"valueName\":\"search_term_string\"}}],\"inLanguage\":\"fr-FR\"}]}<\/script>\n<!-- \/ Yoast SEO plugin. -->","yoast_head_json":{"title":"Eleph Net Top C7010318 Ecru","description":"Eleph is on Rendez-vous Store. This Eleph Net Top C70103318 Ecru is designed to be cherished and kept close. Discover now.","robots":{"index":"index","follow":"follow","max-snippet":"max-snippet:-1","max-image-preview":"max-image-preview:large","max-video-preview":"max-video-preview:-1"},"canonical":"https:\/\/rendez-vous-store.com\/fr\/shop\/special-offer-women-rendez-vous-store\/women-t-shirt-special-offer\/eleph-net-top-c7010318-ecru-rendez-vous-store\/","og_locale":"fr_FR","og_type":"article","og_title":"Eleph Net Top C7010318 Ecru","og_description":"Eleph is on Rendez-vous Store. This Eleph Net Top C70103318 Ecru is designed to be cherished and kept close. Discover now.","og_url":"https:\/\/rendez-vous-store.com\/fr\/shop\/special-offer-women-rendez-vous-store\/women-t-shirt-special-offer\/eleph-net-top-c7010318-ecru-rendez-vous-store\/","og_site_name":"RENDEZ-VOUS STORE","article_modified_time":"2026-04-24T13:48:02+00:00","og_image":[{"width":1696,"height":2560,"url":"https:\/\/rendez-vous-store.com\/app\/uploads\/2025\/03\/IMG_1008.webp","type":"image\/webp"}],"twitter_card":"summary_large_image","twitter_misc":{"Est. reading time":"1 minute"},"schema":{"@context":"https:\/\/schema.org","@graph":[{"@type":"WebPage","@id":"https:\/\/rendez-vous-store.com\/shop\/special-offer-women-rendez-vous-store\/women-t-shirt-special-offer\/eleph-net-top-c7010318-ecru-rendez-vous-store\/","url":"https:\/\/rendez-vous-store.com\/shop\/special-offer-women-rendez-vous-store\/women-t-shirt-special-offer\/eleph-net-top-c7010318-ecru-rendez-vous-store\/","name":"Eleph Net Top C7010318 Ecru","isPartOf":{"@id":"https:\/\/rendez-vous-store.com\/#website"},"primaryImageOfPage":{"@id":"https:\/\/rendez-vous-store.com\/shop\/special-offer-women-rendez-vous-store\/women-t-shirt-special-offer\/eleph-net-top-c7010318-ecru-rendez-vous-store\/#primaryimage"},"image":{"@id":"https:\/\/rendez-vous-store.com\/shop\/special-offer-women-rendez-vous-store\/women-t-shirt-special-offer\/eleph-net-top-c7010318-ecru-rendez-vous-store\/#primaryimage"},"thumbnailUrl":"https:\/\/rendez-vous-store.com\/app\/uploads\/2025\/03\/IMG_1008.webp","datePublished":"2025-03-11T13:19:27+00:00","dateModified":"2026-04-24T13:48:02+00:00","description":"Eleph is on Rendez-vous Store. This Eleph Net Top C70103318 Ecru is designed to be cherished and kept close. Discover now.","breadcrumb":{"@id":"https:\/\/rendez-vous-store.com\/shop\/special-offer-women-rendez-vous-store\/women-t-shirt-special-offer\/eleph-net-top-c7010318-ecru-rendez-vous-store\/#breadcrumb"},"inLanguage":"fr-FR","potentialAction":[{"@type":"ReadAction","target":["https:\/\/rendez-vous-store.com\/shop\/special-offer-women-rendez-vous-store\/women-t-shirt-special-offer\/eleph-net-top-c7010318-ecru-rendez-vous-store\/"]}]},{"@type":"ImageObject","inLanguage":"fr-FR","@id":"https:\/\/rendez-vous-store.com\/shop\/special-offer-women-rendez-vous-store\/women-t-shirt-special-offer\/eleph-net-top-c7010318-ecru-rendez-vous-store\/#primaryimage","url":"https:\/\/rendez-vous-store.com\/app\/uploads\/2025\/03\/IMG_1008.webp","contentUrl":"https:\/\/rendez-vous-store.com\/app\/uploads\/2025\/03\/IMG_1008.webp","width":1696,"height":2560},{"@type":"BreadcrumbList","@id":"https:\/\/rendez-vous-store.com\/shop\/special-offer-women-rendez-vous-store\/women-t-shirt-special-offer\/eleph-net-top-c7010318-ecru-rendez-vous-store\/#breadcrumb","itemListElement":[{"@type":"ListItem","position":1,"name":"Home","item":"https:\/\/rendez-vous-store.com\/"},{"@type":"ListItem","position":2,"name":"Shop","item":"https:\/\/www.rendez-vous-store.com\/shop\/"},{"@type":"ListItem","position":3,"name":"Eleph &#8211; Net Top C7010318 &#8211; Ecru"}]},{"@type":"WebSite","@id":"https:\/\/rendez-vous-store.com\/#website","url":"https:\/\/rendez-vous-store.com\/","name":"RENDEZ-VOUS STORE","description":"Slow Fashion for Women and Men","potentialAction":[{"@type":"SearchAction","target":{"@type":"EntryPoint","urlTemplate":"https:\/\/rendez-vous-store.com\/?s={search_term_string}"},"query-input":{"@type":"PropertyValueSpecification","valueRequired":true,"valueName":"search_term_string"}}],"inLanguage":"fr-FR"}]}},"_links":{"self":[{"href":"https:\/\/rendez-vous-store.com\/fr\/wp-json\/wp\/v2\/product\/197856","targetHints":{"allow":["GET"]}}],"collection":[{"href":"https:\/\/rendez-vous-store.com\/fr\/wp-json\/wp\/v2\/product"}],"about":[{"href":"https:\/\/rendez-vous-store.com\/fr\/wp-json\/wp\/v2\/types\/product"}],"wp:featuredmedia":[{"embeddable":true,"href":"https:\/\/rendez-vous-store.com\/fr\/wp-json\/wp\/v2\/media\/198656"}],"wp:attachment":[{"href":"https:\/\/rendez-vous-store.com\/fr\/wp-json\/wp\/v2\/media?parent=197856"}],"wp:term":[{"taxonomy":"product_brand","embeddable":true,"href":"https:\/\/rendez-vous-store.com\/fr\/wp-json\/wp\/v2\/product_brand?post=197856"},{"taxonomy":"product_cat","embeddable":true,"href":"https:\/\/rendez-vous-store.com\/fr\/wp-json\/wp\/v2\/product_cat?post=197856"},{"taxonomy":"product_tag","embeddable":true,"href":"https:\/\/rendez-vous-store.com\/fr\/wp-json\/wp\/v2\/product_tag?post=197856"}],"curies":[{"name":"wp","href":"https:\/\/api.w.org\/{rel}","templated":true}]}}