{"id":197836,"date":"2025-03-11T14:18:47","date_gmt":"2025-03-11T13:18:47","guid":{"rendered":"https:\/\/rendez-vous-store.com\/?post_type=product&#038;p=197836"},"modified":"2026-03-16T18:49:20","modified_gmt":"2026-03-16T17:49:20","slug":"eleph-square-pants-c7010207-peach-cotton-rendez-vous-store","status":"publish","type":"product","link":"https:\/\/rendez-vous-store.com\/fr\/shop\/last-pieces-women-rendez-vous-store\/last-pieces-women-trousers-skirt-rendez-vous-store\/eleph-square-pants-c7010207-peach-cotton-rendez-vous-store\/","title":{"rendered":"Eleph - Pantalon carr\u00e9 C7010207 - Coton p\u00eache"},"content":{"rendered":"<p><strong>Eleph Square Pants C7010207 Peach Cotton<\/strong><\/p>\n<p>Couleur : P\u00eache<\/p>\n<p>Bretelles r\u00e9glables pour un ajustement sur mesure<\/p>\n<p>Poches arri\u00e8re plaqu\u00e9es<\/p>\n<p>Un look d\u00e9contract\u00e9 mais \u00e9l\u00e9gant<\/p>\n<p>Composition : 100% Coton<\/p>\n<p>Fabriqu\u00e9 en Ukraine<\/p>\n<p>&nbsp;<\/p>\n<p><strong>Les mesures :<\/strong><\/p>\n<p>Taille XS : Taille : 27cm, Hanche : 59cm, Cuisse : 34cm, Entrejambe : 50cm, Longueur : 94cm<\/p>\n<p>Taille S : Taille : 28cm, Hanche : 63cm, Cuisse : 38cm, Entrejambe : 52cm, Longueur : 96cm<\/p>\n<p>Taille M : Taille : 30cm, Hanche : 67cm, Cuisse : 40cm, Entrejambe : 53cm, Longueur : 97cm<\/p>\n<p>&nbsp;<\/p>\n<p>&nbsp;<\/p>\n<p>&nbsp;<\/p>\n<p>&nbsp;<\/p>\n<p>&nbsp;<\/p>\n<h4>La marque<\/h4>\n<p>ELEPH se consacre \u00e0 la fabrication de produits intemporels, en mettant l'accent sur la durabilit\u00e9 et la long\u00e9vit\u00e9. Chaque collection est compos\u00e9e d'un m\u00e9lange de mat\u00e9riaux recycl\u00e9s et de fabrications durables pour r\u00e9sister aux \u00e9preuves du temps.<\/p>\n<p>Au-del\u00e0 de l'utilisation de mat\u00e9riaux recycl\u00e9s, ELEPH privil\u00e9gie les pratiques de production \u00e9thiques et les processus de fabrication respectueux de l'environnement. En s\u00e9lectionnant consciemment des mat\u00e9riaux et des m\u00e9thodes qui minimisent les d\u00e9chets et r\u00e9duisent l'impact sur l'environnement, la marque aligne ses produits sur des valeurs de gestion de l'environnement et de responsabilit\u00e9 sociale.<\/p>","protected":false},"excerpt":{"rendered":"<p>Eleph Square Pants C7010207 Peach Cotton Color: Peach Adjustable straps for a tailored fit Rear patch pockets Casual yet elegant look Composition: 100% Cotton Made in Ukraine &nbsp; The measurements: Size XS: Waist: 27cm, Hip: 59cm, Thigh: 34cm, Inseam: 50cm, Length: 94cm Size S: Waist: 28cm, Hip: 63cm, Thigh: 38cm, Inseam: 52cm, Length: 96cm Size&hellip; <a class=\"more-link\" href=\"https:\/\/rendez-vous-store.com\/fr\/shop\/last-pieces-women-rendez-vous-store\/last-pieces-women-trousers-skirt-rendez-vous-store\/eleph-square-pants-c7010207-peach-cotton-rendez-vous-store\/\">Continue reading <span class=\"screen-reader-text\">Eleph - Pantalon carr\u00e9 C7010207 - Coton p\u00eache<\/span><\/a><\/p>","protected":false},"featured_media":198663,"template":"","meta":{"_acf_changed":false},"product_brand":[],"product_cat":[1476,1138,1144],"product_tag":[],"class_list":{"0":"post-197836","1":"product","2":"type-product","3":"status-publish","4":"has-post-thumbnail","6":"product_cat-sale-60","7":"product_cat-last-pieces-women-rendez-vous-store","8":"product_cat-last-pieces-women-trousers-skirt-rendez-vous-store","9":"entry","11":"first","12":"instock","13":"sale","14":"taxable","15":"shipping-taxable","16":"purchasable","17":"product-type-variable"},"acf":[],"yoast_head":"<!-- This site is optimized with the Yoast SEO plugin v24.9 - https:\/\/yoast.com\/wordpress\/plugins\/seo\/ -->\n<title>Eleph Square Pants C7010207 Peach Cotton<\/title>\n<meta name=\"description\" content=\"Eleph is on Rendez-vous Store. This Eleph Square Pants C7010207 Peach Cotton is designed to be cherished and kept close. Discover now.\" \/>\n<meta name=\"robots\" content=\"index, follow, max-snippet:-1, max-image-preview:large, max-video-preview:-1\" \/>\n<link rel=\"canonical\" href=\"https:\/\/rendez-vous-store.com\/fr\/shop\/last-pieces-women-rendez-vous-store\/last-pieces-women-trousers-skirt-rendez-vous-store\/eleph-square-pants-c7010207-peach-cotton-rendez-vous-store\/\" \/>\n<meta property=\"og:locale\" content=\"fr_FR\" \/>\n<meta property=\"og:type\" content=\"article\" \/>\n<meta property=\"og:title\" content=\"Eleph Square Pants C7010207 Peach Cotton\" \/>\n<meta property=\"og:description\" content=\"Eleph is on Rendez-vous Store. This Eleph Square Pants C7010207 Peach Cotton is designed to be cherished and kept close. Discover now.\" \/>\n<meta property=\"og:url\" content=\"https:\/\/rendez-vous-store.com\/fr\/shop\/last-pieces-women-rendez-vous-store\/last-pieces-women-trousers-skirt-rendez-vous-store\/eleph-square-pants-c7010207-peach-cotton-rendez-vous-store\/\" \/>\n<meta property=\"og:site_name\" content=\"RENDEZ-VOUS STORE\" \/>\n<meta property=\"article:modified_time\" content=\"2026-03-16T17:49:20+00:00\" \/>\n<meta property=\"og:image\" content=\"https:\/\/rendez-vous-store.com\/app\/uploads\/2025\/03\/IMG_1117.webp\" \/>\n\t<meta property=\"og:image:width\" content=\"1696\" \/>\n\t<meta property=\"og:image:height\" content=\"2560\" \/>\n\t<meta property=\"og:image:type\" content=\"image\/webp\" \/>\n<meta name=\"twitter:card\" content=\"summary_large_image\" \/>\n<meta name=\"twitter:label1\" content=\"Est. reading time\" \/>\n\t<meta name=\"twitter:data1\" content=\"1 minute\" \/>\n<script type=\"application\/ld+json\" class=\"yoast-schema-graph\">{\"@context\":\"https:\/\/schema.org\",\"@graph\":[{\"@type\":\"WebPage\",\"@id\":\"https:\/\/rendez-vous-store.com\/shop\/last-pieces-women-rendez-vous-store\/last-pieces-women-trousers-skirt-rendez-vous-store\/eleph-square-pants-c7010207-peach-cotton-rendez-vous-store\/\",\"url\":\"https:\/\/rendez-vous-store.com\/shop\/last-pieces-women-rendez-vous-store\/last-pieces-women-trousers-skirt-rendez-vous-store\/eleph-square-pants-c7010207-peach-cotton-rendez-vous-store\/\",\"name\":\"Eleph Square Pants C7010207 Peach Cotton\",\"isPartOf\":{\"@id\":\"https:\/\/rendez-vous-store.com\/#website\"},\"primaryImageOfPage\":{\"@id\":\"https:\/\/rendez-vous-store.com\/shop\/last-pieces-women-rendez-vous-store\/last-pieces-women-trousers-skirt-rendez-vous-store\/eleph-square-pants-c7010207-peach-cotton-rendez-vous-store\/#primaryimage\"},\"image\":{\"@id\":\"https:\/\/rendez-vous-store.com\/shop\/last-pieces-women-rendez-vous-store\/last-pieces-women-trousers-skirt-rendez-vous-store\/eleph-square-pants-c7010207-peach-cotton-rendez-vous-store\/#primaryimage\"},\"thumbnailUrl\":\"https:\/\/rendez-vous-store.com\/app\/uploads\/2025\/03\/IMG_1117.webp\",\"datePublished\":\"2025-03-11T13:18:47+00:00\",\"dateModified\":\"2026-03-16T17:49:20+00:00\",\"description\":\"Eleph is on Rendez-vous Store. This Eleph Square Pants C7010207 Peach Cotton is designed to be cherished and kept close. Discover now.\",\"breadcrumb\":{\"@id\":\"https:\/\/rendez-vous-store.com\/shop\/last-pieces-women-rendez-vous-store\/last-pieces-women-trousers-skirt-rendez-vous-store\/eleph-square-pants-c7010207-peach-cotton-rendez-vous-store\/#breadcrumb\"},\"inLanguage\":\"fr-FR\",\"potentialAction\":[{\"@type\":\"ReadAction\",\"target\":[\"https:\/\/rendez-vous-store.com\/shop\/last-pieces-women-rendez-vous-store\/last-pieces-women-trousers-skirt-rendez-vous-store\/eleph-square-pants-c7010207-peach-cotton-rendez-vous-store\/\"]}]},{\"@type\":\"ImageObject\",\"inLanguage\":\"fr-FR\",\"@id\":\"https:\/\/rendez-vous-store.com\/shop\/last-pieces-women-rendez-vous-store\/last-pieces-women-trousers-skirt-rendez-vous-store\/eleph-square-pants-c7010207-peach-cotton-rendez-vous-store\/#primaryimage\",\"url\":\"https:\/\/rendez-vous-store.com\/app\/uploads\/2025\/03\/IMG_1117.webp\",\"contentUrl\":\"https:\/\/rendez-vous-store.com\/app\/uploads\/2025\/03\/IMG_1117.webp\",\"width\":1696,\"height\":2560},{\"@type\":\"BreadcrumbList\",\"@id\":\"https:\/\/rendez-vous-store.com\/shop\/last-pieces-women-rendez-vous-store\/last-pieces-women-trousers-skirt-rendez-vous-store\/eleph-square-pants-c7010207-peach-cotton-rendez-vous-store\/#breadcrumb\",\"itemListElement\":[{\"@type\":\"ListItem\",\"position\":1,\"name\":\"Home\",\"item\":\"https:\/\/rendez-vous-store.com\/\"},{\"@type\":\"ListItem\",\"position\":2,\"name\":\"Shop\",\"item\":\"https:\/\/www.rendez-vous-store.com\/shop\/\"},{\"@type\":\"ListItem\",\"position\":3,\"name\":\"Eleph &#8211; Square Pants C7010207 &#8211; Peach Cotton\"}]},{\"@type\":\"WebSite\",\"@id\":\"https:\/\/rendez-vous-store.com\/#website\",\"url\":\"https:\/\/rendez-vous-store.com\/\",\"name\":\"RENDEZ-VOUS STORE\",\"description\":\"Slow Fashion for Women and Men\",\"potentialAction\":[{\"@type\":\"SearchAction\",\"target\":{\"@type\":\"EntryPoint\",\"urlTemplate\":\"https:\/\/rendez-vous-store.com\/?s={search_term_string}\"},\"query-input\":{\"@type\":\"PropertyValueSpecification\",\"valueRequired\":true,\"valueName\":\"search_term_string\"}}],\"inLanguage\":\"fr-FR\"}]}<\/script>\n<!-- \/ Yoast SEO plugin. -->","yoast_head_json":{"title":"Eleph Square Pants C7010207 Peach Cotton","description":"Eleph is on Rendez-vous Store. This Eleph Square Pants C7010207 Peach Cotton is designed to be cherished and kept close. Discover now.","robots":{"index":"index","follow":"follow","max-snippet":"max-snippet:-1","max-image-preview":"max-image-preview:large","max-video-preview":"max-video-preview:-1"},"canonical":"https:\/\/rendez-vous-store.com\/fr\/shop\/last-pieces-women-rendez-vous-store\/last-pieces-women-trousers-skirt-rendez-vous-store\/eleph-square-pants-c7010207-peach-cotton-rendez-vous-store\/","og_locale":"fr_FR","og_type":"article","og_title":"Eleph Square Pants C7010207 Peach Cotton","og_description":"Eleph is on Rendez-vous Store. This Eleph Square Pants C7010207 Peach Cotton is designed to be cherished and kept close. Discover now.","og_url":"https:\/\/rendez-vous-store.com\/fr\/shop\/last-pieces-women-rendez-vous-store\/last-pieces-women-trousers-skirt-rendez-vous-store\/eleph-square-pants-c7010207-peach-cotton-rendez-vous-store\/","og_site_name":"RENDEZ-VOUS STORE","article_modified_time":"2026-03-16T17:49:20+00:00","og_image":[{"width":1696,"height":2560,"url":"https:\/\/rendez-vous-store.com\/app\/uploads\/2025\/03\/IMG_1117.webp","type":"image\/webp"}],"twitter_card":"summary_large_image","twitter_misc":{"Est. reading time":"1 minute"},"schema":{"@context":"https:\/\/schema.org","@graph":[{"@type":"WebPage","@id":"https:\/\/rendez-vous-store.com\/shop\/last-pieces-women-rendez-vous-store\/last-pieces-women-trousers-skirt-rendez-vous-store\/eleph-square-pants-c7010207-peach-cotton-rendez-vous-store\/","url":"https:\/\/rendez-vous-store.com\/shop\/last-pieces-women-rendez-vous-store\/last-pieces-women-trousers-skirt-rendez-vous-store\/eleph-square-pants-c7010207-peach-cotton-rendez-vous-store\/","name":"Eleph Square Pants C7010207 Peach Cotton","isPartOf":{"@id":"https:\/\/rendez-vous-store.com\/#website"},"primaryImageOfPage":{"@id":"https:\/\/rendez-vous-store.com\/shop\/last-pieces-women-rendez-vous-store\/last-pieces-women-trousers-skirt-rendez-vous-store\/eleph-square-pants-c7010207-peach-cotton-rendez-vous-store\/#primaryimage"},"image":{"@id":"https:\/\/rendez-vous-store.com\/shop\/last-pieces-women-rendez-vous-store\/last-pieces-women-trousers-skirt-rendez-vous-store\/eleph-square-pants-c7010207-peach-cotton-rendez-vous-store\/#primaryimage"},"thumbnailUrl":"https:\/\/rendez-vous-store.com\/app\/uploads\/2025\/03\/IMG_1117.webp","datePublished":"2025-03-11T13:18:47+00:00","dateModified":"2026-03-16T17:49:20+00:00","description":"Eleph is on Rendez-vous Store. This Eleph Square Pants C7010207 Peach Cotton is designed to be cherished and kept close. Discover now.","breadcrumb":{"@id":"https:\/\/rendez-vous-store.com\/shop\/last-pieces-women-rendez-vous-store\/last-pieces-women-trousers-skirt-rendez-vous-store\/eleph-square-pants-c7010207-peach-cotton-rendez-vous-store\/#breadcrumb"},"inLanguage":"fr-FR","potentialAction":[{"@type":"ReadAction","target":["https:\/\/rendez-vous-store.com\/shop\/last-pieces-women-rendez-vous-store\/last-pieces-women-trousers-skirt-rendez-vous-store\/eleph-square-pants-c7010207-peach-cotton-rendez-vous-store\/"]}]},{"@type":"ImageObject","inLanguage":"fr-FR","@id":"https:\/\/rendez-vous-store.com\/shop\/last-pieces-women-rendez-vous-store\/last-pieces-women-trousers-skirt-rendez-vous-store\/eleph-square-pants-c7010207-peach-cotton-rendez-vous-store\/#primaryimage","url":"https:\/\/rendez-vous-store.com\/app\/uploads\/2025\/03\/IMG_1117.webp","contentUrl":"https:\/\/rendez-vous-store.com\/app\/uploads\/2025\/03\/IMG_1117.webp","width":1696,"height":2560},{"@type":"BreadcrumbList","@id":"https:\/\/rendez-vous-store.com\/shop\/last-pieces-women-rendez-vous-store\/last-pieces-women-trousers-skirt-rendez-vous-store\/eleph-square-pants-c7010207-peach-cotton-rendez-vous-store\/#breadcrumb","itemListElement":[{"@type":"ListItem","position":1,"name":"Home","item":"https:\/\/rendez-vous-store.com\/"},{"@type":"ListItem","position":2,"name":"Shop","item":"https:\/\/www.rendez-vous-store.com\/shop\/"},{"@type":"ListItem","position":3,"name":"Eleph &#8211; Square Pants C7010207 &#8211; Peach Cotton"}]},{"@type":"WebSite","@id":"https:\/\/rendez-vous-store.com\/#website","url":"https:\/\/rendez-vous-store.com\/","name":"RENDEZ-VOUS STORE","description":"Slow Fashion for Women and Men","potentialAction":[{"@type":"SearchAction","target":{"@type":"EntryPoint","urlTemplate":"https:\/\/rendez-vous-store.com\/?s={search_term_string}"},"query-input":{"@type":"PropertyValueSpecification","valueRequired":true,"valueName":"search_term_string"}}],"inLanguage":"fr-FR"}]}},"_links":{"self":[{"href":"https:\/\/rendez-vous-store.com\/fr\/wp-json\/wp\/v2\/product\/197836","targetHints":{"allow":["GET"]}}],"collection":[{"href":"https:\/\/rendez-vous-store.com\/fr\/wp-json\/wp\/v2\/product"}],"about":[{"href":"https:\/\/rendez-vous-store.com\/fr\/wp-json\/wp\/v2\/types\/product"}],"wp:featuredmedia":[{"embeddable":true,"href":"https:\/\/rendez-vous-store.com\/fr\/wp-json\/wp\/v2\/media\/198663"}],"wp:attachment":[{"href":"https:\/\/rendez-vous-store.com\/fr\/wp-json\/wp\/v2\/media?parent=197836"}],"wp:term":[{"taxonomy":"product_brand","embeddable":true,"href":"https:\/\/rendez-vous-store.com\/fr\/wp-json\/wp\/v2\/product_brand?post=197836"},{"taxonomy":"product_cat","embeddable":true,"href":"https:\/\/rendez-vous-store.com\/fr\/wp-json\/wp\/v2\/product_cat?post=197836"},{"taxonomy":"product_tag","embeddable":true,"href":"https:\/\/rendez-vous-store.com\/fr\/wp-json\/wp\/v2\/product_tag?post=197836"}],"curies":[{"name":"wp","href":"https:\/\/api.w.org\/{rel}","templated":true}]}}