{"id":196949,"date":"2025-03-04T14:51:50","date_gmt":"2025-03-04T13:51:50","guid":{"rendered":"https:\/\/rendez-vous-store.com\/?post_type=product&#038;p=196949"},"modified":"2026-03-16T18:40:10","modified_gmt":"2026-03-16T17:40:10","slug":"apuntob-trousers-p1844-ts868-indigo-rendez-vous-store","status":"publish","type":"product","link":"https:\/\/rendez-vous-store.com\/fr\/shop\/special-offer-women-rendez-vous-store\/women-trousers-special-offer\/apuntob-trousers-p1844-ts868-indigo-rendez-vous-store\/","title":{"rendered":"ApuntoB - Pantalon P1844\/TS868 - Indigo"},"content":{"rendered":"<p><strong>ApuntoB Pantalon P1844\/TS868 Indigo<\/strong><\/p>\n<p>Couleur : Indigo<\/p>\n<p>Fermeture par bouton<\/p>\n<p>Effet rid\u00e9<\/p>\n<p>Composition : 80% Coton - 20% Lin<\/p>\n<p>Fabriqu\u00e9 en Italie<\/p>\n<p>&nbsp;<\/p>\n<p>Le pantalon ApuntoB P1844\/TS868 - Indigo apporte une texture unique et un charme d\u00e9contract\u00e9 \u00e0 toute garde-robe. Con\u00e7u en Italie \u00e0 partir d'un doux m\u00e9lange de coton et de lin, son effet froiss\u00e9 distinctif ajoute de la profondeur au tissu. Fini avec une fermeture boutonn\u00e9e, il offre un style sans effort mais raffin\u00e9 \u00e0 porter tous les jours.<\/p>\n<p>&nbsp;<\/p>\n<p><strong>Les mesures :<\/strong><\/p>\n<p>Taille XXS : Taille : 34cm, Hanche : 66cm, Cuisse : 40cm, Entrejambe : 67cm, Longueur : 101cm<\/p>\n<p>Taille XS : Taille : 36cm, Hanche : 68cm, Cuisse : 41cm, Entrejambe : 70cm, Longueur : 104cm<\/p>\n<p>Taille S : Taille : 37cm, Hanche : 69cm, Cuisse : 43cm, Entrejambe : 71cm, Longueur : 106cm<\/p>\n<p>&nbsp;<\/p>\n<p>&nbsp;<\/p>\n<p>&nbsp;<\/p>\n<p>&nbsp;<\/p>\n<h4>La marque<\/h4>\n<p>L'essence de l'\u00e9l\u00e9gance italienne se retrouve chez Apuntob, une marque distingu\u00e9e, r\u00e9put\u00e9e pour ses cr\u00e9ations intemporelles. Fond\u00e9e sur le principe que les v\u00eatements sont le reflet du style de vie et de l'identit\u00e9 de chacun, ApuntoB confectionne m\u00e9ticuleusement chaque pi\u00e8ce pour qu'elle incarne la simplicit\u00e9 et la sophistication.<\/p>\n<p>Au c\u0153ur de la philosophie d'ApuntoB se trouve un engagement ancr\u00e9 en faveur de la qualit\u00e9 et de l'artisanat. La qu\u00eate de perfection transpara\u00eet dans l\u2019exploration continue des mati\u00e8res et des silhouettes, ainsi que dans le soin minutieux accord\u00e9 \u00e0 chaque d\u00e9tail. \u00c0 chaque point de couture, ApuntoB s'efforce de cr\u00e9er des v\u00eatements qui transcendent les tendances \u00e9ph\u00e9m\u00e8res, offrant un style durable et une grande polyvalence.<\/p>","protected":false},"excerpt":{"rendered":"<p>ApuntoB Trousers P1844\/TS868 Indigo Color: Indigo Button Closure Wrinkled Effect Composition: 80% Cotton &#8211; 20% Linen Made In Italy &nbsp; The ApuntoB Trousers P1844\/TS868 &#8211; Indigo bring a unique texture and relaxed charm to any wardrobe. Designed in Italy from a soft cotton-linen blend, their distinctive wrinkled effect adds depth to the fabric. Finished with&hellip; <a class=\"more-link\" href=\"https:\/\/rendez-vous-store.com\/fr\/shop\/special-offer-women-rendez-vous-store\/women-trousers-special-offer\/apuntob-trousers-p1844-ts868-indigo-rendez-vous-store\/\">Continue reading <span class=\"screen-reader-text\">ApuntoB - Pantalon P1844\/TS868 - Indigo<\/span><\/a><\/p>","protected":false},"featured_media":200406,"template":"","meta":{"_acf_changed":false},"product_brand":[],"product_cat":[1291,1335,1341,17,1062,182],"product_tag":[281],"class_list":{"0":"post-196949","1":"product","2":"type-product","3":"status-publish","4":"has-post-thumbnail","6":"product_cat-sale-30","7":"product_cat-special-offer-women-rendez-vous-store","8":"product_cat-women-trousers-special-offer","9":"product_cat-women","10":"product_cat-new-women-selection-rendez-vous-store","11":"product_cat-trousers-skirts-discover-our-selection-rendez-vous-store","12":"product_tag-apuntob-rendez-vous-store","13":"entry","15":"first","16":"outofstock","17":"taxable","18":"shipping-taxable","19":"product-type-variable"},"acf":[],"yoast_head":"<!-- This site is optimized with the Yoast SEO plugin v24.9 - https:\/\/yoast.com\/wordpress\/plugins\/seo\/ -->\n<title>ApuntoB - Trousers P1844\/TS868 Indigo<\/title>\n<meta name=\"description\" content=\"This ApuntoB Trousers P1844\/TS868 Indigo is characterized by the endless research for beautiful shapes, fabrics and cuts by the brand.\" \/>\n<meta name=\"robots\" content=\"index, follow, max-snippet:-1, max-image-preview:large, max-video-preview:-1\" \/>\n<link rel=\"canonical\" href=\"https:\/\/rendez-vous-store.com\/fr\/shop\/special-offer-women-rendez-vous-store\/women-trousers-special-offer\/apuntob-trousers-p1844-ts868-indigo-rendez-vous-store\/\" \/>\n<meta property=\"og:locale\" content=\"fr_FR\" \/>\n<meta property=\"og:type\" content=\"article\" \/>\n<meta property=\"og:title\" content=\"ApuntoB - Trousers P1844\/TS868 Indigo\" \/>\n<meta property=\"og:description\" content=\"This ApuntoB Trousers P1844\/TS868 Indigo is characterized by the endless research for beautiful shapes, fabrics and cuts by the brand.\" \/>\n<meta property=\"og:url\" content=\"https:\/\/rendez-vous-store.com\/fr\/shop\/special-offer-women-rendez-vous-store\/women-trousers-special-offer\/apuntob-trousers-p1844-ts868-indigo-rendez-vous-store\/\" \/>\n<meta property=\"og:site_name\" content=\"RENDEZ-VOUS STORE\" \/>\n<meta property=\"article:modified_time\" content=\"2026-03-16T17:40:10+00:00\" \/>\n<meta property=\"og:image\" content=\"https:\/\/rendez-vous-store.com\/app\/uploads\/2025\/01\/IMG_9963.webp\" \/>\n\t<meta property=\"og:image:width\" content=\"1696\" \/>\n\t<meta property=\"og:image:height\" content=\"2560\" \/>\n\t<meta property=\"og:image:type\" content=\"image\/webp\" \/>\n<meta name=\"twitter:card\" content=\"summary_large_image\" \/>\n<meta name=\"twitter:label1\" content=\"Est. reading time\" \/>\n\t<meta name=\"twitter:data1\" content=\"2 minutes\" \/>\n<script type=\"application\/ld+json\" class=\"yoast-schema-graph\">{\"@context\":\"https:\/\/schema.org\",\"@graph\":[{\"@type\":\"WebPage\",\"@id\":\"https:\/\/rendez-vous-store.com\/shop\/special-offer-women-rendez-vous-store\/women-trousers-special-offer\/apuntob-trousers-p1844-ts868-indigo-rendez-vous-store\/\",\"url\":\"https:\/\/rendez-vous-store.com\/shop\/special-offer-women-rendez-vous-store\/women-trousers-special-offer\/apuntob-trousers-p1844-ts868-indigo-rendez-vous-store\/\",\"name\":\"ApuntoB - Trousers P1844\/TS868 Indigo\",\"isPartOf\":{\"@id\":\"https:\/\/rendez-vous-store.com\/#website\"},\"primaryImageOfPage\":{\"@id\":\"https:\/\/rendez-vous-store.com\/shop\/special-offer-women-rendez-vous-store\/women-trousers-special-offer\/apuntob-trousers-p1844-ts868-indigo-rendez-vous-store\/#primaryimage\"},\"image\":{\"@id\":\"https:\/\/rendez-vous-store.com\/shop\/special-offer-women-rendez-vous-store\/women-trousers-special-offer\/apuntob-trousers-p1844-ts868-indigo-rendez-vous-store\/#primaryimage\"},\"thumbnailUrl\":\"https:\/\/rendez-vous-store.com\/app\/uploads\/2025\/01\/IMG_9963.webp\",\"datePublished\":\"2025-03-04T13:51:50+00:00\",\"dateModified\":\"2026-03-16T17:40:10+00:00\",\"description\":\"This ApuntoB Trousers P1844\/TS868 Indigo is characterized by the endless research for beautiful shapes, fabrics and cuts by the brand.\",\"breadcrumb\":{\"@id\":\"https:\/\/rendez-vous-store.com\/shop\/special-offer-women-rendez-vous-store\/women-trousers-special-offer\/apuntob-trousers-p1844-ts868-indigo-rendez-vous-store\/#breadcrumb\"},\"inLanguage\":\"fr-FR\",\"potentialAction\":[{\"@type\":\"ReadAction\",\"target\":[\"https:\/\/rendez-vous-store.com\/shop\/special-offer-women-rendez-vous-store\/women-trousers-special-offer\/apuntob-trousers-p1844-ts868-indigo-rendez-vous-store\/\"]}]},{\"@type\":\"ImageObject\",\"inLanguage\":\"fr-FR\",\"@id\":\"https:\/\/rendez-vous-store.com\/shop\/special-offer-women-rendez-vous-store\/women-trousers-special-offer\/apuntob-trousers-p1844-ts868-indigo-rendez-vous-store\/#primaryimage\",\"url\":\"https:\/\/rendez-vous-store.com\/app\/uploads\/2025\/01\/IMG_9963.webp\",\"contentUrl\":\"https:\/\/rendez-vous-store.com\/app\/uploads\/2025\/01\/IMG_9963.webp\",\"width\":1696,\"height\":2560},{\"@type\":\"BreadcrumbList\",\"@id\":\"https:\/\/rendez-vous-store.com\/shop\/special-offer-women-rendez-vous-store\/women-trousers-special-offer\/apuntob-trousers-p1844-ts868-indigo-rendez-vous-store\/#breadcrumb\",\"itemListElement\":[{\"@type\":\"ListItem\",\"position\":1,\"name\":\"Home\",\"item\":\"https:\/\/rendez-vous-store.com\/\"},{\"@type\":\"ListItem\",\"position\":2,\"name\":\"Shop\",\"item\":\"https:\/\/www.rendez-vous-store.com\/shop\/\"},{\"@type\":\"ListItem\",\"position\":3,\"name\":\"ApuntoB &#8211; Trousers P1844\/TS868 &#8211; Indigo\"}]},{\"@type\":\"WebSite\",\"@id\":\"https:\/\/rendez-vous-store.com\/#website\",\"url\":\"https:\/\/rendez-vous-store.com\/\",\"name\":\"RENDEZ-VOUS STORE\",\"description\":\"Slow Fashion for Women and Men\",\"potentialAction\":[{\"@type\":\"SearchAction\",\"target\":{\"@type\":\"EntryPoint\",\"urlTemplate\":\"https:\/\/rendez-vous-store.com\/?s={search_term_string}\"},\"query-input\":{\"@type\":\"PropertyValueSpecification\",\"valueRequired\":true,\"valueName\":\"search_term_string\"}}],\"inLanguage\":\"fr-FR\"}]}<\/script>\n<!-- \/ Yoast SEO plugin. -->","yoast_head_json":{"title":"ApuntoB - Trousers P1844\/TS868 Indigo","description":"This ApuntoB Trousers P1844\/TS868 Indigo is characterized by the endless research for beautiful shapes, fabrics and cuts by the brand.","robots":{"index":"index","follow":"follow","max-snippet":"max-snippet:-1","max-image-preview":"max-image-preview:large","max-video-preview":"max-video-preview:-1"},"canonical":"https:\/\/rendez-vous-store.com\/fr\/shop\/special-offer-women-rendez-vous-store\/women-trousers-special-offer\/apuntob-trousers-p1844-ts868-indigo-rendez-vous-store\/","og_locale":"fr_FR","og_type":"article","og_title":"ApuntoB - Trousers P1844\/TS868 Indigo","og_description":"This ApuntoB Trousers P1844\/TS868 Indigo is characterized by the endless research for beautiful shapes, fabrics and cuts by the brand.","og_url":"https:\/\/rendez-vous-store.com\/fr\/shop\/special-offer-women-rendez-vous-store\/women-trousers-special-offer\/apuntob-trousers-p1844-ts868-indigo-rendez-vous-store\/","og_site_name":"RENDEZ-VOUS STORE","article_modified_time":"2026-03-16T17:40:10+00:00","og_image":[{"width":1696,"height":2560,"url":"https:\/\/rendez-vous-store.com\/app\/uploads\/2025\/01\/IMG_9963.webp","type":"image\/webp"}],"twitter_card":"summary_large_image","twitter_misc":{"Est. reading time":"2 minutes"},"schema":{"@context":"https:\/\/schema.org","@graph":[{"@type":"WebPage","@id":"https:\/\/rendez-vous-store.com\/shop\/special-offer-women-rendez-vous-store\/women-trousers-special-offer\/apuntob-trousers-p1844-ts868-indigo-rendez-vous-store\/","url":"https:\/\/rendez-vous-store.com\/shop\/special-offer-women-rendez-vous-store\/women-trousers-special-offer\/apuntob-trousers-p1844-ts868-indigo-rendez-vous-store\/","name":"ApuntoB - Trousers P1844\/TS868 Indigo","isPartOf":{"@id":"https:\/\/rendez-vous-store.com\/#website"},"primaryImageOfPage":{"@id":"https:\/\/rendez-vous-store.com\/shop\/special-offer-women-rendez-vous-store\/women-trousers-special-offer\/apuntob-trousers-p1844-ts868-indigo-rendez-vous-store\/#primaryimage"},"image":{"@id":"https:\/\/rendez-vous-store.com\/shop\/special-offer-women-rendez-vous-store\/women-trousers-special-offer\/apuntob-trousers-p1844-ts868-indigo-rendez-vous-store\/#primaryimage"},"thumbnailUrl":"https:\/\/rendez-vous-store.com\/app\/uploads\/2025\/01\/IMG_9963.webp","datePublished":"2025-03-04T13:51:50+00:00","dateModified":"2026-03-16T17:40:10+00:00","description":"This ApuntoB Trousers P1844\/TS868 Indigo is characterized by the endless research for beautiful shapes, fabrics and cuts by the brand.","breadcrumb":{"@id":"https:\/\/rendez-vous-store.com\/shop\/special-offer-women-rendez-vous-store\/women-trousers-special-offer\/apuntob-trousers-p1844-ts868-indigo-rendez-vous-store\/#breadcrumb"},"inLanguage":"fr-FR","potentialAction":[{"@type":"ReadAction","target":["https:\/\/rendez-vous-store.com\/shop\/special-offer-women-rendez-vous-store\/women-trousers-special-offer\/apuntob-trousers-p1844-ts868-indigo-rendez-vous-store\/"]}]},{"@type":"ImageObject","inLanguage":"fr-FR","@id":"https:\/\/rendez-vous-store.com\/shop\/special-offer-women-rendez-vous-store\/women-trousers-special-offer\/apuntob-trousers-p1844-ts868-indigo-rendez-vous-store\/#primaryimage","url":"https:\/\/rendez-vous-store.com\/app\/uploads\/2025\/01\/IMG_9963.webp","contentUrl":"https:\/\/rendez-vous-store.com\/app\/uploads\/2025\/01\/IMG_9963.webp","width":1696,"height":2560},{"@type":"BreadcrumbList","@id":"https:\/\/rendez-vous-store.com\/shop\/special-offer-women-rendez-vous-store\/women-trousers-special-offer\/apuntob-trousers-p1844-ts868-indigo-rendez-vous-store\/#breadcrumb","itemListElement":[{"@type":"ListItem","position":1,"name":"Home","item":"https:\/\/rendez-vous-store.com\/"},{"@type":"ListItem","position":2,"name":"Shop","item":"https:\/\/www.rendez-vous-store.com\/shop\/"},{"@type":"ListItem","position":3,"name":"ApuntoB &#8211; Trousers P1844\/TS868 &#8211; Indigo"}]},{"@type":"WebSite","@id":"https:\/\/rendez-vous-store.com\/#website","url":"https:\/\/rendez-vous-store.com\/","name":"RENDEZ-VOUS STORE","description":"Slow Fashion for Women and Men","potentialAction":[{"@type":"SearchAction","target":{"@type":"EntryPoint","urlTemplate":"https:\/\/rendez-vous-store.com\/?s={search_term_string}"},"query-input":{"@type":"PropertyValueSpecification","valueRequired":true,"valueName":"search_term_string"}}],"inLanguage":"fr-FR"}]}},"_links":{"self":[{"href":"https:\/\/rendez-vous-store.com\/fr\/wp-json\/wp\/v2\/product\/196949","targetHints":{"allow":["GET"]}}],"collection":[{"href":"https:\/\/rendez-vous-store.com\/fr\/wp-json\/wp\/v2\/product"}],"about":[{"href":"https:\/\/rendez-vous-store.com\/fr\/wp-json\/wp\/v2\/types\/product"}],"wp:featuredmedia":[{"embeddable":true,"href":"https:\/\/rendez-vous-store.com\/fr\/wp-json\/wp\/v2\/media\/200406"}],"wp:attachment":[{"href":"https:\/\/rendez-vous-store.com\/fr\/wp-json\/wp\/v2\/media?parent=196949"}],"wp:term":[{"taxonomy":"product_brand","embeddable":true,"href":"https:\/\/rendez-vous-store.com\/fr\/wp-json\/wp\/v2\/product_brand?post=196949"},{"taxonomy":"product_cat","embeddable":true,"href":"https:\/\/rendez-vous-store.com\/fr\/wp-json\/wp\/v2\/product_cat?post=196949"},{"taxonomy":"product_tag","embeddable":true,"href":"https:\/\/rendez-vous-store.com\/fr\/wp-json\/wp\/v2\/product_tag?post=196949"}],"curies":[{"name":"wp","href":"https:\/\/api.w.org\/{rel}","templated":true}]}}