{"id":196601,"date":"2025-03-03T10:14:30","date_gmt":"2025-03-03T09:14:30","guid":{"rendered":"https:\/\/rendez-vous-store.com\/?post_type=product&#038;p=196601"},"modified":"2026-03-16T18:27:06","modified_gmt":"2026-03-16T17:27:06","slug":"sono-jamie-joggers-1048-jute","status":"publish","type":"product","link":"https:\/\/rendez-vous-store.com\/fr\/shop\/special-offer-women-rendez-vous-store\/women-trousers-special-offer\/sono-jamie-joggers-1048-jute\/","title":{"rendered":"Sono - Jamie Joggers 1048 - Jute"},"content":{"rendered":"<p><strong>Sono Jamie Joggers 1048 Jute<\/strong><\/p>\n<p>Couleur : Beige<\/p>\n<p>Coupe ample<\/p>\n<p>Jambes larges<\/p>\n<p>Taille \u00e9lastique<\/p>\n<p>Chevilles \u00e9lastiques resserr\u00e9es<\/p>\n<p>Passant de ceinture<\/p>\n<p>Composition : 100% Coton biologique<\/p>\n<p>Fabriqu\u00e9 en France<\/p>\n<p>&nbsp;<\/p>\n<p>&nbsp;<\/p>\n<p>&nbsp;<\/p>\n<p>&nbsp;<\/p>\n<p><strong>La marque\u00a0<\/strong><\/p>\n<p>SONO est une marque de mode cr\u00e9\u00e9e par Stephanie Oberg et Simon Homes, visant \u00e0 red\u00e9finir le luxe dans un monde qui valorise la durabilit\u00e9. Leur collaboration allie un design haut de gamme \u00e0 un engagement en faveur des normes \u00e9thiques et environnementales, prouvant ainsi que la haute couture peut \u00eatre \u00e0 la fois \u00e9l\u00e9gante et respectueuse de l'environnement.<\/p>\n<p>La marque adopte une approche durable en s'attaquant directement aux principaux d\u00e9fis de l'industrie de l'habillement. Chaque \u00e9tape, de l'approvisionnement en mati\u00e8res premi\u00e8res \u00e0 la production, est soigneusement \u00e9tudi\u00e9e pour minimiser l'impact sur l'environnement. SONO d\u00e9fend sa philosophie \u00e9cologique en mettant l'accent sur une fabrication \u00e9thique et responsable, tout en veillant \u00e0 ce que la qualit\u00e9 ne souffre d'aucun compromis.<\/p>\n<p>En mettant l'accent sur la cr\u00e9ation de pi\u00e8ces intemporelles et \u00e9tonnantes, SONO est \u00e0 l'avant-garde d'un mouvement en faveur d'une mode de luxe plus durable.<\/p>","protected":false},"excerpt":{"rendered":"<p>Sono Jamie Joggers 1048 Jute Color: Beige Loose fit Wide legs Elastic waistband Tightened elastic ankles Belt loop Composition: 100% Organic Cotton Made in France &nbsp; &nbsp; &nbsp; &nbsp; The brand\u00a0 SONO is a fashion brand created by Stephanie Oberg and Simon Homes, aiming to redefine luxury in a world that values sustainability. Their collaboration&hellip; <a class=\"more-link\" href=\"https:\/\/rendez-vous-store.com\/fr\/shop\/special-offer-women-rendez-vous-store\/women-trousers-special-offer\/sono-jamie-joggers-1048-jute\/\">Continuer la lecture <span class=\"screen-reader-text\">Sono - Jamie Joggers 1048 - Jute<\/span><\/a><\/p>","protected":false},"featured_media":198190,"template":"","meta":{"_acf_changed":false},"product_brand":[],"product_cat":[1292,1335,1305,1341,1304,17,182,20,73],"product_tag":[1303],"class_list":{"0":"post-196601","1":"product","2":"type-product","3":"status-publish","4":"has-post-thumbnail","6":"product_cat-1292","7":"product_cat-special-offer-women-rendez-vous-store","8":"product_cat-trousers-shirts-unisex-rendez-vous-store","9":"product_cat-women-trousers-special-offer","10":"product_cat-unisex-rendez-vous-store","11":"product_cat-women","12":"product_cat-trousers-skirts-discover-our-selection-rendez-vous-store","13":"product_cat-men-selection-discover-our-selection-rendez-vous-store","14":"product_cat-trousers-shorts-rendez-vous-store","15":"product_tag-sono-rendez-vous-store","16":"entry","18":"first","19":"instock","20":"taxable","21":"shipping-taxable","22":"purchasable","23":"product-type-variable"},"acf":[],"yoast_head":"<!-- This site is optimized with the Yoast SEO plugin v24.9 - https:\/\/yoast.com\/wordpress\/plugins\/seo\/ -->\n<title>Sono Jamie Joggers 1048 Jute<\/title>\n<meta name=\"description\" content=\"This SONO Jamie Joggers 1048 Jute offers you the luxury of beautiful clothes while responding to ethical and environmental concerns. Discover now.\" \/>\n<meta name=\"robots\" content=\"index, follow, max-snippet:-1, max-image-preview:large, max-video-preview:-1\" \/>\n<link rel=\"canonical\" href=\"https:\/\/rendez-vous-store.com\/fr\/shop\/special-offer-women-rendez-vous-store\/women-trousers-special-offer\/sono-jamie-joggers-1048-jute\/\" \/>\n<meta property=\"og:locale\" content=\"fr_FR\" \/>\n<meta property=\"og:type\" content=\"article\" \/>\n<meta property=\"og:title\" content=\"Sono Jamie Joggers 1048 Jute\" \/>\n<meta property=\"og:description\" content=\"This SONO Jamie Joggers 1048 Jute offers you the luxury of beautiful clothes while responding to ethical and environmental concerns. Discover now.\" \/>\n<meta property=\"og:url\" content=\"https:\/\/rendez-vous-store.com\/fr\/shop\/special-offer-women-rendez-vous-store\/women-trousers-special-offer\/sono-jamie-joggers-1048-jute\/\" \/>\n<meta property=\"og:site_name\" content=\"RENDEZ-VOUS STORE\" \/>\n<meta property=\"article:modified_time\" content=\"2026-03-16T17:27:06+00:00\" \/>\n<meta property=\"og:image\" content=\"https:\/\/rendez-vous-store.com\/app\/uploads\/2025\/03\/IMG_8232.webp\" \/>\n\t<meta property=\"og:image:width\" content=\"1696\" \/>\n\t<meta property=\"og:image:height\" content=\"2560\" \/>\n\t<meta property=\"og:image:type\" content=\"image\/webp\" \/>\n<meta name=\"twitter:card\" content=\"summary_large_image\" \/>\n<meta name=\"twitter:label1\" content=\"Est. reading time\" \/>\n\t<meta name=\"twitter:data1\" content=\"1 minute\" \/>\n<script type=\"application\/ld+json\" class=\"yoast-schema-graph\">{\"@context\":\"https:\/\/schema.org\",\"@graph\":[{\"@type\":\"WebPage\",\"@id\":\"https:\/\/rendez-vous-store.com\/shop\/special-offer-women-rendez-vous-store\/women-trousers-special-offer\/sono-jamie-joggers-1048-jute\/\",\"url\":\"https:\/\/rendez-vous-store.com\/shop\/special-offer-women-rendez-vous-store\/women-trousers-special-offer\/sono-jamie-joggers-1048-jute\/\",\"name\":\"Sono Jamie Joggers 1048 Jute\",\"isPartOf\":{\"@id\":\"https:\/\/rendez-vous-store.com\/#website\"},\"primaryImageOfPage\":{\"@id\":\"https:\/\/rendez-vous-store.com\/shop\/special-offer-women-rendez-vous-store\/women-trousers-special-offer\/sono-jamie-joggers-1048-jute\/#primaryimage\"},\"image\":{\"@id\":\"https:\/\/rendez-vous-store.com\/shop\/special-offer-women-rendez-vous-store\/women-trousers-special-offer\/sono-jamie-joggers-1048-jute\/#primaryimage\"},\"thumbnailUrl\":\"https:\/\/rendez-vous-store.com\/app\/uploads\/2025\/03\/IMG_8232.webp\",\"datePublished\":\"2025-03-03T09:14:30+00:00\",\"dateModified\":\"2026-03-16T17:27:06+00:00\",\"description\":\"This SONO Jamie Joggers 1048 Jute offers you the luxury of beautiful clothes while responding to ethical and environmental concerns. Discover now.\",\"breadcrumb\":{\"@id\":\"https:\/\/rendez-vous-store.com\/shop\/special-offer-women-rendez-vous-store\/women-trousers-special-offer\/sono-jamie-joggers-1048-jute\/#breadcrumb\"},\"inLanguage\":\"fr-FR\",\"potentialAction\":[{\"@type\":\"ReadAction\",\"target\":[\"https:\/\/rendez-vous-store.com\/shop\/special-offer-women-rendez-vous-store\/women-trousers-special-offer\/sono-jamie-joggers-1048-jute\/\"]}]},{\"@type\":\"ImageObject\",\"inLanguage\":\"fr-FR\",\"@id\":\"https:\/\/rendez-vous-store.com\/shop\/special-offer-women-rendez-vous-store\/women-trousers-special-offer\/sono-jamie-joggers-1048-jute\/#primaryimage\",\"url\":\"https:\/\/rendez-vous-store.com\/app\/uploads\/2025\/03\/IMG_8232.webp\",\"contentUrl\":\"https:\/\/rendez-vous-store.com\/app\/uploads\/2025\/03\/IMG_8232.webp\",\"width\":1696,\"height\":2560},{\"@type\":\"BreadcrumbList\",\"@id\":\"https:\/\/rendez-vous-store.com\/shop\/special-offer-women-rendez-vous-store\/women-trousers-special-offer\/sono-jamie-joggers-1048-jute\/#breadcrumb\",\"itemListElement\":[{\"@type\":\"ListItem\",\"position\":1,\"name\":\"Home\",\"item\":\"https:\/\/rendez-vous-store.com\/\"},{\"@type\":\"ListItem\",\"position\":2,\"name\":\"Shop\",\"item\":\"https:\/\/www.rendez-vous-store.com\/shop\/\"},{\"@type\":\"ListItem\",\"position\":3,\"name\":\"Sono &#8211; Jamie Joggers 1048 &#8211; Jute\"}]},{\"@type\":\"WebSite\",\"@id\":\"https:\/\/rendez-vous-store.com\/#website\",\"url\":\"https:\/\/rendez-vous-store.com\/\",\"name\":\"RENDEZ-VOUS STORE\",\"description\":\"Slow Fashion for Women and Men\",\"potentialAction\":[{\"@type\":\"SearchAction\",\"target\":{\"@type\":\"EntryPoint\",\"urlTemplate\":\"https:\/\/rendez-vous-store.com\/?s={search_term_string}\"},\"query-input\":{\"@type\":\"PropertyValueSpecification\",\"valueRequired\":true,\"valueName\":\"search_term_string\"}}],\"inLanguage\":\"fr-FR\"}]}<\/script>\n<!-- \/ Yoast SEO plugin. -->","yoast_head_json":{"title":"Sono Jamie Joggers 1048 Jute","description":"This SONO Jamie Joggers 1048 Jute offers you the luxury of beautiful clothes while responding to ethical and environmental concerns. Discover now.","robots":{"index":"index","follow":"follow","max-snippet":"max-snippet:-1","max-image-preview":"max-image-preview:large","max-video-preview":"max-video-preview:-1"},"canonical":"https:\/\/rendez-vous-store.com\/fr\/shop\/special-offer-women-rendez-vous-store\/women-trousers-special-offer\/sono-jamie-joggers-1048-jute\/","og_locale":"fr_FR","og_type":"article","og_title":"Sono Jamie Joggers 1048 Jute","og_description":"This SONO Jamie Joggers 1048 Jute offers you the luxury of beautiful clothes while responding to ethical and environmental concerns. Discover now.","og_url":"https:\/\/rendez-vous-store.com\/fr\/shop\/special-offer-women-rendez-vous-store\/women-trousers-special-offer\/sono-jamie-joggers-1048-jute\/","og_site_name":"RENDEZ-VOUS STORE","article_modified_time":"2026-03-16T17:27:06+00:00","og_image":[{"width":1696,"height":2560,"url":"https:\/\/rendez-vous-store.com\/app\/uploads\/2025\/03\/IMG_8232.webp","type":"image\/webp"}],"twitter_card":"summary_large_image","twitter_misc":{"Est. reading time":"1 minute"},"schema":{"@context":"https:\/\/schema.org","@graph":[{"@type":"WebPage","@id":"https:\/\/rendez-vous-store.com\/shop\/special-offer-women-rendez-vous-store\/women-trousers-special-offer\/sono-jamie-joggers-1048-jute\/","url":"https:\/\/rendez-vous-store.com\/shop\/special-offer-women-rendez-vous-store\/women-trousers-special-offer\/sono-jamie-joggers-1048-jute\/","name":"Sono Jamie Joggers 1048 Jute","isPartOf":{"@id":"https:\/\/rendez-vous-store.com\/#website"},"primaryImageOfPage":{"@id":"https:\/\/rendez-vous-store.com\/shop\/special-offer-women-rendez-vous-store\/women-trousers-special-offer\/sono-jamie-joggers-1048-jute\/#primaryimage"},"image":{"@id":"https:\/\/rendez-vous-store.com\/shop\/special-offer-women-rendez-vous-store\/women-trousers-special-offer\/sono-jamie-joggers-1048-jute\/#primaryimage"},"thumbnailUrl":"https:\/\/rendez-vous-store.com\/app\/uploads\/2025\/03\/IMG_8232.webp","datePublished":"2025-03-03T09:14:30+00:00","dateModified":"2026-03-16T17:27:06+00:00","description":"This SONO Jamie Joggers 1048 Jute offers you the luxury of beautiful clothes while responding to ethical and environmental concerns. Discover now.","breadcrumb":{"@id":"https:\/\/rendez-vous-store.com\/shop\/special-offer-women-rendez-vous-store\/women-trousers-special-offer\/sono-jamie-joggers-1048-jute\/#breadcrumb"},"inLanguage":"fr-FR","potentialAction":[{"@type":"ReadAction","target":["https:\/\/rendez-vous-store.com\/shop\/special-offer-women-rendez-vous-store\/women-trousers-special-offer\/sono-jamie-joggers-1048-jute\/"]}]},{"@type":"ImageObject","inLanguage":"fr-FR","@id":"https:\/\/rendez-vous-store.com\/shop\/special-offer-women-rendez-vous-store\/women-trousers-special-offer\/sono-jamie-joggers-1048-jute\/#primaryimage","url":"https:\/\/rendez-vous-store.com\/app\/uploads\/2025\/03\/IMG_8232.webp","contentUrl":"https:\/\/rendez-vous-store.com\/app\/uploads\/2025\/03\/IMG_8232.webp","width":1696,"height":2560},{"@type":"BreadcrumbList","@id":"https:\/\/rendez-vous-store.com\/shop\/special-offer-women-rendez-vous-store\/women-trousers-special-offer\/sono-jamie-joggers-1048-jute\/#breadcrumb","itemListElement":[{"@type":"ListItem","position":1,"name":"Home","item":"https:\/\/rendez-vous-store.com\/"},{"@type":"ListItem","position":2,"name":"Shop","item":"https:\/\/www.rendez-vous-store.com\/shop\/"},{"@type":"ListItem","position":3,"name":"Sono &#8211; Jamie Joggers 1048 &#8211; Jute"}]},{"@type":"WebSite","@id":"https:\/\/rendez-vous-store.com\/#website","url":"https:\/\/rendez-vous-store.com\/","name":"RENDEZ-VOUS STORE","description":"Slow Fashion for Women and Men","potentialAction":[{"@type":"SearchAction","target":{"@type":"EntryPoint","urlTemplate":"https:\/\/rendez-vous-store.com\/?s={search_term_string}"},"query-input":{"@type":"PropertyValueSpecification","valueRequired":true,"valueName":"search_term_string"}}],"inLanguage":"fr-FR"}]}},"_links":{"self":[{"href":"https:\/\/rendez-vous-store.com\/fr\/wp-json\/wp\/v2\/product\/196601","targetHints":{"allow":["GET"]}}],"collection":[{"href":"https:\/\/rendez-vous-store.com\/fr\/wp-json\/wp\/v2\/product"}],"about":[{"href":"https:\/\/rendez-vous-store.com\/fr\/wp-json\/wp\/v2\/types\/product"}],"wp:featuredmedia":[{"embeddable":true,"href":"https:\/\/rendez-vous-store.com\/fr\/wp-json\/wp\/v2\/media\/198190"}],"wp:attachment":[{"href":"https:\/\/rendez-vous-store.com\/fr\/wp-json\/wp\/v2\/media?parent=196601"}],"wp:term":[{"taxonomy":"product_brand","embeddable":true,"href":"https:\/\/rendez-vous-store.com\/fr\/wp-json\/wp\/v2\/product_brand?post=196601"},{"taxonomy":"product_cat","embeddable":true,"href":"https:\/\/rendez-vous-store.com\/fr\/wp-json\/wp\/v2\/product_cat?post=196601"},{"taxonomy":"product_tag","embeddable":true,"href":"https:\/\/rendez-vous-store.com\/fr\/wp-json\/wp\/v2\/product_tag?post=196601"}],"curies":[{"name":"wp","href":"https:\/\/api.w.org\/{rel}","templated":true}]}}