{"id":196555,"date":"2025-02-28T16:22:45","date_gmt":"2025-02-28T15:22:45","guid":{"rendered":"https:\/\/rendez-vous-store.com\/?post_type=product&#038;p=196555"},"modified":"2026-03-16T16:22:00","modified_gmt":"2026-03-16T15:22:00","slug":"nitto-jil-dress-black-pattern","status":"publish","type":"product","link":"https:\/\/rendez-vous-store.com\/fr\/shop\/women\/women-dresses-rendez-vous-store\/nitto-jil-dress-black-pattern\/","title":{"rendered":"NITTO - Robe JIL - Motif noir"},"content":{"rendered":"<p><strong>NITTO JIL Robe noire Motif<\/strong><\/p>\n<p>Couleur : noir et blanc<\/p>\n<p>Robe longue<\/p>\n<p>Col rond<\/p>\n<p>Manches courtes<\/p>\n<p>Col \u00e9lastique<\/p>\n<p>Cordon de serrage pour le cou<\/p>\n<p>Composition : 100% Popeline de coton italienne ray\u00e9e<\/p>\n<p>Fabriqu\u00e9 en Italie<\/p>\n<p>&nbsp;<\/p>\n<p>&nbsp;<\/p>\n<p><strong>Les mesures :<\/strong><\/p>\n<p>\u00c9paules : 44cm, Poitrine : 80cm, Manches : 19cm, Longueur : 112cm, Emmanchures : 22cm<\/p>\n<p>&nbsp;<\/p>\n<p>&nbsp;<\/p>\n<p>&nbsp;<\/p>\n<p>&nbsp;<\/p>\n<h4>La marque<\/h4>\n<p class=\"\">Nitto fabrique \u00e0 la main des v\u00eatements et des accessoires uniques. La marque a \u00e9t\u00e9 fond\u00e9e en 2020, se concentrant sur des formes simples et \u00e9pur\u00e9es et s'inspirant des traditions du monde entier.<\/p>\n<p class=\"\">Ces pi\u00e8ces fra\u00eeches, destin\u00e9es aux jeunes et aux moins jeunes, sont faites pour \u00eatre port\u00e9es tous les jours et pour durer dans le temps.<\/p>\n<p>Tous les articles sont enti\u00e8rement faits \u00e0 la main : tricot\u00e9s \u00e0 la main, crochet\u00e9s \u00e0 la main ou confectionn\u00e9s de mani\u00e8re artisanale.<\/p>\n<p class=\"\">Les mati\u00e8res naturelles, associ\u00e9es \u00e0 une volont\u00e9 de r\u00e9duire l'impact sur l'environnement, fa\u00e7onnent le c\u0153ur romantique et intemporel des collections. Les tissus de haute qualit\u00e9 donnent vie \u00e0 des v\u00eatements plus durables, qui acqui\u00e8rent une plus grande valeur au fil du temps. La plupart des mat\u00e9riaux proviennent de sources locales. La recherche de petits fournisseurs, afin de soutenir l'industrie textile locale, joue un r\u00f4le central dans le projet.<\/p>\n<p>Une grande partie de la production se fait \u00e0 la demande, sur la base de petits lots de mat\u00e9riel.<\/p>","protected":false},"excerpt":{"rendered":"<p>NITTO JIL Dress Black Pattern Color: Black and White Maxi dress Round collar Short sleeves Elastic collar Neck tightening cord Composition: 100% Italian Striped Popelin Cotton Made in Italy &nbsp; &nbsp; The measurements: Shoulders: 44cm, Chest: 80cm, Sleeves: 19cm, Length: 112cm, Armholes: 22cm &nbsp; &nbsp; &nbsp; &nbsp; The Brand Nitto handcrafts unique clothes and accessories.&hellip; <a class=\"more-link\" href=\"https:\/\/rendez-vous-store.com\/fr\/shop\/women\/women-dresses-rendez-vous-store\/nitto-jil-dress-black-pattern\/\">Continue reading <span class=\"screen-reader-text\">NITTO - Robe JIL - Motif noir<\/span><\/a><\/p>","protected":false},"featured_media":198075,"template":"","meta":{"_acf_changed":false},"product_brand":[],"product_cat":[17,376],"product_tag":[1297],"class_list":{"0":"post-196555","1":"product","2":"type-product","3":"status-publish","4":"has-post-thumbnail","6":"product_cat-women","7":"product_cat-women-dresses-rendez-vous-store","8":"product_tag-nitto-rendez-vous-store","9":"entry","11":"first","12":"outofstock","13":"taxable","14":"shipping-taxable","15":"product-type-variable"},"acf":[],"yoast_head":"<!-- This site is optimized with the Yoast SEO plugin v24.9 - https:\/\/yoast.com\/wordpress\/plugins\/seo\/ -->\n<title>NITTO JIL Dress Black Pattern<\/title>\n<meta name=\"description\" content=\"This NITTO JIL Dress Black Pattern focusing on clean, simple shapes and inspired by traditions from all over the world. Discover now.\" \/>\n<meta name=\"robots\" content=\"index, follow, max-snippet:-1, max-image-preview:large, max-video-preview:-1\" \/>\n<link rel=\"canonical\" href=\"https:\/\/rendez-vous-store.com\/fr\/shop\/women\/women-dresses-rendez-vous-store\/nitto-jil-dress-black-pattern\/\" \/>\n<meta property=\"og:locale\" content=\"fr_FR\" \/>\n<meta property=\"og:type\" content=\"article\" \/>\n<meta property=\"og:title\" content=\"NITTO JIL Dress Black Pattern\" \/>\n<meta property=\"og:description\" content=\"This NITTO JIL Dress Black Pattern focusing on clean, simple shapes and inspired by traditions from all over the world. Discover now.\" \/>\n<meta property=\"og:url\" content=\"https:\/\/rendez-vous-store.com\/fr\/shop\/women\/women-dresses-rendez-vous-store\/nitto-jil-dress-black-pattern\/\" \/>\n<meta property=\"og:site_name\" content=\"RENDEZ-VOUS STORE\" \/>\n<meta property=\"article:modified_time\" content=\"2026-03-16T15:22:00+00:00\" \/>\n<meta property=\"og:image\" content=\"https:\/\/rendez-vous-store.com\/app\/uploads\/2025\/02\/IMG_9999.webp\" \/>\n\t<meta property=\"og:image:width\" content=\"1696\" \/>\n\t<meta property=\"og:image:height\" content=\"2560\" \/>\n\t<meta property=\"og:image:type\" content=\"image\/webp\" \/>\n<meta name=\"twitter:card\" content=\"summary_large_image\" \/>\n<meta name=\"twitter:label1\" content=\"Est. reading time\" \/>\n\t<meta name=\"twitter:data1\" content=\"1 minute\" \/>\n<script type=\"application\/ld+json\" class=\"yoast-schema-graph\">{\"@context\":\"https:\/\/schema.org\",\"@graph\":[{\"@type\":\"WebPage\",\"@id\":\"https:\/\/rendez-vous-store.com\/shop\/women\/women-dresses-rendez-vous-store\/nitto-jil-dress-black-pattern\/\",\"url\":\"https:\/\/rendez-vous-store.com\/shop\/women\/women-dresses-rendez-vous-store\/nitto-jil-dress-black-pattern\/\",\"name\":\"NITTO JIL Dress Black Pattern\",\"isPartOf\":{\"@id\":\"https:\/\/rendez-vous-store.com\/#website\"},\"primaryImageOfPage\":{\"@id\":\"https:\/\/rendez-vous-store.com\/shop\/women\/women-dresses-rendez-vous-store\/nitto-jil-dress-black-pattern\/#primaryimage\"},\"image\":{\"@id\":\"https:\/\/rendez-vous-store.com\/shop\/women\/women-dresses-rendez-vous-store\/nitto-jil-dress-black-pattern\/#primaryimage\"},\"thumbnailUrl\":\"https:\/\/rendez-vous-store.com\/app\/uploads\/2025\/02\/IMG_9999.webp\",\"datePublished\":\"2025-02-28T15:22:45+00:00\",\"dateModified\":\"2026-03-16T15:22:00+00:00\",\"description\":\"This NITTO JIL Dress Black Pattern focusing on clean, simple shapes and inspired by traditions from all over the world. Discover now.\",\"breadcrumb\":{\"@id\":\"https:\/\/rendez-vous-store.com\/shop\/women\/women-dresses-rendez-vous-store\/nitto-jil-dress-black-pattern\/#breadcrumb\"},\"inLanguage\":\"fr-FR\",\"potentialAction\":[{\"@type\":\"ReadAction\",\"target\":[\"https:\/\/rendez-vous-store.com\/shop\/women\/women-dresses-rendez-vous-store\/nitto-jil-dress-black-pattern\/\"]}]},{\"@type\":\"ImageObject\",\"inLanguage\":\"fr-FR\",\"@id\":\"https:\/\/rendez-vous-store.com\/shop\/women\/women-dresses-rendez-vous-store\/nitto-jil-dress-black-pattern\/#primaryimage\",\"url\":\"https:\/\/rendez-vous-store.com\/app\/uploads\/2025\/02\/IMG_9999.webp\",\"contentUrl\":\"https:\/\/rendez-vous-store.com\/app\/uploads\/2025\/02\/IMG_9999.webp\",\"width\":1696,\"height\":2560},{\"@type\":\"BreadcrumbList\",\"@id\":\"https:\/\/rendez-vous-store.com\/shop\/women\/women-dresses-rendez-vous-store\/nitto-jil-dress-black-pattern\/#breadcrumb\",\"itemListElement\":[{\"@type\":\"ListItem\",\"position\":1,\"name\":\"Home\",\"item\":\"https:\/\/rendez-vous-store.com\/\"},{\"@type\":\"ListItem\",\"position\":2,\"name\":\"Shop\",\"item\":\"https:\/\/www.rendez-vous-store.com\/shop\/\"},{\"@type\":\"ListItem\",\"position\":3,\"name\":\"NITTO &#8211; JIL Dress &#8211; Black Pattern\"}]},{\"@type\":\"WebSite\",\"@id\":\"https:\/\/rendez-vous-store.com\/#website\",\"url\":\"https:\/\/rendez-vous-store.com\/\",\"name\":\"RENDEZ-VOUS STORE\",\"description\":\"Slow Fashion for Women and Men\",\"potentialAction\":[{\"@type\":\"SearchAction\",\"target\":{\"@type\":\"EntryPoint\",\"urlTemplate\":\"https:\/\/rendez-vous-store.com\/?s={search_term_string}\"},\"query-input\":{\"@type\":\"PropertyValueSpecification\",\"valueRequired\":true,\"valueName\":\"search_term_string\"}}],\"inLanguage\":\"fr-FR\"}]}<\/script>\n<!-- \/ Yoast SEO plugin. -->","yoast_head_json":{"title":"NITTO JIL Dress Black Pattern","description":"This NITTO JIL Dress Black Pattern focusing on clean, simple shapes and inspired by traditions from all over the world. Discover now.","robots":{"index":"index","follow":"follow","max-snippet":"max-snippet:-1","max-image-preview":"max-image-preview:large","max-video-preview":"max-video-preview:-1"},"canonical":"https:\/\/rendez-vous-store.com\/fr\/shop\/women\/women-dresses-rendez-vous-store\/nitto-jil-dress-black-pattern\/","og_locale":"fr_FR","og_type":"article","og_title":"NITTO JIL Dress Black Pattern","og_description":"This NITTO JIL Dress Black Pattern focusing on clean, simple shapes and inspired by traditions from all over the world. Discover now.","og_url":"https:\/\/rendez-vous-store.com\/fr\/shop\/women\/women-dresses-rendez-vous-store\/nitto-jil-dress-black-pattern\/","og_site_name":"RENDEZ-VOUS STORE","article_modified_time":"2026-03-16T15:22:00+00:00","og_image":[{"width":1696,"height":2560,"url":"https:\/\/rendez-vous-store.com\/app\/uploads\/2025\/02\/IMG_9999.webp","type":"image\/webp"}],"twitter_card":"summary_large_image","twitter_misc":{"Est. reading time":"1 minute"},"schema":{"@context":"https:\/\/schema.org","@graph":[{"@type":"WebPage","@id":"https:\/\/rendez-vous-store.com\/shop\/women\/women-dresses-rendez-vous-store\/nitto-jil-dress-black-pattern\/","url":"https:\/\/rendez-vous-store.com\/shop\/women\/women-dresses-rendez-vous-store\/nitto-jil-dress-black-pattern\/","name":"NITTO JIL Dress Black Pattern","isPartOf":{"@id":"https:\/\/rendez-vous-store.com\/#website"},"primaryImageOfPage":{"@id":"https:\/\/rendez-vous-store.com\/shop\/women\/women-dresses-rendez-vous-store\/nitto-jil-dress-black-pattern\/#primaryimage"},"image":{"@id":"https:\/\/rendez-vous-store.com\/shop\/women\/women-dresses-rendez-vous-store\/nitto-jil-dress-black-pattern\/#primaryimage"},"thumbnailUrl":"https:\/\/rendez-vous-store.com\/app\/uploads\/2025\/02\/IMG_9999.webp","datePublished":"2025-02-28T15:22:45+00:00","dateModified":"2026-03-16T15:22:00+00:00","description":"This NITTO JIL Dress Black Pattern focusing on clean, simple shapes and inspired by traditions from all over the world. Discover now.","breadcrumb":{"@id":"https:\/\/rendez-vous-store.com\/shop\/women\/women-dresses-rendez-vous-store\/nitto-jil-dress-black-pattern\/#breadcrumb"},"inLanguage":"fr-FR","potentialAction":[{"@type":"ReadAction","target":["https:\/\/rendez-vous-store.com\/shop\/women\/women-dresses-rendez-vous-store\/nitto-jil-dress-black-pattern\/"]}]},{"@type":"ImageObject","inLanguage":"fr-FR","@id":"https:\/\/rendez-vous-store.com\/shop\/women\/women-dresses-rendez-vous-store\/nitto-jil-dress-black-pattern\/#primaryimage","url":"https:\/\/rendez-vous-store.com\/app\/uploads\/2025\/02\/IMG_9999.webp","contentUrl":"https:\/\/rendez-vous-store.com\/app\/uploads\/2025\/02\/IMG_9999.webp","width":1696,"height":2560},{"@type":"BreadcrumbList","@id":"https:\/\/rendez-vous-store.com\/shop\/women\/women-dresses-rendez-vous-store\/nitto-jil-dress-black-pattern\/#breadcrumb","itemListElement":[{"@type":"ListItem","position":1,"name":"Home","item":"https:\/\/rendez-vous-store.com\/"},{"@type":"ListItem","position":2,"name":"Shop","item":"https:\/\/www.rendez-vous-store.com\/shop\/"},{"@type":"ListItem","position":3,"name":"NITTO &#8211; JIL Dress &#8211; Black Pattern"}]},{"@type":"WebSite","@id":"https:\/\/rendez-vous-store.com\/#website","url":"https:\/\/rendez-vous-store.com\/","name":"RENDEZ-VOUS STORE","description":"Slow Fashion for Women and Men","potentialAction":[{"@type":"SearchAction","target":{"@type":"EntryPoint","urlTemplate":"https:\/\/rendez-vous-store.com\/?s={search_term_string}"},"query-input":{"@type":"PropertyValueSpecification","valueRequired":true,"valueName":"search_term_string"}}],"inLanguage":"fr-FR"}]}},"_links":{"self":[{"href":"https:\/\/rendez-vous-store.com\/fr\/wp-json\/wp\/v2\/product\/196555","targetHints":{"allow":["GET"]}}],"collection":[{"href":"https:\/\/rendez-vous-store.com\/fr\/wp-json\/wp\/v2\/product"}],"about":[{"href":"https:\/\/rendez-vous-store.com\/fr\/wp-json\/wp\/v2\/types\/product"}],"wp:featuredmedia":[{"embeddable":true,"href":"https:\/\/rendez-vous-store.com\/fr\/wp-json\/wp\/v2\/media\/198075"}],"wp:attachment":[{"href":"https:\/\/rendez-vous-store.com\/fr\/wp-json\/wp\/v2\/media?parent=196555"}],"wp:term":[{"taxonomy":"product_brand","embeddable":true,"href":"https:\/\/rendez-vous-store.com\/fr\/wp-json\/wp\/v2\/product_brand?post=196555"},{"taxonomy":"product_cat","embeddable":true,"href":"https:\/\/rendez-vous-store.com\/fr\/wp-json\/wp\/v2\/product_cat?post=196555"},{"taxonomy":"product_tag","embeddable":true,"href":"https:\/\/rendez-vous-store.com\/fr\/wp-json\/wp\/v2\/product_tag?post=196555"}],"curies":[{"name":"wp","href":"https:\/\/api.w.org\/{rel}","templated":true}]}}