{"id":196545,"date":"2025-02-28T16:22:28","date_gmt":"2025-02-28T15:22:28","guid":{"rendered":"https:\/\/rendez-vous-store.com\/?post_type=product&#038;p=196545"},"modified":"2026-03-16T16:22:02","modified_gmt":"2026-03-16T15:22:02","slug":"nitto-mimi-skirt-red","status":"publish","type":"product","link":"https:\/\/rendez-vous-store.com\/fr\/shop\/women\/trousers-skirts-discover-our-selection-rendez-vous-store\/nitto-mimi-skirt-red\/","title":{"rendered":"NITTO - Jupe MIMI - Rouge"},"content":{"rendered":"<p><strong>NITTO MIMI Jupe rouge<\/strong><\/p>\n<p>Couleur : Rouge<\/p>\n<p>Poche sur la couture lat\u00e9rale<\/p>\n<p>Passant de ceinture<\/p>\n<p>Look chic et d\u00e9contract\u00e9<\/p>\n<p>Plis \u00e0 la taille<\/p>\n<p>Composition : 100% Gabardine de coton italien<\/p>\n<p>Fabriqu\u00e9 en Italie<\/p>\n<p>&nbsp;<\/p>\n<p><strong>Les mesures :<\/strong><\/p>\n<p>Taille : 34cm, Hanche : 83cm, Longueur : 72cm<\/p>\n<p>&nbsp;<\/p>\n<p>&nbsp;<\/p>\n<p>&nbsp;<\/p>\n<h4>La marque<\/h4>\n<p class=\"\">Nitto fabrique \u00e0 la main des v\u00eatements et des accessoires uniques. La marque a \u00e9t\u00e9 fond\u00e9e en 2020, se concentrant sur des formes simples et \u00e9pur\u00e9es et s'inspirant des traditions du monde entier.<\/p>\n<p class=\"\">Ces pi\u00e8ces fra\u00eeches, destin\u00e9es aux jeunes et aux moins jeunes, sont faites pour \u00eatre port\u00e9es tous les jours et pour durer dans le temps.<\/p>\n<p>Tous les articles sont enti\u00e8rement faits \u00e0 la main : tricot\u00e9s \u00e0 la main, crochet\u00e9s \u00e0 la main ou confectionn\u00e9s de mani\u00e8re artisanale.<\/p>\n<p class=\"\">Les mati\u00e8res naturelles, associ\u00e9es \u00e0 une volont\u00e9 de r\u00e9duire l'impact sur l'environnement, fa\u00e7onnent le c\u0153ur romantique et intemporel des collections. Les tissus de haute qualit\u00e9 donnent vie \u00e0 des v\u00eatements plus durables, qui acqui\u00e8rent une plus grande valeur au fil du temps. La plupart des mat\u00e9riaux proviennent de sources locales. La recherche de petits fournisseurs, afin de soutenir l'industrie textile locale, joue un r\u00f4le central dans le projet.<\/p>\n<p>Une grande partie de la production se fait \u00e0 la demande, sur la base de petits lots de mat\u00e9riel.<\/p>","protected":false},"excerpt":{"rendered":"<p>NITTO MIMI Skirt Red Color: Red Side seam pocket Belt loop Casual chic look Pleat at waist Composition: 100% Italian Cotton Gabardine Made in Italy &nbsp; The measurements: Waist: 34cm, Hip: 83cm, Length: 72cm &nbsp; &nbsp; &nbsp; The Brand Nitto handcrafts unique clothes and accessories. The brand was founded in 2020, focusing on clean, simple&hellip; <a class=\"more-link\" href=\"https:\/\/rendez-vous-store.com\/fr\/shop\/women\/trousers-skirts-discover-our-selection-rendez-vous-store\/nitto-mimi-skirt-red\/\">Continue reading <span class=\"screen-reader-text\">NITTO - Jupe MIMI - Rouge<\/span><\/a><\/p>","protected":false},"featured_media":197941,"template":"","meta":{"_acf_changed":false},"product_brand":[],"product_cat":[301,17,182],"product_tag":[1297],"class_list":{"0":"post-196545","1":"product","2":"type-product","3":"status-publish","4":"has-post-thumbnail","6":"product_cat-rdvs-selection-discover-our-current-selection-rendez-vous-store","7":"product_cat-women","8":"product_cat-trousers-skirts-discover-our-selection-rendez-vous-store","9":"product_tag-nitto-rendez-vous-store","10":"entry","12":"first","13":"outofstock","14":"taxable","15":"shipping-taxable","16":"product-type-variable"},"acf":[],"yoast_head":"<!-- This site is optimized with the Yoast SEO plugin v24.9 - https:\/\/yoast.com\/wordpress\/plugins\/seo\/ -->\n<title>NITTO MIMI Skirt Red<\/title>\n<meta name=\"description\" content=\"NITTO is on Rendez-vous Store. This NITTO MIMI Skirt Red focusing on clean, simple shapes and inspired by traditions from all over the world.\" \/>\n<meta name=\"robots\" content=\"index, follow, max-snippet:-1, max-image-preview:large, max-video-preview:-1\" \/>\n<link rel=\"canonical\" href=\"https:\/\/rendez-vous-store.com\/fr\/shop\/women\/trousers-skirts-discover-our-selection-rendez-vous-store\/nitto-mimi-skirt-red\/\" \/>\n<meta property=\"og:locale\" content=\"fr_FR\" \/>\n<meta property=\"og:type\" content=\"article\" \/>\n<meta property=\"og:title\" content=\"NITTO MIMI Skirt Red\" \/>\n<meta property=\"og:description\" content=\"NITTO is on Rendez-vous Store. This NITTO MIMI Skirt Red focusing on clean, simple shapes and inspired by traditions from all over the world.\" \/>\n<meta property=\"og:url\" content=\"https:\/\/rendez-vous-store.com\/fr\/shop\/women\/trousers-skirts-discover-our-selection-rendez-vous-store\/nitto-mimi-skirt-red\/\" \/>\n<meta property=\"og:site_name\" content=\"RENDEZ-VOUS STORE\" \/>\n<meta property=\"article:modified_time\" content=\"2026-03-16T15:22:02+00:00\" \/>\n<meta property=\"og:image\" content=\"https:\/\/rendez-vous-store.com\/app\/uploads\/2025\/02\/IMG_9480-2.webp\" \/>\n\t<meta property=\"og:image:width\" content=\"1696\" \/>\n\t<meta property=\"og:image:height\" content=\"2560\" \/>\n\t<meta property=\"og:image:type\" content=\"image\/webp\" \/>\n<meta name=\"twitter:card\" content=\"summary_large_image\" \/>\n<meta name=\"twitter:label1\" content=\"Est. reading time\" \/>\n\t<meta name=\"twitter:data1\" content=\"1 minute\" \/>\n<script type=\"application\/ld+json\" class=\"yoast-schema-graph\">{\"@context\":\"https:\/\/schema.org\",\"@graph\":[{\"@type\":\"WebPage\",\"@id\":\"https:\/\/rendez-vous-store.com\/shop\/women\/trousers-skirts-discover-our-selection-rendez-vous-store\/nitto-mimi-skirt-red\/\",\"url\":\"https:\/\/rendez-vous-store.com\/shop\/women\/trousers-skirts-discover-our-selection-rendez-vous-store\/nitto-mimi-skirt-red\/\",\"name\":\"NITTO MIMI Skirt Red\",\"isPartOf\":{\"@id\":\"https:\/\/rendez-vous-store.com\/#website\"},\"primaryImageOfPage\":{\"@id\":\"https:\/\/rendez-vous-store.com\/shop\/women\/trousers-skirts-discover-our-selection-rendez-vous-store\/nitto-mimi-skirt-red\/#primaryimage\"},\"image\":{\"@id\":\"https:\/\/rendez-vous-store.com\/shop\/women\/trousers-skirts-discover-our-selection-rendez-vous-store\/nitto-mimi-skirt-red\/#primaryimage\"},\"thumbnailUrl\":\"https:\/\/rendez-vous-store.com\/app\/uploads\/2025\/02\/IMG_9480-2.webp\",\"datePublished\":\"2025-02-28T15:22:28+00:00\",\"dateModified\":\"2026-03-16T15:22:02+00:00\",\"description\":\"NITTO is on Rendez-vous Store. This NITTO MIMI Skirt Red focusing on clean, simple shapes and inspired by traditions from all over the world.\",\"breadcrumb\":{\"@id\":\"https:\/\/rendez-vous-store.com\/shop\/women\/trousers-skirts-discover-our-selection-rendez-vous-store\/nitto-mimi-skirt-red\/#breadcrumb\"},\"inLanguage\":\"fr-FR\",\"potentialAction\":[{\"@type\":\"ReadAction\",\"target\":[\"https:\/\/rendez-vous-store.com\/shop\/women\/trousers-skirts-discover-our-selection-rendez-vous-store\/nitto-mimi-skirt-red\/\"]}]},{\"@type\":\"ImageObject\",\"inLanguage\":\"fr-FR\",\"@id\":\"https:\/\/rendez-vous-store.com\/shop\/women\/trousers-skirts-discover-our-selection-rendez-vous-store\/nitto-mimi-skirt-red\/#primaryimage\",\"url\":\"https:\/\/rendez-vous-store.com\/app\/uploads\/2025\/02\/IMG_9480-2.webp\",\"contentUrl\":\"https:\/\/rendez-vous-store.com\/app\/uploads\/2025\/02\/IMG_9480-2.webp\",\"width\":1696,\"height\":2560},{\"@type\":\"BreadcrumbList\",\"@id\":\"https:\/\/rendez-vous-store.com\/shop\/women\/trousers-skirts-discover-our-selection-rendez-vous-store\/nitto-mimi-skirt-red\/#breadcrumb\",\"itemListElement\":[{\"@type\":\"ListItem\",\"position\":1,\"name\":\"Home\",\"item\":\"https:\/\/rendez-vous-store.com\/\"},{\"@type\":\"ListItem\",\"position\":2,\"name\":\"Shop\",\"item\":\"https:\/\/www.rendez-vous-store.com\/shop\/\"},{\"@type\":\"ListItem\",\"position\":3,\"name\":\"NITTO &#8211; MIMI Skirt &#8211; Red\"}]},{\"@type\":\"WebSite\",\"@id\":\"https:\/\/rendez-vous-store.com\/#website\",\"url\":\"https:\/\/rendez-vous-store.com\/\",\"name\":\"RENDEZ-VOUS STORE\",\"description\":\"Slow Fashion for Women and Men\",\"potentialAction\":[{\"@type\":\"SearchAction\",\"target\":{\"@type\":\"EntryPoint\",\"urlTemplate\":\"https:\/\/rendez-vous-store.com\/?s={search_term_string}\"},\"query-input\":{\"@type\":\"PropertyValueSpecification\",\"valueRequired\":true,\"valueName\":\"search_term_string\"}}],\"inLanguage\":\"fr-FR\"}]}<\/script>\n<!-- \/ Yoast SEO plugin. -->","yoast_head_json":{"title":"NITTO MIMI Skirt Red","description":"NITTO is on Rendez-vous Store. This NITTO MIMI Skirt Red focusing on clean, simple shapes and inspired by traditions from all over the world.","robots":{"index":"index","follow":"follow","max-snippet":"max-snippet:-1","max-image-preview":"max-image-preview:large","max-video-preview":"max-video-preview:-1"},"canonical":"https:\/\/rendez-vous-store.com\/fr\/shop\/women\/trousers-skirts-discover-our-selection-rendez-vous-store\/nitto-mimi-skirt-red\/","og_locale":"fr_FR","og_type":"article","og_title":"NITTO MIMI Skirt Red","og_description":"NITTO is on Rendez-vous Store. This NITTO MIMI Skirt Red focusing on clean, simple shapes and inspired by traditions from all over the world.","og_url":"https:\/\/rendez-vous-store.com\/fr\/shop\/women\/trousers-skirts-discover-our-selection-rendez-vous-store\/nitto-mimi-skirt-red\/","og_site_name":"RENDEZ-VOUS STORE","article_modified_time":"2026-03-16T15:22:02+00:00","og_image":[{"width":1696,"height":2560,"url":"https:\/\/rendez-vous-store.com\/app\/uploads\/2025\/02\/IMG_9480-2.webp","type":"image\/webp"}],"twitter_card":"summary_large_image","twitter_misc":{"Est. reading time":"1 minute"},"schema":{"@context":"https:\/\/schema.org","@graph":[{"@type":"WebPage","@id":"https:\/\/rendez-vous-store.com\/shop\/women\/trousers-skirts-discover-our-selection-rendez-vous-store\/nitto-mimi-skirt-red\/","url":"https:\/\/rendez-vous-store.com\/shop\/women\/trousers-skirts-discover-our-selection-rendez-vous-store\/nitto-mimi-skirt-red\/","name":"NITTO MIMI Skirt Red","isPartOf":{"@id":"https:\/\/rendez-vous-store.com\/#website"},"primaryImageOfPage":{"@id":"https:\/\/rendez-vous-store.com\/shop\/women\/trousers-skirts-discover-our-selection-rendez-vous-store\/nitto-mimi-skirt-red\/#primaryimage"},"image":{"@id":"https:\/\/rendez-vous-store.com\/shop\/women\/trousers-skirts-discover-our-selection-rendez-vous-store\/nitto-mimi-skirt-red\/#primaryimage"},"thumbnailUrl":"https:\/\/rendez-vous-store.com\/app\/uploads\/2025\/02\/IMG_9480-2.webp","datePublished":"2025-02-28T15:22:28+00:00","dateModified":"2026-03-16T15:22:02+00:00","description":"NITTO is on Rendez-vous Store. This NITTO MIMI Skirt Red focusing on clean, simple shapes and inspired by traditions from all over the world.","breadcrumb":{"@id":"https:\/\/rendez-vous-store.com\/shop\/women\/trousers-skirts-discover-our-selection-rendez-vous-store\/nitto-mimi-skirt-red\/#breadcrumb"},"inLanguage":"fr-FR","potentialAction":[{"@type":"ReadAction","target":["https:\/\/rendez-vous-store.com\/shop\/women\/trousers-skirts-discover-our-selection-rendez-vous-store\/nitto-mimi-skirt-red\/"]}]},{"@type":"ImageObject","inLanguage":"fr-FR","@id":"https:\/\/rendez-vous-store.com\/shop\/women\/trousers-skirts-discover-our-selection-rendez-vous-store\/nitto-mimi-skirt-red\/#primaryimage","url":"https:\/\/rendez-vous-store.com\/app\/uploads\/2025\/02\/IMG_9480-2.webp","contentUrl":"https:\/\/rendez-vous-store.com\/app\/uploads\/2025\/02\/IMG_9480-2.webp","width":1696,"height":2560},{"@type":"BreadcrumbList","@id":"https:\/\/rendez-vous-store.com\/shop\/women\/trousers-skirts-discover-our-selection-rendez-vous-store\/nitto-mimi-skirt-red\/#breadcrumb","itemListElement":[{"@type":"ListItem","position":1,"name":"Home","item":"https:\/\/rendez-vous-store.com\/"},{"@type":"ListItem","position":2,"name":"Shop","item":"https:\/\/www.rendez-vous-store.com\/shop\/"},{"@type":"ListItem","position":3,"name":"NITTO &#8211; MIMI Skirt &#8211; Red"}]},{"@type":"WebSite","@id":"https:\/\/rendez-vous-store.com\/#website","url":"https:\/\/rendez-vous-store.com\/","name":"RENDEZ-VOUS STORE","description":"Slow Fashion for Women and Men","potentialAction":[{"@type":"SearchAction","target":{"@type":"EntryPoint","urlTemplate":"https:\/\/rendez-vous-store.com\/?s={search_term_string}"},"query-input":{"@type":"PropertyValueSpecification","valueRequired":true,"valueName":"search_term_string"}}],"inLanguage":"fr-FR"}]}},"_links":{"self":[{"href":"https:\/\/rendez-vous-store.com\/fr\/wp-json\/wp\/v2\/product\/196545","targetHints":{"allow":["GET"]}}],"collection":[{"href":"https:\/\/rendez-vous-store.com\/fr\/wp-json\/wp\/v2\/product"}],"about":[{"href":"https:\/\/rendez-vous-store.com\/fr\/wp-json\/wp\/v2\/types\/product"}],"wp:featuredmedia":[{"embeddable":true,"href":"https:\/\/rendez-vous-store.com\/fr\/wp-json\/wp\/v2\/media\/197941"}],"wp:attachment":[{"href":"https:\/\/rendez-vous-store.com\/fr\/wp-json\/wp\/v2\/media?parent=196545"}],"wp:term":[{"taxonomy":"product_brand","embeddable":true,"href":"https:\/\/rendez-vous-store.com\/fr\/wp-json\/wp\/v2\/product_brand?post=196545"},{"taxonomy":"product_cat","embeddable":true,"href":"https:\/\/rendez-vous-store.com\/fr\/wp-json\/wp\/v2\/product_cat?post=196545"},{"taxonomy":"product_tag","embeddable":true,"href":"https:\/\/rendez-vous-store.com\/fr\/wp-json\/wp\/v2\/product_tag?post=196545"}],"curies":[{"name":"wp","href":"https:\/\/api.w.org\/{rel}","templated":true}]}}