{"id":195399,"date":"2025-02-25T15:20:54","date_gmt":"2025-02-25T14:20:54","guid":{"rendered":"https:\/\/rendez-vous-store.com\/?post_type=product&#038;p=195399"},"modified":"2026-03-16T18:46:25","modified_gmt":"2026-03-16T17:46:25","slug":"eleph-emmer-dress-c7010405-pink","status":"publish","type":"product","link":"https:\/\/rendez-vous-store.com\/fr\/shop\/women\/women-dresses-rendez-vous-store\/eleph-emmer-dress-c7010405-pink\/","title":{"rendered":"Eleph - Emmer Dress C7010405 - Rose"},"content":{"rendered":"<p><strong>Eleph Emmer Robe C7010405 Rose<\/strong><\/p>\n<p>Couleur : rose<\/p>\n<p>Imprim\u00e9 floral<\/p>\n<p>Robe maxi<\/p>\n<p>Sans manches<\/p>\n<p>Poches sur les coutures lat\u00e9rales<\/p>\n<p>Col rond<\/p>\n<p>Composition : 66% coton, 34% polyester<\/p>\n<p>Fabriqu\u00e9 en Ukraine<\/p>\n<p>&nbsp;<\/p>\n<p>&nbsp;<\/p>\n<p>&nbsp;<\/p>\n<h4>La marque<\/h4>\n<p>ELEPH se consacre \u00e0 la fabrication de produits intemporels, en mettant l'accent sur la durabilit\u00e9 et la long\u00e9vit\u00e9. Chaque collection est compos\u00e9e d'un m\u00e9lange de mat\u00e9riaux recycl\u00e9s et de fabrications durables pour r\u00e9sister aux \u00e9preuves du temps.<\/p>\n<p>&nbsp;<\/p>\n<p>Au-del\u00e0 de l'utilisation de mat\u00e9riaux recycl\u00e9s, ELEPH privil\u00e9gie les pratiques de production \u00e9thiques et les processus de fabrication respectueux de l'environnement. En s\u00e9lectionnant consciemment des mat\u00e9riaux et des m\u00e9thodes qui minimisent les d\u00e9chets et r\u00e9duisent l'impact sur l'environnement, la marque aligne ses produits sur des valeurs de gestion de l'environnement et de responsabilit\u00e9 sociale.<\/p>\n<p>Qu'il s'agisse de sacs, d'accessoires, de v\u00eatements ou d'articles pour la maison, chaque produit ELEPH fait l'objet d'un travail artisanal m\u00e9ticuleux et d'une attention particuli\u00e8re aux d\u00e9tails. Ses cr\u00e9ations transcendent la simple fonction et deviennent des objets ch\u00e9ris pour les ann\u00e9es \u00e0 venir. Avec des designs intemporels et une \u00e9thique durable, ELEPH encourage une approche plus consciente de la consommation, invitant les individus \u00e0 investir dans des produits qui sont \u00e0 la fois beaux et respectueux de l'environnement.<\/p>\n<p>&nbsp;<\/p>\n<p>Les v\u00eatements ELEPH se caract\u00e9risent par un style intemporel et une esth\u00e9tique minimaliste. La marque con\u00e7oit chaque pi\u00e8ce avec \u00e9l\u00e9gance et fonctionnalit\u00e9, en misant sur des lignes \u00e9pur\u00e9es et des silhouettes sophistiqu\u00e9es. En privil\u00e9giant des mati\u00e8res de haute qualit\u00e9 et des finitions impeccables, ELEPH propose des v\u00eatements qui d\u00e9passent les tendances \u00e9ph\u00e9m\u00e8res et permettent \u00e0 celles et ceux qui les portent d\u2019afficher une confiance durable. Avec son approche raffin\u00e9e et discr\u00e8te, ELEPH incarne l\u2019\u00e9l\u00e9gance d\u00e9contract\u00e9e et encourage chacun \u00e0 exprimer son style avec simplicit\u00e9 et assurance.<\/p>","protected":false},"excerpt":{"rendered":"<p>Eleph Emmer Dress C7010405 Pink Color: Pink Floral print Long dress Sleeveless Side seam pockets Round neck Composition: 66% Cotton, 34% Polyester Made in Ukraine &nbsp; &nbsp; &nbsp; The Brand ELEPH dedicates itself to crafting timeless products, with a focus on sustainability and longevity. Each collection carefully curates a blend of upcycled materials and durable&hellip; <a class=\"more-link\" href=\"https:\/\/rendez-vous-store.com\/fr\/shop\/women\/women-dresses-rendez-vous-store\/eleph-emmer-dress-c7010405-pink\/\">Continuer la lecture <span class=\"screen-reader-text\">Eleph - Emmer Dress C7010405 - Rose<\/span><\/a><\/p>","protected":false},"featured_media":196767,"template":"","meta":{"_acf_changed":false},"product_brand":[],"product_cat":[301,17,1062,376],"product_tag":[1251],"class_list":{"0":"post-195399","1":"product","2":"type-product","3":"status-publish","4":"has-post-thumbnail","6":"product_cat-rdvs-selection-discover-our-current-selection-rendez-vous-store","7":"product_cat-women","8":"product_cat-new-women-selection-rendez-vous-store","9":"product_cat-women-dresses-rendez-vous-store","10":"product_tag-eleph-timeless-items-rendez-vous-store","11":"entry","13":"first","14":"outofstock","15":"taxable","16":"shipping-taxable","17":"product-type-variable"},"acf":[],"yoast_head":"<!-- This site is optimized with the Yoast SEO plugin v24.9 - https:\/\/yoast.com\/wordpress\/plugins\/seo\/ -->\n<title>Eleph Emmer Dress C7010405 Pink<\/title>\n<meta name=\"description\" content=\"Eleph is on Rendez-vous Store. This Eleph Emmer Dress C7010405 Pink is designed to be cherished and kept close. Discover now.\" \/>\n<meta name=\"robots\" content=\"index, follow, max-snippet:-1, max-image-preview:large, max-video-preview:-1\" \/>\n<link rel=\"canonical\" href=\"https:\/\/rendez-vous-store.com\/fr\/shop\/women\/women-dresses-rendez-vous-store\/eleph-emmer-dress-c7010405-pink\/\" \/>\n<meta property=\"og:locale\" content=\"fr_FR\" \/>\n<meta property=\"og:type\" content=\"article\" \/>\n<meta property=\"og:title\" content=\"Eleph Emmer Dress C7010405 Pink\" \/>\n<meta property=\"og:description\" content=\"Eleph is on Rendez-vous Store. This Eleph Emmer Dress C7010405 Pink is designed to be cherished and kept close. Discover now.\" \/>\n<meta property=\"og:url\" content=\"https:\/\/rendez-vous-store.com\/fr\/shop\/women\/women-dresses-rendez-vous-store\/eleph-emmer-dress-c7010405-pink\/\" \/>\n<meta property=\"og:site_name\" content=\"RENDEZ-VOUS STORE\" \/>\n<meta property=\"article:modified_time\" content=\"2026-03-16T17:46:25+00:00\" \/>\n<meta property=\"og:image\" content=\"https:\/\/rendez-vous-store.com\/app\/uploads\/2025\/02\/IMG_7061.webp\" \/>\n\t<meta property=\"og:image:width\" content=\"1696\" \/>\n\t<meta property=\"og:image:height\" content=\"2560\" \/>\n\t<meta property=\"og:image:type\" content=\"image\/webp\" \/>\n<meta name=\"twitter:card\" content=\"summary_large_image\" \/>\n<meta name=\"twitter:label1\" content=\"Est. reading time\" \/>\n\t<meta name=\"twitter:data1\" content=\"2 minutes\" \/>\n<script type=\"application\/ld+json\" class=\"yoast-schema-graph\">{\"@context\":\"https:\/\/schema.org\",\"@graph\":[{\"@type\":\"WebPage\",\"@id\":\"https:\/\/rendez-vous-store.com\/shop\/women\/women-dresses-rendez-vous-store\/eleph-emmer-dress-c7010405-pink\/\",\"url\":\"https:\/\/rendez-vous-store.com\/shop\/women\/women-dresses-rendez-vous-store\/eleph-emmer-dress-c7010405-pink\/\",\"name\":\"Eleph Emmer Dress C7010405 Pink\",\"isPartOf\":{\"@id\":\"https:\/\/rendez-vous-store.com\/#website\"},\"primaryImageOfPage\":{\"@id\":\"https:\/\/rendez-vous-store.com\/shop\/women\/women-dresses-rendez-vous-store\/eleph-emmer-dress-c7010405-pink\/#primaryimage\"},\"image\":{\"@id\":\"https:\/\/rendez-vous-store.com\/shop\/women\/women-dresses-rendez-vous-store\/eleph-emmer-dress-c7010405-pink\/#primaryimage\"},\"thumbnailUrl\":\"https:\/\/rendez-vous-store.com\/app\/uploads\/2025\/02\/IMG_7061.webp\",\"datePublished\":\"2025-02-25T14:20:54+00:00\",\"dateModified\":\"2026-03-16T17:46:25+00:00\",\"description\":\"Eleph is on Rendez-vous Store. This Eleph Emmer Dress C7010405 Pink is designed to be cherished and kept close. Discover now.\",\"breadcrumb\":{\"@id\":\"https:\/\/rendez-vous-store.com\/shop\/women\/women-dresses-rendez-vous-store\/eleph-emmer-dress-c7010405-pink\/#breadcrumb\"},\"inLanguage\":\"fr-FR\",\"potentialAction\":[{\"@type\":\"ReadAction\",\"target\":[\"https:\/\/rendez-vous-store.com\/shop\/women\/women-dresses-rendez-vous-store\/eleph-emmer-dress-c7010405-pink\/\"]}]},{\"@type\":\"ImageObject\",\"inLanguage\":\"fr-FR\",\"@id\":\"https:\/\/rendez-vous-store.com\/shop\/women\/women-dresses-rendez-vous-store\/eleph-emmer-dress-c7010405-pink\/#primaryimage\",\"url\":\"https:\/\/rendez-vous-store.com\/app\/uploads\/2025\/02\/IMG_7061.webp\",\"contentUrl\":\"https:\/\/rendez-vous-store.com\/app\/uploads\/2025\/02\/IMG_7061.webp\",\"width\":1696,\"height\":2560},{\"@type\":\"BreadcrumbList\",\"@id\":\"https:\/\/rendez-vous-store.com\/shop\/women\/women-dresses-rendez-vous-store\/eleph-emmer-dress-c7010405-pink\/#breadcrumb\",\"itemListElement\":[{\"@type\":\"ListItem\",\"position\":1,\"name\":\"Home\",\"item\":\"https:\/\/rendez-vous-store.com\/\"},{\"@type\":\"ListItem\",\"position\":2,\"name\":\"Shop\",\"item\":\"https:\/\/www.rendez-vous-store.com\/shop\/\"},{\"@type\":\"ListItem\",\"position\":3,\"name\":\"Eleph &#8211; Emmer Dress C7010405 &#8211; Pink\"}]},{\"@type\":\"WebSite\",\"@id\":\"https:\/\/rendez-vous-store.com\/#website\",\"url\":\"https:\/\/rendez-vous-store.com\/\",\"name\":\"RENDEZ-VOUS STORE\",\"description\":\"Slow Fashion for Women and Men\",\"potentialAction\":[{\"@type\":\"SearchAction\",\"target\":{\"@type\":\"EntryPoint\",\"urlTemplate\":\"https:\/\/rendez-vous-store.com\/?s={search_term_string}\"},\"query-input\":{\"@type\":\"PropertyValueSpecification\",\"valueRequired\":true,\"valueName\":\"search_term_string\"}}],\"inLanguage\":\"fr-FR\"}]}<\/script>\n<!-- \/ Yoast SEO plugin. -->","yoast_head_json":{"title":"Eleph Emmer Dress C7010405 Pink","description":"Eleph is on Rendez-vous Store. This Eleph Emmer Dress C7010405 Pink is designed to be cherished and kept close. Discover now.","robots":{"index":"index","follow":"follow","max-snippet":"max-snippet:-1","max-image-preview":"max-image-preview:large","max-video-preview":"max-video-preview:-1"},"canonical":"https:\/\/rendez-vous-store.com\/fr\/shop\/women\/women-dresses-rendez-vous-store\/eleph-emmer-dress-c7010405-pink\/","og_locale":"fr_FR","og_type":"article","og_title":"Eleph Emmer Dress C7010405 Pink","og_description":"Eleph is on Rendez-vous Store. This Eleph Emmer Dress C7010405 Pink is designed to be cherished and kept close. Discover now.","og_url":"https:\/\/rendez-vous-store.com\/fr\/shop\/women\/women-dresses-rendez-vous-store\/eleph-emmer-dress-c7010405-pink\/","og_site_name":"RENDEZ-VOUS STORE","article_modified_time":"2026-03-16T17:46:25+00:00","og_image":[{"width":1696,"height":2560,"url":"https:\/\/rendez-vous-store.com\/app\/uploads\/2025\/02\/IMG_7061.webp","type":"image\/webp"}],"twitter_card":"summary_large_image","twitter_misc":{"Est. reading time":"2 minutes"},"schema":{"@context":"https:\/\/schema.org","@graph":[{"@type":"WebPage","@id":"https:\/\/rendez-vous-store.com\/shop\/women\/women-dresses-rendez-vous-store\/eleph-emmer-dress-c7010405-pink\/","url":"https:\/\/rendez-vous-store.com\/shop\/women\/women-dresses-rendez-vous-store\/eleph-emmer-dress-c7010405-pink\/","name":"Eleph Emmer Dress C7010405 Pink","isPartOf":{"@id":"https:\/\/rendez-vous-store.com\/#website"},"primaryImageOfPage":{"@id":"https:\/\/rendez-vous-store.com\/shop\/women\/women-dresses-rendez-vous-store\/eleph-emmer-dress-c7010405-pink\/#primaryimage"},"image":{"@id":"https:\/\/rendez-vous-store.com\/shop\/women\/women-dresses-rendez-vous-store\/eleph-emmer-dress-c7010405-pink\/#primaryimage"},"thumbnailUrl":"https:\/\/rendez-vous-store.com\/app\/uploads\/2025\/02\/IMG_7061.webp","datePublished":"2025-02-25T14:20:54+00:00","dateModified":"2026-03-16T17:46:25+00:00","description":"Eleph is on Rendez-vous Store. This Eleph Emmer Dress C7010405 Pink is designed to be cherished and kept close. Discover now.","breadcrumb":{"@id":"https:\/\/rendez-vous-store.com\/shop\/women\/women-dresses-rendez-vous-store\/eleph-emmer-dress-c7010405-pink\/#breadcrumb"},"inLanguage":"fr-FR","potentialAction":[{"@type":"ReadAction","target":["https:\/\/rendez-vous-store.com\/shop\/women\/women-dresses-rendez-vous-store\/eleph-emmer-dress-c7010405-pink\/"]}]},{"@type":"ImageObject","inLanguage":"fr-FR","@id":"https:\/\/rendez-vous-store.com\/shop\/women\/women-dresses-rendez-vous-store\/eleph-emmer-dress-c7010405-pink\/#primaryimage","url":"https:\/\/rendez-vous-store.com\/app\/uploads\/2025\/02\/IMG_7061.webp","contentUrl":"https:\/\/rendez-vous-store.com\/app\/uploads\/2025\/02\/IMG_7061.webp","width":1696,"height":2560},{"@type":"BreadcrumbList","@id":"https:\/\/rendez-vous-store.com\/shop\/women\/women-dresses-rendez-vous-store\/eleph-emmer-dress-c7010405-pink\/#breadcrumb","itemListElement":[{"@type":"ListItem","position":1,"name":"Home","item":"https:\/\/rendez-vous-store.com\/"},{"@type":"ListItem","position":2,"name":"Shop","item":"https:\/\/www.rendez-vous-store.com\/shop\/"},{"@type":"ListItem","position":3,"name":"Eleph &#8211; Emmer Dress C7010405 &#8211; Pink"}]},{"@type":"WebSite","@id":"https:\/\/rendez-vous-store.com\/#website","url":"https:\/\/rendez-vous-store.com\/","name":"RENDEZ-VOUS STORE","description":"Slow Fashion for Women and Men","potentialAction":[{"@type":"SearchAction","target":{"@type":"EntryPoint","urlTemplate":"https:\/\/rendez-vous-store.com\/?s={search_term_string}"},"query-input":{"@type":"PropertyValueSpecification","valueRequired":true,"valueName":"search_term_string"}}],"inLanguage":"fr-FR"}]}},"_links":{"self":[{"href":"https:\/\/rendez-vous-store.com\/fr\/wp-json\/wp\/v2\/product\/195399","targetHints":{"allow":["GET"]}}],"collection":[{"href":"https:\/\/rendez-vous-store.com\/fr\/wp-json\/wp\/v2\/product"}],"about":[{"href":"https:\/\/rendez-vous-store.com\/fr\/wp-json\/wp\/v2\/types\/product"}],"wp:featuredmedia":[{"embeddable":true,"href":"https:\/\/rendez-vous-store.com\/fr\/wp-json\/wp\/v2\/media\/196767"}],"wp:attachment":[{"href":"https:\/\/rendez-vous-store.com\/fr\/wp-json\/wp\/v2\/media?parent=195399"}],"wp:term":[{"taxonomy":"product_brand","embeddable":true,"href":"https:\/\/rendez-vous-store.com\/fr\/wp-json\/wp\/v2\/product_brand?post=195399"},{"taxonomy":"product_cat","embeddable":true,"href":"https:\/\/rendez-vous-store.com\/fr\/wp-json\/wp\/v2\/product_cat?post=195399"},{"taxonomy":"product_tag","embeddable":true,"href":"https:\/\/rendez-vous-store.com\/fr\/wp-json\/wp\/v2\/product_tag?post=195399"}],"curies":[{"name":"wp","href":"https:\/\/api.w.org\/{rel}","templated":true}]}}