{"id":195278,"date":"2025-02-25T14:55:55","date_gmt":"2025-02-25T13:55:55","guid":{"rendered":"https:\/\/rendez-vous-store.com\/?post_type=product&#038;p=195278"},"modified":"2026-04-03T14:30:41","modified_gmt":"2026-04-03T12:30:41","slug":"comme-des-garcons-homme-mens-pants-ho-p005-s25-navy-rendez-vous-store","status":"publish","type":"product","link":"https:\/\/rendez-vous-store.com\/fr\/shop\/men-selection-discover-our-selection-rendez-vous-store\/trousers-shorts-rendez-vous-store\/comme-des-garcons-homme-mens-pants-ho-p005-s25-navy-rendez-vous-store\/","title":{"rendered":"Comme Des Gar\u00e7ons Homme - Pantalon pour homme HO-P005-S25 - Marine"},"content":{"rendered":"<p><strong>Comme Des Gar\u00e7ons Homme Pantalon HO-P005-S25 Navy<\/strong><\/p>\n<p>Couleur : bleu marine<\/p>\n<p>Taille \u00e9lastiqu\u00e9e avec ceinture int\u00e9gr\u00e9e<\/p>\n<p>D\u00e9tail de la ceinture<\/p>\n<p>Deux poches lat\u00e9rales<\/p>\n<p>Deux poches arri\u00e8re<\/p>\n<p>Composition : 70% Coton, 30% Nylon<\/p>\n<p>Fabriqu\u00e9 au Japon<\/p>\n<p>&nbsp;<\/p>\n<p><strong>Les mesures :\u00a0<\/strong><\/p>\n<p>Taille L : Taille : 42cm, Hanche : 66cm, Cuisse : 39cm, Entrejambe : 61cm, Longueur : 106cm<\/p>\n<p>&nbsp;<\/p>\n<p>&nbsp;<\/p>\n<p>&nbsp;<\/p>\n<p><strong>La marque<\/strong><\/p>\n<p>Fond\u00e9e en 1978, Comme des Gar\u00e7ons Homme r\u00e9interpr\u00e8te les classiques de la mode masculine avec une approche intellectuelle et avant-gardiste. Fid\u00e8le \u00e0 son h\u00e9ritage de v\u00eatements de travail d'inspiration occidentale, la marque insuffle une nouvelle \u00e9nergie aux essentiels de la garde-robe gr\u00e2ce \u00e0 des textures uniques, des constructions pr\u00e9cises et des ornements artistiques. Son style patchwork caract\u00e9ristique, ses d\u00e9tails audacieux tels qu'une chemise ray\u00e9e classique r\u00e9invent\u00e9e avec une d\u00e9coupe en diamant et son engagement envers l'artisanat font de Comme des Gar\u00e7ons Homme une r\u00e9f\u00e9rence o\u00f9 l'innovation transcende les tendances.<\/p>","protected":false},"excerpt":{"rendered":"<p>Comme Des Gar\u00e7ons Homme Men&#8217;s Pants HO-P005-S25 Navy Color: Navy Elasticated waist with integrated belt Belt loop detail Two side pockets Two back pockets Composition: 70% Cotton, 30% Nylon Made in Japan &nbsp; The measurements:\u00a0 Size L: Waist: 42cm, Hip: 66cm, Thigh: 39cm, Inseam: 61cm, Length: 106cm &nbsp; &nbsp; &nbsp; The Brand Founded in 1978,&hellip; <a class=\"more-link\" href=\"https:\/\/rendez-vous-store.com\/fr\/shop\/men-selection-discover-our-selection-rendez-vous-store\/trousers-shorts-rendez-vous-store\/comme-des-garcons-homme-mens-pants-ho-p005-s25-navy-rendez-vous-store\/\">Continue reading <span class=\"screen-reader-text\">Comme Des Gar\u00e7ons Homme - Pantalon pour homme HO-P005-S25 - Marine<\/span><\/a><\/p>","protected":false},"featured_media":196504,"template":"","meta":{"_acf_changed":false},"product_brand":[],"product_cat":[20,73],"product_tag":[1418],"class_list":{"0":"post-195278","1":"product","2":"type-product","3":"status-publish","4":"has-post-thumbnail","6":"product_cat-men-selection-discover-our-selection-rendez-vous-store","7":"product_cat-trousers-shorts-rendez-vous-store","8":"product_tag-comme-des-garcons-homme","9":"entry","11":"first","12":"outofstock","13":"taxable","14":"shipping-taxable","15":"product-type-variable"},"acf":[],"yoast_head":"<!-- This site is optimized with the Yoast SEO plugin v24.9 - https:\/\/yoast.com\/wordpress\/plugins\/seo\/ -->\n<title>Comme Des Gar\u00e7ons Homme Men&#039;s Pants HO-P005-S25 Navy<\/title>\n<meta name=\"description\" content=\"This Comme Des Gar\u00e7ons Homme Men&#039;s Pants HO-P005-S25 Navy reinterprets classic menswear with an intellectual and avant-garde approach.\" \/>\n<meta name=\"robots\" content=\"index, follow, max-snippet:-1, max-image-preview:large, max-video-preview:-1\" \/>\n<link rel=\"canonical\" href=\"https:\/\/rendez-vous-store.com\/fr\/shop\/men-selection-discover-our-selection-rendez-vous-store\/trousers-shorts-rendez-vous-store\/comme-des-garcons-homme-mens-pants-ho-p005-s25-navy-rendez-vous-store\/\" \/>\n<meta property=\"og:locale\" content=\"fr_FR\" \/>\n<meta property=\"og:type\" content=\"article\" \/>\n<meta property=\"og:title\" content=\"Comme Des Gar\u00e7ons Homme Men&#039;s Pants HO-P005-S25 Navy\" \/>\n<meta property=\"og:description\" content=\"This Comme Des Gar\u00e7ons Homme Men&#039;s Pants HO-P005-S25 Navy reinterprets classic menswear with an intellectual and avant-garde approach.\" \/>\n<meta property=\"og:url\" content=\"https:\/\/rendez-vous-store.com\/fr\/shop\/men-selection-discover-our-selection-rendez-vous-store\/trousers-shorts-rendez-vous-store\/comme-des-garcons-homme-mens-pants-ho-p005-s25-navy-rendez-vous-store\/\" \/>\n<meta property=\"og:site_name\" content=\"RENDEZ-VOUS STORE\" \/>\n<meta property=\"article:modified_time\" content=\"2026-04-03T12:30:41+00:00\" \/>\n<meta property=\"og:image\" content=\"https:\/\/rendez-vous-store.com\/app\/uploads\/2025\/02\/IMG_6588-1.webp\" \/>\n\t<meta property=\"og:image:width\" content=\"1696\" \/>\n\t<meta property=\"og:image:height\" content=\"2560\" \/>\n\t<meta property=\"og:image:type\" content=\"image\/webp\" \/>\n<meta name=\"twitter:card\" content=\"summary_large_image\" \/>\n<meta name=\"twitter:label1\" content=\"Est. reading time\" \/>\n\t<meta name=\"twitter:data1\" content=\"1 minute\" \/>\n<script type=\"application\/ld+json\" class=\"yoast-schema-graph\">{\"@context\":\"https:\/\/schema.org\",\"@graph\":[{\"@type\":\"WebPage\",\"@id\":\"https:\/\/rendez-vous-store.com\/shop\/men-selection-discover-our-selection-rendez-vous-store\/trousers-shorts-rendez-vous-store\/comme-des-garcons-homme-mens-pants-ho-p005-s25-navy-rendez-vous-store\/\",\"url\":\"https:\/\/rendez-vous-store.com\/shop\/men-selection-discover-our-selection-rendez-vous-store\/trousers-shorts-rendez-vous-store\/comme-des-garcons-homme-mens-pants-ho-p005-s25-navy-rendez-vous-store\/\",\"name\":\"Comme Des Gar\u00e7ons Homme Men's Pants HO-P005-S25 Navy\",\"isPartOf\":{\"@id\":\"https:\/\/rendez-vous-store.com\/#website\"},\"primaryImageOfPage\":{\"@id\":\"https:\/\/rendez-vous-store.com\/shop\/men-selection-discover-our-selection-rendez-vous-store\/trousers-shorts-rendez-vous-store\/comme-des-garcons-homme-mens-pants-ho-p005-s25-navy-rendez-vous-store\/#primaryimage\"},\"image\":{\"@id\":\"https:\/\/rendez-vous-store.com\/shop\/men-selection-discover-our-selection-rendez-vous-store\/trousers-shorts-rendez-vous-store\/comme-des-garcons-homme-mens-pants-ho-p005-s25-navy-rendez-vous-store\/#primaryimage\"},\"thumbnailUrl\":\"https:\/\/rendez-vous-store.com\/app\/uploads\/2025\/02\/IMG_6588-1.webp\",\"datePublished\":\"2025-02-25T13:55:55+00:00\",\"dateModified\":\"2026-04-03T12:30:41+00:00\",\"description\":\"This Comme Des Gar\u00e7ons Homme Men's Pants HO-P005-S25 Navy reinterprets classic menswear with an intellectual and avant-garde approach.\",\"breadcrumb\":{\"@id\":\"https:\/\/rendez-vous-store.com\/shop\/men-selection-discover-our-selection-rendez-vous-store\/trousers-shorts-rendez-vous-store\/comme-des-garcons-homme-mens-pants-ho-p005-s25-navy-rendez-vous-store\/#breadcrumb\"},\"inLanguage\":\"fr-FR\",\"potentialAction\":[{\"@type\":\"ReadAction\",\"target\":[\"https:\/\/rendez-vous-store.com\/shop\/men-selection-discover-our-selection-rendez-vous-store\/trousers-shorts-rendez-vous-store\/comme-des-garcons-homme-mens-pants-ho-p005-s25-navy-rendez-vous-store\/\"]}]},{\"@type\":\"ImageObject\",\"inLanguage\":\"fr-FR\",\"@id\":\"https:\/\/rendez-vous-store.com\/shop\/men-selection-discover-our-selection-rendez-vous-store\/trousers-shorts-rendez-vous-store\/comme-des-garcons-homme-mens-pants-ho-p005-s25-navy-rendez-vous-store\/#primaryimage\",\"url\":\"https:\/\/rendez-vous-store.com\/app\/uploads\/2025\/02\/IMG_6588-1.webp\",\"contentUrl\":\"https:\/\/rendez-vous-store.com\/app\/uploads\/2025\/02\/IMG_6588-1.webp\",\"width\":1696,\"height\":2560},{\"@type\":\"BreadcrumbList\",\"@id\":\"https:\/\/rendez-vous-store.com\/shop\/men-selection-discover-our-selection-rendez-vous-store\/trousers-shorts-rendez-vous-store\/comme-des-garcons-homme-mens-pants-ho-p005-s25-navy-rendez-vous-store\/#breadcrumb\",\"itemListElement\":[{\"@type\":\"ListItem\",\"position\":1,\"name\":\"Home\",\"item\":\"https:\/\/rendez-vous-store.com\/\"},{\"@type\":\"ListItem\",\"position\":2,\"name\":\"Shop\",\"item\":\"https:\/\/www.rendez-vous-store.com\/shop\/\"},{\"@type\":\"ListItem\",\"position\":3,\"name\":\"Comme Des Gar\u00e7ons Homme &#8211; Men&#8217;s Pants HO-P005-S25 &#8211; Navy\"}]},{\"@type\":\"WebSite\",\"@id\":\"https:\/\/rendez-vous-store.com\/#website\",\"url\":\"https:\/\/rendez-vous-store.com\/\",\"name\":\"RENDEZ-VOUS STORE\",\"description\":\"Slow Fashion for Women and Men\",\"potentialAction\":[{\"@type\":\"SearchAction\",\"target\":{\"@type\":\"EntryPoint\",\"urlTemplate\":\"https:\/\/rendez-vous-store.com\/?s={search_term_string}\"},\"query-input\":{\"@type\":\"PropertyValueSpecification\",\"valueRequired\":true,\"valueName\":\"search_term_string\"}}],\"inLanguage\":\"fr-FR\"}]}<\/script>\n<!-- \/ Yoast SEO plugin. -->","yoast_head_json":{"title":"Comme Des Gar\u00e7ons Homme Men's Pants HO-P005-S25 Navy","description":"This Comme Des Gar\u00e7ons Homme Men's Pants HO-P005-S25 Navy reinterprets classic menswear with an intellectual and avant-garde approach.","robots":{"index":"index","follow":"follow","max-snippet":"max-snippet:-1","max-image-preview":"max-image-preview:large","max-video-preview":"max-video-preview:-1"},"canonical":"https:\/\/rendez-vous-store.com\/fr\/shop\/men-selection-discover-our-selection-rendez-vous-store\/trousers-shorts-rendez-vous-store\/comme-des-garcons-homme-mens-pants-ho-p005-s25-navy-rendez-vous-store\/","og_locale":"fr_FR","og_type":"article","og_title":"Comme Des Gar\u00e7ons Homme Men's Pants HO-P005-S25 Navy","og_description":"This Comme Des Gar\u00e7ons Homme Men's Pants HO-P005-S25 Navy reinterprets classic menswear with an intellectual and avant-garde approach.","og_url":"https:\/\/rendez-vous-store.com\/fr\/shop\/men-selection-discover-our-selection-rendez-vous-store\/trousers-shorts-rendez-vous-store\/comme-des-garcons-homme-mens-pants-ho-p005-s25-navy-rendez-vous-store\/","og_site_name":"RENDEZ-VOUS STORE","article_modified_time":"2026-04-03T12:30:41+00:00","og_image":[{"width":1696,"height":2560,"url":"https:\/\/rendez-vous-store.com\/app\/uploads\/2025\/02\/IMG_6588-1.webp","type":"image\/webp"}],"twitter_card":"summary_large_image","twitter_misc":{"Est. reading time":"1 minute"},"schema":{"@context":"https:\/\/schema.org","@graph":[{"@type":"WebPage","@id":"https:\/\/rendez-vous-store.com\/shop\/men-selection-discover-our-selection-rendez-vous-store\/trousers-shorts-rendez-vous-store\/comme-des-garcons-homme-mens-pants-ho-p005-s25-navy-rendez-vous-store\/","url":"https:\/\/rendez-vous-store.com\/shop\/men-selection-discover-our-selection-rendez-vous-store\/trousers-shorts-rendez-vous-store\/comme-des-garcons-homme-mens-pants-ho-p005-s25-navy-rendez-vous-store\/","name":"Comme Des Gar\u00e7ons Homme Men's Pants HO-P005-S25 Navy","isPartOf":{"@id":"https:\/\/rendez-vous-store.com\/#website"},"primaryImageOfPage":{"@id":"https:\/\/rendez-vous-store.com\/shop\/men-selection-discover-our-selection-rendez-vous-store\/trousers-shorts-rendez-vous-store\/comme-des-garcons-homme-mens-pants-ho-p005-s25-navy-rendez-vous-store\/#primaryimage"},"image":{"@id":"https:\/\/rendez-vous-store.com\/shop\/men-selection-discover-our-selection-rendez-vous-store\/trousers-shorts-rendez-vous-store\/comme-des-garcons-homme-mens-pants-ho-p005-s25-navy-rendez-vous-store\/#primaryimage"},"thumbnailUrl":"https:\/\/rendez-vous-store.com\/app\/uploads\/2025\/02\/IMG_6588-1.webp","datePublished":"2025-02-25T13:55:55+00:00","dateModified":"2026-04-03T12:30:41+00:00","description":"This Comme Des Gar\u00e7ons Homme Men's Pants HO-P005-S25 Navy reinterprets classic menswear with an intellectual and avant-garde approach.","breadcrumb":{"@id":"https:\/\/rendez-vous-store.com\/shop\/men-selection-discover-our-selection-rendez-vous-store\/trousers-shorts-rendez-vous-store\/comme-des-garcons-homme-mens-pants-ho-p005-s25-navy-rendez-vous-store\/#breadcrumb"},"inLanguage":"fr-FR","potentialAction":[{"@type":"ReadAction","target":["https:\/\/rendez-vous-store.com\/shop\/men-selection-discover-our-selection-rendez-vous-store\/trousers-shorts-rendez-vous-store\/comme-des-garcons-homme-mens-pants-ho-p005-s25-navy-rendez-vous-store\/"]}]},{"@type":"ImageObject","inLanguage":"fr-FR","@id":"https:\/\/rendez-vous-store.com\/shop\/men-selection-discover-our-selection-rendez-vous-store\/trousers-shorts-rendez-vous-store\/comme-des-garcons-homme-mens-pants-ho-p005-s25-navy-rendez-vous-store\/#primaryimage","url":"https:\/\/rendez-vous-store.com\/app\/uploads\/2025\/02\/IMG_6588-1.webp","contentUrl":"https:\/\/rendez-vous-store.com\/app\/uploads\/2025\/02\/IMG_6588-1.webp","width":1696,"height":2560},{"@type":"BreadcrumbList","@id":"https:\/\/rendez-vous-store.com\/shop\/men-selection-discover-our-selection-rendez-vous-store\/trousers-shorts-rendez-vous-store\/comme-des-garcons-homme-mens-pants-ho-p005-s25-navy-rendez-vous-store\/#breadcrumb","itemListElement":[{"@type":"ListItem","position":1,"name":"Home","item":"https:\/\/rendez-vous-store.com\/"},{"@type":"ListItem","position":2,"name":"Shop","item":"https:\/\/www.rendez-vous-store.com\/shop\/"},{"@type":"ListItem","position":3,"name":"Comme Des Gar\u00e7ons Homme &#8211; Men&#8217;s Pants HO-P005-S25 &#8211; Navy"}]},{"@type":"WebSite","@id":"https:\/\/rendez-vous-store.com\/#website","url":"https:\/\/rendez-vous-store.com\/","name":"RENDEZ-VOUS STORE","description":"Slow Fashion for Women and Men","potentialAction":[{"@type":"SearchAction","target":{"@type":"EntryPoint","urlTemplate":"https:\/\/rendez-vous-store.com\/?s={search_term_string}"},"query-input":{"@type":"PropertyValueSpecification","valueRequired":true,"valueName":"search_term_string"}}],"inLanguage":"fr-FR"}]}},"_links":{"self":[{"href":"https:\/\/rendez-vous-store.com\/fr\/wp-json\/wp\/v2\/product\/195278","targetHints":{"allow":["GET"]}}],"collection":[{"href":"https:\/\/rendez-vous-store.com\/fr\/wp-json\/wp\/v2\/product"}],"about":[{"href":"https:\/\/rendez-vous-store.com\/fr\/wp-json\/wp\/v2\/types\/product"}],"wp:featuredmedia":[{"embeddable":true,"href":"https:\/\/rendez-vous-store.com\/fr\/wp-json\/wp\/v2\/media\/196504"}],"wp:attachment":[{"href":"https:\/\/rendez-vous-store.com\/fr\/wp-json\/wp\/v2\/media?parent=195278"}],"wp:term":[{"taxonomy":"product_brand","embeddable":true,"href":"https:\/\/rendez-vous-store.com\/fr\/wp-json\/wp\/v2\/product_brand?post=195278"},{"taxonomy":"product_cat","embeddable":true,"href":"https:\/\/rendez-vous-store.com\/fr\/wp-json\/wp\/v2\/product_cat?post=195278"},{"taxonomy":"product_tag","embeddable":true,"href":"https:\/\/rendez-vous-store.com\/fr\/wp-json\/wp\/v2\/product_tag?post=195278"}],"curies":[{"name":"wp","href":"https:\/\/api.w.org\/{rel}","templated":true}]}}