{"id":195101,"date":"2025-02-25T13:58:34","date_gmt":"2025-02-25T12:58:34","guid":{"rendered":"https:\/\/rendez-vous-store.com\/?post_type=product&#038;p=195101"},"modified":"2026-03-16T18:13:15","modified_gmt":"2026-03-16T17:13:15","slug":"labo-art-panta-storto-kavir-rendez-vous-store","status":"publish","type":"product","link":"https:\/\/rendez-vous-store.com\/fr\/shop\/women\/trousers-skirts-discover-our-selection-rendez-vous-store\/labo-art-panta-storto-kavir-rendez-vous-store\/","title":{"rendered":"Labo.art &#8211; Panta Storto &#8211; Kavir"},"content":{"rendered":"<p><strong>Labo.art Panta Storto Kavir<\/strong><\/p>\n<p>High &#8211; Waisted<\/p>\n<p>Taille \u00e9lastique<\/p>\n<p>Jambes larges<\/p>\n<p>Une poche arri\u00e8re<\/p>\n<p>Composition : 100% Coton<\/p>\n<p>Fabriqu\u00e9 en Italie<\/p>\n<p>&nbsp;<\/p>\n<p><strong>Taille : 0=XS, 1=S, 2=M, 3=L<\/strong><\/p>\n<p>&nbsp;<\/p>\n<p>&nbsp;<\/p>\n<p>&nbsp;<\/p>\n<p><strong>La marque\u00a0<\/strong><\/p>\n<p>Labo.Art est une marque de mode italienne qui se consacre \u00e0 la cr\u00e9ation de v\u00eatements de haute qualit\u00e9 pour les femmes. Fond\u00e9e en 2008, la marque utilise des mat\u00e9riaux de luxe et des techniques de couture sophistiqu\u00e9es pour cr\u00e9er des pi\u00e8ces uniques et durables.<\/p>\n<p class=\"\">Le concept principal de la collection repose sur l'association de mat\u00e9riaux de qualit\u00e9 sup\u00e9rieure et d'un design \u00e9pur\u00e9, et s'inspire des moments forts et historiques de la mode, du th\u00e9\u00e2tre et du cin\u00e9ma.<br \/>\nL'\u00e9quilibre parfait entre le go\u00fbt et la classe cr\u00e9e un style unique et facilement reconnaissable.<\/p>\n<p class=\"\">La production de Labo.Art r\u00e9pond aux normes les plus \u00e9lev\u00e9es du \"Made in Italy\". Son si\u00e8ge cr\u00e9atif et sa boutique phare se trouvent \u00e0 Milan, o\u00f9 l'entreprise a \u00e9t\u00e9 fond\u00e9e. La collection est distribu\u00e9e dans les meilleurs magasins multimarques du monde entier.<\/p>","protected":false},"excerpt":{"rendered":"<p>Labo.art Panta Storto Kavir High &#8211; Waisted Elastic Waistband Wide Leg One Back Pocket Composition: 100% Cotton Made In Italy &nbsp; Sizing: 0=XS, 1=S, 2=M, 3=L &nbsp; &nbsp; &nbsp; The brand\u00a0 Labo.Art is an Italian fashion brand dedicated to creating high-quality clothing for women. Founded in 2008, the brand uses luxury materials and sophisticated sewing&hellip; <a class=\"more-link\" href=\"https:\/\/rendez-vous-store.com\/fr\/shop\/women\/trousers-skirts-discover-our-selection-rendez-vous-store\/labo-art-panta-storto-kavir-rendez-vous-store\/\">Continue reading <span class=\"screen-reader-text\">Labo.art &#8211; Panta Storto &#8211; Kavir<\/span><\/a><\/p>","protected":false},"featured_media":196067,"template":"","meta":{"_acf_changed":false},"product_brand":[],"product_cat":[17,1062,182],"product_tag":[1055],"class_list":{"0":"post-195101","1":"product","2":"type-product","3":"status-publish","4":"has-post-thumbnail","6":"product_cat-women","7":"product_cat-new-women-selection-rendez-vous-store","8":"product_cat-trousers-skirts-discover-our-selection-rendez-vous-store","9":"product_tag-labo-art-designers-rendez-vous-store","10":"entry","12":"first","13":"outofstock","14":"taxable","15":"shipping-taxable","16":"product-type-variable"},"acf":[],"yoast_head":"<!-- This site is optimized with the Yoast SEO plugin v24.9 - https:\/\/yoast.com\/wordpress\/plugins\/seo\/ -->\n<title>Labo.art - Panta Storto Kavir<\/title>\n<meta name=\"description\" content=\"Labo.Art is on Rendez-Vous Store. This Labo.art Panta Storto Kavir is synonymous with sober and minimal elegance.\" \/>\n<meta name=\"robots\" content=\"index, follow, max-snippet:-1, max-image-preview:large, max-video-preview:-1\" \/>\n<link rel=\"canonical\" href=\"https:\/\/rendez-vous-store.com\/fr\/shop\/women\/trousers-skirts-discover-our-selection-rendez-vous-store\/labo-art-panta-storto-kavir-rendez-vous-store\/\" \/>\n<meta property=\"og:locale\" content=\"fr_FR\" \/>\n<meta property=\"og:type\" content=\"article\" \/>\n<meta property=\"og:title\" content=\"Labo.art - Panta Storto Kavir\" \/>\n<meta property=\"og:description\" content=\"Labo.Art is on Rendez-Vous Store. This Labo.art Panta Storto Kavir is synonymous with sober and minimal elegance.\" \/>\n<meta property=\"og:url\" content=\"https:\/\/rendez-vous-store.com\/fr\/shop\/women\/trousers-skirts-discover-our-selection-rendez-vous-store\/labo-art-panta-storto-kavir-rendez-vous-store\/\" \/>\n<meta property=\"og:site_name\" content=\"RENDEZ-VOUS STORE\" \/>\n<meta property=\"article:modified_time\" content=\"2026-03-16T17:13:15+00:00\" \/>\n<meta property=\"og:image\" content=\"https:\/\/rendez-vous-store.com\/wp-content\/uploads\/2025\/02\/IMG_6133.webp\" \/>\n\t<meta property=\"og:image:width\" content=\"1696\" \/>\n\t<meta property=\"og:image:height\" content=\"2560\" \/>\n\t<meta property=\"og:image:type\" content=\"image\/webp\" \/>\n<meta name=\"twitter:card\" content=\"summary_large_image\" \/>\n<meta name=\"twitter:label1\" content=\"Est. reading time\" \/>\n\t<meta name=\"twitter:data1\" content=\"1 minute\" \/>\n<script type=\"application\/ld+json\" class=\"yoast-schema-graph\">{\"@context\":\"https:\/\/schema.org\",\"@graph\":[{\"@type\":\"WebPage\",\"@id\":\"https:\/\/rendez-vous-store.com\/shop\/women\/trousers-skirts-discover-our-selection-rendez-vous-store\/labo-art-panta-storto-kavir-rendez-vous-store\/\",\"url\":\"https:\/\/rendez-vous-store.com\/shop\/women\/trousers-skirts-discover-our-selection-rendez-vous-store\/labo-art-panta-storto-kavir-rendez-vous-store\/\",\"name\":\"Labo.art - Panta Storto Kavir\",\"isPartOf\":{\"@id\":\"https:\/\/rendez-vous-store.com\/#website\"},\"primaryImageOfPage\":{\"@id\":\"https:\/\/rendez-vous-store.com\/shop\/women\/trousers-skirts-discover-our-selection-rendez-vous-store\/labo-art-panta-storto-kavir-rendez-vous-store\/#primaryimage\"},\"image\":{\"@id\":\"https:\/\/rendez-vous-store.com\/shop\/women\/trousers-skirts-discover-our-selection-rendez-vous-store\/labo-art-panta-storto-kavir-rendez-vous-store\/#primaryimage\"},\"thumbnailUrl\":\"https:\/\/rendez-vous-store.com\/app\/uploads\/2025\/02\/IMG_6133.webp\",\"datePublished\":\"2025-02-25T12:58:34+00:00\",\"dateModified\":\"2026-03-16T17:13:15+00:00\",\"description\":\"Labo.Art is on Rendez-Vous Store. This Labo.art Panta Storto Kavir is synonymous with sober and minimal elegance.\",\"breadcrumb\":{\"@id\":\"https:\/\/rendez-vous-store.com\/shop\/women\/trousers-skirts-discover-our-selection-rendez-vous-store\/labo-art-panta-storto-kavir-rendez-vous-store\/#breadcrumb\"},\"inLanguage\":\"fr-FR\",\"potentialAction\":[{\"@type\":\"ReadAction\",\"target\":[\"https:\/\/rendez-vous-store.com\/shop\/women\/trousers-skirts-discover-our-selection-rendez-vous-store\/labo-art-panta-storto-kavir-rendez-vous-store\/\"]}]},{\"@type\":\"ImageObject\",\"inLanguage\":\"fr-FR\",\"@id\":\"https:\/\/rendez-vous-store.com\/shop\/women\/trousers-skirts-discover-our-selection-rendez-vous-store\/labo-art-panta-storto-kavir-rendez-vous-store\/#primaryimage\",\"url\":\"https:\/\/rendez-vous-store.com\/app\/uploads\/2025\/02\/IMG_6133.webp\",\"contentUrl\":\"https:\/\/rendez-vous-store.com\/app\/uploads\/2025\/02\/IMG_6133.webp\",\"width\":1696,\"height\":2560},{\"@type\":\"BreadcrumbList\",\"@id\":\"https:\/\/rendez-vous-store.com\/shop\/women\/trousers-skirts-discover-our-selection-rendez-vous-store\/labo-art-panta-storto-kavir-rendez-vous-store\/#breadcrumb\",\"itemListElement\":[{\"@type\":\"ListItem\",\"position\":1,\"name\":\"Home\",\"item\":\"https:\/\/rendez-vous-store.com\/\"},{\"@type\":\"ListItem\",\"position\":2,\"name\":\"Shop\",\"item\":\"https:\/\/www.rendez-vous-store.com\/shop\/\"},{\"@type\":\"ListItem\",\"position\":3,\"name\":\"Labo.art &#8211; Panta Storto &#8211; Kavir\"}]},{\"@type\":\"WebSite\",\"@id\":\"https:\/\/rendez-vous-store.com\/#website\",\"url\":\"https:\/\/rendez-vous-store.com\/\",\"name\":\"RENDEZ-VOUS STORE\",\"description\":\"Slow Fashion for Women and Men\",\"potentialAction\":[{\"@type\":\"SearchAction\",\"target\":{\"@type\":\"EntryPoint\",\"urlTemplate\":\"https:\/\/rendez-vous-store.com\/?s={search_term_string}\"},\"query-input\":{\"@type\":\"PropertyValueSpecification\",\"valueRequired\":true,\"valueName\":\"search_term_string\"}}],\"inLanguage\":\"fr-FR\"}]}<\/script>\n<!-- \/ Yoast SEO plugin. -->","yoast_head_json":{"title":"Labo.art - Panta Storto Kavir","description":"Labo.Art is on Rendez-Vous Store. This Labo.art Panta Storto Kavir is synonymous with sober and minimal elegance.","robots":{"index":"index","follow":"follow","max-snippet":"max-snippet:-1","max-image-preview":"max-image-preview:large","max-video-preview":"max-video-preview:-1"},"canonical":"https:\/\/rendez-vous-store.com\/fr\/shop\/women\/trousers-skirts-discover-our-selection-rendez-vous-store\/labo-art-panta-storto-kavir-rendez-vous-store\/","og_locale":"fr_FR","og_type":"article","og_title":"Labo.art - Panta Storto Kavir","og_description":"Labo.Art is on Rendez-Vous Store. This Labo.art Panta Storto Kavir is synonymous with sober and minimal elegance.","og_url":"https:\/\/rendez-vous-store.com\/fr\/shop\/women\/trousers-skirts-discover-our-selection-rendez-vous-store\/labo-art-panta-storto-kavir-rendez-vous-store\/","og_site_name":"RENDEZ-VOUS STORE","article_modified_time":"2026-03-16T17:13:15+00:00","og_image":[{"width":1696,"height":2560,"url":"https:\/\/rendez-vous-store.com\/wp-content\/uploads\/2025\/02\/IMG_6133.webp","type":"image\/webp"}],"twitter_card":"summary_large_image","twitter_misc":{"Est. reading time":"1 minute"},"schema":{"@context":"https:\/\/schema.org","@graph":[{"@type":"WebPage","@id":"https:\/\/rendez-vous-store.com\/shop\/women\/trousers-skirts-discover-our-selection-rendez-vous-store\/labo-art-panta-storto-kavir-rendez-vous-store\/","url":"https:\/\/rendez-vous-store.com\/shop\/women\/trousers-skirts-discover-our-selection-rendez-vous-store\/labo-art-panta-storto-kavir-rendez-vous-store\/","name":"Labo.art - Panta Storto Kavir","isPartOf":{"@id":"https:\/\/rendez-vous-store.com\/#website"},"primaryImageOfPage":{"@id":"https:\/\/rendez-vous-store.com\/shop\/women\/trousers-skirts-discover-our-selection-rendez-vous-store\/labo-art-panta-storto-kavir-rendez-vous-store\/#primaryimage"},"image":{"@id":"https:\/\/rendez-vous-store.com\/shop\/women\/trousers-skirts-discover-our-selection-rendez-vous-store\/labo-art-panta-storto-kavir-rendez-vous-store\/#primaryimage"},"thumbnailUrl":"https:\/\/rendez-vous-store.com\/app\/uploads\/2025\/02\/IMG_6133.webp","datePublished":"2025-02-25T12:58:34+00:00","dateModified":"2026-03-16T17:13:15+00:00","description":"Labo.Art is on Rendez-Vous Store. This Labo.art Panta Storto Kavir is synonymous with sober and minimal elegance.","breadcrumb":{"@id":"https:\/\/rendez-vous-store.com\/shop\/women\/trousers-skirts-discover-our-selection-rendez-vous-store\/labo-art-panta-storto-kavir-rendez-vous-store\/#breadcrumb"},"inLanguage":"fr-FR","potentialAction":[{"@type":"ReadAction","target":["https:\/\/rendez-vous-store.com\/shop\/women\/trousers-skirts-discover-our-selection-rendez-vous-store\/labo-art-panta-storto-kavir-rendez-vous-store\/"]}]},{"@type":"ImageObject","inLanguage":"fr-FR","@id":"https:\/\/rendez-vous-store.com\/shop\/women\/trousers-skirts-discover-our-selection-rendez-vous-store\/labo-art-panta-storto-kavir-rendez-vous-store\/#primaryimage","url":"https:\/\/rendez-vous-store.com\/app\/uploads\/2025\/02\/IMG_6133.webp","contentUrl":"https:\/\/rendez-vous-store.com\/app\/uploads\/2025\/02\/IMG_6133.webp","width":1696,"height":2560},{"@type":"BreadcrumbList","@id":"https:\/\/rendez-vous-store.com\/shop\/women\/trousers-skirts-discover-our-selection-rendez-vous-store\/labo-art-panta-storto-kavir-rendez-vous-store\/#breadcrumb","itemListElement":[{"@type":"ListItem","position":1,"name":"Home","item":"https:\/\/rendez-vous-store.com\/"},{"@type":"ListItem","position":2,"name":"Shop","item":"https:\/\/www.rendez-vous-store.com\/shop\/"},{"@type":"ListItem","position":3,"name":"Labo.art &#8211; Panta Storto &#8211; Kavir"}]},{"@type":"WebSite","@id":"https:\/\/rendez-vous-store.com\/#website","url":"https:\/\/rendez-vous-store.com\/","name":"RENDEZ-VOUS STORE","description":"Slow Fashion for Women and Men","potentialAction":[{"@type":"SearchAction","target":{"@type":"EntryPoint","urlTemplate":"https:\/\/rendez-vous-store.com\/?s={search_term_string}"},"query-input":{"@type":"PropertyValueSpecification","valueRequired":true,"valueName":"search_term_string"}}],"inLanguage":"fr-FR"}]}},"_links":{"self":[{"href":"https:\/\/rendez-vous-store.com\/fr\/wp-json\/wp\/v2\/product\/195101","targetHints":{"allow":["GET"]}}],"collection":[{"href":"https:\/\/rendez-vous-store.com\/fr\/wp-json\/wp\/v2\/product"}],"about":[{"href":"https:\/\/rendez-vous-store.com\/fr\/wp-json\/wp\/v2\/types\/product"}],"wp:featuredmedia":[{"embeddable":true,"href":"https:\/\/rendez-vous-store.com\/fr\/wp-json\/wp\/v2\/media\/196067"}],"wp:attachment":[{"href":"https:\/\/rendez-vous-store.com\/fr\/wp-json\/wp\/v2\/media?parent=195101"}],"wp:term":[{"taxonomy":"product_brand","embeddable":true,"href":"https:\/\/rendez-vous-store.com\/fr\/wp-json\/wp\/v2\/product_brand?post=195101"},{"taxonomy":"product_cat","embeddable":true,"href":"https:\/\/rendez-vous-store.com\/fr\/wp-json\/wp\/v2\/product_cat?post=195101"},{"taxonomy":"product_tag","embeddable":true,"href":"https:\/\/rendez-vous-store.com\/fr\/wp-json\/wp\/v2\/product_tag?post=195101"}],"curies":[{"name":"wp","href":"https:\/\/api.w.org\/{rel}","templated":true}]}}