{"id":194912,"date":"2025-02-21T15:51:01","date_gmt":"2025-02-21T14:51:01","guid":{"rendered":"https:\/\/rendez-vous-store.com\/?post_type=product&#038;p=194912"},"modified":"2026-04-24T15:41:54","modified_gmt":"2026-04-24T13:41:54","slug":"cellar-door-vito-vf105-beige-rendez-vous-store","status":"publish","type":"product","link":"https:\/\/rendez-vous-store.com\/fr\/shop\/special-offer-men-rendez-vous-store\/men-trousers-special-offer-rendez-vous-store\/cellar-door-vito-vf105-beige-rendez-vous-store\/","title":{"rendered":"Porte de cave - Vito VF105 - Beige"},"content":{"rendered":"<p><strong>Porte de cave Vito VF105 Beige<\/strong><\/p>\n<p>Couleur : Beige<\/p>\n<p>Un look chic et confortable<\/p>\n<p>Jambes larges<\/p>\n<p>Fermeture par bouton<\/p>\n<p>Passant de ceinture<\/p>\n<p>2 poches avant<\/p>\n<p>2 poches arri\u00e8re avec fermeture \u00e0 bouton<\/p>\n<p>Composition : 97% coton, 3% \u00e9lasthanne<\/p>\n<p>&nbsp;<\/p>\n<p>&nbsp;<\/p>\n<p>&nbsp;<\/p>\n<p>&nbsp;<\/p>\n<p>&nbsp;<\/p>\n<p><strong>La marque<\/strong><\/p>\n<p>Incarnant l'essence de l'excellence artisanale de troisi\u00e8me g\u00e9n\u00e9ration, fabriqu\u00e9e en Italie, Cellar Door est plus qu'une marque ; c'est une manifestation de tradition, de passion et d'\u00e9nergie cr\u00e9ative. Mais la mission de Cellar Door va au-del\u00e0 de la mode ; il s'agit de r\u00e9imaginer la cha\u00eene de production, en fusionnant les consid\u00e9rations \u00e9thiques et \u00e9cologiques pour cr\u00e9er une industrie durable qui r\u00e9sonne avec la soci\u00e9t\u00e9, l'artisanat et les communaut\u00e9s locales. Cet engagement en faveur de pratiques responsables se retrouve dans tous les aspects des activit\u00e9s de Cellar Door, qu'il s'agisse de s'approvisionner en tissus aupr\u00e8s de fournisseurs responsables ou de s'engager activement aupr\u00e8s des clients, des fournisseurs et des d\u00e9taillants pour leur faire partager son \u00e9thique.<\/p>","protected":false},"excerpt":{"rendered":"<p>Cellar Door Vito VF105 Beige Color: Beige Chic and comfort look Wide legs Button closure Belt loop 2 front pockets 2 back pockets with button closure Composition: 97% Cotton, 3% Elastane &nbsp; &nbsp; &nbsp; &nbsp; &nbsp; The brand Embodying the essence of third-generation, Made in Italy artisanal excellence, Cellar Door is more than a brand;&hellip; <a class=\"more-link\" href=\"https:\/\/rendez-vous-store.com\/fr\/shop\/special-offer-men-rendez-vous-store\/men-trousers-special-offer-rendez-vous-store\/cellar-door-vito-vf105-beige-rendez-vous-store\/\">Continuer la lecture <span class=\"screen-reader-text\">Porte de cave - Vito VF105 - Beige<\/span><\/a><\/p>","protected":false},"featured_media":199619,"template":"","meta":{"_acf_changed":false},"product_brand":[],"product_cat":[1232,1350,1359,20,73],"product_tag":[1162],"class_list":{"0":"post-194912","1":"product","2":"type-product","3":"status-publish","4":"has-post-thumbnail","6":"product_cat-sale-40","7":"product_cat-special-offer-men-rendez-vous-store","8":"product_cat-men-trousers-special-offer-rendez-vous-store","9":"product_cat-men-selection-discover-our-selection-rendez-vous-store","10":"product_cat-trousers-shorts-rendez-vous-store","11":"product_tag-cellar-door-designers-rendez-vous-store","12":"entry","14":"first","15":"outofstock","16":"taxable","17":"shipping-taxable","18":"product-type-variable"},"acf":[],"yoast_head":"<!-- This site is optimized with the Yoast SEO plugin v24.9 - https:\/\/yoast.com\/wordpress\/plugins\/seo\/ -->\n<title>Cellar Door Vito VF105 Beige<\/title>\n<meta name=\"description\" content=\"Cellar Door is on Rendez-vous Store. This Cellar Door Vito VF105 Beige embodies the tradition, passion and creative energy of the brand. Discover now.\" \/>\n<meta name=\"robots\" content=\"index, follow, max-snippet:-1, max-image-preview:large, max-video-preview:-1\" \/>\n<link rel=\"canonical\" href=\"https:\/\/rendez-vous-store.com\/fr\/shop\/special-offer-men-rendez-vous-store\/men-trousers-special-offer-rendez-vous-store\/cellar-door-vito-vf105-beige-rendez-vous-store\/\" \/>\n<meta property=\"og:locale\" content=\"fr_FR\" \/>\n<meta property=\"og:type\" content=\"article\" \/>\n<meta property=\"og:title\" content=\"Cellar Door Vito VF105 Beige\" \/>\n<meta property=\"og:description\" content=\"Cellar Door is on Rendez-vous Store. This Cellar Door Vito VF105 Beige embodies the tradition, passion and creative energy of the brand. Discover now.\" \/>\n<meta property=\"og:url\" content=\"https:\/\/rendez-vous-store.com\/fr\/shop\/special-offer-men-rendez-vous-store\/men-trousers-special-offer-rendez-vous-store\/cellar-door-vito-vf105-beige-rendez-vous-store\/\" \/>\n<meta property=\"og:site_name\" content=\"RENDEZ-VOUS STORE\" \/>\n<meta property=\"article:modified_time\" content=\"2026-04-24T13:41:54+00:00\" \/>\n<meta property=\"og:image\" content=\"https:\/\/rendez-vous-store.com\/app\/uploads\/2025\/02\/IMG_0139.webp\" \/>\n\t<meta property=\"og:image:width\" content=\"1696\" \/>\n\t<meta property=\"og:image:height\" content=\"2560\" \/>\n\t<meta property=\"og:image:type\" content=\"image\/webp\" \/>\n<meta name=\"twitter:card\" content=\"summary_large_image\" \/>\n<meta name=\"twitter:label1\" content=\"Est. reading time\" \/>\n\t<meta name=\"twitter:data1\" content=\"1 minute\" \/>\n<script type=\"application\/ld+json\" class=\"yoast-schema-graph\">{\"@context\":\"https:\/\/schema.org\",\"@graph\":[{\"@type\":\"WebPage\",\"@id\":\"https:\/\/rendez-vous-store.com\/shop\/special-offer-men-rendez-vous-store\/men-trousers-special-offer-rendez-vous-store\/cellar-door-vito-vf105-beige-rendez-vous-store\/\",\"url\":\"https:\/\/rendez-vous-store.com\/shop\/special-offer-men-rendez-vous-store\/men-trousers-special-offer-rendez-vous-store\/cellar-door-vito-vf105-beige-rendez-vous-store\/\",\"name\":\"Cellar Door Vito VF105 Beige\",\"isPartOf\":{\"@id\":\"https:\/\/rendez-vous-store.com\/#website\"},\"primaryImageOfPage\":{\"@id\":\"https:\/\/rendez-vous-store.com\/shop\/special-offer-men-rendez-vous-store\/men-trousers-special-offer-rendez-vous-store\/cellar-door-vito-vf105-beige-rendez-vous-store\/#primaryimage\"},\"image\":{\"@id\":\"https:\/\/rendez-vous-store.com\/shop\/special-offer-men-rendez-vous-store\/men-trousers-special-offer-rendez-vous-store\/cellar-door-vito-vf105-beige-rendez-vous-store\/#primaryimage\"},\"thumbnailUrl\":\"https:\/\/rendez-vous-store.com\/app\/uploads\/2025\/02\/IMG_0139.webp\",\"datePublished\":\"2025-02-21T14:51:01+00:00\",\"dateModified\":\"2026-04-24T13:41:54+00:00\",\"description\":\"Cellar Door is on Rendez-vous Store. This Cellar Door Vito VF105 Beige embodies the tradition, passion and creative energy of the brand. Discover now.\",\"breadcrumb\":{\"@id\":\"https:\/\/rendez-vous-store.com\/shop\/special-offer-men-rendez-vous-store\/men-trousers-special-offer-rendez-vous-store\/cellar-door-vito-vf105-beige-rendez-vous-store\/#breadcrumb\"},\"inLanguage\":\"fr-FR\",\"potentialAction\":[{\"@type\":\"ReadAction\",\"target\":[\"https:\/\/rendez-vous-store.com\/shop\/special-offer-men-rendez-vous-store\/men-trousers-special-offer-rendez-vous-store\/cellar-door-vito-vf105-beige-rendez-vous-store\/\"]}]},{\"@type\":\"ImageObject\",\"inLanguage\":\"fr-FR\",\"@id\":\"https:\/\/rendez-vous-store.com\/shop\/special-offer-men-rendez-vous-store\/men-trousers-special-offer-rendez-vous-store\/cellar-door-vito-vf105-beige-rendez-vous-store\/#primaryimage\",\"url\":\"https:\/\/rendez-vous-store.com\/app\/uploads\/2025\/02\/IMG_0139.webp\",\"contentUrl\":\"https:\/\/rendez-vous-store.com\/app\/uploads\/2025\/02\/IMG_0139.webp\",\"width\":1696,\"height\":2560},{\"@type\":\"BreadcrumbList\",\"@id\":\"https:\/\/rendez-vous-store.com\/shop\/special-offer-men-rendez-vous-store\/men-trousers-special-offer-rendez-vous-store\/cellar-door-vito-vf105-beige-rendez-vous-store\/#breadcrumb\",\"itemListElement\":[{\"@type\":\"ListItem\",\"position\":1,\"name\":\"Home\",\"item\":\"https:\/\/rendez-vous-store.com\/\"},{\"@type\":\"ListItem\",\"position\":2,\"name\":\"Shop\",\"item\":\"https:\/\/www.rendez-vous-store.com\/shop\/\"},{\"@type\":\"ListItem\",\"position\":3,\"name\":\"Cellar Door &#8211; Vito VF105 &#8211; Beige\"}]},{\"@type\":\"WebSite\",\"@id\":\"https:\/\/rendez-vous-store.com\/#website\",\"url\":\"https:\/\/rendez-vous-store.com\/\",\"name\":\"RENDEZ-VOUS STORE\",\"description\":\"Slow Fashion for Women and Men\",\"potentialAction\":[{\"@type\":\"SearchAction\",\"target\":{\"@type\":\"EntryPoint\",\"urlTemplate\":\"https:\/\/rendez-vous-store.com\/?s={search_term_string}\"},\"query-input\":{\"@type\":\"PropertyValueSpecification\",\"valueRequired\":true,\"valueName\":\"search_term_string\"}}],\"inLanguage\":\"fr-FR\"}]}<\/script>\n<!-- \/ Yoast SEO plugin. -->","yoast_head_json":{"title":"Cellar Door Vito VF105 Beige","description":"Cellar Door is on Rendez-vous Store. This Cellar Door Vito VF105 Beige embodies the tradition, passion and creative energy of the brand. Discover now.","robots":{"index":"index","follow":"follow","max-snippet":"max-snippet:-1","max-image-preview":"max-image-preview:large","max-video-preview":"max-video-preview:-1"},"canonical":"https:\/\/rendez-vous-store.com\/fr\/shop\/special-offer-men-rendez-vous-store\/men-trousers-special-offer-rendez-vous-store\/cellar-door-vito-vf105-beige-rendez-vous-store\/","og_locale":"fr_FR","og_type":"article","og_title":"Cellar Door Vito VF105 Beige","og_description":"Cellar Door is on Rendez-vous Store. This Cellar Door Vito VF105 Beige embodies the tradition, passion and creative energy of the brand. Discover now.","og_url":"https:\/\/rendez-vous-store.com\/fr\/shop\/special-offer-men-rendez-vous-store\/men-trousers-special-offer-rendez-vous-store\/cellar-door-vito-vf105-beige-rendez-vous-store\/","og_site_name":"RENDEZ-VOUS STORE","article_modified_time":"2026-04-24T13:41:54+00:00","og_image":[{"width":1696,"height":2560,"url":"https:\/\/rendez-vous-store.com\/app\/uploads\/2025\/02\/IMG_0139.webp","type":"image\/webp"}],"twitter_card":"summary_large_image","twitter_misc":{"Est. reading time":"1 minute"},"schema":{"@context":"https:\/\/schema.org","@graph":[{"@type":"WebPage","@id":"https:\/\/rendez-vous-store.com\/shop\/special-offer-men-rendez-vous-store\/men-trousers-special-offer-rendez-vous-store\/cellar-door-vito-vf105-beige-rendez-vous-store\/","url":"https:\/\/rendez-vous-store.com\/shop\/special-offer-men-rendez-vous-store\/men-trousers-special-offer-rendez-vous-store\/cellar-door-vito-vf105-beige-rendez-vous-store\/","name":"Cellar Door Vito VF105 Beige","isPartOf":{"@id":"https:\/\/rendez-vous-store.com\/#website"},"primaryImageOfPage":{"@id":"https:\/\/rendez-vous-store.com\/shop\/special-offer-men-rendez-vous-store\/men-trousers-special-offer-rendez-vous-store\/cellar-door-vito-vf105-beige-rendez-vous-store\/#primaryimage"},"image":{"@id":"https:\/\/rendez-vous-store.com\/shop\/special-offer-men-rendez-vous-store\/men-trousers-special-offer-rendez-vous-store\/cellar-door-vito-vf105-beige-rendez-vous-store\/#primaryimage"},"thumbnailUrl":"https:\/\/rendez-vous-store.com\/app\/uploads\/2025\/02\/IMG_0139.webp","datePublished":"2025-02-21T14:51:01+00:00","dateModified":"2026-04-24T13:41:54+00:00","description":"Cellar Door is on Rendez-vous Store. This Cellar Door Vito VF105 Beige embodies the tradition, passion and creative energy of the brand. Discover now.","breadcrumb":{"@id":"https:\/\/rendez-vous-store.com\/shop\/special-offer-men-rendez-vous-store\/men-trousers-special-offer-rendez-vous-store\/cellar-door-vito-vf105-beige-rendez-vous-store\/#breadcrumb"},"inLanguage":"fr-FR","potentialAction":[{"@type":"ReadAction","target":["https:\/\/rendez-vous-store.com\/shop\/special-offer-men-rendez-vous-store\/men-trousers-special-offer-rendez-vous-store\/cellar-door-vito-vf105-beige-rendez-vous-store\/"]}]},{"@type":"ImageObject","inLanguage":"fr-FR","@id":"https:\/\/rendez-vous-store.com\/shop\/special-offer-men-rendez-vous-store\/men-trousers-special-offer-rendez-vous-store\/cellar-door-vito-vf105-beige-rendez-vous-store\/#primaryimage","url":"https:\/\/rendez-vous-store.com\/app\/uploads\/2025\/02\/IMG_0139.webp","contentUrl":"https:\/\/rendez-vous-store.com\/app\/uploads\/2025\/02\/IMG_0139.webp","width":1696,"height":2560},{"@type":"BreadcrumbList","@id":"https:\/\/rendez-vous-store.com\/shop\/special-offer-men-rendez-vous-store\/men-trousers-special-offer-rendez-vous-store\/cellar-door-vito-vf105-beige-rendez-vous-store\/#breadcrumb","itemListElement":[{"@type":"ListItem","position":1,"name":"Home","item":"https:\/\/rendez-vous-store.com\/"},{"@type":"ListItem","position":2,"name":"Shop","item":"https:\/\/www.rendez-vous-store.com\/shop\/"},{"@type":"ListItem","position":3,"name":"Cellar Door &#8211; Vito VF105 &#8211; Beige"}]},{"@type":"WebSite","@id":"https:\/\/rendez-vous-store.com\/#website","url":"https:\/\/rendez-vous-store.com\/","name":"RENDEZ-VOUS STORE","description":"Slow Fashion for Women and Men","potentialAction":[{"@type":"SearchAction","target":{"@type":"EntryPoint","urlTemplate":"https:\/\/rendez-vous-store.com\/?s={search_term_string}"},"query-input":{"@type":"PropertyValueSpecification","valueRequired":true,"valueName":"search_term_string"}}],"inLanguage":"fr-FR"}]}},"_links":{"self":[{"href":"https:\/\/rendez-vous-store.com\/fr\/wp-json\/wp\/v2\/product\/194912","targetHints":{"allow":["GET"]}}],"collection":[{"href":"https:\/\/rendez-vous-store.com\/fr\/wp-json\/wp\/v2\/product"}],"about":[{"href":"https:\/\/rendez-vous-store.com\/fr\/wp-json\/wp\/v2\/types\/product"}],"wp:featuredmedia":[{"embeddable":true,"href":"https:\/\/rendez-vous-store.com\/fr\/wp-json\/wp\/v2\/media\/199619"}],"wp:attachment":[{"href":"https:\/\/rendez-vous-store.com\/fr\/wp-json\/wp\/v2\/media?parent=194912"}],"wp:term":[{"taxonomy":"product_brand","embeddable":true,"href":"https:\/\/rendez-vous-store.com\/fr\/wp-json\/wp\/v2\/product_brand?post=194912"},{"taxonomy":"product_cat","embeddable":true,"href":"https:\/\/rendez-vous-store.com\/fr\/wp-json\/wp\/v2\/product_cat?post=194912"},{"taxonomy":"product_tag","embeddable":true,"href":"https:\/\/rendez-vous-store.com\/fr\/wp-json\/wp\/v2\/product_tag?post=194912"}],"curies":[{"name":"wp","href":"https:\/\/api.w.org\/{rel}","templated":true}]}}