{"id":194368,"date":"2025-02-18T17:02:41","date_gmt":"2025-02-18T16:02:41","guid":{"rendered":"https:\/\/rendez-vous-store.com\/?post_type=product&#038;p=194368"},"modified":"2026-04-24T15:41:53","modified_gmt":"2026-04-24T13:41:53","slug":"le-monde-beryl-ballet-mary-jane-leather-yellow-gold-rendez-vous-store","status":"publish","type":"product","link":"https:\/\/rendez-vous-store.com\/fr\/shop\/women\/women-shoes-heels-discover-our-selection-rendez-vous-store\/le-monde-beryl-ballet-mary-jane-leather-yellow-gold-rendez-vous-store\/","title":{"rendered":"Le Monde B\u00e9ryl - Ballerine Mary Jane en cuir - Or jaune"},"content":{"rendered":"<p><strong>Le Monde B\u00e9ryl Ballet Mary Jane Cuir Jaune Or<\/strong><\/p>\n<p>Couleur : or jaune<\/p>\n<p>Cuir d'agneau d\u00e9construit avec boucle<\/p>\n<p>Semelle int\u00e9rieure en cuir de veau matelass\u00e9 et passepoil en cuir<\/p>\n<p>Talon de 10 mm<\/p>\n<p>Composition : semelle int\u00e9rieure en cuir, passepoil en cuir<\/p>\n<p>Fabriqu\u00e9 en Italie<\/p>\n<p>&nbsp;<\/p>\n<p>&nbsp;<\/p>\n<p>&nbsp;<\/p>\n<p>&nbsp;<\/p>\n<h4>La marque<\/h4>\n<div class=\"flex-1 overflow-hidden\">\n<div class=\"react-scroll-to-bottom--css-levmh-79elbk h-full\">\n<div class=\"react-scroll-to-bottom--css-levmh-1n7m0yu\">\n<div class=\"flex flex-col text-sm pb-9\">\n<div class=\"w-full text-token-text-primary\" data-testid=\"conversation-turn-55\">\n<div class=\"px-4 py-2 justify-center text-base md:gap-6 m-auto\">\n<div class=\"flex flex-1 text-base mx-auto gap-3 md:px-5 lg:px-1 xl:px-5 md:max-w-3xl lg:max-w-[40rem] xl:max-w-[48rem] group final-completion\">\n<div class=\"relative flex w-full flex-col agent-turn\">\n<div class=\"flex-col gap-1 md:gap-3\">\n<div class=\"flex flex-grow flex-col max-w-full\">\n<div class=\"min-h-[20px] text-message flex flex-col items-start gap-3 whitespace-pre-wrap break-words [.text-message+&amp;]:mt-5 overflow-x-auto\" data-message-author-role=\"assistant\" data-message-id=\"ee864a49-8439-416d-b894-04f9be6ab904\">\n<div class=\"markdown prose w-full break-words dark:prose-invert light\">\n<p>Katya Shiffrin et Lily Atherton Hanbury ont fond\u00e9 Le Monde B\u00e9ryl en 2016. Inspir\u00e9 par l'int\u00e9grit\u00e9 du design et la puret\u00e9 des chaussons traditionnels des gondoliers v\u00e9nitiens, de la chaussure de ballerine et de la botte d'\u00e9quitation, Le Monde B\u00e9ryl produit ses chaussures de mani\u00e8re durable et les finit \u00e0 la main en Italie, en utilisant des techniques traditionnelles.<\/p>\n<p>Ils con\u00e7oivent leurs chaussures de mani\u00e8re \u00e0 ce qu'elles soient fonctionnelles, fonctionnelles et esth\u00e9tiques.<\/p>\n<p>Chaque collection, nouveau produit ou collaboration du Monde B\u00e9ryl est empreint de classicisme et invite le porteur \u00e0 y apporter sa propre cr\u00e9ativit\u00e9.<\/p>\n<\/div>\n<\/div>\n<\/div>\n<\/div>\n<\/div>\n<\/div>\n<\/div>\n<\/div>\n<\/div>\n<\/div>\n<\/div>\n<\/div>","protected":false},"excerpt":{"rendered":"<p>Le Monde B\u00e9ryl Ballet Mary Jane Leather Yellow Gold Color: Yellow Gold Deconstructed lambskin with a buckle Cushioned calf leather insole and leather piping 10mm heel Composition: leather insole, leather piping Made in Italy &nbsp; &nbsp; &nbsp; &nbsp; The Brand Katya Shiffrin and Lily Atherton Hanbury founded Le Monde B\u00e9ryl in 2016. Inspired by the&hellip; <a class=\"more-link\" href=\"https:\/\/rendez-vous-store.com\/fr\/shop\/women\/women-shoes-heels-discover-our-selection-rendez-vous-store\/le-monde-beryl-ballet-mary-jane-leather-yellow-gold-rendez-vous-store\/\">Continuer la lecture <span class=\"screen-reader-text\">Le Monde B\u00e9ryl - Ballerine Mary Jane en cuir - Or jaune<\/span><\/a><\/p>","protected":false},"featured_media":194535,"template":"","meta":{"_acf_changed":false},"product_brand":[],"product_cat":[301,17,1062,293],"product_tag":[1250],"class_list":{"0":"post-194368","1":"product","2":"type-product","3":"status-publish","4":"has-post-thumbnail","6":"product_cat-rdvs-selection-discover-our-current-selection-rendez-vous-store","7":"product_cat-women","8":"product_cat-new-women-selection-rendez-vous-store","9":"product_cat-women-shoes-heels-discover-our-selection-rendez-vous-store","10":"product_tag-le-monde-beryl-rendez-vous-store","11":"entry","13":"first","14":"outofstock","15":"taxable","16":"shipping-taxable","17":"product-type-variable","18":"has-default-attributes"},"acf":[],"yoast_head":"<!-- This site is optimized with the Yoast SEO plugin v24.9 - https:\/\/yoast.com\/wordpress\/plugins\/seo\/ -->\n<title>Le Monde B\u00e9ryl Ballet Mary Jane Leather Yellow Gold<\/title>\n<meta name=\"description\" content=\"Le Monde B\u00e9ryl is on Rendez-vous Store. This Le Monde B\u00e9ryl Ballet Mary Jane Leather Yellow Gold embodies the elegance and refinement of Italian style.\" \/>\n<meta name=\"robots\" content=\"index, follow, max-snippet:-1, max-image-preview:large, max-video-preview:-1\" \/>\n<link rel=\"canonical\" href=\"https:\/\/rendez-vous-store.com\/fr\/shop\/women\/women-shoes-heels-discover-our-selection-rendez-vous-store\/le-monde-beryl-ballet-mary-jane-leather-yellow-gold-rendez-vous-store\/\" \/>\n<meta property=\"og:locale\" content=\"fr_FR\" \/>\n<meta property=\"og:type\" content=\"article\" \/>\n<meta property=\"og:title\" content=\"Le Monde B\u00e9ryl Ballet Mary Jane Leather Yellow Gold\" \/>\n<meta property=\"og:description\" content=\"Le Monde B\u00e9ryl is on Rendez-vous Store. This Le Monde B\u00e9ryl Ballet Mary Jane Leather Yellow Gold embodies the elegance and refinement of Italian style.\" \/>\n<meta property=\"og:url\" content=\"https:\/\/rendez-vous-store.com\/fr\/shop\/women\/women-shoes-heels-discover-our-selection-rendez-vous-store\/le-monde-beryl-ballet-mary-jane-leather-yellow-gold-rendez-vous-store\/\" \/>\n<meta property=\"og:site_name\" content=\"RENDEZ-VOUS STORE\" \/>\n<meta property=\"article:modified_time\" content=\"2026-04-24T13:41:53+00:00\" \/>\n<meta property=\"og:image\" content=\"https:\/\/rendez-vous-store.com\/app\/uploads\/2025\/02\/rdv_le_monde_beryl_03-scaled.webp\" \/>\n\t<meta property=\"og:image:width\" content=\"1696\" \/>\n\t<meta property=\"og:image:height\" content=\"2560\" \/>\n\t<meta property=\"og:image:type\" content=\"image\/webp\" \/>\n<meta name=\"twitter:card\" content=\"summary_large_image\" \/>\n<meta name=\"twitter:label1\" content=\"Est. reading time\" \/>\n\t<meta name=\"twitter:data1\" content=\"1 minute\" \/>\n<script type=\"application\/ld+json\" class=\"yoast-schema-graph\">{\"@context\":\"https:\/\/schema.org\",\"@graph\":[{\"@type\":\"WebPage\",\"@id\":\"https:\/\/rendez-vous-store.com\/shop\/women\/women-shoes-heels-discover-our-selection-rendez-vous-store\/le-monde-beryl-ballet-mary-jane-leather-yellow-gold-rendez-vous-store\/\",\"url\":\"https:\/\/rendez-vous-store.com\/shop\/women\/women-shoes-heels-discover-our-selection-rendez-vous-store\/le-monde-beryl-ballet-mary-jane-leather-yellow-gold-rendez-vous-store\/\",\"name\":\"Le Monde B\u00e9ryl Ballet Mary Jane Leather Yellow Gold\",\"isPartOf\":{\"@id\":\"https:\/\/rendez-vous-store.com\/#website\"},\"primaryImageOfPage\":{\"@id\":\"https:\/\/rendez-vous-store.com\/shop\/women\/women-shoes-heels-discover-our-selection-rendez-vous-store\/le-monde-beryl-ballet-mary-jane-leather-yellow-gold-rendez-vous-store\/#primaryimage\"},\"image\":{\"@id\":\"https:\/\/rendez-vous-store.com\/shop\/women\/women-shoes-heels-discover-our-selection-rendez-vous-store\/le-monde-beryl-ballet-mary-jane-leather-yellow-gold-rendez-vous-store\/#primaryimage\"},\"thumbnailUrl\":\"https:\/\/rendez-vous-store.com\/app\/uploads\/2025\/02\/rdv_le_monde_beryl_03-scaled.webp\",\"datePublished\":\"2025-02-18T16:02:41+00:00\",\"dateModified\":\"2026-04-24T13:41:53+00:00\",\"description\":\"Le Monde B\u00e9ryl is on Rendez-vous Store. This Le Monde B\u00e9ryl Ballet Mary Jane Leather Yellow Gold embodies the elegance and refinement of Italian style.\",\"breadcrumb\":{\"@id\":\"https:\/\/rendez-vous-store.com\/shop\/women\/women-shoes-heels-discover-our-selection-rendez-vous-store\/le-monde-beryl-ballet-mary-jane-leather-yellow-gold-rendez-vous-store\/#breadcrumb\"},\"inLanguage\":\"fr-FR\",\"potentialAction\":[{\"@type\":\"ReadAction\",\"target\":[\"https:\/\/rendez-vous-store.com\/shop\/women\/women-shoes-heels-discover-our-selection-rendez-vous-store\/le-monde-beryl-ballet-mary-jane-leather-yellow-gold-rendez-vous-store\/\"]}]},{\"@type\":\"ImageObject\",\"inLanguage\":\"fr-FR\",\"@id\":\"https:\/\/rendez-vous-store.com\/shop\/women\/women-shoes-heels-discover-our-selection-rendez-vous-store\/le-monde-beryl-ballet-mary-jane-leather-yellow-gold-rendez-vous-store\/#primaryimage\",\"url\":\"https:\/\/rendez-vous-store.com\/app\/uploads\/2025\/02\/rdv_le_monde_beryl_03-scaled.webp\",\"contentUrl\":\"https:\/\/rendez-vous-store.com\/app\/uploads\/2025\/02\/rdv_le_monde_beryl_03-scaled.webp\",\"width\":1696,\"height\":2560},{\"@type\":\"BreadcrumbList\",\"@id\":\"https:\/\/rendez-vous-store.com\/shop\/women\/women-shoes-heels-discover-our-selection-rendez-vous-store\/le-monde-beryl-ballet-mary-jane-leather-yellow-gold-rendez-vous-store\/#breadcrumb\",\"itemListElement\":[{\"@type\":\"ListItem\",\"position\":1,\"name\":\"Home\",\"item\":\"https:\/\/rendez-vous-store.com\/\"},{\"@type\":\"ListItem\",\"position\":2,\"name\":\"Shop\",\"item\":\"https:\/\/www.rendez-vous-store.com\/shop\/\"},{\"@type\":\"ListItem\",\"position\":3,\"name\":\"Le Monde B\u00e9ryl &#8211; Ballet Mary Jane Leather &#8211; Yellow Gold\"}]},{\"@type\":\"WebSite\",\"@id\":\"https:\/\/rendez-vous-store.com\/#website\",\"url\":\"https:\/\/rendez-vous-store.com\/\",\"name\":\"RENDEZ-VOUS STORE\",\"description\":\"Slow Fashion for Women and Men\",\"potentialAction\":[{\"@type\":\"SearchAction\",\"target\":{\"@type\":\"EntryPoint\",\"urlTemplate\":\"https:\/\/rendez-vous-store.com\/?s={search_term_string}\"},\"query-input\":{\"@type\":\"PropertyValueSpecification\",\"valueRequired\":true,\"valueName\":\"search_term_string\"}}],\"inLanguage\":\"fr-FR\"}]}<\/script>\n<!-- \/ Yoast SEO plugin. -->","yoast_head_json":{"title":"Le Monde B\u00e9ryl Ballet Mary Jane Leather Yellow Gold","description":"Le Monde B\u00e9ryl is on Rendez-vous Store. This Le Monde B\u00e9ryl Ballet Mary Jane Leather Yellow Gold embodies the elegance and refinement of Italian style.","robots":{"index":"index","follow":"follow","max-snippet":"max-snippet:-1","max-image-preview":"max-image-preview:large","max-video-preview":"max-video-preview:-1"},"canonical":"https:\/\/rendez-vous-store.com\/fr\/shop\/women\/women-shoes-heels-discover-our-selection-rendez-vous-store\/le-monde-beryl-ballet-mary-jane-leather-yellow-gold-rendez-vous-store\/","og_locale":"fr_FR","og_type":"article","og_title":"Le Monde B\u00e9ryl Ballet Mary Jane Leather Yellow Gold","og_description":"Le Monde B\u00e9ryl is on Rendez-vous Store. This Le Monde B\u00e9ryl Ballet Mary Jane Leather Yellow Gold embodies the elegance and refinement of Italian style.","og_url":"https:\/\/rendez-vous-store.com\/fr\/shop\/women\/women-shoes-heels-discover-our-selection-rendez-vous-store\/le-monde-beryl-ballet-mary-jane-leather-yellow-gold-rendez-vous-store\/","og_site_name":"RENDEZ-VOUS STORE","article_modified_time":"2026-04-24T13:41:53+00:00","og_image":[{"width":1696,"height":2560,"url":"https:\/\/rendez-vous-store.com\/app\/uploads\/2025\/02\/rdv_le_monde_beryl_03-scaled.webp","type":"image\/webp"}],"twitter_card":"summary_large_image","twitter_misc":{"Est. reading time":"1 minute"},"schema":{"@context":"https:\/\/schema.org","@graph":[{"@type":"WebPage","@id":"https:\/\/rendez-vous-store.com\/shop\/women\/women-shoes-heels-discover-our-selection-rendez-vous-store\/le-monde-beryl-ballet-mary-jane-leather-yellow-gold-rendez-vous-store\/","url":"https:\/\/rendez-vous-store.com\/shop\/women\/women-shoes-heels-discover-our-selection-rendez-vous-store\/le-monde-beryl-ballet-mary-jane-leather-yellow-gold-rendez-vous-store\/","name":"Le Monde B\u00e9ryl Ballet Mary Jane Leather Yellow Gold","isPartOf":{"@id":"https:\/\/rendez-vous-store.com\/#website"},"primaryImageOfPage":{"@id":"https:\/\/rendez-vous-store.com\/shop\/women\/women-shoes-heels-discover-our-selection-rendez-vous-store\/le-monde-beryl-ballet-mary-jane-leather-yellow-gold-rendez-vous-store\/#primaryimage"},"image":{"@id":"https:\/\/rendez-vous-store.com\/shop\/women\/women-shoes-heels-discover-our-selection-rendez-vous-store\/le-monde-beryl-ballet-mary-jane-leather-yellow-gold-rendez-vous-store\/#primaryimage"},"thumbnailUrl":"https:\/\/rendez-vous-store.com\/app\/uploads\/2025\/02\/rdv_le_monde_beryl_03-scaled.webp","datePublished":"2025-02-18T16:02:41+00:00","dateModified":"2026-04-24T13:41:53+00:00","description":"Le Monde B\u00e9ryl is on Rendez-vous Store. This Le Monde B\u00e9ryl Ballet Mary Jane Leather Yellow Gold embodies the elegance and refinement of Italian style.","breadcrumb":{"@id":"https:\/\/rendez-vous-store.com\/shop\/women\/women-shoes-heels-discover-our-selection-rendez-vous-store\/le-monde-beryl-ballet-mary-jane-leather-yellow-gold-rendez-vous-store\/#breadcrumb"},"inLanguage":"fr-FR","potentialAction":[{"@type":"ReadAction","target":["https:\/\/rendez-vous-store.com\/shop\/women\/women-shoes-heels-discover-our-selection-rendez-vous-store\/le-monde-beryl-ballet-mary-jane-leather-yellow-gold-rendez-vous-store\/"]}]},{"@type":"ImageObject","inLanguage":"fr-FR","@id":"https:\/\/rendez-vous-store.com\/shop\/women\/women-shoes-heels-discover-our-selection-rendez-vous-store\/le-monde-beryl-ballet-mary-jane-leather-yellow-gold-rendez-vous-store\/#primaryimage","url":"https:\/\/rendez-vous-store.com\/app\/uploads\/2025\/02\/rdv_le_monde_beryl_03-scaled.webp","contentUrl":"https:\/\/rendez-vous-store.com\/app\/uploads\/2025\/02\/rdv_le_monde_beryl_03-scaled.webp","width":1696,"height":2560},{"@type":"BreadcrumbList","@id":"https:\/\/rendez-vous-store.com\/shop\/women\/women-shoes-heels-discover-our-selection-rendez-vous-store\/le-monde-beryl-ballet-mary-jane-leather-yellow-gold-rendez-vous-store\/#breadcrumb","itemListElement":[{"@type":"ListItem","position":1,"name":"Home","item":"https:\/\/rendez-vous-store.com\/"},{"@type":"ListItem","position":2,"name":"Shop","item":"https:\/\/www.rendez-vous-store.com\/shop\/"},{"@type":"ListItem","position":3,"name":"Le Monde B\u00e9ryl &#8211; Ballet Mary Jane Leather &#8211; Yellow Gold"}]},{"@type":"WebSite","@id":"https:\/\/rendez-vous-store.com\/#website","url":"https:\/\/rendez-vous-store.com\/","name":"RENDEZ-VOUS STORE","description":"Slow Fashion for Women and Men","potentialAction":[{"@type":"SearchAction","target":{"@type":"EntryPoint","urlTemplate":"https:\/\/rendez-vous-store.com\/?s={search_term_string}"},"query-input":{"@type":"PropertyValueSpecification","valueRequired":true,"valueName":"search_term_string"}}],"inLanguage":"fr-FR"}]}},"_links":{"self":[{"href":"https:\/\/rendez-vous-store.com\/fr\/wp-json\/wp\/v2\/product\/194368","targetHints":{"allow":["GET"]}}],"collection":[{"href":"https:\/\/rendez-vous-store.com\/fr\/wp-json\/wp\/v2\/product"}],"about":[{"href":"https:\/\/rendez-vous-store.com\/fr\/wp-json\/wp\/v2\/types\/product"}],"wp:featuredmedia":[{"embeddable":true,"href":"https:\/\/rendez-vous-store.com\/fr\/wp-json\/wp\/v2\/media\/194535"}],"wp:attachment":[{"href":"https:\/\/rendez-vous-store.com\/fr\/wp-json\/wp\/v2\/media?parent=194368"}],"wp:term":[{"taxonomy":"product_brand","embeddable":true,"href":"https:\/\/rendez-vous-store.com\/fr\/wp-json\/wp\/v2\/product_brand?post=194368"},{"taxonomy":"product_cat","embeddable":true,"href":"https:\/\/rendez-vous-store.com\/fr\/wp-json\/wp\/v2\/product_cat?post=194368"},{"taxonomy":"product_tag","embeddable":true,"href":"https:\/\/rendez-vous-store.com\/fr\/wp-json\/wp\/v2\/product_tag?post=194368"}],"curies":[{"name":"wp","href":"https:\/\/api.w.org\/{rel}","templated":true}]}}