{"id":193353,"date":"2025-02-12T10:42:29","date_gmt":"2025-02-12T09:42:29","guid":{"rendered":"https:\/\/rendez-vous-store.com\/?post_type=product&#038;p=193353"},"modified":"2026-03-16T18:43:23","modified_gmt":"2026-03-16T17:43:23","slug":"konrad-marie-scarf-khaki-rose-rendez-vous-store","status":"publish","type":"product","link":"https:\/\/rendez-vous-store.com\/fr\/shop\/women\/women-hats-scarves-rendez-vous-store\/konrad-marie-scarf-khaki-rose-rendez-vous-store\/","title":{"rendered":"Konrad - \u00c9charpe MARIE - Kaki\/Ros\u00e9"},"content":{"rendered":"<p><strong>Konrad MARIE Echarpe Kaki\/Ros\u00e9<\/strong><\/p>\n<p>Couleur : Kaki\/Ros\u00e9<\/p>\n<p>Grand foulard carr\u00e9 double face<\/p>\n<p>Bords frang\u00e9s bruts<\/p>\n<p>Imprim\u00e9 graphique avec une main et une fleur rose d'un c\u00f4t\u00e9 et bleue de l'autre<\/p>\n<p>Composition : 100% Soie<\/p>\n<p>Fabriqu\u00e9 en Allemagne<\/p>\n<p>&nbsp;<\/p>\n<p>&nbsp;<\/p>\n<p>&nbsp;<\/p>\n<p><strong>La marque<\/strong><\/p>\n<div>\n<div>\n<p>KONRAD a \u00e9t\u00e9 cr\u00e9\u00e9 par Konrad Huber. Cette marque munichoise associe des imprim\u00e9s audacieux et color\u00e9s \u00e0 des mod\u00e8les intemporels.<\/p>\n<p>La marque donne la priorit\u00e9 aux mat\u00e9riaux durables et \u00e0 l'artisanat de haute qualit\u00e9. Elle est aliment\u00e9e par la passion, l'imagination, l'\u00e9thique et le soutien de personnes importantes. Ces personnes poussent le designer \u00e0 prendre des risques et \u00e0 explorer de nouvelles directions. Leurs contributions constantes inspirent \u00e0 la fois sa vie quotidienne et son processus de cr\u00e9ation. Il consid\u00e8re ses cr\u00e9ations comme un voyage permanent, \u00e9voluant par chapitres plut\u00f4t que par collections, o\u00f9 chaque nouvelle id\u00e9e vient enrichir son univers personnel.<\/p>\n<p>La marque allie tradition, innovation et fantaisie et peut \u00eatre port\u00e9e tout au long de l'ann\u00e9e et ne conna\u00eet pas les saisons.<\/p>\n<\/div>\n<\/div>","protected":false},"excerpt":{"rendered":"<p>Konrad MARIE Scarf Khaki\/Ros\u00e9 Color: Khaki\/Ros\u00e9 Large square double sided scarf Raw fringed edges Graphic print with a hand and a pink flower on one side and blue on the other Composition: 100% Silk Made in Germany &nbsp; &nbsp; &nbsp; The Brand KONRAD was created by Konrad Huber. It&#8217;s a Munich-based brand that blends bold,&hellip; <a class=\"more-link\" href=\"https:\/\/rendez-vous-store.com\/fr\/shop\/women\/women-hats-scarves-rendez-vous-store\/konrad-marie-scarf-khaki-rose-rendez-vous-store\/\">Continuer la lecture <span class=\"screen-reader-text\">Konrad - \u00c9charpe MARIE - Kaki\/Ros\u00e9<\/span><\/a><\/p>","protected":false},"featured_media":193691,"template":"","meta":{"_acf_changed":false},"product_brand":[],"product_cat":[301,17,1062,652],"product_tag":[1211],"class_list":{"0":"post-193353","1":"product","2":"type-product","3":"status-publish","4":"has-post-thumbnail","6":"product_cat-rdvs-selection-discover-our-current-selection-rendez-vous-store","7":"product_cat-women","8":"product_cat-new-women-selection-rendez-vous-store","9":"product_cat-women-hats-scarves-rendez-vous-store","10":"product_tag-konrad-rendez-vous-store","11":"entry","13":"first","14":"outofstock","15":"taxable","16":"shipping-taxable","17":"product-type-variable"},"acf":[],"yoast_head":"<!-- This site is optimized with the Yoast SEO plugin v24.9 - https:\/\/yoast.com\/wordpress\/plugins\/seo\/ -->\n<title>Konrad MARIE Scarf Khaki\/Ros\u00e9<\/title>\n<meta name=\"description\" content=\"This Konrad MARIE Scard Khaki\/Ros\u00e9 represents contemporary fashion pieces that seamlessly blend sophistication and comfort. Discover now.\" \/>\n<meta name=\"robots\" content=\"index, follow, max-snippet:-1, max-image-preview:large, max-video-preview:-1\" \/>\n<link rel=\"canonical\" href=\"https:\/\/rendez-vous-store.com\/fr\/shop\/women\/women-hats-scarves-rendez-vous-store\/konrad-marie-scarf-khaki-rose-rendez-vous-store\/\" \/>\n<meta property=\"og:locale\" content=\"fr_FR\" \/>\n<meta property=\"og:type\" content=\"article\" \/>\n<meta property=\"og:title\" content=\"Konrad MARIE Scarf Khaki\/Ros\u00e9\" \/>\n<meta property=\"og:description\" content=\"This Konrad MARIE Scard Khaki\/Ros\u00e9 represents contemporary fashion pieces that seamlessly blend sophistication and comfort. Discover now.\" \/>\n<meta property=\"og:url\" content=\"https:\/\/rendez-vous-store.com\/fr\/shop\/women\/women-hats-scarves-rendez-vous-store\/konrad-marie-scarf-khaki-rose-rendez-vous-store\/\" \/>\n<meta property=\"og:site_name\" content=\"RENDEZ-VOUS STORE\" \/>\n<meta property=\"article:modified_time\" content=\"2026-03-16T17:43:23+00:00\" \/>\n<meta property=\"og:image\" content=\"https:\/\/rendez-vous-store.com\/app\/uploads\/2025\/02\/IMG_3056_11zon-scaled.webp\" \/>\n\t<meta property=\"og:image:width\" content=\"1707\" \/>\n\t<meta property=\"og:image:height\" content=\"2560\" \/>\n\t<meta property=\"og:image:type\" content=\"image\/webp\" \/>\n<meta name=\"twitter:card\" content=\"summary_large_image\" \/>\n<meta name=\"twitter:label1\" content=\"Est. reading time\" \/>\n\t<meta name=\"twitter:data1\" content=\"1 minute\" \/>\n<script type=\"application\/ld+json\" class=\"yoast-schema-graph\">{\"@context\":\"https:\/\/schema.org\",\"@graph\":[{\"@type\":\"WebPage\",\"@id\":\"https:\/\/rendez-vous-store.com\/shop\/women\/women-hats-scarves-rendez-vous-store\/konrad-marie-scarf-khaki-rose-rendez-vous-store\/\",\"url\":\"https:\/\/rendez-vous-store.com\/shop\/women\/women-hats-scarves-rendez-vous-store\/konrad-marie-scarf-khaki-rose-rendez-vous-store\/\",\"name\":\"Konrad MARIE Scarf Khaki\/Ros\u00e9\",\"isPartOf\":{\"@id\":\"https:\/\/rendez-vous-store.com\/#website\"},\"primaryImageOfPage\":{\"@id\":\"https:\/\/rendez-vous-store.com\/shop\/women\/women-hats-scarves-rendez-vous-store\/konrad-marie-scarf-khaki-rose-rendez-vous-store\/#primaryimage\"},\"image\":{\"@id\":\"https:\/\/rendez-vous-store.com\/shop\/women\/women-hats-scarves-rendez-vous-store\/konrad-marie-scarf-khaki-rose-rendez-vous-store\/#primaryimage\"},\"thumbnailUrl\":\"https:\/\/rendez-vous-store.com\/app\/uploads\/2025\/02\/IMG_3056_11zon-scaled.webp\",\"datePublished\":\"2025-02-12T09:42:29+00:00\",\"dateModified\":\"2026-03-16T17:43:23+00:00\",\"description\":\"This Konrad MARIE Scard Khaki\/Ros\u00e9 represents contemporary fashion pieces that seamlessly blend sophistication and comfort. Discover now.\",\"breadcrumb\":{\"@id\":\"https:\/\/rendez-vous-store.com\/shop\/women\/women-hats-scarves-rendez-vous-store\/konrad-marie-scarf-khaki-rose-rendez-vous-store\/#breadcrumb\"},\"inLanguage\":\"fr-FR\",\"potentialAction\":[{\"@type\":\"ReadAction\",\"target\":[\"https:\/\/rendez-vous-store.com\/shop\/women\/women-hats-scarves-rendez-vous-store\/konrad-marie-scarf-khaki-rose-rendez-vous-store\/\"]}]},{\"@type\":\"ImageObject\",\"inLanguage\":\"fr-FR\",\"@id\":\"https:\/\/rendez-vous-store.com\/shop\/women\/women-hats-scarves-rendez-vous-store\/konrad-marie-scarf-khaki-rose-rendez-vous-store\/#primaryimage\",\"url\":\"https:\/\/rendez-vous-store.com\/app\/uploads\/2025\/02\/IMG_3056_11zon-scaled.webp\",\"contentUrl\":\"https:\/\/rendez-vous-store.com\/app\/uploads\/2025\/02\/IMG_3056_11zon-scaled.webp\",\"width\":1707,\"height\":2560},{\"@type\":\"BreadcrumbList\",\"@id\":\"https:\/\/rendez-vous-store.com\/shop\/women\/women-hats-scarves-rendez-vous-store\/konrad-marie-scarf-khaki-rose-rendez-vous-store\/#breadcrumb\",\"itemListElement\":[{\"@type\":\"ListItem\",\"position\":1,\"name\":\"Home\",\"item\":\"https:\/\/rendez-vous-store.com\/\"},{\"@type\":\"ListItem\",\"position\":2,\"name\":\"Shop\",\"item\":\"https:\/\/www.rendez-vous-store.com\/shop\/\"},{\"@type\":\"ListItem\",\"position\":3,\"name\":\"Konrad &#8211; MARIE Scarf &#8211; Khaki\/Ros\u00e9\"}]},{\"@type\":\"WebSite\",\"@id\":\"https:\/\/rendez-vous-store.com\/#website\",\"url\":\"https:\/\/rendez-vous-store.com\/\",\"name\":\"RENDEZ-VOUS STORE\",\"description\":\"Slow Fashion for Women and Men\",\"potentialAction\":[{\"@type\":\"SearchAction\",\"target\":{\"@type\":\"EntryPoint\",\"urlTemplate\":\"https:\/\/rendez-vous-store.com\/?s={search_term_string}\"},\"query-input\":{\"@type\":\"PropertyValueSpecification\",\"valueRequired\":true,\"valueName\":\"search_term_string\"}}],\"inLanguage\":\"fr-FR\"}]}<\/script>\n<!-- \/ Yoast SEO plugin. -->","yoast_head_json":{"title":"Konrad MARIE Scarf Khaki\/Ros\u00e9","description":"This Konrad MARIE Scard Khaki\/Ros\u00e9 represents contemporary fashion pieces that seamlessly blend sophistication and comfort. Discover now.","robots":{"index":"index","follow":"follow","max-snippet":"max-snippet:-1","max-image-preview":"max-image-preview:large","max-video-preview":"max-video-preview:-1"},"canonical":"https:\/\/rendez-vous-store.com\/fr\/shop\/women\/women-hats-scarves-rendez-vous-store\/konrad-marie-scarf-khaki-rose-rendez-vous-store\/","og_locale":"fr_FR","og_type":"article","og_title":"Konrad MARIE Scarf Khaki\/Ros\u00e9","og_description":"This Konrad MARIE Scard Khaki\/Ros\u00e9 represents contemporary fashion pieces that seamlessly blend sophistication and comfort. Discover now.","og_url":"https:\/\/rendez-vous-store.com\/fr\/shop\/women\/women-hats-scarves-rendez-vous-store\/konrad-marie-scarf-khaki-rose-rendez-vous-store\/","og_site_name":"RENDEZ-VOUS STORE","article_modified_time":"2026-03-16T17:43:23+00:00","og_image":[{"width":1707,"height":2560,"url":"https:\/\/rendez-vous-store.com\/app\/uploads\/2025\/02\/IMG_3056_11zon-scaled.webp","type":"image\/webp"}],"twitter_card":"summary_large_image","twitter_misc":{"Est. reading time":"1 minute"},"schema":{"@context":"https:\/\/schema.org","@graph":[{"@type":"WebPage","@id":"https:\/\/rendez-vous-store.com\/shop\/women\/women-hats-scarves-rendez-vous-store\/konrad-marie-scarf-khaki-rose-rendez-vous-store\/","url":"https:\/\/rendez-vous-store.com\/shop\/women\/women-hats-scarves-rendez-vous-store\/konrad-marie-scarf-khaki-rose-rendez-vous-store\/","name":"Konrad MARIE Scarf Khaki\/Ros\u00e9","isPartOf":{"@id":"https:\/\/rendez-vous-store.com\/#website"},"primaryImageOfPage":{"@id":"https:\/\/rendez-vous-store.com\/shop\/women\/women-hats-scarves-rendez-vous-store\/konrad-marie-scarf-khaki-rose-rendez-vous-store\/#primaryimage"},"image":{"@id":"https:\/\/rendez-vous-store.com\/shop\/women\/women-hats-scarves-rendez-vous-store\/konrad-marie-scarf-khaki-rose-rendez-vous-store\/#primaryimage"},"thumbnailUrl":"https:\/\/rendez-vous-store.com\/app\/uploads\/2025\/02\/IMG_3056_11zon-scaled.webp","datePublished":"2025-02-12T09:42:29+00:00","dateModified":"2026-03-16T17:43:23+00:00","description":"This Konrad MARIE Scard Khaki\/Ros\u00e9 represents contemporary fashion pieces that seamlessly blend sophistication and comfort. Discover now.","breadcrumb":{"@id":"https:\/\/rendez-vous-store.com\/shop\/women\/women-hats-scarves-rendez-vous-store\/konrad-marie-scarf-khaki-rose-rendez-vous-store\/#breadcrumb"},"inLanguage":"fr-FR","potentialAction":[{"@type":"ReadAction","target":["https:\/\/rendez-vous-store.com\/shop\/women\/women-hats-scarves-rendez-vous-store\/konrad-marie-scarf-khaki-rose-rendez-vous-store\/"]}]},{"@type":"ImageObject","inLanguage":"fr-FR","@id":"https:\/\/rendez-vous-store.com\/shop\/women\/women-hats-scarves-rendez-vous-store\/konrad-marie-scarf-khaki-rose-rendez-vous-store\/#primaryimage","url":"https:\/\/rendez-vous-store.com\/app\/uploads\/2025\/02\/IMG_3056_11zon-scaled.webp","contentUrl":"https:\/\/rendez-vous-store.com\/app\/uploads\/2025\/02\/IMG_3056_11zon-scaled.webp","width":1707,"height":2560},{"@type":"BreadcrumbList","@id":"https:\/\/rendez-vous-store.com\/shop\/women\/women-hats-scarves-rendez-vous-store\/konrad-marie-scarf-khaki-rose-rendez-vous-store\/#breadcrumb","itemListElement":[{"@type":"ListItem","position":1,"name":"Home","item":"https:\/\/rendez-vous-store.com\/"},{"@type":"ListItem","position":2,"name":"Shop","item":"https:\/\/www.rendez-vous-store.com\/shop\/"},{"@type":"ListItem","position":3,"name":"Konrad &#8211; MARIE Scarf &#8211; Khaki\/Ros\u00e9"}]},{"@type":"WebSite","@id":"https:\/\/rendez-vous-store.com\/#website","url":"https:\/\/rendez-vous-store.com\/","name":"RENDEZ-VOUS STORE","description":"Slow Fashion for Women and Men","potentialAction":[{"@type":"SearchAction","target":{"@type":"EntryPoint","urlTemplate":"https:\/\/rendez-vous-store.com\/?s={search_term_string}"},"query-input":{"@type":"PropertyValueSpecification","valueRequired":true,"valueName":"search_term_string"}}],"inLanguage":"fr-FR"}]}},"_links":{"self":[{"href":"https:\/\/rendez-vous-store.com\/fr\/wp-json\/wp\/v2\/product\/193353","targetHints":{"allow":["GET"]}}],"collection":[{"href":"https:\/\/rendez-vous-store.com\/fr\/wp-json\/wp\/v2\/product"}],"about":[{"href":"https:\/\/rendez-vous-store.com\/fr\/wp-json\/wp\/v2\/types\/product"}],"wp:featuredmedia":[{"embeddable":true,"href":"https:\/\/rendez-vous-store.com\/fr\/wp-json\/wp\/v2\/media\/193691"}],"wp:attachment":[{"href":"https:\/\/rendez-vous-store.com\/fr\/wp-json\/wp\/v2\/media?parent=193353"}],"wp:term":[{"taxonomy":"product_brand","embeddable":true,"href":"https:\/\/rendez-vous-store.com\/fr\/wp-json\/wp\/v2\/product_brand?post=193353"},{"taxonomy":"product_cat","embeddable":true,"href":"https:\/\/rendez-vous-store.com\/fr\/wp-json\/wp\/v2\/product_cat?post=193353"},{"taxonomy":"product_tag","embeddable":true,"href":"https:\/\/rendez-vous-store.com\/fr\/wp-json\/wp\/v2\/product_tag?post=193353"}],"curies":[{"name":"wp","href":"https:\/\/api.w.org\/{rel}","templated":true}]}}