{"id":193239,"date":"2025-02-11T16:06:18","date_gmt":"2025-02-11T15:06:18","guid":{"rendered":"https:\/\/rendez-vous-store.com\/?post_type=product&#038;p=193239"},"modified":"2025-05-09T12:25:12","modified_gmt":"2025-05-09T10:25:12","slug":"album-di-famiglia-unisex-t-shirt-js-anthracite-rendez-vous-store","status":"publish","type":"product","link":"https:\/\/rendez-vous-store.com\/fr\/shop\/last-pieces-men\/last-pieces-men-shirt-rendez-vous-store\/album-di-famiglia-unisex-t-shirt-js-anthracite-rendez-vous-store\/","title":{"rendered":"Album Di Famiglia &#8211; Unisex T-Shirt JS &#8211; Anthracite"},"content":{"rendered":"<p><strong>Album Di Famiglia Unisex T-Shirt JS Anthracite<\/strong><\/p>\n<p>Couleur : Bleu<\/p>\n<p>Coupe ample<\/p>\n<p>Col rond<\/p>\n<p>Manches courtes<\/p>\n<p>Details of white seams<\/p>\n<p>Composition: 96% Cotton, 4% Elastane<\/p>\n<p>Fabriqu\u00e9 en Italie<\/p>\n<p>&nbsp;<\/p>\n<p>&nbsp;<\/p>\n<p>&nbsp;<\/p>\n<p>&nbsp;<\/p>\n<h4>La marque<\/h4>\n<div class=\"flex-1 overflow-hidden\">\n<div class=\"react-scroll-to-bottom--css-udson-79elbk h-full\">\n<div class=\"react-scroll-to-bottom--css-udson-1n7m0yu\">\n<div class=\"flex flex-col text-sm pb-9\">\n<div class=\"w-full text-token-text-primary\" dir=\"auto\" data-testid=\"conversation-turn-151\">\n<div class=\"px-4 py-2 justify-center text-base md:gap-6 m-auto\">\n<div class=\"flex flex-1 text-base mx-auto gap-3 juice:gap-4 juice:md:gap-6 md:px-5 lg:px-1 xl:px-5 md:max-w-3xl lg:max-w-[40rem] xl:max-w-[48rem]\">\n<div class=\"relative flex w-full flex-col agent-turn\">\n<div class=\"flex-col gap-1 md:gap-3\">\n<div class=\"flex flex-grow flex-col max-w-full\">\n<div class=\"min-h-[20px] text-message flex flex-col items-start gap-3 whitespace-pre-wrap break-words [.text-message+&amp;]:mt-5 overflow-x-auto\" dir=\"auto\" data-message-author-role=\"assistant\" data-message-id=\"46c21f40-c3df-4cdf-8f3e-cd64252c2c4f\">\n<div class=\"markdown prose w-full break-words dark:prose-invert light\">\n<div class=\"flex-1 overflow-hidden\">\n<div class=\"react-scroll-to-bottom--css-udson-79elbk h-full\">\n<div class=\"react-scroll-to-bottom--css-udson-1n7m0yu\">\n<div class=\"flex flex-col text-sm pb-9\">\n<div class=\"w-full text-token-text-primary\" dir=\"auto\" data-testid=\"conversation-turn-163\">\n<div class=\"px-4 py-2 justify-center text-base md:gap-6 m-auto\">\n<div class=\"flex flex-1 text-base mx-auto gap-3 juice:gap-4 juice:md:gap-6 md:px-5 lg:px-1 xl:px-5 md:max-w-3xl lg:max-w-[40rem] xl:max-w-[48rem]\">\n<div class=\"relative flex w-full flex-col agent-turn\">\n<div class=\"flex-col gap-1 md:gap-3\">\n<div class=\"flex flex-grow flex-col max-w-full\">\n<div class=\"min-h-[20px] text-message flex flex-col items-start gap-3 whitespace-pre-wrap break-words [.text-message+&amp;]:mt-5 overflow-x-auto\" dir=\"auto\" data-message-author-role=\"assistant\" data-message-id=\"8a20065a-e026-4d1c-a49b-0db2dc57aae1\">\n<div class=\"markdown prose w-full break-words dark:prose-invert light\">\n<div class=\"flex-1 overflow-hidden\">\n<div class=\"react-scroll-to-bottom--css-udson-79elbk h-full\">\n<div class=\"react-scroll-to-bottom--css-udson-1n7m0yu\">\n<div class=\"flex flex-col text-sm pb-9\">\n<div class=\"w-full text-token-text-primary\" dir=\"auto\" data-testid=\"conversation-turn-169\">\n<div class=\"px-4 py-2 justify-center text-base md:gap-6 m-auto\">\n<div class=\"flex flex-1 text-base mx-auto gap-3 juice:gap-4 juice:md:gap-6 md:px-5 lg:px-1 xl:px-5 md:max-w-3xl lg:max-w-[40rem] xl:max-w-[48rem]\">\n<div class=\"relative flex w-full flex-col agent-turn\">\n<div class=\"flex-col gap-1 md:gap-3\">\n<div class=\"flex flex-grow flex-col max-w-full\">\n<div class=\"min-h-[20px] text-message flex flex-col items-start gap-3 whitespace-pre-wrap break-words [.text-message+&amp;]:mt-5 overflow-x-auto\" dir=\"auto\" data-message-author-role=\"assistant\" data-message-id=\"ced97803-3ca4-41e3-8243-cc9b2d4d5ac6\">\n<div class=\"markdown prose w-full break-words dark:prose-invert light\">\n<p>Fond\u00e9 par Monica Rusconi, Album di Famiglia apporte au monde de la mode un luxe minimaliste et un savoir-faire artisanal. Cr\u00e9\u00e9e au d\u00e9but des ann\u00e9es 2000, cette marque italienne s'est rapidement fait conna\u00eetre pour son \u00e9l\u00e9gance discr\u00e8te et sa qualit\u00e9. Chaque collection capture l'essence de la vie de famille, alliant confort et style.<\/p>\n<\/div>\n<\/div>\n<\/div>\n<\/div>\n<\/div>\n<\/div>\n<\/div>\n<\/div>\n<\/div>\n<\/div>\n<\/div>\n<\/div>\n<\/div>\n<\/div>\n<\/div>\n<\/div>\n<\/div>\n<\/div>\n<\/div>\n<\/div>\n<\/div>\n<\/div>\n<\/div>\n<\/div>\n<\/div>\n<\/div>\n<\/div>\n<\/div>\n<\/div>\n<\/div>\n<\/div>\n<\/div>\n<\/div>\n<\/div>\n<\/div>\n<\/div>","protected":false},"excerpt":{"rendered":"<p>Album Di Famiglia Unisex T-Shirt JS Anthracite Color: Blue Loose fit Round neck Short sleeves Details of white seams Composition: 96% Cotton, 4% Elastane Made in Italy &nbsp; &nbsp; &nbsp; &nbsp; The Brand Founded by Monica Rusconi, Album di Famiglia brings minimalist luxury and craftsmanship to the fashion world. Established in the early 2000s, this&hellip; <a class=\"more-link\" href=\"https:\/\/rendez-vous-store.com\/fr\/shop\/last-pieces-men\/last-pieces-men-shirt-rendez-vous-store\/album-di-famiglia-unisex-t-shirt-js-anthracite-rendez-vous-store\/\">Continuer la lecture <span class=\"screen-reader-text\">Album Di Famiglia &#8211; Unisex T-Shirt JS &#8211; Anthracite<\/span><\/a><\/p>","protected":false},"featured_media":204611,"template":"","meta":{"_acf_changed":false},"product_brand":[],"product_cat":[1137,1165,1152,20,76],"product_tag":[276],"class_list":{"0":"post-193239","1":"product","2":"type-product","3":"status-publish","4":"has-post-thumbnail","6":"product_cat-last-pieces-men","7":"product_cat-40-last-pieces-men","8":"product_cat-last-pieces-men-shirt-rendez-vous-store","9":"product_cat-men-selection-discover-our-selection-rendez-vous-store","10":"product_cat-t-shirts-discover-our-selection-rendez-vous-store","11":"product_tag-album-di-famiglia","12":"entry","14":"first","15":"outofstock","16":"taxable","17":"shipping-taxable","18":"product-type-variable"},"acf":[],"yoast_head":"<!-- This site is optimized with the Yoast SEO plugin v24.9 - https:\/\/yoast.com\/wordpress\/plugins\/seo\/ -->\n<title>Album Di Famiglia Unisex T-Shirt JS Anthracite<\/title>\n<meta name=\"description\" content=\"Album Di Famiglia is on Rendez-Vous Store. This Album Di Famiglia Unisex T-Shirt JS Anthracite associate shape and texture. Discover now.\" \/>\n<meta name=\"robots\" content=\"index, follow, max-snippet:-1, max-image-preview:large, max-video-preview:-1\" \/>\n<link rel=\"canonical\" href=\"https:\/\/rendez-vous-store.com\/fr\/shop\/last-pieces-men\/last-pieces-men-shirt-rendez-vous-store\/album-di-famiglia-unisex-t-shirt-js-anthracite-rendez-vous-store\/\" \/>\n<meta property=\"og:locale\" content=\"fr_FR\" \/>\n<meta property=\"og:type\" content=\"article\" \/>\n<meta property=\"og:title\" content=\"Album Di Famiglia Unisex T-Shirt JS Anthracite\" \/>\n<meta property=\"og:description\" content=\"Album Di Famiglia is on Rendez-Vous Store. This Album Di Famiglia Unisex T-Shirt JS Anthracite associate shape and texture. Discover now.\" \/>\n<meta property=\"og:url\" content=\"https:\/\/rendez-vous-store.com\/fr\/shop\/last-pieces-men\/last-pieces-men-shirt-rendez-vous-store\/album-di-famiglia-unisex-t-shirt-js-anthracite-rendez-vous-store\/\" \/>\n<meta property=\"og:site_name\" content=\"RENDEZ-VOUS STORE\" \/>\n<meta property=\"article:modified_time\" content=\"2025-05-09T10:25:12+00:00\" \/>\n<meta property=\"og:image\" content=\"https:\/\/rendez-vous-store.com\/wp-content\/uploads\/2025\/02\/rdv_22-scaled.webp\" \/>\n\t<meta property=\"og:image:width\" content=\"1696\" \/>\n\t<meta property=\"og:image:height\" content=\"2560\" \/>\n\t<meta property=\"og:image:type\" content=\"image\/webp\" \/>\n<meta name=\"twitter:card\" content=\"summary_large_image\" \/>\n<meta name=\"twitter:label1\" content=\"Est. reading time\" \/>\n\t<meta name=\"twitter:data1\" content=\"1 minute\" \/>\n<script type=\"application\/ld+json\" class=\"yoast-schema-graph\">{\"@context\":\"https:\/\/schema.org\",\"@graph\":[{\"@type\":\"WebPage\",\"@id\":\"https:\/\/rendez-vous-store.com\/shop\/last-pieces-men\/last-pieces-men-shirt-rendez-vous-store\/album-di-famiglia-unisex-t-shirt-js-anthracite-rendez-vous-store\/\",\"url\":\"https:\/\/rendez-vous-store.com\/shop\/last-pieces-men\/last-pieces-men-shirt-rendez-vous-store\/album-di-famiglia-unisex-t-shirt-js-anthracite-rendez-vous-store\/\",\"name\":\"Album Di Famiglia Unisex T-Shirt JS Anthracite\",\"isPartOf\":{\"@id\":\"https:\/\/rendez-vous-store.com\/#website\"},\"primaryImageOfPage\":{\"@id\":\"https:\/\/rendez-vous-store.com\/shop\/last-pieces-men\/last-pieces-men-shirt-rendez-vous-store\/album-di-famiglia-unisex-t-shirt-js-anthracite-rendez-vous-store\/#primaryimage\"},\"image\":{\"@id\":\"https:\/\/rendez-vous-store.com\/shop\/last-pieces-men\/last-pieces-men-shirt-rendez-vous-store\/album-di-famiglia-unisex-t-shirt-js-anthracite-rendez-vous-store\/#primaryimage\"},\"thumbnailUrl\":\"https:\/\/rendez-vous-store.com\/app\/uploads\/2025\/02\/rdv_22-scaled.webp\",\"datePublished\":\"2025-02-11T15:06:18+00:00\",\"dateModified\":\"2025-05-09T10:25:12+00:00\",\"description\":\"Album Di Famiglia is on Rendez-Vous Store. This Album Di Famiglia Unisex T-Shirt JS Anthracite associate shape and texture. Discover now.\",\"breadcrumb\":{\"@id\":\"https:\/\/rendez-vous-store.com\/shop\/last-pieces-men\/last-pieces-men-shirt-rendez-vous-store\/album-di-famiglia-unisex-t-shirt-js-anthracite-rendez-vous-store\/#breadcrumb\"},\"inLanguage\":\"fr-FR\",\"potentialAction\":[{\"@type\":\"ReadAction\",\"target\":[\"https:\/\/rendez-vous-store.com\/shop\/last-pieces-men\/last-pieces-men-shirt-rendez-vous-store\/album-di-famiglia-unisex-t-shirt-js-anthracite-rendez-vous-store\/\"]}]},{\"@type\":\"ImageObject\",\"inLanguage\":\"fr-FR\",\"@id\":\"https:\/\/rendez-vous-store.com\/shop\/last-pieces-men\/last-pieces-men-shirt-rendez-vous-store\/album-di-famiglia-unisex-t-shirt-js-anthracite-rendez-vous-store\/#primaryimage\",\"url\":\"https:\/\/rendez-vous-store.com\/app\/uploads\/2025\/02\/rdv_22-scaled.webp\",\"contentUrl\":\"https:\/\/rendez-vous-store.com\/app\/uploads\/2025\/02\/rdv_22-scaled.webp\",\"width\":1696,\"height\":2560},{\"@type\":\"BreadcrumbList\",\"@id\":\"https:\/\/rendez-vous-store.com\/shop\/last-pieces-men\/last-pieces-men-shirt-rendez-vous-store\/album-di-famiglia-unisex-t-shirt-js-anthracite-rendez-vous-store\/#breadcrumb\",\"itemListElement\":[{\"@type\":\"ListItem\",\"position\":1,\"name\":\"Home\",\"item\":\"https:\/\/rendez-vous-store.com\/\"},{\"@type\":\"ListItem\",\"position\":2,\"name\":\"Shop\",\"item\":\"https:\/\/www.rendez-vous-store.com\/shop\/\"},{\"@type\":\"ListItem\",\"position\":3,\"name\":\"Album Di Famiglia &#8211; Unisex T-Shirt JS &#8211; Anthracite\"}]},{\"@type\":\"WebSite\",\"@id\":\"https:\/\/rendez-vous-store.com\/#website\",\"url\":\"https:\/\/rendez-vous-store.com\/\",\"name\":\"RENDEZ-VOUS STORE\",\"description\":\"Slow Fashion for Women and Men\",\"potentialAction\":[{\"@type\":\"SearchAction\",\"target\":{\"@type\":\"EntryPoint\",\"urlTemplate\":\"https:\/\/rendez-vous-store.com\/?s={search_term_string}\"},\"query-input\":{\"@type\":\"PropertyValueSpecification\",\"valueRequired\":true,\"valueName\":\"search_term_string\"}}],\"inLanguage\":\"fr-FR\"}]}<\/script>\n<!-- \/ Yoast SEO plugin. -->","yoast_head_json":{"title":"Album Di Famiglia Unisex T-Shirt JS Anthracite","description":"Album Di Famiglia is on Rendez-Vous Store. This Album Di Famiglia Unisex T-Shirt JS Anthracite associate shape and texture. Discover now.","robots":{"index":"index","follow":"follow","max-snippet":"max-snippet:-1","max-image-preview":"max-image-preview:large","max-video-preview":"max-video-preview:-1"},"canonical":"https:\/\/rendez-vous-store.com\/fr\/shop\/last-pieces-men\/last-pieces-men-shirt-rendez-vous-store\/album-di-famiglia-unisex-t-shirt-js-anthracite-rendez-vous-store\/","og_locale":"fr_FR","og_type":"article","og_title":"Album Di Famiglia Unisex T-Shirt JS Anthracite","og_description":"Album Di Famiglia is on Rendez-Vous Store. This Album Di Famiglia Unisex T-Shirt JS Anthracite associate shape and texture. Discover now.","og_url":"https:\/\/rendez-vous-store.com\/fr\/shop\/last-pieces-men\/last-pieces-men-shirt-rendez-vous-store\/album-di-famiglia-unisex-t-shirt-js-anthracite-rendez-vous-store\/","og_site_name":"RENDEZ-VOUS STORE","article_modified_time":"2025-05-09T10:25:12+00:00","og_image":[{"width":1696,"height":2560,"url":"https:\/\/rendez-vous-store.com\/wp-content\/uploads\/2025\/02\/rdv_22-scaled.webp","type":"image\/webp"}],"twitter_card":"summary_large_image","twitter_misc":{"Est. reading time":"1 minute"},"schema":{"@context":"https:\/\/schema.org","@graph":[{"@type":"WebPage","@id":"https:\/\/rendez-vous-store.com\/shop\/last-pieces-men\/last-pieces-men-shirt-rendez-vous-store\/album-di-famiglia-unisex-t-shirt-js-anthracite-rendez-vous-store\/","url":"https:\/\/rendez-vous-store.com\/shop\/last-pieces-men\/last-pieces-men-shirt-rendez-vous-store\/album-di-famiglia-unisex-t-shirt-js-anthracite-rendez-vous-store\/","name":"Album Di Famiglia Unisex T-Shirt JS Anthracite","isPartOf":{"@id":"https:\/\/rendez-vous-store.com\/#website"},"primaryImageOfPage":{"@id":"https:\/\/rendez-vous-store.com\/shop\/last-pieces-men\/last-pieces-men-shirt-rendez-vous-store\/album-di-famiglia-unisex-t-shirt-js-anthracite-rendez-vous-store\/#primaryimage"},"image":{"@id":"https:\/\/rendez-vous-store.com\/shop\/last-pieces-men\/last-pieces-men-shirt-rendez-vous-store\/album-di-famiglia-unisex-t-shirt-js-anthracite-rendez-vous-store\/#primaryimage"},"thumbnailUrl":"https:\/\/rendez-vous-store.com\/app\/uploads\/2025\/02\/rdv_22-scaled.webp","datePublished":"2025-02-11T15:06:18+00:00","dateModified":"2025-05-09T10:25:12+00:00","description":"Album Di Famiglia is on Rendez-Vous Store. This Album Di Famiglia Unisex T-Shirt JS Anthracite associate shape and texture. Discover now.","breadcrumb":{"@id":"https:\/\/rendez-vous-store.com\/shop\/last-pieces-men\/last-pieces-men-shirt-rendez-vous-store\/album-di-famiglia-unisex-t-shirt-js-anthracite-rendez-vous-store\/#breadcrumb"},"inLanguage":"fr-FR","potentialAction":[{"@type":"ReadAction","target":["https:\/\/rendez-vous-store.com\/shop\/last-pieces-men\/last-pieces-men-shirt-rendez-vous-store\/album-di-famiglia-unisex-t-shirt-js-anthracite-rendez-vous-store\/"]}]},{"@type":"ImageObject","inLanguage":"fr-FR","@id":"https:\/\/rendez-vous-store.com\/shop\/last-pieces-men\/last-pieces-men-shirt-rendez-vous-store\/album-di-famiglia-unisex-t-shirt-js-anthracite-rendez-vous-store\/#primaryimage","url":"https:\/\/rendez-vous-store.com\/app\/uploads\/2025\/02\/rdv_22-scaled.webp","contentUrl":"https:\/\/rendez-vous-store.com\/app\/uploads\/2025\/02\/rdv_22-scaled.webp","width":1696,"height":2560},{"@type":"BreadcrumbList","@id":"https:\/\/rendez-vous-store.com\/shop\/last-pieces-men\/last-pieces-men-shirt-rendez-vous-store\/album-di-famiglia-unisex-t-shirt-js-anthracite-rendez-vous-store\/#breadcrumb","itemListElement":[{"@type":"ListItem","position":1,"name":"Home","item":"https:\/\/rendez-vous-store.com\/"},{"@type":"ListItem","position":2,"name":"Shop","item":"https:\/\/www.rendez-vous-store.com\/shop\/"},{"@type":"ListItem","position":3,"name":"Album Di Famiglia &#8211; Unisex T-Shirt JS &#8211; Anthracite"}]},{"@type":"WebSite","@id":"https:\/\/rendez-vous-store.com\/#website","url":"https:\/\/rendez-vous-store.com\/","name":"RENDEZ-VOUS STORE","description":"Slow Fashion for Women and Men","potentialAction":[{"@type":"SearchAction","target":{"@type":"EntryPoint","urlTemplate":"https:\/\/rendez-vous-store.com\/?s={search_term_string}"},"query-input":{"@type":"PropertyValueSpecification","valueRequired":true,"valueName":"search_term_string"}}],"inLanguage":"fr-FR"}]}},"_links":{"self":[{"href":"https:\/\/rendez-vous-store.com\/fr\/wp-json\/wp\/v2\/product\/193239","targetHints":{"allow":["GET"]}}],"collection":[{"href":"https:\/\/rendez-vous-store.com\/fr\/wp-json\/wp\/v2\/product"}],"about":[{"href":"https:\/\/rendez-vous-store.com\/fr\/wp-json\/wp\/v2\/types\/product"}],"wp:featuredmedia":[{"embeddable":true,"href":"https:\/\/rendez-vous-store.com\/fr\/wp-json\/wp\/v2\/media\/204611"}],"wp:attachment":[{"href":"https:\/\/rendez-vous-store.com\/fr\/wp-json\/wp\/v2\/media?parent=193239"}],"wp:term":[{"taxonomy":"product_brand","embeddable":true,"href":"https:\/\/rendez-vous-store.com\/fr\/wp-json\/wp\/v2\/product_brand?post=193239"},{"taxonomy":"product_cat","embeddable":true,"href":"https:\/\/rendez-vous-store.com\/fr\/wp-json\/wp\/v2\/product_cat?post=193239"},{"taxonomy":"product_tag","embeddable":true,"href":"https:\/\/rendez-vous-store.com\/fr\/wp-json\/wp\/v2\/product_tag?post=193239"}],"curies":[{"name":"wp","href":"https:\/\/api.w.org\/{rel}","templated":true}]}}