{"id":192717,"date":"2025-01-30T17:03:05","date_gmt":"2025-01-30T16:03:05","guid":{"rendered":"https:\/\/rendez-vous-store.com\/?post_type=product&#038;p=192717"},"modified":"2026-03-16T18:38:47","modified_gmt":"2026-03-16T17:38:47","slug":"batoner-innocent-cashmere-rib-crew-neck-24aw-30-red-rendez-vous-store","status":"publish","type":"product","link":"https:\/\/rendez-vous-store.com\/fr\/shop\/rdvs-selection-discover-our-current-selection-rendez-vous-store\/rdvs-selection-women-rendez-vous-store\/batoner-innocent-cashmere-rib-crew-neck-24aw-30-red-rendez-vous-store\/","title":{"rendered":"Batoner \u2013 Pull \u00e0 col rond en cachemire c\u00f4tel\u00e9 Innocent 24AW-30 \u2013 Rouge"},"content":{"rendered":"<p><strong>Col rond en cachemire c\u00f4tel\u00e9 Batonner Innocent 24AW-30 Rouge<\/strong><\/p>\n<p>Couleur : Rouge<\/p>\n<p>Silhouette d\u00e9contract\u00e9e<\/p>\n<p>Col rond enrob\u00e9<\/p>\n<p>Manches longues<\/p>\n<p>\u00c9paules tombantes<\/p>\n<p>Composition : 100% Cachemire<\/p>\n<p>Fabriqu\u00e9 au Japon<\/p>\n<p>&nbsp;<\/p>\n<p>&nbsp;<\/p>\n<p>&nbsp;<\/p>\n<p>&nbsp;<\/p>\n<p><strong>La marque<\/strong><\/p>\n<p>En 2013, la marque de tricots Batoner a vu le jour dans la ville de Sagae. OKUYAMA MERIYASU, une entreprise renomm\u00e9e de la ville de Sagae, connue pour \u00eatre un centre de production de tricots, a fond\u00e9 la marque.<\/p>\n<p>Batoner produisait autrefois des tricots pour diverses marques et fabricants de v\u00eatements. Aujourd'hui, l'entreprise prend en charge l'ensemble du processus, de l'approvisionnement en mati\u00e8res premi\u00e8res \u00e0 la fabrication des produits finis, en maintenant une qualit\u00e9 exceptionnelle et en les distribuant dans le monde entier. Batoner s'engage \u00e0 cr\u00e9er des mod\u00e8les intemporels et des pi\u00e8ces de haute qualit\u00e9 que les g\u00e9n\u00e9rations futures pourront ch\u00e9rir.<\/p>","protected":false},"excerpt":{"rendered":"<p>Batoner Innocent Cashmere Rib Crew Neck 24AW-30 Red Color: Red Relaxed silhouette Rob crew neck Long sleeves Dropped shoulders Composition: 100% Cashmere Made in Japan &nbsp; &nbsp; &nbsp; &nbsp; The brand In 2013, the knitwear brand Batoner emerged in Sagae City. OKUYAMA MERIYASU, a renowned company in Sagae City, known as a hub for knitwear&hellip; <a class=\"more-link\" href=\"https:\/\/rendez-vous-store.com\/fr\/shop\/rdvs-selection-discover-our-current-selection-rendez-vous-store\/rdvs-selection-women-rendez-vous-store\/batoner-innocent-cashmere-rib-crew-neck-24aw-30-red-rendez-vous-store\/\">Continuer la lecture <span class=\"screen-reader-text\">Batoner \u2013 Pull \u00e0 col rond en cachemire c\u00f4tel\u00e9 Innocent 24AW-30 \u2013 Rouge<\/span><\/a><\/p>","protected":false},"featured_media":213297,"template":"","meta":{"_acf_changed":false},"product_brand":[],"product_cat":[199,405,17],"product_tag":[297],"class_list":{"0":"post-192717","1":"product","2":"type-product","3":"status-publish","4":"has-post-thumbnail","6":"product_cat-women-knitwears-discover-our-selection-rendez-vous-store","7":"product_cat-rdvs-selection-women-rendez-vous-store","8":"product_cat-women","9":"product_tag-batoner","10":"entry","12":"first","13":"instock","14":"taxable","15":"shipping-taxable","16":"purchasable","17":"product-type-variable"},"acf":[],"yoast_head":"<!-- This site is optimized with the Yoast SEO plugin v24.9 - https:\/\/yoast.com\/wordpress\/plugins\/seo\/ -->\n<title>Batoner Innocent Cashmere Rib Crew Neck 24AW-30 Red<\/title>\n<meta name=\"description\" content=\"This Batoner - Innocent Cashmere Rib Crew Neck 24AW-30 - Red is a fusion of raw and natural materials, ensuring longevity and timelessness.\" \/>\n<meta name=\"robots\" content=\"index, follow, max-snippet:-1, max-image-preview:large, max-video-preview:-1\" \/>\n<link rel=\"canonical\" href=\"https:\/\/rendez-vous-store.com\/fr\/shop\/rdvs-selection-discover-our-current-selection-rendez-vous-store\/rdvs-selection-women-rendez-vous-store\/batoner-innocent-cashmere-rib-crew-neck-24aw-30-red-rendez-vous-store\/\" \/>\n<meta property=\"og:locale\" content=\"fr_FR\" \/>\n<meta property=\"og:type\" content=\"article\" \/>\n<meta property=\"og:title\" content=\"Batoner Innocent Cashmere Rib Crew Neck 24AW-30 Red\" \/>\n<meta property=\"og:description\" content=\"This Batoner - Innocent Cashmere Rib Crew Neck 24AW-30 - Red is a fusion of raw and natural materials, ensuring longevity and timelessness.\" \/>\n<meta property=\"og:url\" content=\"https:\/\/rendez-vous-store.com\/fr\/shop\/rdvs-selection-discover-our-current-selection-rendez-vous-store\/rdvs-selection-women-rendez-vous-store\/batoner-innocent-cashmere-rib-crew-neck-24aw-30-red-rendez-vous-store\/\" \/>\n<meta property=\"og:site_name\" content=\"RENDEZ-VOUS STORE\" \/>\n<meta property=\"article:modified_time\" content=\"2026-03-16T17:38:47+00:00\" \/>\n<meta property=\"og:image\" content=\"https:\/\/rendez-vous-store.com\/app\/uploads\/2025\/01\/rdv_batoner_05-scaled.webp\" \/>\n\t<meta property=\"og:image:width\" content=\"1696\" \/>\n\t<meta property=\"og:image:height\" content=\"2560\" \/>\n\t<meta property=\"og:image:type\" content=\"image\/webp\" \/>\n<meta name=\"twitter:card\" content=\"summary_large_image\" \/>\n<meta name=\"twitter:label1\" content=\"Est. reading time\" \/>\n\t<meta name=\"twitter:data1\" content=\"1 minute\" \/>\n<script type=\"application\/ld+json\" class=\"yoast-schema-graph\">{\"@context\":\"https:\/\/schema.org\",\"@graph\":[{\"@type\":\"WebPage\",\"@id\":\"https:\/\/rendez-vous-store.com\/shop\/rdvs-selection-discover-our-current-selection-rendez-vous-store\/rdvs-selection-women-rendez-vous-store\/batoner-innocent-cashmere-rib-crew-neck-24aw-30-red-rendez-vous-store\/\",\"url\":\"https:\/\/rendez-vous-store.com\/shop\/rdvs-selection-discover-our-current-selection-rendez-vous-store\/rdvs-selection-women-rendez-vous-store\/batoner-innocent-cashmere-rib-crew-neck-24aw-30-red-rendez-vous-store\/\",\"name\":\"Batoner Innocent Cashmere Rib Crew Neck 24AW-30 Red\",\"isPartOf\":{\"@id\":\"https:\/\/rendez-vous-store.com\/#website\"},\"primaryImageOfPage\":{\"@id\":\"https:\/\/rendez-vous-store.com\/shop\/rdvs-selection-discover-our-current-selection-rendez-vous-store\/rdvs-selection-women-rendez-vous-store\/batoner-innocent-cashmere-rib-crew-neck-24aw-30-red-rendez-vous-store\/#primaryimage\"},\"image\":{\"@id\":\"https:\/\/rendez-vous-store.com\/shop\/rdvs-selection-discover-our-current-selection-rendez-vous-store\/rdvs-selection-women-rendez-vous-store\/batoner-innocent-cashmere-rib-crew-neck-24aw-30-red-rendez-vous-store\/#primaryimage\"},\"thumbnailUrl\":\"https:\/\/rendez-vous-store.com\/app\/uploads\/2025\/01\/rdv_batoner_05-scaled.webp\",\"datePublished\":\"2025-01-30T16:03:05+00:00\",\"dateModified\":\"2026-03-16T17:38:47+00:00\",\"description\":\"This Batoner - Innocent Cashmere Rib Crew Neck 24AW-30 - Red is a fusion of raw and natural materials, ensuring longevity and timelessness.\",\"breadcrumb\":{\"@id\":\"https:\/\/rendez-vous-store.com\/shop\/rdvs-selection-discover-our-current-selection-rendez-vous-store\/rdvs-selection-women-rendez-vous-store\/batoner-innocent-cashmere-rib-crew-neck-24aw-30-red-rendez-vous-store\/#breadcrumb\"},\"inLanguage\":\"fr-FR\",\"potentialAction\":[{\"@type\":\"ReadAction\",\"target\":[\"https:\/\/rendez-vous-store.com\/shop\/rdvs-selection-discover-our-current-selection-rendez-vous-store\/rdvs-selection-women-rendez-vous-store\/batoner-innocent-cashmere-rib-crew-neck-24aw-30-red-rendez-vous-store\/\"]}]},{\"@type\":\"ImageObject\",\"inLanguage\":\"fr-FR\",\"@id\":\"https:\/\/rendez-vous-store.com\/shop\/rdvs-selection-discover-our-current-selection-rendez-vous-store\/rdvs-selection-women-rendez-vous-store\/batoner-innocent-cashmere-rib-crew-neck-24aw-30-red-rendez-vous-store\/#primaryimage\",\"url\":\"https:\/\/rendez-vous-store.com\/app\/uploads\/2025\/01\/rdv_batoner_05-scaled.webp\",\"contentUrl\":\"https:\/\/rendez-vous-store.com\/app\/uploads\/2025\/01\/rdv_batoner_05-scaled.webp\",\"width\":1696,\"height\":2560},{\"@type\":\"BreadcrumbList\",\"@id\":\"https:\/\/rendez-vous-store.com\/shop\/rdvs-selection-discover-our-current-selection-rendez-vous-store\/rdvs-selection-women-rendez-vous-store\/batoner-innocent-cashmere-rib-crew-neck-24aw-30-red-rendez-vous-store\/#breadcrumb\",\"itemListElement\":[{\"@type\":\"ListItem\",\"position\":1,\"name\":\"Home\",\"item\":\"https:\/\/rendez-vous-store.com\/\"},{\"@type\":\"ListItem\",\"position\":2,\"name\":\"Shop\",\"item\":\"https:\/\/www.rendez-vous-store.com\/shop\/\"},{\"@type\":\"ListItem\",\"position\":3,\"name\":\"Batoner &#8211; Innocent Cashmere Rib Crew Neck 24AW-30 &#8211; Red\"}]},{\"@type\":\"WebSite\",\"@id\":\"https:\/\/rendez-vous-store.com\/#website\",\"url\":\"https:\/\/rendez-vous-store.com\/\",\"name\":\"RENDEZ-VOUS STORE\",\"description\":\"Slow Fashion for Women and Men\",\"potentialAction\":[{\"@type\":\"SearchAction\",\"target\":{\"@type\":\"EntryPoint\",\"urlTemplate\":\"https:\/\/rendez-vous-store.com\/?s={search_term_string}\"},\"query-input\":{\"@type\":\"PropertyValueSpecification\",\"valueRequired\":true,\"valueName\":\"search_term_string\"}}],\"inLanguage\":\"fr-FR\"}]}<\/script>\n<!-- \/ Yoast SEO plugin. -->","yoast_head_json":{"title":"Batoner Innocent Cashmere Rib Crew Neck 24AW-30 Red","description":"This Batoner - Innocent Cashmere Rib Crew Neck 24AW-30 - Red is a fusion of raw and natural materials, ensuring longevity and timelessness.","robots":{"index":"index","follow":"follow","max-snippet":"max-snippet:-1","max-image-preview":"max-image-preview:large","max-video-preview":"max-video-preview:-1"},"canonical":"https:\/\/rendez-vous-store.com\/fr\/shop\/rdvs-selection-discover-our-current-selection-rendez-vous-store\/rdvs-selection-women-rendez-vous-store\/batoner-innocent-cashmere-rib-crew-neck-24aw-30-red-rendez-vous-store\/","og_locale":"fr_FR","og_type":"article","og_title":"Batoner Innocent Cashmere Rib Crew Neck 24AW-30 Red","og_description":"This Batoner - Innocent Cashmere Rib Crew Neck 24AW-30 - Red is a fusion of raw and natural materials, ensuring longevity and timelessness.","og_url":"https:\/\/rendez-vous-store.com\/fr\/shop\/rdvs-selection-discover-our-current-selection-rendez-vous-store\/rdvs-selection-women-rendez-vous-store\/batoner-innocent-cashmere-rib-crew-neck-24aw-30-red-rendez-vous-store\/","og_site_name":"RENDEZ-VOUS STORE","article_modified_time":"2026-03-16T17:38:47+00:00","og_image":[{"width":1696,"height":2560,"url":"https:\/\/rendez-vous-store.com\/app\/uploads\/2025\/01\/rdv_batoner_05-scaled.webp","type":"image\/webp"}],"twitter_card":"summary_large_image","twitter_misc":{"Est. reading time":"1 minute"},"schema":{"@context":"https:\/\/schema.org","@graph":[{"@type":"WebPage","@id":"https:\/\/rendez-vous-store.com\/shop\/rdvs-selection-discover-our-current-selection-rendez-vous-store\/rdvs-selection-women-rendez-vous-store\/batoner-innocent-cashmere-rib-crew-neck-24aw-30-red-rendez-vous-store\/","url":"https:\/\/rendez-vous-store.com\/shop\/rdvs-selection-discover-our-current-selection-rendez-vous-store\/rdvs-selection-women-rendez-vous-store\/batoner-innocent-cashmere-rib-crew-neck-24aw-30-red-rendez-vous-store\/","name":"Batoner Innocent Cashmere Rib Crew Neck 24AW-30 Red","isPartOf":{"@id":"https:\/\/rendez-vous-store.com\/#website"},"primaryImageOfPage":{"@id":"https:\/\/rendez-vous-store.com\/shop\/rdvs-selection-discover-our-current-selection-rendez-vous-store\/rdvs-selection-women-rendez-vous-store\/batoner-innocent-cashmere-rib-crew-neck-24aw-30-red-rendez-vous-store\/#primaryimage"},"image":{"@id":"https:\/\/rendez-vous-store.com\/shop\/rdvs-selection-discover-our-current-selection-rendez-vous-store\/rdvs-selection-women-rendez-vous-store\/batoner-innocent-cashmere-rib-crew-neck-24aw-30-red-rendez-vous-store\/#primaryimage"},"thumbnailUrl":"https:\/\/rendez-vous-store.com\/app\/uploads\/2025\/01\/rdv_batoner_05-scaled.webp","datePublished":"2025-01-30T16:03:05+00:00","dateModified":"2026-03-16T17:38:47+00:00","description":"This Batoner - Innocent Cashmere Rib Crew Neck 24AW-30 - Red is a fusion of raw and natural materials, ensuring longevity and timelessness.","breadcrumb":{"@id":"https:\/\/rendez-vous-store.com\/shop\/rdvs-selection-discover-our-current-selection-rendez-vous-store\/rdvs-selection-women-rendez-vous-store\/batoner-innocent-cashmere-rib-crew-neck-24aw-30-red-rendez-vous-store\/#breadcrumb"},"inLanguage":"fr-FR","potentialAction":[{"@type":"ReadAction","target":["https:\/\/rendez-vous-store.com\/shop\/rdvs-selection-discover-our-current-selection-rendez-vous-store\/rdvs-selection-women-rendez-vous-store\/batoner-innocent-cashmere-rib-crew-neck-24aw-30-red-rendez-vous-store\/"]}]},{"@type":"ImageObject","inLanguage":"fr-FR","@id":"https:\/\/rendez-vous-store.com\/shop\/rdvs-selection-discover-our-current-selection-rendez-vous-store\/rdvs-selection-women-rendez-vous-store\/batoner-innocent-cashmere-rib-crew-neck-24aw-30-red-rendez-vous-store\/#primaryimage","url":"https:\/\/rendez-vous-store.com\/app\/uploads\/2025\/01\/rdv_batoner_05-scaled.webp","contentUrl":"https:\/\/rendez-vous-store.com\/app\/uploads\/2025\/01\/rdv_batoner_05-scaled.webp","width":1696,"height":2560},{"@type":"BreadcrumbList","@id":"https:\/\/rendez-vous-store.com\/shop\/rdvs-selection-discover-our-current-selection-rendez-vous-store\/rdvs-selection-women-rendez-vous-store\/batoner-innocent-cashmere-rib-crew-neck-24aw-30-red-rendez-vous-store\/#breadcrumb","itemListElement":[{"@type":"ListItem","position":1,"name":"Home","item":"https:\/\/rendez-vous-store.com\/"},{"@type":"ListItem","position":2,"name":"Shop","item":"https:\/\/www.rendez-vous-store.com\/shop\/"},{"@type":"ListItem","position":3,"name":"Batoner &#8211; Innocent Cashmere Rib Crew Neck 24AW-30 &#8211; Red"}]},{"@type":"WebSite","@id":"https:\/\/rendez-vous-store.com\/#website","url":"https:\/\/rendez-vous-store.com\/","name":"RENDEZ-VOUS STORE","description":"Slow Fashion for Women and Men","potentialAction":[{"@type":"SearchAction","target":{"@type":"EntryPoint","urlTemplate":"https:\/\/rendez-vous-store.com\/?s={search_term_string}"},"query-input":{"@type":"PropertyValueSpecification","valueRequired":true,"valueName":"search_term_string"}}],"inLanguage":"fr-FR"}]}},"_links":{"self":[{"href":"https:\/\/rendez-vous-store.com\/fr\/wp-json\/wp\/v2\/product\/192717","targetHints":{"allow":["GET"]}}],"collection":[{"href":"https:\/\/rendez-vous-store.com\/fr\/wp-json\/wp\/v2\/product"}],"about":[{"href":"https:\/\/rendez-vous-store.com\/fr\/wp-json\/wp\/v2\/types\/product"}],"wp:featuredmedia":[{"embeddable":true,"href":"https:\/\/rendez-vous-store.com\/fr\/wp-json\/wp\/v2\/media\/213297"}],"wp:attachment":[{"href":"https:\/\/rendez-vous-store.com\/fr\/wp-json\/wp\/v2\/media?parent=192717"}],"wp:term":[{"taxonomy":"product_brand","embeddable":true,"href":"https:\/\/rendez-vous-store.com\/fr\/wp-json\/wp\/v2\/product_brand?post=192717"},{"taxonomy":"product_cat","embeddable":true,"href":"https:\/\/rendez-vous-store.com\/fr\/wp-json\/wp\/v2\/product_cat?post=192717"},{"taxonomy":"product_tag","embeddable":true,"href":"https:\/\/rendez-vous-store.com\/fr\/wp-json\/wp\/v2\/product_tag?post=192717"}],"curies":[{"name":"wp","href":"https:\/\/api.w.org\/{rel}","templated":true}]}}