{"id":191588,"date":"2025-01-16T16:58:17","date_gmt":"2025-01-16T15:58:17","guid":{"rendered":"https:\/\/rendez-vous-store.com\/?post_type=product&#038;p=191588"},"modified":"2026-04-24T15:37:16","modified_gmt":"2026-04-24T13:37:16","slug":"pas-de-calais-c-h-wide-pants-13-50-8568-khaki-rendez-vous-store","status":"publish","type":"product","link":"https:\/\/rendez-vous-store.com\/fr\/shop\/women\/trousers-skirts-discover-our-selection-rendez-vous-store\/pas-de-calais-c-h-wide-pants-13-50-8568-khaki-rendez-vous-store\/","title":{"rendered":"Pas De Calais - Pantalon large C\/H 13-50-8568 - Kaki"},"content":{"rendered":"<p><strong>Pantalon large Pas De Calais C\/H 13-50-8568 Khaki<\/strong><\/p>\n<p>Couleur : Kaki<\/p>\n<p>Coupe ample<\/p>\n<p>Taille \u00e9lastique<\/p>\n<p>Coupe \u00e9troite \u00e0 la taille<\/p>\n<p>Coupe d\u00e9contract\u00e9e<\/p>\n<p>Longueur l\u00e9g\u00e8rement raccourcie<\/p>\n<p>Deux poches fendues sur le devant, deux poches plaqu\u00e9es au dos<\/p>\n<p>Non doubl\u00e9<\/p>\n<p>Large jambe volumineuse<\/p>\n<p>Composition : 75% coton, 25% chanvre<\/p>\n<p>Fabriqu\u00e9 au Japon<\/p>\n<p>&nbsp;<\/p>\n<p>&nbsp;<\/p>\n<p>&nbsp;<\/p>\n<p>&nbsp;<\/p>\n<p><strong>La marque\u00a0<\/strong><\/p>\n<p>Le Pas de Calais se distingue par son approche artisanale et sa passion pour les mat\u00e9riaux de qualit\u00e9. La marque propose des collections qui allient sophistication et simplicit\u00e9. Les cr\u00e9ations refl\u00e8tent une harmonie entre des lignes \u00e9pur\u00e9es et des d\u00e9tails subtils.<\/p>\n<p>Avec une essence de puret\u00e9 et de nostalgie, le Pas de Calais cr\u00e9e un univers contemporain romantique \u00e0 travers un design moderne et d\u00e9contract\u00e9.<\/p>\n<p>En combinant une vari\u00e9t\u00e9 de techniques traditionnelles de teinture et de techniques avanc\u00e9es avec le coton, le lin et la soie, le Pas de Calais d\u00e9veloppe ses propres textiles originaux. Les cr\u00e9ateurs composent harmonieusement des mati\u00e8res naturelles pour en faire des collections confortables et portables.<\/p>\n<p>&nbsp;<\/p>","protected":false},"excerpt":{"rendered":"<p>Pas De Calais C\/H Wide Pants 13-50-8568 Khaki Color: Khaki Baggy fit Elasticated waistband Narrow fit on the waist Relaxed fit Slightly cropped length Two slit front pockets, two back patch pockets Unlined Wide voluminous leg Composition: 75% cotton, 25% hemp Made in Japan &nbsp; &nbsp; &nbsp; &nbsp; The brand\u00a0 Pas de Calais stands out&hellip; <a class=\"more-link\" href=\"https:\/\/rendez-vous-store.com\/fr\/shop\/women\/trousers-skirts-discover-our-selection-rendez-vous-store\/pas-de-calais-c-h-wide-pants-13-50-8568-khaki-rendez-vous-store\/\">Continuer la lecture <span class=\"screen-reader-text\">Pas De Calais - Pantalon large C\/H 13-50-8568 - Kaki<\/span><\/a><\/p>","protected":false},"featured_media":192534,"template":"","meta":{"_acf_changed":false},"product_brand":[],"product_cat":[17,1062,182],"product_tag":[684],"class_list":{"0":"post-191588","1":"product","2":"type-product","3":"status-publish","4":"has-post-thumbnail","6":"product_cat-women","7":"product_cat-new-women-selection-rendez-vous-store","8":"product_cat-trousers-skirts-discover-our-selection-rendez-vous-store","9":"product_tag-pas-de-calais","10":"entry","12":"first","13":"outofstock","14":"taxable","15":"shipping-taxable","16":"product-type-variable"},"acf":[],"yoast_head":"<!-- This site is optimized with the Yoast SEO plugin v24.9 - https:\/\/yoast.com\/wordpress\/plugins\/seo\/ -->\n<title>Pas De Calais C\/H Wide Pants 13-50-8568 Khaki<\/title>\n<meta name=\"description\" content=\"This Pas De Calais C\/H Wide Pants 13-50-8568 Khaki combines a variety of traditional dyeing and advanced techniques. Discover now.\" \/>\n<meta name=\"robots\" content=\"index, follow, max-snippet:-1, max-image-preview:large, max-video-preview:-1\" \/>\n<link rel=\"canonical\" href=\"https:\/\/rendez-vous-store.com\/fr\/shop\/women\/trousers-skirts-discover-our-selection-rendez-vous-store\/pas-de-calais-c-h-wide-pants-13-50-8568-khaki-rendez-vous-store\/\" \/>\n<meta property=\"og:locale\" content=\"fr_FR\" \/>\n<meta property=\"og:type\" content=\"article\" \/>\n<meta property=\"og:title\" content=\"Pas De Calais C\/H Wide Pants 13-50-8568 Khaki\" \/>\n<meta property=\"og:description\" content=\"This Pas De Calais C\/H Wide Pants 13-50-8568 Khaki combines a variety of traditional dyeing and advanced techniques. Discover now.\" \/>\n<meta property=\"og:url\" content=\"https:\/\/rendez-vous-store.com\/fr\/shop\/women\/trousers-skirts-discover-our-selection-rendez-vous-store\/pas-de-calais-c-h-wide-pants-13-50-8568-khaki-rendez-vous-store\/\" \/>\n<meta property=\"og:site_name\" content=\"RENDEZ-VOUS STORE\" \/>\n<meta property=\"article:modified_time\" content=\"2026-04-24T13:37:16+00:00\" \/>\n<meta property=\"og:image\" content=\"https:\/\/rendez-vous-store.com\/wp-content\/uploads\/2025\/01\/IMG_0613.webp\" \/>\n\t<meta property=\"og:image:width\" content=\"1696\" \/>\n\t<meta property=\"og:image:height\" content=\"2560\" \/>\n\t<meta property=\"og:image:type\" content=\"image\/webp\" \/>\n<meta name=\"twitter:card\" content=\"summary_large_image\" \/>\n<meta name=\"twitter:label1\" content=\"Est. reading time\" \/>\n\t<meta name=\"twitter:data1\" content=\"1 minute\" \/>\n<script type=\"application\/ld+json\" class=\"yoast-schema-graph\">{\"@context\":\"https:\/\/schema.org\",\"@graph\":[{\"@type\":\"WebPage\",\"@id\":\"https:\/\/rendez-vous-store.com\/shop\/women\/trousers-skirts-discover-our-selection-rendez-vous-store\/pas-de-calais-c-h-wide-pants-13-50-8568-khaki-rendez-vous-store\/\",\"url\":\"https:\/\/rendez-vous-store.com\/shop\/women\/trousers-skirts-discover-our-selection-rendez-vous-store\/pas-de-calais-c-h-wide-pants-13-50-8568-khaki-rendez-vous-store\/\",\"name\":\"Pas De Calais C\/H Wide Pants 13-50-8568 Khaki\",\"isPartOf\":{\"@id\":\"https:\/\/rendez-vous-store.com\/#website\"},\"primaryImageOfPage\":{\"@id\":\"https:\/\/rendez-vous-store.com\/shop\/women\/trousers-skirts-discover-our-selection-rendez-vous-store\/pas-de-calais-c-h-wide-pants-13-50-8568-khaki-rendez-vous-store\/#primaryimage\"},\"image\":{\"@id\":\"https:\/\/rendez-vous-store.com\/shop\/women\/trousers-skirts-discover-our-selection-rendez-vous-store\/pas-de-calais-c-h-wide-pants-13-50-8568-khaki-rendez-vous-store\/#primaryimage\"},\"thumbnailUrl\":\"https:\/\/rendez-vous-store.com\/app\/uploads\/2025\/01\/IMG_0613.webp\",\"datePublished\":\"2025-01-16T15:58:17+00:00\",\"dateModified\":\"2026-04-24T13:37:16+00:00\",\"description\":\"This Pas De Calais C\/H Wide Pants 13-50-8568 Khaki combines a variety of traditional dyeing and advanced techniques. Discover now.\",\"breadcrumb\":{\"@id\":\"https:\/\/rendez-vous-store.com\/shop\/women\/trousers-skirts-discover-our-selection-rendez-vous-store\/pas-de-calais-c-h-wide-pants-13-50-8568-khaki-rendez-vous-store\/#breadcrumb\"},\"inLanguage\":\"fr-FR\",\"potentialAction\":[{\"@type\":\"ReadAction\",\"target\":[\"https:\/\/rendez-vous-store.com\/shop\/women\/trousers-skirts-discover-our-selection-rendez-vous-store\/pas-de-calais-c-h-wide-pants-13-50-8568-khaki-rendez-vous-store\/\"]}]},{\"@type\":\"ImageObject\",\"inLanguage\":\"fr-FR\",\"@id\":\"https:\/\/rendez-vous-store.com\/shop\/women\/trousers-skirts-discover-our-selection-rendez-vous-store\/pas-de-calais-c-h-wide-pants-13-50-8568-khaki-rendez-vous-store\/#primaryimage\",\"url\":\"https:\/\/rendez-vous-store.com\/app\/uploads\/2025\/01\/IMG_0613.webp\",\"contentUrl\":\"https:\/\/rendez-vous-store.com\/app\/uploads\/2025\/01\/IMG_0613.webp\",\"width\":1696,\"height\":2560},{\"@type\":\"BreadcrumbList\",\"@id\":\"https:\/\/rendez-vous-store.com\/shop\/women\/trousers-skirts-discover-our-selection-rendez-vous-store\/pas-de-calais-c-h-wide-pants-13-50-8568-khaki-rendez-vous-store\/#breadcrumb\",\"itemListElement\":[{\"@type\":\"ListItem\",\"position\":1,\"name\":\"Home\",\"item\":\"https:\/\/rendez-vous-store.com\/\"},{\"@type\":\"ListItem\",\"position\":2,\"name\":\"Shop\",\"item\":\"https:\/\/www.rendez-vous-store.com\/shop\/\"},{\"@type\":\"ListItem\",\"position\":3,\"name\":\"Pas De Calais &#8211; C\/H Wide Pants 13-50-8568 &#8211; Khaki\"}]},{\"@type\":\"WebSite\",\"@id\":\"https:\/\/rendez-vous-store.com\/#website\",\"url\":\"https:\/\/rendez-vous-store.com\/\",\"name\":\"RENDEZ-VOUS STORE\",\"description\":\"Slow Fashion for Women and Men\",\"potentialAction\":[{\"@type\":\"SearchAction\",\"target\":{\"@type\":\"EntryPoint\",\"urlTemplate\":\"https:\/\/rendez-vous-store.com\/?s={search_term_string}\"},\"query-input\":{\"@type\":\"PropertyValueSpecification\",\"valueRequired\":true,\"valueName\":\"search_term_string\"}}],\"inLanguage\":\"fr-FR\"}]}<\/script>\n<!-- \/ Yoast SEO plugin. -->","yoast_head_json":{"title":"Pas De Calais C\/H Wide Pants 13-50-8568 Khaki","description":"This Pas De Calais C\/H Wide Pants 13-50-8568 Khaki combines a variety of traditional dyeing and advanced techniques. Discover now.","robots":{"index":"index","follow":"follow","max-snippet":"max-snippet:-1","max-image-preview":"max-image-preview:large","max-video-preview":"max-video-preview:-1"},"canonical":"https:\/\/rendez-vous-store.com\/fr\/shop\/women\/trousers-skirts-discover-our-selection-rendez-vous-store\/pas-de-calais-c-h-wide-pants-13-50-8568-khaki-rendez-vous-store\/","og_locale":"fr_FR","og_type":"article","og_title":"Pas De Calais C\/H Wide Pants 13-50-8568 Khaki","og_description":"This Pas De Calais C\/H Wide Pants 13-50-8568 Khaki combines a variety of traditional dyeing and advanced techniques. Discover now.","og_url":"https:\/\/rendez-vous-store.com\/fr\/shop\/women\/trousers-skirts-discover-our-selection-rendez-vous-store\/pas-de-calais-c-h-wide-pants-13-50-8568-khaki-rendez-vous-store\/","og_site_name":"RENDEZ-VOUS STORE","article_modified_time":"2026-04-24T13:37:16+00:00","og_image":[{"width":1696,"height":2560,"url":"https:\/\/rendez-vous-store.com\/wp-content\/uploads\/2025\/01\/IMG_0613.webp","type":"image\/webp"}],"twitter_card":"summary_large_image","twitter_misc":{"Est. reading time":"1 minute"},"schema":{"@context":"https:\/\/schema.org","@graph":[{"@type":"WebPage","@id":"https:\/\/rendez-vous-store.com\/shop\/women\/trousers-skirts-discover-our-selection-rendez-vous-store\/pas-de-calais-c-h-wide-pants-13-50-8568-khaki-rendez-vous-store\/","url":"https:\/\/rendez-vous-store.com\/shop\/women\/trousers-skirts-discover-our-selection-rendez-vous-store\/pas-de-calais-c-h-wide-pants-13-50-8568-khaki-rendez-vous-store\/","name":"Pas De Calais C\/H Wide Pants 13-50-8568 Khaki","isPartOf":{"@id":"https:\/\/rendez-vous-store.com\/#website"},"primaryImageOfPage":{"@id":"https:\/\/rendez-vous-store.com\/shop\/women\/trousers-skirts-discover-our-selection-rendez-vous-store\/pas-de-calais-c-h-wide-pants-13-50-8568-khaki-rendez-vous-store\/#primaryimage"},"image":{"@id":"https:\/\/rendez-vous-store.com\/shop\/women\/trousers-skirts-discover-our-selection-rendez-vous-store\/pas-de-calais-c-h-wide-pants-13-50-8568-khaki-rendez-vous-store\/#primaryimage"},"thumbnailUrl":"https:\/\/rendez-vous-store.com\/app\/uploads\/2025\/01\/IMG_0613.webp","datePublished":"2025-01-16T15:58:17+00:00","dateModified":"2026-04-24T13:37:16+00:00","description":"This Pas De Calais C\/H Wide Pants 13-50-8568 Khaki combines a variety of traditional dyeing and advanced techniques. Discover now.","breadcrumb":{"@id":"https:\/\/rendez-vous-store.com\/shop\/women\/trousers-skirts-discover-our-selection-rendez-vous-store\/pas-de-calais-c-h-wide-pants-13-50-8568-khaki-rendez-vous-store\/#breadcrumb"},"inLanguage":"fr-FR","potentialAction":[{"@type":"ReadAction","target":["https:\/\/rendez-vous-store.com\/shop\/women\/trousers-skirts-discover-our-selection-rendez-vous-store\/pas-de-calais-c-h-wide-pants-13-50-8568-khaki-rendez-vous-store\/"]}]},{"@type":"ImageObject","inLanguage":"fr-FR","@id":"https:\/\/rendez-vous-store.com\/shop\/women\/trousers-skirts-discover-our-selection-rendez-vous-store\/pas-de-calais-c-h-wide-pants-13-50-8568-khaki-rendez-vous-store\/#primaryimage","url":"https:\/\/rendez-vous-store.com\/app\/uploads\/2025\/01\/IMG_0613.webp","contentUrl":"https:\/\/rendez-vous-store.com\/app\/uploads\/2025\/01\/IMG_0613.webp","width":1696,"height":2560},{"@type":"BreadcrumbList","@id":"https:\/\/rendez-vous-store.com\/shop\/women\/trousers-skirts-discover-our-selection-rendez-vous-store\/pas-de-calais-c-h-wide-pants-13-50-8568-khaki-rendez-vous-store\/#breadcrumb","itemListElement":[{"@type":"ListItem","position":1,"name":"Home","item":"https:\/\/rendez-vous-store.com\/"},{"@type":"ListItem","position":2,"name":"Shop","item":"https:\/\/www.rendez-vous-store.com\/shop\/"},{"@type":"ListItem","position":3,"name":"Pas De Calais &#8211; C\/H Wide Pants 13-50-8568 &#8211; Khaki"}]},{"@type":"WebSite","@id":"https:\/\/rendez-vous-store.com\/#website","url":"https:\/\/rendez-vous-store.com\/","name":"RENDEZ-VOUS STORE","description":"Slow Fashion for Women and Men","potentialAction":[{"@type":"SearchAction","target":{"@type":"EntryPoint","urlTemplate":"https:\/\/rendez-vous-store.com\/?s={search_term_string}"},"query-input":{"@type":"PropertyValueSpecification","valueRequired":true,"valueName":"search_term_string"}}],"inLanguage":"fr-FR"}]}},"_links":{"self":[{"href":"https:\/\/rendez-vous-store.com\/fr\/wp-json\/wp\/v2\/product\/191588","targetHints":{"allow":["GET"]}}],"collection":[{"href":"https:\/\/rendez-vous-store.com\/fr\/wp-json\/wp\/v2\/product"}],"about":[{"href":"https:\/\/rendez-vous-store.com\/fr\/wp-json\/wp\/v2\/types\/product"}],"wp:featuredmedia":[{"embeddable":true,"href":"https:\/\/rendez-vous-store.com\/fr\/wp-json\/wp\/v2\/media\/192534"}],"wp:attachment":[{"href":"https:\/\/rendez-vous-store.com\/fr\/wp-json\/wp\/v2\/media?parent=191588"}],"wp:term":[{"taxonomy":"product_brand","embeddable":true,"href":"https:\/\/rendez-vous-store.com\/fr\/wp-json\/wp\/v2\/product_brand?post=191588"},{"taxonomy":"product_cat","embeddable":true,"href":"https:\/\/rendez-vous-store.com\/fr\/wp-json\/wp\/v2\/product_cat?post=191588"},{"taxonomy":"product_tag","embeddable":true,"href":"https:\/\/rendez-vous-store.com\/fr\/wp-json\/wp\/v2\/product_tag?post=191588"}],"curies":[{"name":"wp","href":"https:\/\/api.w.org\/{rel}","templated":true}]}}