{"id":191526,"date":"2025-01-16T16:38:07","date_gmt":"2025-01-16T15:38:07","guid":{"rendered":"https:\/\/rendez-vous-store.com\/?post_type=product&#038;p=191526"},"modified":"2026-04-24T15:37:51","modified_gmt":"2026-04-24T13:37:51","slug":"cawley-silk-dupion-rugby-shirt-rhubarb-custard-ivory-rendez-vous-store","status":"publish","type":"product","link":"https:\/\/rendez-vous-store.com\/fr\/shop\/special-offer-women-rendez-vous-store\/women-shirt-special-offer\/cawley-silk-dupion-rugby-shirt-rhubarb-custard-ivory-rendez-vous-store\/","title":{"rendered":"CAWLEY - Chemise de rugby en soie dupion - Rhubarb\/Custard\/Ivory"},"content":{"rendered":"<p><strong>CAWLEY Chemise de rugby en soie Dupion Rhubarb\/Custard\/Ivory<\/strong><\/p>\n<p>Couleur : Rhubarb\/Custard\/Ivory<\/p>\n<p>Style surdimensionn\u00e9<\/p>\n<p>Boutons en forme de coquille<\/p>\n<p>Panneaux de soie coup\u00e9s \u00e0 la main et patchwork\u00e9s pour le look rugby<\/p>\n<p>Col contrast\u00e9<\/p>\n<p>Composition : Dupion de soie 100%<\/p>\n<p>Fabriqu\u00e9 \u00e0 Londres, Angleterre<\/p>\n<p>&nbsp;<\/p>\n<p>&nbsp;<\/p>\n<p>&nbsp;<\/p>\n<h4>La marque<\/h4>\n<p>Cawley est une marque de mode londonienne fond\u00e9e par Hannah Cawley en 2017. La marque cr\u00e9e des v\u00eatements de tous les jours fonctionnels et durables en utilisant des tissus naturels : principalement du coton, du lin, de la laine, provenant d'Angleterre, d'Irlande, du Portugal, d'Inde et du Japon. Les v\u00eatements c\u00e9l\u00e8brent la qualit\u00e9 de l'artisanat et de la fabrication britannique. Cawley m\u00e9lange les coupes modernes et le tailoring avec des v\u00eatements de travail utilitaires pour cr\u00e9er de belles pi\u00e8ces intemporelles<\/p>","protected":false},"excerpt":{"rendered":"<p>CAWLEY Silk Dupion Rugby Shirt Rhubarb\/Custard\/Ivory Color: Rhubarb\/Custard\/Ivory Oversized style Shell buttons Hand-cut silk panels patchworked for Rugby Look Contrasting Collar Composition: 100% Silk Dupion Made in London, England &nbsp; &nbsp; &nbsp; The Brand Cawley is a London based fashion brand founded by Hannah Cawley in 2017. The brand creates functional and lasting everyday wear&hellip; <a class=\"more-link\" href=\"https:\/\/rendez-vous-store.com\/fr\/shop\/special-offer-women-rendez-vous-store\/women-shirt-special-offer\/cawley-silk-dupion-rugby-shirt-rhubarb-custard-ivory-rendez-vous-store\/\">Continuer la lecture <span class=\"screen-reader-text\">CAWLEY - Chemise de rugby en soie dupion - Rhubarb\/Custard\/Ivory<\/span><\/a><\/p>","protected":false},"featured_media":193613,"template":"","meta":{"_acf_changed":false},"product_brand":[],"product_cat":[1292,1339,1335,17,1062,378],"product_tag":[1063],"class_list":{"0":"post-191526","1":"product","2":"type-product","3":"status-publish","4":"has-post-thumbnail","6":"product_cat-1292","7":"product_cat-women-shirt-special-offer","8":"product_cat-special-offer-women-rendez-vous-store","9":"product_cat-women","10":"product_cat-new-women-selection-rendez-vous-store","11":"product_cat-women-shirts-discover-our-selection-rendez-vous-store","12":"product_tag-cawley","13":"entry","15":"first","16":"outofstock","17":"taxable","18":"shipping-taxable","19":"product-type-variable"},"acf":[],"yoast_head":"<!-- This site is optimized with the Yoast SEO plugin v24.9 - https:\/\/yoast.com\/wordpress\/plugins\/seo\/ -->\n<title>CAWLEY Silk Dupion Rugby Shirt Rhubarb\/Custard\/Ivory<\/title>\n<meta name=\"description\" content=\"This Cawley Silk Dupion Rugby Shirt Rhubarb\/Custard\/Ivory is the perfect mix between modern cuts a tailoring and utilitarian workwear.\" \/>\n<meta name=\"robots\" content=\"index, follow, max-snippet:-1, max-image-preview:large, max-video-preview:-1\" \/>\n<link rel=\"canonical\" href=\"https:\/\/rendez-vous-store.com\/fr\/shop\/special-offer-women-rendez-vous-store\/women-shirt-special-offer\/cawley-silk-dupion-rugby-shirt-rhubarb-custard-ivory-rendez-vous-store\/\" \/>\n<meta property=\"og:locale\" content=\"fr_FR\" \/>\n<meta property=\"og:type\" content=\"article\" \/>\n<meta property=\"og:title\" content=\"CAWLEY Silk Dupion Rugby Shirt Rhubarb\/Custard\/Ivory\" \/>\n<meta property=\"og:description\" content=\"This Cawley Silk Dupion Rugby Shirt Rhubarb\/Custard\/Ivory is the perfect mix between modern cuts a tailoring and utilitarian workwear.\" \/>\n<meta property=\"og:url\" content=\"https:\/\/rendez-vous-store.com\/fr\/shop\/special-offer-women-rendez-vous-store\/women-shirt-special-offer\/cawley-silk-dupion-rugby-shirt-rhubarb-custard-ivory-rendez-vous-store\/\" \/>\n<meta property=\"og:site_name\" content=\"RENDEZ-VOUS STORE\" \/>\n<meta property=\"article:modified_time\" content=\"2026-04-24T13:37:51+00:00\" \/>\n<meta property=\"og:image\" content=\"https:\/\/rendez-vous-store.com\/app\/uploads\/2025\/01\/IMG_1926.webp\" \/>\n\t<meta property=\"og:image:width\" content=\"1696\" \/>\n\t<meta property=\"og:image:height\" content=\"2560\" \/>\n\t<meta property=\"og:image:type\" content=\"image\/webp\" \/>\n<meta name=\"twitter:card\" content=\"summary_large_image\" \/>\n<meta name=\"twitter:label1\" content=\"Est. reading time\" \/>\n\t<meta name=\"twitter:data1\" content=\"1 minute\" \/>\n<script type=\"application\/ld+json\" class=\"yoast-schema-graph\">{\"@context\":\"https:\/\/schema.org\",\"@graph\":[{\"@type\":\"WebPage\",\"@id\":\"https:\/\/rendez-vous-store.com\/shop\/special-offer-women-rendez-vous-store\/women-shirt-special-offer\/cawley-silk-dupion-rugby-shirt-rhubarb-custard-ivory-rendez-vous-store\/\",\"url\":\"https:\/\/rendez-vous-store.com\/shop\/special-offer-women-rendez-vous-store\/women-shirt-special-offer\/cawley-silk-dupion-rugby-shirt-rhubarb-custard-ivory-rendez-vous-store\/\",\"name\":\"CAWLEY Silk Dupion Rugby Shirt Rhubarb\/Custard\/Ivory\",\"isPartOf\":{\"@id\":\"https:\/\/rendez-vous-store.com\/#website\"},\"primaryImageOfPage\":{\"@id\":\"https:\/\/rendez-vous-store.com\/shop\/special-offer-women-rendez-vous-store\/women-shirt-special-offer\/cawley-silk-dupion-rugby-shirt-rhubarb-custard-ivory-rendez-vous-store\/#primaryimage\"},\"image\":{\"@id\":\"https:\/\/rendez-vous-store.com\/shop\/special-offer-women-rendez-vous-store\/women-shirt-special-offer\/cawley-silk-dupion-rugby-shirt-rhubarb-custard-ivory-rendez-vous-store\/#primaryimage\"},\"thumbnailUrl\":\"https:\/\/rendez-vous-store.com\/app\/uploads\/2025\/01\/IMG_1926.webp\",\"datePublished\":\"2025-01-16T15:38:07+00:00\",\"dateModified\":\"2026-04-24T13:37:51+00:00\",\"description\":\"This Cawley Silk Dupion Rugby Shirt Rhubarb\/Custard\/Ivory is the perfect mix between modern cuts a tailoring and utilitarian workwear.\",\"breadcrumb\":{\"@id\":\"https:\/\/rendez-vous-store.com\/shop\/special-offer-women-rendez-vous-store\/women-shirt-special-offer\/cawley-silk-dupion-rugby-shirt-rhubarb-custard-ivory-rendez-vous-store\/#breadcrumb\"},\"inLanguage\":\"fr-FR\",\"potentialAction\":[{\"@type\":\"ReadAction\",\"target\":[\"https:\/\/rendez-vous-store.com\/shop\/special-offer-women-rendez-vous-store\/women-shirt-special-offer\/cawley-silk-dupion-rugby-shirt-rhubarb-custard-ivory-rendez-vous-store\/\"]}]},{\"@type\":\"ImageObject\",\"inLanguage\":\"fr-FR\",\"@id\":\"https:\/\/rendez-vous-store.com\/shop\/special-offer-women-rendez-vous-store\/women-shirt-special-offer\/cawley-silk-dupion-rugby-shirt-rhubarb-custard-ivory-rendez-vous-store\/#primaryimage\",\"url\":\"https:\/\/rendez-vous-store.com\/app\/uploads\/2025\/01\/IMG_1926.webp\",\"contentUrl\":\"https:\/\/rendez-vous-store.com\/app\/uploads\/2025\/01\/IMG_1926.webp\",\"width\":1696,\"height\":2560},{\"@type\":\"BreadcrumbList\",\"@id\":\"https:\/\/rendez-vous-store.com\/shop\/special-offer-women-rendez-vous-store\/women-shirt-special-offer\/cawley-silk-dupion-rugby-shirt-rhubarb-custard-ivory-rendez-vous-store\/#breadcrumb\",\"itemListElement\":[{\"@type\":\"ListItem\",\"position\":1,\"name\":\"Home\",\"item\":\"https:\/\/rendez-vous-store.com\/\"},{\"@type\":\"ListItem\",\"position\":2,\"name\":\"Shop\",\"item\":\"https:\/\/www.rendez-vous-store.com\/shop\/\"},{\"@type\":\"ListItem\",\"position\":3,\"name\":\"CAWLEY &#8211; Silk Dupion Rugby Shirt &#8211; Rhubarb\/Custard\/Ivory\"}]},{\"@type\":\"WebSite\",\"@id\":\"https:\/\/rendez-vous-store.com\/#website\",\"url\":\"https:\/\/rendez-vous-store.com\/\",\"name\":\"RENDEZ-VOUS STORE\",\"description\":\"Slow Fashion for Women and Men\",\"potentialAction\":[{\"@type\":\"SearchAction\",\"target\":{\"@type\":\"EntryPoint\",\"urlTemplate\":\"https:\/\/rendez-vous-store.com\/?s={search_term_string}\"},\"query-input\":{\"@type\":\"PropertyValueSpecification\",\"valueRequired\":true,\"valueName\":\"search_term_string\"}}],\"inLanguage\":\"fr-FR\"}]}<\/script>\n<!-- \/ Yoast SEO plugin. -->","yoast_head_json":{"title":"CAWLEY Silk Dupion Rugby Shirt Rhubarb\/Custard\/Ivory","description":"This Cawley Silk Dupion Rugby Shirt Rhubarb\/Custard\/Ivory is the perfect mix between modern cuts a tailoring and utilitarian workwear.","robots":{"index":"index","follow":"follow","max-snippet":"max-snippet:-1","max-image-preview":"max-image-preview:large","max-video-preview":"max-video-preview:-1"},"canonical":"https:\/\/rendez-vous-store.com\/fr\/shop\/special-offer-women-rendez-vous-store\/women-shirt-special-offer\/cawley-silk-dupion-rugby-shirt-rhubarb-custard-ivory-rendez-vous-store\/","og_locale":"fr_FR","og_type":"article","og_title":"CAWLEY Silk Dupion Rugby Shirt Rhubarb\/Custard\/Ivory","og_description":"This Cawley Silk Dupion Rugby Shirt Rhubarb\/Custard\/Ivory is the perfect mix between modern cuts a tailoring and utilitarian workwear.","og_url":"https:\/\/rendez-vous-store.com\/fr\/shop\/special-offer-women-rendez-vous-store\/women-shirt-special-offer\/cawley-silk-dupion-rugby-shirt-rhubarb-custard-ivory-rendez-vous-store\/","og_site_name":"RENDEZ-VOUS STORE","article_modified_time":"2026-04-24T13:37:51+00:00","og_image":[{"width":1696,"height":2560,"url":"https:\/\/rendez-vous-store.com\/app\/uploads\/2025\/01\/IMG_1926.webp","type":"image\/webp"}],"twitter_card":"summary_large_image","twitter_misc":{"Est. reading time":"1 minute"},"schema":{"@context":"https:\/\/schema.org","@graph":[{"@type":"WebPage","@id":"https:\/\/rendez-vous-store.com\/shop\/special-offer-women-rendez-vous-store\/women-shirt-special-offer\/cawley-silk-dupion-rugby-shirt-rhubarb-custard-ivory-rendez-vous-store\/","url":"https:\/\/rendez-vous-store.com\/shop\/special-offer-women-rendez-vous-store\/women-shirt-special-offer\/cawley-silk-dupion-rugby-shirt-rhubarb-custard-ivory-rendez-vous-store\/","name":"CAWLEY Silk Dupion Rugby Shirt Rhubarb\/Custard\/Ivory","isPartOf":{"@id":"https:\/\/rendez-vous-store.com\/#website"},"primaryImageOfPage":{"@id":"https:\/\/rendez-vous-store.com\/shop\/special-offer-women-rendez-vous-store\/women-shirt-special-offer\/cawley-silk-dupion-rugby-shirt-rhubarb-custard-ivory-rendez-vous-store\/#primaryimage"},"image":{"@id":"https:\/\/rendez-vous-store.com\/shop\/special-offer-women-rendez-vous-store\/women-shirt-special-offer\/cawley-silk-dupion-rugby-shirt-rhubarb-custard-ivory-rendez-vous-store\/#primaryimage"},"thumbnailUrl":"https:\/\/rendez-vous-store.com\/app\/uploads\/2025\/01\/IMG_1926.webp","datePublished":"2025-01-16T15:38:07+00:00","dateModified":"2026-04-24T13:37:51+00:00","description":"This Cawley Silk Dupion Rugby Shirt Rhubarb\/Custard\/Ivory is the perfect mix between modern cuts a tailoring and utilitarian workwear.","breadcrumb":{"@id":"https:\/\/rendez-vous-store.com\/shop\/special-offer-women-rendez-vous-store\/women-shirt-special-offer\/cawley-silk-dupion-rugby-shirt-rhubarb-custard-ivory-rendez-vous-store\/#breadcrumb"},"inLanguage":"fr-FR","potentialAction":[{"@type":"ReadAction","target":["https:\/\/rendez-vous-store.com\/shop\/special-offer-women-rendez-vous-store\/women-shirt-special-offer\/cawley-silk-dupion-rugby-shirt-rhubarb-custard-ivory-rendez-vous-store\/"]}]},{"@type":"ImageObject","inLanguage":"fr-FR","@id":"https:\/\/rendez-vous-store.com\/shop\/special-offer-women-rendez-vous-store\/women-shirt-special-offer\/cawley-silk-dupion-rugby-shirt-rhubarb-custard-ivory-rendez-vous-store\/#primaryimage","url":"https:\/\/rendez-vous-store.com\/app\/uploads\/2025\/01\/IMG_1926.webp","contentUrl":"https:\/\/rendez-vous-store.com\/app\/uploads\/2025\/01\/IMG_1926.webp","width":1696,"height":2560},{"@type":"BreadcrumbList","@id":"https:\/\/rendez-vous-store.com\/shop\/special-offer-women-rendez-vous-store\/women-shirt-special-offer\/cawley-silk-dupion-rugby-shirt-rhubarb-custard-ivory-rendez-vous-store\/#breadcrumb","itemListElement":[{"@type":"ListItem","position":1,"name":"Home","item":"https:\/\/rendez-vous-store.com\/"},{"@type":"ListItem","position":2,"name":"Shop","item":"https:\/\/www.rendez-vous-store.com\/shop\/"},{"@type":"ListItem","position":3,"name":"CAWLEY &#8211; Silk Dupion Rugby Shirt &#8211; Rhubarb\/Custard\/Ivory"}]},{"@type":"WebSite","@id":"https:\/\/rendez-vous-store.com\/#website","url":"https:\/\/rendez-vous-store.com\/","name":"RENDEZ-VOUS STORE","description":"Slow Fashion for Women and Men","potentialAction":[{"@type":"SearchAction","target":{"@type":"EntryPoint","urlTemplate":"https:\/\/rendez-vous-store.com\/?s={search_term_string}"},"query-input":{"@type":"PropertyValueSpecification","valueRequired":true,"valueName":"search_term_string"}}],"inLanguage":"fr-FR"}]}},"_links":{"self":[{"href":"https:\/\/rendez-vous-store.com\/fr\/wp-json\/wp\/v2\/product\/191526","targetHints":{"allow":["GET"]}}],"collection":[{"href":"https:\/\/rendez-vous-store.com\/fr\/wp-json\/wp\/v2\/product"}],"about":[{"href":"https:\/\/rendez-vous-store.com\/fr\/wp-json\/wp\/v2\/types\/product"}],"wp:featuredmedia":[{"embeddable":true,"href":"https:\/\/rendez-vous-store.com\/fr\/wp-json\/wp\/v2\/media\/193613"}],"wp:attachment":[{"href":"https:\/\/rendez-vous-store.com\/fr\/wp-json\/wp\/v2\/media?parent=191526"}],"wp:term":[{"taxonomy":"product_brand","embeddable":true,"href":"https:\/\/rendez-vous-store.com\/fr\/wp-json\/wp\/v2\/product_brand?post=191526"},{"taxonomy":"product_cat","embeddable":true,"href":"https:\/\/rendez-vous-store.com\/fr\/wp-json\/wp\/v2\/product_cat?post=191526"},{"taxonomy":"product_tag","embeddable":true,"href":"https:\/\/rendez-vous-store.com\/fr\/wp-json\/wp\/v2\/product_tag?post=191526"}],"curies":[{"name":"wp","href":"https:\/\/api.w.org\/{rel}","templated":true}]}}